{"id":72867,"date":"2024-08-29T09:11:08","date_gmt":"2024-08-29T07:11:08","guid":{"rendered":"https:\/\/teiaeducation.ch\/product\/naturfarbenset-fuer-spielseide-sarahs-silks\/"},"modified":"2024-08-29T09:11:08","modified_gmt":"2024-08-29T07:11:08","slug":"naturfarbenset-fuer-spielseide-sarahs-silks","status":"publish","type":"product","link":"https:\/\/teiaeducation.ch\/de\/produkt\/naturfarbenset-fuer-spielseide-sarahs-silks\/","title":{"rendered":"Naturfarbenset f\u00fcr Spielseide &#8211; Sarah&#8217;s Silks"},"content":{"rendered":"<p>Ein hochwertiges, nat\u00fcrliches und ungiftiges F\u00e4rbeset f\u00fcr Spielt\u00fccher, das zum F\u00e4rben der <a href=\"https:\/\/teiaeducation.ch\/de\/produkt\/weissen-diy-spielseidentucher-sarahs-silks\/\">wei\u00dfen<\/a> oder <a href=\"https:\/\/teiaeducation.ch\/produkt\/playsilk-seek-find-diy-colouring-sarahs-silks\/\">farbigen<\/a> Spielt\u00fccher von Sarah&#8217;s Silks geeignet ist. Das Set enth\u00e4lt 3 pulverf\u00f6rmige <a href=\"https:\/\/teiaeducation.ch\/de\/produkt-kategorie\/malen-basteln\/zeichnen-malen\/\">F\u00e4rbe<\/a>p\u00e4ckchen, die aus nat\u00fcrlichen Pflanzen- und Pflanzenextrakten hergestellt wurden, sowie eine Packung getrocknetes Essigpulver. <\/p>\n<p>Mit diesem Set wird das F\u00e4rben von Spielt\u00fcchern zum Kinderspiel! Es sorgt f\u00fcr ruhige, kreative Momente, die viele Stunden lang Freude bereiten, w\u00e4hrend Kinder sich an ihren F\u00e4rbeprojekten f\u00fcr Spielt\u00fccher erfreuen! <\/p>\n<p>Das Set enth\u00e4lt P\u00e4ckchen mit gelber, rosa und blauer Farbe sowie Essigpulver, damit die Farben auf der Seide besser haften. Die Farbstoffe sind umweltfreundlich, lebensmittelecht und f\u00fcr Kinder ab 6 Jahren geeignet. <\/p>\n<p>Inhalt:<\/p>\n<p>1 Set zum F\u00e4rben von nat\u00fcrlicher Spielseide<br \/>\n* Die abgebildete wei\u00dfe Spielseide ist nicht im Lieferumfang enthalten.<\/p>\n<h2>Directions<\/h2>\n<p>F\u00fcr eine einfarbige Farbe:<\/p>\n<ol>\n<li>Geben Sie eine Tasse warmes Wasser in einen Beh\u00e4lter.<\/li>\n<li>F\u00fcgen Sie einen Teel\u00f6ffel Essigpulver hinzu.<\/li>\n<li>Leeren Sie ein Farbstoffpulverp\u00e4ckchen in die vorbereitete Fl\u00fcssigkeit und vermischen Sie alles gut.<\/li>\n<li>Weichen Sie Ihr Spieltuch in der Farbl\u00f6sung ein und lassen Sie es 5 Minuten lang einweichen.<\/li>\n<li>Zum Trocknen aufh\u00e4ngen.<\/li>\n<\/ol>\n<p>Wenn Sie Muster auf Spielt\u00fccher f\u00e4rben, empfiehlt es sich, Papier unter das <a href=\"https:\/\/teiaeducation.ch\/de\/produkt\/weissen-diy-spielseidentucher-sarahs-silks\/\">Spielseide<\/a> zu legen, damit die Farbe nicht auf den Tisch durchschl\u00e4gt.<\/p>\n<p>Da Seide so saugf\u00e4hig ist, nimmt sie Farben sehr gut auf, sodass die Farbe dauerhaft haftet und sich nur schwer auswaschen l\u00e4sst.<\/p>\n<h2>\u00dcber Sarah&#8217;s Silks<\/h2>\n<p><a href=\"https:\/\/teiaeducation.ch\/de\/produkt-kategorie\/unsere-marken\/sarahs-silks-de\/\">Sarah&#8217;s Silks<\/a> ist ein Familienunternehmen mit Sitz in den USA, das sich auf von <a href=\"https:\/\/teiaeducation.ch\/produktkategorie\/erziehungsmethode\/waldorf-steiner-spielzeug-bastelmaterialen\/\">Waldorf<\/a> inspiriertes, <a href=\"https:\/\/teiaeducation.ch\/de\/produkt-kategorie\/kinder-spielzeug\/naturspiel\/\">nat\u00fcrliches<\/a> und nachhaltiges Spielzeug spezialisiert hat, das die <a href=\"https:\/\/teiaeducation.ch\/de\/produkt-kategorie\/kinder-spielzeug\/phantasievoll-rollenspiel\/\">Fantasie<\/a> von Babys und Kindern anregt. Die Mission von Sarah&#8217;s Silks ist es, nachhaltiges, offenes und freies Spielzeug herzustellen, das unsere Kinder lehrt Mutter Erde zu lieben und zu pflegen. Die wundersch\u00f6nen Spielt\u00fccher, Baumwollt\u00fccher, Umh\u00e4nge, Feenkleider, Schleier, Fl\u00fcgel, Kronen, R\u00f6cke, Kleider, Schwerter, Schilde, Skytails und Luftschlangen von Sarah&#8217;s Silks eignen sich perfekt f\u00fcr freies Spielen, Verkleiden und Rollenspiele in Waldorf-Haushalten, Kindertagesst\u00e4tten und <a href=\"https:\/\/teiaeducation.ch\/waldorf-steiner-schulen-lieferungen\/\">Steiner-Schulen<\/a>.<\/p>\n<p>Alle <a href=\"https:\/\/teiaeducation.ch\/de\/produkt-kategorie\/unsere-marken\/sarahs-silks-de\/verkleidungen\/\">Seiden<\/a>kost\u00fcme, <a href=\"https:\/\/teiaeducation.ch\/de\/produkt-kategorie\/unsere-marken\/sarahs-silks-de\/spielzeuge-aus-seide\/\">Holzspielzeuge<\/a> und <a href=\"https:\/\/teiaeducation.ch\/de\/produkt-kategorie\/unsere-marken\/sarahs-silks-de\/spielzeuge-aus-holz\/\">Spielt\u00fccher<\/a> von Sarah&#8217;s <a href=\"https:\/\/teiaeducation.ch\/de\/produkt-kategorie\/unsere-marken\/sarahs-silks-de\/seidenspieltuecher-einfarbig\/\">Silks<\/a> werden aus hochwertiger, nachhaltiger chinesischer Seide hergestellt. Jedes Seidenprodukt wird von N\u00e4herinnen gewebt, gef\u00e4rbt und von Hand ges\u00e4umt, die in einem kleinen Dorf in der N\u00e4he von Suzhou, China, arbeiten. Anschlie\u00dfend werden sie im Hauptsitz von Sarah&#8217;s Silks im kalifornischen Sonoma County von Hand bemalt und fertiggestellt.<\/p>\n<p>Die Spielt\u00fccher von Sarah&#8217;s Silks eignen sich auch perfekt zum Verpacken von Geschenken, als h\u00fcbsche Dekoration f\u00fcr <a href=\"https:\/\/teiaeducation.ch\/de\/produkt-kategorie\/feier-festlichkeiten\/natur-saisonale-tische-de\/\">Natur- und Jahreszeitentische<\/a>, als Dekoration f\u00fcr <a href=\"https:\/\/teiaeducation.ch\/de\/produkt-kategorie\/feier-festlichkeiten\/geburtstage\/\">Geburtstag<\/a>sfeiern oder f\u00fcr den Einsatz in Rhythmikunterricht.<\/p>\n<p>Kinder lieben die leuchtenden, wundersch\u00f6n aufeinander abgestimmten Farben und die weiche Haptik der Spielt\u00fccher, <a href=\"https:\/\/teiaeducation.ch\/de\/produkt-kategorie\/unsere-marken\/sarahs-silks-de\/baumwolltuecher\/\">Baumwollspielt\u00fccher<\/a> und Seidenkleidung. Sie werden mit ungiftigen, umweltfreundlichen Farbstoffen und nat\u00fcrlichen Fasern aus 100% echter Seide und 100% Baumwolle hergestellt und haben strenge amerikanische und europ\u00e4ische Sicherheitstests bestanden und sind f\u00fcr Kinder jeden Alters geeignet.<\/p>\n","protected":false},"excerpt":{"rendered":"<p>Artikelnummer: SSdyekit<\/p>\n<p>Ein F\u00e4rbeset f\u00fcr Spielt\u00fccher, geeignet zum F\u00e4rben von Sarah&#8217;s Silks Spielseide \u2013 enth\u00e4lt 3 P\u00e4ckchen mit Pulver auf Basis nat\u00fcrlicher Pflanzen- und Pflanzenextrakte.<\/p>\n","protected":false},"featured_media":62164,"comment_status":"open","ping_status":"closed","template":"","meta":[],"product_brand":[32610],"product_cat":[21446,21479,21490,21484,21447,21443,21563,21666,29596,21678,21685,21564,21483,22919,21450],"product_tag":[32841,32843,22921,32839,32840,32699,32692,22941,32791,32696,32842,32838,32790,32695,25434,32698,24017,32697,32700,32693,32694,32680,22942,22940],"class_list":{"0":"post-72867","1":"product","2":"type-product","3":"status-publish","4":"has-post-thumbnail","6":"product_brand-sarahs-silks","7":"product_cat-6-12-jahre-grundschule","8":"product_cat-lernmaterialien-spielzeug-montessori-waldorf-steiner-froebel","9":"product_cat-geschenk-guide-kreativ","10":"product_cat-geschenk-guides","11":"product_cat-malen-basteln","12":"product_cat-nach-alter","13":"product_cat-neuheiten","14":"product_cat-sarahs-silks-de","15":"product_cat-seidenspieltuecher-einfarbig","16":"product_cat-kinder-spielzeug","17":"product_cat-stoffspielzeug","18":"product_cat-unsere-marken","19":"product_cat-waldorf-steiner-paedagogik","20":"product_cat-waldorfspielzeug","21":"product_cat-zeichnen-malen","22":"product_tag-farbstifte-sarahs-silks","23":"product_tag-naturfarbenset-fur-spielseide-sarahs-silks","24":"product_tag-sarahs-silks-de","25":"product_tag-sarahs-silks-magische-wesen","26":"product_tag-sarahs-silks-magische-wesen-suchen","27":"product_tag-sarahs-silks-mini-playsilks-seek-find","28":"product_tag-sarahs-silks-mini-spielseide","29":"product_tag-sarahs-silks-mini-spielseidentucher","30":"product_tag-sarahs-silks-mini-spielseide-magische-wesen","31":"product_tag-sarahss-silks-suchen-und-finden","32":"product_tag-spielseide-farbstifte-sarahs-silks","33":"product_tag-spielseide-magische-wesen-suchen-und-finden","34":"product_tag-spielseide-mit-magischen-kreaturen-sarahs-silks","35":"product_tag-spielseide-suchen-und-finden-sarahs-silks","36":"product_tag-spielseidentuch-suchen-finden-sarahs-silks","37":"product_tag-stoffspielzeug-waldorf-2","38":"product_tag-stoffspielzeug-waldorf","39":"product_tag-suchen-und-finden-sarahs-silks","40":"product_tag-suchen-und-finden-spielseide","41":"product_tag-waldorf-seide","42":"product_tag-waldorf-seide-kleid","43":"product_tag-waldorf-spiele","44":"product_tag-waldorf-spielseidentuch","45":"product_tag-waldorf-spielstoffe","47":"first","48":"instock","49":"taxable","50":"shipping-taxable","51":"purchasable","52":"product-type-simple"},"yoast_head":"<!-- This site is optimized with the Yoast SEO Premium plugin v25.8 (Yoast SEO v27.4) - https:\/\/yoast.com\/product\/yoast-seo-premium-wordpress\/ -->\n<title>Naturfarbenset f\u00fcr Spielseide Sarah&#039;s Silks<\/title>\n<meta name=\"description\" content=\"Ein F\u00e4rbeset f\u00fcr Spielt\u00fccher, das zum F\u00e4rben von Sarah&#039;s Silks Spielseide geeignet ist. Enth\u00e4lt 3 Pulverpackungen, die ausschlie\u00dflich aus nat\u00fcrlichen Pflanzen- und Pflanzenextrakten hergestellt sind.\" \/>\n<meta name=\"robots\" content=\"index, follow, max-snippet:-1, max-image-preview:large, max-video-preview:-1\" \/>\n<link rel=\"canonical\" href=\"https:\/\/teiaeducation.ch\/de\/produkt\/naturfarbenset-fuer-spielseide-sarahs-silks\/\" \/>\n<meta property=\"og:locale\" content=\"de_DE\" \/>\n<meta property=\"og:type\" content=\"article\" \/>\n<meta property=\"og:title\" content=\"Naturfarbenset f\u00fcr Spielseide - Sarah&#039;s Silks\" \/>\n<meta property=\"og:description\" content=\"Ein F\u00e4rbeset f\u00fcr Spielt\u00fccher, das zum F\u00e4rben von Sarah&#039;s Silks Spielseide geeignet ist. Enth\u00e4lt 3 Pulverpackungen, die ausschlie\u00dflich aus nat\u00fcrlichen Pflanzen- und Pflanzenextrakten hergestellt sind.\" \/>\n<meta property=\"og:url\" content=\"https:\/\/teiaeducation.ch\/de\/produkt\/naturfarbenset-fuer-spielseide-sarahs-silks\/\" \/>\n<meta property=\"og:site_name\" content=\"Sustainable Educational Products &amp; Ecological Toys\u00a0\" \/>\n<meta property=\"article:publisher\" content=\"https:\/\/www.facebook.com\/teiaeducation\/\" \/>\n<meta property=\"og:image\" content=\"https:\/\/teiaeducation.ch\/wp-content\/uploads\/2024\/08\/Natural-playsilk-dye-kit-Sarahs-Silks-2.webp\" \/>\n\t<meta property=\"og:image:width\" content=\"1080\" \/>\n\t<meta property=\"og:image:height\" content=\"1080\" \/>\n\t<meta property=\"og:image:type\" content=\"image\/webp\" \/>\n<script type=\"application\/ld+json\" class=\"yoast-schema-graph\">{\"@context\":\"https:\\\/\\\/schema.org\",\"@graph\":[{\"@type\":\"WebPage\",\"@id\":\"https:\\\/\\\/teiaeducation.ch\\\/de\\\/produkt\\\/naturfarbenset-fuer-spielseide-sarahs-silks\\\/\",\"url\":\"https:\\\/\\\/teiaeducation.ch\\\/de\\\/produkt\\\/naturfarbenset-fuer-spielseide-sarahs-silks\\\/\",\"name\":\"Naturfarbenset f\u00fcr Spielseide Sarah's Silks\",\"isPartOf\":{\"@id\":\"https:\\\/\\\/teiaeducation.ch\\\/de\\\/#website\"},\"primaryImageOfPage\":{\"@id\":\"https:\\\/\\\/teiaeducation.ch\\\/de\\\/produkt\\\/naturfarbenset-fuer-spielseide-sarahs-silks\\\/#primaryimage\"},\"image\":{\"@id\":\"https:\\\/\\\/teiaeducation.ch\\\/de\\\/produkt\\\/naturfarbenset-fuer-spielseide-sarahs-silks\\\/#primaryimage\"},\"thumbnailUrl\":\"https:\\\/\\\/teiaeducation.ch\\\/wp-content\\\/uploads\\\/2024\\\/08\\\/Natural-playsilk-dye-kit-Sarahs-Silks-2.webp\",\"datePublished\":\"2024-08-29T07:11:08+00:00\",\"description\":\"Ein F\u00e4rbeset f\u00fcr Spielt\u00fccher, das zum F\u00e4rben von Sarah's Silks Spielseide geeignet ist. Enth\u00e4lt 3 Pulverpackungen, die ausschlie\u00dflich aus nat\u00fcrlichen Pflanzen- und Pflanzenextrakten hergestellt sind.\",\"breadcrumb\":{\"@id\":\"https:\\\/\\\/teiaeducation.ch\\\/de\\\/produkt\\\/naturfarbenset-fuer-spielseide-sarahs-silks\\\/#breadcrumb\"},\"inLanguage\":\"de-CH\",\"potentialAction\":[{\"@type\":\"ReadAction\",\"target\":[\"https:\\\/\\\/teiaeducation.ch\\\/de\\\/produkt\\\/naturfarbenset-fuer-spielseide-sarahs-silks\\\/\"]}]},{\"@type\":\"ImageObject\",\"inLanguage\":\"de-CH\",\"@id\":\"https:\\\/\\\/teiaeducation.ch\\\/de\\\/produkt\\\/naturfarbenset-fuer-spielseide-sarahs-silks\\\/#primaryimage\",\"url\":\"https:\\\/\\\/teiaeducation.ch\\\/wp-content\\\/uploads\\\/2024\\\/08\\\/Natural-playsilk-dye-kit-Sarahs-Silks-2.webp\",\"contentUrl\":\"https:\\\/\\\/teiaeducation.ch\\\/wp-content\\\/uploads\\\/2024\\\/08\\\/Natural-playsilk-dye-kit-Sarahs-Silks-2.webp\",\"width\":1080,\"height\":1080,\"caption\":\"Naturfarbenset f\u00fcr Spielseide Sarah's Silks\"},{\"@type\":\"BreadcrumbList\",\"@id\":\"https:\\\/\\\/teiaeducation.ch\\\/de\\\/produkt\\\/naturfarbenset-fuer-spielseide-sarahs-silks\\\/#breadcrumb\",\"itemListElement\":[{\"@type\":\"ListItem\",\"position\":1,\"name\":\"Home\",\"item\":\"https:\\\/\\\/teiaeducation.ch\\\/de\\\/\"},{\"@type\":\"ListItem\",\"position\":2,\"name\":\"Laden\",\"item\":\"https:\\\/\\\/teiaeducation.ch\\\/de\\\/shop\\\/\"},{\"@type\":\"ListItem\",\"position\":3,\"name\":\"Naturfarbenset f\u00fcr Spielseide &#8211; Sarah&#8217;s Silks\"}]},{\"@type\":\"WebSite\",\"@id\":\"https:\\\/\\\/teiaeducation.ch\\\/de\\\/#website\",\"url\":\"https:\\\/\\\/teiaeducation.ch\\\/de\\\/\",\"name\":\"Sustainable Educational Products &amp; Ecological Toys\u00a0\",\"description\":\"Specialised Swiss shop selling sustainable educational toys and games, AMI certified Montessori materials, handmade ecological wooden Waldorf toys and arts &amp; crafts supplies, school supplies, children&#039;s furniture and Montessori reference and parenting books.\",\"publisher\":{\"@id\":\"https:\\\/\\\/teiaeducation.ch\\\/de\\\/#organization\"},\"alternateName\":\"Teia Education & Play\",\"potentialAction\":[{\"@type\":\"SearchAction\",\"target\":{\"@type\":\"EntryPoint\",\"urlTemplate\":\"https:\\\/\\\/teiaeducation.ch\\\/de\\\/?s={search_term_string}\"},\"query-input\":{\"@type\":\"PropertyValueSpecification\",\"valueRequired\":true,\"valueName\":\"search_term_string\"}}],\"inLanguage\":\"de-CH\"},{\"@type\":\"Organization\",\"@id\":\"https:\\\/\\\/teiaeducation.ch\\\/de\\\/#organization\",\"name\":\"Teia Education & Play\",\"url\":\"https:\\\/\\\/teiaeducation.ch\\\/de\\\/\",\"logo\":{\"@type\":\"ImageObject\",\"inLanguage\":\"de-CH\",\"@id\":\"https:\\\/\\\/teiaeducation.ch\\\/de\\\/#\\\/schema\\\/logo\\\/image\\\/\",\"url\":\"https:\\\/\\\/teiaeducation.ch\\\/wp-content\\\/uploads\\\/2020\\\/11\\\/Teia-Education-Switzerland-e1620156442216.jpg\",\"contentUrl\":\"https:\\\/\\\/teiaeducation.ch\\\/wp-content\\\/uploads\\\/2020\\\/11\\\/Teia-Education-Switzerland-e1620156442216.jpg\",\"width\":166,\"height\":145,\"caption\":\"Teia Education & Play\"},\"image\":{\"@id\":\"https:\\\/\\\/teiaeducation.ch\\\/de\\\/#\\\/schema\\\/logo\\\/image\\\/\"},\"sameAs\":[\"https:\\\/\\\/www.facebook.com\\\/teiaeducation\\\/\",\"https:\\\/\\\/x.com\\\/EducationTeia\",\"https:\\\/\\\/www.instagram.com\\\/teia.education\\\/\",\"https:\\\/\\\/www.linkedin.com\\\/company\\\/35501660\",\"https:\\\/\\\/www.pinterest.ch\\\/TeiaEducation\\\/\"]}]}<\/script>\n<meta property=\"product:price:amount\" content=\"22.90\" \/>\n<meta property=\"product:price:currency\" content=\"CHF\" \/>\n<meta property=\"og:availability\" content=\"instock\" \/>\n<meta property=\"product:availability\" content=\"instock\" \/>\n<meta property=\"product:condition\" content=\"new\" \/>\n<!-- \/ Yoast SEO Premium plugin. -->","yoast_head_json":{"title":"Naturfarbenset f\u00fcr Spielseide Sarah's Silks","description":"Ein F\u00e4rbeset f\u00fcr Spielt\u00fccher, das zum F\u00e4rben von Sarah's Silks Spielseide geeignet ist. Enth\u00e4lt 3 Pulverpackungen, die ausschlie\u00dflich aus nat\u00fcrlichen Pflanzen- und Pflanzenextrakten hergestellt sind.","robots":{"index":"index","follow":"follow","max-snippet":"max-snippet:-1","max-image-preview":"max-image-preview:large","max-video-preview":"max-video-preview:-1"},"canonical":"https:\/\/teiaeducation.ch\/de\/produkt\/naturfarbenset-fuer-spielseide-sarahs-silks\/","og_locale":"de_DE","og_type":"article","og_title":"Naturfarbenset f\u00fcr Spielseide - Sarah's Silks","og_description":"Ein F\u00e4rbeset f\u00fcr Spielt\u00fccher, das zum F\u00e4rben von Sarah's Silks Spielseide geeignet ist. Enth\u00e4lt 3 Pulverpackungen, die ausschlie\u00dflich aus nat\u00fcrlichen Pflanzen- und Pflanzenextrakten hergestellt sind.","og_url":"https:\/\/teiaeducation.ch\/de\/produkt\/naturfarbenset-fuer-spielseide-sarahs-silks\/","og_site_name":"Sustainable Educational Products &amp; Ecological Toys\u00a0","article_publisher":"https:\/\/www.facebook.com\/teiaeducation\/","og_image":[{"width":1080,"height":1080,"url":"https:\/\/teiaeducation.ch\/wp-content\/uploads\/2024\/08\/Natural-playsilk-dye-kit-Sarahs-Silks-2.webp","type":"image\/webp"}],"schema":{"@context":"https:\/\/schema.org","@graph":[{"@type":"WebPage","@id":"https:\/\/teiaeducation.ch\/de\/produkt\/naturfarbenset-fuer-spielseide-sarahs-silks\/","url":"https:\/\/teiaeducation.ch\/de\/produkt\/naturfarbenset-fuer-spielseide-sarahs-silks\/","name":"Naturfarbenset f\u00fcr Spielseide Sarah's Silks","isPartOf":{"@id":"https:\/\/teiaeducation.ch\/de\/#website"},"primaryImageOfPage":{"@id":"https:\/\/teiaeducation.ch\/de\/produkt\/naturfarbenset-fuer-spielseide-sarahs-silks\/#primaryimage"},"image":{"@id":"https:\/\/teiaeducation.ch\/de\/produkt\/naturfarbenset-fuer-spielseide-sarahs-silks\/#primaryimage"},"thumbnailUrl":"https:\/\/teiaeducation.ch\/wp-content\/uploads\/2024\/08\/Natural-playsilk-dye-kit-Sarahs-Silks-2.webp","datePublished":"2024-08-29T07:11:08+00:00","description":"Ein F\u00e4rbeset f\u00fcr Spielt\u00fccher, das zum F\u00e4rben von Sarah's Silks Spielseide geeignet ist. Enth\u00e4lt 3 Pulverpackungen, die ausschlie\u00dflich aus nat\u00fcrlichen Pflanzen- und Pflanzenextrakten hergestellt sind.","breadcrumb":{"@id":"https:\/\/teiaeducation.ch\/de\/produkt\/naturfarbenset-fuer-spielseide-sarahs-silks\/#breadcrumb"},"inLanguage":"de-CH","potentialAction":[{"@type":"ReadAction","target":["https:\/\/teiaeducation.ch\/de\/produkt\/naturfarbenset-fuer-spielseide-sarahs-silks\/"]}]},{"@type":"ImageObject","inLanguage":"de-CH","@id":"https:\/\/teiaeducation.ch\/de\/produkt\/naturfarbenset-fuer-spielseide-sarahs-silks\/#primaryimage","url":"https:\/\/teiaeducation.ch\/wp-content\/uploads\/2024\/08\/Natural-playsilk-dye-kit-Sarahs-Silks-2.webp","contentUrl":"https:\/\/teiaeducation.ch\/wp-content\/uploads\/2024\/08\/Natural-playsilk-dye-kit-Sarahs-Silks-2.webp","width":1080,"height":1080,"caption":"Naturfarbenset f\u00fcr Spielseide Sarah's Silks"},{"@type":"BreadcrumbList","@id":"https:\/\/teiaeducation.ch\/de\/produkt\/naturfarbenset-fuer-spielseide-sarahs-silks\/#breadcrumb","itemListElement":[{"@type":"ListItem","position":1,"name":"Home","item":"https:\/\/teiaeducation.ch\/de\/"},{"@type":"ListItem","position":2,"name":"Laden","item":"https:\/\/teiaeducation.ch\/de\/shop\/"},{"@type":"ListItem","position":3,"name":"Naturfarbenset f\u00fcr Spielseide &#8211; Sarah&#8217;s Silks"}]},{"@type":"WebSite","@id":"https:\/\/teiaeducation.ch\/de\/#website","url":"https:\/\/teiaeducation.ch\/de\/","name":"Sustainable Educational Products &amp; Ecological Toys\u00a0","description":"Specialised Swiss shop selling sustainable educational toys and games, AMI certified Montessori materials, handmade ecological wooden Waldorf toys and arts &amp; crafts supplies, school supplies, children&#039;s furniture and Montessori reference and parenting books.","publisher":{"@id":"https:\/\/teiaeducation.ch\/de\/#organization"},"alternateName":"Teia Education & Play","potentialAction":[{"@type":"SearchAction","target":{"@type":"EntryPoint","urlTemplate":"https:\/\/teiaeducation.ch\/de\/?s={search_term_string}"},"query-input":{"@type":"PropertyValueSpecification","valueRequired":true,"valueName":"search_term_string"}}],"inLanguage":"de-CH"},{"@type":"Organization","@id":"https:\/\/teiaeducation.ch\/de\/#organization","name":"Teia Education & Play","url":"https:\/\/teiaeducation.ch\/de\/","logo":{"@type":"ImageObject","inLanguage":"de-CH","@id":"https:\/\/teiaeducation.ch\/de\/#\/schema\/logo\/image\/","url":"https:\/\/teiaeducation.ch\/wp-content\/uploads\/2020\/11\/Teia-Education-Switzerland-e1620156442216.jpg","contentUrl":"https:\/\/teiaeducation.ch\/wp-content\/uploads\/2020\/11\/Teia-Education-Switzerland-e1620156442216.jpg","width":166,"height":145,"caption":"Teia Education & Play"},"image":{"@id":"https:\/\/teiaeducation.ch\/de\/#\/schema\/logo\/image\/"},"sameAs":["https:\/\/www.facebook.com\/teiaeducation\/","https:\/\/x.com\/EducationTeia","https:\/\/www.instagram.com\/teia.education\/","https:\/\/www.linkedin.com\/company\/35501660","https:\/\/www.pinterest.ch\/TeiaEducation\/"]}]},"product_price_amount":"22.90","product_price_currency":"CHF","og_availability":"instock","product_availability":"instock","product_condition":"new"},"_links":{"self":[{"href":"https:\/\/teiaeducation.ch\/de\/wp-json\/wp\/v2\/product\/72867","targetHints":{"allow":["GET"]}}],"collection":[{"href":"https:\/\/teiaeducation.ch\/de\/wp-json\/wp\/v2\/product"}],"about":[{"href":"https:\/\/teiaeducation.ch\/de\/wp-json\/wp\/v2\/types\/product"}],"replies":[{"embeddable":true,"href":"https:\/\/teiaeducation.ch\/de\/wp-json\/wp\/v2\/comments?post=72867"}],"wp:featuredmedia":[{"embeddable":true,"href":"https:\/\/teiaeducation.ch\/de\/wp-json\/wp\/v2\/media\/62164"}],"wp:attachment":[{"href":"https:\/\/teiaeducation.ch\/de\/wp-json\/wp\/v2\/media?parent=72867"}],"wp:term":[{"taxonomy":"product_brand","embeddable":true,"href":"https:\/\/teiaeducation.ch\/de\/wp-json\/wp\/v2\/product_brand?post=72867"},{"taxonomy":"product_cat","embeddable":true,"href":"https:\/\/teiaeducation.ch\/de\/wp-json\/wp\/v2\/product_cat?post=72867"},{"taxonomy":"product_tag","embeddable":true,"href":"https:\/\/teiaeducation.ch\/de\/wp-json\/wp\/v2\/product_tag?post=72867"}],"curies":[{"name":"wp","href":"https:\/\/api.w.org\/{rel}","templated":true}]}}