{"id":72869,"date":"2024-08-27T16:10:54","date_gmt":"2024-08-27T14:10:54","guid":{"rendered":"https:\/\/teiaeducation.ch\/product\/holzspielfiguren-fuer-das-ganze-jahr-auf-dem-bauernhof-sarahs-silks\/"},"modified":"2024-08-27T16:10:54","modified_gmt":"2024-08-27T14:10:54","slug":"holzspielfiguren-fuer-das-ganze-jahr-auf-dem-bauernhof-sarahs-silks","status":"publish","type":"product","link":"https:\/\/teiaeducation.ch\/de\/produkt\/holzspielfiguren-fuer-das-ganze-jahr-auf-dem-bauernhof-sarahs-silks\/","title":{"rendered":"Holzspielfiguren f\u00fcr das ganze Jahr auf dem Bauernhof &#8211; Sarah&#8217;s Silks"},"content":{"rendered":"<p>Die Holzspielfiguren \u201e<a href=\"https:\/\/teiaeducation.ch\/produkt\/large-around-the-year-on-the-farm-playsilk-limited-edition-sarahs-silks\/\">Das ganze Jahr auf dem Bauernhof<\/a>\u201c von Sarah&#8217;s Silks bieten ein unterhaltsames und einfaches Spielvergn\u00fcgen. In Kombination mit den Spielt\u00fcchern \u201eDas ganze Jahr auf dem Bauernhof\u201c (separat erh\u00e4ltlich) w\u00fcrfeln die Kinder mit einem Regenbogenw\u00fcrfel, ernten Feldfr\u00fcchte und sammeln den kompletten Regenbogen an Feldfr\u00fcchten, um zu gewinnen! <\/p>\n<p>Dieses sch\u00f6ne Set enth\u00e4lt 49 bemalte Holzfiguren, darunter 6 Bauern in Regenbogenfarben, 6 Pferde in Regenbogenfarben, 36 Ernteprodukte (je 6 in 6 Farben) und 1 Regenbogenw\u00fcrfel.<\/p>\n<p>Das Spiel wird mit 2 bis 6 Spielern gespielt.<\/p>\n<p>Alle Spielfiguren aus Holz werden in Kalifornien, USA, sorgf\u00e4ltig aus kindersicherem MDF aus Roteiche hergestellt und mit ungiftiger, umweltfreundlicher Farbe gef\u00e4rbt.<\/p>\n<p>Dieses Spiel ist f\u00fcr Kinder ab 3 Jahren geeignet.<\/p>\n<p>Inhalt:<\/p>\n<p>6 Bauern in Regenbogenfarben<br \/>\n6 Pferde in Regenbogenfarben<br \/>\n36 (je 6 von jeder der 6 Farben) Ernteprodukte<br \/>\n1 Regenbogenw\u00fcrfel<br \/>\nSpielanleitung<\/p>\n<h2>Pflegehinweise<\/h2>\n<p>Mit einem Tropfen Seife und lauwarmem Wasser abwischen und reinigen.<\/p>\n<h2>R\u00fcckgabepolitik<\/h2>\n<p>Alle zur\u00fcckgesandten Artikel m\u00fcssen sich in ihrem Originalzustand befinden und die Originalverpackung sowie die Etiketten m\u00fcssen angebracht und intakt sein. Gebrauchte oder gewaschene Artikel k\u00f6nnen nicht zur\u00fcckgegeben werden.<\/p>\n<h2>\u00dcber Sarah&#8217;s Silks<\/h2>\n<p><a href=\"https:\/\/teiaeducation.ch\/de\/produkt-kategorie\/unsere-marken\/sarahs-silks-de\/\">Sarah&#8217;s Silks<\/a> ist ein Familienunternehmen mit Sitz in den USA, das sich auf von <a href=\"https:\/\/teiaeducation.ch\/produktkategorie\/erziehungsmethode\/waldorf-steiner-spielzeug-bastelmaterialen\/\">Waldorf<\/a> inspiriertes, <a href=\"https:\/\/teiaeducation.ch\/de\/produkt-kategorie\/kinder-spielzeug\/naturspiel\/\">nat\u00fcrliches<\/a> und nachhaltiges Spielzeug spezialisiert hat, das die <a href=\"https:\/\/teiaeducation.ch\/de\/produkt-kategorie\/kinder-spielzeug\/phantasievoll-rollenspiel\/\">Fantasie<\/a> von Babys und Kindern anregt. Die Mission von Sarah&#8217;s Silks ist es, nachhaltiges, offenes und freies Spielzeug herzustellen, das unsere Kinder lehrt Mutter Erde zu lieben und zu pflegen. Die wundersch\u00f6nen Spielt\u00fccher, Baumwollt\u00fccher, Umh\u00e4nge, Feenkleider, Schleier, Fl\u00fcgel, Kronen, R\u00f6cke, Kleider, Schwerter, Schilde, Skytails und Luftschlangen von Sarah&#8217;s Silks eignen sich perfekt f\u00fcr freies Spielen, Verkleiden und Rollenspiele in Waldorf-Haushalten, Kindertagesst\u00e4tten und <a href=\"https:\/\/teiaeducation.ch\/waldorf-steiner-schulen-lieferungen\/\">Steiner-Schulen<\/a>.<\/p>\n<p>Alle <a href=\"https:\/\/teiaeducation.ch\/de\/produkt-kategorie\/unsere-marken\/sarahs-silks-de\/verkleidungen\/\">Seiden<\/a>kost\u00fcme, <a href=\"https:\/\/teiaeducation.ch\/de\/produkt-kategorie\/unsere-marken\/sarahs-silks-de\/spielzeuge-aus-seide\/\">Holzspielzeuge<\/a> und <a href=\"https:\/\/teiaeducation.ch\/de\/produkt-kategorie\/unsere-marken\/sarahs-silks-de\/spielzeuge-aus-holz\/\">Spielt\u00fccher<\/a> von Sarah&#8217;s <a href=\"https:\/\/teiaeducation.ch\/de\/produkt-kategorie\/unsere-marken\/sarahs-silks-de\/seidenspieltuecher-einfarbig\/\">Silks<\/a> werden aus hochwertiger, nachhaltiger chinesischer Seide hergestellt. Jedes Seidenprodukt wird von N\u00e4herinnen gewebt, gef\u00e4rbt und von Hand ges\u00e4umt, die in einem kleinen Dorf in der N\u00e4he von Suzhou, China, arbeiten. Anschlie\u00dfend werden sie im Hauptsitz von Sarah&#8217;s Silks im kalifornischen Sonoma County von Hand bemalt und fertiggestellt.<\/p>\n<p>Die Spielt\u00fccher von Sarah&#8217;s Silks eignen sich auch perfekt zum Verpacken von Geschenken, als h\u00fcbsche Dekoration f\u00fcr <a href=\"https:\/\/teiaeducation.ch\/de\/produkt-kategorie\/feier-festlichkeiten\/natur-saisonale-tische-de\/\">Natur- und Jahreszeitentische<\/a>, als Dekoration f\u00fcr <a href=\"https:\/\/teiaeducation.ch\/de\/produkt-kategorie\/feier-festlichkeiten\/geburtstage\/\">Geburtstag<\/a>sfeiern oder f\u00fcr den Einsatz in Rhythmikunterricht.<\/p>\n<p>Kinder lieben die leuchtenden, wundersch\u00f6n aufeinander abgestimmten Farben und die weiche Haptik der Spielt\u00fccher, <a href=\"https:\/\/teiaeducation.ch\/de\/produkt-kategorie\/unsere-marken\/sarahs-silks-de\/baumwolltuecher\/\">Baumwollspielt\u00fccher<\/a> und Seidenkleidung. Sie werden mit ungiftigen, umweltfreundlichen Farbstoffen und nat\u00fcrlichen Fasern aus 100% echter Seide und 100% Baumwolle hergestellt und haben strenge amerikanische und europ\u00e4ische Sicherheitstests bestanden und sind f\u00fcr Kinder jeden Alters geeignet.<\/p>\n","protected":false},"excerpt":{"rendered":"<p>Artikelnummer: SSatyotf-Game<\/p>\n<p>Die Holzspielfiguren \u201eDas ganze Jahr auf dem Bauernhof\u201c von Sarah&#8217;s Silks bieten ein unterhaltsames Spiel in Verbindung mit den Spielt\u00fcchern \u201eDas ganze Jahr auf dem Bauernhof\u201c!<\/p>\n","protected":false},"featured_media":62087,"comment_status":"open","ping_status":"closed","template":"","meta":[],"product_brand":[32610],"product_cat":[21445,21446,21479,21682,23075,21705,21443,21563,21666,29595,21678,25828,21680,21564,21483,22919],"product_tag":[32611,25440,23734,25439,25437,25438,21714],"class_list":{"0":"post-72869","1":"product","2":"type-product","3":"status-publish","4":"has-post-thumbnail","6":"product_brand-sarahs-silks","7":"product_cat-3-6-jahre-vorschule","8":"product_cat-6-12-jahre-grundschule","9":"product_cat-lernmaterialien-spielzeug-montessori-waldorf-steiner-froebel","10":"product_cat-gesellschaftsspiele-spielen","11":"product_cat-handgefertigtes-holzspielzeug","12":"product_cat-holzfiguren","13":"product_cat-nach-alter","14":"product_cat-neuheiten","15":"product_cat-sarahs-silks-de","16":"product_cat-seidenspieltuecher-bedruckt","17":"product_cat-kinder-spielzeug","18":"product_cat-spielzeuge-aus-holz","19":"product_cat-tiere-bauernhoefe","20":"product_cat-unsere-marken","21":"product_cat-waldorf-steiner-paedagogik","22":"product_cat-waldorfspielzeug","23":"product_tag-grose-seidenfahnen-ausstellung-sarahs-silks","24":"product_tag-regenbogen-spielseidentuch-display-sarahs-silks","25":"product_tag-sarahs-silks-playsilks-de","26":"product_tag-spielseidentuch-display-aus-holz-sarahs-silks","27":"product_tag-spielseidentuch-display-regenbogen-aus-holz-sarahs-silks","28":"product_tag-spielseidentuch-display-sarahs-silks","29":"product_tag-waldorfspielzeug-aus-holz","31":"first","32":"instock","33":"taxable","34":"shipping-taxable","35":"purchasable","36":"product-type-simple"},"yoast_head":"<!-- This site is optimized with the Yoast SEO Premium plugin v25.8 (Yoast SEO v27.4) - https:\/\/yoast.com\/product\/yoast-seo-premium-wordpress\/ -->\n<title>Holzspielfiguren f\u00fcr das ganze Jahr auf dem Bauernhof Sarah&#039;s Silks<\/title>\n<meta name=\"description\" content=\"Die Holzspielfiguren \u201eDas ganze Jahr auf dem Bauernhof\u201c von Sarah&#039;s Silks bieten ein unterhaltsames Spiel, das in Verbindung mit den Spielt\u00fcchern \u201eDas ganze Jahr auf dem Bauernhof\u201c verwendet werden kann.\" \/>\n<meta name=\"robots\" content=\"index, follow, max-snippet:-1, max-image-preview:large, max-video-preview:-1\" \/>\n<link rel=\"canonical\" href=\"https:\/\/teiaeducation.ch\/de\/produkt\/holzspielfiguren-fuer-das-ganze-jahr-auf-dem-bauernhof-sarahs-silks\/\" \/>\n<meta property=\"og:locale\" content=\"de_DE\" \/>\n<meta property=\"og:type\" content=\"article\" \/>\n<meta property=\"og:title\" content=\"Holzspielfiguren f\u00fcr das ganze Jahr auf dem Bauernhof - Sarah&#039;s Silks\" \/>\n<meta property=\"og:description\" content=\"Die Holzspielfiguren \u201eDas ganze Jahr auf dem Bauernhof\u201c von Sarah&#039;s Silks bieten ein unterhaltsames Spiel, das in Verbindung mit den Spielt\u00fcchern \u201eDas ganze Jahr auf dem Bauernhof\u201c verwendet werden kann.\" \/>\n<meta property=\"og:url\" content=\"https:\/\/teiaeducation.ch\/de\/produkt\/holzspielfiguren-fuer-das-ganze-jahr-auf-dem-bauernhof-sarahs-silks\/\" \/>\n<meta property=\"og:site_name\" content=\"Sustainable Educational Products &amp; Ecological Toys\u00a0\" \/>\n<meta property=\"article:publisher\" content=\"https:\/\/www.facebook.com\/teiaeducation\/\" \/>\n<meta property=\"og:image\" content=\"https:\/\/teiaeducation.ch\/wp-content\/uploads\/2024\/08\/Wooden-around-the-year-on-the-farm-game-pieces-Sarahs-Silks-.webp\" \/>\n\t<meta property=\"og:image:width\" content=\"1080\" \/>\n\t<meta property=\"og:image:height\" content=\"1080\" \/>\n\t<meta property=\"og:image:type\" content=\"image\/webp\" \/>\n<script type=\"application\/ld+json\" class=\"yoast-schema-graph\">{\"@context\":\"https:\\\/\\\/schema.org\",\"@graph\":[{\"@type\":\"WebPage\",\"@id\":\"https:\\\/\\\/teiaeducation.ch\\\/de\\\/produkt\\\/holzspielfiguren-fuer-das-ganze-jahr-auf-dem-bauernhof-sarahs-silks\\\/\",\"url\":\"https:\\\/\\\/teiaeducation.ch\\\/de\\\/produkt\\\/holzspielfiguren-fuer-das-ganze-jahr-auf-dem-bauernhof-sarahs-silks\\\/\",\"name\":\"Holzspielfiguren f\u00fcr das ganze Jahr auf dem Bauernhof Sarah's Silks\",\"isPartOf\":{\"@id\":\"https:\\\/\\\/teiaeducation.ch\\\/de\\\/#website\"},\"primaryImageOfPage\":{\"@id\":\"https:\\\/\\\/teiaeducation.ch\\\/de\\\/produkt\\\/holzspielfiguren-fuer-das-ganze-jahr-auf-dem-bauernhof-sarahs-silks\\\/#primaryimage\"},\"image\":{\"@id\":\"https:\\\/\\\/teiaeducation.ch\\\/de\\\/produkt\\\/holzspielfiguren-fuer-das-ganze-jahr-auf-dem-bauernhof-sarahs-silks\\\/#primaryimage\"},\"thumbnailUrl\":\"https:\\\/\\\/teiaeducation.ch\\\/wp-content\\\/uploads\\\/2024\\\/08\\\/Wooden-around-the-year-on-the-farm-game-pieces-Sarahs-Silks-.webp\",\"datePublished\":\"2024-08-27T14:10:54+00:00\",\"description\":\"Die Holzspielfiguren \u201eDas ganze Jahr auf dem Bauernhof\u201c von Sarah's Silks bieten ein unterhaltsames Spiel, das in Verbindung mit den Spielt\u00fcchern \u201eDas ganze Jahr auf dem Bauernhof\u201c verwendet werden kann.\",\"breadcrumb\":{\"@id\":\"https:\\\/\\\/teiaeducation.ch\\\/de\\\/produkt\\\/holzspielfiguren-fuer-das-ganze-jahr-auf-dem-bauernhof-sarahs-silks\\\/#breadcrumb\"},\"inLanguage\":\"de-CH\",\"potentialAction\":[{\"@type\":\"ReadAction\",\"target\":[\"https:\\\/\\\/teiaeducation.ch\\\/de\\\/produkt\\\/holzspielfiguren-fuer-das-ganze-jahr-auf-dem-bauernhof-sarahs-silks\\\/\"]}]},{\"@type\":\"ImageObject\",\"inLanguage\":\"de-CH\",\"@id\":\"https:\\\/\\\/teiaeducation.ch\\\/de\\\/produkt\\\/holzspielfiguren-fuer-das-ganze-jahr-auf-dem-bauernhof-sarahs-silks\\\/#primaryimage\",\"url\":\"https:\\\/\\\/teiaeducation.ch\\\/wp-content\\\/uploads\\\/2024\\\/08\\\/Wooden-around-the-year-on-the-farm-game-pieces-Sarahs-Silks-.webp\",\"contentUrl\":\"https:\\\/\\\/teiaeducation.ch\\\/wp-content\\\/uploads\\\/2024\\\/08\\\/Wooden-around-the-year-on-the-farm-game-pieces-Sarahs-Silks-.webp\",\"width\":1080,\"height\":1080,\"caption\":\"Holzspielfiguren f\u00fcr das ganze Jahr auf dem Bauernhof Sarah's Silks\"},{\"@type\":\"BreadcrumbList\",\"@id\":\"https:\\\/\\\/teiaeducation.ch\\\/de\\\/produkt\\\/holzspielfiguren-fuer-das-ganze-jahr-auf-dem-bauernhof-sarahs-silks\\\/#breadcrumb\",\"itemListElement\":[{\"@type\":\"ListItem\",\"position\":1,\"name\":\"Home\",\"item\":\"https:\\\/\\\/teiaeducation.ch\\\/de\\\/\"},{\"@type\":\"ListItem\",\"position\":2,\"name\":\"Laden\",\"item\":\"https:\\\/\\\/teiaeducation.ch\\\/de\\\/shop\\\/\"},{\"@type\":\"ListItem\",\"position\":3,\"name\":\"Holzspielfiguren f\u00fcr das ganze Jahr auf dem Bauernhof &#8211; Sarah&#8217;s Silks\"}]},{\"@type\":\"WebSite\",\"@id\":\"https:\\\/\\\/teiaeducation.ch\\\/de\\\/#website\",\"url\":\"https:\\\/\\\/teiaeducation.ch\\\/de\\\/\",\"name\":\"Sustainable Educational Products &amp; Ecological Toys\u00a0\",\"description\":\"Specialised Swiss shop selling sustainable educational toys and games, AMI certified Montessori materials, handmade ecological wooden Waldorf toys and arts &amp; crafts supplies, school supplies, children&#039;s furniture and Montessori reference and parenting books.\",\"publisher\":{\"@id\":\"https:\\\/\\\/teiaeducation.ch\\\/de\\\/#organization\"},\"alternateName\":\"Teia Education & Play\",\"potentialAction\":[{\"@type\":\"SearchAction\",\"target\":{\"@type\":\"EntryPoint\",\"urlTemplate\":\"https:\\\/\\\/teiaeducation.ch\\\/de\\\/?s={search_term_string}\"},\"query-input\":{\"@type\":\"PropertyValueSpecification\",\"valueRequired\":true,\"valueName\":\"search_term_string\"}}],\"inLanguage\":\"de-CH\"},{\"@type\":\"Organization\",\"@id\":\"https:\\\/\\\/teiaeducation.ch\\\/de\\\/#organization\",\"name\":\"Teia Education & Play\",\"url\":\"https:\\\/\\\/teiaeducation.ch\\\/de\\\/\",\"logo\":{\"@type\":\"ImageObject\",\"inLanguage\":\"de-CH\",\"@id\":\"https:\\\/\\\/teiaeducation.ch\\\/de\\\/#\\\/schema\\\/logo\\\/image\\\/\",\"url\":\"https:\\\/\\\/teiaeducation.ch\\\/wp-content\\\/uploads\\\/2020\\\/11\\\/Teia-Education-Switzerland-e1620156442216.jpg\",\"contentUrl\":\"https:\\\/\\\/teiaeducation.ch\\\/wp-content\\\/uploads\\\/2020\\\/11\\\/Teia-Education-Switzerland-e1620156442216.jpg\",\"width\":166,\"height\":145,\"caption\":\"Teia Education & Play\"},\"image\":{\"@id\":\"https:\\\/\\\/teiaeducation.ch\\\/de\\\/#\\\/schema\\\/logo\\\/image\\\/\"},\"sameAs\":[\"https:\\\/\\\/www.facebook.com\\\/teiaeducation\\\/\",\"https:\\\/\\\/x.com\\\/EducationTeia\",\"https:\\\/\\\/www.instagram.com\\\/teia.education\\\/\",\"https:\\\/\\\/www.linkedin.com\\\/company\\\/35501660\",\"https:\\\/\\\/www.pinterest.ch\\\/TeiaEducation\\\/\"]}]}<\/script>\n<meta property=\"product:price:amount\" content=\"24.90\" \/>\n<meta property=\"product:price:currency\" content=\"CHF\" \/>\n<meta property=\"og:availability\" content=\"instock\" \/>\n<meta property=\"product:availability\" content=\"instock\" \/>\n<meta property=\"product:condition\" content=\"new\" \/>\n<!-- \/ Yoast SEO Premium plugin. -->","yoast_head_json":{"title":"Holzspielfiguren f\u00fcr das ganze Jahr auf dem Bauernhof Sarah's Silks","description":"Die Holzspielfiguren \u201eDas ganze Jahr auf dem Bauernhof\u201c von Sarah's Silks bieten ein unterhaltsames Spiel, das in Verbindung mit den Spielt\u00fcchern \u201eDas ganze Jahr auf dem Bauernhof\u201c verwendet werden kann.","robots":{"index":"index","follow":"follow","max-snippet":"max-snippet:-1","max-image-preview":"max-image-preview:large","max-video-preview":"max-video-preview:-1"},"canonical":"https:\/\/teiaeducation.ch\/de\/produkt\/holzspielfiguren-fuer-das-ganze-jahr-auf-dem-bauernhof-sarahs-silks\/","og_locale":"de_DE","og_type":"article","og_title":"Holzspielfiguren f\u00fcr das ganze Jahr auf dem Bauernhof - Sarah's Silks","og_description":"Die Holzspielfiguren \u201eDas ganze Jahr auf dem Bauernhof\u201c von Sarah's Silks bieten ein unterhaltsames Spiel, das in Verbindung mit den Spielt\u00fcchern \u201eDas ganze Jahr auf dem Bauernhof\u201c verwendet werden kann.","og_url":"https:\/\/teiaeducation.ch\/de\/produkt\/holzspielfiguren-fuer-das-ganze-jahr-auf-dem-bauernhof-sarahs-silks\/","og_site_name":"Sustainable Educational Products &amp; Ecological Toys\u00a0","article_publisher":"https:\/\/www.facebook.com\/teiaeducation\/","og_image":[{"width":1080,"height":1080,"url":"https:\/\/teiaeducation.ch\/wp-content\/uploads\/2024\/08\/Wooden-around-the-year-on-the-farm-game-pieces-Sarahs-Silks-.webp","type":"image\/webp"}],"schema":{"@context":"https:\/\/schema.org","@graph":[{"@type":"WebPage","@id":"https:\/\/teiaeducation.ch\/de\/produkt\/holzspielfiguren-fuer-das-ganze-jahr-auf-dem-bauernhof-sarahs-silks\/","url":"https:\/\/teiaeducation.ch\/de\/produkt\/holzspielfiguren-fuer-das-ganze-jahr-auf-dem-bauernhof-sarahs-silks\/","name":"Holzspielfiguren f\u00fcr das ganze Jahr auf dem Bauernhof Sarah's Silks","isPartOf":{"@id":"https:\/\/teiaeducation.ch\/de\/#website"},"primaryImageOfPage":{"@id":"https:\/\/teiaeducation.ch\/de\/produkt\/holzspielfiguren-fuer-das-ganze-jahr-auf-dem-bauernhof-sarahs-silks\/#primaryimage"},"image":{"@id":"https:\/\/teiaeducation.ch\/de\/produkt\/holzspielfiguren-fuer-das-ganze-jahr-auf-dem-bauernhof-sarahs-silks\/#primaryimage"},"thumbnailUrl":"https:\/\/teiaeducation.ch\/wp-content\/uploads\/2024\/08\/Wooden-around-the-year-on-the-farm-game-pieces-Sarahs-Silks-.webp","datePublished":"2024-08-27T14:10:54+00:00","description":"Die Holzspielfiguren \u201eDas ganze Jahr auf dem Bauernhof\u201c von Sarah's Silks bieten ein unterhaltsames Spiel, das in Verbindung mit den Spielt\u00fcchern \u201eDas ganze Jahr auf dem Bauernhof\u201c verwendet werden kann.","breadcrumb":{"@id":"https:\/\/teiaeducation.ch\/de\/produkt\/holzspielfiguren-fuer-das-ganze-jahr-auf-dem-bauernhof-sarahs-silks\/#breadcrumb"},"inLanguage":"de-CH","potentialAction":[{"@type":"ReadAction","target":["https:\/\/teiaeducation.ch\/de\/produkt\/holzspielfiguren-fuer-das-ganze-jahr-auf-dem-bauernhof-sarahs-silks\/"]}]},{"@type":"ImageObject","inLanguage":"de-CH","@id":"https:\/\/teiaeducation.ch\/de\/produkt\/holzspielfiguren-fuer-das-ganze-jahr-auf-dem-bauernhof-sarahs-silks\/#primaryimage","url":"https:\/\/teiaeducation.ch\/wp-content\/uploads\/2024\/08\/Wooden-around-the-year-on-the-farm-game-pieces-Sarahs-Silks-.webp","contentUrl":"https:\/\/teiaeducation.ch\/wp-content\/uploads\/2024\/08\/Wooden-around-the-year-on-the-farm-game-pieces-Sarahs-Silks-.webp","width":1080,"height":1080,"caption":"Holzspielfiguren f\u00fcr das ganze Jahr auf dem Bauernhof Sarah's Silks"},{"@type":"BreadcrumbList","@id":"https:\/\/teiaeducation.ch\/de\/produkt\/holzspielfiguren-fuer-das-ganze-jahr-auf-dem-bauernhof-sarahs-silks\/#breadcrumb","itemListElement":[{"@type":"ListItem","position":1,"name":"Home","item":"https:\/\/teiaeducation.ch\/de\/"},{"@type":"ListItem","position":2,"name":"Laden","item":"https:\/\/teiaeducation.ch\/de\/shop\/"},{"@type":"ListItem","position":3,"name":"Holzspielfiguren f\u00fcr das ganze Jahr auf dem Bauernhof &#8211; Sarah&#8217;s Silks"}]},{"@type":"WebSite","@id":"https:\/\/teiaeducation.ch\/de\/#website","url":"https:\/\/teiaeducation.ch\/de\/","name":"Sustainable Educational Products &amp; Ecological Toys\u00a0","description":"Specialised Swiss shop selling sustainable educational toys and games, AMI certified Montessori materials, handmade ecological wooden Waldorf toys and arts &amp; crafts supplies, school supplies, children&#039;s furniture and Montessori reference and parenting books.","publisher":{"@id":"https:\/\/teiaeducation.ch\/de\/#organization"},"alternateName":"Teia Education & Play","potentialAction":[{"@type":"SearchAction","target":{"@type":"EntryPoint","urlTemplate":"https:\/\/teiaeducation.ch\/de\/?s={search_term_string}"},"query-input":{"@type":"PropertyValueSpecification","valueRequired":true,"valueName":"search_term_string"}}],"inLanguage":"de-CH"},{"@type":"Organization","@id":"https:\/\/teiaeducation.ch\/de\/#organization","name":"Teia Education & Play","url":"https:\/\/teiaeducation.ch\/de\/","logo":{"@type":"ImageObject","inLanguage":"de-CH","@id":"https:\/\/teiaeducation.ch\/de\/#\/schema\/logo\/image\/","url":"https:\/\/teiaeducation.ch\/wp-content\/uploads\/2020\/11\/Teia-Education-Switzerland-e1620156442216.jpg","contentUrl":"https:\/\/teiaeducation.ch\/wp-content\/uploads\/2020\/11\/Teia-Education-Switzerland-e1620156442216.jpg","width":166,"height":145,"caption":"Teia Education & Play"},"image":{"@id":"https:\/\/teiaeducation.ch\/de\/#\/schema\/logo\/image\/"},"sameAs":["https:\/\/www.facebook.com\/teiaeducation\/","https:\/\/x.com\/EducationTeia","https:\/\/www.instagram.com\/teia.education\/","https:\/\/www.linkedin.com\/company\/35501660","https:\/\/www.pinterest.ch\/TeiaEducation\/"]}]},"product_price_amount":"24.90","product_price_currency":"CHF","og_availability":"instock","product_availability":"instock","product_condition":"new"},"_links":{"self":[{"href":"https:\/\/teiaeducation.ch\/de\/wp-json\/wp\/v2\/product\/72869","targetHints":{"allow":["GET"]}}],"collection":[{"href":"https:\/\/teiaeducation.ch\/de\/wp-json\/wp\/v2\/product"}],"about":[{"href":"https:\/\/teiaeducation.ch\/de\/wp-json\/wp\/v2\/types\/product"}],"replies":[{"embeddable":true,"href":"https:\/\/teiaeducation.ch\/de\/wp-json\/wp\/v2\/comments?post=72869"}],"wp:featuredmedia":[{"embeddable":true,"href":"https:\/\/teiaeducation.ch\/de\/wp-json\/wp\/v2\/media\/62087"}],"wp:attachment":[{"href":"https:\/\/teiaeducation.ch\/de\/wp-json\/wp\/v2\/media?parent=72869"}],"wp:term":[{"taxonomy":"product_brand","embeddable":true,"href":"https:\/\/teiaeducation.ch\/de\/wp-json\/wp\/v2\/product_brand?post=72869"},{"taxonomy":"product_cat","embeddable":true,"href":"https:\/\/teiaeducation.ch\/de\/wp-json\/wp\/v2\/product_cat?post=72869"},{"taxonomy":"product_tag","embeddable":true,"href":"https:\/\/teiaeducation.ch\/de\/wp-json\/wp\/v2\/product_tag?post=72869"}],"curies":[{"name":"wp","href":"https:\/\/api.w.org\/{rel}","templated":true}]}}