{"id":72872,"date":"2024-08-22T11:27:19","date_gmt":"2024-08-22T09:27:19","guid":{"rendered":"https:\/\/teiaeducation.ch\/product\/seide-meeres-mini-streamer-sarahs-silks\/"},"modified":"2024-08-22T11:27:19","modified_gmt":"2024-08-22T09:27:19","slug":"seide-meeres-mini-streamer-sarahs-silks","status":"publish","type":"product","link":"https:\/\/teiaeducation.ch\/de\/produkt\/seide-meeres-mini-streamer-sarahs-silks\/","title":{"rendered":"Seide Meeres mini streamer &#8211; Sarah&#8217;s Silks"},"content":{"rendered":"<p>Streamer aus nat\u00fcrlicher Seide in leuchtenden, vom Meer inspirierten Blaut\u00f6nen von Sarah&#8217;s Silks. Der Mini-Streamer regt Kinder zum <a href=\"https:\/\/teiaeducation.ch\/de\/produkt-kategorie\/kinder-spielzeug\/aktiv-spielzeug\/\">aktiven Spielen<\/a> an, verbessert ihre Bewegungsqualit\u00e4t und macht ihnen Lust zum Tanzen! Einige Ideen f\u00fcr Rollenspiele sind das Schwenken des Streamers im Wind, das Schreiben von Buchstaben in der Luft, das Spielen von Angeln, Tanzen und vieles mehr.  <\/p>\n<p>Naturprodukt aus Seide Meeres Das Sarah&#8217;s Silks Mini-Streamer ist das perfekte <a href=\"https:\/\/teiaeducation.ch\/de\/produkt-kategorie\/kinder-spielzeug\/stoffspielzeug\/\">Stoffspielzeug<\/a> f\u00fcr die Welt der <a href=\"https:\/\/teiaeducation.ch\/de\/produkt-kategorie\/kinder-spielzeug\/waldorfspielzeug\/\">Waldorf<\/a>-Fantasie und des fantasievollen Spiels. Es besteht aus einem Birkenholzstab mit einem schimmernden Seidenstreamer in zarten Blaut\u00f6nen, der mit einem dekorativen t\u00fcrkisfarbenen Holzstern gekr\u00f6nt ist. Es wird aus 100 % fair gehandelter Seide hergestellt, von Hand ges\u00e4umt und mit ungiftigen, umweltfreundlichen Farbstoffen gef\u00e4rbt. <\/p>\n<p>Inhalt:<\/p>\n<p>1 Seiden-Mini-Streamer in Meeresblau aus 100 % Seide und einem Birkenholzstab<\/p>\n<h2>Pflegehinweise<\/h2>\n<p>Waschen mit der Hand, trocknen es auf der Leine und b\u00fcgeln es auf mittlerer Stufe, um den nat\u00fcrlichen Glanz der Seide wiederherzustellen \u2013 bitte beachten Sie die Schritt-f\u00fcr-Schritt-<a href=\"https:\/\/www.sarahssilks.com\/blogs\/journal\/how-to-wash-playsilks\">Anleitung<\/a> von Sarah\u2019s Silks um Ihre Seidenartikel zu waschen.<\/p>\n<h2>R\u00fcckgabepolitik<\/h2>\n<p>Alle zur\u00fcckgesandten Artikel m\u00fcssen sich in ihrem Originalzustand befinden und die Originalverpackung sowie die Etiketten m\u00fcssen angebracht und intakt sein. Gebrauchte oder gewaschene Artikel k\u00f6nnen nicht zur\u00fcckgegeben werden.<\/p>\n<h2>\u00dcber Sarah&#8217;s Silks<\/h2>\n<p><a href=\"https:\/\/teiaeducation.ch\/de\/produkt-kategorie\/unsere-marken\/sarahs-silks-de\/\">Sarah&#8217;s Silks<\/a> ist ein Familienunternehmen mit Sitz in den USA, das sich auf von <a href=\"https:\/\/teiaeducation.ch\/produktkategorie\/erziehungsmethode\/waldorf-steiner-spielzeug-bastelmaterialen\/\">Waldorf<\/a> inspiriertes, <a href=\"https:\/\/teiaeducation.ch\/de\/produkt-kategorie\/kinder-spielzeug\/naturspiel\/\">nat\u00fcrliches<\/a> und nachhaltiges Spielzeug spezialisiert hat, das die <a href=\"https:\/\/teiaeducation.ch\/de\/produkt-kategorie\/kinder-spielzeug\/phantasievoll-rollenspiel\/\">Fantasie<\/a> von Babys und Kindern anregt. Die Mission von Sarah&#8217;s Silks ist es, nachhaltiges, offenes und freies Spielzeug herzustellen, das unsere Kinder lehrt Mutter Erde zu lieben und zu pflegen. Die wundersch\u00f6nen Spielt\u00fccher, Baumwollt\u00fccher, Umh\u00e4nge, Feenkleider, Schleier, Fl\u00fcgel, Kronen, R\u00f6cke, Kleider, Schwerter, Schilde, Skytails und Luftschlangen von Sarah&#8217;s Silks eignen sich perfekt f\u00fcr freies Spielen, Verkleiden und Rollenspiele in Waldorf-Haushalten, Kindertagesst\u00e4tten und <a href=\"https:\/\/teiaeducation.ch\/waldorf-steiner-schulen-lieferungen\/\">Steiner-Schulen<\/a>.<\/p>\n<p>Alle <a href=\"https:\/\/teiaeducation.ch\/de\/produkt-kategorie\/unsere-marken\/sarahs-silks-de\/verkleidungen\/\">Seiden<\/a>kost\u00fcme, <a href=\"https:\/\/teiaeducation.ch\/de\/produkt-kategorie\/unsere-marken\/sarahs-silks-de\/spielzeuge-aus-seide\/\">Holzspielzeuge<\/a> und <a href=\"https:\/\/teiaeducation.ch\/de\/produkt-kategorie\/unsere-marken\/sarahs-silks-de\/spielzeuge-aus-holz\/\">Spielt\u00fccher<\/a> von Sarah&#8217;s <a href=\"https:\/\/teiaeducation.ch\/de\/produkt-kategorie\/unsere-marken\/sarahs-silks-de\/seidenspieltuecher-einfarbig\/\">Silks<\/a> werden aus hochwertiger, nachhaltiger chinesischer Seide hergestellt. Jedes Seidenprodukt wird von N\u00e4herinnen gewebt, gef\u00e4rbt und von Hand ges\u00e4umt, die in einem kleinen Dorf in der N\u00e4he von Suzhou, China, arbeiten. Anschlie\u00dfend werden sie im Hauptsitz von Sarah&#8217;s Silks im kalifornischen Sonoma County von Hand bemalt und fertiggestellt.<\/p>\n<p>Die Spielt\u00fccher von Sarah&#8217;s Silks eignen sich auch perfekt zum Verpacken von Geschenken, als h\u00fcbsche Dekoration f\u00fcr <a href=\"https:\/\/teiaeducation.ch\/de\/produkt-kategorie\/feier-festlichkeiten\/natur-saisonale-tische-de\/\">Natur- und Jahreszeitentische<\/a>, als Dekoration f\u00fcr <a href=\"https:\/\/teiaeducation.ch\/de\/produkt-kategorie\/feier-festlichkeiten\/geburtstage\/\">Geburtstag<\/a>sfeiern oder f\u00fcr den Einsatz in Rhythmikunterricht.<\/p>\n<p>Kinder lieben die leuchtenden, wundersch\u00f6n aufeinander abgestimmten Farben und die weiche Haptik der Spielt\u00fccher, <a href=\"https:\/\/teiaeducation.ch\/de\/produkt-kategorie\/unsere-marken\/sarahs-silks-de\/baumwolltuecher\/\">Baumwollspielt\u00fccher<\/a> und Seidenkleidung. Sie werden mit ungiftigen, umweltfreundlichen Farbstoffen und nat\u00fcrlichen Fasern aus 100% echter Seide und 100% Baumwolle hergestellt und haben strenge amerikanische und europ\u00e4ische Sicherheitstests bestanden und sind f\u00fcr Kinder jeden Alters geeignet.<\/p>\n","protected":false},"excerpt":{"rendered":"<p>Artikelnummer: SS00427<\/p>\n<p><span data-sheets-root=\"1\" data-sheets-value=\"{\"1\":2,\"2\":\"0045\"}\" data-sheets-userformat=\"{\"2\":14337,\"3\":{\"1\":1},\"14\":{\"1\":2,\"2\":0},\"15\":\"Calibri\",\"16\":11}\">Seiden-Mini-Streamer in der Farbe Meeres aus 100 % Seide und Seide Ein wundersch\u00f6ner, von Waldorf inspirierter Mini-Streamer aus nat\u00fcrlicher Seide in der lebhaften Farbvariante \u201eSea\u201c von Sarah&#8217;s Silks, der zum aktiven Spielen anregt!<\/span><\/p>\n","protected":false},"featured_media":61928,"comment_status":"open","ping_status":"closed","template":"","meta":[],"product_brand":[32610],"product_cat":[21445,21446,22033,21679,21479,21690,21670,21492,21484,21443,21563,21687,22362,21666,21695,21678,23133,25827,21685,21564,21483,22919],"product_tag":[22145,32681,32688,22921,23734,22938,22920,32685,32686,25836,32684,32683,32682,32690,22937,32691,32689,32687,24587,22939,32680,22940,21741],"class_list":{"0":"post-72872","1":"product","2":"type-product","3":"status-publish","4":"has-post-thumbnail","6":"product_brand-sarahs-silks","7":"product_cat-3-6-jahre-vorschule","8":"product_cat-6-12-jahre-grundschule","9":"product_cat-adventskalender-geschenke-strumpffueller","10":"product_cat-aktiv-spielzeug","11":"product_cat-lernmaterialien-spielzeug-montessori-waldorf-steiner-froebel","12":"product_cat-spiele-mit-offenem-ende","13":"product_cat-fruehjahrskollektion","14":"product_cat-geschenk-guide-stoffspielzeug","15":"product_cat-geschenk-guides","16":"product_cat-nach-alter","17":"product_cat-neuheiten","18":"product_cat-phantasievoll-rollenspiel","19":"product_cat-saisonale-kollektionen","20":"product_cat-sarahs-silks-de","21":"product_cat-sinnliches-spiel","22":"product_cat-kinder-spielzeug","23":"product_cat-spielzeug-fuer-draussen","24":"product_cat-spielzeuge-aus-seide","25":"product_cat-stoffspielzeug","26":"product_cat-unsere-marken","27":"product_cat-waldorf-steiner-paedagogik","28":"product_cat-waldorfspielzeug","29":"product_tag-heuristisches-spiel-waldorf","30":"product_tag-heuristisches-spielen-waldorfspielzeug","31":"product_tag-mini-streamer-sarahs-silks","32":"product_tag-sarahs-silks-de","33":"product_tag-sarahs-silks-playsilks-de","34":"product_tag-sarahs-silks-schweiz-de-2","35":"product_tag-sarahs-silks-schweiz-de","36":"product_tag-sarahs-silks-seidenholzspielzeug","37":"product_tag-sarahs-silks-seidenspielzeug","38":"product_tag-sarahs-silks-spielzeug","39":"product_tag-sarahs-silks-spielzeug-aus-der-schweiz","40":"product_tag-sarahs-silks-streamer-mini","41":"product_tag-sarahs-silks-streamer-spielzeug","42":"product_tag-sarahs-silks-streamer-stars","43":"product_tag-sarahs-silks-suisse-de","44":"product_tag-seidensterne-mini-streamer-sarahs-silks","45":"product_tag-sterne-mini-streamer-sarahs-silks","46":"product_tag-waldorf-aktives-spielzeug","47":"product_tag-waldorf-seidenspielzeug","48":"product_tag-waldorf-seidentuch","49":"product_tag-waldorf-spiele","50":"product_tag-waldorf-spielstoffe","51":"product_tag-waldorfspielzeug","53":"first","54":"instock","55":"taxable","56":"shipping-taxable","57":"purchasable","58":"product-type-simple"},"yoast_head":"<!-- This site is optimized with the Yoast SEO Premium plugin v25.8 (Yoast SEO v27.4) - https:\/\/yoast.com\/product\/yoast-seo-premium-wordpress\/ -->\n<title>Seide Meeres mini streamer - Sarah&#039;s Silks - Teia Education &amp; Play<\/title>\n<meta name=\"description\" content=\"Ein wundersch\u00f6ner, von Waldorf inspirierter Mini-Streamer aus nat\u00fcrlicher Seide in lebhaften Meeresfarben von Sarah&#039;s Silks, der zum aktiven Spielen anregt.\" \/>\n<meta name=\"robots\" content=\"index, follow, max-snippet:-1, max-image-preview:large, max-video-preview:-1\" \/>\n<link rel=\"canonical\" href=\"https:\/\/teiaeducation.ch\/de\/produkt\/seide-meeres-mini-streamer-sarahs-silks\/\" \/>\n<meta property=\"og:locale\" content=\"de_DE\" \/>\n<meta property=\"og:type\" content=\"article\" \/>\n<meta property=\"og:title\" content=\"Seide Meeres mini streamer - Sarah&#039;s Silks\" \/>\n<meta property=\"og:description\" content=\"Ein wundersch\u00f6ner, von Waldorf inspirierter Mini-Streamer aus nat\u00fcrlicher Seide in lebhaften Meeresfarben von Sarah&#039;s Silks, der zum aktiven Spielen anregt.\" \/>\n<meta property=\"og:url\" content=\"https:\/\/teiaeducation.ch\/de\/produkt\/seide-meeres-mini-streamer-sarahs-silks\/\" \/>\n<meta property=\"og:site_name\" content=\"Sustainable Educational Products &amp; Ecological Toys\u00a0\" \/>\n<meta property=\"article:publisher\" content=\"https:\/\/www.facebook.com\/teiaeducation\/\" \/>\n<meta property=\"og:image\" content=\"https:\/\/teiaeducation.ch\/wp-content\/uploads\/2024\/08\/Sarahs-Silks-silk-sea-mini-streamer.webp\" \/>\n\t<meta property=\"og:image:width\" content=\"1080\" \/>\n\t<meta property=\"og:image:height\" content=\"1080\" \/>\n\t<meta property=\"og:image:type\" content=\"image\/webp\" \/>\n<script type=\"application\/ld+json\" class=\"yoast-schema-graph\">{\"@context\":\"https:\\\/\\\/schema.org\",\"@graph\":[{\"@type\":\"WebPage\",\"@id\":\"https:\\\/\\\/teiaeducation.ch\\\/de\\\/produkt\\\/seide-meeres-mini-streamer-sarahs-silks\\\/\",\"url\":\"https:\\\/\\\/teiaeducation.ch\\\/de\\\/produkt\\\/seide-meeres-mini-streamer-sarahs-silks\\\/\",\"name\":\"Seide Meeres mini streamer - Sarah's Silks - Teia Education & Play\",\"isPartOf\":{\"@id\":\"https:\\\/\\\/teiaeducation.ch\\\/de\\\/#website\"},\"primaryImageOfPage\":{\"@id\":\"https:\\\/\\\/teiaeducation.ch\\\/de\\\/produkt\\\/seide-meeres-mini-streamer-sarahs-silks\\\/#primaryimage\"},\"image\":{\"@id\":\"https:\\\/\\\/teiaeducation.ch\\\/de\\\/produkt\\\/seide-meeres-mini-streamer-sarahs-silks\\\/#primaryimage\"},\"thumbnailUrl\":\"https:\\\/\\\/teiaeducation.ch\\\/wp-content\\\/uploads\\\/2024\\\/08\\\/Sarahs-Silks-silk-sea-mini-streamer.webp\",\"datePublished\":\"2024-08-22T09:27:19+00:00\",\"description\":\"Ein wundersch\u00f6ner, von Waldorf inspirierter Mini-Streamer aus nat\u00fcrlicher Seide in lebhaften Meeresfarben von Sarah's Silks, der zum aktiven Spielen anregt.\",\"breadcrumb\":{\"@id\":\"https:\\\/\\\/teiaeducation.ch\\\/de\\\/produkt\\\/seide-meeres-mini-streamer-sarahs-silks\\\/#breadcrumb\"},\"inLanguage\":\"de-CH\",\"potentialAction\":[{\"@type\":\"ReadAction\",\"target\":[\"https:\\\/\\\/teiaeducation.ch\\\/de\\\/produkt\\\/seide-meeres-mini-streamer-sarahs-silks\\\/\"]}]},{\"@type\":\"ImageObject\",\"inLanguage\":\"de-CH\",\"@id\":\"https:\\\/\\\/teiaeducation.ch\\\/de\\\/produkt\\\/seide-meeres-mini-streamer-sarahs-silks\\\/#primaryimage\",\"url\":\"https:\\\/\\\/teiaeducation.ch\\\/wp-content\\\/uploads\\\/2024\\\/08\\\/Sarahs-Silks-silk-sea-mini-streamer.webp\",\"contentUrl\":\"https:\\\/\\\/teiaeducation.ch\\\/wp-content\\\/uploads\\\/2024\\\/08\\\/Sarahs-Silks-silk-sea-mini-streamer.webp\",\"width\":1080,\"height\":1080,\"caption\":\"Sarah's Silks Seide Meeres mini streamer\"},{\"@type\":\"BreadcrumbList\",\"@id\":\"https:\\\/\\\/teiaeducation.ch\\\/de\\\/produkt\\\/seide-meeres-mini-streamer-sarahs-silks\\\/#breadcrumb\",\"itemListElement\":[{\"@type\":\"ListItem\",\"position\":1,\"name\":\"Home\",\"item\":\"https:\\\/\\\/teiaeducation.ch\\\/de\\\/\"},{\"@type\":\"ListItem\",\"position\":2,\"name\":\"Laden\",\"item\":\"https:\\\/\\\/teiaeducation.ch\\\/de\\\/shop\\\/\"},{\"@type\":\"ListItem\",\"position\":3,\"name\":\"Seide Meeres mini streamer &#8211; Sarah&#8217;s Silks\"}]},{\"@type\":\"WebSite\",\"@id\":\"https:\\\/\\\/teiaeducation.ch\\\/de\\\/#website\",\"url\":\"https:\\\/\\\/teiaeducation.ch\\\/de\\\/\",\"name\":\"Sustainable Educational Products &amp; Ecological Toys\u00a0\",\"description\":\"Specialised Swiss shop selling sustainable educational toys and games, AMI certified Montessori materials, handmade ecological wooden Waldorf toys and arts &amp; crafts supplies, school supplies, children&#039;s furniture and Montessori reference and parenting books.\",\"publisher\":{\"@id\":\"https:\\\/\\\/teiaeducation.ch\\\/de\\\/#organization\"},\"alternateName\":\"Teia Education & Play\",\"potentialAction\":[{\"@type\":\"SearchAction\",\"target\":{\"@type\":\"EntryPoint\",\"urlTemplate\":\"https:\\\/\\\/teiaeducation.ch\\\/de\\\/?s={search_term_string}\"},\"query-input\":{\"@type\":\"PropertyValueSpecification\",\"valueRequired\":true,\"valueName\":\"search_term_string\"}}],\"inLanguage\":\"de-CH\"},{\"@type\":\"Organization\",\"@id\":\"https:\\\/\\\/teiaeducation.ch\\\/de\\\/#organization\",\"name\":\"Teia Education & Play\",\"url\":\"https:\\\/\\\/teiaeducation.ch\\\/de\\\/\",\"logo\":{\"@type\":\"ImageObject\",\"inLanguage\":\"de-CH\",\"@id\":\"https:\\\/\\\/teiaeducation.ch\\\/de\\\/#\\\/schema\\\/logo\\\/image\\\/\",\"url\":\"https:\\\/\\\/teiaeducation.ch\\\/wp-content\\\/uploads\\\/2020\\\/11\\\/Teia-Education-Switzerland-e1620156442216.jpg\",\"contentUrl\":\"https:\\\/\\\/teiaeducation.ch\\\/wp-content\\\/uploads\\\/2020\\\/11\\\/Teia-Education-Switzerland-e1620156442216.jpg\",\"width\":166,\"height\":145,\"caption\":\"Teia Education & Play\"},\"image\":{\"@id\":\"https:\\\/\\\/teiaeducation.ch\\\/de\\\/#\\\/schema\\\/logo\\\/image\\\/\"},\"sameAs\":[\"https:\\\/\\\/www.facebook.com\\\/teiaeducation\\\/\",\"https:\\\/\\\/x.com\\\/EducationTeia\",\"https:\\\/\\\/www.instagram.com\\\/teia.education\\\/\",\"https:\\\/\\\/www.linkedin.com\\\/company\\\/35501660\",\"https:\\\/\\\/www.pinterest.ch\\\/TeiaEducation\\\/\"]}]}<\/script>\n<meta property=\"product:price:amount\" content=\"17.90\" \/>\n<meta property=\"product:price:currency\" content=\"CHF\" \/>\n<meta property=\"og:availability\" content=\"instock\" \/>\n<meta property=\"product:availability\" content=\"instock\" \/>\n<meta property=\"product:condition\" content=\"new\" \/>\n<!-- \/ Yoast SEO Premium plugin. -->","yoast_head_json":{"title":"Seide Meeres mini streamer - Sarah's Silks - Teia Education & Play","description":"Ein wundersch\u00f6ner, von Waldorf inspirierter Mini-Streamer aus nat\u00fcrlicher Seide in lebhaften Meeresfarben von Sarah's Silks, der zum aktiven Spielen anregt.","robots":{"index":"index","follow":"follow","max-snippet":"max-snippet:-1","max-image-preview":"max-image-preview:large","max-video-preview":"max-video-preview:-1"},"canonical":"https:\/\/teiaeducation.ch\/de\/produkt\/seide-meeres-mini-streamer-sarahs-silks\/","og_locale":"de_DE","og_type":"article","og_title":"Seide Meeres mini streamer - Sarah's Silks","og_description":"Ein wundersch\u00f6ner, von Waldorf inspirierter Mini-Streamer aus nat\u00fcrlicher Seide in lebhaften Meeresfarben von Sarah's Silks, der zum aktiven Spielen anregt.","og_url":"https:\/\/teiaeducation.ch\/de\/produkt\/seide-meeres-mini-streamer-sarahs-silks\/","og_site_name":"Sustainable Educational Products &amp; Ecological Toys\u00a0","article_publisher":"https:\/\/www.facebook.com\/teiaeducation\/","og_image":[{"width":1080,"height":1080,"url":"https:\/\/teiaeducation.ch\/wp-content\/uploads\/2024\/08\/Sarahs-Silks-silk-sea-mini-streamer.webp","type":"image\/webp"}],"schema":{"@context":"https:\/\/schema.org","@graph":[{"@type":"WebPage","@id":"https:\/\/teiaeducation.ch\/de\/produkt\/seide-meeres-mini-streamer-sarahs-silks\/","url":"https:\/\/teiaeducation.ch\/de\/produkt\/seide-meeres-mini-streamer-sarahs-silks\/","name":"Seide Meeres mini streamer - Sarah's Silks - Teia Education & Play","isPartOf":{"@id":"https:\/\/teiaeducation.ch\/de\/#website"},"primaryImageOfPage":{"@id":"https:\/\/teiaeducation.ch\/de\/produkt\/seide-meeres-mini-streamer-sarahs-silks\/#primaryimage"},"image":{"@id":"https:\/\/teiaeducation.ch\/de\/produkt\/seide-meeres-mini-streamer-sarahs-silks\/#primaryimage"},"thumbnailUrl":"https:\/\/teiaeducation.ch\/wp-content\/uploads\/2024\/08\/Sarahs-Silks-silk-sea-mini-streamer.webp","datePublished":"2024-08-22T09:27:19+00:00","description":"Ein wundersch\u00f6ner, von Waldorf inspirierter Mini-Streamer aus nat\u00fcrlicher Seide in lebhaften Meeresfarben von Sarah's Silks, der zum aktiven Spielen anregt.","breadcrumb":{"@id":"https:\/\/teiaeducation.ch\/de\/produkt\/seide-meeres-mini-streamer-sarahs-silks\/#breadcrumb"},"inLanguage":"de-CH","potentialAction":[{"@type":"ReadAction","target":["https:\/\/teiaeducation.ch\/de\/produkt\/seide-meeres-mini-streamer-sarahs-silks\/"]}]},{"@type":"ImageObject","inLanguage":"de-CH","@id":"https:\/\/teiaeducation.ch\/de\/produkt\/seide-meeres-mini-streamer-sarahs-silks\/#primaryimage","url":"https:\/\/teiaeducation.ch\/wp-content\/uploads\/2024\/08\/Sarahs-Silks-silk-sea-mini-streamer.webp","contentUrl":"https:\/\/teiaeducation.ch\/wp-content\/uploads\/2024\/08\/Sarahs-Silks-silk-sea-mini-streamer.webp","width":1080,"height":1080,"caption":"Sarah's Silks Seide Meeres mini streamer"},{"@type":"BreadcrumbList","@id":"https:\/\/teiaeducation.ch\/de\/produkt\/seide-meeres-mini-streamer-sarahs-silks\/#breadcrumb","itemListElement":[{"@type":"ListItem","position":1,"name":"Home","item":"https:\/\/teiaeducation.ch\/de\/"},{"@type":"ListItem","position":2,"name":"Laden","item":"https:\/\/teiaeducation.ch\/de\/shop\/"},{"@type":"ListItem","position":3,"name":"Seide Meeres mini streamer &#8211; Sarah&#8217;s Silks"}]},{"@type":"WebSite","@id":"https:\/\/teiaeducation.ch\/de\/#website","url":"https:\/\/teiaeducation.ch\/de\/","name":"Sustainable Educational Products &amp; Ecological Toys\u00a0","description":"Specialised Swiss shop selling sustainable educational toys and games, AMI certified Montessori materials, handmade ecological wooden Waldorf toys and arts &amp; crafts supplies, school supplies, children&#039;s furniture and Montessori reference and parenting books.","publisher":{"@id":"https:\/\/teiaeducation.ch\/de\/#organization"},"alternateName":"Teia Education & Play","potentialAction":[{"@type":"SearchAction","target":{"@type":"EntryPoint","urlTemplate":"https:\/\/teiaeducation.ch\/de\/?s={search_term_string}"},"query-input":{"@type":"PropertyValueSpecification","valueRequired":true,"valueName":"search_term_string"}}],"inLanguage":"de-CH"},{"@type":"Organization","@id":"https:\/\/teiaeducation.ch\/de\/#organization","name":"Teia Education & Play","url":"https:\/\/teiaeducation.ch\/de\/","logo":{"@type":"ImageObject","inLanguage":"de-CH","@id":"https:\/\/teiaeducation.ch\/de\/#\/schema\/logo\/image\/","url":"https:\/\/teiaeducation.ch\/wp-content\/uploads\/2020\/11\/Teia-Education-Switzerland-e1620156442216.jpg","contentUrl":"https:\/\/teiaeducation.ch\/wp-content\/uploads\/2020\/11\/Teia-Education-Switzerland-e1620156442216.jpg","width":166,"height":145,"caption":"Teia Education & Play"},"image":{"@id":"https:\/\/teiaeducation.ch\/de\/#\/schema\/logo\/image\/"},"sameAs":["https:\/\/www.facebook.com\/teiaeducation\/","https:\/\/x.com\/EducationTeia","https:\/\/www.instagram.com\/teia.education\/","https:\/\/www.linkedin.com\/company\/35501660","https:\/\/www.pinterest.ch\/TeiaEducation\/"]}]},"product_price_amount":"17.90","product_price_currency":"CHF","og_availability":"instock","product_availability":"instock","product_condition":"new"},"_links":{"self":[{"href":"https:\/\/teiaeducation.ch\/de\/wp-json\/wp\/v2\/product\/72872","targetHints":{"allow":["GET"]}}],"collection":[{"href":"https:\/\/teiaeducation.ch\/de\/wp-json\/wp\/v2\/product"}],"about":[{"href":"https:\/\/teiaeducation.ch\/de\/wp-json\/wp\/v2\/types\/product"}],"replies":[{"embeddable":true,"href":"https:\/\/teiaeducation.ch\/de\/wp-json\/wp\/v2\/comments?post=72872"}],"wp:featuredmedia":[{"embeddable":true,"href":"https:\/\/teiaeducation.ch\/de\/wp-json\/wp\/v2\/media\/61928"}],"wp:attachment":[{"href":"https:\/\/teiaeducation.ch\/de\/wp-json\/wp\/v2\/media?parent=72872"}],"wp:term":[{"taxonomy":"product_brand","embeddable":true,"href":"https:\/\/teiaeducation.ch\/de\/wp-json\/wp\/v2\/product_brand?post=72872"},{"taxonomy":"product_cat","embeddable":true,"href":"https:\/\/teiaeducation.ch\/de\/wp-json\/wp\/v2\/product_cat?post=72872"},{"taxonomy":"product_tag","embeddable":true,"href":"https:\/\/teiaeducation.ch\/de\/wp-json\/wp\/v2\/product_tag?post=72872"}],"curies":[{"name":"wp","href":"https:\/\/api.w.org\/{rel}","templated":true}]}}