{"id":72875,"date":"2024-08-22T10:33:15","date_gmt":"2024-08-22T08:33:15","guid":{"rendered":"https:\/\/teiaeducation.ch\/product\/seidenumhang-zircus-limitierte-auflage-sarahs-silks\/"},"modified":"2024-08-22T10:33:15","modified_gmt":"2024-08-22T08:33:15","slug":"seidenumhang-zircus-limitierte-auflage-sarahs-silks","status":"publish","type":"product","link":"https:\/\/teiaeducation.ch\/de\/produkt\/seidenumhang-zircus-limitierte-auflage-sarahs-silks\/","title":{"rendered":"Seidenumhang Zircus limitierte Auflage &#8211; Sarah&#8217;s Silks"},"content":{"rendered":"<p>Ein wundersch\u00f6ner, von Waldorf inspirierter, schwerer Seidenumhang Zircus limitierte Auflage von Sarah&#8217;s Silks f\u00fcr Geburtstagsfeiern und zum Verkleiden in einem lustigen und lebhaften Zirkusthema. Dieser Umhang in limitierter Auflage ist eine Zusammenarbeit zwischen Sarah&#8217;s Silks und <a href=\"https:\/\/www.phoebewahl.com\/\">Phoebe Wahl<\/a> und enth\u00e4lt Illustrationen der in den USA lebenden Illustratorin, Bildhauerin und Kinderbuchautorin. <\/p>\n<p>Der Zirkusumhang passt den meisten Kindern im Alter von 3 bis 8 Jahren und ist etwa 82 Zentimeter lang. Er besteht zu 100 % aus fair gehandelter Seide, ist von Hand ges\u00e4umt und mit ungiftigen, umweltfreundlichen Farbstoffen gef\u00e4rbt.  Das elastische Halsband und die Satinb\u00e4nder erm\u00f6glichen ein einfaches An- und Ausziehen des Umhangs.<\/p>\n<p><span class=\"a-list-item\">Als unverzichtbares Accessoire f\u00fcr Geburtstage, kombiniert mit einer <a href=\"https:\/\/teiaeducation.ch\/produkt\/reversible-silk-birthday-crown-sea-sarahs-silks\/\">Krone<\/a>, Verkleidungen und Ausfl\u00fcgen in die Welt der <a href=\"https:\/\/teiaeducation.ch\/de\/produkt-kategorie\/kinder-spielzeug\/waldorfspielzeug\/\">Waldorf<\/a>-Fantasie und des fantasievollen Spiels, verwandelt der Zirkumantel das Kind in eine Fee, Prinzessin oder alles, was seine Fantasie sich ausdenkt. Dieser Seidenumhang ist weich und flie\u00dfend und wird noch viele Jahre lang in der Verkleidungskiste Ihres Kindes zu finden sein!<\/span> <\/p>\n<p>Inhalt:<\/p>\n<p>1 Seidenumhang im Zirkusstil aus 100 % Seide (82 cm)<\/p>\n<h2>Pflegehinweise<\/h2>\n<p>Waschen mit der Hand, trocknen es auf der Leine und b\u00fcgeln es auf mittlerer Stufe, um den nat\u00fcrlichen Glanz der Seide wiederherzustellen \u2013 bitte beachten Sie die Schritt-f\u00fcr-Schritt-<a href=\"https:\/\/www.sarahssilks.com\/blogs\/journal\/how-to-wash-playsilks\">Anleitung<\/a> von Sarah\u2019s Silks um Ihre Seidenartikel zu waschen.<\/p>\n<h2>R\u00fcckgabepolitik<\/h2>\n<p>Alle zur\u00fcckgesandten Artikel m\u00fcssen sich in ihrem Originalzustand befinden und die Originalverpackung sowie die Etiketten m\u00fcssen angebracht und intakt sein. Gebrauchte oder gewaschene Artikel k\u00f6nnen nicht zur\u00fcckgegeben werden.<\/p>\n<h2>\u00dcber Sarah&#8217;s Silks<\/h2>\n<p><a href=\"https:\/\/teiaeducation.ch\/de\/produkt-kategorie\/unsere-marken\/sarahs-silks-de\/\">Sarah&#8217;s Silks<\/a> ist ein Familienunternehmen mit Sitz in den USA, das sich auf von <a href=\"https:\/\/teiaeducation.ch\/produktkategorie\/erziehungsmethode\/waldorf-steiner-spielzeug-bastelmaterialen\/\">Waldorf<\/a> inspiriertes, <a href=\"https:\/\/teiaeducation.ch\/de\/produkt-kategorie\/kinder-spielzeug\/naturspiel\/\">nat\u00fcrliches<\/a> und nachhaltiges Spielzeug spezialisiert hat, das die <a href=\"https:\/\/teiaeducation.ch\/de\/produkt-kategorie\/kinder-spielzeug\/phantasievoll-rollenspiel\/\">Fantasie<\/a> von Babys und Kindern anregt. Die Mission von Sarah&#8217;s Silks ist es, nachhaltiges, offenes und freies Spielzeug herzustellen, das unsere Kinder lehrt Mutter Erde zu lieben und zu pflegen. Die wundersch\u00f6nen Spielt\u00fccher, Baumwollt\u00fccher, Umh\u00e4nge, Feenkleider, Schleier, Fl\u00fcgel, Kronen, R\u00f6cke, Kleider, Schwerter, Schilde, Skytails und Luftschlangen von Sarah&#8217;s Silks eignen sich perfekt f\u00fcr freies Spielen, Verkleiden und Rollenspiele in Waldorf-Haushalten, Kindertagesst\u00e4tten und <a href=\"https:\/\/teiaeducation.ch\/waldorf-steiner-schulen-lieferungen\/\">Steiner-Schulen<\/a>.<\/p>\n<p>Alle <a href=\"https:\/\/teiaeducation.ch\/de\/produkt-kategorie\/unsere-marken\/sarahs-silks-de\/verkleidungen\/\">Seiden<\/a>kost\u00fcme, <a href=\"https:\/\/teiaeducation.ch\/de\/produkt-kategorie\/unsere-marken\/sarahs-silks-de\/spielzeuge-aus-seide\/\">Holzspielzeuge<\/a> und <a href=\"https:\/\/teiaeducation.ch\/de\/produkt-kategorie\/unsere-marken\/sarahs-silks-de\/spielzeuge-aus-holz\/\">Spielt\u00fccher<\/a> von Sarah&#8217;s <a href=\"https:\/\/teiaeducation.ch\/de\/produkt-kategorie\/unsere-marken\/sarahs-silks-de\/seidenspieltuecher-einfarbig\/\">Silks<\/a> werden aus hochwertiger, nachhaltiger chinesischer Seide hergestellt. Jedes Seidenprodukt wird von N\u00e4herinnen gewebt, gef\u00e4rbt und von Hand ges\u00e4umt, die in einem kleinen Dorf in der N\u00e4he von Suzhou, China, arbeiten. Anschlie\u00dfend werden sie im Hauptsitz von Sarah&#8217;s Silks im kalifornischen Sonoma County von Hand bemalt und fertiggestellt.<\/p>\n<p>Die Spielt\u00fccher von Sarah&#8217;s Silks eignen sich auch perfekt zum Verpacken von Geschenken, als h\u00fcbsche Dekoration f\u00fcr <a href=\"https:\/\/teiaeducation.ch\/de\/produkt-kategorie\/feier-festlichkeiten\/natur-saisonale-tische-de\/\">Natur- und Jahreszeitentische<\/a>, als Dekoration f\u00fcr <a href=\"https:\/\/teiaeducation.ch\/de\/produkt-kategorie\/feier-festlichkeiten\/geburtstage\/\">Geburtstag<\/a>sfeiern oder f\u00fcr den Einsatz in Rhythmikunterricht.<\/p>\n<p>Kinder lieben die leuchtenden, wundersch\u00f6n aufeinander abgestimmten Farben und die weiche Haptik der Spielt\u00fccher, <a href=\"https:\/\/teiaeducation.ch\/de\/produkt-kategorie\/unsere-marken\/sarahs-silks-de\/baumwolltuecher\/\">Baumwollspielt\u00fccher<\/a> und Seidenkleidung. Sie werden mit ungiftigen, umweltfreundlichen Farbstoffen und nat\u00fcrlichen Fasern aus 100% echter Seide und 100% Baumwolle hergestellt und haben strenge amerikanische und europ\u00e4ische Sicherheitstests bestanden und sind f\u00fcr Kinder jeden Alters geeignet.<\/p>\n","protected":false},"excerpt":{"rendered":"<p>Artikelnummer: SS5035<\/p>\n<p>Ein wundersch\u00f6ner, schwerer Seidenumhang aus Naturmaterial, limitierte Auflage von Sarah&#8217;s Silks in Zusammenarbeit mit Phoebe Wahl, mit einem lustigen Zirkusmotiv!<\/p>\n","protected":false},"featured_media":61900,"comment_status":"open","ping_status":"closed","template":"","meta":[],"product_brand":[32610],"product_cat":[21445,21446,21479,21465,22347,21492,21484,21443,21563,21687,21666,21678,21685,21564,25826,21483,22919],"product_tag":[32638,32630,32636,32633,32628,32629,32637,22927,32640,32639,22921,32644,23738,22920,32642,32641,32851,32643,32627,32645,32651,32646,32634,32635,32632,22928,32648,32650,22932,32647,32631,32649],"class_list":{"0":"post-72875","1":"product","2":"type-product","3":"status-publish","4":"has-post-thumbnail","6":"product_brand-sarahs-silks","7":"product_cat-3-6-jahre-vorschule","8":"product_cat-6-12-jahre-grundschule","9":"product_cat-lernmaterialien-spielzeug-montessori-waldorf-steiner-froebel","10":"product_cat-feier-festlichkeiten","11":"product_cat-geburtstage","12":"product_cat-geschenk-guide-stoffspielzeug","13":"product_cat-geschenk-guides","14":"product_cat-nach-alter","15":"product_cat-neuheiten","16":"product_cat-phantasievoll-rollenspiel","17":"product_cat-sarahs-silks-de","18":"product_cat-kinder-spielzeug","19":"product_cat-stoffspielzeug","20":"product_cat-unsere-marken","21":"product_cat-verkleidungen","22":"product_cat-waldorf-steiner-paedagogik","23":"product_cat-waldorfspielzeug","24":"product_tag-fantasievolles-spielumhang","25":"product_tag-fantasievolles-spielzeug","26":"product_tag-geburtstagsumhang","27":"product_tag-geburtstagsumhang-seide","28":"product_tag-hochwertige-accessoires-aus-seide-zum-verkleiden","29":"product_tag-hochwertige-verkleidung","30":"product_tag-hochwertiger-umhang-zum-verkleiden","31":"product_tag-hochwertiges-verkleidungszubehor","32":"product_tag-regenbogen-geburtstagsumhang","33":"product_tag-regenbogenfarbene-seidenumhang","34":"product_tag-sarahs-silks-de","35":"product_tag-sarahs-silks-geburtstagsumhang-2","36":"product_tag-sarahs-silks-geburtstagsumhang","37":"product_tag-sarahs-silks-schweiz-de","38":"product_tag-sarahs-silks-seidenumhang","39":"product_tag-sarahs-silks-umhang","40":"product_tag-sarahs-silks-umhang-meer-2","41":"product_tag-sarahs-silks-umhang-meer","42":"product_tag-sarahs-silks-waldorf-spielzeuge","43":"product_tag-seidenumhang","44":"product_tag-seidenumhang-verzaubertes-meer-von-sarahs-silks","45":"product_tag-seidenumhang-hellblau","46":"product_tag-stoffumhang-aus-seide","47":"product_tag-stoffumhang-fur-kinder","48":"product_tag-verkleiden-waldorf","49":"product_tag-waldorf-geburtstagskrone","50":"product_tag-waldorf-geburtstagsumhang","51":"product_tag-waldorf-geburtstagsumhang-seide","52":"product_tag-waldorf-krone","53":"product_tag-waldorf-umhang","54":"product_tag-waldorf-kronengeburtstag","55":"product_tag-waldorf-spielumhang","57":"first","58":"instock","59":"taxable","60":"shipping-taxable","61":"purchasable","62":"product-type-simple"},"yoast_head":"<!-- This site is optimized with the Yoast SEO plugin v27.1.1 - https:\/\/yoast.com\/product\/yoast-seo-wordpress\/ -->\n<title>Seidenumhang Zircus limitierte Auflage - Sarah&#039;s Silks - Teia Education &amp; Play<\/title>\n<meta name=\"description\" content=\"Ein wundersch\u00f6ner, schwerer Seidenumhang aus Naturmaterial, limitierte Auflage von Sarah&#039;s Silks in Zusammenarbeit mit Phoebe Wahl, mit einem lustigen Zirkusmotiv.\" \/>\n<meta name=\"robots\" content=\"index, follow, max-snippet:-1, max-image-preview:large, max-video-preview:-1\" \/>\n<link rel=\"canonical\" href=\"https:\/\/teiaeducation.ch\/de\/produkt\/seidenumhang-zircus-limitierte-auflage-sarahs-silks\/\" \/>\n<meta property=\"og:locale\" content=\"de_DE\" \/>\n<meta property=\"og:type\" content=\"article\" \/>\n<meta property=\"og:title\" content=\"Seidenumhang Zircus limitierte Auflage - Sarah&#039;s Silks - Teia Education &amp; Play\" \/>\n<meta property=\"og:description\" content=\"Ein wundersch\u00f6ner, schwerer Seidenumhang aus Naturmaterial, limitierte Auflage von Sarah&#039;s Silks in Zusammenarbeit mit Phoebe Wahl, mit einem lustigen Zirkusmotiv.\" \/>\n<meta property=\"og:url\" content=\"https:\/\/teiaeducation.ch\/de\/produkt\/seidenumhang-zircus-limitierte-auflage-sarahs-silks\/\" \/>\n<meta property=\"og:site_name\" content=\"Sustainable Educational Products &amp; Ecological Toys\u00a0\" \/>\n<meta property=\"article:publisher\" content=\"https:\/\/www.facebook.com\/teiaeducation\/\" \/>\n<meta property=\"og:image\" content=\"https:\/\/teiaeducation.ch\/wp-content\/uploads\/2024\/08\/Silk-limited-edition-cape-circus-Sarahs-Silks-Phoebe-Wahl-4.jpg\" \/>\n\t<meta property=\"og:image:width\" content=\"1080\" \/>\n\t<meta property=\"og:image:height\" content=\"1080\" \/>\n\t<meta property=\"og:image:type\" content=\"image\/jpeg\" \/>\n<script type=\"application\/ld+json\" class=\"yoast-schema-graph\">{\"@context\":\"https:\/\/schema.org\",\"@graph\":[{\"@type\":\"WebPage\",\"@id\":\"https:\/\/teiaeducation.ch\/de\/produkt\/seidenumhang-zircus-limitierte-auflage-sarahs-silks\/\",\"url\":\"https:\/\/teiaeducation.ch\/de\/produkt\/seidenumhang-zircus-limitierte-auflage-sarahs-silks\/\",\"name\":\"Seidenumhang Zircus limitierte Auflage - Sarah's Silks - Teia Education & Play\",\"isPartOf\":{\"@id\":\"https:\/\/teiaeducation.ch\/de\/#website\"},\"primaryImageOfPage\":{\"@id\":\"https:\/\/teiaeducation.ch\/de\/produkt\/seidenumhang-zircus-limitierte-auflage-sarahs-silks\/#primaryimage\"},\"image\":{\"@id\":\"https:\/\/teiaeducation.ch\/de\/produkt\/seidenumhang-zircus-limitierte-auflage-sarahs-silks\/#primaryimage\"},\"thumbnailUrl\":\"https:\/\/teiaeducation.ch\/wp-content\/uploads\/2024\/08\/Silk-limited-edition-cape-circus-Sarahs-Silks-Phoebe-Wahl-4.jpg\",\"datePublished\":\"2024-08-22T08:33:15+00:00\",\"description\":\"Ein wundersch\u00f6ner, schwerer Seidenumhang aus Naturmaterial, limitierte Auflage von Sarah's Silks in Zusammenarbeit mit Phoebe Wahl, mit einem lustigen Zirkusmotiv.\",\"breadcrumb\":{\"@id\":\"https:\/\/teiaeducation.ch\/de\/produkt\/seidenumhang-zircus-limitierte-auflage-sarahs-silks\/#breadcrumb\"},\"inLanguage\":\"de-CH\",\"potentialAction\":[{\"@type\":\"ReadAction\",\"target\":[\"https:\/\/teiaeducation.ch\/de\/produkt\/seidenumhang-zircus-limitierte-auflage-sarahs-silks\/\"]}]},{\"@type\":\"ImageObject\",\"inLanguage\":\"de-CH\",\"@id\":\"https:\/\/teiaeducation.ch\/de\/produkt\/seidenumhang-zircus-limitierte-auflage-sarahs-silks\/#primaryimage\",\"url\":\"https:\/\/teiaeducation.ch\/wp-content\/uploads\/2024\/08\/Silk-limited-edition-cape-circus-Sarahs-Silks-Phoebe-Wahl-4.jpg\",\"contentUrl\":\"https:\/\/teiaeducation.ch\/wp-content\/uploads\/2024\/08\/Silk-limited-edition-cape-circus-Sarahs-Silks-Phoebe-Wahl-4.jpg\",\"width\":1080,\"height\":1080,\"caption\":\"Seidenumhang Zircus limitierte Auflage Sarah's Silks Phoebe Wahl\"},{\"@type\":\"BreadcrumbList\",\"@id\":\"https:\/\/teiaeducation.ch\/de\/produkt\/seidenumhang-zircus-limitierte-auflage-sarahs-silks\/#breadcrumb\",\"itemListElement\":[{\"@type\":\"ListItem\",\"position\":1,\"name\":\"Home\",\"item\":\"https:\/\/teiaeducation.ch\/de\/\"},{\"@type\":\"ListItem\",\"position\":2,\"name\":\"Laden\",\"item\":\"https:\/\/teiaeducation.ch\/de\/shop\/\"},{\"@type\":\"ListItem\",\"position\":3,\"name\":\"Seidenumhang Zircus limitierte Auflage &#8211; Sarah&#8217;s Silks\"}]},{\"@type\":\"WebSite\",\"@id\":\"https:\/\/teiaeducation.ch\/de\/#website\",\"url\":\"https:\/\/teiaeducation.ch\/de\/\",\"name\":\"Sustainable Educational Products &amp; Ecological Toys\u00a0\",\"description\":\"Specialised Swiss shop selling sustainable educational toys and games, AMI certified Montessori materials, handmade ecological wooden Waldorf toys and arts &amp; crafts supplies, school supplies, children&#039;s furniture and Montessori reference and parenting books.\",\"publisher\":{\"@id\":\"https:\/\/teiaeducation.ch\/de\/#organization\"},\"alternateName\":\"Teia Education & Play\",\"potentialAction\":[{\"@type\":\"SearchAction\",\"target\":{\"@type\":\"EntryPoint\",\"urlTemplate\":\"https:\/\/teiaeducation.ch\/de\/?s={search_term_string}\"},\"query-input\":{\"@type\":\"PropertyValueSpecification\",\"valueRequired\":true,\"valueName\":\"search_term_string\"}}],\"inLanguage\":\"de-CH\"},{\"@type\":\"Organization\",\"@id\":\"https:\/\/teiaeducation.ch\/de\/#organization\",\"name\":\"Teia Education & Play\",\"url\":\"https:\/\/teiaeducation.ch\/de\/\",\"logo\":{\"@type\":\"ImageObject\",\"inLanguage\":\"de-CH\",\"@id\":\"https:\/\/teiaeducation.ch\/de\/#\/schema\/logo\/image\/\",\"url\":\"https:\/\/teiaeducation.ch\/wp-content\/uploads\/2020\/11\/Teia-Education-Switzerland-e1620156442216.jpg\",\"contentUrl\":\"https:\/\/teiaeducation.ch\/wp-content\/uploads\/2020\/11\/Teia-Education-Switzerland-e1620156442216.jpg\",\"width\":166,\"height\":145,\"caption\":\"Teia Education & Play\"},\"image\":{\"@id\":\"https:\/\/teiaeducation.ch\/de\/#\/schema\/logo\/image\/\"},\"sameAs\":[\"https:\/\/www.facebook.com\/teiaeducation\/\",\"https:\/\/x.com\/EducationTeia\",\"https:\/\/www.instagram.com\/teia.education\/\",\"https:\/\/www.linkedin.com\/company\/35501660\",\"https:\/\/www.pinterest.ch\/TeiaEducation\/\"]}]}<\/script>\n<!-- \/ Yoast SEO plugin. -->","yoast_head_json":{"title":"Seidenumhang Zircus limitierte Auflage - Sarah's Silks - Teia Education & Play","description":"Ein wundersch\u00f6ner, schwerer Seidenumhang aus Naturmaterial, limitierte Auflage von Sarah's Silks in Zusammenarbeit mit Phoebe Wahl, mit einem lustigen Zirkusmotiv.","robots":{"index":"index","follow":"follow","max-snippet":"max-snippet:-1","max-image-preview":"max-image-preview:large","max-video-preview":"max-video-preview:-1"},"canonical":"https:\/\/teiaeducation.ch\/de\/produkt\/seidenumhang-zircus-limitierte-auflage-sarahs-silks\/","og_locale":"de_DE","og_type":"article","og_title":"Seidenumhang Zircus limitierte Auflage - Sarah's Silks - Teia Education & Play","og_description":"Ein wundersch\u00f6ner, schwerer Seidenumhang aus Naturmaterial, limitierte Auflage von Sarah's Silks in Zusammenarbeit mit Phoebe Wahl, mit einem lustigen Zirkusmotiv.","og_url":"https:\/\/teiaeducation.ch\/de\/produkt\/seidenumhang-zircus-limitierte-auflage-sarahs-silks\/","og_site_name":"Sustainable Educational Products &amp; Ecological Toys\u00a0","article_publisher":"https:\/\/www.facebook.com\/teiaeducation\/","og_image":[{"width":1080,"height":1080,"url":"https:\/\/teiaeducation.ch\/wp-content\/uploads\/2024\/08\/Silk-limited-edition-cape-circus-Sarahs-Silks-Phoebe-Wahl-4.jpg","type":"image\/jpeg"}],"schema":{"@context":"https:\/\/schema.org","@graph":[{"@type":"WebPage","@id":"https:\/\/teiaeducation.ch\/de\/produkt\/seidenumhang-zircus-limitierte-auflage-sarahs-silks\/","url":"https:\/\/teiaeducation.ch\/de\/produkt\/seidenumhang-zircus-limitierte-auflage-sarahs-silks\/","name":"Seidenumhang Zircus limitierte Auflage - Sarah's Silks - Teia Education & Play","isPartOf":{"@id":"https:\/\/teiaeducation.ch\/de\/#website"},"primaryImageOfPage":{"@id":"https:\/\/teiaeducation.ch\/de\/produkt\/seidenumhang-zircus-limitierte-auflage-sarahs-silks\/#primaryimage"},"image":{"@id":"https:\/\/teiaeducation.ch\/de\/produkt\/seidenumhang-zircus-limitierte-auflage-sarahs-silks\/#primaryimage"},"thumbnailUrl":"https:\/\/teiaeducation.ch\/wp-content\/uploads\/2024\/08\/Silk-limited-edition-cape-circus-Sarahs-Silks-Phoebe-Wahl-4.jpg","datePublished":"2024-08-22T08:33:15+00:00","description":"Ein wundersch\u00f6ner, schwerer Seidenumhang aus Naturmaterial, limitierte Auflage von Sarah's Silks in Zusammenarbeit mit Phoebe Wahl, mit einem lustigen Zirkusmotiv.","breadcrumb":{"@id":"https:\/\/teiaeducation.ch\/de\/produkt\/seidenumhang-zircus-limitierte-auflage-sarahs-silks\/#breadcrumb"},"inLanguage":"de-CH","potentialAction":[{"@type":"ReadAction","target":["https:\/\/teiaeducation.ch\/de\/produkt\/seidenumhang-zircus-limitierte-auflage-sarahs-silks\/"]}]},{"@type":"ImageObject","inLanguage":"de-CH","@id":"https:\/\/teiaeducation.ch\/de\/produkt\/seidenumhang-zircus-limitierte-auflage-sarahs-silks\/#primaryimage","url":"https:\/\/teiaeducation.ch\/wp-content\/uploads\/2024\/08\/Silk-limited-edition-cape-circus-Sarahs-Silks-Phoebe-Wahl-4.jpg","contentUrl":"https:\/\/teiaeducation.ch\/wp-content\/uploads\/2024\/08\/Silk-limited-edition-cape-circus-Sarahs-Silks-Phoebe-Wahl-4.jpg","width":1080,"height":1080,"caption":"Seidenumhang Zircus limitierte Auflage Sarah's Silks Phoebe Wahl"},{"@type":"BreadcrumbList","@id":"https:\/\/teiaeducation.ch\/de\/produkt\/seidenumhang-zircus-limitierte-auflage-sarahs-silks\/#breadcrumb","itemListElement":[{"@type":"ListItem","position":1,"name":"Home","item":"https:\/\/teiaeducation.ch\/de\/"},{"@type":"ListItem","position":2,"name":"Laden","item":"https:\/\/teiaeducation.ch\/de\/shop\/"},{"@type":"ListItem","position":3,"name":"Seidenumhang Zircus limitierte Auflage &#8211; Sarah&#8217;s Silks"}]},{"@type":"WebSite","@id":"https:\/\/teiaeducation.ch\/de\/#website","url":"https:\/\/teiaeducation.ch\/de\/","name":"Sustainable Educational Products &amp; Ecological Toys\u00a0","description":"Specialised Swiss shop selling sustainable educational toys and games, AMI certified Montessori materials, handmade ecological wooden Waldorf toys and arts &amp; crafts supplies, school supplies, children&#039;s furniture and Montessori reference and parenting books.","publisher":{"@id":"https:\/\/teiaeducation.ch\/de\/#organization"},"alternateName":"Teia Education & Play","potentialAction":[{"@type":"SearchAction","target":{"@type":"EntryPoint","urlTemplate":"https:\/\/teiaeducation.ch\/de\/?s={search_term_string}"},"query-input":{"@type":"PropertyValueSpecification","valueRequired":true,"valueName":"search_term_string"}}],"inLanguage":"de-CH"},{"@type":"Organization","@id":"https:\/\/teiaeducation.ch\/de\/#organization","name":"Teia Education & Play","url":"https:\/\/teiaeducation.ch\/de\/","logo":{"@type":"ImageObject","inLanguage":"de-CH","@id":"https:\/\/teiaeducation.ch\/de\/#\/schema\/logo\/image\/","url":"https:\/\/teiaeducation.ch\/wp-content\/uploads\/2020\/11\/Teia-Education-Switzerland-e1620156442216.jpg","contentUrl":"https:\/\/teiaeducation.ch\/wp-content\/uploads\/2020\/11\/Teia-Education-Switzerland-e1620156442216.jpg","width":166,"height":145,"caption":"Teia Education & Play"},"image":{"@id":"https:\/\/teiaeducation.ch\/de\/#\/schema\/logo\/image\/"},"sameAs":["https:\/\/www.facebook.com\/teiaeducation\/","https:\/\/x.com\/EducationTeia","https:\/\/www.instagram.com\/teia.education\/","https:\/\/www.linkedin.com\/company\/35501660","https:\/\/www.pinterest.ch\/TeiaEducation\/"]}]}},"_links":{"self":[{"href":"https:\/\/teiaeducation.ch\/de\/wp-json\/wp\/v2\/product\/72875","targetHints":{"allow":["GET"]}}],"collection":[{"href":"https:\/\/teiaeducation.ch\/de\/wp-json\/wp\/v2\/product"}],"about":[{"href":"https:\/\/teiaeducation.ch\/de\/wp-json\/wp\/v2\/types\/product"}],"replies":[{"embeddable":true,"href":"https:\/\/teiaeducation.ch\/de\/wp-json\/wp\/v2\/comments?post=72875"}],"wp:featuredmedia":[{"embeddable":true,"href":"https:\/\/teiaeducation.ch\/de\/wp-json\/wp\/v2\/media\/61900"}],"wp:attachment":[{"href":"https:\/\/teiaeducation.ch\/de\/wp-json\/wp\/v2\/media?parent=72875"}],"wp:term":[{"taxonomy":"product_brand","embeddable":true,"href":"https:\/\/teiaeducation.ch\/de\/wp-json\/wp\/v2\/product_brand?post=72875"},{"taxonomy":"product_cat","embeddable":true,"href":"https:\/\/teiaeducation.ch\/de\/wp-json\/wp\/v2\/product_cat?post=72875"},{"taxonomy":"product_tag","embeddable":true,"href":"https:\/\/teiaeducation.ch\/de\/wp-json\/wp\/v2\/product_tag?post=72875"}],"curies":[{"name":"wp","href":"https:\/\/api.w.org\/{rel}","templated":true}]}}