{"id":72880,"date":"2024-08-20T13:53:38","date_gmt":"2024-08-20T11:53:38","guid":{"rendered":"https:\/\/teiaeducation.ch\/product\/wendbarer-feenrock-verzauberte-sternennacht-sarahs-silks\/"},"modified":"2024-08-20T13:53:38","modified_gmt":"2024-08-20T11:53:38","slug":"wendbarer-feenrock-verzauberte-sternennacht-sarahs-silks","status":"publish","type":"product","link":"https:\/\/teiaeducation.ch\/de\/produkt\/wendbarer-feenrock-verzauberte-sternennacht-sarahs-silks\/","title":{"rendered":"Wendbarer Feenrock verzauberte Sternennacht &#8211; Sarah&#8217;s Silks"},"content":{"rendered":"<p>Der Wendbare Feenrock verzauberte Sternennacht von Sarah&#8217;s Silks hebt das Rollenspiel auf eine neue, wundersch\u00f6ne Ebene! Die bequemen und vielseitigen Seidenr\u00f6cke von Sarah&#8217;s Silks sind seit \u00fcber 25 Jahren ein fester Bestandteil jeder Verkleidungskiste. Dieser wundersch\u00f6ne Wenderock ist hochwertig verarbeitet und eignet sich sowohl zum Verkleiden als auch f\u00fcr fantasievolles Spielen im Alltag.  <\/p>\n<p>Der Feenrock Sternennacht besteht aus einer doppelten Lage handgef\u00e4rbter, nachhaltiger Seide in leuchtendem Blau mit zarten gelben Drucken. Der Saum ist so gen\u00e4ht, dass er in anmutigen Spitzen f\u00e4llt und wundersch\u00f6n drapiert, sodass er luftig, m\u00e4rchenhaft und verspielt ist. Der elastische Bund sorgt f\u00fcr eine bequeme Passform. <\/p>\n<p>Dieser weiche und bequeme Feenrock hat einen elastischen Bund, der f\u00fcr Kinder im Alter von 3 bis 9 Jahren geeignet ist und das selbstst\u00e4ndige Anziehen erleichtert. Er ist ca. 58 cm lang und aus zwei Lagen schwerer (8 Momme) 100 % reiner Seide gen\u00e4ht. Der Rock hat einen elastischen Bund, der sich bequem von 56 bis 90 cm dehnen l\u00e4sst.  <\/p>\n<p>Dies ist der perfekte Feenrock f\u00fcr viele magische, fantasievolle und <a href=\"https:\/\/teiaeducation.ch\/de\/produkt-kategorie\/kinder-spielzeug\/waldorfspielzeug\/\">Waldorf<\/a>-inspirierte Spiele f\u00fcr Kinder jeden Alters und passt gut zu den passenden Girlanden und Regenbogenschleiern von Sarah&#8217;s Silks. Die Kleinen k\u00f6nnen ihn als Rock, \u00fcber einem T-Shirt als Verkleidungsoberteil oder als R\u00fcschen-Kopfschmuck tragen. <\/p>\n<p>Inhalt:<\/p>\n<p>1 Wendbarer Seidenrock mit Feenmuster<\/p>\n<h2>Pflegehinweise<\/h2>\n<p>Waschen mit der Hand, trocknen es auf der Leine und b\u00fcgeln es auf mittlerer Stufe, um den nat\u00fcrlichen Glanz der Seide wiederherzustellen \u2013 bitte beachten Sie die Schritt-f\u00fcr-Schritt-<a href=\"https:\/\/www.sarahssilks.com\/blogs\/journal\/how-to-wash-playsilks\">Anleitung<\/a> von Sarah\u2019s Silks um Ihre Seidenartikel zu waschen.<\/p>\n<h2>R\u00fcckgabepolitik<\/h2>\n<p>Alle zur\u00fcckgesandten Artikel m\u00fcssen sich in ihrem Originalzustand befinden und die Originalverpackung sowie die Etiketten m\u00fcssen angebracht und intakt sein. Gebrauchte oder gewaschene Artikel k\u00f6nnen nicht zur\u00fcckgegeben werden.<\/p>\n<h2>\u00dcber Sarah&#8217;s Silks<\/h2>\n<p><a href=\"https:\/\/teiaeducation.ch\/de\/produkt-kategorie\/unsere-marken\/sarahs-silks-de\/\">Sarah&#8217;s Silks<\/a> ist ein Familienunternehmen mit Sitz in den USA, das sich auf von <a href=\"https:\/\/teiaeducation.ch\/produktkategorie\/erziehungsmethode\/waldorf-steiner-spielzeug-bastelmaterialen\/\">Waldorf<\/a> inspiriertes, <a href=\"https:\/\/teiaeducation.ch\/de\/produkt-kategorie\/kinder-spielzeug\/naturspiel\/\">nat\u00fcrliches<\/a> und nachhaltiges Spielzeug spezialisiert hat, das die <a href=\"https:\/\/teiaeducation.ch\/de\/produkt-kategorie\/kinder-spielzeug\/phantasievoll-rollenspiel\/\">Fantasie<\/a> von Babys und Kindern anregt. Die Mission von Sarah&#8217;s Silks ist es, nachhaltiges, offenes und freies Spielzeug herzustellen, das unsere Kinder lehrt Mutter Erde zu lieben und zu pflegen. Die wundersch\u00f6nen Spielt\u00fccher, Baumwollt\u00fccher, Umh\u00e4nge, Feenkleider, Schleier, Fl\u00fcgel, Kronen, R\u00f6cke, Kleider, Schwerter, Schilde, Skytails und Luftschlangen von Sarah&#8217;s Silks eignen sich perfekt f\u00fcr freies Spielen, Verkleiden und Rollenspiele in Waldorf-Haushalten, Kindertagesst\u00e4tten und <a href=\"https:\/\/teiaeducation.ch\/waldorf-steiner-schulen-lieferungen\/\">Steiner-Schulen<\/a>.<\/p>\n<p>Alle <a href=\"https:\/\/teiaeducation.ch\/de\/produkt-kategorie\/unsere-marken\/sarahs-silks-de\/verkleidungen\/\">Seiden<\/a>kost\u00fcme, <a href=\"https:\/\/teiaeducation.ch\/de\/produkt-kategorie\/unsere-marken\/sarahs-silks-de\/spielzeuge-aus-seide\/\">Holzspielzeuge<\/a> und <a href=\"https:\/\/teiaeducation.ch\/de\/produkt-kategorie\/unsere-marken\/sarahs-silks-de\/spielzeuge-aus-holz\/\">Spielt\u00fccher<\/a> von Sarah&#8217;s <a href=\"https:\/\/teiaeducation.ch\/de\/produkt-kategorie\/unsere-marken\/sarahs-silks-de\/seidenspieltuecher-einfarbig\/\">Silks<\/a> werden aus hochwertiger, nachhaltiger chinesischer Seide hergestellt. Jedes Seidenprodukt wird von N\u00e4herinnen gewebt, gef\u00e4rbt und von Hand ges\u00e4umt, die in einem kleinen Dorf in der N\u00e4he von Suzhou, China, arbeiten. Anschlie\u00dfend werden sie im Hauptsitz von Sarah&#8217;s Silks im kalifornischen Sonoma County von Hand bemalt und fertiggestellt.<\/p>\n<p>Die Spielt\u00fccher von Sarah&#8217;s Silks eignen sich auch perfekt zum Verpacken von Geschenken, als h\u00fcbsche Dekoration f\u00fcr <a href=\"https:\/\/teiaeducation.ch\/de\/produkt-kategorie\/feier-festlichkeiten\/natur-saisonale-tische-de\/\">Natur- und Jahreszeitentische<\/a>, als Dekoration f\u00fcr <a href=\"https:\/\/teiaeducation.ch\/de\/produkt-kategorie\/feier-festlichkeiten\/geburtstage\/\">Geburtstag<\/a>sfeiern oder f\u00fcr den Einsatz in Rhythmikunterricht.<\/p>\n<p>Kinder lieben die leuchtenden, wundersch\u00f6n aufeinander abgestimmten Farben und die weiche Haptik der Spielt\u00fccher, <a href=\"https:\/\/teiaeducation.ch\/de\/produkt-kategorie\/unsere-marken\/sarahs-silks-de\/baumwolltuecher\/\">Baumwollspielt\u00fccher<\/a> und Seidenkleidung. Sie werden mit ungiftigen, umweltfreundlichen Farbstoffen und nat\u00fcrlichen Fasern aus 100% echter Seide und 100% Baumwolle hergestellt und haben strenge amerikanische und europ\u00e4ische Sicherheitstests bestanden und sind f\u00fcr Kinder jeden Alters geeignet.<\/p>\n","protected":false},"excerpt":{"rendered":"<p>Artikelnummer: SS003110<\/p>\n<p>Der Wendbare Feenrock verzauberte Sternennacht von Sarah&#8217;s Silks ist bequem und vielseitig und hebt das Rollenspiel auf ein wundersch\u00f6nes neues Niveau!<\/p>\n","protected":false},"featured_media":51289,"comment_status":"open","ping_status":"closed","template":"","meta":[],"product_brand":[32610],"product_cat":[21445,21446,22033,21479,21690,21670,21487,21492,21484,22422,21443,21563,21687,22362,21666,21695,23636,21678,21685,21564,25826,21483,22919],"product_tag":[32863,32864,32867,32866,32865,22921,32859,32860,22920,32868,32861,32862,23742,25436,32858,32869,32870],"class_list":{"0":"post-72880","1":"product","2":"type-product","3":"status-publish","4":"has-post-thumbnail","6":"product_brand-sarahs-silks","7":"product_cat-3-6-jahre-vorschule","8":"product_cat-6-12-jahre-grundschule","9":"product_cat-adventskalender-geschenke-strumpffueller","10":"product_cat-lernmaterialien-spielzeug-montessori-waldorf-steiner-froebel","11":"product_cat-spiele-mit-offenem-ende","12":"product_cat-fruehjahrskollektion","13":"product_cat-geschenk-guide-3-6-jahre-vorschule","14":"product_cat-geschenk-guide-stoffspielzeug","15":"product_cat-geschenk-guides","16":"product_cat-geschenke-fuer-das-osterkoerbchen","17":"product_cat-nach-alter","18":"product_cat-neuheiten","19":"product_cat-phantasievoll-rollenspiel","20":"product_cat-saisonale-kollektionen","21":"product_cat-sarahs-silks-de","22":"product_cat-sinnliches-spiel","23":"product_cat-sommer-kollektion","24":"product_cat-kinder-spielzeug","25":"product_cat-stoffspielzeug","26":"product_cat-unsere-marken","27":"product_cat-verkleidungen","28":"product_cat-waldorf-steiner-paedagogik","29":"product_cat-waldorfspielzeug","30":"product_tag-hochwertige-verkleidungskleidung","31":"product_tag-hochwertiger-feenrock","32":"product_tag-regenbogen-gelber-feenrock-fur-kleinkinder","33":"product_tag-regenbogenblauer-seidenrock-mit-feenmuster","34":"product_tag-rosa-und-lila-seidenrock-im-feenstil","35":"product_tag-sarahs-silks-de","36":"product_tag-sarahs-silks-feenrock","37":"product_tag-sarahs-silks-kleinkind-feenrock","38":"product_tag-sarahs-silks-schweiz-de","39":"product_tag-sarahs-silks-wendbarer-feenrock-fur-kleinkinder","40":"product_tag-seide-feenrock","41":"product_tag-seidenkleidung-zum-verkleiden","42":"product_tag-waldorf-kostume","43":"product_tag-waldorf-vorgetauschtes-spiel","44":"product_tag-waldorf-zum-verkleiden","45":"product_tag-wendbarer-feenrock-verzauberte-blute-von-sarahs-silks","46":"product_tag-wendbarer-feenrock-verzauberte-sternennacht-sarahs-silks","48":"first","49":"instock","50":"taxable","51":"shipping-taxable","52":"purchasable","53":"product-type-simple"},"yoast_head":"<!-- This site is optimized with the Yoast SEO Premium plugin v25.8 (Yoast SEO v27.4) - https:\/\/yoast.com\/product\/yoast-seo-premium-wordpress\/ -->\n<title>Wendbarer Feenrock verzauberte Sternennacht Sarah&#039;s Silks<\/title>\n<meta name=\"description\" content=\"Sarah&#039;s Silks&#039; Wendbarer Feenrock verzauberte Sternennacht is comfortable and versatile and takes pretend play to a beautiful new level!\" \/>\n<meta name=\"robots\" content=\"index, follow, max-snippet:-1, max-image-preview:large, max-video-preview:-1\" \/>\n<link rel=\"canonical\" href=\"https:\/\/teiaeducation.ch\/de\/produkt\/wendbarer-feenrock-verzauberte-sternennacht-sarahs-silks\/\" \/>\n<meta property=\"og:locale\" content=\"de_DE\" \/>\n<meta property=\"og:type\" content=\"article\" \/>\n<meta property=\"og:title\" content=\"Wendbarer Feenrock verzauberte Sternennacht - Sarah&#039;s Silks\" \/>\n<meta property=\"og:description\" content=\"Sarah&#039;s Silks&#039; Wendbarer Feenrock verzauberte Sternennacht is comfortable and versatile and takes pretend play to a beautiful new level!\" \/>\n<meta property=\"og:url\" content=\"https:\/\/teiaeducation.ch\/de\/produkt\/wendbarer-feenrock-verzauberte-sternennacht-sarahs-silks\/\" \/>\n<meta property=\"og:site_name\" content=\"Sustainable Educational Products &amp; Ecological Toys\u00a0\" \/>\n<meta property=\"article:publisher\" content=\"https:\/\/www.facebook.com\/teiaeducation\/\" \/>\n<meta property=\"og:image\" content=\"https:\/\/teiaeducation.ch\/wp-content\/uploads\/2020\/12\/Reversible-fairy-skirt-enchanted-starry-night-Sarahs-Silks.jpg\" \/>\n\t<meta property=\"og:image:width\" content=\"1080\" \/>\n\t<meta property=\"og:image:height\" content=\"1350\" \/>\n\t<meta property=\"og:image:type\" content=\"image\/jpeg\" \/>\n<script type=\"application\/ld+json\" class=\"yoast-schema-graph\">{\"@context\":\"https:\\\/\\\/schema.org\",\"@graph\":[{\"@type\":\"WebPage\",\"@id\":\"https:\\\/\\\/teiaeducation.ch\\\/de\\\/produkt\\\/wendbarer-feenrock-verzauberte-sternennacht-sarahs-silks\\\/\",\"url\":\"https:\\\/\\\/teiaeducation.ch\\\/de\\\/produkt\\\/wendbarer-feenrock-verzauberte-sternennacht-sarahs-silks\\\/\",\"name\":\"Wendbarer Feenrock verzauberte Sternennacht Sarah's Silks\",\"isPartOf\":{\"@id\":\"https:\\\/\\\/teiaeducation.ch\\\/de\\\/#website\"},\"primaryImageOfPage\":{\"@id\":\"https:\\\/\\\/teiaeducation.ch\\\/de\\\/produkt\\\/wendbarer-feenrock-verzauberte-sternennacht-sarahs-silks\\\/#primaryimage\"},\"image\":{\"@id\":\"https:\\\/\\\/teiaeducation.ch\\\/de\\\/produkt\\\/wendbarer-feenrock-verzauberte-sternennacht-sarahs-silks\\\/#primaryimage\"},\"thumbnailUrl\":\"https:\\\/\\\/teiaeducation.ch\\\/wp-content\\\/uploads\\\/2020\\\/12\\\/Reversible-fairy-skirt-enchanted-starry-night-Sarahs-Silks.jpg\",\"datePublished\":\"2024-08-20T11:53:38+00:00\",\"description\":\"Sarah's Silks' Wendbarer Feenrock verzauberte Sternennacht is comfortable and versatile and takes pretend play to a beautiful new level!\",\"breadcrumb\":{\"@id\":\"https:\\\/\\\/teiaeducation.ch\\\/de\\\/produkt\\\/wendbarer-feenrock-verzauberte-sternennacht-sarahs-silks\\\/#breadcrumb\"},\"inLanguage\":\"de-CH\",\"potentialAction\":[{\"@type\":\"ReadAction\",\"target\":[\"https:\\\/\\\/teiaeducation.ch\\\/de\\\/produkt\\\/wendbarer-feenrock-verzauberte-sternennacht-sarahs-silks\\\/\"]}]},{\"@type\":\"ImageObject\",\"inLanguage\":\"de-CH\",\"@id\":\"https:\\\/\\\/teiaeducation.ch\\\/de\\\/produkt\\\/wendbarer-feenrock-verzauberte-sternennacht-sarahs-silks\\\/#primaryimage\",\"url\":\"https:\\\/\\\/teiaeducation.ch\\\/wp-content\\\/uploads\\\/2020\\\/12\\\/Reversible-fairy-skirt-enchanted-starry-night-Sarahs-Silks.jpg\",\"contentUrl\":\"https:\\\/\\\/teiaeducation.ch\\\/wp-content\\\/uploads\\\/2020\\\/12\\\/Reversible-fairy-skirt-enchanted-starry-night-Sarahs-Silks.jpg\",\"width\":1080,\"height\":1350,\"caption\":\"Wendbarer Feenrock verzauberte Sternennacht Sarah's Silks\"},{\"@type\":\"BreadcrumbList\",\"@id\":\"https:\\\/\\\/teiaeducation.ch\\\/de\\\/produkt\\\/wendbarer-feenrock-verzauberte-sternennacht-sarahs-silks\\\/#breadcrumb\",\"itemListElement\":[{\"@type\":\"ListItem\",\"position\":1,\"name\":\"Home\",\"item\":\"https:\\\/\\\/teiaeducation.ch\\\/de\\\/\"},{\"@type\":\"ListItem\",\"position\":2,\"name\":\"Laden\",\"item\":\"https:\\\/\\\/teiaeducation.ch\\\/de\\\/shop\\\/\"},{\"@type\":\"ListItem\",\"position\":3,\"name\":\"Wendbarer Feenrock verzauberte Sternennacht &#8211; Sarah&#8217;s Silks\"}]},{\"@type\":\"WebSite\",\"@id\":\"https:\\\/\\\/teiaeducation.ch\\\/de\\\/#website\",\"url\":\"https:\\\/\\\/teiaeducation.ch\\\/de\\\/\",\"name\":\"Sustainable Educational Products &amp; Ecological Toys\u00a0\",\"description\":\"Specialised Swiss shop selling sustainable educational toys and games, AMI certified Montessori materials, handmade ecological wooden Waldorf toys and arts &amp; crafts supplies, school supplies, children&#039;s furniture and Montessori reference and parenting books.\",\"publisher\":{\"@id\":\"https:\\\/\\\/teiaeducation.ch\\\/de\\\/#organization\"},\"alternateName\":\"Teia Education & Play\",\"potentialAction\":[{\"@type\":\"SearchAction\",\"target\":{\"@type\":\"EntryPoint\",\"urlTemplate\":\"https:\\\/\\\/teiaeducation.ch\\\/de\\\/?s={search_term_string}\"},\"query-input\":{\"@type\":\"PropertyValueSpecification\",\"valueRequired\":true,\"valueName\":\"search_term_string\"}}],\"inLanguage\":\"de-CH\"},{\"@type\":\"Organization\",\"@id\":\"https:\\\/\\\/teiaeducation.ch\\\/de\\\/#organization\",\"name\":\"Teia Education & Play\",\"url\":\"https:\\\/\\\/teiaeducation.ch\\\/de\\\/\",\"logo\":{\"@type\":\"ImageObject\",\"inLanguage\":\"de-CH\",\"@id\":\"https:\\\/\\\/teiaeducation.ch\\\/de\\\/#\\\/schema\\\/logo\\\/image\\\/\",\"url\":\"https:\\\/\\\/teiaeducation.ch\\\/wp-content\\\/uploads\\\/2020\\\/11\\\/Teia-Education-Switzerland-e1620156442216.jpg\",\"contentUrl\":\"https:\\\/\\\/teiaeducation.ch\\\/wp-content\\\/uploads\\\/2020\\\/11\\\/Teia-Education-Switzerland-e1620156442216.jpg\",\"width\":166,\"height\":145,\"caption\":\"Teia Education & Play\"},\"image\":{\"@id\":\"https:\\\/\\\/teiaeducation.ch\\\/de\\\/#\\\/schema\\\/logo\\\/image\\\/\"},\"sameAs\":[\"https:\\\/\\\/www.facebook.com\\\/teiaeducation\\\/\",\"https:\\\/\\\/x.com\\\/EducationTeia\",\"https:\\\/\\\/www.instagram.com\\\/teia.education\\\/\",\"https:\\\/\\\/www.linkedin.com\\\/company\\\/35501660\",\"https:\\\/\\\/www.pinterest.ch\\\/TeiaEducation\\\/\"]}]}<\/script>\n<meta property=\"product:price:amount\" content=\"52.90\" \/>\n<meta property=\"product:price:currency\" content=\"CHF\" \/>\n<meta property=\"og:availability\" content=\"instock\" \/>\n<meta property=\"product:availability\" content=\"instock\" \/>\n<meta property=\"product:retailer_item_id\" content=\"00000000000000000000000000000000000000000000032682-1\" \/>\n<meta property=\"product:condition\" content=\"new\" \/>\n<!-- \/ Yoast SEO Premium plugin. -->","yoast_head_json":{"title":"Wendbarer Feenrock verzauberte Sternennacht Sarah's Silks","description":"Sarah's Silks' Wendbarer Feenrock verzauberte Sternennacht is comfortable and versatile and takes pretend play to a beautiful new level!","robots":{"index":"index","follow":"follow","max-snippet":"max-snippet:-1","max-image-preview":"max-image-preview:large","max-video-preview":"max-video-preview:-1"},"canonical":"https:\/\/teiaeducation.ch\/de\/produkt\/wendbarer-feenrock-verzauberte-sternennacht-sarahs-silks\/","og_locale":"de_DE","og_type":"article","og_title":"Wendbarer Feenrock verzauberte Sternennacht - Sarah's Silks","og_description":"Sarah's Silks' Wendbarer Feenrock verzauberte Sternennacht is comfortable and versatile and takes pretend play to a beautiful new level!","og_url":"https:\/\/teiaeducation.ch\/de\/produkt\/wendbarer-feenrock-verzauberte-sternennacht-sarahs-silks\/","og_site_name":"Sustainable Educational Products &amp; Ecological Toys\u00a0","article_publisher":"https:\/\/www.facebook.com\/teiaeducation\/","og_image":[{"width":1080,"height":1350,"url":"https:\/\/teiaeducation.ch\/wp-content\/uploads\/2020\/12\/Reversible-fairy-skirt-enchanted-starry-night-Sarahs-Silks.jpg","type":"image\/jpeg"}],"schema":{"@context":"https:\/\/schema.org","@graph":[{"@type":"WebPage","@id":"https:\/\/teiaeducation.ch\/de\/produkt\/wendbarer-feenrock-verzauberte-sternennacht-sarahs-silks\/","url":"https:\/\/teiaeducation.ch\/de\/produkt\/wendbarer-feenrock-verzauberte-sternennacht-sarahs-silks\/","name":"Wendbarer Feenrock verzauberte Sternennacht Sarah's Silks","isPartOf":{"@id":"https:\/\/teiaeducation.ch\/de\/#website"},"primaryImageOfPage":{"@id":"https:\/\/teiaeducation.ch\/de\/produkt\/wendbarer-feenrock-verzauberte-sternennacht-sarahs-silks\/#primaryimage"},"image":{"@id":"https:\/\/teiaeducation.ch\/de\/produkt\/wendbarer-feenrock-verzauberte-sternennacht-sarahs-silks\/#primaryimage"},"thumbnailUrl":"https:\/\/teiaeducation.ch\/wp-content\/uploads\/2020\/12\/Reversible-fairy-skirt-enchanted-starry-night-Sarahs-Silks.jpg","datePublished":"2024-08-20T11:53:38+00:00","description":"Sarah's Silks' Wendbarer Feenrock verzauberte Sternennacht is comfortable and versatile and takes pretend play to a beautiful new level!","breadcrumb":{"@id":"https:\/\/teiaeducation.ch\/de\/produkt\/wendbarer-feenrock-verzauberte-sternennacht-sarahs-silks\/#breadcrumb"},"inLanguage":"de-CH","potentialAction":[{"@type":"ReadAction","target":["https:\/\/teiaeducation.ch\/de\/produkt\/wendbarer-feenrock-verzauberte-sternennacht-sarahs-silks\/"]}]},{"@type":"ImageObject","inLanguage":"de-CH","@id":"https:\/\/teiaeducation.ch\/de\/produkt\/wendbarer-feenrock-verzauberte-sternennacht-sarahs-silks\/#primaryimage","url":"https:\/\/teiaeducation.ch\/wp-content\/uploads\/2020\/12\/Reversible-fairy-skirt-enchanted-starry-night-Sarahs-Silks.jpg","contentUrl":"https:\/\/teiaeducation.ch\/wp-content\/uploads\/2020\/12\/Reversible-fairy-skirt-enchanted-starry-night-Sarahs-Silks.jpg","width":1080,"height":1350,"caption":"Wendbarer Feenrock verzauberte Sternennacht Sarah's Silks"},{"@type":"BreadcrumbList","@id":"https:\/\/teiaeducation.ch\/de\/produkt\/wendbarer-feenrock-verzauberte-sternennacht-sarahs-silks\/#breadcrumb","itemListElement":[{"@type":"ListItem","position":1,"name":"Home","item":"https:\/\/teiaeducation.ch\/de\/"},{"@type":"ListItem","position":2,"name":"Laden","item":"https:\/\/teiaeducation.ch\/de\/shop\/"},{"@type":"ListItem","position":3,"name":"Wendbarer Feenrock verzauberte Sternennacht &#8211; Sarah&#8217;s Silks"}]},{"@type":"WebSite","@id":"https:\/\/teiaeducation.ch\/de\/#website","url":"https:\/\/teiaeducation.ch\/de\/","name":"Sustainable Educational Products &amp; Ecological Toys\u00a0","description":"Specialised Swiss shop selling sustainable educational toys and games, AMI certified Montessori materials, handmade ecological wooden Waldorf toys and arts &amp; crafts supplies, school supplies, children&#039;s furniture and Montessori reference and parenting books.","publisher":{"@id":"https:\/\/teiaeducation.ch\/de\/#organization"},"alternateName":"Teia Education & Play","potentialAction":[{"@type":"SearchAction","target":{"@type":"EntryPoint","urlTemplate":"https:\/\/teiaeducation.ch\/de\/?s={search_term_string}"},"query-input":{"@type":"PropertyValueSpecification","valueRequired":true,"valueName":"search_term_string"}}],"inLanguage":"de-CH"},{"@type":"Organization","@id":"https:\/\/teiaeducation.ch\/de\/#organization","name":"Teia Education & Play","url":"https:\/\/teiaeducation.ch\/de\/","logo":{"@type":"ImageObject","inLanguage":"de-CH","@id":"https:\/\/teiaeducation.ch\/de\/#\/schema\/logo\/image\/","url":"https:\/\/teiaeducation.ch\/wp-content\/uploads\/2020\/11\/Teia-Education-Switzerland-e1620156442216.jpg","contentUrl":"https:\/\/teiaeducation.ch\/wp-content\/uploads\/2020\/11\/Teia-Education-Switzerland-e1620156442216.jpg","width":166,"height":145,"caption":"Teia Education & Play"},"image":{"@id":"https:\/\/teiaeducation.ch\/de\/#\/schema\/logo\/image\/"},"sameAs":["https:\/\/www.facebook.com\/teiaeducation\/","https:\/\/x.com\/EducationTeia","https:\/\/www.instagram.com\/teia.education\/","https:\/\/www.linkedin.com\/company\/35501660","https:\/\/www.pinterest.ch\/TeiaEducation\/"]}]},"product_price_amount":"52.90","product_price_currency":"CHF","og_availability":"instock","product_availability":"instock","product_retailer_item_id":"00000000000000000000000000000000000000000000032682-1","product_condition":"new"},"_links":{"self":[{"href":"https:\/\/teiaeducation.ch\/de\/wp-json\/wp\/v2\/product\/72880","targetHints":{"allow":["GET"]}}],"collection":[{"href":"https:\/\/teiaeducation.ch\/de\/wp-json\/wp\/v2\/product"}],"about":[{"href":"https:\/\/teiaeducation.ch\/de\/wp-json\/wp\/v2\/types\/product"}],"replies":[{"embeddable":true,"href":"https:\/\/teiaeducation.ch\/de\/wp-json\/wp\/v2\/comments?post=72880"}],"wp:featuredmedia":[{"embeddable":true,"href":"https:\/\/teiaeducation.ch\/de\/wp-json\/wp\/v2\/media\/51289"}],"wp:attachment":[{"href":"https:\/\/teiaeducation.ch\/de\/wp-json\/wp\/v2\/media?parent=72880"}],"wp:term":[{"taxonomy":"product_brand","embeddable":true,"href":"https:\/\/teiaeducation.ch\/de\/wp-json\/wp\/v2\/product_brand?post=72880"},{"taxonomy":"product_cat","embeddable":true,"href":"https:\/\/teiaeducation.ch\/de\/wp-json\/wp\/v2\/product_cat?post=72880"},{"taxonomy":"product_tag","embeddable":true,"href":"https:\/\/teiaeducation.ch\/de\/wp-json\/wp\/v2\/product_tag?post=72880"}],"curies":[{"name":"wp","href":"https:\/\/api.w.org\/{rel}","templated":true}]}}