{"id":72934,"date":"2023-12-12T16:33:41","date_gmt":"2023-12-12T15:33:41","guid":{"rendered":"https:\/\/teiaeducation.ch\/product\/mini-wimpel-mit-seidenblueten-sarahs-silks\/"},"modified":"2023-12-12T16:33:41","modified_gmt":"2023-12-12T15:33:41","slug":"mini-wimpel-mit-seidenblueten-sarahs-silks","status":"publish","type":"product","link":"https:\/\/teiaeducation.ch\/de\/produkt\/mini-wimpel-mit-seidenblueten-sarahs-silks\/","title":{"rendered":"Mini Wimpel mit Seidenbl\u00fcten &#8211; Sarah&#8217;s Silks"},"content":{"rendered":"<p>Ein wundersch\u00f6ner, von der Waldorfp\u00e4dagogik inspirierter Mini-Wimpel aus Naturseide mit Seidenbl\u00fcten in leuchtenden Rosa- und Lavendelt\u00f6nen und einem Holzherz von Sarah&#8217;s Silks. Der Mini Wimpel regt Kinder zum <a href=\"https:\/\/teiaeducation.ch\/de\/produkt-kategorie\/kinder-spielzeug\/aktiv-spielzeug\/\">aktiven Spielen<\/a> an, f\u00f6rdert ihre Bewegungsf\u00e4higkeit und weckt die Lust am Tanzen! Zu den Rollenspielideen geh\u00f6ren das Schwenken des Wimpels im Wind, das Schreiben von Buchstaben in die Luft, das Angeln, Tanzen und vieles mehr.  <\/p>\n<p>Das Sarah&#8217;s Silks Mini Wimpel ist das typische <a href=\"https:\/\/teiaeducation.ch\/de\/produkt-kategorie\/kinder-spielzeug\/stoffspielzeug\/\">Stoffspielzeug<\/a> f\u00fcr die Welt der <a href=\"https:\/\/teiaeducation.ch\/de\/produkt-kategorie\/kinder-spielzeug\/waldorfspielzeug\/\">Waldorf<\/a>-Fantasie und des fantasievollen Spiels. Es besteht aus einem Birkenholzstab mit einem schimmernden Seidenwimpel in Bl\u00fctenform, der mit einem dekorativen roten Holzherz verziert ist. Es wird aus 100 % fair gehandelter Seide hergestellt, von Hand ges\u00e4umt und mit ungiftigen, umweltfreundlichen Farbstoffen gef\u00e4rbt. <\/p>\n<p>Die Bl\u00fcte Wimpel ist auch in einer <a href=\"https:\/\/teiaeducation.ch\/produkt\/silk-blossom-streamer-sarahs-silks\/\">gro\u00dfen Ausf\u00fchrung<\/a> erh\u00e4ltlich in our webshop.<\/p>\n<p>Inhalt:<\/p>\n<p>1 Seiden Mini Wimpel in Bl\u00fcteform aus 100 % Seide und einem Stab aus Birkenholz<\/p>\n<h2>Pflegehinweise<\/h2>\n<p>Waschen mit der Hand, trocknen es auf der Leine und b\u00fcgeln es auf mittlerer Stufe, um den nat\u00fcrlichen Glanz der Seide wiederherzustellen \u2013 bitte beachten Sie die Schritt-f\u00fcr-Schritt-<a href=\"https:\/\/www.sarahssilks.com\/blogs\/journal\/how-to-wash-playsilks\">Anleitung<\/a> von Sarah\u2019s Silks um Ihre Seidenartikel zu waschen.<\/p>\n<h2>R\u00fcckgabepolitik<\/h2>\n<p>Alle zur\u00fcckgesandten Artikel m\u00fcssen sich in ihrem Originalzustand befinden und die Originalverpackung sowie die Etiketten m\u00fcssen angebracht und intakt sein. Gebrauchte oder gewaschene Artikel k\u00f6nnen nicht zur\u00fcckgegeben werden.<\/p>\n<h2>\u00dcber Sarah&#8217;s Silks<\/h2>\n<p><a href=\"https:\/\/teiaeducation.ch\/de\/produkt-kategorie\/unsere-marken\/sarahs-silks-de\/\">Sarah&#8217;s Silks<\/a> ist ein Familienunternehmen mit Sitz in den USA, das sich auf von <a href=\"https:\/\/teiaeducation.ch\/produktkategorie\/erziehungsmethode\/waldorf-steiner-spielzeug-bastelmaterialen\/\">Waldorf<\/a> inspiriertes, <a href=\"https:\/\/teiaeducation.ch\/de\/produkt-kategorie\/kinder-spielzeug\/naturspiel\/\">nat\u00fcrliches<\/a> und nachhaltiges Spielzeug spezialisiert hat, das die <a href=\"https:\/\/teiaeducation.ch\/de\/produkt-kategorie\/kinder-spielzeug\/phantasievoll-rollenspiel\/\">Fantasie<\/a> von Babys und Kindern anregt. Die Mission von Sarah&#8217;s Silks ist es, nachhaltiges, offenes und freies Spielzeug herzustellen, das unsere Kinder lehrt Mutter Erde zu lieben und zu pflegen. Die wundersch\u00f6nen Spielt\u00fccher, Baumwollt\u00fccher, Umh\u00e4nge, Feenkleider, Schleier, Fl\u00fcgel, Kronen, R\u00f6cke, Kleider, Schwerter, Schilde, Skytails und Luftschlangen von Sarah&#8217;s Silks eignen sich perfekt f\u00fcr freies Spielen, Verkleiden und Rollenspiele in Waldorf-Haushalten, Kindertagesst\u00e4tten und <a href=\"https:\/\/teiaeducation.ch\/waldorf-steiner-schulen-lieferungen\/\">Steiner-Schulen<\/a>.<\/p>\n<p>Alle <a href=\"https:\/\/teiaeducation.ch\/de\/produkt-kategorie\/unsere-marken\/sarahs-silks-de\/verkleidungen\/\">Seiden<\/a>kost\u00fcme, <a href=\"https:\/\/teiaeducation.ch\/de\/produkt-kategorie\/unsere-marken\/sarahs-silks-de\/spielzeuge-aus-seide\/\">Holzspielzeuge<\/a> und <a href=\"https:\/\/teiaeducation.ch\/de\/produkt-kategorie\/unsere-marken\/sarahs-silks-de\/spielzeuge-aus-holz\/\">Spielt\u00fccher<\/a> von Sarah&#8217;s <a href=\"https:\/\/teiaeducation.ch\/de\/produkt-kategorie\/unsere-marken\/sarahs-silks-de\/seidenspieltuecher-einfarbig\/\">Silks<\/a> werden aus hochwertiger, nachhaltiger chinesischer Seide hergestellt. Jedes Seidenprodukt wird von N\u00e4herinnen gewebt, gef\u00e4rbt und von Hand ges\u00e4umt, die in einem kleinen Dorf in der N\u00e4he von Suzhou, China, arbeiten. Anschlie\u00dfend werden sie im Hauptsitz von Sarah&#8217;s Silks im kalifornischen Sonoma County von Hand bemalt und fertiggestellt.<\/p>\n<p>Die Spielt\u00fccher von Sarah&#8217;s Silks eignen sich auch perfekt zum Verpacken von Geschenken, als h\u00fcbsche Dekoration f\u00fcr <a href=\"https:\/\/teiaeducation.ch\/de\/produkt-kategorie\/feier-festlichkeiten\/natur-saisonale-tische-de\/\">Natur- und Jahreszeitentische<\/a>, als Dekoration f\u00fcr <a href=\"https:\/\/teiaeducation.ch\/de\/produkt-kategorie\/feier-festlichkeiten\/geburtstage\/\">Geburtstag<\/a>sfeiern oder f\u00fcr den Einsatz in Rhythmikunterricht.<\/p>\n<p>Kinder lieben die leuchtenden, wundersch\u00f6n aufeinander abgestimmten Farben und die weiche Haptik der Spielt\u00fccher, <a href=\"https:\/\/teiaeducation.ch\/de\/produkt-kategorie\/unsere-marken\/sarahs-silks-de\/baumwolltuecher\/\">Baumwollspielt\u00fccher<\/a> und Seidenkleidung. Sie werden mit ungiftigen, umweltfreundlichen Farbstoffen und nat\u00fcrlichen Fasern aus 100% echter Seide und 100% Baumwolle hergestellt und haben strenge amerikanische und europ\u00e4ische Sicherheitstests bestanden und sind f\u00fcr Kinder jeden Alters geeignet.<\/p>\n","protected":false},"excerpt":{"rendered":"<p>Artikelnummer: SS0045<\/p>\n<p><span data-sheets-root=\"1\" data-sheets-value=\"{\"1\":2,\"2\":\"0045\"}\" data-sheets-userformat=\"{\"2\":14337,\"3\":{\"1\":1},\"14\":{\"1\":2,\"2\":0},\"15\":\"Calibri\",\"16\":11}\">Eine wundersch\u00f6ne, von der Waldorfp\u00e4dagogik inspirierte Mini Wimpelkette aus Naturseide in der leuchtenden Farbvariante Bl\u00fcte von Sarah&#8217;s Silks, die zum aktiven Spielen anregt.<\/span><\/p>\n","protected":false},"featured_media":57973,"comment_status":"open","ping_status":"closed","template":"","meta":[],"product_brand":[32610],"product_cat":[21445,21446,22033,21679,21479,21690,21670,21492,21484,21443,21563,21687,22362,21666,21695,21678,23133,25827,21685,21564,21483,22919],"product_tag":[32882,22145,32681,32688,32881,22921,32879,23734,32880,22938,22920,32685,32686,25836,32684,32683,32682,22937,32687,24587,22939,32680,22940,21741],"class_list":{"0":"post-72934","1":"product","2":"type-product","3":"status-publish","4":"has-post-thumbnail","6":"product_brand-sarahs-silks","7":"product_cat-3-6-jahre-vorschule","8":"product_cat-6-12-jahre-grundschule","9":"product_cat-adventskalender-geschenke-strumpffueller","10":"product_cat-aktiv-spielzeug","11":"product_cat-lernmaterialien-spielzeug-montessori-waldorf-steiner-froebel","12":"product_cat-spiele-mit-offenem-ende","13":"product_cat-fruehjahrskollektion","14":"product_cat-geschenk-guide-stoffspielzeug","15":"product_cat-geschenk-guides","16":"product_cat-nach-alter","17":"product_cat-neuheiten","18":"product_cat-phantasievoll-rollenspiel","19":"product_cat-saisonale-kollektionen","20":"product_cat-sarahs-silks-de","21":"product_cat-sinnliches-spiel","22":"product_cat-kinder-spielzeug","23":"product_cat-spielzeug-fuer-draussen","24":"product_cat-spielzeuge-aus-seide","25":"product_cat-stoffspielzeug","26":"product_cat-unsere-marken","27":"product_cat-waldorf-steiner-paedagogik","28":"product_cat-waldorfspielzeug","29":"product_tag-blute-mini-wimpel-sarahs-silks","30":"product_tag-heuristisches-spiel-waldorf","31":"product_tag-heuristisches-spielen-waldorfspielzeug","32":"product_tag-mini-streamer-sarahs-silks","33":"product_tag-mini-wimpel-mit-seidenbluten-sarahs-silks","34":"product_tag-sarahs-silks-de","35":"product_tag-sarahs-silks-blute-wimpel","36":"product_tag-sarahs-silks-playsilks-de","37":"product_tag-sarahs-silks-rosa-wimpel","38":"product_tag-sarahs-silks-schweiz-de-2","39":"product_tag-sarahs-silks-schweiz-de","40":"product_tag-sarahs-silks-seidenholzspielzeug","41":"product_tag-sarahs-silks-seidenspielzeug","42":"product_tag-sarahs-silks-spielzeug","43":"product_tag-sarahs-silks-spielzeug-aus-der-schweiz","44":"product_tag-sarahs-silks-streamer-mini","45":"product_tag-sarahs-silks-streamer-spielzeug","46":"product_tag-sarahs-silks-suisse-de","47":"product_tag-waldorf-aktives-spielzeug","48":"product_tag-waldorf-seidenspielzeug","49":"product_tag-waldorf-seidentuch","50":"product_tag-waldorf-spiele","51":"product_tag-waldorf-spielstoffe","52":"product_tag-waldorfspielzeug","54":"first","55":"instock","56":"taxable","57":"shipping-taxable","58":"purchasable","59":"product-type-simple"},"yoast_head":"<!-- This site is optimized with the Yoast SEO plugin v27.1.1 - https:\/\/yoast.com\/product\/yoast-seo-wordpress\/ -->\n<title>Mini Wimpel mit Seidenbl\u00fcten - Sarah&#039;s Silks - Teia Education &amp; Play<\/title>\n<meta name=\"description\" content=\"Eine wundersch\u00f6ne, von der Waldorfp\u00e4dagogik inspirierte Mini Wimpelkette aus Naturseide in der leuchtenden Farbvariante Bl\u00fcte von Sarah&#039;s Silks, die zum aktiven Spielen anregt.\" \/>\n<meta name=\"robots\" content=\"index, follow, max-snippet:-1, max-image-preview:large, max-video-preview:-1\" \/>\n<link rel=\"canonical\" href=\"https:\/\/teiaeducation.ch\/de\/produkt\/mini-wimpel-mit-seidenblueten-sarahs-silks\/\" \/>\n<meta property=\"og:locale\" content=\"de_DE\" \/>\n<meta property=\"og:type\" content=\"article\" \/>\n<meta property=\"og:title\" content=\"Mini Wimpel mit Seidenbl\u00fcten - Sarah&#039;s Silks - Teia Education &amp; Play\" \/>\n<meta property=\"og:description\" content=\"Eine wundersch\u00f6ne, von der Waldorfp\u00e4dagogik inspirierte Mini Wimpelkette aus Naturseide in der leuchtenden Farbvariante Bl\u00fcte von Sarah&#039;s Silks, die zum aktiven Spielen anregt.\" \/>\n<meta property=\"og:url\" content=\"https:\/\/teiaeducation.ch\/de\/produkt\/mini-wimpel-mit-seidenblueten-sarahs-silks\/\" \/>\n<meta property=\"og:site_name\" content=\"Sustainable Educational Products &amp; Ecological Toys\u00a0\" \/>\n<meta property=\"article:publisher\" content=\"https:\/\/www.facebook.com\/teiaeducation\/\" \/>\n<meta property=\"og:image\" content=\"https:\/\/teiaeducation.ch\/wp-content\/uploads\/2023\/12\/Sarahs-Silks-silk-blossom-mini-streamer.jpg\" \/>\n\t<meta property=\"og:image:width\" content=\"1080\" \/>\n\t<meta property=\"og:image:height\" content=\"1350\" \/>\n\t<meta property=\"og:image:type\" content=\"image\/jpeg\" \/>\n<script type=\"application\/ld+json\" class=\"yoast-schema-graph\">{\"@context\":\"https:\/\/schema.org\",\"@graph\":[{\"@type\":\"WebPage\",\"@id\":\"https:\/\/teiaeducation.ch\/de\/produkt\/mini-wimpel-mit-seidenblueten-sarahs-silks\/\",\"url\":\"https:\/\/teiaeducation.ch\/de\/produkt\/mini-wimpel-mit-seidenblueten-sarahs-silks\/\",\"name\":\"Mini Wimpel mit Seidenbl\u00fcten - Sarah's Silks - Teia Education & Play\",\"isPartOf\":{\"@id\":\"https:\/\/teiaeducation.ch\/de\/#website\"},\"primaryImageOfPage\":{\"@id\":\"https:\/\/teiaeducation.ch\/de\/produkt\/mini-wimpel-mit-seidenblueten-sarahs-silks\/#primaryimage\"},\"image\":{\"@id\":\"https:\/\/teiaeducation.ch\/de\/produkt\/mini-wimpel-mit-seidenblueten-sarahs-silks\/#primaryimage\"},\"thumbnailUrl\":\"https:\/\/teiaeducation.ch\/wp-content\/uploads\/2023\/12\/Sarahs-Silks-silk-blossom-mini-streamer.jpg\",\"datePublished\":\"2023-12-12T15:33:41+00:00\",\"description\":\"Eine wundersch\u00f6ne, von der Waldorfp\u00e4dagogik inspirierte Mini Wimpelkette aus Naturseide in der leuchtenden Farbvariante Bl\u00fcte von Sarah's Silks, die zum aktiven Spielen anregt.\",\"breadcrumb\":{\"@id\":\"https:\/\/teiaeducation.ch\/de\/produkt\/mini-wimpel-mit-seidenblueten-sarahs-silks\/#breadcrumb\"},\"inLanguage\":\"de-CH\",\"potentialAction\":[{\"@type\":\"ReadAction\",\"target\":[\"https:\/\/teiaeducation.ch\/de\/produkt\/mini-wimpel-mit-seidenblueten-sarahs-silks\/\"]}]},{\"@type\":\"ImageObject\",\"inLanguage\":\"de-CH\",\"@id\":\"https:\/\/teiaeducation.ch\/de\/produkt\/mini-wimpel-mit-seidenblueten-sarahs-silks\/#primaryimage\",\"url\":\"https:\/\/teiaeducation.ch\/wp-content\/uploads\/2023\/12\/Sarahs-Silks-silk-blossom-mini-streamer.jpg\",\"contentUrl\":\"https:\/\/teiaeducation.ch\/wp-content\/uploads\/2023\/12\/Sarahs-Silks-silk-blossom-mini-streamer.jpg\",\"width\":1080,\"height\":1350},{\"@type\":\"BreadcrumbList\",\"@id\":\"https:\/\/teiaeducation.ch\/de\/produkt\/mini-wimpel-mit-seidenblueten-sarahs-silks\/#breadcrumb\",\"itemListElement\":[{\"@type\":\"ListItem\",\"position\":1,\"name\":\"Home\",\"item\":\"https:\/\/teiaeducation.ch\/de\/\"},{\"@type\":\"ListItem\",\"position\":2,\"name\":\"Laden\",\"item\":\"https:\/\/teiaeducation.ch\/de\/shop\/\"},{\"@type\":\"ListItem\",\"position\":3,\"name\":\"Mini Wimpel mit Seidenbl\u00fcten &#8211; Sarah&#8217;s Silks\"}]},{\"@type\":\"WebSite\",\"@id\":\"https:\/\/teiaeducation.ch\/de\/#website\",\"url\":\"https:\/\/teiaeducation.ch\/de\/\",\"name\":\"Sustainable Educational Products &amp; Ecological Toys\u00a0\",\"description\":\"Specialised Swiss shop selling sustainable educational toys and games, AMI certified Montessori materials, handmade ecological wooden Waldorf toys and arts &amp; crafts supplies, school supplies, children&#039;s furniture and Montessori reference and parenting books.\",\"publisher\":{\"@id\":\"https:\/\/teiaeducation.ch\/de\/#organization\"},\"alternateName\":\"Teia Education & Play\",\"potentialAction\":[{\"@type\":\"SearchAction\",\"target\":{\"@type\":\"EntryPoint\",\"urlTemplate\":\"https:\/\/teiaeducation.ch\/de\/?s={search_term_string}\"},\"query-input\":{\"@type\":\"PropertyValueSpecification\",\"valueRequired\":true,\"valueName\":\"search_term_string\"}}],\"inLanguage\":\"de-CH\"},{\"@type\":\"Organization\",\"@id\":\"https:\/\/teiaeducation.ch\/de\/#organization\",\"name\":\"Teia Education & Play\",\"url\":\"https:\/\/teiaeducation.ch\/de\/\",\"logo\":{\"@type\":\"ImageObject\",\"inLanguage\":\"de-CH\",\"@id\":\"https:\/\/teiaeducation.ch\/de\/#\/schema\/logo\/image\/\",\"url\":\"https:\/\/teiaeducation.ch\/wp-content\/uploads\/2020\/11\/Teia-Education-Switzerland-e1620156442216.jpg\",\"contentUrl\":\"https:\/\/teiaeducation.ch\/wp-content\/uploads\/2020\/11\/Teia-Education-Switzerland-e1620156442216.jpg\",\"width\":166,\"height\":145,\"caption\":\"Teia Education & Play\"},\"image\":{\"@id\":\"https:\/\/teiaeducation.ch\/de\/#\/schema\/logo\/image\/\"},\"sameAs\":[\"https:\/\/www.facebook.com\/teiaeducation\/\",\"https:\/\/x.com\/EducationTeia\",\"https:\/\/www.instagram.com\/teia.education\/\",\"https:\/\/www.linkedin.com\/company\/35501660\",\"https:\/\/www.pinterest.ch\/TeiaEducation\/\"]}]}<\/script>\n<!-- \/ Yoast SEO plugin. -->","yoast_head_json":{"title":"Mini Wimpel mit Seidenbl\u00fcten - Sarah's Silks - Teia Education & Play","description":"Eine wundersch\u00f6ne, von der Waldorfp\u00e4dagogik inspirierte Mini Wimpelkette aus Naturseide in der leuchtenden Farbvariante Bl\u00fcte von Sarah's Silks, die zum aktiven Spielen anregt.","robots":{"index":"index","follow":"follow","max-snippet":"max-snippet:-1","max-image-preview":"max-image-preview:large","max-video-preview":"max-video-preview:-1"},"canonical":"https:\/\/teiaeducation.ch\/de\/produkt\/mini-wimpel-mit-seidenblueten-sarahs-silks\/","og_locale":"de_DE","og_type":"article","og_title":"Mini Wimpel mit Seidenbl\u00fcten - Sarah's Silks - Teia Education & Play","og_description":"Eine wundersch\u00f6ne, von der Waldorfp\u00e4dagogik inspirierte Mini Wimpelkette aus Naturseide in der leuchtenden Farbvariante Bl\u00fcte von Sarah's Silks, die zum aktiven Spielen anregt.","og_url":"https:\/\/teiaeducation.ch\/de\/produkt\/mini-wimpel-mit-seidenblueten-sarahs-silks\/","og_site_name":"Sustainable Educational Products &amp; Ecological Toys\u00a0","article_publisher":"https:\/\/www.facebook.com\/teiaeducation\/","og_image":[{"width":1080,"height":1350,"url":"https:\/\/teiaeducation.ch\/wp-content\/uploads\/2023\/12\/Sarahs-Silks-silk-blossom-mini-streamer.jpg","type":"image\/jpeg"}],"schema":{"@context":"https:\/\/schema.org","@graph":[{"@type":"WebPage","@id":"https:\/\/teiaeducation.ch\/de\/produkt\/mini-wimpel-mit-seidenblueten-sarahs-silks\/","url":"https:\/\/teiaeducation.ch\/de\/produkt\/mini-wimpel-mit-seidenblueten-sarahs-silks\/","name":"Mini Wimpel mit Seidenbl\u00fcten - Sarah's Silks - Teia Education & Play","isPartOf":{"@id":"https:\/\/teiaeducation.ch\/de\/#website"},"primaryImageOfPage":{"@id":"https:\/\/teiaeducation.ch\/de\/produkt\/mini-wimpel-mit-seidenblueten-sarahs-silks\/#primaryimage"},"image":{"@id":"https:\/\/teiaeducation.ch\/de\/produkt\/mini-wimpel-mit-seidenblueten-sarahs-silks\/#primaryimage"},"thumbnailUrl":"https:\/\/teiaeducation.ch\/wp-content\/uploads\/2023\/12\/Sarahs-Silks-silk-blossom-mini-streamer.jpg","datePublished":"2023-12-12T15:33:41+00:00","description":"Eine wundersch\u00f6ne, von der Waldorfp\u00e4dagogik inspirierte Mini Wimpelkette aus Naturseide in der leuchtenden Farbvariante Bl\u00fcte von Sarah's Silks, die zum aktiven Spielen anregt.","breadcrumb":{"@id":"https:\/\/teiaeducation.ch\/de\/produkt\/mini-wimpel-mit-seidenblueten-sarahs-silks\/#breadcrumb"},"inLanguage":"de-CH","potentialAction":[{"@type":"ReadAction","target":["https:\/\/teiaeducation.ch\/de\/produkt\/mini-wimpel-mit-seidenblueten-sarahs-silks\/"]}]},{"@type":"ImageObject","inLanguage":"de-CH","@id":"https:\/\/teiaeducation.ch\/de\/produkt\/mini-wimpel-mit-seidenblueten-sarahs-silks\/#primaryimage","url":"https:\/\/teiaeducation.ch\/wp-content\/uploads\/2023\/12\/Sarahs-Silks-silk-blossom-mini-streamer.jpg","contentUrl":"https:\/\/teiaeducation.ch\/wp-content\/uploads\/2023\/12\/Sarahs-Silks-silk-blossom-mini-streamer.jpg","width":1080,"height":1350},{"@type":"BreadcrumbList","@id":"https:\/\/teiaeducation.ch\/de\/produkt\/mini-wimpel-mit-seidenblueten-sarahs-silks\/#breadcrumb","itemListElement":[{"@type":"ListItem","position":1,"name":"Home","item":"https:\/\/teiaeducation.ch\/de\/"},{"@type":"ListItem","position":2,"name":"Laden","item":"https:\/\/teiaeducation.ch\/de\/shop\/"},{"@type":"ListItem","position":3,"name":"Mini Wimpel mit Seidenbl\u00fcten &#8211; Sarah&#8217;s Silks"}]},{"@type":"WebSite","@id":"https:\/\/teiaeducation.ch\/de\/#website","url":"https:\/\/teiaeducation.ch\/de\/","name":"Sustainable Educational Products &amp; Ecological Toys\u00a0","description":"Specialised Swiss shop selling sustainable educational toys and games, AMI certified Montessori materials, handmade ecological wooden Waldorf toys and arts &amp; crafts supplies, school supplies, children&#039;s furniture and Montessori reference and parenting books.","publisher":{"@id":"https:\/\/teiaeducation.ch\/de\/#organization"},"alternateName":"Teia Education & Play","potentialAction":[{"@type":"SearchAction","target":{"@type":"EntryPoint","urlTemplate":"https:\/\/teiaeducation.ch\/de\/?s={search_term_string}"},"query-input":{"@type":"PropertyValueSpecification","valueRequired":true,"valueName":"search_term_string"}}],"inLanguage":"de-CH"},{"@type":"Organization","@id":"https:\/\/teiaeducation.ch\/de\/#organization","name":"Teia Education & Play","url":"https:\/\/teiaeducation.ch\/de\/","logo":{"@type":"ImageObject","inLanguage":"de-CH","@id":"https:\/\/teiaeducation.ch\/de\/#\/schema\/logo\/image\/","url":"https:\/\/teiaeducation.ch\/wp-content\/uploads\/2020\/11\/Teia-Education-Switzerland-e1620156442216.jpg","contentUrl":"https:\/\/teiaeducation.ch\/wp-content\/uploads\/2020\/11\/Teia-Education-Switzerland-e1620156442216.jpg","width":166,"height":145,"caption":"Teia Education & Play"},"image":{"@id":"https:\/\/teiaeducation.ch\/de\/#\/schema\/logo\/image\/"},"sameAs":["https:\/\/www.facebook.com\/teiaeducation\/","https:\/\/x.com\/EducationTeia","https:\/\/www.instagram.com\/teia.education\/","https:\/\/www.linkedin.com\/company\/35501660","https:\/\/www.pinterest.ch\/TeiaEducation\/"]}]}},"_links":{"self":[{"href":"https:\/\/teiaeducation.ch\/de\/wp-json\/wp\/v2\/product\/72934","targetHints":{"allow":["GET"]}}],"collection":[{"href":"https:\/\/teiaeducation.ch\/de\/wp-json\/wp\/v2\/product"}],"about":[{"href":"https:\/\/teiaeducation.ch\/de\/wp-json\/wp\/v2\/types\/product"}],"replies":[{"embeddable":true,"href":"https:\/\/teiaeducation.ch\/de\/wp-json\/wp\/v2\/comments?post=72934"}],"wp:featuredmedia":[{"embeddable":true,"href":"https:\/\/teiaeducation.ch\/de\/wp-json\/wp\/v2\/media\/57973"}],"wp:attachment":[{"href":"https:\/\/teiaeducation.ch\/de\/wp-json\/wp\/v2\/media?parent=72934"}],"wp:term":[{"taxonomy":"product_brand","embeddable":true,"href":"https:\/\/teiaeducation.ch\/de\/wp-json\/wp\/v2\/product_brand?post=72934"},{"taxonomy":"product_cat","embeddable":true,"href":"https:\/\/teiaeducation.ch\/de\/wp-json\/wp\/v2\/product_cat?post=72934"},{"taxonomy":"product_tag","embeddable":true,"href":"https:\/\/teiaeducation.ch\/de\/wp-json\/wp\/v2\/product_tag?post=72934"}],"curies":[{"name":"wp","href":"https:\/\/api.w.org\/{rel}","templated":true}]}}