{"id":72991,"date":"2023-07-19T14:48:11","date_gmt":"2023-07-19T12:48:11","guid":{"rendered":"https:\/\/teiaeducation.ch\/product\/spielseide-magische-wesen-suchen-und-finden-sarahs-silks\/"},"modified":"2023-07-19T14:48:11","modified_gmt":"2023-07-19T12:48:11","slug":"spielseide-magische-wesen-suchen-und-finden-sarahs-silks","status":"publish","type":"product","link":"https:\/\/teiaeducation.ch\/de\/produkt\/spielseide-magische-wesen-suchen-und-finden-sarahs-silks\/","title":{"rendered":"Spielseide: Magische Wesen suchen und finden &#8211; Sarah&#8217;s Silks"},"content":{"rendered":"<p>Ein wundersch\u00f6nes, von der <a href=\"https:\/\/teiaeducation.ch\/de\/produkt-kategorie\/kinder-spielzeug\/waldorfspielzeug\/\">Waldorf<\/a>p\u00e4dagogik inspiriertes Spieltuch aus Naturseide zum Suchen und Finden in der Variante \u201eMagische Wesen\u201c aus der Kollektion 2023 von Sarah\u2019s Silks. Dieses Spieltuch in Sonderausgabe misst 53 x 74 Zentimeter und besteht aus 100 % reiner, fair gehandelter Maulbeerseide. Es ist von Hand ges\u00e4umt und mit ungiftigen, umweltfreundlichen Farbstoffen gef\u00e4rbt. Es entstand in Zusammenarbeit mit der K\u00fcnstlerin Kelsey Oseid.  <\/p>\n<p>Jeder Spielseidentuch liegt eine einzigartige Karte mit Vorschl\u00e4gen bei, wie die Kinder den Such- und Findespa\u00df leicht beginnen k\u00f6nnen! Entdecke Drachen, Meermenschen, Einh\u00f6rner und vieles mehr! Kinder werden es lieben, die Magie zu erforschen, die diese Spielseidentuch zu bieten hat.<\/p>\n<p>This lovely Sarah&#8217;s Silks Spielseide: Magische Wesen suchen und finden is perfect for quiet time, and is a wonderful <a href=\"https:\/\/teiaeducation.ch\/de\/produkt-kategorie\/kinder-spielzeug\/\">toy<\/a> to bring on trips. Es l\u00e4sst sich klein und leicht verpacken und wird viele Stunden lang Spa\u00df machen, da es immer etwas Neues zu finden gibt!<\/p>\n<p>Sarah&#8217;s Silks Spielseident\u00fccher sind inspirierende, magische Spielzeuge, mit denen Kinder immer wieder gerne spielen! Die Einfachheit und <a href=\"https:\/\/teiaeducation.ch\/de\/produkt-kategorie\/kinder-spielzeug\/spiele-mit-offenem-ende\/\">freie<\/a> Gestaltung der Spielseident\u00fccher zapfen direkt das <a href=\"https:\/\/teiaeducation.ch\/de\/produkt-kategorie\/malen-basteln\/\">kreative<\/a> Potenzial des Kindes an und erm\u00f6glichen es ihm, seine Fantasie auszudr\u00fccken und seine Unabh\u00e4ngigkeit zu f\u00f6rdern.<\/p>\n<p>Inhalt:<\/p>\n<p>1 Spielseide: Magische Wesen suchen und finden aus 100 % Seide (53 x 74 cm)<br \/>\n1 Karte mit Vorschl\u00e4gen<\/p>\n<h2>Pflegehinweise<\/h2>\n<p>Waschen mit der Hand, trocknen es auf der Leine und b\u00fcgeln es auf mittlerer Stufe, um den nat\u00fcrlichen Glanz der Seide wiederherzustellen \u2013 bitte beachten Sie die Schritt-f\u00fcr-Schritt-<a href=\"https:\/\/www.sarahssilks.com\/blogs\/journal\/how-to-wash-playsilks\">Anleitung<\/a> von Sarah\u2019s Silks um Ihre Seidenartikel zu waschen.<\/p>\n<h2>R\u00fcckgabepolitik<\/h2>\n<p>Alle zur\u00fcckgesandten Artikel m\u00fcssen sich in ihrem Originalzustand befinden und die Originalverpackung sowie die Etiketten m\u00fcssen angebracht und intakt sein. Gebrauchte oder gewaschene Artikel k\u00f6nnen nicht zur\u00fcckgegeben werden.<\/p>\n<h2>\u00dcber Sarah&#8217;s Silks<\/h2>\n<p><a href=\"https:\/\/teiaeducation.ch\/de\/produkt-kategorie\/unsere-marken\/sarahs-silks-de\/\">Sarah&#8217;s Silks<\/a> ist ein Familienunternehmen mit Sitz in den USA, das sich auf von <a href=\"https:\/\/teiaeducation.ch\/produktkategorie\/erziehungsmethode\/waldorf-steiner-spielzeug-bastelmaterialen\/\">Waldorf<\/a> inspiriertes, <a href=\"https:\/\/teiaeducation.ch\/de\/produkt-kategorie\/kinder-spielzeug\/naturspiel\/\">nat\u00fcrliches<\/a> und nachhaltiges Spielzeug spezialisiert hat, das die <a href=\"https:\/\/teiaeducation.ch\/de\/produkt-kategorie\/kinder-spielzeug\/phantasievoll-rollenspiel\/\">Fantasie<\/a> von Babys und Kindern anregt. Die Mission von Sarah&#8217;s Silks ist es, nachhaltiges, offenes und freies Spielzeug herzustellen, das unsere Kinder lehrt Mutter Erde zu lieben und zu pflegen. Die wundersch\u00f6nen Spielt\u00fccher, Baumwollt\u00fccher, Umh\u00e4nge, Feenkleider, Schleier, Fl\u00fcgel, Kronen, R\u00f6cke, Kleider, Schwerter, Schilde, Skytails und Luftschlangen von Sarah&#8217;s Silks eignen sich perfekt f\u00fcr freies Spielen, Verkleiden und Rollenspiele in Waldorf-Haushalten, Kindertagesst\u00e4tten und <a href=\"https:\/\/teiaeducation.ch\/waldorf-steiner-schulen-lieferungen\/\">Steiner-Schulen<\/a>.<\/p>\n<p>Alle <a href=\"https:\/\/teiaeducation.ch\/de\/produkt-kategorie\/unsere-marken\/sarahs-silks-de\/verkleidungen\/\">Seiden<\/a>kost\u00fcme, <a href=\"https:\/\/teiaeducation.ch\/de\/produkt-kategorie\/unsere-marken\/sarahs-silks-de\/spielzeuge-aus-seide\/\">Holzspielzeuge<\/a> und <a href=\"https:\/\/teiaeducation.ch\/de\/produkt-kategorie\/unsere-marken\/sarahs-silks-de\/spielzeuge-aus-holz\/\">Spielt\u00fccher<\/a> von Sarah&#8217;s <a href=\"https:\/\/teiaeducation.ch\/de\/produkt-kategorie\/unsere-marken\/sarahs-silks-de\/seidenspieltuecher-einfarbig\/\">Silks<\/a> werden aus hochwertiger, nachhaltiger chinesischer Seide hergestellt. Jedes Seidenprodukt wird von N\u00e4herinnen gewebt, gef\u00e4rbt und von Hand ges\u00e4umt, die in einem kleinen Dorf in der N\u00e4he von Suzhou, China, arbeiten. Anschlie\u00dfend werden sie im Hauptsitz von Sarah&#8217;s Silks im kalifornischen Sonoma County von Hand bemalt und fertiggestellt.<\/p>\n<p>Die Spielt\u00fccher von Sarah&#8217;s Silks eignen sich auch perfekt zum Verpacken von Geschenken, als h\u00fcbsche Dekoration f\u00fcr <a href=\"https:\/\/teiaeducation.ch\/de\/produkt-kategorie\/feier-festlichkeiten\/natur-saisonale-tische-de\/\">Natur- und Jahreszeitentische<\/a>, als Dekoration f\u00fcr <a href=\"https:\/\/teiaeducation.ch\/de\/produkt-kategorie\/feier-festlichkeiten\/geburtstage\/\">Geburtstag<\/a>sfeiern oder f\u00fcr den Einsatz in Rhythmikunterricht.<\/p>\n<p>Kinder lieben die leuchtenden, wundersch\u00f6n aufeinander abgestimmten Farben und die weiche Haptik der Spielt\u00fccher, <a href=\"https:\/\/teiaeducation.ch\/de\/produkt-kategorie\/unsere-marken\/sarahs-silks-de\/baumwolltuecher\/\">Baumwollspielt\u00fccher<\/a> und Seidenkleidung. Sie werden mit ungiftigen, umweltfreundlichen Farbstoffen und nat\u00fcrlichen Fasern aus 100% echter Seide und 100% Baumwolle hergestellt und haben strenge amerikanische und europ\u00e4ische Sicherheitstests bestanden und sind f\u00fcr Kinder jeden Alters geeignet.<\/p>\n","protected":false},"excerpt":{"rendered":"<p>Artikelnummer: 5023010<\/p>\n<p>Ein wundersch\u00f6nes Spieltuch von Sarah&#8217;s Silks: \u201eMagische Wesen suchen und finden\u201c (Limitierte Auflage, naturfarben) \u2013 ideal f\u00fcr ruhige Momente und ein wunderbares Spielzeug f\u00fcr unterwegs!<\/p>\n","protected":false},"featured_media":54616,"comment_status":"open","ping_status":"closed","template":"","meta":[],"product_brand":[32610],"product_cat":[21444,21445,21446,21479,21690,21486,21484,21443,21563,21687,21666,29595,21695,21678,21685,21564,21483,22919],"product_tag":[22921,32839,32840,32699,32692,22941,32791,32696,32838,32790,32695,25434,32698,24017,32697,32700,32693,32694,32680,22942,22940],"class_list":{"0":"post-72991","1":"product","2":"type-product","3":"status-publish","4":"has-post-thumbnail","6":"product_brand-sarahs-silks","7":"product_cat-1-3-jahre-kleinkind","8":"product_cat-3-6-jahre-vorschule","9":"product_cat-6-12-jahre-grundschule","10":"product_cat-lernmaterialien-spielzeug-montessori-waldorf-steiner-froebel","11":"product_cat-spiele-mit-offenem-ende","12":"product_cat-geschenk-guide-1-3-jahre-kleinkind","13":"product_cat-geschenk-guides","14":"product_cat-nach-alter","15":"product_cat-neuheiten","16":"product_cat-phantasievoll-rollenspiel","17":"product_cat-sarahs-silks-de","18":"product_cat-seidenspieltuecher-bedruckt","19":"product_cat-sinnliches-spiel","20":"product_cat-kinder-spielzeug","21":"product_cat-stoffspielzeug","22":"product_cat-unsere-marken","23":"product_cat-waldorf-steiner-paedagogik","24":"product_cat-waldorfspielzeug","25":"product_tag-sarahs-silks-de","26":"product_tag-sarahs-silks-magische-wesen","27":"product_tag-sarahs-silks-magische-wesen-suchen","28":"product_tag-sarahs-silks-mini-playsilks-seek-find","29":"product_tag-sarahs-silks-mini-spielseide","30":"product_tag-sarahs-silks-mini-spielseidentucher","31":"product_tag-sarahs-silks-mini-spielseide-magische-wesen","32":"product_tag-sarahss-silks-suchen-und-finden","33":"product_tag-spielseide-magische-wesen-suchen-und-finden","34":"product_tag-spielseide-mit-magischen-kreaturen-sarahs-silks","35":"product_tag-spielseide-suchen-und-finden-sarahs-silks","36":"product_tag-spielseidentuch-suchen-finden-sarahs-silks","37":"product_tag-stoffspielzeug-waldorf-2","38":"product_tag-stoffspielzeug-waldorf","39":"product_tag-suchen-und-finden-sarahs-silks","40":"product_tag-suchen-und-finden-spielseide","41":"product_tag-waldorf-seide","42":"product_tag-waldorf-seide-kleid","43":"product_tag-waldorf-spiele","44":"product_tag-waldorf-spielseidentuch","45":"product_tag-waldorf-spielstoffe","47":"first","48":"instock","49":"taxable","50":"shipping-taxable","51":"purchasable","52":"product-type-simple"},"yoast_head":"<!-- This site is optimized with the Yoast SEO plugin v27.3 - https:\/\/yoast.com\/product\/yoast-seo-wordpress\/ -->\n<title>Spielseide: Magische Wesen suchen und finden Sarah&#039;s Silks<\/title>\n<meta name=\"description\" content=\"Ein wundersch\u00f6nes \u201eSpielseide: Magische Wesen suchen und finden\u201c von Sarah\u2019s Silks in der limitierten Auflage in Naturfarben eignet sich perfekt f\u00fcr ruhige Momente und ist ein wunderbares Spielzeug f\u00fcr unterwegs!\" \/>\n<meta name=\"robots\" content=\"index, follow, max-snippet:-1, max-image-preview:large, max-video-preview:-1\" \/>\n<link rel=\"canonical\" href=\"https:\/\/teiaeducation.ch\/de\/produkt\/spielseide-magische-wesen-suchen-und-finden-sarahs-silks\/\" \/>\n<meta property=\"og:locale\" content=\"de_DE\" \/>\n<meta property=\"og:type\" content=\"article\" \/>\n<meta property=\"og:title\" content=\"Spielseide: Magische Wesen suchen und finden Sarah&#039;s Silks\" \/>\n<meta property=\"og:description\" content=\"Ein wundersch\u00f6nes \u201eSpielseide: Magische Wesen suchen und finden\u201c von Sarah\u2019s Silks in der limitierten Auflage in Naturfarben eignet sich perfekt f\u00fcr ruhige Momente und ist ein wunderbares Spielzeug f\u00fcr unterwegs!\" \/>\n<meta property=\"og:url\" content=\"https:\/\/teiaeducation.ch\/de\/produkt\/spielseide-magische-wesen-suchen-und-finden-sarahs-silks\/\" \/>\n<meta property=\"og:site_name\" content=\"Sustainable Educational Products &amp; Ecological Toys\u00a0\" \/>\n<meta property=\"article:publisher\" content=\"https:\/\/www.facebook.com\/teiaeducation\/\" \/>\n<meta property=\"og:image\" content=\"https:\/\/teiaeducation.ch\/wp-content\/uploads\/2023\/07\/Playsilk-seek-find-magical-creatures-Sarahs-Silks-4.jpg\" \/>\n\t<meta property=\"og:image:width\" content=\"1600\" \/>\n\t<meta property=\"og:image:height\" content=\"2000\" \/>\n\t<meta property=\"og:image:type\" content=\"image\/jpeg\" \/>\n<script type=\"application\/ld+json\" class=\"yoast-schema-graph\">{\"@context\":\"https:\\\/\\\/schema.org\",\"@graph\":[{\"@type\":\"WebPage\",\"@id\":\"https:\\\/\\\/teiaeducation.ch\\\/de\\\/produkt\\\/spielseide-magische-wesen-suchen-und-finden-sarahs-silks\\\/\",\"url\":\"https:\\\/\\\/teiaeducation.ch\\\/de\\\/produkt\\\/spielseide-magische-wesen-suchen-und-finden-sarahs-silks\\\/\",\"name\":\"Spielseide: Magische Wesen suchen und finden Sarah's Silks\",\"isPartOf\":{\"@id\":\"https:\\\/\\\/teiaeducation.ch\\\/de\\\/#website\"},\"primaryImageOfPage\":{\"@id\":\"https:\\\/\\\/teiaeducation.ch\\\/de\\\/produkt\\\/spielseide-magische-wesen-suchen-und-finden-sarahs-silks\\\/#primaryimage\"},\"image\":{\"@id\":\"https:\\\/\\\/teiaeducation.ch\\\/de\\\/produkt\\\/spielseide-magische-wesen-suchen-und-finden-sarahs-silks\\\/#primaryimage\"},\"thumbnailUrl\":\"https:\\\/\\\/teiaeducation.ch\\\/wp-content\\\/uploads\\\/2023\\\/07\\\/Playsilk-seek-find-magical-creatures-Sarahs-Silks-4.jpg\",\"datePublished\":\"2023-07-19T12:48:11+00:00\",\"description\":\"Ein wundersch\u00f6nes \u201eSpielseide: Magische Wesen suchen und finden\u201c von Sarah\u2019s Silks in der limitierten Auflage in Naturfarben eignet sich perfekt f\u00fcr ruhige Momente und ist ein wunderbares Spielzeug f\u00fcr unterwegs!\",\"breadcrumb\":{\"@id\":\"https:\\\/\\\/teiaeducation.ch\\\/de\\\/produkt\\\/spielseide-magische-wesen-suchen-und-finden-sarahs-silks\\\/#breadcrumb\"},\"inLanguage\":\"de-CH\",\"potentialAction\":[{\"@type\":\"ReadAction\",\"target\":[\"https:\\\/\\\/teiaeducation.ch\\\/de\\\/produkt\\\/spielseide-magische-wesen-suchen-und-finden-sarahs-silks\\\/\"]}]},{\"@type\":\"ImageObject\",\"inLanguage\":\"de-CH\",\"@id\":\"https:\\\/\\\/teiaeducation.ch\\\/de\\\/produkt\\\/spielseide-magische-wesen-suchen-und-finden-sarahs-silks\\\/#primaryimage\",\"url\":\"https:\\\/\\\/teiaeducation.ch\\\/wp-content\\\/uploads\\\/2023\\\/07\\\/Playsilk-seek-find-magical-creatures-Sarahs-Silks-4.jpg\",\"contentUrl\":\"https:\\\/\\\/teiaeducation.ch\\\/wp-content\\\/uploads\\\/2023\\\/07\\\/Playsilk-seek-find-magical-creatures-Sarahs-Silks-4.jpg\",\"width\":1600,\"height\":2000,\"caption\":\"Spielseide: Magische Wesen suchen und finden - Sarah's Silks\"},{\"@type\":\"BreadcrumbList\",\"@id\":\"https:\\\/\\\/teiaeducation.ch\\\/de\\\/produkt\\\/spielseide-magische-wesen-suchen-und-finden-sarahs-silks\\\/#breadcrumb\",\"itemListElement\":[{\"@type\":\"ListItem\",\"position\":1,\"name\":\"Home\",\"item\":\"https:\\\/\\\/teiaeducation.ch\\\/de\\\/\"},{\"@type\":\"ListItem\",\"position\":2,\"name\":\"Laden\",\"item\":\"https:\\\/\\\/teiaeducation.ch\\\/de\\\/shop\\\/\"},{\"@type\":\"ListItem\",\"position\":3,\"name\":\"Spielseide: Magische Wesen suchen und finden &#8211; Sarah&#8217;s Silks\"}]},{\"@type\":\"WebSite\",\"@id\":\"https:\\\/\\\/teiaeducation.ch\\\/de\\\/#website\",\"url\":\"https:\\\/\\\/teiaeducation.ch\\\/de\\\/\",\"name\":\"Sustainable Educational Products &amp; Ecological Toys\u00a0\",\"description\":\"Specialised Swiss shop selling sustainable educational toys and games, AMI certified Montessori materials, handmade ecological wooden Waldorf toys and arts &amp; crafts supplies, school supplies, children&#039;s furniture and Montessori reference and parenting books.\",\"publisher\":{\"@id\":\"https:\\\/\\\/teiaeducation.ch\\\/de\\\/#organization\"},\"alternateName\":\"Teia Education & Play\",\"potentialAction\":[{\"@type\":\"SearchAction\",\"target\":{\"@type\":\"EntryPoint\",\"urlTemplate\":\"https:\\\/\\\/teiaeducation.ch\\\/de\\\/?s={search_term_string}\"},\"query-input\":{\"@type\":\"PropertyValueSpecification\",\"valueRequired\":true,\"valueName\":\"search_term_string\"}}],\"inLanguage\":\"de-CH\"},{\"@type\":\"Organization\",\"@id\":\"https:\\\/\\\/teiaeducation.ch\\\/de\\\/#organization\",\"name\":\"Teia Education & Play\",\"url\":\"https:\\\/\\\/teiaeducation.ch\\\/de\\\/\",\"logo\":{\"@type\":\"ImageObject\",\"inLanguage\":\"de-CH\",\"@id\":\"https:\\\/\\\/teiaeducation.ch\\\/de\\\/#\\\/schema\\\/logo\\\/image\\\/\",\"url\":\"https:\\\/\\\/teiaeducation.ch\\\/wp-content\\\/uploads\\\/2020\\\/11\\\/Teia-Education-Switzerland-e1620156442216.jpg\",\"contentUrl\":\"https:\\\/\\\/teiaeducation.ch\\\/wp-content\\\/uploads\\\/2020\\\/11\\\/Teia-Education-Switzerland-e1620156442216.jpg\",\"width\":166,\"height\":145,\"caption\":\"Teia Education & Play\"},\"image\":{\"@id\":\"https:\\\/\\\/teiaeducation.ch\\\/de\\\/#\\\/schema\\\/logo\\\/image\\\/\"},\"sameAs\":[\"https:\\\/\\\/www.facebook.com\\\/teiaeducation\\\/\",\"https:\\\/\\\/x.com\\\/EducationTeia\",\"https:\\\/\\\/www.instagram.com\\\/teia.education\\\/\",\"https:\\\/\\\/www.linkedin.com\\\/company\\\/35501660\",\"https:\\\/\\\/www.pinterest.ch\\\/TeiaEducation\\\/\"]}]}<\/script>\n<!-- \/ Yoast SEO plugin. -->","yoast_head_json":{"title":"Spielseide: Magische Wesen suchen und finden Sarah's Silks","description":"Ein wundersch\u00f6nes \u201eSpielseide: Magische Wesen suchen und finden\u201c von Sarah\u2019s Silks in der limitierten Auflage in Naturfarben eignet sich perfekt f\u00fcr ruhige Momente und ist ein wunderbares Spielzeug f\u00fcr unterwegs!","robots":{"index":"index","follow":"follow","max-snippet":"max-snippet:-1","max-image-preview":"max-image-preview:large","max-video-preview":"max-video-preview:-1"},"canonical":"https:\/\/teiaeducation.ch\/de\/produkt\/spielseide-magische-wesen-suchen-und-finden-sarahs-silks\/","og_locale":"de_DE","og_type":"article","og_title":"Spielseide: Magische Wesen suchen und finden Sarah's Silks","og_description":"Ein wundersch\u00f6nes \u201eSpielseide: Magische Wesen suchen und finden\u201c von Sarah\u2019s Silks in der limitierten Auflage in Naturfarben eignet sich perfekt f\u00fcr ruhige Momente und ist ein wunderbares Spielzeug f\u00fcr unterwegs!","og_url":"https:\/\/teiaeducation.ch\/de\/produkt\/spielseide-magische-wesen-suchen-und-finden-sarahs-silks\/","og_site_name":"Sustainable Educational Products &amp; Ecological Toys\u00a0","article_publisher":"https:\/\/www.facebook.com\/teiaeducation\/","og_image":[{"width":1600,"height":2000,"url":"https:\/\/teiaeducation.ch\/wp-content\/uploads\/2023\/07\/Playsilk-seek-find-magical-creatures-Sarahs-Silks-4.jpg","type":"image\/jpeg"}],"schema":{"@context":"https:\/\/schema.org","@graph":[{"@type":"WebPage","@id":"https:\/\/teiaeducation.ch\/de\/produkt\/spielseide-magische-wesen-suchen-und-finden-sarahs-silks\/","url":"https:\/\/teiaeducation.ch\/de\/produkt\/spielseide-magische-wesen-suchen-und-finden-sarahs-silks\/","name":"Spielseide: Magische Wesen suchen und finden Sarah's Silks","isPartOf":{"@id":"https:\/\/teiaeducation.ch\/de\/#website"},"primaryImageOfPage":{"@id":"https:\/\/teiaeducation.ch\/de\/produkt\/spielseide-magische-wesen-suchen-und-finden-sarahs-silks\/#primaryimage"},"image":{"@id":"https:\/\/teiaeducation.ch\/de\/produkt\/spielseide-magische-wesen-suchen-und-finden-sarahs-silks\/#primaryimage"},"thumbnailUrl":"https:\/\/teiaeducation.ch\/wp-content\/uploads\/2023\/07\/Playsilk-seek-find-magical-creatures-Sarahs-Silks-4.jpg","datePublished":"2023-07-19T12:48:11+00:00","description":"Ein wundersch\u00f6nes \u201eSpielseide: Magische Wesen suchen und finden\u201c von Sarah\u2019s Silks in der limitierten Auflage in Naturfarben eignet sich perfekt f\u00fcr ruhige Momente und ist ein wunderbares Spielzeug f\u00fcr unterwegs!","breadcrumb":{"@id":"https:\/\/teiaeducation.ch\/de\/produkt\/spielseide-magische-wesen-suchen-und-finden-sarahs-silks\/#breadcrumb"},"inLanguage":"de-CH","potentialAction":[{"@type":"ReadAction","target":["https:\/\/teiaeducation.ch\/de\/produkt\/spielseide-magische-wesen-suchen-und-finden-sarahs-silks\/"]}]},{"@type":"ImageObject","inLanguage":"de-CH","@id":"https:\/\/teiaeducation.ch\/de\/produkt\/spielseide-magische-wesen-suchen-und-finden-sarahs-silks\/#primaryimage","url":"https:\/\/teiaeducation.ch\/wp-content\/uploads\/2023\/07\/Playsilk-seek-find-magical-creatures-Sarahs-Silks-4.jpg","contentUrl":"https:\/\/teiaeducation.ch\/wp-content\/uploads\/2023\/07\/Playsilk-seek-find-magical-creatures-Sarahs-Silks-4.jpg","width":1600,"height":2000,"caption":"Spielseide: Magische Wesen suchen und finden - Sarah's Silks"},{"@type":"BreadcrumbList","@id":"https:\/\/teiaeducation.ch\/de\/produkt\/spielseide-magische-wesen-suchen-und-finden-sarahs-silks\/#breadcrumb","itemListElement":[{"@type":"ListItem","position":1,"name":"Home","item":"https:\/\/teiaeducation.ch\/de\/"},{"@type":"ListItem","position":2,"name":"Laden","item":"https:\/\/teiaeducation.ch\/de\/shop\/"},{"@type":"ListItem","position":3,"name":"Spielseide: Magische Wesen suchen und finden &#8211; Sarah&#8217;s Silks"}]},{"@type":"WebSite","@id":"https:\/\/teiaeducation.ch\/de\/#website","url":"https:\/\/teiaeducation.ch\/de\/","name":"Sustainable Educational Products &amp; Ecological Toys\u00a0","description":"Specialised Swiss shop selling sustainable educational toys and games, AMI certified Montessori materials, handmade ecological wooden Waldorf toys and arts &amp; crafts supplies, school supplies, children&#039;s furniture and Montessori reference and parenting books.","publisher":{"@id":"https:\/\/teiaeducation.ch\/de\/#organization"},"alternateName":"Teia Education & Play","potentialAction":[{"@type":"SearchAction","target":{"@type":"EntryPoint","urlTemplate":"https:\/\/teiaeducation.ch\/de\/?s={search_term_string}"},"query-input":{"@type":"PropertyValueSpecification","valueRequired":true,"valueName":"search_term_string"}}],"inLanguage":"de-CH"},{"@type":"Organization","@id":"https:\/\/teiaeducation.ch\/de\/#organization","name":"Teia Education & Play","url":"https:\/\/teiaeducation.ch\/de\/","logo":{"@type":"ImageObject","inLanguage":"de-CH","@id":"https:\/\/teiaeducation.ch\/de\/#\/schema\/logo\/image\/","url":"https:\/\/teiaeducation.ch\/wp-content\/uploads\/2020\/11\/Teia-Education-Switzerland-e1620156442216.jpg","contentUrl":"https:\/\/teiaeducation.ch\/wp-content\/uploads\/2020\/11\/Teia-Education-Switzerland-e1620156442216.jpg","width":166,"height":145,"caption":"Teia Education & Play"},"image":{"@id":"https:\/\/teiaeducation.ch\/de\/#\/schema\/logo\/image\/"},"sameAs":["https:\/\/www.facebook.com\/teiaeducation\/","https:\/\/x.com\/EducationTeia","https:\/\/www.instagram.com\/teia.education\/","https:\/\/www.linkedin.com\/company\/35501660","https:\/\/www.pinterest.ch\/TeiaEducation\/"]}]}},"_links":{"self":[{"href":"https:\/\/teiaeducation.ch\/de\/wp-json\/wp\/v2\/product\/72991","targetHints":{"allow":["GET"]}}],"collection":[{"href":"https:\/\/teiaeducation.ch\/de\/wp-json\/wp\/v2\/product"}],"about":[{"href":"https:\/\/teiaeducation.ch\/de\/wp-json\/wp\/v2\/types\/product"}],"replies":[{"embeddable":true,"href":"https:\/\/teiaeducation.ch\/de\/wp-json\/wp\/v2\/comments?post=72991"}],"wp:featuredmedia":[{"embeddable":true,"href":"https:\/\/teiaeducation.ch\/de\/wp-json\/wp\/v2\/media\/54616"}],"wp:attachment":[{"href":"https:\/\/teiaeducation.ch\/de\/wp-json\/wp\/v2\/media?parent=72991"}],"wp:term":[{"taxonomy":"product_brand","embeddable":true,"href":"https:\/\/teiaeducation.ch\/de\/wp-json\/wp\/v2\/product_brand?post=72991"},{"taxonomy":"product_cat","embeddable":true,"href":"https:\/\/teiaeducation.ch\/de\/wp-json\/wp\/v2\/product_cat?post=72991"},{"taxonomy":"product_tag","embeddable":true,"href":"https:\/\/teiaeducation.ch\/de\/wp-json\/wp\/v2\/product_tag?post=72991"}],"curies":[{"name":"wp","href":"https:\/\/api.w.org\/{rel}","templated":true}]}}