{"id":73030,"date":"2023-01-17T13:17:38","date_gmt":"2023-01-17T12:17:38","guid":{"rendered":"https:\/\/teiaeducation.ch\/product\/himmelsschwaenze-regenbogenkomet-sarahs-silks\/"},"modified":"2023-01-17T13:17:38","modified_gmt":"2023-01-17T12:17:38","slug":"himmelsschwaenze-regenbogenkomet-sarahs-silks","status":"publish","type":"product","link":"https:\/\/teiaeducation.ch\/de\/produkt\/himmelsschwaenze-regenbogenkomet-sarahs-silks\/","title":{"rendered":"Himmelsschw\u00e4nze Regenbogenkomet &#8211; Sarah&#8217;s Silks"},"content":{"rendered":"<p>Die Himmelsschw\u00e4nze in der Variante Regenbogenkomet von Sarah\u2019s Silks sind ein bezauberndes, <a href=\"https:\/\/teiaeducation.ch\/de\/produkt-kategorie\/kinder-spielzeug\/aktiv-spielzeug\/\">aktives Spielzeug<\/a> f\u00fcr Ihr Kind! Die Himmelsschw\u00e4nze Regenbogenkomet lassen sich leicht werfen, drehen und am Seidenschwanz durch die Luft schleudern \u2013 und sehen einfach fantastisch aus, wenn sie mit ihrem flatternden Regenbogen-Seidenschwanz durch die Luft fliegen! Dieses hochwertige <a href=\"https:\/\/teiaeducation.ch\/de\/produkt-kategorie\/kinder-spielzeug\/stoffspielzeug\/\">Stoffspielzeug<\/a> besteht aus einem weichen, mit Seide \u00fcberzogenen Gummiball, der gut springt und leicht zu fangen ist, aber dank seiner Polsterung nicht wehtut, wenn man davon getroffen wird!  <\/p>\n<p>Kinder werden sich viele fantasievolle und kreative Spielideen mit dem Sarah&#8217;s Silk Himmelsschw\u00e4nze ausdenken, die ihnen jede Menge aktiven Spa\u00df und Bewegung bieten und zudem dazu beitragen, ihre Hand-Augen-Koordination und ihre grob<a href=\"https:\/\/teiaeducation.ch\/de\/produkt-kategorie\/lernthemen\/sensorische-motorische-fertigkeiten\/motorische-fertigkeiten\/\">motorischen F\u00e4higkeiten<\/a> zu f\u00f6rdern.<\/p>\n<p>Der Himmelsschw\u00e4nze Regenbogenkomet von Sarah&#8217;s Silks wird nachhaltig hergestellt und wird in einem Seiden-Geschenkbeutel geliefert. Er wurde mit ungiftigen, umweltfreundlichen Farbstoffen wundersch\u00f6n in Regenbogenfarben gef\u00e4rbt und auf seine Sicherheit f\u00fcr Kinder ab 3 Jahren gepr\u00fcft. <\/p>\n<p>Inhalt:<\/p>\n<p>1 Himmelsschw\u00e4nze im Regenbogenkomet Stil<\/p>\n<p>Warnung: Erstickungsgefahr durch Spielzeug \u2013 enth\u00e4lt einen kleinen Ball. Nicht f\u00fcr Kinder unter 3 Jahren geeignet. <\/p>\n<h2>Pflegehinweise<\/h2>\n<p>Waschen mit der Hand, trocknen es auf der Leine und b\u00fcgeln es auf mittlerer Stufe, um den nat\u00fcrlichen Glanz der Seide wiederherzustellen \u2013 bitte beachten Sie die Schritt-f\u00fcr-Schritt-<a href=\"https:\/\/www.sarahssilks.com\/blogs\/journal\/how-to-wash-playsilks\">Anleitung<\/a> von Sarah\u2019s Silks um Ihre Seidenartikel zu waschen.<\/p>\n<h2>R\u00fcckgabepolitik<\/h2>\n<p>Alle zur\u00fcckgesandten Artikel m\u00fcssen sich in ihrem Originalzustand befinden und die Originalverpackung sowie die Etiketten m\u00fcssen angebracht und intakt sein. Gebrauchte oder gewaschene Artikel k\u00f6nnen nicht zur\u00fcckgegeben werden.<\/p>\n<h2>\u00dcber Sarah&#8217;s Silks<\/h2>\n<p><a href=\"https:\/\/teiaeducation.ch\/de\/produkt-kategorie\/unsere-marken\/sarahs-silks-de\/\">Sarah&#8217;s Silks<\/a> ist ein Familienunternehmen mit Sitz in den USA, das sich auf von <a href=\"https:\/\/teiaeducation.ch\/produktkategorie\/erziehungsmethode\/waldorf-steiner-spielzeug-bastelmaterialen\/\">Waldorf<\/a> inspiriertes, <a href=\"https:\/\/teiaeducation.ch\/de\/produkt-kategorie\/kinder-spielzeug\/naturspiel\/\">nat\u00fcrliches<\/a> und nachhaltiges Spielzeug spezialisiert hat, das die <a href=\"https:\/\/teiaeducation.ch\/de\/produkt-kategorie\/kinder-spielzeug\/phantasievoll-rollenspiel\/\">Fantasie<\/a> von Babys und Kindern anregt. Die Mission von Sarah&#8217;s Silks ist es, nachhaltiges, offenes und freies Spielzeug herzustellen, das unsere Kinder lehrt Mutter Erde zu lieben und zu pflegen. Die wundersch\u00f6nen Spielt\u00fccher, Baumwollt\u00fccher, Umh\u00e4nge, Feenkleider, Schleier, Fl\u00fcgel, Kronen, R\u00f6cke, Kleider, Schwerter, Schilde, Skytails und Luftschlangen von Sarah&#8217;s Silks eignen sich perfekt f\u00fcr freies Spielen, Verkleiden und Rollenspiele in Waldorf-Haushalten, Kindertagesst\u00e4tten und <a href=\"https:\/\/teiaeducation.ch\/waldorf-steiner-schulen-lieferungen\/\">Steiner-Schulen<\/a>.<\/p>\n<p>Alle <a href=\"https:\/\/teiaeducation.ch\/de\/produkt-kategorie\/unsere-marken\/sarahs-silks-de\/verkleidungen\/\">Seiden<\/a>kost\u00fcme, <a href=\"https:\/\/teiaeducation.ch\/de\/produkt-kategorie\/unsere-marken\/sarahs-silks-de\/spielzeuge-aus-seide\/\">Holzspielzeuge<\/a> und <a href=\"https:\/\/teiaeducation.ch\/de\/produkt-kategorie\/unsere-marken\/sarahs-silks-de\/spielzeuge-aus-holz\/\">Spielt\u00fccher<\/a> von Sarah&#8217;s <a href=\"https:\/\/teiaeducation.ch\/de\/produkt-kategorie\/unsere-marken\/sarahs-silks-de\/seidenspieltuecher-einfarbig\/\">Silks<\/a> werden aus hochwertiger, nachhaltiger chinesischer Seide hergestellt. Jedes Seidenprodukt wird von N\u00e4herinnen gewebt, gef\u00e4rbt und von Hand ges\u00e4umt, die in einem kleinen Dorf in der N\u00e4he von Suzhou, China, arbeiten. Anschlie\u00dfend werden sie im Hauptsitz von Sarah&#8217;s Silks im kalifornischen Sonoma County von Hand bemalt und fertiggestellt.<\/p>\n<p>Die Spielt\u00fccher von Sarah&#8217;s Silks eignen sich auch perfekt zum Verpacken von Geschenken, als h\u00fcbsche Dekoration f\u00fcr <a href=\"https:\/\/teiaeducation.ch\/de\/produkt-kategorie\/feier-festlichkeiten\/natur-saisonale-tische-de\/\">Natur- und Jahreszeitentische<\/a>, als Dekoration f\u00fcr <a href=\"https:\/\/teiaeducation.ch\/de\/produkt-kategorie\/feier-festlichkeiten\/geburtstage\/\">Geburtstag<\/a>sfeiern oder f\u00fcr den Einsatz in Rhythmikunterricht.<\/p>\n<p>Kinder lieben die leuchtenden, wundersch\u00f6n aufeinander abgestimmten Farben und die weiche Haptik der Spielt\u00fccher, <a href=\"https:\/\/teiaeducation.ch\/de\/produkt-kategorie\/unsere-marken\/sarahs-silks-de\/baumwolltuecher\/\">Baumwollspielt\u00fccher<\/a> und Seidenkleidung. Sie werden mit ungiftigen, umweltfreundlichen Farbstoffen und nat\u00fcrlichen Fasern aus 100% echter Seide und 100% Baumwolle hergestellt und haben strenge amerikanische und europ\u00e4ische Sicherheitstests bestanden und sind f\u00fcr Kinder jeden Alters geeignet.<\/p>\n","protected":false},"excerpt":{"rendered":"<p>Artikelnummer: 35390004<\/p>\n<p>Dieses wundersch\u00f6ne, von der Waldorfp\u00e4dagogik inspirierte, weiche Wurfspielzeug in Form eines Regenbogenkometen mit Himmelsschw\u00e4nze von Sarah\u2019s Silks eignet sich perfekt f\u00fcr aktives, unterhaltsames und fantasievolles Spielen<\/p>\n","protected":false},"featured_media":72997,"comment_status":"open","ping_status":"closed","template":"","meta":[],"product_brand":[32610],"product_cat":[21445,21446,22033,21679,21479,21690,21492,21484,22422,21443,21563,21687,22362,21666,21695,23636,21678,25827,21685,21564,24314,21483,22919],"product_tag":[32614,32895,22921,32612,32894,32613,22938,22920,32898,22937,32896,32897,21741],"class_list":{"0":"post-73030","1":"product","2":"type-product","3":"status-publish","4":"has-post-thumbnail","6":"product_brand-sarahs-silks","7":"product_cat-3-6-jahre-vorschule","8":"product_cat-6-12-jahre-grundschule","9":"product_cat-adventskalender-geschenke-strumpffueller","10":"product_cat-aktiv-spielzeug","11":"product_cat-lernmaterialien-spielzeug-montessori-waldorf-steiner-froebel","12":"product_cat-spiele-mit-offenem-ende","13":"product_cat-geschenk-guide-stoffspielzeug","14":"product_cat-geschenk-guides","15":"product_cat-geschenke-fuer-das-osterkoerbchen","16":"product_cat-nach-alter","17":"product_cat-neuheiten","18":"product_cat-phantasievoll-rollenspiel","19":"product_cat-saisonale-kollektionen","20":"product_cat-sarahs-silks-de","21":"product_cat-sinnliches-spiel","22":"product_cat-sommer-kollektion","23":"product_cat-kinder-spielzeug","24":"product_cat-spielzeuge-aus-seide","25":"product_cat-stoffspielzeug","26":"product_cat-unsere-marken","27":"product_cat-valentinstag","28":"product_cat-waldorf-steiner-paedagogik","29":"product_cat-waldorfspielzeug","30":"product_tag-aktives-spielzeug-waldorf","31":"product_tag-himmelsschwanze-regenbogenkomet","32":"product_tag-sarahs-silks-de","33":"product_tag-sarahs-silks-himmelsfahne","34":"product_tag-sarahs-silks-himmelsschwanze","35":"product_tag-sarahs-silks-regenbogen-spielzeug","36":"product_tag-sarahs-silks-schweiz-de-2","37":"product_tag-sarahs-silks-schweiz-de","38":"product_tag-sarahs-silks-spielzeug-2","39":"product_tag-sarahs-silks-suisse-de","40":"product_tag-spielzeug-aus-seide-zum-werfen","41":"product_tag-waldorf-wurfspielzeug","42":"product_tag-waldorfspielzeug","44":"first","45":"instock","46":"taxable","47":"shipping-taxable","48":"purchasable","49":"product-type-simple"},"yoast_head":"<!-- This site is optimized with the Yoast SEO plugin v27.3 - https:\/\/yoast.com\/product\/yoast-seo-wordpress\/ -->\n<title>Himmelsschw\u00e4nze Regenbogenkomet - Sarah&#039;s Silks<\/title>\n<meta name=\"description\" content=\"Dieses wundersch\u00f6ne, von der Waldorfp\u00e4dagogik inspirierte Weichspielzeug Himmelsschw\u00e4nze Regenbogenkomet von Sarah\u2019s Silks ist perfekt f\u00fcr aktives, fr\u00f6hliches und fantasievolles Spielen!\" \/>\n<meta name=\"robots\" content=\"index, follow, max-snippet:-1, max-image-preview:large, max-video-preview:-1\" \/>\n<link rel=\"canonical\" href=\"https:\/\/teiaeducation.ch\/de\/produkt\/himmelsschwaenze-regenbogenkomet-sarahs-silks\/\" \/>\n<meta property=\"og:locale\" content=\"de_DE\" \/>\n<meta property=\"og:type\" content=\"article\" \/>\n<meta property=\"og:title\" content=\"Himmelsschw\u00e4nze Regenbogenkomet - Sarah&#039;s Silks\" \/>\n<meta property=\"og:description\" content=\"Dieses wundersch\u00f6ne, von der Waldorfp\u00e4dagogik inspirierte Weichspielzeug Himmelsschw\u00e4nze Regenbogenkomet von Sarah\u2019s Silks ist perfekt f\u00fcr aktives, fr\u00f6hliches und fantasievolles Spielen!\" \/>\n<meta property=\"og:url\" content=\"https:\/\/teiaeducation.ch\/de\/produkt\/himmelsschwaenze-regenbogenkomet-sarahs-silks\/\" \/>\n<meta property=\"og:site_name\" content=\"Sustainable Educational Products &amp; Ecological Toys\u00a0\" \/>\n<meta property=\"article:publisher\" content=\"https:\/\/www.facebook.com\/teiaeducation\/\" \/>\n<meta property=\"og:image\" content=\"https:\/\/teiaeducation.ch\/wp-content\/uploads\/2021\/06\/Skytails-rainbow-comet-\u2013-Sarahs-Silks1.png\" \/>\n\t<meta property=\"og:image:width\" content=\"731\" \/>\n\t<meta property=\"og:image:height\" content=\"900\" \/>\n\t<meta property=\"og:image:type\" content=\"image\/png\" \/>\n<script type=\"application\/ld+json\" class=\"yoast-schema-graph\">{\"@context\":\"https:\\\/\\\/schema.org\",\"@graph\":[{\"@type\":\"WebPage\",\"@id\":\"https:\\\/\\\/teiaeducation.ch\\\/de\\\/produkt\\\/himmelsschwaenze-regenbogenkomet-sarahs-silks\\\/\",\"url\":\"https:\\\/\\\/teiaeducation.ch\\\/de\\\/produkt\\\/himmelsschwaenze-regenbogenkomet-sarahs-silks\\\/\",\"name\":\"Himmelsschw\u00e4nze Regenbogenkomet - Sarah's Silks\",\"isPartOf\":{\"@id\":\"https:\\\/\\\/teiaeducation.ch\\\/de\\\/#website\"},\"primaryImageOfPage\":{\"@id\":\"https:\\\/\\\/teiaeducation.ch\\\/de\\\/produkt\\\/himmelsschwaenze-regenbogenkomet-sarahs-silks\\\/#primaryimage\"},\"image\":{\"@id\":\"https:\\\/\\\/teiaeducation.ch\\\/de\\\/produkt\\\/himmelsschwaenze-regenbogenkomet-sarahs-silks\\\/#primaryimage\"},\"thumbnailUrl\":\"https:\\\/\\\/teiaeducation.ch\\\/wp-content\\\/uploads\\\/2021\\\/06\\\/Skytails-rainbow-comet-\u2013-Sarahs-Silks1.png\",\"datePublished\":\"2023-01-17T12:17:38+00:00\",\"description\":\"Dieses wundersch\u00f6ne, von der Waldorfp\u00e4dagogik inspirierte Weichspielzeug Himmelsschw\u00e4nze Regenbogenkomet von Sarah\u2019s Silks ist perfekt f\u00fcr aktives, fr\u00f6hliches und fantasievolles Spielen!\",\"breadcrumb\":{\"@id\":\"https:\\\/\\\/teiaeducation.ch\\\/de\\\/produkt\\\/himmelsschwaenze-regenbogenkomet-sarahs-silks\\\/#breadcrumb\"},\"inLanguage\":\"de-CH\",\"potentialAction\":[{\"@type\":\"ReadAction\",\"target\":[\"https:\\\/\\\/teiaeducation.ch\\\/de\\\/produkt\\\/himmelsschwaenze-regenbogenkomet-sarahs-silks\\\/\"]}]},{\"@type\":\"ImageObject\",\"inLanguage\":\"de-CH\",\"@id\":\"https:\\\/\\\/teiaeducation.ch\\\/de\\\/produkt\\\/himmelsschwaenze-regenbogenkomet-sarahs-silks\\\/#primaryimage\",\"url\":\"https:\\\/\\\/teiaeducation.ch\\\/wp-content\\\/uploads\\\/2021\\\/06\\\/Skytails-rainbow-comet-\u2013-Sarahs-Silks1.png\",\"contentUrl\":\"https:\\\/\\\/teiaeducation.ch\\\/wp-content\\\/uploads\\\/2021\\\/06\\\/Skytails-rainbow-comet-\u2013-Sarahs-Silks1.png\",\"width\":731,\"height\":900,\"caption\":\"Himmelsschw\u00e4nze Regenbogenkomet - Sarah's Silks\"},{\"@type\":\"BreadcrumbList\",\"@id\":\"https:\\\/\\\/teiaeducation.ch\\\/de\\\/produkt\\\/himmelsschwaenze-regenbogenkomet-sarahs-silks\\\/#breadcrumb\",\"itemListElement\":[{\"@type\":\"ListItem\",\"position\":1,\"name\":\"Home\",\"item\":\"https:\\\/\\\/teiaeducation.ch\\\/de\\\/\"},{\"@type\":\"ListItem\",\"position\":2,\"name\":\"Laden\",\"item\":\"https:\\\/\\\/teiaeducation.ch\\\/de\\\/shop\\\/\"},{\"@type\":\"ListItem\",\"position\":3,\"name\":\"Himmelsschw\u00e4nze Regenbogenkomet &#8211; Sarah&#8217;s Silks\"}]},{\"@type\":\"WebSite\",\"@id\":\"https:\\\/\\\/teiaeducation.ch\\\/de\\\/#website\",\"url\":\"https:\\\/\\\/teiaeducation.ch\\\/de\\\/\",\"name\":\"Sustainable Educational Products &amp; Ecological Toys\u00a0\",\"description\":\"Specialised Swiss shop selling sustainable educational toys and games, AMI certified Montessori materials, handmade ecological wooden Waldorf toys and arts &amp; crafts supplies, school supplies, children&#039;s furniture and Montessori reference and parenting books.\",\"publisher\":{\"@id\":\"https:\\\/\\\/teiaeducation.ch\\\/de\\\/#organization\"},\"alternateName\":\"Teia Education & Play\",\"potentialAction\":[{\"@type\":\"SearchAction\",\"target\":{\"@type\":\"EntryPoint\",\"urlTemplate\":\"https:\\\/\\\/teiaeducation.ch\\\/de\\\/?s={search_term_string}\"},\"query-input\":{\"@type\":\"PropertyValueSpecification\",\"valueRequired\":true,\"valueName\":\"search_term_string\"}}],\"inLanguage\":\"de-CH\"},{\"@type\":\"Organization\",\"@id\":\"https:\\\/\\\/teiaeducation.ch\\\/de\\\/#organization\",\"name\":\"Teia Education & Play\",\"url\":\"https:\\\/\\\/teiaeducation.ch\\\/de\\\/\",\"logo\":{\"@type\":\"ImageObject\",\"inLanguage\":\"de-CH\",\"@id\":\"https:\\\/\\\/teiaeducation.ch\\\/de\\\/#\\\/schema\\\/logo\\\/image\\\/\",\"url\":\"https:\\\/\\\/teiaeducation.ch\\\/wp-content\\\/uploads\\\/2020\\\/11\\\/Teia-Education-Switzerland-e1620156442216.jpg\",\"contentUrl\":\"https:\\\/\\\/teiaeducation.ch\\\/wp-content\\\/uploads\\\/2020\\\/11\\\/Teia-Education-Switzerland-e1620156442216.jpg\",\"width\":166,\"height\":145,\"caption\":\"Teia Education & Play\"},\"image\":{\"@id\":\"https:\\\/\\\/teiaeducation.ch\\\/de\\\/#\\\/schema\\\/logo\\\/image\\\/\"},\"sameAs\":[\"https:\\\/\\\/www.facebook.com\\\/teiaeducation\\\/\",\"https:\\\/\\\/x.com\\\/EducationTeia\",\"https:\\\/\\\/www.instagram.com\\\/teia.education\\\/\",\"https:\\\/\\\/www.linkedin.com\\\/company\\\/35501660\",\"https:\\\/\\\/www.pinterest.ch\\\/TeiaEducation\\\/\"]}]}<\/script>\n<!-- \/ Yoast SEO plugin. -->","yoast_head_json":{"title":"Himmelsschw\u00e4nze Regenbogenkomet - Sarah's Silks","description":"Dieses wundersch\u00f6ne, von der Waldorfp\u00e4dagogik inspirierte Weichspielzeug Himmelsschw\u00e4nze Regenbogenkomet von Sarah\u2019s Silks ist perfekt f\u00fcr aktives, fr\u00f6hliches und fantasievolles Spielen!","robots":{"index":"index","follow":"follow","max-snippet":"max-snippet:-1","max-image-preview":"max-image-preview:large","max-video-preview":"max-video-preview:-1"},"canonical":"https:\/\/teiaeducation.ch\/de\/produkt\/himmelsschwaenze-regenbogenkomet-sarahs-silks\/","og_locale":"de_DE","og_type":"article","og_title":"Himmelsschw\u00e4nze Regenbogenkomet - Sarah's Silks","og_description":"Dieses wundersch\u00f6ne, von der Waldorfp\u00e4dagogik inspirierte Weichspielzeug Himmelsschw\u00e4nze Regenbogenkomet von Sarah\u2019s Silks ist perfekt f\u00fcr aktives, fr\u00f6hliches und fantasievolles Spielen!","og_url":"https:\/\/teiaeducation.ch\/de\/produkt\/himmelsschwaenze-regenbogenkomet-sarahs-silks\/","og_site_name":"Sustainable Educational Products &amp; Ecological Toys\u00a0","article_publisher":"https:\/\/www.facebook.com\/teiaeducation\/","og_image":[{"width":731,"height":900,"url":"https:\/\/teiaeducation.ch\/wp-content\/uploads\/2021\/06\/Skytails-rainbow-comet-\u2013-Sarahs-Silks1.png","type":"image\/png"}],"schema":{"@context":"https:\/\/schema.org","@graph":[{"@type":"WebPage","@id":"https:\/\/teiaeducation.ch\/de\/produkt\/himmelsschwaenze-regenbogenkomet-sarahs-silks\/","url":"https:\/\/teiaeducation.ch\/de\/produkt\/himmelsschwaenze-regenbogenkomet-sarahs-silks\/","name":"Himmelsschw\u00e4nze Regenbogenkomet - Sarah's Silks","isPartOf":{"@id":"https:\/\/teiaeducation.ch\/de\/#website"},"primaryImageOfPage":{"@id":"https:\/\/teiaeducation.ch\/de\/produkt\/himmelsschwaenze-regenbogenkomet-sarahs-silks\/#primaryimage"},"image":{"@id":"https:\/\/teiaeducation.ch\/de\/produkt\/himmelsschwaenze-regenbogenkomet-sarahs-silks\/#primaryimage"},"thumbnailUrl":"https:\/\/teiaeducation.ch\/wp-content\/uploads\/2021\/06\/Skytails-rainbow-comet-\u2013-Sarahs-Silks1.png","datePublished":"2023-01-17T12:17:38+00:00","description":"Dieses wundersch\u00f6ne, von der Waldorfp\u00e4dagogik inspirierte Weichspielzeug Himmelsschw\u00e4nze Regenbogenkomet von Sarah\u2019s Silks ist perfekt f\u00fcr aktives, fr\u00f6hliches und fantasievolles Spielen!","breadcrumb":{"@id":"https:\/\/teiaeducation.ch\/de\/produkt\/himmelsschwaenze-regenbogenkomet-sarahs-silks\/#breadcrumb"},"inLanguage":"de-CH","potentialAction":[{"@type":"ReadAction","target":["https:\/\/teiaeducation.ch\/de\/produkt\/himmelsschwaenze-regenbogenkomet-sarahs-silks\/"]}]},{"@type":"ImageObject","inLanguage":"de-CH","@id":"https:\/\/teiaeducation.ch\/de\/produkt\/himmelsschwaenze-regenbogenkomet-sarahs-silks\/#primaryimage","url":"https:\/\/teiaeducation.ch\/wp-content\/uploads\/2021\/06\/Skytails-rainbow-comet-\u2013-Sarahs-Silks1.png","contentUrl":"https:\/\/teiaeducation.ch\/wp-content\/uploads\/2021\/06\/Skytails-rainbow-comet-\u2013-Sarahs-Silks1.png","width":731,"height":900,"caption":"Himmelsschw\u00e4nze Regenbogenkomet - Sarah's Silks"},{"@type":"BreadcrumbList","@id":"https:\/\/teiaeducation.ch\/de\/produkt\/himmelsschwaenze-regenbogenkomet-sarahs-silks\/#breadcrumb","itemListElement":[{"@type":"ListItem","position":1,"name":"Home","item":"https:\/\/teiaeducation.ch\/de\/"},{"@type":"ListItem","position":2,"name":"Laden","item":"https:\/\/teiaeducation.ch\/de\/shop\/"},{"@type":"ListItem","position":3,"name":"Himmelsschw\u00e4nze Regenbogenkomet &#8211; Sarah&#8217;s Silks"}]},{"@type":"WebSite","@id":"https:\/\/teiaeducation.ch\/de\/#website","url":"https:\/\/teiaeducation.ch\/de\/","name":"Sustainable Educational Products &amp; Ecological Toys\u00a0","description":"Specialised Swiss shop selling sustainable educational toys and games, AMI certified Montessori materials, handmade ecological wooden Waldorf toys and arts &amp; crafts supplies, school supplies, children&#039;s furniture and Montessori reference and parenting books.","publisher":{"@id":"https:\/\/teiaeducation.ch\/de\/#organization"},"alternateName":"Teia Education & Play","potentialAction":[{"@type":"SearchAction","target":{"@type":"EntryPoint","urlTemplate":"https:\/\/teiaeducation.ch\/de\/?s={search_term_string}"},"query-input":{"@type":"PropertyValueSpecification","valueRequired":true,"valueName":"search_term_string"}}],"inLanguage":"de-CH"},{"@type":"Organization","@id":"https:\/\/teiaeducation.ch\/de\/#organization","name":"Teia Education & Play","url":"https:\/\/teiaeducation.ch\/de\/","logo":{"@type":"ImageObject","inLanguage":"de-CH","@id":"https:\/\/teiaeducation.ch\/de\/#\/schema\/logo\/image\/","url":"https:\/\/teiaeducation.ch\/wp-content\/uploads\/2020\/11\/Teia-Education-Switzerland-e1620156442216.jpg","contentUrl":"https:\/\/teiaeducation.ch\/wp-content\/uploads\/2020\/11\/Teia-Education-Switzerland-e1620156442216.jpg","width":166,"height":145,"caption":"Teia Education & Play"},"image":{"@id":"https:\/\/teiaeducation.ch\/de\/#\/schema\/logo\/image\/"},"sameAs":["https:\/\/www.facebook.com\/teiaeducation\/","https:\/\/x.com\/EducationTeia","https:\/\/www.instagram.com\/teia.education\/","https:\/\/www.linkedin.com\/company\/35501660","https:\/\/www.pinterest.ch\/TeiaEducation\/"]}]}},"_links":{"self":[{"href":"https:\/\/teiaeducation.ch\/de\/wp-json\/wp\/v2\/product\/73030","targetHints":{"allow":["GET"]}}],"collection":[{"href":"https:\/\/teiaeducation.ch\/de\/wp-json\/wp\/v2\/product"}],"about":[{"href":"https:\/\/teiaeducation.ch\/de\/wp-json\/wp\/v2\/types\/product"}],"replies":[{"embeddable":true,"href":"https:\/\/teiaeducation.ch\/de\/wp-json\/wp\/v2\/comments?post=73030"}],"wp:featuredmedia":[{"embeddable":true,"href":"https:\/\/teiaeducation.ch\/de\/wp-json\/wp\/v2\/media\/72997"}],"wp:attachment":[{"href":"https:\/\/teiaeducation.ch\/de\/wp-json\/wp\/v2\/media?parent=73030"}],"wp:term":[{"taxonomy":"product_brand","embeddable":true,"href":"https:\/\/teiaeducation.ch\/de\/wp-json\/wp\/v2\/product_brand?post=73030"},{"taxonomy":"product_cat","embeddable":true,"href":"https:\/\/teiaeducation.ch\/de\/wp-json\/wp\/v2\/product_cat?post=73030"},{"taxonomy":"product_tag","embeddable":true,"href":"https:\/\/teiaeducation.ch\/de\/wp-json\/wp\/v2\/product_tag?post=73030"}],"curies":[{"name":"wp","href":"https:\/\/api.w.org\/{rel}","templated":true}]}}