{"id":73618,"date":"2022-05-06T10:14:51","date_gmt":"2022-05-06T08:14:51","guid":{"rendered":"https:\/\/teiaeducation.ch\/product\/blueten-armbaender-sarahs-silks\/"},"modified":"2022-05-06T10:14:51","modified_gmt":"2022-05-06T08:14:51","slug":"blueten-armbaender-sarahs-silks","status":"publish","type":"product","link":"https:\/\/teiaeducation.ch\/de\/produkt\/blueten-armbaender-sarahs-silks\/","title":{"rendered":"Bl\u00fcten-Armb\u00e4nder &#8211; Sarah&#8217;s Silks"},"content":{"rendered":"<p>Die bezaubernden Armb\u00e4nder von Sarah&#8217;s Silks in der Farbvariante Bl\u00fcte regen Kinder zum <a href=\"https:\/\/teiaeducation.ch\/de\/produkt-kategorie\/kinder-spielzeug\/aktiv-spielzeug\/\">aktiven<\/a> Spielen an und sind ein Muss f\u00fcr jede Waldorf-Ausstattung! Mit ihren kleinen, verzauberten \u201eBlossom\u201c-Spielt\u00fcchern, die jeweils mit einem rosa Handgelenk-Haargummi kombiniert sind, eignen sie sich perfekt f\u00fcr fantasievolles Spielen, zum Beispiel zum Winken, zum Schreiben von Buchstaben in der Luft, zum \u201eAngeln\u201c und f\u00fcr vieles mehr!<br \/>\u00dcbersetzt mit DeepL.com (kostenlose Version) <\/p>\n<p>Die Armb\u00e4nder eignen sich f\u00fcr den Einsatz zu Hause oder in der Schule im Rhythmikunterricht. Sie bringen Bewegung in das Spiel der Kinder und f\u00f6rdern gleichzeitig ihre Koordination, ihren Bewegungssinn und ihre grob<a href=\"https:\/\/teiaeducation.ch\/de\/produkt-kategorie\/lernthemen\/sensorische-motorische-fertigkeiten\/motorische-fertigkeiten\/\">motorischen<\/a> F\u00e4higkeiten. Die wundersch\u00f6nen, flie\u00dfenden und leichten Seident\u00fccher helfen dabei, die Fantasie durch Tanz auszudr\u00fccken \u2013 au\u00dferdem f\u00f6rdern sie die Selbstst\u00e4ndigkeit der Kinder und verbessern ihre Bewegungsqualit\u00e4t. <\/p>\n<p>Die Armb\u00e4nder von Sarah&#8217;s Silks sind ein typisches <a href=\"https:\/\/teiaeducation.ch\/de\/produkt-kategorie\/kinder-spielzeug\/waldorfspielzeug\/\">Waldorf-Spielzeug<\/a> aus Stoff, das den K\u00f6rper f\u00f6rdert. Sie wachsen mit dem Kind mit und bieten unbegrenzte Spielm\u00f6glichkeiten sowie langj\u00e4hrigen Spielwert. <\/p>\n<p>Die Bl\u00fcten-Armb\u00e4nder werden im 2er-Pack geliefert \u2013 eines f\u00fcr jedes Handgelenk \u2013 und sind f\u00fcr Kinder ab 3 Jahren empfohlen; sie passen aber auch Erwachsenen! Die jeweils 53 x 53 Zentimeter gro\u00dfen <a href=\"https:\/\/teiaeducation.ch\/de\/produkt\/mini-spielseidentuch-blute-sarahs-silks\/\">Mini Enchanted Bl\u00fcte Spielseide<\/a> und die rosa Haargummis bestehen aus 100 % fair gehandelter Seide, sind von Hand ges\u00e4umt und mit ungiftigen, umweltfreundlichen Farbstoffen gef\u00e4rbt. <\/p>\n<p>Inhalt:<\/p>\n<p>2 Bl\u00fcten-Armb\u00e4nder<\/p>\n<h2>Pflegehinweise<\/h2>\n<p>Waschen mit der Hand, trocknen es auf der Leine und b\u00fcgeln es auf mittlerer Stufe, um den nat\u00fcrlichen Glanz der Seide wiederherzustellen \u2013 bitte beachten Sie die Schritt-f\u00fcr-Schritt-<a href=\"https:\/\/www.sarahssilks.com\/blogs\/journal\/how-to-wash-playsilks\">Anleitung<\/a> von Sarah\u2019s Silks um Ihre Seidenartikel zu waschen.<\/p>\n<h2>R\u00fcckgabepolitik<\/h2>\n<p>Alle zur\u00fcckgesandten Artikel m\u00fcssen sich in ihrem Originalzustand befinden und die Originalverpackung sowie die Etiketten m\u00fcssen angebracht und intakt sein. Gebrauchte oder gewaschene Artikel k\u00f6nnen nicht zur\u00fcckgegeben werden.<\/p>\n<h2>\u00dcber Sarah&#8217;s Silks<\/h2>\n<p><a href=\"https:\/\/teiaeducation.ch\/de\/produkt-kategorie\/unsere-marken\/sarahs-silks-de\/\">Sarah&#8217;s Silks<\/a> ist ein Familienunternehmen mit Sitz in den USA, das sich auf von <a href=\"https:\/\/teiaeducation.ch\/produktkategorie\/erziehungsmethode\/waldorf-steiner-spielzeug-bastelmaterialen\/\">Waldorf<\/a> inspiriertes, <a href=\"https:\/\/teiaeducation.ch\/de\/produkt-kategorie\/kinder-spielzeug\/naturspiel\/\">nat\u00fcrliches<\/a> und nachhaltiges Spielzeug spezialisiert hat, das die <a href=\"https:\/\/teiaeducation.ch\/de\/produkt-kategorie\/kinder-spielzeug\/phantasievoll-rollenspiel\/\">Fantasie<\/a> von Babys und Kindern anregt. Die Mission von Sarah&#8217;s Silks ist es, nachhaltiges, offenes und freies Spielzeug herzustellen, das unsere Kinder lehrt Mutter Erde zu lieben und zu pflegen. Die wundersch\u00f6nen Spielt\u00fccher, Baumwollt\u00fccher, Umh\u00e4nge, Feenkleider, Schleier, Fl\u00fcgel, Kronen, R\u00f6cke, Kleider, Schwerter, Schilde, Skytails und Luftschlangen von Sarah&#8217;s Silks eignen sich perfekt f\u00fcr freies Spielen, Verkleiden und Rollenspiele in Waldorf-Haushalten, Kindertagesst\u00e4tten und <a href=\"https:\/\/teiaeducation.ch\/waldorf-steiner-schulen-lieferungen\/\">Steiner-Schulen<\/a>.<\/p>\n<p>Alle <a href=\"https:\/\/teiaeducation.ch\/de\/produkt-kategorie\/unsere-marken\/sarahs-silks-de\/verkleidungen\/\">Seiden<\/a>kost\u00fcme, <a href=\"https:\/\/teiaeducation.ch\/de\/produkt-kategorie\/unsere-marken\/sarahs-silks-de\/spielzeuge-aus-seide\/\">Holzspielzeuge<\/a> und <a href=\"https:\/\/teiaeducation.ch\/de\/produkt-kategorie\/unsere-marken\/sarahs-silks-de\/spielzeuge-aus-holz\/\">Spielt\u00fccher<\/a> von Sarah&#8217;s <a href=\"https:\/\/teiaeducation.ch\/de\/produkt-kategorie\/unsere-marken\/sarahs-silks-de\/seidenspieltuecher-einfarbig\/\">Silks<\/a> werden aus hochwertiger, nachhaltiger chinesischer Seide hergestellt. Jedes Seidenprodukt wird von N\u00e4herinnen gewebt, gef\u00e4rbt und von Hand ges\u00e4umt, die in einem kleinen Dorf in der N\u00e4he von Suzhou, China, arbeiten. Anschlie\u00dfend werden sie im Hauptsitz von Sarah&#8217;s Silks im kalifornischen Sonoma County von Hand bemalt und fertiggestellt.<\/p>\n<p>Die Spielt\u00fccher von Sarah&#8217;s Silks eignen sich auch perfekt zum Verpacken von Geschenken, als h\u00fcbsche Dekoration f\u00fcr <a href=\"https:\/\/teiaeducation.ch\/de\/produkt-kategorie\/feier-festlichkeiten\/natur-saisonale-tische-de\/\">Natur- und Jahreszeitentische<\/a>, als Dekoration f\u00fcr <a href=\"https:\/\/teiaeducation.ch\/de\/produkt-kategorie\/feier-festlichkeiten\/geburtstage\/\">Geburtstag<\/a>sfeiern oder f\u00fcr den Einsatz in Rhythmikunterricht.<\/p>\n<p>Kinder lieben die leuchtenden, wundersch\u00f6n aufeinander abgestimmten Farben und die weiche Haptik der Spielt\u00fccher, <a href=\"https:\/\/teiaeducation.ch\/de\/produkt-kategorie\/unsere-marken\/sarahs-silks-de\/baumwolltuecher\/\">Baumwollspielt\u00fccher<\/a> und Seidenkleidung. Sie werden mit ungiftigen, umweltfreundlichen Farbstoffen und nat\u00fcrlichen Fasern aus 100% echter Seide und 100% Baumwolle hergestellt und haben strenge amerikanische und europ\u00e4ische Sicherheitstests bestanden und sind f\u00fcr Kinder jeden Alters geeignet.<\/p>\n","protected":false},"excerpt":{"rendered":"<p>Artikelnummer: 100090A<\/p>\n<p>Die bezaubernden Armb\u00e4nder von Sarah&#8217;s Silks in der Variante Bl\u00fcte regen Kinder zum aktiven Spielen an und sind ein Muss f\u00fcr jede Waldorf-Einrichtung!<\/p>\n","protected":false},"featured_media":47373,"comment_status":"open","ping_status":"closed","template":"","meta":[],"product_brand":[32610],"product_cat":[21445,21446,21679,21479,21690,21670,21492,21484,21443,21563,21687,22362,21666,21695,21678,23133,25827,21685,21564,24314,25826,21483,22919],"product_tag":[33018,33020,33065,22145,22921,22938,22920,22937,32627,22939,22940,33019,21741],"class_list":{"0":"post-73618","1":"product","2":"type-product","3":"status-publish","4":"has-post-thumbnail","6":"product_brand-sarahs-silks","7":"product_cat-3-6-jahre-vorschule","8":"product_cat-6-12-jahre-grundschule","9":"product_cat-aktiv-spielzeug","10":"product_cat-lernmaterialien-spielzeug-montessori-waldorf-steiner-froebel","11":"product_cat-spiele-mit-offenem-ende","12":"product_cat-fruehjahrskollektion","13":"product_cat-geschenk-guide-stoffspielzeug","14":"product_cat-geschenk-guides","15":"product_cat-nach-alter","16":"product_cat-neuheiten","17":"product_cat-phantasievoll-rollenspiel","18":"product_cat-saisonale-kollektionen","19":"product_cat-sarahs-silks-de","20":"product_cat-sinnliches-spiel","21":"product_cat-kinder-spielzeug","22":"product_cat-spielzeug-fuer-draussen","23":"product_cat-spielzeuge-aus-seide","24":"product_cat-stoffspielzeug","25":"product_cat-unsere-marken","26":"product_cat-valentinstag","27":"product_cat-verkleidungen","28":"product_cat-waldorf-steiner-paedagogik","29":"product_cat-waldorfspielzeug","30":"product_tag-armband-sarahs-silks","31":"product_tag-armbander-sarahs-silks","32":"product_tag-bluten-armbander-sarahs-silks","33":"product_tag-heuristisches-spiel-waldorf","34":"product_tag-sarahs-silks-de","35":"product_tag-sarahs-silks-schweiz-de-2","36":"product_tag-sarahs-silks-schweiz-de","37":"product_tag-sarahs-silks-suisse-de","38":"product_tag-sarahs-silks-waldorf-spielzeuge","39":"product_tag-waldorf-seidentuch","40":"product_tag-waldorf-spielstoffe","41":"product_tag-waldorf-spielzeug-aus-stoff","42":"product_tag-waldorfspielzeug","44":"first","45":"instock","46":"taxable","47":"shipping-taxable","48":"purchasable","49":"product-type-simple"},"yoast_head":"<!-- This site is optimized with the Yoast SEO Premium plugin v25.8 (Yoast SEO v27.4) - https:\/\/yoast.com\/product\/yoast-seo-premium-wordpress\/ -->\n<title>Bl\u00fcten-Armb\u00e4nder - Sarah&#039;s Silks<\/title>\n<meta name=\"description\" content=\"Die bezaubernden Armb\u00e4nder von Sarah&#039;s Silks in der Variante Bl\u00fcte regen Kinder zum aktiven Spielen an und sind ein Muss f\u00fcr jede Waldorf-Einrichtung!\" \/>\n<meta name=\"robots\" content=\"index, follow, max-snippet:-1, max-image-preview:large, max-video-preview:-1\" \/>\n<link rel=\"canonical\" href=\"https:\/\/teiaeducation.ch\/de\/produkt\/blueten-armbaender-sarahs-silks\/\" \/>\n<meta property=\"og:locale\" content=\"de_DE\" \/>\n<meta property=\"og:type\" content=\"article\" \/>\n<meta property=\"og:title\" content=\"Bl\u00fcten-Armb\u00e4nder - Sarah&#039;s Silks\" \/>\n<meta property=\"og:description\" content=\"Die bezaubernden Armb\u00e4nder von Sarah&#039;s Silks in der Variante Bl\u00fcte regen Kinder zum aktiven Spielen an und sind ein Muss f\u00fcr jede Waldorf-Einrichtung!\" \/>\n<meta property=\"og:url\" content=\"https:\/\/teiaeducation.ch\/de\/produkt\/blueten-armbaender-sarahs-silks\/\" \/>\n<meta property=\"og:site_name\" content=\"Sustainable Educational Products &amp; Ecological Toys\u00a0\" \/>\n<meta property=\"article:publisher\" content=\"https:\/\/www.facebook.com\/teiaeducation\/\" \/>\n<meta property=\"og:image\" content=\"https:\/\/teiaeducation.ch\/wp-content\/uploads\/2022\/05\/Blossom-Wrist-Streamers-Sarahs-Silks.jpg\" \/>\n\t<meta property=\"og:image:width\" content=\"1080\" \/>\n\t<meta property=\"og:image:height\" content=\"1350\" \/>\n\t<meta property=\"og:image:type\" content=\"image\/jpeg\" \/>\n<script type=\"application\/ld+json\" class=\"yoast-schema-graph\">{\"@context\":\"https:\\\/\\\/schema.org\",\"@graph\":[{\"@type\":\"WebPage\",\"@id\":\"https:\\\/\\\/teiaeducation.ch\\\/de\\\/produkt\\\/blueten-armbaender-sarahs-silks\\\/\",\"url\":\"https:\\\/\\\/teiaeducation.ch\\\/de\\\/produkt\\\/blueten-armbaender-sarahs-silks\\\/\",\"name\":\"Bl\u00fcten-Armb\u00e4nder - Sarah's Silks\",\"isPartOf\":{\"@id\":\"https:\\\/\\\/teiaeducation.ch\\\/de\\\/#website\"},\"primaryImageOfPage\":{\"@id\":\"https:\\\/\\\/teiaeducation.ch\\\/de\\\/produkt\\\/blueten-armbaender-sarahs-silks\\\/#primaryimage\"},\"image\":{\"@id\":\"https:\\\/\\\/teiaeducation.ch\\\/de\\\/produkt\\\/blueten-armbaender-sarahs-silks\\\/#primaryimage\"},\"thumbnailUrl\":\"https:\\\/\\\/teiaeducation.ch\\\/wp-content\\\/uploads\\\/2022\\\/05\\\/Blossom-Wrist-Streamers-Sarahs-Silks.jpg\",\"datePublished\":\"2022-05-06T08:14:51+00:00\",\"description\":\"Die bezaubernden Armb\u00e4nder von Sarah's Silks in der Variante Bl\u00fcte regen Kinder zum aktiven Spielen an und sind ein Muss f\u00fcr jede Waldorf-Einrichtung!\",\"breadcrumb\":{\"@id\":\"https:\\\/\\\/teiaeducation.ch\\\/de\\\/produkt\\\/blueten-armbaender-sarahs-silks\\\/#breadcrumb\"},\"inLanguage\":\"de-CH\",\"potentialAction\":[{\"@type\":\"ReadAction\",\"target\":[\"https:\\\/\\\/teiaeducation.ch\\\/de\\\/produkt\\\/blueten-armbaender-sarahs-silks\\\/\"]}]},{\"@type\":\"ImageObject\",\"inLanguage\":\"de-CH\",\"@id\":\"https:\\\/\\\/teiaeducation.ch\\\/de\\\/produkt\\\/blueten-armbaender-sarahs-silks\\\/#primaryimage\",\"url\":\"https:\\\/\\\/teiaeducation.ch\\\/wp-content\\\/uploads\\\/2022\\\/05\\\/Blossom-Wrist-Streamers-Sarahs-Silks.jpg\",\"contentUrl\":\"https:\\\/\\\/teiaeducation.ch\\\/wp-content\\\/uploads\\\/2022\\\/05\\\/Blossom-Wrist-Streamers-Sarahs-Silks.jpg\",\"width\":1080,\"height\":1350,\"caption\":\"Bl\u00fcten-Armb\u00e4nder Sarah's Silks\"},{\"@type\":\"BreadcrumbList\",\"@id\":\"https:\\\/\\\/teiaeducation.ch\\\/de\\\/produkt\\\/blueten-armbaender-sarahs-silks\\\/#breadcrumb\",\"itemListElement\":[{\"@type\":\"ListItem\",\"position\":1,\"name\":\"Home\",\"item\":\"https:\\\/\\\/teiaeducation.ch\\\/de\\\/\"},{\"@type\":\"ListItem\",\"position\":2,\"name\":\"Laden\",\"item\":\"https:\\\/\\\/teiaeducation.ch\\\/de\\\/shop\\\/\"},{\"@type\":\"ListItem\",\"position\":3,\"name\":\"Bl\u00fcten-Armb\u00e4nder &#8211; Sarah&#8217;s Silks\"}]},{\"@type\":\"WebSite\",\"@id\":\"https:\\\/\\\/teiaeducation.ch\\\/de\\\/#website\",\"url\":\"https:\\\/\\\/teiaeducation.ch\\\/de\\\/\",\"name\":\"Sustainable Educational Products &amp; Ecological Toys\u00a0\",\"description\":\"Specialised Swiss shop selling sustainable educational toys and games, AMI certified Montessori materials, handmade ecological wooden Waldorf toys and arts &amp; crafts supplies, school supplies, children&#039;s furniture and Montessori reference and parenting books.\",\"publisher\":{\"@id\":\"https:\\\/\\\/teiaeducation.ch\\\/de\\\/#organization\"},\"alternateName\":\"Teia Education & Play\",\"potentialAction\":[{\"@type\":\"SearchAction\",\"target\":{\"@type\":\"EntryPoint\",\"urlTemplate\":\"https:\\\/\\\/teiaeducation.ch\\\/de\\\/?s={search_term_string}\"},\"query-input\":{\"@type\":\"PropertyValueSpecification\",\"valueRequired\":true,\"valueName\":\"search_term_string\"}}],\"inLanguage\":\"de-CH\"},{\"@type\":\"Organization\",\"@id\":\"https:\\\/\\\/teiaeducation.ch\\\/de\\\/#organization\",\"name\":\"Teia Education & Play\",\"url\":\"https:\\\/\\\/teiaeducation.ch\\\/de\\\/\",\"logo\":{\"@type\":\"ImageObject\",\"inLanguage\":\"de-CH\",\"@id\":\"https:\\\/\\\/teiaeducation.ch\\\/de\\\/#\\\/schema\\\/logo\\\/image\\\/\",\"url\":\"https:\\\/\\\/teiaeducation.ch\\\/wp-content\\\/uploads\\\/2020\\\/11\\\/Teia-Education-Switzerland-e1620156442216.jpg\",\"contentUrl\":\"https:\\\/\\\/teiaeducation.ch\\\/wp-content\\\/uploads\\\/2020\\\/11\\\/Teia-Education-Switzerland-e1620156442216.jpg\",\"width\":166,\"height\":145,\"caption\":\"Teia Education & Play\"},\"image\":{\"@id\":\"https:\\\/\\\/teiaeducation.ch\\\/de\\\/#\\\/schema\\\/logo\\\/image\\\/\"},\"sameAs\":[\"https:\\\/\\\/www.facebook.com\\\/teiaeducation\\\/\",\"https:\\\/\\\/x.com\\\/EducationTeia\",\"https:\\\/\\\/www.instagram.com\\\/teia.education\\\/\",\"https:\\\/\\\/www.linkedin.com\\\/company\\\/35501660\",\"https:\\\/\\\/www.pinterest.ch\\\/TeiaEducation\\\/\"]}]}<\/script>\n<meta property=\"product:price:amount\" content=\"32.90\" \/>\n<meta property=\"product:price:currency\" content=\"CHF\" \/>\n<meta property=\"og:availability\" content=\"instock\" \/>\n<meta property=\"product:availability\" content=\"instock\" \/>\n<meta property=\"product:retailer_item_id\" content=\"00000000000000000000000000000000000000000000047300\" \/>\n<meta property=\"product:condition\" content=\"new\" \/>\n<!-- \/ Yoast SEO Premium plugin. -->","yoast_head_json":{"title":"Bl\u00fcten-Armb\u00e4nder - Sarah's Silks","description":"Die bezaubernden Armb\u00e4nder von Sarah's Silks in der Variante Bl\u00fcte regen Kinder zum aktiven Spielen an und sind ein Muss f\u00fcr jede Waldorf-Einrichtung!","robots":{"index":"index","follow":"follow","max-snippet":"max-snippet:-1","max-image-preview":"max-image-preview:large","max-video-preview":"max-video-preview:-1"},"canonical":"https:\/\/teiaeducation.ch\/de\/produkt\/blueten-armbaender-sarahs-silks\/","og_locale":"de_DE","og_type":"article","og_title":"Bl\u00fcten-Armb\u00e4nder - Sarah's Silks","og_description":"Die bezaubernden Armb\u00e4nder von Sarah's Silks in der Variante Bl\u00fcte regen Kinder zum aktiven Spielen an und sind ein Muss f\u00fcr jede Waldorf-Einrichtung!","og_url":"https:\/\/teiaeducation.ch\/de\/produkt\/blueten-armbaender-sarahs-silks\/","og_site_name":"Sustainable Educational Products &amp; Ecological Toys\u00a0","article_publisher":"https:\/\/www.facebook.com\/teiaeducation\/","og_image":[{"width":1080,"height":1350,"url":"https:\/\/teiaeducation.ch\/wp-content\/uploads\/2022\/05\/Blossom-Wrist-Streamers-Sarahs-Silks.jpg","type":"image\/jpeg"}],"schema":{"@context":"https:\/\/schema.org","@graph":[{"@type":"WebPage","@id":"https:\/\/teiaeducation.ch\/de\/produkt\/blueten-armbaender-sarahs-silks\/","url":"https:\/\/teiaeducation.ch\/de\/produkt\/blueten-armbaender-sarahs-silks\/","name":"Bl\u00fcten-Armb\u00e4nder - Sarah's Silks","isPartOf":{"@id":"https:\/\/teiaeducation.ch\/de\/#website"},"primaryImageOfPage":{"@id":"https:\/\/teiaeducation.ch\/de\/produkt\/blueten-armbaender-sarahs-silks\/#primaryimage"},"image":{"@id":"https:\/\/teiaeducation.ch\/de\/produkt\/blueten-armbaender-sarahs-silks\/#primaryimage"},"thumbnailUrl":"https:\/\/teiaeducation.ch\/wp-content\/uploads\/2022\/05\/Blossom-Wrist-Streamers-Sarahs-Silks.jpg","datePublished":"2022-05-06T08:14:51+00:00","description":"Die bezaubernden Armb\u00e4nder von Sarah's Silks in der Variante Bl\u00fcte regen Kinder zum aktiven Spielen an und sind ein Muss f\u00fcr jede Waldorf-Einrichtung!","breadcrumb":{"@id":"https:\/\/teiaeducation.ch\/de\/produkt\/blueten-armbaender-sarahs-silks\/#breadcrumb"},"inLanguage":"de-CH","potentialAction":[{"@type":"ReadAction","target":["https:\/\/teiaeducation.ch\/de\/produkt\/blueten-armbaender-sarahs-silks\/"]}]},{"@type":"ImageObject","inLanguage":"de-CH","@id":"https:\/\/teiaeducation.ch\/de\/produkt\/blueten-armbaender-sarahs-silks\/#primaryimage","url":"https:\/\/teiaeducation.ch\/wp-content\/uploads\/2022\/05\/Blossom-Wrist-Streamers-Sarahs-Silks.jpg","contentUrl":"https:\/\/teiaeducation.ch\/wp-content\/uploads\/2022\/05\/Blossom-Wrist-Streamers-Sarahs-Silks.jpg","width":1080,"height":1350,"caption":"Bl\u00fcten-Armb\u00e4nder Sarah's Silks"},{"@type":"BreadcrumbList","@id":"https:\/\/teiaeducation.ch\/de\/produkt\/blueten-armbaender-sarahs-silks\/#breadcrumb","itemListElement":[{"@type":"ListItem","position":1,"name":"Home","item":"https:\/\/teiaeducation.ch\/de\/"},{"@type":"ListItem","position":2,"name":"Laden","item":"https:\/\/teiaeducation.ch\/de\/shop\/"},{"@type":"ListItem","position":3,"name":"Bl\u00fcten-Armb\u00e4nder &#8211; Sarah&#8217;s Silks"}]},{"@type":"WebSite","@id":"https:\/\/teiaeducation.ch\/de\/#website","url":"https:\/\/teiaeducation.ch\/de\/","name":"Sustainable Educational Products &amp; Ecological Toys\u00a0","description":"Specialised Swiss shop selling sustainable educational toys and games, AMI certified Montessori materials, handmade ecological wooden Waldorf toys and arts &amp; crafts supplies, school supplies, children&#039;s furniture and Montessori reference and parenting books.","publisher":{"@id":"https:\/\/teiaeducation.ch\/de\/#organization"},"alternateName":"Teia Education & Play","potentialAction":[{"@type":"SearchAction","target":{"@type":"EntryPoint","urlTemplate":"https:\/\/teiaeducation.ch\/de\/?s={search_term_string}"},"query-input":{"@type":"PropertyValueSpecification","valueRequired":true,"valueName":"search_term_string"}}],"inLanguage":"de-CH"},{"@type":"Organization","@id":"https:\/\/teiaeducation.ch\/de\/#organization","name":"Teia Education & Play","url":"https:\/\/teiaeducation.ch\/de\/","logo":{"@type":"ImageObject","inLanguage":"de-CH","@id":"https:\/\/teiaeducation.ch\/de\/#\/schema\/logo\/image\/","url":"https:\/\/teiaeducation.ch\/wp-content\/uploads\/2020\/11\/Teia-Education-Switzerland-e1620156442216.jpg","contentUrl":"https:\/\/teiaeducation.ch\/wp-content\/uploads\/2020\/11\/Teia-Education-Switzerland-e1620156442216.jpg","width":166,"height":145,"caption":"Teia Education & Play"},"image":{"@id":"https:\/\/teiaeducation.ch\/de\/#\/schema\/logo\/image\/"},"sameAs":["https:\/\/www.facebook.com\/teiaeducation\/","https:\/\/x.com\/EducationTeia","https:\/\/www.instagram.com\/teia.education\/","https:\/\/www.linkedin.com\/company\/35501660","https:\/\/www.pinterest.ch\/TeiaEducation\/"]}]},"product_price_amount":"32.90","product_price_currency":"CHF","og_availability":"instock","product_availability":"instock","product_retailer_item_id":"00000000000000000000000000000000000000000000047300","product_condition":"new"},"_links":{"self":[{"href":"https:\/\/teiaeducation.ch\/de\/wp-json\/wp\/v2\/product\/73618","targetHints":{"allow":["GET"]}}],"collection":[{"href":"https:\/\/teiaeducation.ch\/de\/wp-json\/wp\/v2\/product"}],"about":[{"href":"https:\/\/teiaeducation.ch\/de\/wp-json\/wp\/v2\/types\/product"}],"replies":[{"embeddable":true,"href":"https:\/\/teiaeducation.ch\/de\/wp-json\/wp\/v2\/comments?post=73618"}],"wp:featuredmedia":[{"embeddable":true,"href":"https:\/\/teiaeducation.ch\/de\/wp-json\/wp\/v2\/media\/47373"}],"wp:attachment":[{"href":"https:\/\/teiaeducation.ch\/de\/wp-json\/wp\/v2\/media?parent=73618"}],"wp:term":[{"taxonomy":"product_brand","embeddable":true,"href":"https:\/\/teiaeducation.ch\/de\/wp-json\/wp\/v2\/product_brand?post=73618"},{"taxonomy":"product_cat","embeddable":true,"href":"https:\/\/teiaeducation.ch\/de\/wp-json\/wp\/v2\/product_cat?post=73618"},{"taxonomy":"product_tag","embeddable":true,"href":"https:\/\/teiaeducation.ch\/de\/wp-json\/wp\/v2\/product_tag?post=73618"}],"curies":[{"name":"wp","href":"https:\/\/api.w.org\/{rel}","templated":true}]}}