{"id":73659,"date":"2021-08-08T20:20:51","date_gmt":"2021-08-08T18:20:51","guid":{"rendered":"https:\/\/teiaeducation.ch\/product\/verzaubertes-spielseide-meer-90-x-90cm-sarahs-silks\/"},"modified":"2021-08-08T20:20:51","modified_gmt":"2021-08-08T18:20:51","slug":"verzaubertes-spielseide-meer-90-x-90cm-sarahs-silks","status":"publish","type":"product","link":"https:\/\/teiaeducation.ch\/de\/produkt\/verzaubertes-spielseide-meer-90-x-90cm-sarahs-silks\/","title":{"rendered":"Verzaubertes Spielseide Meer 90 x 90cm &#8211; Sarah&#8217;s Silks"},"content":{"rendered":"<p>Ein wundersch\u00f6nes, von der Waldorfp\u00e4dagogik inspiriertes Natur-Spieltuch in der Farbvariante Meer aus der <a href=\"https:\/\/teiaeducation.ch\/de\/produkt-kategorie\/unsere-marken\/sarahs-silks-de\/seidenspieltuecher-verzaubert\/\">\u201eEnchanted\u201c-Kollektion<\/a> von Sarah&#8217;s Silks. Die 90 x 90 cm gro\u00dfe Spielseidentuch wird aus 100% fair gehandelter Maulbeerseide hergestellt, von Hand ges\u00e4umt und mit ungiftigem, umweltfreundlichem Farbstoff gef\u00e4rbt.<\/p>\n<p>Als das <a href=\"https:\/\/teiaeducation.ch\/de\/produkt-kategorie\/kinder-spielzeug\/stoffspielzeug\/\">Stoffspielzeug<\/a> schlechthin f\u00fcr die Welt der <a href=\"https:\/\/teiaeducation.ch\/de\/produkt-kategorie\/kinder-spielzeug\/waldorfspielzeug\/\">Waldorf<\/a>-Fantasie und des fantasievollen Spiels eignet sich ein Spieltuch von Sarah&#8217;s Silks zum Verkleiden \u2013 man kann daraus einen Umhang, ein Stirnband, einen Rock oder Fl\u00fcgel basteln \u2013, l\u00e4sst sich zu einer Puppentragetasche falten, an einen provisorischen Stab binden, um als Fahne zu wehen, \u00fcber St\u00fchle drapieren, um ein Zelt oder eine Festung zu bauen, ein Puppenhaus als Teppich oder Decke schm\u00fccken oder zum Versteckspiel verwenden Auf den Boden gelegt, kann ein Spielseidentuch in Gr\u00fcn f\u00fcr Gras, Rot f\u00fcr Lava, Gelb f\u00fcr Sand oder Blau als See oder Meer zum Bootfahren verwendet werden. Mit den schwebenden Spielseident\u00fcchern wird ein Spielzimmer im Handumdrehen zu einem magischen M\u00e4rchenland, in die Kinder tanzen und sich ausdr\u00fccken kann.<\/p>\n<p>Sarah&#8217;s Silks Spielseident\u00fccher sind inspirierende, magische Spielzeuge, mit denen Kinder immer wieder gerne spielen! Die Einfachheit und <a href=\"https:\/\/teiaeducation.ch\/de\/produkt-kategorie\/kinder-spielzeug\/spiele-mit-offenem-ende\/\">freie<\/a> Gestaltung der Spielseident\u00fccher zapfen direkt das <a href=\"https:\/\/teiaeducation.ch\/de\/produkt-kategorie\/malen-basteln\/\">kreative<\/a> Potenzial des Kindes an und erm\u00f6glichen es ihm, seine Fantasie auszudr\u00fccken und seine Unabh\u00e4ngigkeit zu f\u00f6rdern.<\/p>\n<p>The Verzaubertes Spielseide Meer is also available in the giant <a href=\"https:\/\/teiaeducation.ch\/produkt\/giant-playsilk-enchanted-sea-90-x-275-cm-sarahs-silks\/\">275 x 90cm<\/a> and mini <a href=\"https:\/\/teiaeducation.ch\/de\/produkt\/mini-spielseidentuch-meer-sarahs-silks\/\">53 x 53cm size<\/a> in our webshop.<\/p>\n<p>Inhalt:<\/p>\n<p>1 Verzaubertes Spielseide Meer aus 100% seide (90 x 90cm)<\/p>\n<h2>Pflegehinweise<\/h2>\n<p>Waschen mit der Hand, trocknen es auf der Leine und b\u00fcgeln es auf mittlerer Stufe, um den nat\u00fcrlichen Glanz der Seide wiederherzustellen \u2013 bitte beachten Sie die Schritt-f\u00fcr-Schritt-<a href=\"https:\/\/www.sarahssilks.com\/blogs\/journal\/how-to-wash-playsilks\">Anleitung<\/a> von Sarah\u2019s Silks um Ihre Seidenartikel zu waschen.<\/p>\n<h2>R\u00fcckgabepolitik<\/h2>\n<p>Alle zur\u00fcckgesandten Artikel m\u00fcssen sich in ihrem Originalzustand befinden und die Originalverpackung sowie die Etiketten m\u00fcssen angebracht und intakt sein. Gebrauchte oder gewaschene Artikel k\u00f6nnen nicht zur\u00fcckgegeben werden.<\/p>\n<h2>\u00dcber Sarah&#8217;s Silks<\/h2>\n<p><a href=\"https:\/\/teiaeducation.ch\/de\/produkt-kategorie\/unsere-marken\/sarahs-silks-de\/\">Sarah&#8217;s Silks<\/a> ist ein Familienunternehmen mit Sitz in den USA, das sich auf von <a href=\"https:\/\/teiaeducation.ch\/produktkategorie\/erziehungsmethode\/waldorf-steiner-spielzeug-bastelmaterialen\/\">Waldorf<\/a> inspiriertes, <a href=\"https:\/\/teiaeducation.ch\/de\/produkt-kategorie\/kinder-spielzeug\/naturspiel\/\">nat\u00fcrliches<\/a> und nachhaltiges Spielzeug spezialisiert hat, das die <a href=\"https:\/\/teiaeducation.ch\/de\/produkt-kategorie\/kinder-spielzeug\/phantasievoll-rollenspiel\/\">Fantasie<\/a> von Babys und Kindern anregt. Die Mission von Sarah&#8217;s Silks ist es, nachhaltiges, offenes und freies Spielzeug herzustellen, das unsere Kinder lehrt Mutter Erde zu lieben und zu pflegen. Die wundersch\u00f6nen Spielt\u00fccher, Baumwollt\u00fccher, Umh\u00e4nge, Feenkleider, Schleier, Fl\u00fcgel, Kronen, R\u00f6cke, Kleider, Schwerter, Schilde, Skytails und Luftschlangen von Sarah&#8217;s Silks eignen sich perfekt f\u00fcr freies Spielen, Verkleiden und Rollenspiele in Waldorf-Haushalten, Kindertagesst\u00e4tten und <a href=\"https:\/\/teiaeducation.ch\/waldorf-steiner-schulen-lieferungen\/\">Steiner-Schulen<\/a>.<\/p>\n<p>Alle <a href=\"https:\/\/teiaeducation.ch\/de\/produkt-kategorie\/unsere-marken\/sarahs-silks-de\/verkleidungen\/\">Seiden<\/a>kost\u00fcme, <a href=\"https:\/\/teiaeducation.ch\/de\/produkt-kategorie\/unsere-marken\/sarahs-silks-de\/spielzeuge-aus-seide\/\">Holzspielzeuge<\/a> und <a href=\"https:\/\/teiaeducation.ch\/de\/produkt-kategorie\/unsere-marken\/sarahs-silks-de\/spielzeuge-aus-holz\/\">Spielt\u00fccher<\/a> von Sarah&#8217;s <a href=\"https:\/\/teiaeducation.ch\/de\/produkt-kategorie\/unsere-marken\/sarahs-silks-de\/seidenspieltuecher-einfarbig\/\">Silks<\/a> werden aus hochwertiger, nachhaltiger chinesischer Seide hergestellt. Jedes Seidenprodukt wird von N\u00e4herinnen gewebt, gef\u00e4rbt und von Hand ges\u00e4umt, die in einem kleinen Dorf in der N\u00e4he von Suzhou, China, arbeiten. Anschlie\u00dfend werden sie im Hauptsitz von Sarah&#8217;s Silks im kalifornischen Sonoma County von Hand bemalt und fertiggestellt.<\/p>\n<p>Die Spielt\u00fccher von Sarah&#8217;s Silks eignen sich auch perfekt zum Verpacken von Geschenken, als h\u00fcbsche Dekoration f\u00fcr <a href=\"https:\/\/teiaeducation.ch\/de\/produkt-kategorie\/feier-festlichkeiten\/natur-saisonale-tische-de\/\">Natur- und Jahreszeitentische<\/a>, als Dekoration f\u00fcr <a href=\"https:\/\/teiaeducation.ch\/de\/produkt-kategorie\/feier-festlichkeiten\/geburtstage\/\">Geburtstag<\/a>sfeiern oder f\u00fcr den Einsatz in Rhythmikunterricht.<\/p>\n<p>Kinder lieben die leuchtenden, wundersch\u00f6n aufeinander abgestimmten Farben und die weiche Haptik der Spielt\u00fccher, <a href=\"https:\/\/teiaeducation.ch\/de\/produkt-kategorie\/unsere-marken\/sarahs-silks-de\/baumwolltuecher\/\">Baumwollspielt\u00fccher<\/a> und Seidenkleidung. Sie werden mit ungiftigen, umweltfreundlichen Farbstoffen und nat\u00fcrlichen Fasern aus 100% echter Seide und 100% Baumwolle hergestellt und haben strenge amerikanische und europ\u00e4ische Sicherheitstests bestanden und sind f\u00fcr Kinder jeden Alters geeignet.<\/p>\n","protected":false},"excerpt":{"rendered":"<p>Artikelnummer: 35395127<\/p>\n<p>Dieses wundersch\u00f6ne, von der Waldorfp\u00e4dagogik inspirierte Naturseidentuch in der Variante Verzaubertes Meer von Sarah&#8217;s Silks ist das ideale Spielzeug f\u00fcr die Welt der Waldorf-Fantasie und des fantasievollen Spiels!<\/p>\n","protected":false},"featured_media":48574,"comment_status":"open","ping_status":"closed","template":"","meta":[],"product_brand":[32610],"product_cat":[21444,21445,21446,21479,21465,21690,21484,21443,22349,21563,21687,21666,21494,21495,29598,21695,21678,21497,21685,21564,21483,22919],"product_tag":[22145,23734,22920,22938,22937,33092,22939,22940,21741],"class_list":{"0":"post-73659","1":"product","2":"type-product","3":"status-publish","4":"has-post-thumbnail","6":"product_brand-sarahs-silks","7":"product_cat-1-3-jahre-kleinkind","8":"product_cat-3-6-jahre-vorschule","9":"product_cat-6-12-jahre-grundschule","10":"product_cat-lernmaterialien-spielzeug-montessori-waldorf-steiner-froebel","11":"product_cat-feier-festlichkeiten","12":"product_cat-spiele-mit-offenem-ende","13":"product_cat-geschenk-guides","14":"product_cat-nach-alter","15":"product_cat-natur-saisonale-tische-de","16":"product_cat-neuheiten","17":"product_cat-phantasievoll-rollenspiel","18":"product_cat-sarahs-silks-de","19":"product_cat-schulbedarf-fuer-zuhause","20":"product_cat-schulbedarf-fuer-zuhause-3-6-jahre","21":"product_cat-seidenspieltuecher-verzaubert","22":"product_cat-sinnliches-spiel","23":"product_cat-kinder-spielzeug","24":"product_cat-spielen-und-lernen-fuer-babys-kleinkinder","25":"product_cat-stoffspielzeug","26":"product_cat-unsere-marken","27":"product_cat-waldorf-steiner-paedagogik","28":"product_cat-waldorfspielzeug","29":"product_tag-heuristisches-spiel-waldorf","30":"product_tag-sarahs-silks-playsilks-de","31":"product_tag-sarahs-silks-schweiz-de","32":"product_tag-sarahs-silks-schweiz-de-2","33":"product_tag-sarahs-silks-suisse-de","34":"product_tag-sarahs-silks-verzaubertes-spielseide-meer","35":"product_tag-waldorf-seidentuch","36":"product_tag-waldorf-spielstoffe","37":"product_tag-waldorfspielzeug","39":"first","40":"instock","41":"taxable","42":"shipping-taxable","43":"purchasable","44":"product-type-simple"},"yoast_head":"<!-- This site is optimized with the Yoast SEO Premium plugin v25.8 (Yoast SEO v27.4) - https:\/\/yoast.com\/product\/yoast-seo-premium-wordpress\/ -->\n<title>Verzaubertes Spielseide Meer 90 x 90 cm - Sarah&#039;s Silks<\/title>\n<meta name=\"description\" content=\"A beautiful Waldorf inspired natural silk enchanted playsilk in the vibrant colour variation sea from Sarah&#039;s Silks, measuring 90 x 90 cm.\" \/>\n<meta name=\"robots\" content=\"index, follow, max-snippet:-1, max-image-preview:large, max-video-preview:-1\" \/>\n<link rel=\"canonical\" href=\"https:\/\/teiaeducation.ch\/de\/produkt\/verzaubertes-spielseide-meer-90-x-90cm-sarahs-silks\/\" \/>\n<meta property=\"og:locale\" content=\"de_DE\" \/>\n<meta property=\"og:type\" content=\"article\" \/>\n<meta property=\"og:title\" content=\"Verzaubertes Spielseide Meer 90 x 90cm - Sarah&#039;s Silks\" \/>\n<meta property=\"og:description\" content=\"A beautiful Waldorf inspired natural silk enchanted playsilk in the vibrant colour variation sea from Sarah&#039;s Silks, measuring 90 x 90 cm.\" \/>\n<meta property=\"og:url\" content=\"https:\/\/teiaeducation.ch\/de\/produkt\/verzaubertes-spielseide-meer-90-x-90cm-sarahs-silks\/\" \/>\n<meta property=\"og:site_name\" content=\"Sustainable Educational Products &amp; Ecological Toys\u00a0\" \/>\n<meta property=\"article:publisher\" content=\"https:\/\/www.facebook.com\/teiaeducation\/\" \/>\n<meta property=\"og:image\" content=\"https:\/\/teiaeducation.ch\/wp-content\/uploads\/2021\/08\/Sarahs-Silks-Playsilk-enchanted-sea-90-x-90-cm-.jpg\" \/>\n\t<meta property=\"og:image:width\" content=\"800\" \/>\n\t<meta property=\"og:image:height\" content=\"1000\" \/>\n\t<meta property=\"og:image:type\" content=\"image\/jpeg\" \/>\n<script type=\"application\/ld+json\" class=\"yoast-schema-graph\">{\"@context\":\"https:\\\/\\\/schema.org\",\"@graph\":[{\"@type\":\"WebPage\",\"@id\":\"https:\\\/\\\/teiaeducation.ch\\\/de\\\/produkt\\\/verzaubertes-spielseide-meer-90-x-90cm-sarahs-silks\\\/\",\"url\":\"https:\\\/\\\/teiaeducation.ch\\\/de\\\/produkt\\\/verzaubertes-spielseide-meer-90-x-90cm-sarahs-silks\\\/\",\"name\":\"Verzaubertes Spielseide Meer 90 x 90 cm - Sarah's Silks\",\"isPartOf\":{\"@id\":\"https:\\\/\\\/teiaeducation.ch\\\/de\\\/#website\"},\"primaryImageOfPage\":{\"@id\":\"https:\\\/\\\/teiaeducation.ch\\\/de\\\/produkt\\\/verzaubertes-spielseide-meer-90-x-90cm-sarahs-silks\\\/#primaryimage\"},\"image\":{\"@id\":\"https:\\\/\\\/teiaeducation.ch\\\/de\\\/produkt\\\/verzaubertes-spielseide-meer-90-x-90cm-sarahs-silks\\\/#primaryimage\"},\"thumbnailUrl\":\"https:\\\/\\\/teiaeducation.ch\\\/wp-content\\\/uploads\\\/2021\\\/08\\\/Sarahs-Silks-Playsilk-enchanted-sea-90-x-90-cm-.jpg\",\"datePublished\":\"2021-08-08T18:20:51+00:00\",\"description\":\"A beautiful Waldorf inspired natural silk enchanted playsilk in the vibrant colour variation sea from Sarah's Silks, measuring 90 x 90 cm.\",\"breadcrumb\":{\"@id\":\"https:\\\/\\\/teiaeducation.ch\\\/de\\\/produkt\\\/verzaubertes-spielseide-meer-90-x-90cm-sarahs-silks\\\/#breadcrumb\"},\"inLanguage\":\"de-CH\",\"potentialAction\":[{\"@type\":\"ReadAction\",\"target\":[\"https:\\\/\\\/teiaeducation.ch\\\/de\\\/produkt\\\/verzaubertes-spielseide-meer-90-x-90cm-sarahs-silks\\\/\"]}]},{\"@type\":\"ImageObject\",\"inLanguage\":\"de-CH\",\"@id\":\"https:\\\/\\\/teiaeducation.ch\\\/de\\\/produkt\\\/verzaubertes-spielseide-meer-90-x-90cm-sarahs-silks\\\/#primaryimage\",\"url\":\"https:\\\/\\\/teiaeducation.ch\\\/wp-content\\\/uploads\\\/2021\\\/08\\\/Sarahs-Silks-Playsilk-enchanted-sea-90-x-90-cm-.jpg\",\"contentUrl\":\"https:\\\/\\\/teiaeducation.ch\\\/wp-content\\\/uploads\\\/2021\\\/08\\\/Sarahs-Silks-Playsilk-enchanted-sea-90-x-90-cm-.jpg\",\"width\":800,\"height\":1000,\"caption\":\"Verzaubertes Spielseide Meer 90 x 90 cm - Sarah's Silks\"},{\"@type\":\"BreadcrumbList\",\"@id\":\"https:\\\/\\\/teiaeducation.ch\\\/de\\\/produkt\\\/verzaubertes-spielseide-meer-90-x-90cm-sarahs-silks\\\/#breadcrumb\",\"itemListElement\":[{\"@type\":\"ListItem\",\"position\":1,\"name\":\"Home\",\"item\":\"https:\\\/\\\/teiaeducation.ch\\\/de\\\/\"},{\"@type\":\"ListItem\",\"position\":2,\"name\":\"Laden\",\"item\":\"https:\\\/\\\/teiaeducation.ch\\\/de\\\/shop\\\/\"},{\"@type\":\"ListItem\",\"position\":3,\"name\":\"Verzaubertes Spielseide Meer 90 x 90cm &#8211; Sarah&#8217;s Silks\"}]},{\"@type\":\"WebSite\",\"@id\":\"https:\\\/\\\/teiaeducation.ch\\\/de\\\/#website\",\"url\":\"https:\\\/\\\/teiaeducation.ch\\\/de\\\/\",\"name\":\"Sustainable Educational Products &amp; Ecological Toys\u00a0\",\"description\":\"Specialised Swiss shop selling sustainable educational toys and games, AMI certified Montessori materials, handmade ecological wooden Waldorf toys and arts &amp; crafts supplies, school supplies, children&#039;s furniture and Montessori reference and parenting books.\",\"publisher\":{\"@id\":\"https:\\\/\\\/teiaeducation.ch\\\/de\\\/#organization\"},\"alternateName\":\"Teia Education & Play\",\"potentialAction\":[{\"@type\":\"SearchAction\",\"target\":{\"@type\":\"EntryPoint\",\"urlTemplate\":\"https:\\\/\\\/teiaeducation.ch\\\/de\\\/?s={search_term_string}\"},\"query-input\":{\"@type\":\"PropertyValueSpecification\",\"valueRequired\":true,\"valueName\":\"search_term_string\"}}],\"inLanguage\":\"de-CH\"},{\"@type\":\"Organization\",\"@id\":\"https:\\\/\\\/teiaeducation.ch\\\/de\\\/#organization\",\"name\":\"Teia Education & Play\",\"url\":\"https:\\\/\\\/teiaeducation.ch\\\/de\\\/\",\"logo\":{\"@type\":\"ImageObject\",\"inLanguage\":\"de-CH\",\"@id\":\"https:\\\/\\\/teiaeducation.ch\\\/de\\\/#\\\/schema\\\/logo\\\/image\\\/\",\"url\":\"https:\\\/\\\/teiaeducation.ch\\\/wp-content\\\/uploads\\\/2020\\\/11\\\/Teia-Education-Switzerland-e1620156442216.jpg\",\"contentUrl\":\"https:\\\/\\\/teiaeducation.ch\\\/wp-content\\\/uploads\\\/2020\\\/11\\\/Teia-Education-Switzerland-e1620156442216.jpg\",\"width\":166,\"height\":145,\"caption\":\"Teia Education & Play\"},\"image\":{\"@id\":\"https:\\\/\\\/teiaeducation.ch\\\/de\\\/#\\\/schema\\\/logo\\\/image\\\/\"},\"sameAs\":[\"https:\\\/\\\/www.facebook.com\\\/teiaeducation\\\/\",\"https:\\\/\\\/x.com\\\/EducationTeia\",\"https:\\\/\\\/www.instagram.com\\\/teia.education\\\/\",\"https:\\\/\\\/www.linkedin.com\\\/company\\\/35501660\",\"https:\\\/\\\/www.pinterest.ch\\\/TeiaEducation\\\/\"]}]}<\/script>\n<meta property=\"product:price:amount\" content=\"24.90\" \/>\n<meta property=\"product:price:currency\" content=\"CHF\" \/>\n<meta property=\"og:availability\" content=\"instock\" \/>\n<meta property=\"product:availability\" content=\"instock\" \/>\n<meta property=\"product:retailer_item_id\" content=\"00000000000000000000000000000000000000000000026242\" \/>\n<meta property=\"product:condition\" content=\"new\" \/>\n<!-- \/ Yoast SEO Premium plugin. -->","yoast_head_json":{"title":"Verzaubertes Spielseide Meer 90 x 90 cm - Sarah's Silks","description":"A beautiful Waldorf inspired natural silk enchanted playsilk in the vibrant colour variation sea from Sarah's Silks, measuring 90 x 90 cm.","robots":{"index":"index","follow":"follow","max-snippet":"max-snippet:-1","max-image-preview":"max-image-preview:large","max-video-preview":"max-video-preview:-1"},"canonical":"https:\/\/teiaeducation.ch\/de\/produkt\/verzaubertes-spielseide-meer-90-x-90cm-sarahs-silks\/","og_locale":"de_DE","og_type":"article","og_title":"Verzaubertes Spielseide Meer 90 x 90cm - Sarah's Silks","og_description":"A beautiful Waldorf inspired natural silk enchanted playsilk in the vibrant colour variation sea from Sarah's Silks, measuring 90 x 90 cm.","og_url":"https:\/\/teiaeducation.ch\/de\/produkt\/verzaubertes-spielseide-meer-90-x-90cm-sarahs-silks\/","og_site_name":"Sustainable Educational Products &amp; Ecological Toys\u00a0","article_publisher":"https:\/\/www.facebook.com\/teiaeducation\/","og_image":[{"width":800,"height":1000,"url":"https:\/\/teiaeducation.ch\/wp-content\/uploads\/2021\/08\/Sarahs-Silks-Playsilk-enchanted-sea-90-x-90-cm-.jpg","type":"image\/jpeg"}],"schema":{"@context":"https:\/\/schema.org","@graph":[{"@type":"WebPage","@id":"https:\/\/teiaeducation.ch\/de\/produkt\/verzaubertes-spielseide-meer-90-x-90cm-sarahs-silks\/","url":"https:\/\/teiaeducation.ch\/de\/produkt\/verzaubertes-spielseide-meer-90-x-90cm-sarahs-silks\/","name":"Verzaubertes Spielseide Meer 90 x 90 cm - Sarah's Silks","isPartOf":{"@id":"https:\/\/teiaeducation.ch\/de\/#website"},"primaryImageOfPage":{"@id":"https:\/\/teiaeducation.ch\/de\/produkt\/verzaubertes-spielseide-meer-90-x-90cm-sarahs-silks\/#primaryimage"},"image":{"@id":"https:\/\/teiaeducation.ch\/de\/produkt\/verzaubertes-spielseide-meer-90-x-90cm-sarahs-silks\/#primaryimage"},"thumbnailUrl":"https:\/\/teiaeducation.ch\/wp-content\/uploads\/2021\/08\/Sarahs-Silks-Playsilk-enchanted-sea-90-x-90-cm-.jpg","datePublished":"2021-08-08T18:20:51+00:00","description":"A beautiful Waldorf inspired natural silk enchanted playsilk in the vibrant colour variation sea from Sarah's Silks, measuring 90 x 90 cm.","breadcrumb":{"@id":"https:\/\/teiaeducation.ch\/de\/produkt\/verzaubertes-spielseide-meer-90-x-90cm-sarahs-silks\/#breadcrumb"},"inLanguage":"de-CH","potentialAction":[{"@type":"ReadAction","target":["https:\/\/teiaeducation.ch\/de\/produkt\/verzaubertes-spielseide-meer-90-x-90cm-sarahs-silks\/"]}]},{"@type":"ImageObject","inLanguage":"de-CH","@id":"https:\/\/teiaeducation.ch\/de\/produkt\/verzaubertes-spielseide-meer-90-x-90cm-sarahs-silks\/#primaryimage","url":"https:\/\/teiaeducation.ch\/wp-content\/uploads\/2021\/08\/Sarahs-Silks-Playsilk-enchanted-sea-90-x-90-cm-.jpg","contentUrl":"https:\/\/teiaeducation.ch\/wp-content\/uploads\/2021\/08\/Sarahs-Silks-Playsilk-enchanted-sea-90-x-90-cm-.jpg","width":800,"height":1000,"caption":"Verzaubertes Spielseide Meer 90 x 90 cm - Sarah's Silks"},{"@type":"BreadcrumbList","@id":"https:\/\/teiaeducation.ch\/de\/produkt\/verzaubertes-spielseide-meer-90-x-90cm-sarahs-silks\/#breadcrumb","itemListElement":[{"@type":"ListItem","position":1,"name":"Home","item":"https:\/\/teiaeducation.ch\/de\/"},{"@type":"ListItem","position":2,"name":"Laden","item":"https:\/\/teiaeducation.ch\/de\/shop\/"},{"@type":"ListItem","position":3,"name":"Verzaubertes Spielseide Meer 90 x 90cm &#8211; Sarah&#8217;s Silks"}]},{"@type":"WebSite","@id":"https:\/\/teiaeducation.ch\/de\/#website","url":"https:\/\/teiaeducation.ch\/de\/","name":"Sustainable Educational Products &amp; Ecological Toys\u00a0","description":"Specialised Swiss shop selling sustainable educational toys and games, AMI certified Montessori materials, handmade ecological wooden Waldorf toys and arts &amp; crafts supplies, school supplies, children&#039;s furniture and Montessori reference and parenting books.","publisher":{"@id":"https:\/\/teiaeducation.ch\/de\/#organization"},"alternateName":"Teia Education & Play","potentialAction":[{"@type":"SearchAction","target":{"@type":"EntryPoint","urlTemplate":"https:\/\/teiaeducation.ch\/de\/?s={search_term_string}"},"query-input":{"@type":"PropertyValueSpecification","valueRequired":true,"valueName":"search_term_string"}}],"inLanguage":"de-CH"},{"@type":"Organization","@id":"https:\/\/teiaeducation.ch\/de\/#organization","name":"Teia Education & Play","url":"https:\/\/teiaeducation.ch\/de\/","logo":{"@type":"ImageObject","inLanguage":"de-CH","@id":"https:\/\/teiaeducation.ch\/de\/#\/schema\/logo\/image\/","url":"https:\/\/teiaeducation.ch\/wp-content\/uploads\/2020\/11\/Teia-Education-Switzerland-e1620156442216.jpg","contentUrl":"https:\/\/teiaeducation.ch\/wp-content\/uploads\/2020\/11\/Teia-Education-Switzerland-e1620156442216.jpg","width":166,"height":145,"caption":"Teia Education & Play"},"image":{"@id":"https:\/\/teiaeducation.ch\/de\/#\/schema\/logo\/image\/"},"sameAs":["https:\/\/www.facebook.com\/teiaeducation\/","https:\/\/x.com\/EducationTeia","https:\/\/www.instagram.com\/teia.education\/","https:\/\/www.linkedin.com\/company\/35501660","https:\/\/www.pinterest.ch\/TeiaEducation\/"]}]},"product_price_amount":"24.90","product_price_currency":"CHF","og_availability":"instock","product_availability":"instock","product_retailer_item_id":"00000000000000000000000000000000000000000000026242","product_condition":"new"},"_links":{"self":[{"href":"https:\/\/teiaeducation.ch\/de\/wp-json\/wp\/v2\/product\/73659","targetHints":{"allow":["GET"]}}],"collection":[{"href":"https:\/\/teiaeducation.ch\/de\/wp-json\/wp\/v2\/product"}],"about":[{"href":"https:\/\/teiaeducation.ch\/de\/wp-json\/wp\/v2\/types\/product"}],"replies":[{"embeddable":true,"href":"https:\/\/teiaeducation.ch\/de\/wp-json\/wp\/v2\/comments?post=73659"}],"wp:featuredmedia":[{"embeddable":true,"href":"https:\/\/teiaeducation.ch\/de\/wp-json\/wp\/v2\/media\/48574"}],"wp:attachment":[{"href":"https:\/\/teiaeducation.ch\/de\/wp-json\/wp\/v2\/media?parent=73659"}],"wp:term":[{"taxonomy":"product_brand","embeddable":true,"href":"https:\/\/teiaeducation.ch\/de\/wp-json\/wp\/v2\/product_brand?post=73659"},{"taxonomy":"product_cat","embeddable":true,"href":"https:\/\/teiaeducation.ch\/de\/wp-json\/wp\/v2\/product_cat?post=73659"},{"taxonomy":"product_tag","embeddable":true,"href":"https:\/\/teiaeducation.ch\/de\/wp-json\/wp\/v2\/product_tag?post=73659"}],"curies":[{"name":"wp","href":"https:\/\/api.w.org\/{rel}","templated":true}]}}