{"id":73895,"date":"2021-08-08T20:28:31","date_gmt":"2021-08-08T18:28:31","guid":{"rendered":"https:\/\/teiaeducation.ch\/product\/riesiges-enchanted-spielseide-feuer-90-x-178cm-sarahs-silks\/"},"modified":"2021-08-08T20:28:31","modified_gmt":"2021-08-08T18:28:31","slug":"riesiges-enchanted-spielseide-feuer-90-x-178cm-sarahs-silks","status":"publish","type":"product","link":"https:\/\/teiaeducation.ch\/de\/produkt\/riesiges-enchanted-spielseide-feuer-90-x-178cm-sarahs-silks\/","title":{"rendered":"Riesiges Enchanted Spielseide Feuer 90 x 178cm &#8211; Sarah&#8217;s Silks"},"content":{"rendered":"<p>Ein wundersch\u00f6nes, von der Waldorfp\u00e4dagogik inspiriertes, nat\u00fcrliches Riesenspieltuch in der Variante Feuer aus der <a href=\"https:\/\/teiaeducation.ch\/de\/produkt-kategorie\/unsere-marken\/sarahs-silks-de\/seidenspieltuecher-verzaubert\/\">\u201eEnchanted\u201c-Kollektion<\/a> von Sarah&#8217;s Silks. Das Riesenspieltuch misst ca. 90 x 178 Zentimeter, besteht aus 100 % fair gehandelter Seide, ist von Hand ges\u00e4umt und mit ungiftigen, umweltfreundlichen Farbstoffen gef\u00e4rbt. <\/p>\n<p>Als das <a href=\"https:\/\/teiaeducation.ch\/de\/produkt-kategorie\/kinder-spielzeug\/stoffspielzeug\/\">Stoffspielzeug<\/a> schlechthin f\u00fcr die Welt der <a href=\"https:\/\/teiaeducation.ch\/de\/produkt-kategorie\/kinder-spielzeug\/waldorfspielzeug\/\">Waldorf<\/a>-Fantasie und des fantasievollen Spiels eignet sich ein riesiges Spieltuch von Sarah&#8217;s Silks zum Verkleiden \u2013 als Umhang, Stirnband, Rock oder Fl\u00fcgel \u2013, l\u00e4sst sich zu einer Puppentrageschlinge falten, an einen provisorischen Stab binden, um als Flagge zu wehen, \u00fcber St\u00fchle drapieren, um ein Zelt oder eine Festung zu bauen, ein Puppenhaus als Teppich oder Decke schm\u00fccken oder zum Versteckspiel verwenden. Auf den Boden gelegt, l\u00e4sst sich ein riesiges Spieltuch in Gr\u00fcn f\u00fcr Gras, Rot f\u00fcr Lava, Gelb f\u00fcr Sand oder Blau als See oder Meer verwandeln, auf dem man ein Boot segeln lassen kann.  Mit den schwebenden Spielseident\u00fcchern wird ein Spielzimmer im Handumdrehen zu einem magischen M\u00e4rchenland, in die Kinder tanzen und sich ausdr\u00fccken kann.<\/p>\n<p>Die Mini Spielseident\u00fccher von Sarah\u2019s Silks gibt es in verschiedenen, perfekt gef\u00e4rbten Varianten in leuchtenden Schmuck- und Pastellt\u00f6nen. Sie sind vielseitig einsetzbar und eignen sich nicht nur f\u00fcr das kreative Spiel, sondern auch f\u00fcr Waldorf Naturtisch, f\u00fcr die farbliche Gestaltung einer Jahreszeitentisch, als Dekoration f\u00fcr Regenbogengeburtstage oder zum Einpacken von Geschenken.<\/p>\n<p>Das \u201eEnchanted Feuer\u201c-Spieltuch ist in unserem Webshop auch in den Gr\u00f6\u00dfen <a href=\"https:\/\/teiaeducation.ch\/de\/produkt\/verzaubertes-spielseide-feuer-90-x-90cm-sarahs-silks\/\">90 x 90 cm<\/a> (Standard) und <a href=\"https:\/\/teiaeducation.ch\/de\/produkt\/mini-spielseidentuch-feuer-sarahs-silks\/\">53 x 53 cm<\/a> (Mini) erh\u00e4ltlich.<\/p>\n<p>Inhalt:<\/p>\n<p>1 Riesiges Enchanted Spielseide Feuer from 100% silk (approximately 90 x 178cm)<\/p>\n<h2>Pflegehinweise<\/h2>\n<p>Waschen mit der Hand, trocknen es auf der Leine und b\u00fcgeln es auf mittlerer Stufe, um den nat\u00fcrlichen Glanz der Seide wiederherzustellen \u2013 bitte beachten Sie die Schritt-f\u00fcr-Schritt-<a href=\"https:\/\/www.sarahssilks.com\/blogs\/journal\/how-to-wash-playsilks\">Anleitung<\/a> von Sarah\u2019s Silks um Ihre Seidenartikel zu waschen.<\/p>\n<h2>R\u00fcckgabepolitik<\/h2>\n<p>Alle zur\u00fcckgesandten Artikel m\u00fcssen sich in ihrem Originalzustand befinden und die Originalverpackung sowie die Etiketten m\u00fcssen angebracht und intakt sein. Gebrauchte oder gewaschene Artikel k\u00f6nnen nicht zur\u00fcckgegeben werden.<\/p>\n<h2>\u00dcber Sarah&#8217;s Silks<\/h2>\n<p><a href=\"https:\/\/teiaeducation.ch\/de\/produkt-kategorie\/unsere-marken\/sarahs-silks-de\/\">Sarah&#8217;s Silks<\/a> ist ein Familienunternehmen mit Sitz in den USA, das sich auf von <a href=\"https:\/\/teiaeducation.ch\/produktkategorie\/erziehungsmethode\/waldorf-steiner-spielzeug-bastelmaterialen\/\">Waldorf<\/a> inspiriertes, <a href=\"https:\/\/teiaeducation.ch\/de\/produkt-kategorie\/kinder-spielzeug\/naturspiel\/\">nat\u00fcrliches<\/a> und nachhaltiges Spielzeug spezialisiert hat, das die <a href=\"https:\/\/teiaeducation.ch\/de\/produkt-kategorie\/kinder-spielzeug\/phantasievoll-rollenspiel\/\">Fantasie<\/a> von Babys und Kindern anregt. Die Mission von Sarah&#8217;s Silks ist es, nachhaltiges, offenes und freies Spielzeug herzustellen, das unsere Kinder lehrt Mutter Erde zu lieben und zu pflegen. Die wundersch\u00f6nen Spielt\u00fccher, Baumwollt\u00fccher, Umh\u00e4nge, Feenkleider, Schleier, Fl\u00fcgel, Kronen, R\u00f6cke, Kleider, Schwerter, Schilde, Skytails und Luftschlangen von Sarah&#8217;s Silks eignen sich perfekt f\u00fcr freies Spielen, Verkleiden und Rollenspiele in Waldorf-Haushalten, Kindertagesst\u00e4tten und <a href=\"https:\/\/teiaeducation.ch\/waldorf-steiner-schulen-lieferungen\/\">Steiner-Schulen<\/a>.<\/p>\n<p>Alle <a href=\"https:\/\/teiaeducation.ch\/de\/produkt-kategorie\/unsere-marken\/sarahs-silks-de\/verkleidungen\/\">Seiden<\/a>kost\u00fcme, <a href=\"https:\/\/teiaeducation.ch\/de\/produkt-kategorie\/unsere-marken\/sarahs-silks-de\/spielzeuge-aus-seide\/\">Holzspielzeuge<\/a> und <a href=\"https:\/\/teiaeducation.ch\/de\/produkt-kategorie\/unsere-marken\/sarahs-silks-de\/spielzeuge-aus-holz\/\">Spielt\u00fccher<\/a> von Sarah&#8217;s <a href=\"https:\/\/teiaeducation.ch\/de\/produkt-kategorie\/unsere-marken\/sarahs-silks-de\/seidenspieltuecher-einfarbig\/\">Silks<\/a> werden aus hochwertiger, nachhaltiger chinesischer Seide hergestellt. Jedes Seidenprodukt wird von N\u00e4herinnen gewebt, gef\u00e4rbt und von Hand ges\u00e4umt, die in einem kleinen Dorf in der N\u00e4he von Suzhou, China, arbeiten. Anschlie\u00dfend werden sie im Hauptsitz von Sarah&#8217;s Silks im kalifornischen Sonoma County von Hand bemalt und fertiggestellt.<\/p>\n<p>Die Spielt\u00fccher von Sarah&#8217;s Silks eignen sich auch perfekt zum Verpacken von Geschenken, als h\u00fcbsche Dekoration f\u00fcr <a href=\"https:\/\/teiaeducation.ch\/de\/produkt-kategorie\/feier-festlichkeiten\/natur-saisonale-tische-de\/\">Natur- und Jahreszeitentische<\/a>, als Dekoration f\u00fcr <a href=\"https:\/\/teiaeducation.ch\/de\/produkt-kategorie\/feier-festlichkeiten\/geburtstage\/\">Geburtstag<\/a>sfeiern oder f\u00fcr den Einsatz in Rhythmikunterricht.<\/p>\n<p>Kinder lieben die leuchtenden, wundersch\u00f6n aufeinander abgestimmten Farben und die weiche Haptik der Spielt\u00fccher, <a href=\"https:\/\/teiaeducation.ch\/de\/produkt-kategorie\/unsere-marken\/sarahs-silks-de\/baumwolltuecher\/\">Baumwollspielt\u00fccher<\/a> und Seidenkleidung. Sie werden mit ungiftigen, umweltfreundlichen Farbstoffen und nat\u00fcrlichen Fasern aus 100% echter Seide und 100% Baumwolle hergestellt und haben strenge amerikanische und europ\u00e4ische Sicherheitstests bestanden und sind f\u00fcr Kinder jeden Alters geeignet.<\/p>\n","protected":false},"excerpt":{"rendered":"<p>Artikelnummer: 35395226<\/p>\n<p>Dieses wundersch\u00f6ne, von der Waldorfp\u00e4dagogik inspirierte, nat\u00fcrliche Riesentuch in der Variante Enchanted Feuer von Sarah&#8217;s Silks ist das Spielzeug schlechthin f\u00fcr die Welt der Waldorf-Fantasie und des fantasievollen Spiels!<\/p>\n","protected":false},"featured_media":48508,"comment_status":"open","ping_status":"closed","template":"","meta":[],"product_brand":[32610],"product_cat":[21444,21445,21446,21479,21465,21690,21488,21492,21464,21443,21563,21687,21666,29598,21695,21678,21685,21564,21483,22919],"product_tag":[33099,22145,33101,33100,33097,22920,22938,22937,33098,22939,22940,21741],"class_list":{"0":"post-73895","1":"product","2":"type-product","3":"status-publish","4":"has-post-thumbnail","6":"product_brand-sarahs-silks","7":"product_cat-1-3-jahre-kleinkind","8":"product_cat-3-6-jahre-vorschule","9":"product_cat-6-12-jahre-grundschule","10":"product_cat-lernmaterialien-spielzeug-montessori-waldorf-steiner-froebel","11":"product_cat-feier-festlichkeiten","12":"product_cat-spiele-mit-offenem-ende","13":"product_cat-geschenk-guide-6-12-jahre-grundschule","14":"product_cat-geschenk-guide-stoffspielzeug","15":"product_cat-herbstkollektion","16":"product_cat-nach-alter","17":"product_cat-neuheiten","18":"product_cat-phantasievoll-rollenspiel","19":"product_cat-sarahs-silks-de","20":"product_cat-seidenspieltuecher-verzaubert","21":"product_cat-sinnliches-spiel","22":"product_cat-kinder-spielzeug","23":"product_cat-stoffspielzeug","24":"product_cat-unsere-marken","25":"product_cat-waldorf-steiner-paedagogik","26":"product_cat-waldorfspielzeug","27":"product_tag-festungen-bauen-waldorf-seidentuch","28":"product_tag-heuristisches-spiel-waldorf","29":"product_tag-sarahs-silks-riesiger-enchanted-spielseide-feuer","30":"product_tag-sarahs-silks-riesiger-enchanted-spielseide-meer","31":"product_tag-sarahs-silks-riesiger-spielseide","32":"product_tag-sarahs-silks-schweiz-de","33":"product_tag-sarahs-silks-schweiz-de-2","34":"product_tag-sarahs-silks-suisse-de","35":"product_tag-sarahs-silks-riesiges-spieltuch","36":"product_tag-waldorf-seidentuch","37":"product_tag-waldorf-spielstoffe","38":"product_tag-waldorfspielzeug","40":"first","41":"instock","42":"taxable","43":"shipping-taxable","44":"purchasable","45":"product-type-simple"},"yoast_head":"<!-- This site is optimized with the Yoast SEO Premium plugin v25.8 (Yoast SEO v27.4) - https:\/\/yoast.com\/product\/yoast-seo-premium-wordpress\/ -->\n<title>Riesiges Enchanted Spielseide Feuer 90 x 178cm - Sarah&#039;s Silks<\/title>\n<meta name=\"description\" content=\"Ein wundersch\u00f6nes, von der Waldorfp\u00e4dagogik inspiriertes, nat\u00fcrliches Riesentuch aus Seide in der Variante Enchanted Feuer von Sarah&#039;s Silks, hergestellt aus 100 % fair gehandelter Seide.\" \/>\n<meta name=\"robots\" content=\"index, follow, max-snippet:-1, max-image-preview:large, max-video-preview:-1\" \/>\n<link rel=\"canonical\" href=\"https:\/\/teiaeducation.ch\/de\/produkt\/riesiges-enchanted-spielseide-feuer-90-x-178cm-sarahs-silks\/\" \/>\n<meta property=\"og:locale\" content=\"de_DE\" \/>\n<meta property=\"og:type\" content=\"article\" \/>\n<meta property=\"og:title\" content=\"Riesiges Enchanted Spielseide Feuer 90 x 178cm - Sarah&#039;s Silks\" \/>\n<meta property=\"og:description\" content=\"Ein wundersch\u00f6nes, von der Waldorfp\u00e4dagogik inspiriertes, nat\u00fcrliches Riesentuch aus Seide in der Variante Enchanted Feuer von Sarah&#039;s Silks, hergestellt aus 100 % fair gehandelter Seide.\" \/>\n<meta property=\"og:url\" content=\"https:\/\/teiaeducation.ch\/de\/produkt\/riesiges-enchanted-spielseide-feuer-90-x-178cm-sarahs-silks\/\" \/>\n<meta property=\"og:site_name\" content=\"Sustainable Educational Products &amp; Ecological Toys\u00a0\" \/>\n<meta property=\"article:publisher\" content=\"https:\/\/www.facebook.com\/teiaeducation\/\" \/>\n<meta property=\"og:image\" content=\"https:\/\/teiaeducation.ch\/wp-content\/uploads\/2021\/08\/Sarahs-Silks-giant-playsilk-enchanted-fire-90-x-275-cm-1.jpg\" \/>\n\t<meta property=\"og:image:width\" content=\"800\" \/>\n\t<meta property=\"og:image:height\" content=\"1000\" \/>\n\t<meta property=\"og:image:type\" content=\"image\/jpeg\" \/>\n<script type=\"application\/ld+json\" class=\"yoast-schema-graph\">{\"@context\":\"https:\\\/\\\/schema.org\",\"@graph\":[{\"@type\":\"WebPage\",\"@id\":\"https:\\\/\\\/teiaeducation.ch\\\/de\\\/produkt\\\/riesiges-enchanted-spielseide-feuer-90-x-178cm-sarahs-silks\\\/\",\"url\":\"https:\\\/\\\/teiaeducation.ch\\\/de\\\/produkt\\\/riesiges-enchanted-spielseide-feuer-90-x-178cm-sarahs-silks\\\/\",\"name\":\"Riesiges Enchanted Spielseide Feuer 90 x 178cm - Sarah's Silks\",\"isPartOf\":{\"@id\":\"https:\\\/\\\/teiaeducation.ch\\\/de\\\/#website\"},\"primaryImageOfPage\":{\"@id\":\"https:\\\/\\\/teiaeducation.ch\\\/de\\\/produkt\\\/riesiges-enchanted-spielseide-feuer-90-x-178cm-sarahs-silks\\\/#primaryimage\"},\"image\":{\"@id\":\"https:\\\/\\\/teiaeducation.ch\\\/de\\\/produkt\\\/riesiges-enchanted-spielseide-feuer-90-x-178cm-sarahs-silks\\\/#primaryimage\"},\"thumbnailUrl\":\"https:\\\/\\\/teiaeducation.ch\\\/wp-content\\\/uploads\\\/2021\\\/08\\\/Sarahs-Silks-giant-playsilk-enchanted-fire-90-x-275-cm-1.jpg\",\"datePublished\":\"2021-08-08T18:28:31+00:00\",\"description\":\"Ein wundersch\u00f6nes, von der Waldorfp\u00e4dagogik inspiriertes, nat\u00fcrliches Riesentuch aus Seide in der Variante Enchanted Feuer von Sarah's Silks, hergestellt aus 100 % fair gehandelter Seide.\",\"breadcrumb\":{\"@id\":\"https:\\\/\\\/teiaeducation.ch\\\/de\\\/produkt\\\/riesiges-enchanted-spielseide-feuer-90-x-178cm-sarahs-silks\\\/#breadcrumb\"},\"inLanguage\":\"de-CH\",\"potentialAction\":[{\"@type\":\"ReadAction\",\"target\":[\"https:\\\/\\\/teiaeducation.ch\\\/de\\\/produkt\\\/riesiges-enchanted-spielseide-feuer-90-x-178cm-sarahs-silks\\\/\"]}]},{\"@type\":\"ImageObject\",\"inLanguage\":\"de-CH\",\"@id\":\"https:\\\/\\\/teiaeducation.ch\\\/de\\\/produkt\\\/riesiges-enchanted-spielseide-feuer-90-x-178cm-sarahs-silks\\\/#primaryimage\",\"url\":\"https:\\\/\\\/teiaeducation.ch\\\/wp-content\\\/uploads\\\/2021\\\/08\\\/Sarahs-Silks-giant-playsilk-enchanted-fire-90-x-275-cm-1.jpg\",\"contentUrl\":\"https:\\\/\\\/teiaeducation.ch\\\/wp-content\\\/uploads\\\/2021\\\/08\\\/Sarahs-Silks-giant-playsilk-enchanted-fire-90-x-275-cm-1.jpg\",\"width\":800,\"height\":1000,\"caption\":\"Riesiges Enchanted Spielseide Feuer 90 x 275 cm - Sarah's Silks\"},{\"@type\":\"BreadcrumbList\",\"@id\":\"https:\\\/\\\/teiaeducation.ch\\\/de\\\/produkt\\\/riesiges-enchanted-spielseide-feuer-90-x-178cm-sarahs-silks\\\/#breadcrumb\",\"itemListElement\":[{\"@type\":\"ListItem\",\"position\":1,\"name\":\"Home\",\"item\":\"https:\\\/\\\/teiaeducation.ch\\\/de\\\/\"},{\"@type\":\"ListItem\",\"position\":2,\"name\":\"Laden\",\"item\":\"https:\\\/\\\/teiaeducation.ch\\\/de\\\/shop\\\/\"},{\"@type\":\"ListItem\",\"position\":3,\"name\":\"Riesiges Enchanted Spielseide Feuer 90 x 178cm &#8211; Sarah&#8217;s Silks\"}]},{\"@type\":\"WebSite\",\"@id\":\"https:\\\/\\\/teiaeducation.ch\\\/de\\\/#website\",\"url\":\"https:\\\/\\\/teiaeducation.ch\\\/de\\\/\",\"name\":\"Sustainable Educational Products &amp; Ecological Toys\u00a0\",\"description\":\"Specialised Swiss shop selling sustainable educational toys and games, AMI certified Montessori materials, handmade ecological wooden Waldorf toys and arts &amp; crafts supplies, school supplies, children&#039;s furniture and Montessori reference and parenting books.\",\"publisher\":{\"@id\":\"https:\\\/\\\/teiaeducation.ch\\\/de\\\/#organization\"},\"alternateName\":\"Teia Education & Play\",\"potentialAction\":[{\"@type\":\"SearchAction\",\"target\":{\"@type\":\"EntryPoint\",\"urlTemplate\":\"https:\\\/\\\/teiaeducation.ch\\\/de\\\/?s={search_term_string}\"},\"query-input\":{\"@type\":\"PropertyValueSpecification\",\"valueRequired\":true,\"valueName\":\"search_term_string\"}}],\"inLanguage\":\"de-CH\"},{\"@type\":\"Organization\",\"@id\":\"https:\\\/\\\/teiaeducation.ch\\\/de\\\/#organization\",\"name\":\"Teia Education & Play\",\"url\":\"https:\\\/\\\/teiaeducation.ch\\\/de\\\/\",\"logo\":{\"@type\":\"ImageObject\",\"inLanguage\":\"de-CH\",\"@id\":\"https:\\\/\\\/teiaeducation.ch\\\/de\\\/#\\\/schema\\\/logo\\\/image\\\/\",\"url\":\"https:\\\/\\\/teiaeducation.ch\\\/wp-content\\\/uploads\\\/2020\\\/11\\\/Teia-Education-Switzerland-e1620156442216.jpg\",\"contentUrl\":\"https:\\\/\\\/teiaeducation.ch\\\/wp-content\\\/uploads\\\/2020\\\/11\\\/Teia-Education-Switzerland-e1620156442216.jpg\",\"width\":166,\"height\":145,\"caption\":\"Teia Education & Play\"},\"image\":{\"@id\":\"https:\\\/\\\/teiaeducation.ch\\\/de\\\/#\\\/schema\\\/logo\\\/image\\\/\"},\"sameAs\":[\"https:\\\/\\\/www.facebook.com\\\/teiaeducation\\\/\",\"https:\\\/\\\/x.com\\\/EducationTeia\",\"https:\\\/\\\/www.instagram.com\\\/teia.education\\\/\",\"https:\\\/\\\/www.linkedin.com\\\/company\\\/35501660\",\"https:\\\/\\\/www.pinterest.ch\\\/TeiaEducation\\\/\"]}]}<\/script>\n<meta property=\"product:price:amount\" content=\"69.90\" \/>\n<meta property=\"product:price:currency\" content=\"CHF\" \/>\n<meta property=\"og:availability\" content=\"instock\" \/>\n<meta property=\"product:availability\" content=\"instock\" \/>\n<meta property=\"product:retailer_item_id\" content=\"00000000000000000000000000000000000000000000029785\" \/>\n<meta property=\"product:condition\" content=\"new\" \/>\n<!-- \/ Yoast SEO Premium plugin. -->","yoast_head_json":{"title":"Riesiges Enchanted Spielseide Feuer 90 x 178cm - Sarah's Silks","description":"Ein wundersch\u00f6nes, von der Waldorfp\u00e4dagogik inspiriertes, nat\u00fcrliches Riesentuch aus Seide in der Variante Enchanted Feuer von Sarah's Silks, hergestellt aus 100 % fair gehandelter Seide.","robots":{"index":"index","follow":"follow","max-snippet":"max-snippet:-1","max-image-preview":"max-image-preview:large","max-video-preview":"max-video-preview:-1"},"canonical":"https:\/\/teiaeducation.ch\/de\/produkt\/riesiges-enchanted-spielseide-feuer-90-x-178cm-sarahs-silks\/","og_locale":"de_DE","og_type":"article","og_title":"Riesiges Enchanted Spielseide Feuer 90 x 178cm - Sarah's Silks","og_description":"Ein wundersch\u00f6nes, von der Waldorfp\u00e4dagogik inspiriertes, nat\u00fcrliches Riesentuch aus Seide in der Variante Enchanted Feuer von Sarah's Silks, hergestellt aus 100 % fair gehandelter Seide.","og_url":"https:\/\/teiaeducation.ch\/de\/produkt\/riesiges-enchanted-spielseide-feuer-90-x-178cm-sarahs-silks\/","og_site_name":"Sustainable Educational Products &amp; Ecological Toys\u00a0","article_publisher":"https:\/\/www.facebook.com\/teiaeducation\/","og_image":[{"width":800,"height":1000,"url":"https:\/\/teiaeducation.ch\/wp-content\/uploads\/2021\/08\/Sarahs-Silks-giant-playsilk-enchanted-fire-90-x-275-cm-1.jpg","type":"image\/jpeg"}],"schema":{"@context":"https:\/\/schema.org","@graph":[{"@type":"WebPage","@id":"https:\/\/teiaeducation.ch\/de\/produkt\/riesiges-enchanted-spielseide-feuer-90-x-178cm-sarahs-silks\/","url":"https:\/\/teiaeducation.ch\/de\/produkt\/riesiges-enchanted-spielseide-feuer-90-x-178cm-sarahs-silks\/","name":"Riesiges Enchanted Spielseide Feuer 90 x 178cm - Sarah's Silks","isPartOf":{"@id":"https:\/\/teiaeducation.ch\/de\/#website"},"primaryImageOfPage":{"@id":"https:\/\/teiaeducation.ch\/de\/produkt\/riesiges-enchanted-spielseide-feuer-90-x-178cm-sarahs-silks\/#primaryimage"},"image":{"@id":"https:\/\/teiaeducation.ch\/de\/produkt\/riesiges-enchanted-spielseide-feuer-90-x-178cm-sarahs-silks\/#primaryimage"},"thumbnailUrl":"https:\/\/teiaeducation.ch\/wp-content\/uploads\/2021\/08\/Sarahs-Silks-giant-playsilk-enchanted-fire-90-x-275-cm-1.jpg","datePublished":"2021-08-08T18:28:31+00:00","description":"Ein wundersch\u00f6nes, von der Waldorfp\u00e4dagogik inspiriertes, nat\u00fcrliches Riesentuch aus Seide in der Variante Enchanted Feuer von Sarah's Silks, hergestellt aus 100 % fair gehandelter Seide.","breadcrumb":{"@id":"https:\/\/teiaeducation.ch\/de\/produkt\/riesiges-enchanted-spielseide-feuer-90-x-178cm-sarahs-silks\/#breadcrumb"},"inLanguage":"de-CH","potentialAction":[{"@type":"ReadAction","target":["https:\/\/teiaeducation.ch\/de\/produkt\/riesiges-enchanted-spielseide-feuer-90-x-178cm-sarahs-silks\/"]}]},{"@type":"ImageObject","inLanguage":"de-CH","@id":"https:\/\/teiaeducation.ch\/de\/produkt\/riesiges-enchanted-spielseide-feuer-90-x-178cm-sarahs-silks\/#primaryimage","url":"https:\/\/teiaeducation.ch\/wp-content\/uploads\/2021\/08\/Sarahs-Silks-giant-playsilk-enchanted-fire-90-x-275-cm-1.jpg","contentUrl":"https:\/\/teiaeducation.ch\/wp-content\/uploads\/2021\/08\/Sarahs-Silks-giant-playsilk-enchanted-fire-90-x-275-cm-1.jpg","width":800,"height":1000,"caption":"Riesiges Enchanted Spielseide Feuer 90 x 275 cm - Sarah's Silks"},{"@type":"BreadcrumbList","@id":"https:\/\/teiaeducation.ch\/de\/produkt\/riesiges-enchanted-spielseide-feuer-90-x-178cm-sarahs-silks\/#breadcrumb","itemListElement":[{"@type":"ListItem","position":1,"name":"Home","item":"https:\/\/teiaeducation.ch\/de\/"},{"@type":"ListItem","position":2,"name":"Laden","item":"https:\/\/teiaeducation.ch\/de\/shop\/"},{"@type":"ListItem","position":3,"name":"Riesiges Enchanted Spielseide Feuer 90 x 178cm &#8211; Sarah&#8217;s Silks"}]},{"@type":"WebSite","@id":"https:\/\/teiaeducation.ch\/de\/#website","url":"https:\/\/teiaeducation.ch\/de\/","name":"Sustainable Educational Products &amp; Ecological Toys\u00a0","description":"Specialised Swiss shop selling sustainable educational toys and games, AMI certified Montessori materials, handmade ecological wooden Waldorf toys and arts &amp; crafts supplies, school supplies, children&#039;s furniture and Montessori reference and parenting books.","publisher":{"@id":"https:\/\/teiaeducation.ch\/de\/#organization"},"alternateName":"Teia Education & Play","potentialAction":[{"@type":"SearchAction","target":{"@type":"EntryPoint","urlTemplate":"https:\/\/teiaeducation.ch\/de\/?s={search_term_string}"},"query-input":{"@type":"PropertyValueSpecification","valueRequired":true,"valueName":"search_term_string"}}],"inLanguage":"de-CH"},{"@type":"Organization","@id":"https:\/\/teiaeducation.ch\/de\/#organization","name":"Teia Education & Play","url":"https:\/\/teiaeducation.ch\/de\/","logo":{"@type":"ImageObject","inLanguage":"de-CH","@id":"https:\/\/teiaeducation.ch\/de\/#\/schema\/logo\/image\/","url":"https:\/\/teiaeducation.ch\/wp-content\/uploads\/2020\/11\/Teia-Education-Switzerland-e1620156442216.jpg","contentUrl":"https:\/\/teiaeducation.ch\/wp-content\/uploads\/2020\/11\/Teia-Education-Switzerland-e1620156442216.jpg","width":166,"height":145,"caption":"Teia Education & Play"},"image":{"@id":"https:\/\/teiaeducation.ch\/de\/#\/schema\/logo\/image\/"},"sameAs":["https:\/\/www.facebook.com\/teiaeducation\/","https:\/\/x.com\/EducationTeia","https:\/\/www.instagram.com\/teia.education\/","https:\/\/www.linkedin.com\/company\/35501660","https:\/\/www.pinterest.ch\/TeiaEducation\/"]}]},"product_price_amount":"69.90","product_price_currency":"CHF","og_availability":"instock","product_availability":"instock","product_retailer_item_id":"00000000000000000000000000000000000000000000029785","product_condition":"new"},"_links":{"self":[{"href":"https:\/\/teiaeducation.ch\/de\/wp-json\/wp\/v2\/product\/73895","targetHints":{"allow":["GET"]}}],"collection":[{"href":"https:\/\/teiaeducation.ch\/de\/wp-json\/wp\/v2\/product"}],"about":[{"href":"https:\/\/teiaeducation.ch\/de\/wp-json\/wp\/v2\/types\/product"}],"replies":[{"embeddable":true,"href":"https:\/\/teiaeducation.ch\/de\/wp-json\/wp\/v2\/comments?post=73895"}],"wp:featuredmedia":[{"embeddable":true,"href":"https:\/\/teiaeducation.ch\/de\/wp-json\/wp\/v2\/media\/48508"}],"wp:attachment":[{"href":"https:\/\/teiaeducation.ch\/de\/wp-json\/wp\/v2\/media?parent=73895"}],"wp:term":[{"taxonomy":"product_brand","embeddable":true,"href":"https:\/\/teiaeducation.ch\/de\/wp-json\/wp\/v2\/product_brand?post=73895"},{"taxonomy":"product_cat","embeddable":true,"href":"https:\/\/teiaeducation.ch\/de\/wp-json\/wp\/v2\/product_cat?post=73895"},{"taxonomy":"product_tag","embeddable":true,"href":"https:\/\/teiaeducation.ch\/de\/wp-json\/wp\/v2\/product_tag?post=73895"}],"curies":[{"name":"wp","href":"https:\/\/api.w.org\/{rel}","templated":true}]}}