{"id":1427,"date":"2018-11-12T14:14:23","date_gmt":"2018-11-12T13:14:23","guid":{"rendered":"https:\/\/teiaeducation.ch\/boutique\/"},"modified":"2021-11-09T13:15:43","modified_gmt":"2021-11-09T12:15:43","slug":"boutique","status":"publish","type":"page","link":"https:\/\/teiaeducation.ch\/fr\/boutique\/","title":{"rendered":"Boutique Teia Education &amp; Play"},"content":{"rendered":"\n  <div class=\"banner has-hover hide-for-small\" id=\"banner-735500640\">\n          <div class=\"banner-inner fill\">\n        <div class=\"banner-bg fill\" >\n            <img fetchpriority=\"high\" decoding=\"async\" width=\"1020\" height=\"681\" src=\"https:\/\/teiaeducation.ch\/wp-content\/uploads\/2020\/06\/Baby-Nins\u00ae-kit-Grapat.jpg\" class=\"bg attachment-large size-large\" alt=\"Baby Nins\u00ae - Grapat\" \/>                                    \n                    <\/div>\n\t\t\n        <div class=\"banner-layers container\">\n            <div class=\"fill banner-link\"><\/div>            \n   <div id=\"text-box-608554709\" class=\"text-box banner-layer x50 md-x50 lg-x50 y50 md-y50 lg-y50 res-text\">\n                                <div class=\"text-box-content text \">\n              \n              <div class=\"text-inner text-center\">\n                  \n<h6 style=\"text-align: center;\">Teia Education &amp; Play<\/h6>\n<h1 style=\"text-align: center;\">Boutique Teia Education &amp; Play<\/h1>\n              <\/div>\n           <\/div>\n                            \n<style>\n#text-box-608554709 .text-box-content {\n  background-color: rgba(255, 255, 255, 0.77);\n  font-size: 100%;\n}\n#text-box-608554709 .text-inner {\n  padding: 30px 30px 18px 30px;\n}\n#text-box-608554709 {\n  width: 77%;\n}\n@media (min-width:550px) {\n  #text-box-608554709 {\n    width: 60%;\n  }\n}\n<\/style>\n    <\/div>\n \n        <\/div>\n      <\/div>\n\n            \n<style>\n#banner-735500640 {\n  padding-top: 88px;\n  background-color: rgb(255,255,255);\n}\n#banner-735500640 .banner-bg img {\n  object-position: 0% 63%;\n}\n@media (min-width:550px) {\n  #banner-735500640 {\n    padding-top: 300px;\n  }\n}\n<\/style>\n  <\/div>\n\n\n\t<div id=\"gap-1513474056\" class=\"gap-element clearfix\" style=\"display:block; height:auto;\">\n\t\t\n<style>\n#gap-1513474056 {\n  padding-top: 30px;\n}\n<\/style>\n\t<\/div>\n\t\n<div class=\"row\"  id=\"row-1444388660\">\n\n\t<div id=\"col-1310431146\" class=\"col small-12 large-12\"  >\n\t\t\t\t<div class=\"col-inner\"  >\n\t\t\t\n\t\t\t\n<h1>D\u00e9couvrez notre mat\u00e9riel \u00e9ducatif durable, nos jouets et nos fournitures scolaires.<\/h1>\n<p><span id=\"react-root\">Nous travaillons \u00e0 la traduction de nos produits en fran\u00e7ais. Si vous souhaitez voir notre gamme compl\u00e8te de produits, veuillez visiter notre boutique en <a href=\"https:\/\/teiaeducation.ch\/fr\/boutique\/\">anglais<\/a>. Si vous souhaitez obtenir plus d&#8217;informations sur un produit que vous ne trouvez pas dans notre boutique en ligne, n&#8217;h\u00e9sitez pas \u00e0 nous <a href=\"https:\/\/teiaeducation.ch\/fr\/contact-us\/\">contacter<\/a>. <\/span><\/p>\n\t\t<\/div>\n\t\t\t\t\t<\/div>\n\n\t\n<\/div>\n\t<div id=\"gap-1882170547\" class=\"gap-element clearfix\" style=\"display:block; height:auto;\">\n\t\t\n<style>\n#gap-1882170547 {\n  padding-top: 25px;\n}\n<\/style>\n\t<\/div>\n\t\n","protected":false},"excerpt":{"rendered":"","protected":false},"author":1,"featured_media":28105,"parent":0,"menu_order":0,"comment_status":"closed","ping_status":"closed","template":"page-blank.php","meta":{"footnotes":""},"class_list":["post-1427","page","type-page","status-publish","has-post-thumbnail","hentry"],"yoast_head":"<!-- This site is optimized with the Yoast SEO Premium plugin v25.8 (Yoast SEO v27.4) - https:\/\/yoast.com\/product\/yoast-seo-premium-wordpress\/ -->\n<title>Boutique Teia Education &amp; Play - Teia Education &amp; Play<\/title>\n<meta name=\"description\" content=\"Jouets en bois de haute qualit\u00e9, mat\u00e9riel Montessori certifi\u00e9 AMI, fournitures scolaires, jouets et mat\u00e9riel \u00e9ducatifs, mat\u00e9riel de cr\u00e9atifs, livres et meubles.\" \/>\n<meta name=\"robots\" content=\"index, follow, max-snippet:-1, max-image-preview:large, max-video-preview:-1\" \/>\n<link rel=\"canonical\" href=\"https:\/\/teiaeducation.ch\/fr\/boutique\/\" \/>\n<meta property=\"og:locale\" content=\"fr_FR\" \/>\n<meta property=\"og:type\" content=\"article\" \/>\n<meta property=\"og:title\" content=\"Boutique Teia Education &amp; Play\" \/>\n<meta property=\"og:description\" content=\"Jouets en bois de haute qualit\u00e9, mat\u00e9riel Montessori certifi\u00e9 AMI, fournitures scolaires, jouets et mat\u00e9riel \u00e9ducatifs, mat\u00e9riel de cr\u00e9atifs, livres et meubles.\" \/>\n<meta property=\"og:url\" content=\"https:\/\/teiaeducation.ch\/fr\/boutique\/\" \/>\n<meta property=\"og:site_name\" content=\"Sustainable Educational Products &amp; Ecological Toys\u00a0\" \/>\n<meta property=\"article:publisher\" content=\"https:\/\/www.facebook.com\/teiaeducation\/\" \/>\n<meta property=\"article:modified_time\" content=\"2021-11-09T12:15:43+00:00\" \/>\n<meta property=\"og:image\" content=\"https:\/\/teiaeducation.ch\/wp-content\/uploads\/2020\/08\/Nienhuis-Montessori-wooden-3D-grammar-symbols-Teia-Education-Switzerland-scaled-e1649756956353.jpeg\" \/>\n\t<meta property=\"og:image:width\" content=\"1200\" \/>\n\t<meta property=\"og:image:height\" content=\"800\" \/>\n\t<meta property=\"og:image:type\" content=\"image\/jpeg\" \/>\n<script type=\"application\/ld+json\" class=\"yoast-schema-graph\">{\"@context\":\"https:\\\/\\\/schema.org\",\"@graph\":[{\"@type\":\"WebPage\",\"@id\":\"https:\\\/\\\/teiaeducation.ch\\\/fr\\\/boutique\\\/\",\"url\":\"https:\\\/\\\/teiaeducation.ch\\\/fr\\\/boutique\\\/\",\"name\":\"Boutique Teia Education &amp; Play - Teia Education & Play\",\"isPartOf\":{\"@id\":\"https:\\\/\\\/teiaeducation.ch\\\/fr\\\/#website\"},\"primaryImageOfPage\":{\"@id\":\"https:\\\/\\\/teiaeducation.ch\\\/fr\\\/boutique\\\/#primaryimage\"},\"image\":{\"@id\":\"https:\\\/\\\/teiaeducation.ch\\\/fr\\\/boutique\\\/#primaryimage\"},\"thumbnailUrl\":\"https:\\\/\\\/teiaeducation.ch\\\/wp-content\\\/uploads\\\/2020\\\/08\\\/Nienhuis-Montessori-wooden-3D-grammar-symbols-Teia-Education-Switzerland-scaled-e1649756956353.jpeg\",\"datePublished\":\"2018-11-12T13:14:23+00:00\",\"dateModified\":\"2021-11-09T12:15:43+00:00\",\"description\":\"Jouets en bois de haute qualit\u00e9, mat\u00e9riel Montessori certifi\u00e9 AMI, fournitures scolaires, jouets et mat\u00e9riel \u00e9ducatifs, mat\u00e9riel de cr\u00e9atifs, livres et meubles.\",\"breadcrumb\":{\"@id\":\"https:\\\/\\\/teiaeducation.ch\\\/fr\\\/boutique\\\/#breadcrumb\"},\"inLanguage\":\"fr-FR\",\"potentialAction\":[{\"@type\":\"ReadAction\",\"target\":[\"https:\\\/\\\/teiaeducation.ch\\\/fr\\\/boutique\\\/\"]}]},{\"@type\":\"ImageObject\",\"inLanguage\":\"fr-FR\",\"@id\":\"https:\\\/\\\/teiaeducation.ch\\\/fr\\\/boutique\\\/#primaryimage\",\"url\":\"https:\\\/\\\/teiaeducation.ch\\\/wp-content\\\/uploads\\\/2020\\\/08\\\/Nienhuis-Montessori-wooden-3D-grammar-symbols-Teia-Education-Switzerland-scaled-e1649756956353.jpeg\",\"contentUrl\":\"https:\\\/\\\/teiaeducation.ch\\\/wp-content\\\/uploads\\\/2020\\\/08\\\/Nienhuis-Montessori-wooden-3D-grammar-symbols-Teia-Education-Switzerland-scaled-e1649756956353.jpeg\",\"width\":1200,\"height\":800,\"caption\":\"Montessori wood material for the learning of children and children at school\"},{\"@type\":\"BreadcrumbList\",\"@id\":\"https:\\\/\\\/teiaeducation.ch\\\/fr\\\/boutique\\\/#breadcrumb\",\"itemListElement\":[{\"@type\":\"ListItem\",\"position\":1,\"name\":\"Home\",\"item\":\"https:\\\/\\\/teiaeducation.ch\\\/fr\\\/\"},{\"@type\":\"ListItem\",\"position\":2,\"name\":\"Boutique Teia Education &amp; Play\"}]},{\"@type\":\"WebSite\",\"@id\":\"https:\\\/\\\/teiaeducation.ch\\\/fr\\\/#website\",\"url\":\"https:\\\/\\\/teiaeducation.ch\\\/fr\\\/\",\"name\":\"Sustainable Educational Products &amp; Ecological Toys\u00a0\",\"description\":\"Specialised Swiss shop selling sustainable educational toys and games, AMI certified Montessori materials, handmade ecological wooden Waldorf toys and arts &amp; crafts supplies, school supplies, children&#039;s furniture and Montessori reference and parenting books.\",\"publisher\":{\"@id\":\"https:\\\/\\\/teiaeducation.ch\\\/fr\\\/#organization\"},\"alternateName\":\"Teia Education & Play\",\"potentialAction\":[{\"@type\":\"SearchAction\",\"target\":{\"@type\":\"EntryPoint\",\"urlTemplate\":\"https:\\\/\\\/teiaeducation.ch\\\/fr\\\/?s={search_term_string}\"},\"query-input\":{\"@type\":\"PropertyValueSpecification\",\"valueRequired\":true,\"valueName\":\"search_term_string\"}}],\"inLanguage\":\"fr-FR\"},{\"@type\":\"Organization\",\"@id\":\"https:\\\/\\\/teiaeducation.ch\\\/fr\\\/#organization\",\"name\":\"Teia Education & Play\",\"url\":\"https:\\\/\\\/teiaeducation.ch\\\/fr\\\/\",\"logo\":{\"@type\":\"ImageObject\",\"inLanguage\":\"fr-FR\",\"@id\":\"https:\\\/\\\/teiaeducation.ch\\\/fr\\\/#\\\/schema\\\/logo\\\/image\\\/\",\"url\":\"https:\\\/\\\/teiaeducation.ch\\\/wp-content\\\/uploads\\\/2020\\\/11\\\/Teia-Education-Switzerland-e1620156442216.jpg\",\"contentUrl\":\"https:\\\/\\\/teiaeducation.ch\\\/wp-content\\\/uploads\\\/2020\\\/11\\\/Teia-Education-Switzerland-e1620156442216.jpg\",\"width\":166,\"height\":145,\"caption\":\"Teia Education & Play\"},\"image\":{\"@id\":\"https:\\\/\\\/teiaeducation.ch\\\/fr\\\/#\\\/schema\\\/logo\\\/image\\\/\"},\"sameAs\":[\"https:\\\/\\\/www.facebook.com\\\/teiaeducation\\\/\",\"https:\\\/\\\/x.com\\\/EducationTeia\",\"https:\\\/\\\/www.instagram.com\\\/teia.education\\\/\",\"https:\\\/\\\/www.linkedin.com\\\/company\\\/35501660\",\"https:\\\/\\\/www.pinterest.ch\\\/TeiaEducation\\\/\"]}]}<\/script>\n<!-- \/ Yoast SEO Premium plugin. -->","yoast_head_json":{"title":"Boutique Teia Education &amp; Play - Teia Education & Play","description":"Jouets en bois de haute qualit\u00e9, mat\u00e9riel Montessori certifi\u00e9 AMI, fournitures scolaires, jouets et mat\u00e9riel \u00e9ducatifs, mat\u00e9riel de cr\u00e9atifs, livres et meubles.","robots":{"index":"index","follow":"follow","max-snippet":"max-snippet:-1","max-image-preview":"max-image-preview:large","max-video-preview":"max-video-preview:-1"},"canonical":"https:\/\/teiaeducation.ch\/fr\/boutique\/","og_locale":"fr_FR","og_type":"article","og_title":"Boutique Teia Education &amp; Play","og_description":"Jouets en bois de haute qualit\u00e9, mat\u00e9riel Montessori certifi\u00e9 AMI, fournitures scolaires, jouets et mat\u00e9riel \u00e9ducatifs, mat\u00e9riel de cr\u00e9atifs, livres et meubles.","og_url":"https:\/\/teiaeducation.ch\/fr\/boutique\/","og_site_name":"Sustainable Educational Products &amp; Ecological Toys\u00a0","article_publisher":"https:\/\/www.facebook.com\/teiaeducation\/","article_modified_time":"2021-11-09T12:15:43+00:00","og_image":[{"width":1200,"height":800,"url":"https:\/\/teiaeducation.ch\/wp-content\/uploads\/2020\/08\/Nienhuis-Montessori-wooden-3D-grammar-symbols-Teia-Education-Switzerland-scaled-e1649756956353.jpeg","type":"image\/jpeg"}],"schema":{"@context":"https:\/\/schema.org","@graph":[{"@type":"WebPage","@id":"https:\/\/teiaeducation.ch\/fr\/boutique\/","url":"https:\/\/teiaeducation.ch\/fr\/boutique\/","name":"Boutique Teia Education &amp; Play - Teia Education & Play","isPartOf":{"@id":"https:\/\/teiaeducation.ch\/fr\/#website"},"primaryImageOfPage":{"@id":"https:\/\/teiaeducation.ch\/fr\/boutique\/#primaryimage"},"image":{"@id":"https:\/\/teiaeducation.ch\/fr\/boutique\/#primaryimage"},"thumbnailUrl":"https:\/\/teiaeducation.ch\/wp-content\/uploads\/2020\/08\/Nienhuis-Montessori-wooden-3D-grammar-symbols-Teia-Education-Switzerland-scaled-e1649756956353.jpeg","datePublished":"2018-11-12T13:14:23+00:00","dateModified":"2021-11-09T12:15:43+00:00","description":"Jouets en bois de haute qualit\u00e9, mat\u00e9riel Montessori certifi\u00e9 AMI, fournitures scolaires, jouets et mat\u00e9riel \u00e9ducatifs, mat\u00e9riel de cr\u00e9atifs, livres et meubles.","breadcrumb":{"@id":"https:\/\/teiaeducation.ch\/fr\/boutique\/#breadcrumb"},"inLanguage":"fr-FR","potentialAction":[{"@type":"ReadAction","target":["https:\/\/teiaeducation.ch\/fr\/boutique\/"]}]},{"@type":"ImageObject","inLanguage":"fr-FR","@id":"https:\/\/teiaeducation.ch\/fr\/boutique\/#primaryimage","url":"https:\/\/teiaeducation.ch\/wp-content\/uploads\/2020\/08\/Nienhuis-Montessori-wooden-3D-grammar-symbols-Teia-Education-Switzerland-scaled-e1649756956353.jpeg","contentUrl":"https:\/\/teiaeducation.ch\/wp-content\/uploads\/2020\/08\/Nienhuis-Montessori-wooden-3D-grammar-symbols-Teia-Education-Switzerland-scaled-e1649756956353.jpeg","width":1200,"height":800,"caption":"Montessori wood material for the learning of children and children at school"},{"@type":"BreadcrumbList","@id":"https:\/\/teiaeducation.ch\/fr\/boutique\/#breadcrumb","itemListElement":[{"@type":"ListItem","position":1,"name":"Home","item":"https:\/\/teiaeducation.ch\/fr\/"},{"@type":"ListItem","position":2,"name":"Boutique Teia Education &amp; Play"}]},{"@type":"WebSite","@id":"https:\/\/teiaeducation.ch\/fr\/#website","url":"https:\/\/teiaeducation.ch\/fr\/","name":"Sustainable Educational Products &amp; Ecological Toys\u00a0","description":"Specialised Swiss shop selling sustainable educational toys and games, AMI certified Montessori materials, handmade ecological wooden Waldorf toys and arts &amp; crafts supplies, school supplies, children&#039;s furniture and Montessori reference and parenting books.","publisher":{"@id":"https:\/\/teiaeducation.ch\/fr\/#organization"},"alternateName":"Teia Education & Play","potentialAction":[{"@type":"SearchAction","target":{"@type":"EntryPoint","urlTemplate":"https:\/\/teiaeducation.ch\/fr\/?s={search_term_string}"},"query-input":{"@type":"PropertyValueSpecification","valueRequired":true,"valueName":"search_term_string"}}],"inLanguage":"fr-FR"},{"@type":"Organization","@id":"https:\/\/teiaeducation.ch\/fr\/#organization","name":"Teia Education & Play","url":"https:\/\/teiaeducation.ch\/fr\/","logo":{"@type":"ImageObject","inLanguage":"fr-FR","@id":"https:\/\/teiaeducation.ch\/fr\/#\/schema\/logo\/image\/","url":"https:\/\/teiaeducation.ch\/wp-content\/uploads\/2020\/11\/Teia-Education-Switzerland-e1620156442216.jpg","contentUrl":"https:\/\/teiaeducation.ch\/wp-content\/uploads\/2020\/11\/Teia-Education-Switzerland-e1620156442216.jpg","width":166,"height":145,"caption":"Teia Education & Play"},"image":{"@id":"https:\/\/teiaeducation.ch\/fr\/#\/schema\/logo\/image\/"},"sameAs":["https:\/\/www.facebook.com\/teiaeducation\/","https:\/\/x.com\/EducationTeia","https:\/\/www.instagram.com\/teia.education\/","https:\/\/www.linkedin.com\/company\/35501660","https:\/\/www.pinterest.ch\/TeiaEducation\/"]}]}},"_links":{"self":[{"href":"https:\/\/teiaeducation.ch\/fr\/wp-json\/wp\/v2\/pages\/1427","targetHints":{"allow":["GET"]}}],"collection":[{"href":"https:\/\/teiaeducation.ch\/fr\/wp-json\/wp\/v2\/pages"}],"about":[{"href":"https:\/\/teiaeducation.ch\/fr\/wp-json\/wp\/v2\/types\/page"}],"author":[{"embeddable":true,"href":"https:\/\/teiaeducation.ch\/fr\/wp-json\/wp\/v2\/users\/1"}],"replies":[{"embeddable":true,"href":"https:\/\/teiaeducation.ch\/fr\/wp-json\/wp\/v2\/comments?post=1427"}],"version-history":[{"count":0,"href":"https:\/\/teiaeducation.ch\/fr\/wp-json\/wp\/v2\/pages\/1427\/revisions"}],"wp:featuredmedia":[{"embeddable":true,"href":"https:\/\/teiaeducation.ch\/fr\/wp-json\/wp\/v2\/media\/28105"}],"wp:attachment":[{"href":"https:\/\/teiaeducation.ch\/fr\/wp-json\/wp\/v2\/media?parent=1427"}],"curies":[{"name":"wp","href":"https:\/\/api.w.org\/{rel}","templated":true}]}}