{"id":26439,"date":"2020-05-13T20:45:02","date_gmt":"2020-05-13T18:45:02","guid":{"rendered":"https:\/\/teiaeducation.ch\/methodes-de-paiement\/"},"modified":"2025-01-06T15:44:03","modified_gmt":"2025-01-06T14:44:03","slug":"methodes-de-paiement","status":"publish","type":"page","link":"https:\/\/teiaeducation.ch\/fr\/methodes-de-paiement\/","title":{"rendered":"M\u00e9thodes de paiement"},"content":{"rendered":"\n  <div class=\"banner has-hover hide-for-small\" id=\"banner-1568076843\">\n          <div class=\"banner-inner fill\">\n        <div class=\"banner-bg fill\" >\n            <img fetchpriority=\"high\" decoding=\"async\" width=\"800\" height=\"800\" src=\"https:\/\/teiaeducation.ch\/wp-content\/uploads\/2021\/09\/Wooden-numbers-1-10-Flockmen-handmade-wooden-toys1-800x800.jpg\" class=\"bg attachment-large size-large\" alt=\"Chiffres en bois (1-10) - Flockmen jouets en bois faits main\" \/>                                    \n                    <\/div>\n\t\t\n        <div class=\"banner-layers container\">\n            <div class=\"fill banner-link\"><\/div>            \n   <div id=\"text-box-471598875\" class=\"text-box banner-layer x50 md-x50 lg-x50 y50 md-y50 lg-y50 res-text\">\n                                <div class=\"text-box-content text \">\n              \n              <div class=\"text-inner text-center\">\n                  \n<h6 style=\"text-align: center;\">Teia Education &amp; Play<\/h6>\n<h1 class=\"uppercase\" style=\"text-align: center;\"><span style=\"font-size: 90%;\">m\u00e9thodes de paiement<\/span><\/h1>\n              <\/div>\n           <\/div>\n                            \n<style>\n#text-box-471598875 .text-box-content {\n  background-color: rgba(255, 255, 255, 0.77);\n  font-size: 100%;\n}\n#text-box-471598875 .text-inner {\n  padding: 30px 30px 30px 30px;\n}\n#text-box-471598875 {\n  width: 77%;\n}\n@media (min-width:550px) {\n  #text-box-471598875 {\n    width: 60%;\n  }\n}\n<\/style>\n    <\/div>\n \n        <\/div>\n      <\/div>\n\n            \n<style>\n#banner-1568076843 {\n  padding-top: 88px;\n  background-color: rgb(0,0,0);\n}\n#banner-1568076843 .banner-bg img {\n  object-position: 0% 61%;\n}\n@media (min-width:550px) {\n  #banner-1568076843 {\n    padding-top: 300px;\n  }\n}\n<\/style>\n  <\/div>\n\n\n\t<div id=\"gap-1175440104\" class=\"gap-element clearfix\" style=\"display:block; height:auto;\">\n\t\t\n<style>\n#gap-1175440104 {\n  padding-top: 30px;\n}\n<\/style>\n\t<\/div>\n\t\n\t<div id=\"gap-1801167603\" class=\"gap-element clearfix\" style=\"display:block; height:auto;\">\n\t\t\n<style>\n#gap-1801167603 {\n  padding-top: 30px;\n}\n<\/style>\n\t<\/div>\n\t\n<div class=\"row\"  id=\"row-1024153355\">\n\n\t<div id=\"col-831751694\" class=\"col small-12 large-12\"  >\n\t\t\t\t<div class=\"col-inner\"  >\n\t\t\t\n\t\t\t\n<p>Pour votre confort, Teia Education &amp; Play accepte diff\u00e9rents modes de paiement :<\/p>\n<h2>Cartes de cr\u00e9dit et PostFinance<\/h2>\n<p>Nous acceptons les paiements par carte de cr\u00e9dit en ligne de Visa et MasterCard. Nous acceptons \u00e9galement les paiements avec PostFinance Card et PostFinance E-Finance.<\/p>\n<p>Toutes les transactions sont soumises \u00e0 une s\u00e9curit\u00e9 maximale gr\u00e2ce \u00e0 PostFinance 3D Secure et \u00e0 la surveillance du syst\u00e8me 24 heures sur 24 par notre prestataire de services de paiement.<\/p>\n<h2>TWINT<\/h2>\n<p>Nous acceptons les paiements avec TWINT. Payez facilement votre commande en entrant le code court dans l\u2019application TWINT qui s\u2019affiche \u00e0 la caisse.<\/p>\n<div class=\"col-md-4 mb-default-mobile\">\n<h2 class=\"inner\">Virements bancaires<\/h2>\n<\/div>\n<p>Nous acceptons \u00e9galement les virements bancaires. S\u2019il vous pla\u00eet assurez-vous que le paiement nous parvient dans les 5 jours suivant la fin de votre commande et de recevoir la confirmation de commande qui vous est envoy\u00e9e par e-mail. Si votre paiement n\u2019est pas clair dans cette p\u00e9riode, nous vous enverrons un rappel de paiement. Si votre paiement n\u2019a pas \u00e9t\u00e9 autoris\u00e9 dans les deux jours suivant le rappel de paiement, votre commande sera automatiquement annul\u00e9e.<\/p>\n<p>Votre virement bancaire doit inclure les d\u00e9tails d\u2019identification de votre commande, qui sont la date de votre commande et votre num\u00e9ro de commande tel que pr\u00e9vu dans la confirmation de votre commande.<\/p>\n<p>Nos coordonn\u00e9es bancaires pour les transferts sont les suivantes :<\/p>\n<p><strong>Postfinance<\/strong><br \/>IBAN: CH 0809 0000 0015 1733 028<br \/>BIC: POFICHBEXXXXX<br \/>Zihna, Teia Education<br \/>Meinier<\/p>\n<h2>Facture administrative pour les \u00e9coles<\/h2>\n<p>Les commandes des \u00e9coles et des enseignants peuvent \u00eatre pass\u00e9es via notre boutique en ligne, mais nous vous recommandons de nous <a href=\"mailto:in**@***********on.ch\" data-original-string=\"Rbr\/2n5w0xL0\/z\/Fe6ljHQ==7eaTWtZ8mSQDXWyH30lE8rcUWN+Q7mnSYndYJOOodWSMCQ=\" title=\"This contact has been encoded by Anti-Spam by CleanTalk. Click to decode. To finish the decoding make sure that JavaScript is enabled in your browser.\">contacter<\/a> directement pour b\u00e9n\u00e9ficier de nos prix sp\u00e9ciaux, de nos remises et de la possibilit\u00e9 de commander sur facture.<\/p>\n<p>Une facture d\u00e9taill\u00e9e destin\u00e9e \u00e0 l&#8217;administration de l&#8217;\u00e9cole sera fournie pour chaque commande.<\/p>\n<h2>American Express \/ PayPal<\/h2>\n<p>Nous n\u2019acceptons pas les paiements effectu\u00e9s par American Express ou PayPal.<\/p>\n<h2>Exp\u00e9dition de votre commande<\/h2>\n<p>Votre commande sera exp\u00e9di\u00e9e dans les 1-3 jours ouvrables une fois que votre paiement a \u00e9t\u00e9 valid\u00e9.<\/p>\n<p>Nous prendrons tous les pr\u00e9cautions raisonnables, dans la mesure o\u00f9 il est en notre pouvoir de le faire, de garder les d\u00e9tails de votre commande et de paiement s\u00e9curis\u00e9s. Nous n\u2019autorisons pas l\u2019enregistrement des m\u00e9thodes de paiement dans votre compte. Cela garantit que votre carte de cr\u00e9dit ou les d\u00e9tails PostFinance ne sont pas accessibles via notre syst\u00e8me.<\/p>\n\t\t<\/div>\n\t\t\t\t\t<\/div>\n\n\t\n<\/div>\n\t<div id=\"gap-1747109506\" class=\"gap-element clearfix hide-for-small\" style=\"display:block; height:auto;\">\n\t\t\n<style>\n#gap-1747109506 {\n  padding-top: 30px;\n}\n<\/style>\n\t<\/div>\n\t\n<div class=\"row\"  id=\"row-2021510862\">\n\n\t<div id=\"col-587175524\" class=\"col medium-6 small-12 large-6\"  >\n\t\t\t\t<div class=\"col-inner\"  >\n\t\t\t\n\t\t\t\n\n  <div class=\"banner has-hover\" id=\"banner-821495719\">\n          <div class=\"banner-inner fill\">\n        <div class=\"banner-bg fill\" >\n            <img decoding=\"async\" width=\"1020\" height=\"681\" src=\"https:\/\/teiaeducation.ch\/wp-content\/uploads\/2018\/11\/shipping-information-1198x800.jpg\" class=\"bg attachment-large size-large\" alt=\"informations sur la livraison\" \/>                                    \n                    <\/div>\n\t\t\n        <div class=\"banner-layers container\">\n            <a class=\"fill\" href=\"https:\/\/teiaeducation.ch\/fr\/livraison\/\"><div class=\"fill banner-link\"><\/div><\/a>            \n   <div id=\"text-box-1998763688\" class=\"text-box banner-layer x50 md-x50 lg-x50 y50 md-y50 lg-y50 res-text\">\n                                <div class=\"text-box-content text \">\n              \n              <div class=\"text-inner text-center\">\n                  \n<h3 class=\"uppercase\"><strong>informations sur la livraison<\/strong><\/h3>\n              <\/div>\n           <\/div>\n                            \n<style>\n#text-box-1998763688 .text-box-content {\n  background-color: rgba(255, 255, 255, 0.77);\n  font-size: 100%;\n}\n#text-box-1998763688 .text-inner {\n  padding: 15px 15px 15px 15px;\n}\n#text-box-1998763688 {\n  width: 60%;\n}\n<\/style>\n    <\/div>\n \n        <\/div>\n      <\/div>\n\n            \n<style>\n#banner-821495719 {\n  padding-top: 125px;\n  background-color: rgb(255,255,255);\n}\n<\/style>\n  <\/div>\n\n\n\t\t<\/div>\n\t\t\t\t\t<\/div>\n\n\t\n\n\t<div id=\"col-1627420074\" class=\"col medium-6 small-12 large-6\"  >\n\t\t\t\t<div class=\"col-inner\"  >\n\t\t\t\n\t\t\t\n\n  <div class=\"banner has-hover\" id=\"banner-1566080649\">\n          <div class=\"banner-inner fill\">\n        <div class=\"banner-bg fill\" >\n            <img decoding=\"async\" width=\"533\" height=\"800\" src=\"https:\/\/teiaeducation.ch\/wp-content\/uploads\/2021\/11\/Teia-Education-Play-terms-conditions-533x800.jpg\" class=\"bg attachment-large size-large\" alt=\"Teia Education &amp; Play terms &amp; conditions\" \/>                                    \n                    <\/div>\n\t\t\n        <div class=\"banner-layers container\">\n            <a class=\"fill\" href=\"https:\/\/teiaeducation.ch\/fr\/conditions-generales-de-vente\/\"><div class=\"fill banner-link\"><\/div><\/a>            \n   <div id=\"text-box-1913997412\" class=\"text-box banner-layer x50 md-x50 lg-x50 y50 md-y50 lg-y50 res-text\">\n                                <div class=\"text-box-content text \">\n              \n              <div class=\"text-inner text-center\">\n                  \n<h3 class=\"uppercase\"><strong>conditions g\u00e9n\u00e9rales<\/strong><\/h3>\n              <\/div>\n           <\/div>\n                            \n<style>\n#text-box-1913997412 .text-box-content {\n  background-color: rgba(255, 255, 255, 0.77);\n  font-size: 100%;\n}\n#text-box-1913997412 .text-inner {\n  padding: 15px 15px 15px 15px;\n}\n#text-box-1913997412 {\n  width: 60%;\n}\n<\/style>\n    <\/div>\n \n        <\/div>\n      <\/div>\n\n            \n<style>\n#banner-1566080649 {\n  padding-top: 125px;\n  background-color: rgb(255,255,255);\n}\n#banner-1566080649 .banner-bg img {\n  object-position: 0% 85%;\n}\n<\/style>\n  <\/div>\n\n\n\t\t<\/div>\n\t\t\t\t\t<\/div>\n\n\t\n\n\t<div id=\"col-1649632278\" class=\"col medium-6 small-12 large-6\"  >\n\t\t\t\t<div class=\"col-inner\"  >\n\t\t\t\n\t\t\t\n\n  <div class=\"banner has-hover\" id=\"banner-700843748\">\n          <div class=\"banner-inner fill\">\n        <div class=\"banner-bg fill\" >\n            <img loading=\"lazy\" decoding=\"async\" width=\"1020\" height=\"765\" src=\"https:\/\/teiaeducation.ch\/wp-content\/uploads\/2018\/11\/faq-1-1067x800.jpg\" class=\"bg attachment-large size-large\" alt=\"faq\" \/>                                    \n                    <\/div>\n\t\t\n        <div class=\"banner-layers container\">\n            <a class=\"fill\" href=\"https:\/\/teiaeducation.ch\/fr\/faq\/\"><div class=\"fill banner-link\"><\/div><\/a>            \n   <div id=\"text-box-2115986014\" class=\"text-box banner-layer x50 md-x50 lg-x50 y50 md-y50 lg-y50 res-text\">\n                                <div class=\"text-box-content text \">\n              \n              <div class=\"text-inner text-center\">\n                  \n<h3 class=\"uppercase\"><strong>FAQ<\/strong><\/h3>\n              <\/div>\n           <\/div>\n                            \n<style>\n#text-box-2115986014 .text-box-content {\n  background-color: rgba(255, 255, 255, 0.77);\n  font-size: 100%;\n}\n#text-box-2115986014 .text-inner {\n  padding: 15px 15px 15px 15px;\n}\n#text-box-2115986014 {\n  width: 60%;\n}\n<\/style>\n    <\/div>\n \n        <\/div>\n      <\/div>\n\n            \n<style>\n#banner-700843748 {\n  padding-top: 125px;\n  background-color: rgb(255,255,255);\n}\n<\/style>\n  <\/div>\n\n\n\t\t<\/div>\n\t\t\t\t\t<\/div>\n\n\t\n\n\t<div id=\"col-880838002\" class=\"col medium-6 small-12 large-6\"  >\n\t\t\t\t<div class=\"col-inner\"  >\n\t\t\t\n\t\t\t\n\n  <div class=\"banner has-hover\" id=\"banner-710664205\">\n          <div class=\"banner-inner fill\">\n        <div class=\"banner-bg fill\" >\n            <img loading=\"lazy\" decoding=\"async\" width=\"1000\" height=\"665\" src=\"https:\/\/teiaeducation.ch\/wp-content\/uploads\/2021\/03\/Contact-Us-Teia-Education-Switzerland.jpeg\" class=\"bg attachment-large size-large\" alt=\"Contact Us - Teia Education &amp; Play\" \/>                                    \n                    <\/div>\n\t\t\n        <div class=\"banner-layers container\">\n            <a class=\"fill\" href=\"https:\/\/teiaeducation.ch\/fr\/contact-us\/\"><div class=\"fill banner-link\"><\/div><\/a>            \n   <div id=\"text-box-1418417170\" class=\"text-box banner-layer x50 md-x50 lg-x50 y50 md-y50 lg-y50 res-text\">\n                                <div class=\"text-box-content text \">\n              \n              <div class=\"text-inner text-center\">\n                  \n<h3 class=\"uppercase\"><strong>contactez-nous<\/strong><\/h3>\n              <\/div>\n           <\/div>\n                            \n<style>\n#text-box-1418417170 .text-box-content {\n  background-color: rgba(255, 255, 255, 0.77);\n  font-size: 100%;\n}\n#text-box-1418417170 .text-inner {\n  padding: 15px 15px 15px 15px;\n}\n#text-box-1418417170 {\n  width: 60%;\n}\n<\/style>\n    <\/div>\n \n        <\/div>\n      <\/div>\n\n            \n<style>\n#banner-710664205 {\n  padding-top: 125px;\n  background-color: rgb(255,255,255);\n}\n#banner-710664205 .banner-bg img {\n  object-position: 0% 74%;\n}\n<\/style>\n  <\/div>\n\n\n\t\t<\/div>\n\t\t\t\t\t<\/div>\n\n\t\n<\/div>\n\t<div id=\"gap-1627735879\" class=\"gap-element clearfix hide-for-small\" style=\"display:block; height:auto;\">\n\t\t\n<style>\n#gap-1627735879 {\n  padding-top: 30px;\n}\n<\/style>\n\t<\/div>\n\t\n","protected":false},"excerpt":{"rendered":"","protected":false},"author":1,"featured_media":0,"parent":0,"menu_order":0,"comment_status":"closed","ping_status":"closed","template":"page-blank.php","meta":{"footnotes":""},"class_list":["post-26439","page","type-page","status-publish","hentry"],"yoast_head":"<!-- This site is optimized with the Yoast SEO Premium plugin v25.8 (Yoast SEO v27.4) - https:\/\/yoast.com\/product\/yoast-seo-premium-wordpress\/ -->\n<title>M\u00e9thodes de paiement | Jouets et mat\u00e9riel Montessori pour enfants<\/title>\n<meta name=\"description\" content=\"Si vous \u00eates un \u00e9ducateur ou un parent, l&#039;achat de notre gamme de jouets et de mat\u00e9riel \u00e9ducatif est facile gr\u00e2ce aux nombreuses options de paiement disponibles.\" \/>\n<meta name=\"robots\" content=\"index, follow, max-snippet:-1, max-image-preview:large, max-video-preview:-1\" \/>\n<link rel=\"canonical\" href=\"https:\/\/teiaeducation.ch\/fr\/methodes-de-paiement\/\" \/>\n<meta property=\"og:locale\" content=\"fr_FR\" \/>\n<meta property=\"og:type\" content=\"article\" \/>\n<meta property=\"og:title\" content=\"M\u00e9thodes de paiement\" \/>\n<meta property=\"og:description\" content=\"Si vous \u00eates un \u00e9ducateur ou un parent, l&#039;achat de notre gamme de jouets et de mat\u00e9riel \u00e9ducatif est facile gr\u00e2ce aux nombreuses options de paiement disponibles.\" \/>\n<meta property=\"og:url\" content=\"https:\/\/teiaeducation.ch\/fr\/methodes-de-paiement\/\" \/>\n<meta property=\"og:site_name\" content=\"Sustainable Educational Products &amp; Ecological Toys\u00a0\" \/>\n<meta property=\"article:publisher\" content=\"https:\/\/www.facebook.com\/teiaeducation\/\" \/>\n<meta property=\"article:modified_time\" content=\"2025-01-06T14:44:03+00:00\" \/>\n<meta property=\"og:image\" content=\"https:\/\/teiaeducation.ch\/wp-content\/uploads\/2020\/02\/Art-20-212_IMG_0117-Joguines-Grapat.jpg\" \/>\n\t<meta property=\"og:image:width\" content=\"1618\" \/>\n\t<meta property=\"og:image:height\" content=\"1080\" \/>\n\t<meta property=\"og:image:type\" content=\"image\/jpeg\" \/>\n<script type=\"application\/ld+json\" class=\"yoast-schema-graph\">{\"@context\":\"https:\\\/\\\/schema.org\",\"@graph\":[{\"@type\":\"WebPage\",\"@id\":\"https:\\\/\\\/teiaeducation.ch\\\/fr\\\/methodes-de-paiement\\\/\",\"url\":\"https:\\\/\\\/teiaeducation.ch\\\/fr\\\/methodes-de-paiement\\\/\",\"name\":\"M\u00e9thodes de paiement | Jouets et mat\u00e9riel Montessori pour enfants\",\"isPartOf\":{\"@id\":\"https:\\\/\\\/teiaeducation.ch\\\/fr\\\/#website\"},\"datePublished\":\"2020-05-13T18:45:02+00:00\",\"dateModified\":\"2025-01-06T14:44:03+00:00\",\"description\":\"Si vous \u00eates un \u00e9ducateur ou un parent, l'achat de notre gamme de jouets et de mat\u00e9riel \u00e9ducatif est facile gr\u00e2ce aux nombreuses options de paiement disponibles.\",\"breadcrumb\":{\"@id\":\"https:\\\/\\\/teiaeducation.ch\\\/fr\\\/methodes-de-paiement\\\/#breadcrumb\"},\"inLanguage\":\"fr-FR\",\"potentialAction\":[{\"@type\":\"ReadAction\",\"target\":[\"https:\\\/\\\/teiaeducation.ch\\\/fr\\\/methodes-de-paiement\\\/\"]}]},{\"@type\":\"BreadcrumbList\",\"@id\":\"https:\\\/\\\/teiaeducation.ch\\\/fr\\\/methodes-de-paiement\\\/#breadcrumb\",\"itemListElement\":[{\"@type\":\"ListItem\",\"position\":1,\"name\":\"Home\",\"item\":\"https:\\\/\\\/teiaeducation.ch\\\/fr\\\/\"},{\"@type\":\"ListItem\",\"position\":2,\"name\":\"M\u00e9thodes de paiement\"}]},{\"@type\":\"WebSite\",\"@id\":\"https:\\\/\\\/teiaeducation.ch\\\/fr\\\/#website\",\"url\":\"https:\\\/\\\/teiaeducation.ch\\\/fr\\\/\",\"name\":\"Sustainable Educational Products &amp; Ecological Toys\u00a0\",\"description\":\"Specialised Swiss shop selling sustainable educational toys and games, AMI certified Montessori materials, handmade ecological wooden Waldorf toys and arts &amp; crafts supplies, school supplies, children&#039;s furniture and Montessori reference and parenting books.\",\"publisher\":{\"@id\":\"https:\\\/\\\/teiaeducation.ch\\\/fr\\\/#organization\"},\"alternateName\":\"Teia Education & Play\",\"potentialAction\":[{\"@type\":\"SearchAction\",\"target\":{\"@type\":\"EntryPoint\",\"urlTemplate\":\"https:\\\/\\\/teiaeducation.ch\\\/fr\\\/?s={search_term_string}\"},\"query-input\":{\"@type\":\"PropertyValueSpecification\",\"valueRequired\":true,\"valueName\":\"search_term_string\"}}],\"inLanguage\":\"fr-FR\"},{\"@type\":\"Organization\",\"@id\":\"https:\\\/\\\/teiaeducation.ch\\\/fr\\\/#organization\",\"name\":\"Teia Education & Play\",\"url\":\"https:\\\/\\\/teiaeducation.ch\\\/fr\\\/\",\"logo\":{\"@type\":\"ImageObject\",\"inLanguage\":\"fr-FR\",\"@id\":\"https:\\\/\\\/teiaeducation.ch\\\/fr\\\/#\\\/schema\\\/logo\\\/image\\\/\",\"url\":\"https:\\\/\\\/teiaeducation.ch\\\/wp-content\\\/uploads\\\/2020\\\/11\\\/Teia-Education-Switzerland-e1620156442216.jpg\",\"contentUrl\":\"https:\\\/\\\/teiaeducation.ch\\\/wp-content\\\/uploads\\\/2020\\\/11\\\/Teia-Education-Switzerland-e1620156442216.jpg\",\"width\":166,\"height\":145,\"caption\":\"Teia Education & Play\"},\"image\":{\"@id\":\"https:\\\/\\\/teiaeducation.ch\\\/fr\\\/#\\\/schema\\\/logo\\\/image\\\/\"},\"sameAs\":[\"https:\\\/\\\/www.facebook.com\\\/teiaeducation\\\/\",\"https:\\\/\\\/x.com\\\/EducationTeia\",\"https:\\\/\\\/www.instagram.com\\\/teia.education\\\/\",\"https:\\\/\\\/www.linkedin.com\\\/company\\\/35501660\",\"https:\\\/\\\/www.pinterest.ch\\\/TeiaEducation\\\/\"]}]}<\/script>\n<!-- \/ Yoast SEO Premium plugin. -->","yoast_head_json":{"title":"M\u00e9thodes de paiement | Jouets et mat\u00e9riel Montessori pour enfants","description":"Si vous \u00eates un \u00e9ducateur ou un parent, l'achat de notre gamme de jouets et de mat\u00e9riel \u00e9ducatif est facile gr\u00e2ce aux nombreuses options de paiement disponibles.","robots":{"index":"index","follow":"follow","max-snippet":"max-snippet:-1","max-image-preview":"max-image-preview:large","max-video-preview":"max-video-preview:-1"},"canonical":"https:\/\/teiaeducation.ch\/fr\/methodes-de-paiement\/","og_locale":"fr_FR","og_type":"article","og_title":"M\u00e9thodes de paiement","og_description":"Si vous \u00eates un \u00e9ducateur ou un parent, l'achat de notre gamme de jouets et de mat\u00e9riel \u00e9ducatif est facile gr\u00e2ce aux nombreuses options de paiement disponibles.","og_url":"https:\/\/teiaeducation.ch\/fr\/methodes-de-paiement\/","og_site_name":"Sustainable Educational Products &amp; Ecological Toys\u00a0","article_publisher":"https:\/\/www.facebook.com\/teiaeducation\/","article_modified_time":"2025-01-06T14:44:03+00:00","og_image":[{"width":1618,"height":1080,"url":"https:\/\/teiaeducation.ch\/wp-content\/uploads\/2020\/02\/Art-20-212_IMG_0117-Joguines-Grapat.jpg","type":"image\/jpeg"}],"schema":{"@context":"https:\/\/schema.org","@graph":[{"@type":"WebPage","@id":"https:\/\/teiaeducation.ch\/fr\/methodes-de-paiement\/","url":"https:\/\/teiaeducation.ch\/fr\/methodes-de-paiement\/","name":"M\u00e9thodes de paiement | Jouets et mat\u00e9riel Montessori pour enfants","isPartOf":{"@id":"https:\/\/teiaeducation.ch\/fr\/#website"},"datePublished":"2020-05-13T18:45:02+00:00","dateModified":"2025-01-06T14:44:03+00:00","description":"Si vous \u00eates un \u00e9ducateur ou un parent, l'achat de notre gamme de jouets et de mat\u00e9riel \u00e9ducatif est facile gr\u00e2ce aux nombreuses options de paiement disponibles.","breadcrumb":{"@id":"https:\/\/teiaeducation.ch\/fr\/methodes-de-paiement\/#breadcrumb"},"inLanguage":"fr-FR","potentialAction":[{"@type":"ReadAction","target":["https:\/\/teiaeducation.ch\/fr\/methodes-de-paiement\/"]}]},{"@type":"BreadcrumbList","@id":"https:\/\/teiaeducation.ch\/fr\/methodes-de-paiement\/#breadcrumb","itemListElement":[{"@type":"ListItem","position":1,"name":"Home","item":"https:\/\/teiaeducation.ch\/fr\/"},{"@type":"ListItem","position":2,"name":"M\u00e9thodes de paiement"}]},{"@type":"WebSite","@id":"https:\/\/teiaeducation.ch\/fr\/#website","url":"https:\/\/teiaeducation.ch\/fr\/","name":"Sustainable Educational Products &amp; Ecological Toys\u00a0","description":"Specialised Swiss shop selling sustainable educational toys and games, AMI certified Montessori materials, handmade ecological wooden Waldorf toys and arts &amp; crafts supplies, school supplies, children&#039;s furniture and Montessori reference and parenting books.","publisher":{"@id":"https:\/\/teiaeducation.ch\/fr\/#organization"},"alternateName":"Teia Education & Play","potentialAction":[{"@type":"SearchAction","target":{"@type":"EntryPoint","urlTemplate":"https:\/\/teiaeducation.ch\/fr\/?s={search_term_string}"},"query-input":{"@type":"PropertyValueSpecification","valueRequired":true,"valueName":"search_term_string"}}],"inLanguage":"fr-FR"},{"@type":"Organization","@id":"https:\/\/teiaeducation.ch\/fr\/#organization","name":"Teia Education & Play","url":"https:\/\/teiaeducation.ch\/fr\/","logo":{"@type":"ImageObject","inLanguage":"fr-FR","@id":"https:\/\/teiaeducation.ch\/fr\/#\/schema\/logo\/image\/","url":"https:\/\/teiaeducation.ch\/wp-content\/uploads\/2020\/11\/Teia-Education-Switzerland-e1620156442216.jpg","contentUrl":"https:\/\/teiaeducation.ch\/wp-content\/uploads\/2020\/11\/Teia-Education-Switzerland-e1620156442216.jpg","width":166,"height":145,"caption":"Teia Education & Play"},"image":{"@id":"https:\/\/teiaeducation.ch\/fr\/#\/schema\/logo\/image\/"},"sameAs":["https:\/\/www.facebook.com\/teiaeducation\/","https:\/\/x.com\/EducationTeia","https:\/\/www.instagram.com\/teia.education\/","https:\/\/www.linkedin.com\/company\/35501660","https:\/\/www.pinterest.ch\/TeiaEducation\/"]}]}},"_links":{"self":[{"href":"https:\/\/teiaeducation.ch\/fr\/wp-json\/wp\/v2\/pages\/26439","targetHints":{"allow":["GET"]}}],"collection":[{"href":"https:\/\/teiaeducation.ch\/fr\/wp-json\/wp\/v2\/pages"}],"about":[{"href":"https:\/\/teiaeducation.ch\/fr\/wp-json\/wp\/v2\/types\/page"}],"author":[{"embeddable":true,"href":"https:\/\/teiaeducation.ch\/fr\/wp-json\/wp\/v2\/users\/1"}],"replies":[{"embeddable":true,"href":"https:\/\/teiaeducation.ch\/fr\/wp-json\/wp\/v2\/comments?post=26439"}],"version-history":[{"count":0,"href":"https:\/\/teiaeducation.ch\/fr\/wp-json\/wp\/v2\/pages\/26439\/revisions"}],"wp:attachment":[{"href":"https:\/\/teiaeducation.ch\/fr\/wp-json\/wp\/v2\/media?parent=26439"}],"curies":[{"name":"wp","href":"https:\/\/api.w.org\/{rel}","templated":true}]}}