{"id":41682,"date":"2021-11-23T09:52:10","date_gmt":"2021-11-23T08:52:10","guid":{"rendered":"https:\/\/teiaeducation.ch\/fournitures-scolaires\/fournitures-pour-les-ecoles-montessori\/"},"modified":"2022-01-11T09:26:35","modified_gmt":"2022-01-11T08:26:35","slug":"fournitures-pour-les-ecoles-montessori","status":"publish","type":"page","link":"https:\/\/teiaeducation.ch\/fr\/fournitures-scolaires\/fournitures-pour-les-ecoles-montessori\/","title":{"rendered":"Fournitures pour les \u00e9coles Montessori"},"content":{"rendered":"\n  <div class=\"banner has-hover hide-for-small\" id=\"banner-1792373724\">\n          <div class=\"banner-inner fill\">\n        <div class=\"banner-bg fill\" >\n            <img fetchpriority=\"high\" decoding=\"async\" width=\"1020\" height=\"574\" src=\"https:\/\/teiaeducation.ch\/wp-content\/uploads\/2020\/08\/Montessori-school-1400x788.jpg\" class=\"bg attachment-large size-large\" alt=\"Montessori school\" \/>                                    \n                    <\/div>\n\t\t\n        <div class=\"banner-layers container\">\n            <div class=\"fill banner-link\"><\/div>            \n\n   <div id=\"text-box-437209143\" class=\"text-box banner-layer x50 md-x50 lg-x50 y50 md-y50 lg-y50 res-text\">\n                                <div class=\"text-box-content text \">\n              \n              <div class=\"text-inner text-center\">\n                  \n\n<h6 style=\"text-align: center;\">Teia Education &amp; play<\/h6>\n<h1 class=\"uppercase\" style=\"text-align: center;\"><span style=\"font-size: 90%;\">\u00e9COLES Montessori<\/span><\/h1>\n\n              <\/div>\n           <\/div>\n                            \n<style>\n#text-box-437209143 .text-box-content {\n  background-color: rgba(255, 255, 255, 0.77);\n  font-size: 100%;\n}\n#text-box-437209143 .text-inner {\n  padding: 30px 30px 18px 30px;\n}\n#text-box-437209143 {\n  width: 77%;\n}\n@media (min-width:550px) {\n  #text-box-437209143 {\n    width: 60%;\n  }\n}\n<\/style>\n    <\/div>\n \n\n        <\/div>\n      <\/div>\n\n            \n<style>\n#banner-1792373724 {\n  padding-top: 88px;\n  background-color: rgb(0,0,0);\n}\n#banner-1792373724 .banner-bg img {\n  object-position: 0% 54%;\n}\n@media (min-width:550px) {\n  #banner-1792373724 {\n    padding-top: 300px;\n  }\n}\n<\/style>\n  <\/div>\n\n\n\t<div id=\"gap-884838673\" class=\"gap-element clearfix hide-for-small\" style=\"display:block; height:auto;\">\n\t\t\n<style>\n#gap-884838673 {\n  padding-top: 30px;\n}\n<\/style>\n\t<\/div>\n\t\n\t<div id=\"gap-424037092\" class=\"gap-element clearfix\" style=\"display:block; height:auto;\">\n\t\t\n<style>\n#gap-424037092 {\n  padding-top: 30px;\n}\n<\/style>\n\t<\/div>\n\t\n<div class=\"row\"  id=\"row-1077367766\">\n\n\t<div id=\"col-988429436\" class=\"col small-12 large-12\"  >\n\t\t\t\t<div class=\"col-inner\"  >\n\t\t\t\n\t\t\t\n<h2>Fournitures pour les \u00e9coles Montessori<\/h2>\n<p>Chez Teia Education &amp; Play, nous fournissons les \u00e9coles Montessori, des enseignants de structures \u00e9ducatives publiques et priv\u00e9es et des consultants avec du mat\u00e9riel Montessori certifi\u00e9 AMI de Nienhuis et Gonzagarredi &#8211; pas seulement en Suisse mais dans le monde entier !<\/p>\n<h2>Pourquoi travailler avec nous ?<\/h2>\n<p>Nous nous effor\u00e7ons de fournir des conseils d&#8217;experts, un excellent service \u00e0 la client\u00e8le et nous sommes le magasin Montessori officiel suisse et le distributeur phare de Heutink International, y compris leurs marques mondialement connues marques <a href=\"https:\/\/teiaeducation.ch\/fr\/categorie-produit\/marques\/nienhuis-montessori-materiel-fr\/\">Nienhuis Montessori<\/a> et <a href=\"https:\/\/teiaeducation.ch\/fr\/categorie-produit\/marques\/gonzagarredi-montessori-fr\/\">Gonzagarredi Montessori<\/a>, qui sont certifi\u00e9es par l&#8217;Association Montessori Internationale (<a href=\"https:\/\/montessori-ami.org\">AMI<\/a>).<\/p>\n<p>Notre mat\u00e9riel, nos meubles et nos supports p\u00e9dagogiques <a href=\"https:\/\/teiaeducation.ch\/fr\/categorie-produit\/methode-deducation\/montessori-fr\/\">Montessori<\/a> originaux et de haute qualit\u00e9 sont garantis pour r\u00e9pondre aux exigences de la m\u00e9thode \u00e9ducative de Maria Montessori en mati\u00e8re d&#8217;apprentissage spontan\u00e9 et constituent le choix naturel des \u00e9coles Montessori et de nombreux autres types de structures \u00e9ducatives.<\/p>\n<p>Le mat\u00e9riel Montessori est \u00e9galement parfaitement adapt\u00e9 pour soutenir les environnements th\u00e9rapeutiques ; en fait, nous fournissons \u00e9galement des \u00e9coles \u00e0 besoins \u00e9ducatifs sp\u00e9ciaux accueillant des enfants pr\u00e9sentant une d\u00e9ficience intellectuelle mod\u00e9r\u00e9e \u00e0 profonde, des psychologues et des psychiatres (pour enfants), ainsi que des maisons de retraite et de soins (\u201cMontessori pour les personnes \u00e2g\u00e9es\u201d).<\/p>\n<p>Outre la gamme compl\u00e8te de mat\u00e9riel certifi\u00e9 AMI de Nienhuis et Gonzagarredi, nous fournissons un assortiment soigneusement s\u00e9lectionn\u00e9 de <a href=\"https:\/\/teiaeducation.ch\/fr\/categorie-produit\/domaines-du-curriculum\/\">mat\u00e9riel \u00e9ducatif<\/a> et d&#8217;apprentissage de haute qualit\u00e9, de <a href=\"https:\/\/teiaeducation.ch\/fr\/categorie-produit\/jouer\/\">jouets<\/a>, de puzzles, de figurines et de fournitures cr\u00e9atives pour compl\u00e9ter tout environnement Montessori pr\u00e9par\u00e9.<\/p>\n<p>Nous serons heureux d&#8217;ouvrir un compte pour vous et de vous donner acc\u00e8s \u00e0 notre portail scolaire o\u00f9 vous pourrez t\u00e9l\u00e9charger les catalogues et les listes de prix de nos marques.<\/p>\n<h2>Remise et livraison gratuite<\/h2>\n<p>Nous proposons des prix sp\u00e9ciaux et des remises aux \u00e9tablissements \u00e9ducatifs Montessori du monde entier et vous b\u00e9n\u00e9ficierez \u00e9galement des offres sp\u00e9ciales que nous n\u00e9gocions tout au long de l&#8217;ann\u00e9e avec nos fournisseurs.<\/p>\n<p>La livraison gratuite est offerte (en Suisse uniquement) pour les commandes de 120 francs suisses et plus. Cela inclut \u00e9galement les meubles ne d\u00e9passant pas 30 kilogrammes.<\/p>\n<h2>Fournisseur certifi\u00e9<\/h2>\n<p>Nous sommes membres de l&#8217;Association Montessori Suisse (<a href=\"https:\/\/www.montessori-suisse.ch\/\">AMS<\/a>) et soutenons activement la protection du nom Montessori en Suisse et toute institution ou personne qui vise \u00e0 r\u00e9pondre aux crit\u00e8res de qualit\u00e9 de la p\u00e9dagogie Montessori.<\/p>\n<p>Pour une plus grande tranquillit\u00e9 d&#8217;esprit, nous avons \u00e9t\u00e9 pr\u00e9-approuv\u00e9s par le d\u00e9partement des achats de plusieurs cantons suisses et avons des accords en place pour fournir les \u00e9coles publiques et les enseignants :<\/p>\n<p>Teia Education &amp; Play est fournisseur officiel de la centrale commune d&#8217;achats (<a href=\"https:\/\/ge.ch\/annuaire\/service\/2317\">CCA<\/a>) du canton de Gen\u00e8ve ainsi que de la direction des achats et de la logistique (<a href=\"https:\/\/www.vd.ch\/toutes-les-autorites\/departements\/departement-des-finances-et-des-relations-exterieures-dfire\/direction-generale-des-immeubles-et-du-patrimoine-dgip\/dal\/\">DAL<\/a>) du canton de Vaud.<\/p>\n<p>Notre gamme de mat\u00e9riel \u00e9ducatif et de jouets de d\u00e9veloppement est reconnue par le d\u00e9partement de l\u2019instruction publique, de la formation et de la jeunesse (<a href=\"https:\/\/www.ge.ch\/organisation\/departement-instruction-publique-formation-jeunesse-dip\">DIP<\/a>) ainsi que par le service de l\u2019enseignement priv\u00e9 (<a href=\"https:\/\/www.ge.ch\/organisation\/service-enseignement-prive\">SEP<\/a>), canton de Gen\u00e8ve.<\/p>\n<h2>Facture administrative pour les \u00e9coles<\/h2>\n<p>Les commandes des \u00e9coles et des enseignants peuvent \u00eatre pass\u00e9es via notre boutique en ligne, mais nous vous recommandons de nous <a href=\"mailto:in**@***********on.ch\" data-original-string=\"5skwxoi5kxzd3VaeCCXXjw==7eaygDG5QXR3B3JqdVzecjWtFpC0bp4dw2WOjMCOnF1uwI=\" title=\"This contact has been encoded by Anti-Spam by CleanTalk. Click to decode. To finish the decoding make sure that JavaScript is enabled in your browser.\">contacter<\/a> directement pour b\u00e9n\u00e9ficier de nos prix sp\u00e9ciaux, de nos remises et de la possibilit\u00e9 de commander sur facture.<\/p>\n<p>Une facture d\u00e9taill\u00e9e destin\u00e9e \u00e0 l&#8217;administration de l&#8217;\u00e9cole sera fournie pour chaque commande.<\/p>\n<h2>Meubles Montessori<\/h2>\n<p>Avec le bon ameublement et les bonnes solutions de rangement, une salle de classe ou un environnement d&#8217;apprentissage pr\u00e9par\u00e9 devient un lieu o\u00f9 les enfants peuvent se sentir chez eux, apprendre, se d\u00e9velopper et s&#8217;\u00e9panouir.<\/p>\n<p>Nos <a href=\"https:\/\/teiaeducation.ch\/fr\/categorie-produit\/materiel-indispensable\/meubles-rangement\/\">meubles<\/a> Montessori sont sp\u00e9cialement con\u00e7us pour s&#8217;adapter \u00e0 la taille de l&#8217;enfant et lui permettre de d\u00e9velopper son ind\u00e9pendance. Nous proposons une gamme compl\u00e8te de meubles pour les enfants en bas \u00e2ge, la petite enfance et l&#8217;\u00e9cole primaire des marques certifi\u00e9es AMI Nienhuis et Gonzagarredi.<\/p>\n<h2>Laissez-nous concevoir votre salle de classe !<\/h2>\n<p>Vous ouvrez une \u00e9cole Montessori, vous cherchez \u00e0 mettre en place un environnement d&#8217;apprentissage d&#8217;inspiration Montessori ou \u00e0 rafra\u00eechir des ressources existantes ?<\/p>\n<p>En coop\u00e9ration avec nos marques Gonzagarredi et Nienhuis Montessori, nous proposons un nouveau concept passionnant &#8211; une salle de classe personnalis\u00e9e utilisant la technologie 2D\/3D, con\u00e7ue et cr\u00e9\u00e9e exclusivement pour r\u00e9pondre \u00e0 vos besoins en utilisant des meubles et des solutions de rangement de la meilleure qualit\u00e9.<\/p>\n<p>Il s\u2019agit d\u2019un service totalement gratuit et nous pouvons vous fournir un devis sans engagement. Veuillez nous <a href=\"https:\/\/teiaeducation.ch\/fr\/contact-us\/\">contacter<\/a> pour plus de d\u00e9tails.<\/p>\n<h2>Livres de r\u00e9f\u00e9rence et de formation Montessori AMI<\/h2>\n<p>Pour les enseignants Montessori et les \u00e9tudiants des cours de dipl\u00f4me et de certificat AMI, nous proposons une vaste biblioth\u00e8que de tous les <a href=\"https:\/\/teiaeducation.ch\/fr\/categorie-produit\/appui-au-curriculum\/livres-appui-au-curriculum\/livres-montessori\/\">livres Montessori<\/a> distribu\u00e9s par Nienhuis Montessori ainsi que les livres et les \u00e9crits in\u00e9dits du Dr Maria Montessori publi\u00e9s par la Montessori-Pierson Publishing Company.<\/p>\n<h2>Devis gratuit<\/h2>\n<p>Nous proposons de nombreux services adapt\u00e9s \u00e0 vos besoins individuels. Si vous souhaitez discuter de la mani\u00e8re dont nous pouvons \u00eatre au service de votre \u00e9tablissement scolaire ou recevoir une liste de prix de nos marques, un devis d\u00e9taill\u00e9 sans engagement ou un plan personnalis\u00e9 pour votre classe, n\u2019h\u00e9sitez pas \u00e0 nous contacter.<\/p>\n<p>Une fois les restrictions de d\u00e9placement lev\u00e9es, nous serons heureux de visiter votre \u00e9tablissement et de faire une d\u00e9monstration de nos produits (en Suisse uniquement). En attendant, nous pouvons organiser des r\u00e9unions et des d\u00e9monstrations par vid\u00e9oconf\u00e9rence.<\/p>\n<p>Nous parlons couramment fran\u00e7ais, anglais, n\u00e9erlandais et allemand interm\u00e9diaire.<\/p>\n\t\t<\/div>\n\t\t\t\t\t<\/div>\n\n\t\n<\/div>\n","protected":false},"excerpt":{"rendered":"","protected":false},"author":1,"featured_media":30028,"parent":4273,"menu_order":0,"comment_status":"closed","ping_status":"closed","template":"page-blank.php","meta":{"footnotes":""},"class_list":["post-41682","page","type-page","status-publish","has-post-thumbnail","hentry"],"yoast_head":"<!-- This site is optimized with the Yoast SEO Premium plugin v25.8 (Yoast SEO v27.4) - https:\/\/yoast.com\/product\/yoast-seo-premium-wordpress\/ -->\n<title>Fournisseur de mat\u00e9riel sp\u00e9cialis\u00e9 pour les \u00e9coles Montessori et primaires<\/title>\n<meta name=\"description\" content=\"Fournisseur sp\u00e9cialis\u00e9 pour \u00e9coles Montessori et structures \u00e9ducatives avec du mat\u00e9riel Montessori certifi\u00e9 AMI de Nienhuis et Gonzagarredi.\" \/>\n<meta name=\"robots\" content=\"index, follow, max-snippet:-1, max-image-preview:large, max-video-preview:-1\" \/>\n<link rel=\"canonical\" href=\"https:\/\/teiaeducation.ch\/fr\/fournitures-scolaires\/fournitures-pour-les-ecoles-montessori\/\" \/>\n<meta property=\"og:locale\" content=\"fr_FR\" \/>\n<meta property=\"og:type\" content=\"article\" \/>\n<meta property=\"og:title\" content=\"Fournitures pour les \u00e9coles Montessori\" \/>\n<meta property=\"og:description\" content=\"Fournisseur sp\u00e9cialis\u00e9 pour \u00e9coles Montessori et structures \u00e9ducatives avec du mat\u00e9riel Montessori certifi\u00e9 AMI de Nienhuis et Gonzagarredi.\" \/>\n<meta property=\"og:url\" content=\"https:\/\/teiaeducation.ch\/fr\/fournitures-scolaires\/fournitures-pour-les-ecoles-montessori\/\" \/>\n<meta property=\"og:site_name\" content=\"Sustainable Educational Products &amp; Ecological Toys\u00a0\" \/>\n<meta property=\"article:publisher\" content=\"https:\/\/www.facebook.com\/teiaeducation\/\" \/>\n<meta property=\"article:modified_time\" content=\"2022-01-11T08:26:35+00:00\" \/>\n<meta property=\"og:image\" content=\"https:\/\/teiaeducation.ch\/wp-content\/uploads\/2020\/09\/Teia-Education-Switzerland-Nienhuis-Montessori.jpg\" \/>\n\t<meta property=\"og:image:width\" content=\"500\" \/>\n\t<meta property=\"og:image:height\" content=\"231\" \/>\n\t<meta property=\"og:image:type\" content=\"image\/jpeg\" \/>\n<script type=\"application\/ld+json\" class=\"yoast-schema-graph\">{\"@context\":\"https:\\\/\\\/schema.org\",\"@graph\":[{\"@type\":\"WebPage\",\"@id\":\"https:\\\/\\\/teiaeducation.ch\\\/fr\\\/fournitures-scolaires\\\/fournitures-pour-les-ecoles-montessori\\\/\",\"url\":\"https:\\\/\\\/teiaeducation.ch\\\/fr\\\/fournitures-scolaires\\\/fournitures-pour-les-ecoles-montessori\\\/\",\"name\":\"Fournisseur de mat\u00e9riel sp\u00e9cialis\u00e9 pour les \u00e9coles Montessori et primaires\",\"isPartOf\":{\"@id\":\"https:\\\/\\\/teiaeducation.ch\\\/fr\\\/#website\"},\"primaryImageOfPage\":{\"@id\":\"https:\\\/\\\/teiaeducation.ch\\\/fr\\\/fournitures-scolaires\\\/fournitures-pour-les-ecoles-montessori\\\/#primaryimage\"},\"image\":{\"@id\":\"https:\\\/\\\/teiaeducation.ch\\\/fr\\\/fournitures-scolaires\\\/fournitures-pour-les-ecoles-montessori\\\/#primaryimage\"},\"thumbnailUrl\":\"https:\\\/\\\/teiaeducation.ch\\\/wp-content\\\/uploads\\\/2020\\\/09\\\/Teia-Education-Switzerland-Nienhuis-Montessori.jpg\",\"datePublished\":\"2021-11-23T08:52:10+00:00\",\"dateModified\":\"2022-01-11T08:26:35+00:00\",\"description\":\"Fournisseur sp\u00e9cialis\u00e9 pour \u00e9coles Montessori et structures \u00e9ducatives avec du mat\u00e9riel Montessori certifi\u00e9 AMI de Nienhuis et Gonzagarredi.\",\"breadcrumb\":{\"@id\":\"https:\\\/\\\/teiaeducation.ch\\\/fr\\\/fournitures-scolaires\\\/fournitures-pour-les-ecoles-montessori\\\/#breadcrumb\"},\"inLanguage\":\"fr-FR\",\"potentialAction\":[{\"@type\":\"ReadAction\",\"target\":[\"https:\\\/\\\/teiaeducation.ch\\\/fr\\\/fournitures-scolaires\\\/fournitures-pour-les-ecoles-montessori\\\/\"]}]},{\"@type\":\"ImageObject\",\"inLanguage\":\"fr-FR\",\"@id\":\"https:\\\/\\\/teiaeducation.ch\\\/fr\\\/fournitures-scolaires\\\/fournitures-pour-les-ecoles-montessori\\\/#primaryimage\",\"url\":\"https:\\\/\\\/teiaeducation.ch\\\/wp-content\\\/uploads\\\/2020\\\/09\\\/Teia-Education-Switzerland-Nienhuis-Montessori.jpg\",\"contentUrl\":\"https:\\\/\\\/teiaeducation.ch\\\/wp-content\\\/uploads\\\/2020\\\/09\\\/Teia-Education-Switzerland-Nienhuis-Montessori.jpg\",\"width\":500,\"height\":231,\"caption\":\"Fournisseur sp\u00e9cialis\u00e9 pour les \u00e9coles et les structures \u00e9ducatives Montessori avec du mat\u00e9riel Montessori certifi\u00e9 (AMI) de Nienhuis et Gonzagarredi.\"},{\"@type\":\"BreadcrumbList\",\"@id\":\"https:\\\/\\\/teiaeducation.ch\\\/fr\\\/fournitures-scolaires\\\/fournitures-pour-les-ecoles-montessori\\\/#breadcrumb\",\"itemListElement\":[{\"@type\":\"ListItem\",\"position\":1,\"name\":\"Home\",\"item\":\"https:\\\/\\\/teiaeducation.ch\\\/fr\\\/\"},{\"@type\":\"ListItem\",\"position\":2,\"name\":\"Fournitures pour \u00e9coles maternelles et primaires\",\"item\":\"https:\\\/\\\/teiaeducation.ch\\\/fr\\\/fournitures-scolaires\\\/\"},{\"@type\":\"ListItem\",\"position\":3,\"name\":\"Fournitures pour les \u00e9coles Montessori\"}]},{\"@type\":\"WebSite\",\"@id\":\"https:\\\/\\\/teiaeducation.ch\\\/fr\\\/#website\",\"url\":\"https:\\\/\\\/teiaeducation.ch\\\/fr\\\/\",\"name\":\"Sustainable Educational Products &amp; Ecological Toys\u00a0\",\"description\":\"Specialised Swiss shop selling sustainable educational toys and games, AMI certified Montessori materials, handmade ecological wooden Waldorf toys and arts &amp; crafts supplies, school supplies, children&#039;s furniture and Montessori reference and parenting books.\",\"publisher\":{\"@id\":\"https:\\\/\\\/teiaeducation.ch\\\/fr\\\/#organization\"},\"alternateName\":\"Teia Education & Play\",\"potentialAction\":[{\"@type\":\"SearchAction\",\"target\":{\"@type\":\"EntryPoint\",\"urlTemplate\":\"https:\\\/\\\/teiaeducation.ch\\\/fr\\\/?s={search_term_string}\"},\"query-input\":{\"@type\":\"PropertyValueSpecification\",\"valueRequired\":true,\"valueName\":\"search_term_string\"}}],\"inLanguage\":\"fr-FR\"},{\"@type\":\"Organization\",\"@id\":\"https:\\\/\\\/teiaeducation.ch\\\/fr\\\/#organization\",\"name\":\"Teia Education & Play\",\"url\":\"https:\\\/\\\/teiaeducation.ch\\\/fr\\\/\",\"logo\":{\"@type\":\"ImageObject\",\"inLanguage\":\"fr-FR\",\"@id\":\"https:\\\/\\\/teiaeducation.ch\\\/fr\\\/#\\\/schema\\\/logo\\\/image\\\/\",\"url\":\"https:\\\/\\\/teiaeducation.ch\\\/wp-content\\\/uploads\\\/2020\\\/11\\\/Teia-Education-Switzerland-e1620156442216.jpg\",\"contentUrl\":\"https:\\\/\\\/teiaeducation.ch\\\/wp-content\\\/uploads\\\/2020\\\/11\\\/Teia-Education-Switzerland-e1620156442216.jpg\",\"width\":166,\"height\":145,\"caption\":\"Teia Education & Play\"},\"image\":{\"@id\":\"https:\\\/\\\/teiaeducation.ch\\\/fr\\\/#\\\/schema\\\/logo\\\/image\\\/\"},\"sameAs\":[\"https:\\\/\\\/www.facebook.com\\\/teiaeducation\\\/\",\"https:\\\/\\\/x.com\\\/EducationTeia\",\"https:\\\/\\\/www.instagram.com\\\/teia.education\\\/\",\"https:\\\/\\\/www.linkedin.com\\\/company\\\/35501660\",\"https:\\\/\\\/www.pinterest.ch\\\/TeiaEducation\\\/\"]}]}<\/script>\n<!-- \/ Yoast SEO Premium plugin. -->","yoast_head_json":{"title":"Fournisseur de mat\u00e9riel sp\u00e9cialis\u00e9 pour les \u00e9coles Montessori et primaires","description":"Fournisseur sp\u00e9cialis\u00e9 pour \u00e9coles Montessori et structures \u00e9ducatives avec du mat\u00e9riel Montessori certifi\u00e9 AMI de Nienhuis et Gonzagarredi.","robots":{"index":"index","follow":"follow","max-snippet":"max-snippet:-1","max-image-preview":"max-image-preview:large","max-video-preview":"max-video-preview:-1"},"canonical":"https:\/\/teiaeducation.ch\/fr\/fournitures-scolaires\/fournitures-pour-les-ecoles-montessori\/","og_locale":"fr_FR","og_type":"article","og_title":"Fournitures pour les \u00e9coles Montessori","og_description":"Fournisseur sp\u00e9cialis\u00e9 pour \u00e9coles Montessori et structures \u00e9ducatives avec du mat\u00e9riel Montessori certifi\u00e9 AMI de Nienhuis et Gonzagarredi.","og_url":"https:\/\/teiaeducation.ch\/fr\/fournitures-scolaires\/fournitures-pour-les-ecoles-montessori\/","og_site_name":"Sustainable Educational Products &amp; Ecological Toys\u00a0","article_publisher":"https:\/\/www.facebook.com\/teiaeducation\/","article_modified_time":"2022-01-11T08:26:35+00:00","og_image":[{"width":500,"height":231,"url":"https:\/\/teiaeducation.ch\/wp-content\/uploads\/2020\/09\/Teia-Education-Switzerland-Nienhuis-Montessori.jpg","type":"image\/jpeg"}],"schema":{"@context":"https:\/\/schema.org","@graph":[{"@type":"WebPage","@id":"https:\/\/teiaeducation.ch\/fr\/fournitures-scolaires\/fournitures-pour-les-ecoles-montessori\/","url":"https:\/\/teiaeducation.ch\/fr\/fournitures-scolaires\/fournitures-pour-les-ecoles-montessori\/","name":"Fournisseur de mat\u00e9riel sp\u00e9cialis\u00e9 pour les \u00e9coles Montessori et primaires","isPartOf":{"@id":"https:\/\/teiaeducation.ch\/fr\/#website"},"primaryImageOfPage":{"@id":"https:\/\/teiaeducation.ch\/fr\/fournitures-scolaires\/fournitures-pour-les-ecoles-montessori\/#primaryimage"},"image":{"@id":"https:\/\/teiaeducation.ch\/fr\/fournitures-scolaires\/fournitures-pour-les-ecoles-montessori\/#primaryimage"},"thumbnailUrl":"https:\/\/teiaeducation.ch\/wp-content\/uploads\/2020\/09\/Teia-Education-Switzerland-Nienhuis-Montessori.jpg","datePublished":"2021-11-23T08:52:10+00:00","dateModified":"2022-01-11T08:26:35+00:00","description":"Fournisseur sp\u00e9cialis\u00e9 pour \u00e9coles Montessori et structures \u00e9ducatives avec du mat\u00e9riel Montessori certifi\u00e9 AMI de Nienhuis et Gonzagarredi.","breadcrumb":{"@id":"https:\/\/teiaeducation.ch\/fr\/fournitures-scolaires\/fournitures-pour-les-ecoles-montessori\/#breadcrumb"},"inLanguage":"fr-FR","potentialAction":[{"@type":"ReadAction","target":["https:\/\/teiaeducation.ch\/fr\/fournitures-scolaires\/fournitures-pour-les-ecoles-montessori\/"]}]},{"@type":"ImageObject","inLanguage":"fr-FR","@id":"https:\/\/teiaeducation.ch\/fr\/fournitures-scolaires\/fournitures-pour-les-ecoles-montessori\/#primaryimage","url":"https:\/\/teiaeducation.ch\/wp-content\/uploads\/2020\/09\/Teia-Education-Switzerland-Nienhuis-Montessori.jpg","contentUrl":"https:\/\/teiaeducation.ch\/wp-content\/uploads\/2020\/09\/Teia-Education-Switzerland-Nienhuis-Montessori.jpg","width":500,"height":231,"caption":"Fournisseur sp\u00e9cialis\u00e9 pour les \u00e9coles et les structures \u00e9ducatives Montessori avec du mat\u00e9riel Montessori certifi\u00e9 (AMI) de Nienhuis et Gonzagarredi."},{"@type":"BreadcrumbList","@id":"https:\/\/teiaeducation.ch\/fr\/fournitures-scolaires\/fournitures-pour-les-ecoles-montessori\/#breadcrumb","itemListElement":[{"@type":"ListItem","position":1,"name":"Home","item":"https:\/\/teiaeducation.ch\/fr\/"},{"@type":"ListItem","position":2,"name":"Fournitures pour \u00e9coles maternelles et primaires","item":"https:\/\/teiaeducation.ch\/fr\/fournitures-scolaires\/"},{"@type":"ListItem","position":3,"name":"Fournitures pour les \u00e9coles Montessori"}]},{"@type":"WebSite","@id":"https:\/\/teiaeducation.ch\/fr\/#website","url":"https:\/\/teiaeducation.ch\/fr\/","name":"Sustainable Educational Products &amp; Ecological Toys\u00a0","description":"Specialised Swiss shop selling sustainable educational toys and games, AMI certified Montessori materials, handmade ecological wooden Waldorf toys and arts &amp; crafts supplies, school supplies, children&#039;s furniture and Montessori reference and parenting books.","publisher":{"@id":"https:\/\/teiaeducation.ch\/fr\/#organization"},"alternateName":"Teia Education & Play","potentialAction":[{"@type":"SearchAction","target":{"@type":"EntryPoint","urlTemplate":"https:\/\/teiaeducation.ch\/fr\/?s={search_term_string}"},"query-input":{"@type":"PropertyValueSpecification","valueRequired":true,"valueName":"search_term_string"}}],"inLanguage":"fr-FR"},{"@type":"Organization","@id":"https:\/\/teiaeducation.ch\/fr\/#organization","name":"Teia Education & Play","url":"https:\/\/teiaeducation.ch\/fr\/","logo":{"@type":"ImageObject","inLanguage":"fr-FR","@id":"https:\/\/teiaeducation.ch\/fr\/#\/schema\/logo\/image\/","url":"https:\/\/teiaeducation.ch\/wp-content\/uploads\/2020\/11\/Teia-Education-Switzerland-e1620156442216.jpg","contentUrl":"https:\/\/teiaeducation.ch\/wp-content\/uploads\/2020\/11\/Teia-Education-Switzerland-e1620156442216.jpg","width":166,"height":145,"caption":"Teia Education & Play"},"image":{"@id":"https:\/\/teiaeducation.ch\/fr\/#\/schema\/logo\/image\/"},"sameAs":["https:\/\/www.facebook.com\/teiaeducation\/","https:\/\/x.com\/EducationTeia","https:\/\/www.instagram.com\/teia.education\/","https:\/\/www.linkedin.com\/company\/35501660","https:\/\/www.pinterest.ch\/TeiaEducation\/"]}]}},"_links":{"self":[{"href":"https:\/\/teiaeducation.ch\/fr\/wp-json\/wp\/v2\/pages\/41682","targetHints":{"allow":["GET"]}}],"collection":[{"href":"https:\/\/teiaeducation.ch\/fr\/wp-json\/wp\/v2\/pages"}],"about":[{"href":"https:\/\/teiaeducation.ch\/fr\/wp-json\/wp\/v2\/types\/page"}],"author":[{"embeddable":true,"href":"https:\/\/teiaeducation.ch\/fr\/wp-json\/wp\/v2\/users\/1"}],"replies":[{"embeddable":true,"href":"https:\/\/teiaeducation.ch\/fr\/wp-json\/wp\/v2\/comments?post=41682"}],"version-history":[{"count":0,"href":"https:\/\/teiaeducation.ch\/fr\/wp-json\/wp\/v2\/pages\/41682\/revisions"}],"up":[{"embeddable":true,"href":"https:\/\/teiaeducation.ch\/fr\/wp-json\/wp\/v2\/pages\/4273"}],"wp:featuredmedia":[{"embeddable":true,"href":"https:\/\/teiaeducation.ch\/fr\/wp-json\/wp\/v2\/media\/30028"}],"wp:attachment":[{"href":"https:\/\/teiaeducation.ch\/fr\/wp-json\/wp\/v2\/media?parent=41682"}],"curies":[{"name":"wp","href":"https:\/\/api.w.org\/{rel}","templated":true}]}}