{"id":41710,"date":"2021-11-23T11:51:03","date_gmt":"2021-11-23T10:51:03","guid":{"rendered":"https:\/\/teiaeducation.ch\/fournitures-pour-les-ecoles-waldorf-steiner\/"},"modified":"2022-01-11T09:27:20","modified_gmt":"2022-01-11T08:27:20","slug":"fournitures-pour-les-ecoles-waldorf-steiner","status":"publish","type":"page","link":"https:\/\/teiaeducation.ch\/fr\/fournitures-pour-les-ecoles-waldorf-steiner\/","title":{"rendered":"Fournitures pour les \u00e9coles Waldorf Steiner"},"content":{"rendered":"\n  <div class=\"banner has-hover hide-for-small\" id=\"banner-2101336645\">\n          <div class=\"banner-inner fill\">\n        <div class=\"banner-bg fill\" >\n            <img loading=\"lazy\" decoding=\"async\" width=\"1020\" height=\"690\" src=\"https:\/\/teiaeducation.ch\/wp-content\/uploads\/2021\/06\/Waldorf-Steiner-schools-supplies-1182x800.png\" class=\"bg attachment-large size-large\" alt=\"Waldorf Steiner schools supplies\" \/>                                    \n                    <\/div>\n\t\t\n        <div class=\"banner-layers container\">\n            <div class=\"fill banner-link\"><\/div>            \n\n   <div id=\"text-box-1681967375\" class=\"text-box banner-layer x50 md-x50 lg-x50 y50 md-y50 lg-y50 res-text\">\n                                <div class=\"text-box-content text \">\n              \n              <div class=\"text-inner text-center\">\n                  \n\n<h6 style=\"text-align: center;\">Teia Education &amp; play<\/h6>\n<h1 class=\"uppercase\" style=\"text-align: center;\"><span style=\"font-size: 90%;\">\u00e9coles Waldorf Steiner<\/span><\/h1>\n\n              <\/div>\n           <\/div>\n                            \n<style>\n#text-box-1681967375 .text-box-content {\n  background-color: rgba(255, 255, 255, 0.77);\n  font-size: 100%;\n}\n#text-box-1681967375 .text-inner {\n  padding: 30px 30px 18px 30px;\n}\n#text-box-1681967375 {\n  width: 77%;\n}\n@media (min-width:550px) {\n  #text-box-1681967375 {\n    width: 60%;\n  }\n}\n<\/style>\n    <\/div>\n \n\n        <\/div>\n      <\/div>\n\n            \n<style>\n#banner-2101336645 {\n  padding-top: 88px;\n  background-color: rgb(0,0,0);\n}\n#banner-2101336645 .banner-bg img {\n  object-position: 0% 14%;\n}\n@media (min-width:550px) {\n  #banner-2101336645 {\n    padding-top: 300px;\n  }\n}\n<\/style>\n  <\/div>\n\n\n\t<div id=\"gap-1865374951\" class=\"gap-element clearfix hide-for-small\" style=\"display:block; height:auto;\">\n\t\t\n<style>\n#gap-1865374951 {\n  padding-top: 30px;\n}\n<\/style>\n\t<\/div>\n\t\n\t<div id=\"gap-1637598131\" class=\"gap-element clearfix\" style=\"display:block; height:auto;\">\n\t\t\n<style>\n#gap-1637598131 {\n  padding-top: 30px;\n}\n<\/style>\n\t<\/div>\n\t\n<div class=\"row\"  id=\"row-196253665\">\n\n\t<div id=\"col-1736825763\" class=\"col small-12 large-12\"  >\n\t\t\t\t<div class=\"col-inner\"  >\n\t\t\t\n\t\t\t\n<h2>Fournitures pour les \u00e9coles Waldorf Steiner<\/h2>\n<p>Chez Teia Education &amp; Play, nous travaillons avec des \u00e9coles Waldorf Steiner, des enseignants dans des \u00e9tablissements publics et priv\u00e9s et des consultants &#8211; non seulement en Suisse mais dans le monde entier !<\/p>\n<h2>Pourquoi travailler avec nous ?<\/h2>\n<p>Nous nous effor\u00e7ons d&#8217;offrir un excellent service \u00e0 la client\u00e8le et de fournir les \u00e9coles Waldorf Steiner et tout type d&#8217;\u00e9tablissement d&#8217;enseignement d\u00e9sireux d&#8217;int\u00e9grer les produits et fournitures\u00a0<a href=\"https:\/\/teiaeducation.ch\/fr\/categorie-produit\/methode-deducation\/waldorf-fr\/\">Waldorf<\/a> originaux et inspir\u00e9s dans leur programme.<\/p>\n<p>Notre assortiment comprend des mat\u00e9riaux de haute qualit\u00e9, des fournitures artistiques uniques et de qualit\u00e9 artistique, des travaux manuels, des fournitures pour l&#8217;artisanat, des jouets Waldorf en bois faits main et des poup\u00e9es Waldorf, des soies et tissus de jeu, des livres d&#8217;anthroposophie et de r\u00e9f\u00e9rence, des produits essentiels pour l&#8217;eurythmie, des instruments de musique, des cahiers, des instruments d&#8217;\u00e9criture et des meubles.<\/p>\n<p>Nous fournissons toute la gamme des produits Mercurius et ceux des marques Waldorf que Mercurius repr\u00e9sente en Europe. (Artemis, Auris, Chroroi, <a href=\"https:\/\/teiaeducation.ch\/fr\/categorie-produit\/marques\/debresk-fr\/\">Debresk<\/a>, Dipam, <a href=\"https:\/\/teiaeducation.ch\/fr\/categorie-produit\/marques\/filges-fr\/\">Filges<\/a>, <a href=\"https:\/\/teiaeducation.ch\/fr\/categorie-produit\/marques\/filia-fr\/\">Filia<\/a>, <a href=\"https:\/\/teiaeducation.ch\/fr\/categorie-produit\/marques\/lyra-fr\/\">Lyra<\/a>, <a href=\"https:\/\/teiaeducation.ch\/fr\/categorie-produit\/marques\/nanchen-fr\/\">Nanchen Natur<\/a>, <a href=\"https:\/\/teiaeducation.ch\/fr\/categorie-produit\/marques\/sarahs-silks-fr\/\">Sarah\u2019s Silks<\/a> and <a href=\"https:\/\/teiaeducation.ch\/fr\/categorie-produit\/marques\/stockmar-fr\/\">Stockmar<\/a>).<\/p>\n<p>En plus de la gamme Mercurius, nous fournissons \u00e9galement une vari\u00e9t\u00e9 soigneusement s\u00e9lectionn\u00e9e de jouets en bois de haute qualit\u00e9 des marques artisanales <a href=\"https:\/\/teiaeducation.ch\/fr\/categorie-produit\/marques\/flockmen-fr\/\">Flockmen<\/a>, <a href=\"https:\/\/teiaeducation.ch\/fr\/categorie-produit\/marques\/gluckskafer-fr\/\">Gl\u00fccksk\u00e4fer<\/a>, <a href=\"https:\/\/teiaeducation.ch\/fr\/categorie-produit\/marques\/grapat-fr\/\">Grapat<\/a> et <a href=\"https:\/\/teiaeducation.ch\/fr\/categorie-produit\/marques\/grimms-fr\/\">Grimm&#8217;s<\/a> qui compl\u00e9teront tout environnement Waldorf pr\u00e9par\u00e9.<\/p>\n<p>Nous serons heureux d&#8217;ouvrir un compte pour vous et de vous donner acc\u00e8s \u00e0 notre portail scolaire o\u00f9 vous pourrez t\u00e9l\u00e9charger les catalogues et les listes de prix de nos marques.<\/p>\n<h2>Remise et livraison gratuite<\/h2>\n<p>Nous proposons des prix sp\u00e9ciaux et des r\u00e9ductions aux \u00e9tablissements d&#8217;enseignement Waldorf Steiner du monde entier. Les \u00e9tablissements d&#8217;enseignement b\u00e9n\u00e9ficient \u00e9galement d&#8217;offres sp\u00e9ciales que nous n\u00e9gocions tout au long de l&#8217;ann\u00e9e avec nos fournisseurs.<\/p>\n<p>La livraison gratuite est offerte (en Suisse uniquement) pour les commandes de 120 francs suisses et plus. Cela inclut \u00e9galement les meubles ne d\u00e9passant pas 30 kilogrammes.<\/p>\n<h2>Fournisseur certifi\u00e9 fournitures Waldorf Steiner<\/h2>\n<p>Pour une plus grande tranquillit\u00e9 d&#8217;esprit, nous avons \u00e9t\u00e9 pr\u00e9-approuv\u00e9s par le d\u00e9partement des achats de plusieurs cantons suisses et avons des accords en place pour fournir les \u00e9coles publiques et les enseignants :<\/p>\n<p>Teia Education &amp; Play est fournisseur officiel de la centrale commune d&#8217;achats (<a href=\"https:\/\/ge.ch\/annuaire\/service\/2317\">CCA<\/a>) du canton de Gen\u00e8ve ainsi que de la direction des achats et de la logistique (<a href=\"https:\/\/www.vd.ch\/toutes-les-autorites\/departements\/departement-des-finances-et-des-relations-exterieures-dfire\/direction-generale-des-immeubles-et-du-patrimoine-dgip\/dal\/\">DAL<\/a>) du canton de Vaud.<\/p>\n<p>Notre gamme de mat\u00e9riel \u00e9ducatif et de jouets de d\u00e9veloppement est reconnue par le d\u00e9partement de l\u2019instruction publique, de la formation et de la jeunesse (<a href=\"https:\/\/www.ge.ch\/organisation\/departement-instruction-publique-formation-jeunesse-dip\">DIP<\/a>) ainsi que par le service de l\u2019enseignement priv\u00e9 (<a href=\"https:\/\/www.ge.ch\/organisation\/service-enseignement-prive\">SEP<\/a>), canton de Gen\u00e8ve.<\/p>\n<h2>Facture administrative pour les \u00e9coles<\/h2>\n<p>Les commandes des \u00e9coles et des enseignants peuvent \u00eatre pass\u00e9es via notre boutique en ligne, mais nous vous recommandons de nous <a href=\"mailto:in**@***********on.ch\" data-original-string=\"8m6MzUwXLYp0Mw5dZnQ04Q==7earuvWJL3XhFZljWa0bv10dDj\/AT5zw53AjG05UZqfB0E=\" title=\"This contact has been encoded by Anti-Spam by CleanTalk. Click to decode. To finish the decoding make sure that JavaScript is enabled in your browser.\">contacter<\/a> directement pour b\u00e9n\u00e9ficier de nos prix sp\u00e9ciaux, de nos remises et de la possibilit\u00e9 de commander sur facture.<\/p>\n<p>Une facture d\u00e9taill\u00e9e destin\u00e9e \u00e0 l&#8217;administration de l&#8217;\u00e9cole sera fournie pour chaque commande.<\/p>\n<h2>Meubles en bois Waldorf<\/h2>\n<p>Avec le bon ameublement et les bonnes solutions de rangement, une salle de classe ou un environnement d&#8217;apprentissage pr\u00e9par\u00e9 devient un lieu o\u00f9 les enfants peuvent se sentir chez eux, apprendre, se d\u00e9velopper et s&#8217;\u00e9panouir.<\/p>\n<p>Nos meubles Waldorf en bois issus de la sylviculture durable sont sp\u00e9cialement con\u00e7us pour adapter l&#8217;environnement et le cadre \u00e0 la taille de l&#8217;enfant, lui permettant ainsi d&#8217;\u00eatre \u00e0 l&#8217;aise et de se concentrer sur son activit\u00e9 dans une journ\u00e9e typique \u00e0 l&#8217;\u00e9cole. Nous proposons toute la gamme de meubles Mercurius et Gl\u00fccksk\u00e4fer, y compris les chaises et les tables de classe, les bureaux d&#8217;enseignants, les bancs, les tables saisonni\u00e8res et les supports de jeu.<\/p>\n<h2>Devis gratuit<\/h2>\n<p>Nous proposons de nombreux services adapt\u00e9s \u00e0 vos besoins individuels. Si vous souhaitez discuter de la mani\u00e8re dont nous pouvons \u00eatre au service de votre \u00e9tablissement scolaire ou recevoir une liste de prix de nos marques, un devis d\u00e9taill\u00e9 sans engagement ou un plan personnalis\u00e9 pour votre classe, n&#8217;h\u00e9sitez pas \u00e0 nous contacter.<\/p>\n<p>Une fois les restrictions de d\u00e9placement lev\u00e9es, nous serons heureux de visiter votre \u00e9tablissement et de faire une d\u00e9monstration de nos produits (en Suisse uniquement). En attendant, nous pouvons organiser des r\u00e9unions et des d\u00e9monstrations par vid\u00e9oconf\u00e9rence.<\/p>\n<p>Nous parlons couramment fran\u00e7ais, anglais, n\u00e9erlandais et allemand interm\u00e9diaire.<\/p>\n\t\t<\/div>\n\t\t\t\t\t<\/div>\n\n\t\n<\/div>\n","protected":false},"excerpt":{"rendered":"","protected":false},"author":1,"featured_media":40048,"parent":0,"menu_order":0,"comment_status":"closed","ping_status":"closed","template":"page-blank.php","meta":{"footnotes":""},"class_list":["post-41710","page","type-page","status-publish","has-post-thumbnail","hentry"],"yoast_head":"<!-- This site is optimized with the Yoast SEO Premium plugin v25.8 (Yoast SEO v27.4) - https:\/\/yoast.com\/product\/yoast-seo-premium-wordpress\/ -->\n<title>Fournitures \u00e9coles Waldorf Steiner - Jouets, Mat\u00e9riel \u00c9ducatif &amp; Cr\u00e9atif<\/title>\n<meta name=\"description\" content=\"Fournitures pour les \u00e9coles Waldorf Steiner, enseignants des \u00e9tablissements publics et priv\u00e9s et consultants. Livraison dans le monde entier.\" \/>\n<meta name=\"robots\" content=\"index, follow, max-snippet:-1, max-image-preview:large, max-video-preview:-1\" \/>\n<link rel=\"canonical\" href=\"https:\/\/teiaeducation.ch\/fr\/fournitures-pour-les-ecoles-waldorf-steiner\/\" \/>\n<meta property=\"og:locale\" content=\"fr_FR\" \/>\n<meta property=\"og:type\" content=\"article\" \/>\n<meta property=\"og:title\" content=\"Fournitures pour les \u00e9coles Waldorf Steiner\" \/>\n<meta property=\"og:description\" content=\"Fournitures pour les \u00e9coles Waldorf Steiner, enseignants des \u00e9tablissements publics et priv\u00e9s et consultants. Livraison dans le monde entier.\" \/>\n<meta property=\"og:url\" content=\"https:\/\/teiaeducation.ch\/fr\/fournitures-pour-les-ecoles-waldorf-steiner\/\" \/>\n<meta property=\"og:site_name\" content=\"Sustainable Educational Products &amp; Ecological Toys\u00a0\" \/>\n<meta property=\"article:publisher\" content=\"https:\/\/www.facebook.com\/teiaeducation\/\" \/>\n<meta property=\"article:modified_time\" content=\"2022-01-11T08:27:20+00:00\" \/>\n<meta property=\"og:image\" content=\"https:\/\/teiaeducation.ch\/wp-content\/uploads\/2021\/10\/Waldorf-Art-Supplies-and-Crafting-Ideas.jpg\" \/>\n\t<meta property=\"og:image:width\" content=\"900\" \/>\n\t<meta property=\"og:image:height\" content=\"900\" \/>\n\t<meta property=\"og:image:type\" content=\"image\/jpeg\" \/>\n<script type=\"application\/ld+json\" class=\"yoast-schema-graph\">{\"@context\":\"https:\\\/\\\/schema.org\",\"@graph\":[{\"@type\":\"WebPage\",\"@id\":\"https:\\\/\\\/teiaeducation.ch\\\/fr\\\/fournitures-pour-les-ecoles-waldorf-steiner\\\/\",\"url\":\"https:\\\/\\\/teiaeducation.ch\\\/fr\\\/fournitures-pour-les-ecoles-waldorf-steiner\\\/\",\"name\":\"Fournitures \u00e9coles Waldorf Steiner - Jouets, Mat\u00e9riel \u00c9ducatif & Cr\u00e9atif\",\"isPartOf\":{\"@id\":\"https:\\\/\\\/teiaeducation.ch\\\/fr\\\/#website\"},\"primaryImageOfPage\":{\"@id\":\"https:\\\/\\\/teiaeducation.ch\\\/fr\\\/fournitures-pour-les-ecoles-waldorf-steiner\\\/#primaryimage\"},\"image\":{\"@id\":\"https:\\\/\\\/teiaeducation.ch\\\/fr\\\/fournitures-pour-les-ecoles-waldorf-steiner\\\/#primaryimage\"},\"thumbnailUrl\":\"https:\\\/\\\/teiaeducation.ch\\\/wp-content\\\/uploads\\\/2021\\\/10\\\/Waldorf-Art-Supplies-and-Crafting-Ideas.jpg\",\"datePublished\":\"2021-11-23T10:51:03+00:00\",\"dateModified\":\"2022-01-11T08:27:20+00:00\",\"description\":\"Fournitures pour les \u00e9coles Waldorf Steiner, enseignants des \u00e9tablissements publics et priv\u00e9s et consultants. Livraison dans le monde entier.\",\"breadcrumb\":{\"@id\":\"https:\\\/\\\/teiaeducation.ch\\\/fr\\\/fournitures-pour-les-ecoles-waldorf-steiner\\\/#breadcrumb\"},\"inLanguage\":\"fr-FR\",\"potentialAction\":[{\"@type\":\"ReadAction\",\"target\":[\"https:\\\/\\\/teiaeducation.ch\\\/fr\\\/fournitures-pour-les-ecoles-waldorf-steiner\\\/\"]}]},{\"@type\":\"ImageObject\",\"inLanguage\":\"fr-FR\",\"@id\":\"https:\\\/\\\/teiaeducation.ch\\\/fr\\\/fournitures-pour-les-ecoles-waldorf-steiner\\\/#primaryimage\",\"url\":\"https:\\\/\\\/teiaeducation.ch\\\/wp-content\\\/uploads\\\/2021\\\/10\\\/Waldorf-Art-Supplies-and-Crafting-Ideas.jpg\",\"contentUrl\":\"https:\\\/\\\/teiaeducation.ch\\\/wp-content\\\/uploads\\\/2021\\\/10\\\/Waldorf-Art-Supplies-and-Crafting-Ideas.jpg\",\"width\":900,\"height\":900,\"caption\":\"Fournitures \u00e9coles Waldorf Steiner - Jouets, Mat\u00e9riel \u00c9ducatif & Cr\u00e9atif\"},{\"@type\":\"BreadcrumbList\",\"@id\":\"https:\\\/\\\/teiaeducation.ch\\\/fr\\\/fournitures-pour-les-ecoles-waldorf-steiner\\\/#breadcrumb\",\"itemListElement\":[{\"@type\":\"ListItem\",\"position\":1,\"name\":\"Home\",\"item\":\"https:\\\/\\\/teiaeducation.ch\\\/fr\\\/\"},{\"@type\":\"ListItem\",\"position\":2,\"name\":\"Fournitures pour les \u00e9coles Waldorf Steiner\"}]},{\"@type\":\"WebSite\",\"@id\":\"https:\\\/\\\/teiaeducation.ch\\\/fr\\\/#website\",\"url\":\"https:\\\/\\\/teiaeducation.ch\\\/fr\\\/\",\"name\":\"Sustainable Educational Products &amp; Ecological Toys\u00a0\",\"description\":\"Specialised Swiss shop selling sustainable educational toys and games, AMI certified Montessori materials, handmade ecological wooden Waldorf toys and arts &amp; crafts supplies, school supplies, children&#039;s furniture and Montessori reference and parenting books.\",\"publisher\":{\"@id\":\"https:\\\/\\\/teiaeducation.ch\\\/fr\\\/#organization\"},\"alternateName\":\"Teia Education & Play\",\"potentialAction\":[{\"@type\":\"SearchAction\",\"target\":{\"@type\":\"EntryPoint\",\"urlTemplate\":\"https:\\\/\\\/teiaeducation.ch\\\/fr\\\/?s={search_term_string}\"},\"query-input\":{\"@type\":\"PropertyValueSpecification\",\"valueRequired\":true,\"valueName\":\"search_term_string\"}}],\"inLanguage\":\"fr-FR\"},{\"@type\":\"Organization\",\"@id\":\"https:\\\/\\\/teiaeducation.ch\\\/fr\\\/#organization\",\"name\":\"Teia Education & Play\",\"url\":\"https:\\\/\\\/teiaeducation.ch\\\/fr\\\/\",\"logo\":{\"@type\":\"ImageObject\",\"inLanguage\":\"fr-FR\",\"@id\":\"https:\\\/\\\/teiaeducation.ch\\\/fr\\\/#\\\/schema\\\/logo\\\/image\\\/\",\"url\":\"https:\\\/\\\/teiaeducation.ch\\\/wp-content\\\/uploads\\\/2020\\\/11\\\/Teia-Education-Switzerland-e1620156442216.jpg\",\"contentUrl\":\"https:\\\/\\\/teiaeducation.ch\\\/wp-content\\\/uploads\\\/2020\\\/11\\\/Teia-Education-Switzerland-e1620156442216.jpg\",\"width\":166,\"height\":145,\"caption\":\"Teia Education & Play\"},\"image\":{\"@id\":\"https:\\\/\\\/teiaeducation.ch\\\/fr\\\/#\\\/schema\\\/logo\\\/image\\\/\"},\"sameAs\":[\"https:\\\/\\\/www.facebook.com\\\/teiaeducation\\\/\",\"https:\\\/\\\/x.com\\\/EducationTeia\",\"https:\\\/\\\/www.instagram.com\\\/teia.education\\\/\",\"https:\\\/\\\/www.linkedin.com\\\/company\\\/35501660\",\"https:\\\/\\\/www.pinterest.ch\\\/TeiaEducation\\\/\"]}]}<\/script>\n<!-- \/ Yoast SEO Premium plugin. -->","yoast_head_json":{"title":"Fournitures \u00e9coles Waldorf Steiner - Jouets, Mat\u00e9riel \u00c9ducatif & Cr\u00e9atif","description":"Fournitures pour les \u00e9coles Waldorf Steiner, enseignants des \u00e9tablissements publics et priv\u00e9s et consultants. Livraison dans le monde entier.","robots":{"index":"index","follow":"follow","max-snippet":"max-snippet:-1","max-image-preview":"max-image-preview:large","max-video-preview":"max-video-preview:-1"},"canonical":"https:\/\/teiaeducation.ch\/fr\/fournitures-pour-les-ecoles-waldorf-steiner\/","og_locale":"fr_FR","og_type":"article","og_title":"Fournitures pour les \u00e9coles Waldorf Steiner","og_description":"Fournitures pour les \u00e9coles Waldorf Steiner, enseignants des \u00e9tablissements publics et priv\u00e9s et consultants. Livraison dans le monde entier.","og_url":"https:\/\/teiaeducation.ch\/fr\/fournitures-pour-les-ecoles-waldorf-steiner\/","og_site_name":"Sustainable Educational Products &amp; Ecological Toys\u00a0","article_publisher":"https:\/\/www.facebook.com\/teiaeducation\/","article_modified_time":"2022-01-11T08:27:20+00:00","og_image":[{"width":900,"height":900,"url":"https:\/\/teiaeducation.ch\/wp-content\/uploads\/2021\/10\/Waldorf-Art-Supplies-and-Crafting-Ideas.jpg","type":"image\/jpeg"}],"schema":{"@context":"https:\/\/schema.org","@graph":[{"@type":"WebPage","@id":"https:\/\/teiaeducation.ch\/fr\/fournitures-pour-les-ecoles-waldorf-steiner\/","url":"https:\/\/teiaeducation.ch\/fr\/fournitures-pour-les-ecoles-waldorf-steiner\/","name":"Fournitures \u00e9coles Waldorf Steiner - Jouets, Mat\u00e9riel \u00c9ducatif & Cr\u00e9atif","isPartOf":{"@id":"https:\/\/teiaeducation.ch\/fr\/#website"},"primaryImageOfPage":{"@id":"https:\/\/teiaeducation.ch\/fr\/fournitures-pour-les-ecoles-waldorf-steiner\/#primaryimage"},"image":{"@id":"https:\/\/teiaeducation.ch\/fr\/fournitures-pour-les-ecoles-waldorf-steiner\/#primaryimage"},"thumbnailUrl":"https:\/\/teiaeducation.ch\/wp-content\/uploads\/2021\/10\/Waldorf-Art-Supplies-and-Crafting-Ideas.jpg","datePublished":"2021-11-23T10:51:03+00:00","dateModified":"2022-01-11T08:27:20+00:00","description":"Fournitures pour les \u00e9coles Waldorf Steiner, enseignants des \u00e9tablissements publics et priv\u00e9s et consultants. Livraison dans le monde entier.","breadcrumb":{"@id":"https:\/\/teiaeducation.ch\/fr\/fournitures-pour-les-ecoles-waldorf-steiner\/#breadcrumb"},"inLanguage":"fr-FR","potentialAction":[{"@type":"ReadAction","target":["https:\/\/teiaeducation.ch\/fr\/fournitures-pour-les-ecoles-waldorf-steiner\/"]}]},{"@type":"ImageObject","inLanguage":"fr-FR","@id":"https:\/\/teiaeducation.ch\/fr\/fournitures-pour-les-ecoles-waldorf-steiner\/#primaryimage","url":"https:\/\/teiaeducation.ch\/wp-content\/uploads\/2021\/10\/Waldorf-Art-Supplies-and-Crafting-Ideas.jpg","contentUrl":"https:\/\/teiaeducation.ch\/wp-content\/uploads\/2021\/10\/Waldorf-Art-Supplies-and-Crafting-Ideas.jpg","width":900,"height":900,"caption":"Fournitures \u00e9coles Waldorf Steiner - Jouets, Mat\u00e9riel \u00c9ducatif & Cr\u00e9atif"},{"@type":"BreadcrumbList","@id":"https:\/\/teiaeducation.ch\/fr\/fournitures-pour-les-ecoles-waldorf-steiner\/#breadcrumb","itemListElement":[{"@type":"ListItem","position":1,"name":"Home","item":"https:\/\/teiaeducation.ch\/fr\/"},{"@type":"ListItem","position":2,"name":"Fournitures pour les \u00e9coles Waldorf Steiner"}]},{"@type":"WebSite","@id":"https:\/\/teiaeducation.ch\/fr\/#website","url":"https:\/\/teiaeducation.ch\/fr\/","name":"Sustainable Educational Products &amp; Ecological Toys\u00a0","description":"Specialised Swiss shop selling sustainable educational toys and games, AMI certified Montessori materials, handmade ecological wooden Waldorf toys and arts &amp; crafts supplies, school supplies, children&#039;s furniture and Montessori reference and parenting books.","publisher":{"@id":"https:\/\/teiaeducation.ch\/fr\/#organization"},"alternateName":"Teia Education & Play","potentialAction":[{"@type":"SearchAction","target":{"@type":"EntryPoint","urlTemplate":"https:\/\/teiaeducation.ch\/fr\/?s={search_term_string}"},"query-input":{"@type":"PropertyValueSpecification","valueRequired":true,"valueName":"search_term_string"}}],"inLanguage":"fr-FR"},{"@type":"Organization","@id":"https:\/\/teiaeducation.ch\/fr\/#organization","name":"Teia Education & Play","url":"https:\/\/teiaeducation.ch\/fr\/","logo":{"@type":"ImageObject","inLanguage":"fr-FR","@id":"https:\/\/teiaeducation.ch\/fr\/#\/schema\/logo\/image\/","url":"https:\/\/teiaeducation.ch\/wp-content\/uploads\/2020\/11\/Teia-Education-Switzerland-e1620156442216.jpg","contentUrl":"https:\/\/teiaeducation.ch\/wp-content\/uploads\/2020\/11\/Teia-Education-Switzerland-e1620156442216.jpg","width":166,"height":145,"caption":"Teia Education & Play"},"image":{"@id":"https:\/\/teiaeducation.ch\/fr\/#\/schema\/logo\/image\/"},"sameAs":["https:\/\/www.facebook.com\/teiaeducation\/","https:\/\/x.com\/EducationTeia","https:\/\/www.instagram.com\/teia.education\/","https:\/\/www.linkedin.com\/company\/35501660","https:\/\/www.pinterest.ch\/TeiaEducation\/"]}]}},"_links":{"self":[{"href":"https:\/\/teiaeducation.ch\/fr\/wp-json\/wp\/v2\/pages\/41710","targetHints":{"allow":["GET"]}}],"collection":[{"href":"https:\/\/teiaeducation.ch\/fr\/wp-json\/wp\/v2\/pages"}],"about":[{"href":"https:\/\/teiaeducation.ch\/fr\/wp-json\/wp\/v2\/types\/page"}],"author":[{"embeddable":true,"href":"https:\/\/teiaeducation.ch\/fr\/wp-json\/wp\/v2\/users\/1"}],"replies":[{"embeddable":true,"href":"https:\/\/teiaeducation.ch\/fr\/wp-json\/wp\/v2\/comments?post=41710"}],"version-history":[{"count":7,"href":"https:\/\/teiaeducation.ch\/fr\/wp-json\/wp\/v2\/pages\/41710\/revisions"}],"predecessor-version":[{"id":43549,"href":"https:\/\/teiaeducation.ch\/fr\/wp-json\/wp\/v2\/pages\/41710\/revisions\/43549"}],"wp:featuredmedia":[{"embeddable":true,"href":"https:\/\/teiaeducation.ch\/fr\/wp-json\/wp\/v2\/media\/40048"}],"wp:attachment":[{"href":"https:\/\/teiaeducation.ch\/fr\/wp-json\/wp\/v2\/media?parent=41710"}],"curies":[{"name":"wp","href":"https:\/\/api.w.org\/{rel}","templated":true}]}}