{"id":4273,"date":"2019-02-27T17:15:55","date_gmt":"2019-02-27T16:15:55","guid":{"rendered":"https:\/\/teiaeducation.ch\/?page_id=4273"},"modified":"2022-03-09T12:15:07","modified_gmt":"2022-03-09T11:15:07","slug":"fournitures-scolaires","status":"publish","type":"page","link":"https:\/\/teiaeducation.ch\/fr\/fournitures-scolaires\/","title":{"rendered":"Fournitures pour \u00e9coles maternelles et primaires"},"content":{"rendered":"\n  <div class=\"banner has-hover hide-for-small\" id=\"banner-1469155390\">\n          <div class=\"banner-inner fill\">\n        <div class=\"banner-bg fill\" >\n            <img fetchpriority=\"high\" decoding=\"async\" width=\"1020\" height=\"680\" src=\"https:\/\/teiaeducation.ch\/wp-content\/uploads\/2020\/08\/Montessori-school-1200x800.jpeg\" class=\"bg attachment-large size-large\" alt=\"Montessori school\" \/>                                    \n                    <\/div>\n\t\t\n        <div class=\"banner-layers container\">\n            <div class=\"fill banner-link\"><\/div>            \n\n   <div id=\"text-box-181634532\" class=\"text-box banner-layer x50 md-x50 lg-x50 y50 md-y50 lg-y50 res-text\">\n                                <div class=\"text-box-content text \">\n              \n              <div class=\"text-inner text-center\">\n                  \n\n<h6 style=\"text-align: center;\">Teia education &amp; play<\/h6>\n<h1 class=\"uppercase\" style=\"text-align: center;\"><span style=\"font-size: 90%;\">fournitures pour \u00e9coles<\/span><\/h1>\n\n              <\/div>\n           <\/div>\n                            \n<style>\n#text-box-181634532 .text-box-content {\n  background-color: rgba(255, 255, 255, 0.77);\n  font-size: 100%;\n}\n#text-box-181634532 .text-inner {\n  padding: 30px 30px 18px 30px;\n}\n#text-box-181634532 {\n  width: 77%;\n}\n@media (min-width:550px) {\n  #text-box-181634532 {\n    width: 60%;\n  }\n}\n<\/style>\n    <\/div>\n \n\n        <\/div>\n      <\/div>\n\n            \n<style>\n#banner-1469155390 {\n  padding-top: 88px;\n  background-color: rgb(0,0,0);\n}\n#banner-1469155390 .banner-bg img {\n  object-position: 0% 43%;\n}\n@media (min-width:550px) {\n  #banner-1469155390 {\n    padding-top: 300px;\n  }\n}\n<\/style>\n  <\/div>\n\n\n\t<div id=\"gap-482363237\" class=\"gap-element clearfix hide-for-small\" style=\"display:block; height:auto;\">\n\t\t\n<style>\n#gap-482363237 {\n  padding-top: 30px;\n}\n<\/style>\n\t<\/div>\n\t\n\t<div id=\"gap-2012340778\" class=\"gap-element clearfix\" style=\"display:block; height:auto;\">\n\t\t\n<style>\n#gap-2012340778 {\n  padding-top: 30px;\n}\n<\/style>\n\t<\/div>\n\t\n<div class=\"row\"  id=\"row-1755054703\">\n\n\t<div id=\"col-385860133\" class=\"col small-12 large-12\"  >\n\t\t\t\t<div class=\"col-inner\"  >\n\t\t\t\n\t\t\t\n<h2>Magasin de fournitures pour \u00e9coles maternelles et primaires<\/h2>\n<p>Chez Teia Education &amp; Play, nous travaillons avec des enseignants et tous les types d&#8217;\u00e9tablissements scolaires publics et priv\u00e9s, non seulement en Suisse mais dans le monde entier !<\/p>\n<h2>Pourquoi travailler avec nous ?<\/h2>\n<p>Nous nous effor\u00e7ons d&#8217;offrir un excellent service \u00e0 la client\u00e8le et notre magasin de fournitures pour \u00e9coles propose du <a href=\"https:\/\/teiaeducation.ch\/fr\/categorie-produit\/domaines-du-curriculum\/\">mat\u00e9riel \u00e9ducatif<\/a> et des <a href=\"https:\/\/teiaeducation.ch\/fr\/categorie-produit\/jouer\/\">jouets<\/a> de d\u00e9veloppement de qualit\u00e9, du <a href=\"https:\/\/teiaeducation.ch\/fr\/categorie-produit\/methode-deducation\/montessori-fr\/\">mat\u00e9riel Montessori<\/a>, des jouets <a href=\"https:\/\/teiaeducation.ch\/fr\/categorie-produit\/methode-deducation\/waldorf-fr\/\">Waldorf<\/a>, des <a href=\"https:\/\/teiaeducation.ch\/fr\/categorie-produit\/creativite-beaux-arts-et-bricolage\/\">fournitures cr\u00e9atives<\/a>, des jouets ouverts, des <a href=\"https:\/\/teiaeducation.ch\/fr\/categorie-produit\/materiel-indispensable\/meubles-rangement\/\">meubles<\/a> et des solutions de rangement \u00e0 utiliser dans tout environnement d&#8217;apprentissage pr\u00e9par\u00e9.<\/p>\n<p>Tous nos produits sont certifi\u00e9s par les autorit\u00e9s comp\u00e9tentes, r\u00e9pondent aux normes internationales et europ\u00e9ennes rigoureuses de s\u00e9curit\u00e9 en mati\u00e8re de fabrication de jouets et sont exempts de toxines. Ils sont durables et fabriqu\u00e9s dans le respect de l&#8217;environnement et des personnes qui les fabriquent. Ils r\u00e9sisteront \u00e0 des ann\u00e9es d&#8217;utilisation continue et robuste.<\/p>\n<p>D\u00e9velopp\u00e9s par des experts en \u00e9ducation, nos mat\u00e9riels d&#8217;apprentissage sp\u00e9cialis\u00e9s favorisent le d\u00e9veloppement et l&#8217;apprentissage par le jeu, tout en se conformant \u00e0 des programmes et des objectifs d&#8217;apprentissage \u00e9prouv\u00e9s au niveau international.<\/p>\n<p>Si vous recherchez du mat\u00e9riel \u00e9ducatif, des jouets de d\u00e9veloppement ou des ressources pour votre \u00e9cole maternelle, votre centre d&#8217;apprentissage pr\u00e9coce ou votre \u00e9cole primaire, n&#8217;h\u00e9sitez pas \u00e0 nous <strong><a href=\"https:\/\/teiaeducation.ch\/fr\/contact-us\/\">contacter<\/a><\/strong>.<\/p>\n<p>Nous serons heureux d&#8217;ouvrir un compte pour vous et de vous donner acc\u00e8s \u00e0 notre portail scolaire o\u00f9 vous pourrez t\u00e9l\u00e9charger les catalogues et les listes de prix de nos marques.<\/p>\n<h2>Remise et livraison gratuite<\/h2>\n<p>Nous proposons des prix sp\u00e9ciaux et des remises aux \u00e9tablissements scolaires du monde entier qui b\u00e9n\u00e9ficient \u00e9galement d&#8217;offres sp\u00e9ciales que nous n\u00e9gocions tout au long de l&#8217;ann\u00e9e avec nos fournisseurs.<\/p>\n<p>La livraison gratuite est offerte (en Suisse uniquement) pour les commandes de 120 francs suisses et plus. Cela inclut \u00e9galement les meubles ne d\u00e9passant pas 30 kilogrammes.<\/p>\n<h2>Fournisseur certifi\u00e9<\/h2>\n<p>Pour une plus grande tranquillit\u00e9 d&#8217;esprit, nous avons \u00e9t\u00e9 pr\u00e9-approuv\u00e9s par le d\u00e9partement des achats de plusieurs cantons suisses et avons des accords en place pour fournir les \u00e9coles publiques et les enseignants :<\/p>\n<p>Teia Education &amp; Play est fournisseur officiel de la centrale commune d&#8217;achats (<a href=\"https:\/\/ge.ch\/annuaire\/service\/2317\">CCA<\/a>) du canton de Gen\u00e8ve ainsi que de la direction des achats et de la logistique (<a href=\"https:\/\/www.vd.ch\/toutes-les-autorites\/departements\/departement-des-finances-et-des-relations-exterieures-dfire\/direction-generale-des-immeubles-et-du-patrimoine-dgip\/dal\/\">DAL<\/a>) du canton de Vaud.<\/p>\n<p>Notre gamme de mat\u00e9riel \u00e9ducatif (Montessori) et de jouets de d\u00e9veloppement est reconnue par le d\u00e9partement de l&#8217;instruction publique, de la formation et de la jeunesse (<a href=\"https:\/\/www.ge.ch\/organisation\/departement-instruction-publique-formation-jeunesse-dip\">DIP<\/a>) ainsi que par le service de l&#8217;enseignement priv\u00e9 (<a href=\"https:\/\/www.ge.ch\/organisation\/service-enseignement-prive\">SEP<\/a>), canton de Gen\u00e8ve.<\/p>\n<p>Nous sommes membres de l&#8217;Association Montessori Suisse (<a href=\"https:\/\/www.montessori-suisse.ch\/\">AMS<\/a>) et l&#8217;Association suisse des jouets (<a href=\"https:\/\/www.spielwarenverband.ch\">ASJ<\/a>.)<\/p>\n<h2>Facture administrative pour les \u00e9coles<\/h2>\n<p>Les commandes des \u00e9coles et des enseignants peuvent \u00eatre pass\u00e9es via notre boutique en ligne, mais nous vous recommandons de nous <a href=\"mailto:in**@***********on.ch\" data-original-string=\"j9Mh3MJv33Oc46rvTIdNFw==7eaqSOzN\/NG0Q+K4UHlPQUkTvcy6Uy8kTKQODSJ6RjbEHo=\" title=\"This contact has been encoded by Anti-Spam by CleanTalk. Click to decode. To finish the decoding make sure that JavaScript is enabled in your browser.\">contacter<\/a> directement pour b\u00e9n\u00e9ficier de nos prix sp\u00e9ciaux, de nos remises et de la possibilit\u00e9 de commander sur facture.<\/p>\n<p>Une facture d\u00e9taill\u00e9e destin\u00e9e \u00e0 l&#8217;administration de l&#8217;\u00e9cole sera fournie pour chaque commande.<\/p>\n<h2>Devis gratuit<\/h2>\n<p>Nous proposons de nombreux services adapt\u00e9s \u00e0 vos besoins individuels. Si vous souhaitez discuter de la mani\u00e8re dont nous pouvons \u00eatre au service de votre \u00e9tablissement scolaire ou recevoir une liste de prix de nos marques, un devis d\u00e9taill\u00e9 sans engagement ou un plan personnalis\u00e9 pour votre classe, n&#8217;h\u00e9sitez pas \u00e0 nous contacter.<\/p>\n<p>Une fois les restrictions de d\u00e9placement lev\u00e9es, nous serons heureux de visiter votre \u00e9tablissement et de faire une d\u00e9monstration de nos produits (en Suisse uniquement). En attendant, nous pouvons organiser des r\u00e9unions et des d\u00e9monstrations par vid\u00e9oconf\u00e9rence.<\/p>\n<p>Nous parlons couramment fran\u00e7ais, anglais, n\u00e9erlandais et allemand interm\u00e9diaire.<\/p>\n<h2>\u00c9coles Montessori \/ Waldorf Steiner<\/h2>\n<p>Si vous nous contactez au nom d&#8217;une \u00e9cole Montessori ou Steiner, veuillez vous r\u00e9f\u00e9rer aux pages ci-dessous :<\/p>\n<p><a href=\"https:\/\/teiaeducation.ch\/fr\/fournitures-scolaires\/fournitures-pour-les-ecoles-montessori\/\">Fournitures pour les \u00e9coles Montessori<\/a> &gt;<\/p>\n<p><a href=\"https:\/\/teiaeducation.ch\/fr\/fournitures-pour-les-ecoles-waldorf-steiner\/\">Fournitures pour les \u00e9coles Waldorf Steiner<\/a> &gt;<\/p>\n\t\t<\/div>\n\t\t\t\t\t<\/div>\n\n\t\n<\/div>\n","protected":false},"excerpt":{"rendered":"","protected":false},"author":1,"featured_media":0,"parent":0,"menu_order":2,"comment_status":"closed","ping_status":"closed","template":"page-blank.php","meta":{"footnotes":""},"class_list":["post-4273","page","type-page","status-publish","hentry"],"yoast_head":"<!-- This site is optimized with the Yoast SEO Premium plugin v25.8 (Yoast SEO v27.4) - https:\/\/yoast.com\/product\/yoast-seo-premium-wordpress\/ -->\n<title>Fournitures pour \u00c9coles - Jouets de D\u00e9veloppement &amp; Mat\u00e9riel Montessori<\/title>\n<meta name=\"description\" content=\"Magasin de jouets de d\u00e9veloppement de qualit\u00e9, mat\u00e9riel Montessori, jouets Waldorf, fournitures cr\u00e9atives et mobilier pour les \u00e9coles.\" \/>\n<meta name=\"robots\" content=\"index, follow, max-snippet:-1, max-image-preview:large, max-video-preview:-1\" \/>\n<link rel=\"canonical\" href=\"https:\/\/teiaeducation.ch\/fr\/fournitures-scolaires\/\" \/>\n<meta property=\"og:locale\" content=\"fr_FR\" \/>\n<meta property=\"og:type\" content=\"article\" \/>\n<meta property=\"og:title\" content=\"Fournitures pour \u00e9coles maternelles et primaires\" \/>\n<meta property=\"og:description\" content=\"Magasin de jouets de d\u00e9veloppement de qualit\u00e9, mat\u00e9riel Montessori, jouets Waldorf, fournitures cr\u00e9atives et mobilier pour les \u00e9coles.\" \/>\n<meta property=\"og:url\" content=\"https:\/\/teiaeducation.ch\/fr\/fournitures-scolaires\/\" \/>\n<meta property=\"og:site_name\" content=\"Sustainable Educational Products &amp; Ecological Toys\u00a0\" \/>\n<meta property=\"article:publisher\" content=\"https:\/\/www.facebook.com\/teiaeducation\/\" \/>\n<meta property=\"article:modified_time\" content=\"2022-03-09T11:15:07+00:00\" \/>\n<meta property=\"og:image\" content=\"https:\/\/teiaeducation.ch\/wp-content\/uploads\/2019\/03\/AdobeStock_154984903.jpeg\" \/>\n\t<meta property=\"og:image:width\" content=\"1200\" \/>\n\t<meta property=\"og:image:height\" content=\"800\" \/>\n\t<meta property=\"og:image:type\" content=\"image\/jpeg\" \/>\n<script type=\"application\/ld+json\" class=\"yoast-schema-graph\">{\"@context\":\"https:\\\/\\\/schema.org\",\"@graph\":[{\"@type\":\"WebPage\",\"@id\":\"https:\\\/\\\/teiaeducation.ch\\\/fr\\\/fournitures-scolaires\\\/\",\"url\":\"https:\\\/\\\/teiaeducation.ch\\\/fr\\\/fournitures-scolaires\\\/\",\"name\":\"Fournitures pour \u00c9coles - Jouets de D\u00e9veloppement & Mat\u00e9riel Montessori\",\"isPartOf\":{\"@id\":\"https:\\\/\\\/teiaeducation.ch\\\/fr\\\/#website\"},\"datePublished\":\"2019-02-27T16:15:55+00:00\",\"dateModified\":\"2022-03-09T11:15:07+00:00\",\"description\":\"Magasin de jouets de d\u00e9veloppement de qualit\u00e9, mat\u00e9riel Montessori, jouets Waldorf, fournitures cr\u00e9atives et mobilier pour les \u00e9coles.\",\"breadcrumb\":{\"@id\":\"https:\\\/\\\/teiaeducation.ch\\\/fr\\\/fournitures-scolaires\\\/#breadcrumb\"},\"inLanguage\":\"fr-FR\",\"potentialAction\":[{\"@type\":\"ReadAction\",\"target\":[\"https:\\\/\\\/teiaeducation.ch\\\/fr\\\/fournitures-scolaires\\\/\"]}]},{\"@type\":\"BreadcrumbList\",\"@id\":\"https:\\\/\\\/teiaeducation.ch\\\/fr\\\/fournitures-scolaires\\\/#breadcrumb\",\"itemListElement\":[{\"@type\":\"ListItem\",\"position\":1,\"name\":\"Home\",\"item\":\"https:\\\/\\\/teiaeducation.ch\\\/fr\\\/\"},{\"@type\":\"ListItem\",\"position\":2,\"name\":\"Fournitures pour \u00e9coles maternelles et primaires\"}]},{\"@type\":\"WebSite\",\"@id\":\"https:\\\/\\\/teiaeducation.ch\\\/fr\\\/#website\",\"url\":\"https:\\\/\\\/teiaeducation.ch\\\/fr\\\/\",\"name\":\"Sustainable Educational Products &amp; Ecological Toys\u00a0\",\"description\":\"Specialised Swiss shop selling sustainable educational toys and games, AMI certified Montessori materials, handmade ecological wooden Waldorf toys and arts &amp; crafts supplies, school supplies, children&#039;s furniture and Montessori reference and parenting books.\",\"publisher\":{\"@id\":\"https:\\\/\\\/teiaeducation.ch\\\/fr\\\/#organization\"},\"alternateName\":\"Teia Education & Play\",\"potentialAction\":[{\"@type\":\"SearchAction\",\"target\":{\"@type\":\"EntryPoint\",\"urlTemplate\":\"https:\\\/\\\/teiaeducation.ch\\\/fr\\\/?s={search_term_string}\"},\"query-input\":{\"@type\":\"PropertyValueSpecification\",\"valueRequired\":true,\"valueName\":\"search_term_string\"}}],\"inLanguage\":\"fr-FR\"},{\"@type\":\"Organization\",\"@id\":\"https:\\\/\\\/teiaeducation.ch\\\/fr\\\/#organization\",\"name\":\"Teia Education & Play\",\"url\":\"https:\\\/\\\/teiaeducation.ch\\\/fr\\\/\",\"logo\":{\"@type\":\"ImageObject\",\"inLanguage\":\"fr-FR\",\"@id\":\"https:\\\/\\\/teiaeducation.ch\\\/fr\\\/#\\\/schema\\\/logo\\\/image\\\/\",\"url\":\"https:\\\/\\\/teiaeducation.ch\\\/wp-content\\\/uploads\\\/2020\\\/11\\\/Teia-Education-Switzerland-e1620156442216.jpg\",\"contentUrl\":\"https:\\\/\\\/teiaeducation.ch\\\/wp-content\\\/uploads\\\/2020\\\/11\\\/Teia-Education-Switzerland-e1620156442216.jpg\",\"width\":166,\"height\":145,\"caption\":\"Teia Education & Play\"},\"image\":{\"@id\":\"https:\\\/\\\/teiaeducation.ch\\\/fr\\\/#\\\/schema\\\/logo\\\/image\\\/\"},\"sameAs\":[\"https:\\\/\\\/www.facebook.com\\\/teiaeducation\\\/\",\"https:\\\/\\\/x.com\\\/EducationTeia\",\"https:\\\/\\\/www.instagram.com\\\/teia.education\\\/\",\"https:\\\/\\\/www.linkedin.com\\\/company\\\/35501660\",\"https:\\\/\\\/www.pinterest.ch\\\/TeiaEducation\\\/\"]}]}<\/script>\n<!-- \/ Yoast SEO Premium plugin. -->","yoast_head_json":{"title":"Fournitures pour \u00c9coles - Jouets de D\u00e9veloppement & Mat\u00e9riel Montessori","description":"Magasin de jouets de d\u00e9veloppement de qualit\u00e9, mat\u00e9riel Montessori, jouets Waldorf, fournitures cr\u00e9atives et mobilier pour les \u00e9coles.","robots":{"index":"index","follow":"follow","max-snippet":"max-snippet:-1","max-image-preview":"max-image-preview:large","max-video-preview":"max-video-preview:-1"},"canonical":"https:\/\/teiaeducation.ch\/fr\/fournitures-scolaires\/","og_locale":"fr_FR","og_type":"article","og_title":"Fournitures pour \u00e9coles maternelles et primaires","og_description":"Magasin de jouets de d\u00e9veloppement de qualit\u00e9, mat\u00e9riel Montessori, jouets Waldorf, fournitures cr\u00e9atives et mobilier pour les \u00e9coles.","og_url":"https:\/\/teiaeducation.ch\/fr\/fournitures-scolaires\/","og_site_name":"Sustainable Educational Products &amp; Ecological Toys\u00a0","article_publisher":"https:\/\/www.facebook.com\/teiaeducation\/","article_modified_time":"2022-03-09T11:15:07+00:00","og_image":[{"width":1200,"height":800,"url":"https:\/\/teiaeducation.ch\/wp-content\/uploads\/2019\/03\/AdobeStock_154984903.jpeg","type":"image\/jpeg"}],"schema":{"@context":"https:\/\/schema.org","@graph":[{"@type":"WebPage","@id":"https:\/\/teiaeducation.ch\/fr\/fournitures-scolaires\/","url":"https:\/\/teiaeducation.ch\/fr\/fournitures-scolaires\/","name":"Fournitures pour \u00c9coles - Jouets de D\u00e9veloppement & Mat\u00e9riel Montessori","isPartOf":{"@id":"https:\/\/teiaeducation.ch\/fr\/#website"},"datePublished":"2019-02-27T16:15:55+00:00","dateModified":"2022-03-09T11:15:07+00:00","description":"Magasin de jouets de d\u00e9veloppement de qualit\u00e9, mat\u00e9riel Montessori, jouets Waldorf, fournitures cr\u00e9atives et mobilier pour les \u00e9coles.","breadcrumb":{"@id":"https:\/\/teiaeducation.ch\/fr\/fournitures-scolaires\/#breadcrumb"},"inLanguage":"fr-FR","potentialAction":[{"@type":"ReadAction","target":["https:\/\/teiaeducation.ch\/fr\/fournitures-scolaires\/"]}]},{"@type":"BreadcrumbList","@id":"https:\/\/teiaeducation.ch\/fr\/fournitures-scolaires\/#breadcrumb","itemListElement":[{"@type":"ListItem","position":1,"name":"Home","item":"https:\/\/teiaeducation.ch\/fr\/"},{"@type":"ListItem","position":2,"name":"Fournitures pour \u00e9coles maternelles et primaires"}]},{"@type":"WebSite","@id":"https:\/\/teiaeducation.ch\/fr\/#website","url":"https:\/\/teiaeducation.ch\/fr\/","name":"Sustainable Educational Products &amp; Ecological Toys\u00a0","description":"Specialised Swiss shop selling sustainable educational toys and games, AMI certified Montessori materials, handmade ecological wooden Waldorf toys and arts &amp; crafts supplies, school supplies, children&#039;s furniture and Montessori reference and parenting books.","publisher":{"@id":"https:\/\/teiaeducation.ch\/fr\/#organization"},"alternateName":"Teia Education & Play","potentialAction":[{"@type":"SearchAction","target":{"@type":"EntryPoint","urlTemplate":"https:\/\/teiaeducation.ch\/fr\/?s={search_term_string}"},"query-input":{"@type":"PropertyValueSpecification","valueRequired":true,"valueName":"search_term_string"}}],"inLanguage":"fr-FR"},{"@type":"Organization","@id":"https:\/\/teiaeducation.ch\/fr\/#organization","name":"Teia Education & Play","url":"https:\/\/teiaeducation.ch\/fr\/","logo":{"@type":"ImageObject","inLanguage":"fr-FR","@id":"https:\/\/teiaeducation.ch\/fr\/#\/schema\/logo\/image\/","url":"https:\/\/teiaeducation.ch\/wp-content\/uploads\/2020\/11\/Teia-Education-Switzerland-e1620156442216.jpg","contentUrl":"https:\/\/teiaeducation.ch\/wp-content\/uploads\/2020\/11\/Teia-Education-Switzerland-e1620156442216.jpg","width":166,"height":145,"caption":"Teia Education & Play"},"image":{"@id":"https:\/\/teiaeducation.ch\/fr\/#\/schema\/logo\/image\/"},"sameAs":["https:\/\/www.facebook.com\/teiaeducation\/","https:\/\/x.com\/EducationTeia","https:\/\/www.instagram.com\/teia.education\/","https:\/\/www.linkedin.com\/company\/35501660","https:\/\/www.pinterest.ch\/TeiaEducation\/"]}]}},"_links":{"self":[{"href":"https:\/\/teiaeducation.ch\/fr\/wp-json\/wp\/v2\/pages\/4273","targetHints":{"allow":["GET"]}}],"collection":[{"href":"https:\/\/teiaeducation.ch\/fr\/wp-json\/wp\/v2\/pages"}],"about":[{"href":"https:\/\/teiaeducation.ch\/fr\/wp-json\/wp\/v2\/types\/page"}],"author":[{"embeddable":true,"href":"https:\/\/teiaeducation.ch\/fr\/wp-json\/wp\/v2\/users\/1"}],"replies":[{"embeddable":true,"href":"https:\/\/teiaeducation.ch\/fr\/wp-json\/wp\/v2\/comments?post=4273"}],"version-history":[{"count":0,"href":"https:\/\/teiaeducation.ch\/fr\/wp-json\/wp\/v2\/pages\/4273\/revisions"}],"wp:attachment":[{"href":"https:\/\/teiaeducation.ch\/fr\/wp-json\/wp\/v2\/media?parent=4273"}],"curies":[{"name":"wp","href":"https:\/\/api.w.org\/{rel}","templated":true}]}}