{"id":20333,"date":"2018-12-01T20:47:52","date_gmt":"2018-12-01T19:47:52","guid":{"rendered":"https:\/\/teiaeducation.ch\/product\/piece-detachee-5eme-cylindre-du-bloc-n-2-nienhuis-montessori\/"},"modified":"2020-10-19T19:06:17","modified_gmt":"2020-10-19T17:06:17","slug":"piece-detachee-5eme-cylindre-du-bloc-n-2-nienhuis-montessori","status":"publish","type":"product","link":"https:\/\/teiaeducation.ch\/fr\/produit\/piece-detachee-5eme-cylindre-du-bloc-n-2-nienhuis-montessori\/","title":{"rendered":"Pi\u00e8ce d\u00e9tach\u00e9e: 5\u00e8me cylindre du bloc n \u00b0 2 &#8211; Nienhuis Montessori"},"content":{"rendered":"<p>Pi\u00e8ce d\u00e9tach\u00e9e: 5\u00e8me cylindre du bloc n \u00b0 2 &#8211; Nienhuis Montessori<\/p>\n<p><span class=\"tlid-translation translation\" lang=\"fr\"><span title=\"\">Une pi\u00e8ce d\u00e9tach\u00e9e pour le b<\/span><\/span>loc des <a href=\"https:\/\/teiaeducation.ch\/fr\/produit\/bloc-des-cylindres-no-2-nienhuis-montessori\/\">cylindres no. 2<\/a> <span class=\"tlid-translation translation\" lang=\"fr\"><span title=\"\">de Nienhuis Montessori.<\/span><\/span><\/p>\n<p><span class=\"\" title=\"\">Ce mat\u00e9riel convient aux enfants \u00e2g\u00e9s de 3 ans et plus.<\/span><\/p>\n<p><span class=\"tlid-translation translation\" lang=\"fr\"><span class=\"\" title=\"\">Contenu:<\/span><\/span><\/p>\n<p><span class=\"\" title=\"\">1 cylindre no. 5 <span class=\"tlid-translation translation\" lang=\"fr\"><span title=\"\">pour le b<\/span><\/span>loc des cylindres no. 2<br \/>\n<\/span><\/p>\n","protected":false},"excerpt":{"rendered":"<p><span id=\"result_box\" class=\"short_text\" lang=\"fr\"><span class=\"\">Num\u00e9ro d\u2019article:<\/span><\/span> <span data-sheets-value=\"{&quot;1&quot;:2,&quot;2&quot;:&quot;00200005&quot;}\" data-sheets-userformat=\"{&quot;2&quot;:6337,&quot;3&quot;:{&quot;1&quot;:1},&quot;9&quot;:0,&quot;10&quot;:2,&quot;14&quot;:[null,2,0],&quot;15&quot;:&quot;Lato&quot;}\">00200005<\/span><\/p>\n<p>Une pi\u00e8ce d\u00e9tach\u00e9e pour le bloc des cylindres no. 2 de Nienhuis Montessori. Ce mat\u00e9riel convient aux enfants \u00e2g\u00e9s de 3 ans et plus.<\/p>\n","protected":false},"featured_media":19969,"comment_status":"closed","ping_status":"closed","template":"","meta":[],"product_brand":[],"product_cat":[215,635,283,638,277,288,1218,207,217,13153,301,276,209,623,212],"product_tag":[1235,768,1236,803,767,1230,1233,1231,1229],"class_list":{"0":"post-20333","1":"product","2":"type-product","3":"status-publish","4":"has-post-thumbnail","6":"product_cat-3-6-ans","7":"product_cat-competences-motrices","8":"product_cat-domaines-du-curriculum","9":"product_cat-sens","10":"product_cat-materiel-indispensable","11":"product_cat-mathematiques-calcul","12":"product_cat-montessori-fr","13":"product_cat-nienhuis-montessori-materiel-fr","14":"product_cat-marques","15":"product_cat-pack-classe-3-6-ans","16":"product_cat-pieces-detachees-fr","17":"product_cat-sensoriel","18":"product_cat-sensorielles-motrices","19":"product_cat-serialisation","20":"product_cat-tranche-dage","21":"product_tag-bloc-des-cylindres-no-2-nienhuis-montessori","22":"product_tag-materiel-montessori-suisse","23":"product_tag-nenhuis-montessori-pieces-detachees","24":"product_tag-nienhuis-montessori-fr","25":"product_tag-nienhuis-montessori-suisse-fr-2","26":"product_tag-petite-enfance-3-6","27":"product_tag-pieces-detachees-nienhuis-fr","28":"product_tag-sens-visuel","29":"product_tag-sensoriel","31":"first","32":"instock","33":"taxable","34":"shipping-taxable","35":"purchasable","36":"product-type-simple"},"yoast_head":"<!-- This site is optimized with the Yoast SEO Premium plugin v25.8 (Yoast SEO v27.4) - https:\/\/yoast.com\/product\/yoast-seo-premium-wordpress\/ -->\n<title>Pi\u00e8ce d\u00e9tach\u00e9e: 5\u00e8me cylindre du bloc n \u00b0 2 - Nienhuis Montessori - Teia Education &amp; Play<\/title>\n<meta name=\"description\" content=\"Pi\u00e8ce d\u00e9tach\u00e9e pour le bloc des cylindres no. 2 de Nienhuis Montessori. Ce mat\u00e9riel convient aux enfants \u00e2g\u00e9s de 3 ans et plus.\" \/>\n<meta name=\"robots\" content=\"index, follow, max-snippet:-1, max-image-preview:large, max-video-preview:-1\" \/>\n<link rel=\"canonical\" href=\"https:\/\/teiaeducation.ch\/fr\/produit\/piece-detachee-5eme-cylindre-du-bloc-n-2-nienhuis-montessori\/\" \/>\n<meta property=\"og:locale\" content=\"fr_FR\" \/>\n<meta property=\"og:type\" content=\"article\" \/>\n<meta property=\"og:title\" content=\"Pi\u00e8ce d\u00e9tach\u00e9e: 5\u00e8me cylindre du bloc n \u00b0 2 - Nienhuis Montessori\" \/>\n<meta property=\"og:description\" content=\"Pi\u00e8ce d\u00e9tach\u00e9e pour le bloc des cylindres no. 2 de Nienhuis Montessori. Ce mat\u00e9riel convient aux enfants \u00e2g\u00e9s de 3 ans et plus.\" \/>\n<meta property=\"og:url\" content=\"https:\/\/teiaeducation.ch\/fr\/produit\/piece-detachee-5eme-cylindre-du-bloc-n-2-nienhuis-montessori\/\" \/>\n<meta property=\"og:site_name\" content=\"Sustainable Educational Products &amp; Ecological Toys\u00a0\" \/>\n<meta property=\"article:publisher\" content=\"https:\/\/www.facebook.com\/teiaeducation\/\" \/>\n<meta property=\"article:modified_time\" content=\"2020-10-19T17:06:17+00:00\" \/>\n<meta property=\"og:image\" content=\"https:\/\/teiaeducation.ch\/wp-content\/uploads\/2019\/08\/00200005.jpg\" \/>\n\t<meta property=\"og:image:width\" content=\"900\" \/>\n\t<meta property=\"og:image:height\" content=\"900\" \/>\n\t<meta property=\"og:image:type\" content=\"image\/jpeg\" \/>\n<script type=\"application\/ld+json\" class=\"yoast-schema-graph\">{\"@context\":\"https:\\\/\\\/schema.org\",\"@graph\":[{\"@type\":\"WebPage\",\"@id\":\"https:\\\/\\\/teiaeducation.ch\\\/fr\\\/produit\\\/piece-detachee-5eme-cylindre-du-bloc-n-2-nienhuis-montessori\\\/\",\"url\":\"https:\\\/\\\/teiaeducation.ch\\\/fr\\\/produit\\\/piece-detachee-5eme-cylindre-du-bloc-n-2-nienhuis-montessori\\\/\",\"name\":\"Pi\u00e8ce d\u00e9tach\u00e9e: 5\u00e8me cylindre du bloc n \u00b0 2 - Nienhuis Montessori - Teia Education & Play\",\"isPartOf\":{\"@id\":\"https:\\\/\\\/teiaeducation.ch\\\/fr\\\/#website\"},\"primaryImageOfPage\":{\"@id\":\"https:\\\/\\\/teiaeducation.ch\\\/fr\\\/produit\\\/piece-detachee-5eme-cylindre-du-bloc-n-2-nienhuis-montessori\\\/#primaryimage\"},\"image\":{\"@id\":\"https:\\\/\\\/teiaeducation.ch\\\/fr\\\/produit\\\/piece-detachee-5eme-cylindre-du-bloc-n-2-nienhuis-montessori\\\/#primaryimage\"},\"thumbnailUrl\":\"https:\\\/\\\/teiaeducation.ch\\\/wp-content\\\/uploads\\\/2019\\\/08\\\/00200005.jpg\",\"datePublished\":\"2018-12-01T19:47:52+00:00\",\"dateModified\":\"2020-10-19T17:06:17+00:00\",\"description\":\"Pi\u00e8ce d\u00e9tach\u00e9e pour le bloc des cylindres no. 2 de Nienhuis Montessori. Ce mat\u00e9riel convient aux enfants \u00e2g\u00e9s de 3 ans et plus.\",\"breadcrumb\":{\"@id\":\"https:\\\/\\\/teiaeducation.ch\\\/fr\\\/produit\\\/piece-detachee-5eme-cylindre-du-bloc-n-2-nienhuis-montessori\\\/#breadcrumb\"},\"inLanguage\":\"fr-FR\",\"potentialAction\":[{\"@type\":\"ReadAction\",\"target\":[\"https:\\\/\\\/teiaeducation.ch\\\/fr\\\/produit\\\/piece-detachee-5eme-cylindre-du-bloc-n-2-nienhuis-montessori\\\/\"]}]},{\"@type\":\"ImageObject\",\"inLanguage\":\"fr-FR\",\"@id\":\"https:\\\/\\\/teiaeducation.ch\\\/fr\\\/produit\\\/piece-detachee-5eme-cylindre-du-bloc-n-2-nienhuis-montessori\\\/#primaryimage\",\"url\":\"https:\\\/\\\/teiaeducation.ch\\\/wp-content\\\/uploads\\\/2019\\\/08\\\/00200005.jpg\",\"contentUrl\":\"https:\\\/\\\/teiaeducation.ch\\\/wp-content\\\/uploads\\\/2019\\\/08\\\/00200005.jpg\",\"width\":900,\"height\":900,\"caption\":\"Pi\u00e8ce d\u00e9tach\u00e9e: 5\u00e8me cylindre du bloc n \u00b0 2 - Nienhuis Montessori\"},{\"@type\":\"BreadcrumbList\",\"@id\":\"https:\\\/\\\/teiaeducation.ch\\\/fr\\\/produit\\\/piece-detachee-5eme-cylindre-du-bloc-n-2-nienhuis-montessori\\\/#breadcrumb\",\"itemListElement\":[{\"@type\":\"ListItem\",\"position\":1,\"name\":\"Home\",\"item\":\"https:\\\/\\\/teiaeducation.ch\\\/fr\\\/\"},{\"@type\":\"ListItem\",\"position\":2,\"name\":\"Boutique Teia Education &amp; Play\",\"item\":\"https:\\\/\\\/teiaeducation.ch\\\/fr\\\/boutique\\\/\"},{\"@type\":\"ListItem\",\"position\":3,\"name\":\"Nos Marques\",\"item\":\"https:\\\/\\\/teiaeducation.ch\\\/fr\\\/categorie-produit\\\/marques\\\/\"},{\"@type\":\"ListItem\",\"position\":4,\"name\":\"Nienhuis Montessori Suisse\",\"item\":\"https:\\\/\\\/teiaeducation.ch\\\/fr\\\/categorie-produit\\\/marques\\\/nienhuis-montessori-materiel-fr\\\/\"},{\"@type\":\"ListItem\",\"position\":5,\"name\":\"Sensoriel\",\"item\":\"https:\\\/\\\/teiaeducation.ch\\\/fr\\\/categorie-produit\\\/marques\\\/nienhuis-montessori-materiel-fr\\\/sensoriel\\\/\"},{\"@type\":\"ListItem\",\"position\":6,\"name\":\"Pi\u00e8ce d\u00e9tach\u00e9e: 5\u00e8me cylindre du bloc n \u00b0 2 &#8211; Nienhuis Montessori\"}]},{\"@type\":\"WebSite\",\"@id\":\"https:\\\/\\\/teiaeducation.ch\\\/fr\\\/#website\",\"url\":\"https:\\\/\\\/teiaeducation.ch\\\/fr\\\/\",\"name\":\"Sustainable Educational Products &amp; Ecological Toys\u00a0\",\"description\":\"Specialised Swiss shop selling sustainable educational toys and games, AMI certified Montessori materials, handmade ecological wooden Waldorf toys and arts &amp; crafts supplies, school supplies, children&#039;s furniture and Montessori reference and parenting books.\",\"publisher\":{\"@id\":\"https:\\\/\\\/teiaeducation.ch\\\/fr\\\/#organization\"},\"alternateName\":\"Teia Education & Play\",\"potentialAction\":[{\"@type\":\"SearchAction\",\"target\":{\"@type\":\"EntryPoint\",\"urlTemplate\":\"https:\\\/\\\/teiaeducation.ch\\\/fr\\\/?s={search_term_string}\"},\"query-input\":{\"@type\":\"PropertyValueSpecification\",\"valueRequired\":true,\"valueName\":\"search_term_string\"}}],\"inLanguage\":\"fr-FR\"},{\"@type\":\"Organization\",\"@id\":\"https:\\\/\\\/teiaeducation.ch\\\/fr\\\/#organization\",\"name\":\"Teia Education & Play\",\"url\":\"https:\\\/\\\/teiaeducation.ch\\\/fr\\\/\",\"logo\":{\"@type\":\"ImageObject\",\"inLanguage\":\"fr-FR\",\"@id\":\"https:\\\/\\\/teiaeducation.ch\\\/fr\\\/#\\\/schema\\\/logo\\\/image\\\/\",\"url\":\"https:\\\/\\\/teiaeducation.ch\\\/wp-content\\\/uploads\\\/2020\\\/11\\\/Teia-Education-Switzerland-e1620156442216.jpg\",\"contentUrl\":\"https:\\\/\\\/teiaeducation.ch\\\/wp-content\\\/uploads\\\/2020\\\/11\\\/Teia-Education-Switzerland-e1620156442216.jpg\",\"width\":166,\"height\":145,\"caption\":\"Teia Education & Play\"},\"image\":{\"@id\":\"https:\\\/\\\/teiaeducation.ch\\\/fr\\\/#\\\/schema\\\/logo\\\/image\\\/\"},\"sameAs\":[\"https:\\\/\\\/www.facebook.com\\\/teiaeducation\\\/\",\"https:\\\/\\\/x.com\\\/EducationTeia\",\"https:\\\/\\\/www.instagram.com\\\/teia.education\\\/\",\"https:\\\/\\\/www.linkedin.com\\\/company\\\/35501660\",\"https:\\\/\\\/www.pinterest.ch\\\/TeiaEducation\\\/\"]}]}<\/script>\n<meta property=\"product:price:amount\" content=\"21.90\" \/>\n<meta property=\"product:price:currency\" content=\"CHF\" \/>\n<meta property=\"og:availability\" content=\"instock\" \/>\n<meta property=\"product:availability\" content=\"instock\" \/>\n<meta property=\"product:retailer_item_id\" content=\"00000000000000000000000000000000000000000000019961\" \/>\n<meta property=\"product:condition\" content=\"new\" \/>\n<!-- \/ Yoast SEO Premium plugin. -->","yoast_head_json":{"title":"Pi\u00e8ce d\u00e9tach\u00e9e: 5\u00e8me cylindre du bloc n \u00b0 2 - Nienhuis Montessori - Teia Education & Play","description":"Pi\u00e8ce d\u00e9tach\u00e9e pour le bloc des cylindres no. 2 de Nienhuis Montessori. Ce mat\u00e9riel convient aux enfants \u00e2g\u00e9s de 3 ans et plus.","robots":{"index":"index","follow":"follow","max-snippet":"max-snippet:-1","max-image-preview":"max-image-preview:large","max-video-preview":"max-video-preview:-1"},"canonical":"https:\/\/teiaeducation.ch\/fr\/produit\/piece-detachee-5eme-cylindre-du-bloc-n-2-nienhuis-montessori\/","og_locale":"fr_FR","og_type":"article","og_title":"Pi\u00e8ce d\u00e9tach\u00e9e: 5\u00e8me cylindre du bloc n \u00b0 2 - Nienhuis Montessori","og_description":"Pi\u00e8ce d\u00e9tach\u00e9e pour le bloc des cylindres no. 2 de Nienhuis Montessori. Ce mat\u00e9riel convient aux enfants \u00e2g\u00e9s de 3 ans et plus.","og_url":"https:\/\/teiaeducation.ch\/fr\/produit\/piece-detachee-5eme-cylindre-du-bloc-n-2-nienhuis-montessori\/","og_site_name":"Sustainable Educational Products &amp; Ecological Toys\u00a0","article_publisher":"https:\/\/www.facebook.com\/teiaeducation\/","article_modified_time":"2020-10-19T17:06:17+00:00","og_image":[{"width":900,"height":900,"url":"https:\/\/teiaeducation.ch\/wp-content\/uploads\/2019\/08\/00200005.jpg","type":"image\/jpeg"}],"schema":{"@context":"https:\/\/schema.org","@graph":[{"@type":"WebPage","@id":"https:\/\/teiaeducation.ch\/fr\/produit\/piece-detachee-5eme-cylindre-du-bloc-n-2-nienhuis-montessori\/","url":"https:\/\/teiaeducation.ch\/fr\/produit\/piece-detachee-5eme-cylindre-du-bloc-n-2-nienhuis-montessori\/","name":"Pi\u00e8ce d\u00e9tach\u00e9e: 5\u00e8me cylindre du bloc n \u00b0 2 - Nienhuis Montessori - Teia Education & Play","isPartOf":{"@id":"https:\/\/teiaeducation.ch\/fr\/#website"},"primaryImageOfPage":{"@id":"https:\/\/teiaeducation.ch\/fr\/produit\/piece-detachee-5eme-cylindre-du-bloc-n-2-nienhuis-montessori\/#primaryimage"},"image":{"@id":"https:\/\/teiaeducation.ch\/fr\/produit\/piece-detachee-5eme-cylindre-du-bloc-n-2-nienhuis-montessori\/#primaryimage"},"thumbnailUrl":"https:\/\/teiaeducation.ch\/wp-content\/uploads\/2019\/08\/00200005.jpg","datePublished":"2018-12-01T19:47:52+00:00","dateModified":"2020-10-19T17:06:17+00:00","description":"Pi\u00e8ce d\u00e9tach\u00e9e pour le bloc des cylindres no. 2 de Nienhuis Montessori. Ce mat\u00e9riel convient aux enfants \u00e2g\u00e9s de 3 ans et plus.","breadcrumb":{"@id":"https:\/\/teiaeducation.ch\/fr\/produit\/piece-detachee-5eme-cylindre-du-bloc-n-2-nienhuis-montessori\/#breadcrumb"},"inLanguage":"fr-FR","potentialAction":[{"@type":"ReadAction","target":["https:\/\/teiaeducation.ch\/fr\/produit\/piece-detachee-5eme-cylindre-du-bloc-n-2-nienhuis-montessori\/"]}]},{"@type":"ImageObject","inLanguage":"fr-FR","@id":"https:\/\/teiaeducation.ch\/fr\/produit\/piece-detachee-5eme-cylindre-du-bloc-n-2-nienhuis-montessori\/#primaryimage","url":"https:\/\/teiaeducation.ch\/wp-content\/uploads\/2019\/08\/00200005.jpg","contentUrl":"https:\/\/teiaeducation.ch\/wp-content\/uploads\/2019\/08\/00200005.jpg","width":900,"height":900,"caption":"Pi\u00e8ce d\u00e9tach\u00e9e: 5\u00e8me cylindre du bloc n \u00b0 2 - Nienhuis Montessori"},{"@type":"BreadcrumbList","@id":"https:\/\/teiaeducation.ch\/fr\/produit\/piece-detachee-5eme-cylindre-du-bloc-n-2-nienhuis-montessori\/#breadcrumb","itemListElement":[{"@type":"ListItem","position":1,"name":"Home","item":"https:\/\/teiaeducation.ch\/fr\/"},{"@type":"ListItem","position":2,"name":"Boutique Teia Education &amp; Play","item":"https:\/\/teiaeducation.ch\/fr\/boutique\/"},{"@type":"ListItem","position":3,"name":"Nos Marques","item":"https:\/\/teiaeducation.ch\/fr\/categorie-produit\/marques\/"},{"@type":"ListItem","position":4,"name":"Nienhuis Montessori Suisse","item":"https:\/\/teiaeducation.ch\/fr\/categorie-produit\/marques\/nienhuis-montessori-materiel-fr\/"},{"@type":"ListItem","position":5,"name":"Sensoriel","item":"https:\/\/teiaeducation.ch\/fr\/categorie-produit\/marques\/nienhuis-montessori-materiel-fr\/sensoriel\/"},{"@type":"ListItem","position":6,"name":"Pi\u00e8ce d\u00e9tach\u00e9e: 5\u00e8me cylindre du bloc n \u00b0 2 &#8211; Nienhuis Montessori"}]},{"@type":"WebSite","@id":"https:\/\/teiaeducation.ch\/fr\/#website","url":"https:\/\/teiaeducation.ch\/fr\/","name":"Sustainable Educational Products &amp; Ecological Toys\u00a0","description":"Specialised Swiss shop selling sustainable educational toys and games, AMI certified Montessori materials, handmade ecological wooden Waldorf toys and arts &amp; crafts supplies, school supplies, children&#039;s furniture and Montessori reference and parenting books.","publisher":{"@id":"https:\/\/teiaeducation.ch\/fr\/#organization"},"alternateName":"Teia Education & Play","potentialAction":[{"@type":"SearchAction","target":{"@type":"EntryPoint","urlTemplate":"https:\/\/teiaeducation.ch\/fr\/?s={search_term_string}"},"query-input":{"@type":"PropertyValueSpecification","valueRequired":true,"valueName":"search_term_string"}}],"inLanguage":"fr-FR"},{"@type":"Organization","@id":"https:\/\/teiaeducation.ch\/fr\/#organization","name":"Teia Education & Play","url":"https:\/\/teiaeducation.ch\/fr\/","logo":{"@type":"ImageObject","inLanguage":"fr-FR","@id":"https:\/\/teiaeducation.ch\/fr\/#\/schema\/logo\/image\/","url":"https:\/\/teiaeducation.ch\/wp-content\/uploads\/2020\/11\/Teia-Education-Switzerland-e1620156442216.jpg","contentUrl":"https:\/\/teiaeducation.ch\/wp-content\/uploads\/2020\/11\/Teia-Education-Switzerland-e1620156442216.jpg","width":166,"height":145,"caption":"Teia Education & Play"},"image":{"@id":"https:\/\/teiaeducation.ch\/fr\/#\/schema\/logo\/image\/"},"sameAs":["https:\/\/www.facebook.com\/teiaeducation\/","https:\/\/x.com\/EducationTeia","https:\/\/www.instagram.com\/teia.education\/","https:\/\/www.linkedin.com\/company\/35501660","https:\/\/www.pinterest.ch\/TeiaEducation\/"]}]},"product_price_amount":"21.90","product_price_currency":"CHF","og_availability":"instock","product_availability":"instock","product_retailer_item_id":"00000000000000000000000000000000000000000000019961","product_condition":"new"},"_links":{"self":[{"href":"https:\/\/teiaeducation.ch\/fr\/wp-json\/wp\/v2\/product\/20333","targetHints":{"allow":["GET"]}}],"collection":[{"href":"https:\/\/teiaeducation.ch\/fr\/wp-json\/wp\/v2\/product"}],"about":[{"href":"https:\/\/teiaeducation.ch\/fr\/wp-json\/wp\/v2\/types\/product"}],"replies":[{"embeddable":true,"href":"https:\/\/teiaeducation.ch\/fr\/wp-json\/wp\/v2\/comments?post=20333"}],"wp:featuredmedia":[{"embeddable":true,"href":"https:\/\/teiaeducation.ch\/fr\/wp-json\/wp\/v2\/media\/19969"}],"wp:attachment":[{"href":"https:\/\/teiaeducation.ch\/fr\/wp-json\/wp\/v2\/media?parent=20333"}],"wp:term":[{"taxonomy":"product_brand","embeddable":true,"href":"https:\/\/teiaeducation.ch\/fr\/wp-json\/wp\/v2\/product_brand?post=20333"},{"taxonomy":"product_cat","embeddable":true,"href":"https:\/\/teiaeducation.ch\/fr\/wp-json\/wp\/v2\/product_cat?post=20333"},{"taxonomy":"product_tag","embeddable":true,"href":"https:\/\/teiaeducation.ch\/fr\/wp-json\/wp\/v2\/product_tag?post=20333"}],"curies":[{"name":"wp","href":"https:\/\/api.w.org\/{rel}","templated":true}]}}