{"id":20353,"date":"2019-04-17T14:59:43","date_gmt":"2019-04-17T12:59:43","guid":{"rendered":"https:\/\/teiaeducation.ch\/product\/36-anneaux-6-couleurs-grapat\/"},"modified":"2025-10-01T11:20:46","modified_gmt":"2025-10-01T09:20:46","slug":"36-anneaux-grapat","status":"publish","type":"product","link":"https:\/\/teiaeducation.ch\/fr\/produit\/36-anneaux-grapat\/","title":{"rendered":"36 anneaux (6 couleurs) &#8211; Grapat"},"content":{"rendered":"<p>36 anneaux (6 couleurs) &#8211; Grapat<\/p>\n<p>Le Grapat 36 anneaux ensemble de pi\u00e8ces libres se compose de 36 anneaux en 6 couleurs de l\u2019arc-en-ciel diff\u00e9rentes. Toutes les anneaux sont enti\u00e8rement fabriqu\u00e9es de bois \u00e0 la main.<\/p>\n<p>Ce mat\u00e9riel convient aux enfants \u00e2g\u00e9s de 10 mois et plus.<\/p>\n","protected":false},"excerpt":{"rendered":"<p>Num\u00e9ro d&#8217;article: 15-116<\/p>\n","protected":false},"featured_media":5254,"comment_status":"closed","ping_status":"closed","template":"","meta":[],"product_brand":[],"product_cat":[208,215,8526,1208,1211,8572,13130,626,23020,23021,13140,7595,217,5851,212,1219],"product_tag":[1225,1242,1227,1241,23582,1240,1226],"class_list":{"0":"post-20353","1":"product","2":"type-product","3":"status-publish","4":"has-post-thumbnail","6":"product_cat-1-3-ans","7":"product_cat-3-6-ans","8":"product_cat-fournitures-scolaires-a-domicile","9":"product_cat-grapat-fr","10":"product_cat-pieces-libres-mandalas","11":"product_cat-jeu-et-apprentissage-pour-bebes-et-jeunes-enfants","12":"product_cat-jouer","13":"product_cat-jouets-a-trier","14":"product_cat-jouets-en-bois","15":"product_cat-jouets-waldorf","16":"product_cat-jeu-libre","17":"product_cat-methode-deducation","18":"product_cat-marques","19":"product_cat-nouveautes","20":"product_cat-tranche-dage","21":"product_cat-waldorf-fr","22":"product_tag-grapat-grapat","23":"product_tag-jouets-en-bois-fr","24":"product_tag-jouets-ouverts","25":"product_tag-jouets-waldorf","26":"product_tag-open-ended-play-fr","27":"product_tag-rudolf-steiner-fr","28":"product_tag-waldorf-fr","30":"first","31":"instock","32":"taxable","33":"shipping-taxable","34":"purchasable","35":"product-type-simple"},"yoast_head":"<!-- This site is optimized with the Yoast SEO plugin v27.1.1 - https:\/\/yoast.com\/product\/yoast-seo-wordpress\/ -->\n<title>Grapat ensemble de 36 anneaux en bois en 6 couleurs jouets ouverts style Waldorf<\/title>\n<meta name=\"description\" content=\"Le Grapat 36 anneaux ensemble de pi\u00e8ces libres se compose de 36 anneaux en 6 couleurs de l\u2019arc-en-ciel diff\u00e9rentes. Toutes les anneaux sont enti\u00e8rement fabriqu\u00e9es de bois \u00e0 la main.\" \/>\n<meta name=\"robots\" content=\"index, follow, max-snippet:-1, max-image-preview:large, max-video-preview:-1\" \/>\n<link rel=\"canonical\" href=\"https:\/\/teiaeducation.ch\/fr\/produit\/36-anneaux-grapat\/\" \/>\n<meta property=\"og:locale\" content=\"fr_FR\" \/>\n<meta property=\"og:type\" content=\"article\" \/>\n<meta property=\"og:title\" content=\"Grapat ensemble de 36 anneaux en bois en 6 couleurs jouets ouverts style Waldorf\" \/>\n<meta property=\"og:description\" content=\"Le Grapat 36 anneaux ensemble de pi\u00e8ces libres se compose de 36 anneaux en 6 couleurs de l\u2019arc-en-ciel diff\u00e9rentes. Toutes les anneaux sont enti\u00e8rement fabriqu\u00e9es de bois \u00e0 la main.\" \/>\n<meta property=\"og:url\" content=\"https:\/\/teiaeducation.ch\/fr\/produit\/36-anneaux-grapat\/\" \/>\n<meta property=\"og:site_name\" content=\"Sustainable Educational Products &amp; Ecological Toys\u00a0\" \/>\n<meta property=\"article:publisher\" content=\"https:\/\/www.facebook.com\/teiaeducation\/\" \/>\n<meta property=\"article:modified_time\" content=\"2025-10-01T09:20:46+00:00\" \/>\n<meta property=\"og:image\" content=\"https:\/\/teiaeducation.ch\/wp-content\/uploads\/2019\/04\/Art-15-116-Joguines-Grapat-23.jpg\" \/>\n\t<meta property=\"og:image:width\" content=\"1200\" \/>\n\t<meta property=\"og:image:height\" content=\"800\" \/>\n\t<meta property=\"og:image:type\" content=\"image\/jpeg\" \/>\n<script type=\"application\/ld+json\" class=\"yoast-schema-graph\">{\"@context\":\"https:\/\/schema.org\",\"@graph\":[{\"@type\":\"WebPage\",\"@id\":\"https:\/\/teiaeducation.ch\/fr\/produit\/36-anneaux-grapat\/\",\"url\":\"https:\/\/teiaeducation.ch\/fr\/produit\/36-anneaux-grapat\/\",\"name\":\"Grapat ensemble de 36 anneaux en bois en 6 couleurs jouets ouverts style Waldorf\",\"isPartOf\":{\"@id\":\"https:\/\/teiaeducation.ch\/fr\/#website\"},\"primaryImageOfPage\":{\"@id\":\"https:\/\/teiaeducation.ch\/fr\/produit\/36-anneaux-grapat\/#primaryimage\"},\"image\":{\"@id\":\"https:\/\/teiaeducation.ch\/fr\/produit\/36-anneaux-grapat\/#primaryimage\"},\"thumbnailUrl\":\"https:\/\/teiaeducation.ch\/wp-content\/uploads\/2019\/04\/Art-15-116-Joguines-Grapat-23.jpg\",\"datePublished\":\"2019-04-17T12:59:43+00:00\",\"dateModified\":\"2025-10-01T09:20:46+00:00\",\"description\":\"Le Grapat 36 anneaux ensemble de pi\u00e8ces libres se compose de 36 anneaux en 6 couleurs de l\u2019arc-en-ciel diff\u00e9rentes. Toutes les anneaux sont enti\u00e8rement fabriqu\u00e9es de bois \u00e0 la main.\",\"breadcrumb\":{\"@id\":\"https:\/\/teiaeducation.ch\/fr\/produit\/36-anneaux-grapat\/#breadcrumb\"},\"inLanguage\":\"fr-FR\",\"potentialAction\":[{\"@type\":\"ReadAction\",\"target\":[\"https:\/\/teiaeducation.ch\/fr\/produit\/36-anneaux-grapat\/\"]}]},{\"@type\":\"ImageObject\",\"inLanguage\":\"fr-FR\",\"@id\":\"https:\/\/teiaeducation.ch\/fr\/produit\/36-anneaux-grapat\/#primaryimage\",\"url\":\"https:\/\/teiaeducation.ch\/wp-content\/uploads\/2019\/04\/Art-15-116-Joguines-Grapat-23.jpg\",\"contentUrl\":\"https:\/\/teiaeducation.ch\/wp-content\/uploads\/2019\/04\/Art-15-116-Joguines-Grapat-23.jpg\",\"width\":1200,\"height\":800,\"caption\":\"36 anneaux - Grapat\"},{\"@type\":\"BreadcrumbList\",\"@id\":\"https:\/\/teiaeducation.ch\/fr\/produit\/36-anneaux-grapat\/#breadcrumb\",\"itemListElement\":[{\"@type\":\"ListItem\",\"position\":1,\"name\":\"Home\",\"item\":\"https:\/\/teiaeducation.ch\/fr\/\"},{\"@type\":\"ListItem\",\"position\":2,\"name\":\"Boutique Teia Education &amp; Play\",\"item\":\"https:\/\/teiaeducation.ch\/fr\/boutique\/\"},{\"@type\":\"ListItem\",\"position\":3,\"name\":\"Nos Marques\",\"item\":\"https:\/\/teiaeducation.ch\/fr\/categorie-produit\/marques\/\"},{\"@type\":\"ListItem\",\"position\":4,\"name\":\"Grapat\",\"item\":\"https:\/\/teiaeducation.ch\/fr\/categorie-produit\/marques\/grapat-fr\/\"},{\"@type\":\"ListItem\",\"position\":5,\"name\":\"Grapat Pi\u00e8ces Libres &amp; Mandalas\",\"item\":\"https:\/\/teiaeducation.ch\/fr\/categorie-produit\/marques\/grapat-fr\/pieces-libres-mandalas\/\"},{\"@type\":\"ListItem\",\"position\":6,\"name\":\"36 anneaux (6 couleurs) &#8211; Grapat\"}]},{\"@type\":\"WebSite\",\"@id\":\"https:\/\/teiaeducation.ch\/fr\/#website\",\"url\":\"https:\/\/teiaeducation.ch\/fr\/\",\"name\":\"Sustainable Educational Products &amp; Ecological Toys\u00a0\",\"description\":\"Specialised Swiss shop selling sustainable educational toys and games, AMI certified Montessori materials, handmade ecological wooden Waldorf toys and arts &amp; crafts supplies, school supplies, children&#039;s furniture and Montessori reference and parenting books.\",\"publisher\":{\"@id\":\"https:\/\/teiaeducation.ch\/fr\/#organization\"},\"alternateName\":\"Teia Education & Play\",\"potentialAction\":[{\"@type\":\"SearchAction\",\"target\":{\"@type\":\"EntryPoint\",\"urlTemplate\":\"https:\/\/teiaeducation.ch\/fr\/?s={search_term_string}\"},\"query-input\":{\"@type\":\"PropertyValueSpecification\",\"valueRequired\":true,\"valueName\":\"search_term_string\"}}],\"inLanguage\":\"fr-FR\"},{\"@type\":\"Organization\",\"@id\":\"https:\/\/teiaeducation.ch\/fr\/#organization\",\"name\":\"Teia Education & Play\",\"url\":\"https:\/\/teiaeducation.ch\/fr\/\",\"logo\":{\"@type\":\"ImageObject\",\"inLanguage\":\"fr-FR\",\"@id\":\"https:\/\/teiaeducation.ch\/fr\/#\/schema\/logo\/image\/\",\"url\":\"https:\/\/teiaeducation.ch\/wp-content\/uploads\/2020\/11\/Teia-Education-Switzerland-e1620156442216.jpg\",\"contentUrl\":\"https:\/\/teiaeducation.ch\/wp-content\/uploads\/2020\/11\/Teia-Education-Switzerland-e1620156442216.jpg\",\"width\":166,\"height\":145,\"caption\":\"Teia Education & Play\"},\"image\":{\"@id\":\"https:\/\/teiaeducation.ch\/fr\/#\/schema\/logo\/image\/\"},\"sameAs\":[\"https:\/\/www.facebook.com\/teiaeducation\/\",\"https:\/\/x.com\/EducationTeia\",\"https:\/\/www.instagram.com\/teia.education\/\",\"https:\/\/www.linkedin.com\/company\/35501660\",\"https:\/\/www.pinterest.ch\/TeiaEducation\/\"]}]}<\/script>\n<!-- \/ Yoast SEO plugin. -->","yoast_head_json":{"title":"Grapat ensemble de 36 anneaux en bois en 6 couleurs jouets ouverts style Waldorf","description":"Le Grapat 36 anneaux ensemble de pi\u00e8ces libres se compose de 36 anneaux en 6 couleurs de l\u2019arc-en-ciel diff\u00e9rentes. Toutes les anneaux sont enti\u00e8rement fabriqu\u00e9es de bois \u00e0 la main.","robots":{"index":"index","follow":"follow","max-snippet":"max-snippet:-1","max-image-preview":"max-image-preview:large","max-video-preview":"max-video-preview:-1"},"canonical":"https:\/\/teiaeducation.ch\/fr\/produit\/36-anneaux-grapat\/","og_locale":"fr_FR","og_type":"article","og_title":"Grapat ensemble de 36 anneaux en bois en 6 couleurs jouets ouverts style Waldorf","og_description":"Le Grapat 36 anneaux ensemble de pi\u00e8ces libres se compose de 36 anneaux en 6 couleurs de l\u2019arc-en-ciel diff\u00e9rentes. Toutes les anneaux sont enti\u00e8rement fabriqu\u00e9es de bois \u00e0 la main.","og_url":"https:\/\/teiaeducation.ch\/fr\/produit\/36-anneaux-grapat\/","og_site_name":"Sustainable Educational Products &amp; Ecological Toys\u00a0","article_publisher":"https:\/\/www.facebook.com\/teiaeducation\/","article_modified_time":"2025-10-01T09:20:46+00:00","og_image":[{"width":1200,"height":800,"url":"https:\/\/teiaeducation.ch\/wp-content\/uploads\/2019\/04\/Art-15-116-Joguines-Grapat-23.jpg","type":"image\/jpeg"}],"schema":{"@context":"https:\/\/schema.org","@graph":[{"@type":"WebPage","@id":"https:\/\/teiaeducation.ch\/fr\/produit\/36-anneaux-grapat\/","url":"https:\/\/teiaeducation.ch\/fr\/produit\/36-anneaux-grapat\/","name":"Grapat ensemble de 36 anneaux en bois en 6 couleurs jouets ouverts style Waldorf","isPartOf":{"@id":"https:\/\/teiaeducation.ch\/fr\/#website"},"primaryImageOfPage":{"@id":"https:\/\/teiaeducation.ch\/fr\/produit\/36-anneaux-grapat\/#primaryimage"},"image":{"@id":"https:\/\/teiaeducation.ch\/fr\/produit\/36-anneaux-grapat\/#primaryimage"},"thumbnailUrl":"https:\/\/teiaeducation.ch\/wp-content\/uploads\/2019\/04\/Art-15-116-Joguines-Grapat-23.jpg","datePublished":"2019-04-17T12:59:43+00:00","dateModified":"2025-10-01T09:20:46+00:00","description":"Le Grapat 36 anneaux ensemble de pi\u00e8ces libres se compose de 36 anneaux en 6 couleurs de l\u2019arc-en-ciel diff\u00e9rentes. Toutes les anneaux sont enti\u00e8rement fabriqu\u00e9es de bois \u00e0 la main.","breadcrumb":{"@id":"https:\/\/teiaeducation.ch\/fr\/produit\/36-anneaux-grapat\/#breadcrumb"},"inLanguage":"fr-FR","potentialAction":[{"@type":"ReadAction","target":["https:\/\/teiaeducation.ch\/fr\/produit\/36-anneaux-grapat\/"]}]},{"@type":"ImageObject","inLanguage":"fr-FR","@id":"https:\/\/teiaeducation.ch\/fr\/produit\/36-anneaux-grapat\/#primaryimage","url":"https:\/\/teiaeducation.ch\/wp-content\/uploads\/2019\/04\/Art-15-116-Joguines-Grapat-23.jpg","contentUrl":"https:\/\/teiaeducation.ch\/wp-content\/uploads\/2019\/04\/Art-15-116-Joguines-Grapat-23.jpg","width":1200,"height":800,"caption":"36 anneaux - Grapat"},{"@type":"BreadcrumbList","@id":"https:\/\/teiaeducation.ch\/fr\/produit\/36-anneaux-grapat\/#breadcrumb","itemListElement":[{"@type":"ListItem","position":1,"name":"Home","item":"https:\/\/teiaeducation.ch\/fr\/"},{"@type":"ListItem","position":2,"name":"Boutique Teia Education &amp; Play","item":"https:\/\/teiaeducation.ch\/fr\/boutique\/"},{"@type":"ListItem","position":3,"name":"Nos Marques","item":"https:\/\/teiaeducation.ch\/fr\/categorie-produit\/marques\/"},{"@type":"ListItem","position":4,"name":"Grapat","item":"https:\/\/teiaeducation.ch\/fr\/categorie-produit\/marques\/grapat-fr\/"},{"@type":"ListItem","position":5,"name":"Grapat Pi\u00e8ces Libres &amp; Mandalas","item":"https:\/\/teiaeducation.ch\/fr\/categorie-produit\/marques\/grapat-fr\/pieces-libres-mandalas\/"},{"@type":"ListItem","position":6,"name":"36 anneaux (6 couleurs) &#8211; Grapat"}]},{"@type":"WebSite","@id":"https:\/\/teiaeducation.ch\/fr\/#website","url":"https:\/\/teiaeducation.ch\/fr\/","name":"Sustainable Educational Products &amp; Ecological Toys\u00a0","description":"Specialised Swiss shop selling sustainable educational toys and games, AMI certified Montessori materials, handmade ecological wooden Waldorf toys and arts &amp; crafts supplies, school supplies, children&#039;s furniture and Montessori reference and parenting books.","publisher":{"@id":"https:\/\/teiaeducation.ch\/fr\/#organization"},"alternateName":"Teia Education & Play","potentialAction":[{"@type":"SearchAction","target":{"@type":"EntryPoint","urlTemplate":"https:\/\/teiaeducation.ch\/fr\/?s={search_term_string}"},"query-input":{"@type":"PropertyValueSpecification","valueRequired":true,"valueName":"search_term_string"}}],"inLanguage":"fr-FR"},{"@type":"Organization","@id":"https:\/\/teiaeducation.ch\/fr\/#organization","name":"Teia Education & Play","url":"https:\/\/teiaeducation.ch\/fr\/","logo":{"@type":"ImageObject","inLanguage":"fr-FR","@id":"https:\/\/teiaeducation.ch\/fr\/#\/schema\/logo\/image\/","url":"https:\/\/teiaeducation.ch\/wp-content\/uploads\/2020\/11\/Teia-Education-Switzerland-e1620156442216.jpg","contentUrl":"https:\/\/teiaeducation.ch\/wp-content\/uploads\/2020\/11\/Teia-Education-Switzerland-e1620156442216.jpg","width":166,"height":145,"caption":"Teia Education & Play"},"image":{"@id":"https:\/\/teiaeducation.ch\/fr\/#\/schema\/logo\/image\/"},"sameAs":["https:\/\/www.facebook.com\/teiaeducation\/","https:\/\/x.com\/EducationTeia","https:\/\/www.instagram.com\/teia.education\/","https:\/\/www.linkedin.com\/company\/35501660","https:\/\/www.pinterest.ch\/TeiaEducation\/"]}]}},"_links":{"self":[{"href":"https:\/\/teiaeducation.ch\/fr\/wp-json\/wp\/v2\/product\/20353","targetHints":{"allow":["GET"]}}],"collection":[{"href":"https:\/\/teiaeducation.ch\/fr\/wp-json\/wp\/v2\/product"}],"about":[{"href":"https:\/\/teiaeducation.ch\/fr\/wp-json\/wp\/v2\/types\/product"}],"replies":[{"embeddable":true,"href":"https:\/\/teiaeducation.ch\/fr\/wp-json\/wp\/v2\/comments?post=20353"}],"wp:featuredmedia":[{"embeddable":true,"href":"https:\/\/teiaeducation.ch\/fr\/wp-json\/wp\/v2\/media\/5254"}],"wp:attachment":[{"href":"https:\/\/teiaeducation.ch\/fr\/wp-json\/wp\/v2\/media?parent=20353"}],"wp:term":[{"taxonomy":"product_brand","embeddable":true,"href":"https:\/\/teiaeducation.ch\/fr\/wp-json\/wp\/v2\/product_brand?post=20353"},{"taxonomy":"product_cat","embeddable":true,"href":"https:\/\/teiaeducation.ch\/fr\/wp-json\/wp\/v2\/product_cat?post=20353"},{"taxonomy":"product_tag","embeddable":true,"href":"https:\/\/teiaeducation.ch\/fr\/wp-json\/wp\/v2\/product_tag?post=20353"}],"curies":[{"name":"wp","href":"https:\/\/api.w.org\/{rel}","templated":true}]}}