{"id":20354,"date":"2019-04-17T14:27:29","date_gmt":"2019-04-17T12:27:29","guid":{"rendered":"https:\/\/teiaeducation.ch\/product\/plateau-a-objets-grapat\/"},"modified":"2023-07-30T09:49:08","modified_gmt":"2023-07-30T07:49:08","slug":"plateau-a-objets-grapat","status":"publish","type":"product","link":"https:\/\/teiaeducation.ch\/fr\/produit\/plateau-a-objets-grapat\/","title":{"rendered":"Plateau \u00e0 objets &#8211; Grapat"},"content":{"rendered":"<p>Plateau \u00e0 objets &#8211; Grapat<\/p>\n<p>Le plateau \u00e0 objets de Grapat est fait \u00e0 la main en bois naturel et mesure 44 x 29,5 x 45 cm. Con\u00e7us pour contenir une grande vari\u00e9t\u00e9 des pi\u00e8ces, les compartiments du plateau permettent \u00e0 l&#8217;enfant de stocker, trier et exposer ses tr\u00e9sors les plus pr\u00e9cieux.<\/p>\n<p>Ce mat\u00e9riel convient aux les enfants \u00e2g\u00e9s de 36 mois et plus.<\/p>\n","protected":false},"excerpt":{"rendered":"<p>Num\u00e9ro d&#8217;article: 19-211<\/p>\n","protected":false},"featured_media":5249,"comment_status":"closed","ping_status":"closed","template":"","meta":[],"product_brand":[],"product_cat":[208,215,216,16898,23635,18893,22344,1208,1209,1210,13130,626,23020,23021,13140,7595,217,5851,212,1219],"product_tag":[1225,1242,1227,1241,23582,1240,1226],"class_list":{"0":"post-20354","1":"product","2":"type-product","3":"status-publish","4":"has-post-thumbnail","6":"product_cat-1-3-ans","7":"product_cat-3-6-ans","8":"product_cat-6-12-ans","9":"product_cat-collection-automne","10":"product_cat-collection-dete","11":"product_cat-collection-printemps","12":"product_cat-collections-saisonnieres","13":"product_cat-grapat-fr","14":"product_cat-kits-complets","15":"product_cat-heuristique","16":"product_cat-jouer","17":"product_cat-jouets-a-trier","18":"product_cat-jouets-en-bois","19":"product_cat-jouets-waldorf","20":"product_cat-jeu-libre","21":"product_cat-methode-deducation","22":"product_cat-marques","23":"product_cat-nouveautes","24":"product_cat-tranche-dage","25":"product_cat-waldorf-fr","26":"product_tag-grapat-grapat","27":"product_tag-jouets-en-bois-fr","28":"product_tag-jouets-ouverts","29":"product_tag-jouets-waldorf","30":"product_tag-open-ended-play-fr","31":"product_tag-rudolf-steiner-fr","32":"product_tag-waldorf-fr","34":"first","35":"outofstock","36":"taxable","37":"shipping-taxable","38":"purchasable","39":"product-type-simple"},"yoast_head":"<!-- This site is optimized with the Yoast SEO plugin v27.1.1 - https:\/\/yoast.com\/product\/yoast-seo-wordpress\/ -->\n<title>Plateau \u00e0 objets - Grapat - Teia Education &amp; Play<\/title>\n<meta name=\"description\" content=\"Le plateau \u00e0 objets de Grapat est fait \u00e0 la main en bois naturel et con\u00e7u pour l&#039;enfant de stocker, trier et afficher leurs tr\u00e9sors les plus pr\u00e9cieux.\" \/>\n<meta name=\"robots\" content=\"index, follow, max-snippet:-1, max-image-preview:large, max-video-preview:-1\" \/>\n<link rel=\"canonical\" href=\"https:\/\/teiaeducation.ch\/fr\/produit\/plateau-a-objets-grapat\/\" \/>\n<meta property=\"og:locale\" content=\"fr_FR\" \/>\n<meta property=\"og:type\" content=\"article\" \/>\n<meta property=\"og:title\" content=\"Plateau \u00e0 objets - Grapat - Teia Education &amp; Play\" \/>\n<meta property=\"og:description\" content=\"Le plateau \u00e0 objets de Grapat est fait \u00e0 la main en bois naturel et con\u00e7u pour l&#039;enfant de stocker, trier et afficher leurs tr\u00e9sors les plus pr\u00e9cieux.\" \/>\n<meta property=\"og:url\" content=\"https:\/\/teiaeducation.ch\/fr\/produit\/plateau-a-objets-grapat\/\" \/>\n<meta property=\"og:site_name\" content=\"Sustainable Educational Products &amp; Ecological Toys\u00a0\" \/>\n<meta property=\"article:publisher\" content=\"https:\/\/www.facebook.com\/teiaeducation\/\" \/>\n<meta property=\"article:modified_time\" content=\"2023-07-30T07:49:08+00:00\" \/>\n<meta property=\"og:image\" content=\"https:\/\/teiaeducation.ch\/wp-content\/uploads\/2019\/04\/Art-19-211-Joguines-Grapat-2.jpeg\" \/>\n\t<meta property=\"og:image:width\" content=\"1200\" \/>\n\t<meta property=\"og:image:height\" content=\"855\" \/>\n\t<meta property=\"og:image:type\" content=\"image\/jpeg\" \/>\n<script type=\"application\/ld+json\" class=\"yoast-schema-graph\">{\"@context\":\"https:\/\/schema.org\",\"@graph\":[{\"@type\":\"WebPage\",\"@id\":\"https:\/\/teiaeducation.ch\/fr\/produit\/plateau-a-objets-grapat\/\",\"url\":\"https:\/\/teiaeducation.ch\/fr\/produit\/plateau-a-objets-grapat\/\",\"name\":\"Plateau \u00e0 objets - Grapat - Teia Education & Play\",\"isPartOf\":{\"@id\":\"https:\/\/teiaeducation.ch\/fr\/#website\"},\"primaryImageOfPage\":{\"@id\":\"https:\/\/teiaeducation.ch\/fr\/produit\/plateau-a-objets-grapat\/#primaryimage\"},\"image\":{\"@id\":\"https:\/\/teiaeducation.ch\/fr\/produit\/plateau-a-objets-grapat\/#primaryimage\"},\"thumbnailUrl\":\"https:\/\/teiaeducation.ch\/wp-content\/uploads\/2019\/04\/Art-19-211-Joguines-Grapat-2.jpeg\",\"datePublished\":\"2019-04-17T12:27:29+00:00\",\"dateModified\":\"2023-07-30T07:49:08+00:00\",\"description\":\"Le plateau \u00e0 objets de Grapat est fait \u00e0 la main en bois naturel et con\u00e7u pour l'enfant de stocker, trier et afficher leurs tr\u00e9sors les plus pr\u00e9cieux.\",\"breadcrumb\":{\"@id\":\"https:\/\/teiaeducation.ch\/fr\/produit\/plateau-a-objets-grapat\/#breadcrumb\"},\"inLanguage\":\"fr-FR\",\"potentialAction\":[{\"@type\":\"ReadAction\",\"target\":[\"https:\/\/teiaeducation.ch\/fr\/produit\/plateau-a-objets-grapat\/\"]}]},{\"@type\":\"ImageObject\",\"inLanguage\":\"fr-FR\",\"@id\":\"https:\/\/teiaeducation.ch\/fr\/produit\/plateau-a-objets-grapat\/#primaryimage\",\"url\":\"https:\/\/teiaeducation.ch\/wp-content\/uploads\/2019\/04\/Art-19-211-Joguines-Grapat-2.jpeg\",\"contentUrl\":\"https:\/\/teiaeducation.ch\/wp-content\/uploads\/2019\/04\/Art-19-211-Joguines-Grapat-2.jpeg\",\"width\":1200,\"height\":855,\"caption\":\"Plateau \u00e0 objets - Grapat\"},{\"@type\":\"BreadcrumbList\",\"@id\":\"https:\/\/teiaeducation.ch\/fr\/produit\/plateau-a-objets-grapat\/#breadcrumb\",\"itemListElement\":[{\"@type\":\"ListItem\",\"position\":1,\"name\":\"Home\",\"item\":\"https:\/\/teiaeducation.ch\/fr\/\"},{\"@type\":\"ListItem\",\"position\":2,\"name\":\"Boutique Teia Education &amp; Play\",\"item\":\"https:\/\/teiaeducation.ch\/fr\/boutique\/\"},{\"@type\":\"ListItem\",\"position\":3,\"name\":\"Nos Marques\",\"item\":\"https:\/\/teiaeducation.ch\/fr\/categorie-produit\/marques\/\"},{\"@type\":\"ListItem\",\"position\":4,\"name\":\"Grapat\",\"item\":\"https:\/\/teiaeducation.ch\/fr\/categorie-produit\/marques\/grapat-fr\/\"},{\"@type\":\"ListItem\",\"position\":5,\"name\":\"Grapat Kits Complets\",\"item\":\"https:\/\/teiaeducation.ch\/fr\/categorie-produit\/marques\/grapat-fr\/kits-complets\/\"},{\"@type\":\"ListItem\",\"position\":6,\"name\":\"Plateau \u00e0 objets &#8211; Grapat\"}]},{\"@type\":\"WebSite\",\"@id\":\"https:\/\/teiaeducation.ch\/fr\/#website\",\"url\":\"https:\/\/teiaeducation.ch\/fr\/\",\"name\":\"Sustainable Educational Products &amp; Ecological Toys\u00a0\",\"description\":\"Specialised Swiss shop selling sustainable educational toys and games, AMI certified Montessori materials, handmade ecological wooden Waldorf toys and arts &amp; crafts supplies, school supplies, children&#039;s furniture and Montessori reference and parenting books.\",\"publisher\":{\"@id\":\"https:\/\/teiaeducation.ch\/fr\/#organization\"},\"alternateName\":\"Teia Education & Play\",\"potentialAction\":[{\"@type\":\"SearchAction\",\"target\":{\"@type\":\"EntryPoint\",\"urlTemplate\":\"https:\/\/teiaeducation.ch\/fr\/?s={search_term_string}\"},\"query-input\":{\"@type\":\"PropertyValueSpecification\",\"valueRequired\":true,\"valueName\":\"search_term_string\"}}],\"inLanguage\":\"fr-FR\"},{\"@type\":\"Organization\",\"@id\":\"https:\/\/teiaeducation.ch\/fr\/#organization\",\"name\":\"Teia Education & Play\",\"url\":\"https:\/\/teiaeducation.ch\/fr\/\",\"logo\":{\"@type\":\"ImageObject\",\"inLanguage\":\"fr-FR\",\"@id\":\"https:\/\/teiaeducation.ch\/fr\/#\/schema\/logo\/image\/\",\"url\":\"https:\/\/teiaeducation.ch\/wp-content\/uploads\/2020\/11\/Teia-Education-Switzerland-e1620156442216.jpg\",\"contentUrl\":\"https:\/\/teiaeducation.ch\/wp-content\/uploads\/2020\/11\/Teia-Education-Switzerland-e1620156442216.jpg\",\"width\":166,\"height\":145,\"caption\":\"Teia Education & Play\"},\"image\":{\"@id\":\"https:\/\/teiaeducation.ch\/fr\/#\/schema\/logo\/image\/\"},\"sameAs\":[\"https:\/\/www.facebook.com\/teiaeducation\/\",\"https:\/\/x.com\/EducationTeia\",\"https:\/\/www.instagram.com\/teia.education\/\",\"https:\/\/www.linkedin.com\/company\/35501660\",\"https:\/\/www.pinterest.ch\/TeiaEducation\/\"]}]}<\/script>\n<!-- \/ Yoast SEO plugin. -->","yoast_head_json":{"title":"Plateau \u00e0 objets - Grapat - Teia Education & Play","description":"Le plateau \u00e0 objets de Grapat est fait \u00e0 la main en bois naturel et con\u00e7u pour l'enfant de stocker, trier et afficher leurs tr\u00e9sors les plus pr\u00e9cieux.","robots":{"index":"index","follow":"follow","max-snippet":"max-snippet:-1","max-image-preview":"max-image-preview:large","max-video-preview":"max-video-preview:-1"},"canonical":"https:\/\/teiaeducation.ch\/fr\/produit\/plateau-a-objets-grapat\/","og_locale":"fr_FR","og_type":"article","og_title":"Plateau \u00e0 objets - Grapat - Teia Education & Play","og_description":"Le plateau \u00e0 objets de Grapat est fait \u00e0 la main en bois naturel et con\u00e7u pour l'enfant de stocker, trier et afficher leurs tr\u00e9sors les plus pr\u00e9cieux.","og_url":"https:\/\/teiaeducation.ch\/fr\/produit\/plateau-a-objets-grapat\/","og_site_name":"Sustainable Educational Products &amp; Ecological Toys\u00a0","article_publisher":"https:\/\/www.facebook.com\/teiaeducation\/","article_modified_time":"2023-07-30T07:49:08+00:00","og_image":[{"width":1200,"height":855,"url":"https:\/\/teiaeducation.ch\/wp-content\/uploads\/2019\/04\/Art-19-211-Joguines-Grapat-2.jpeg","type":"image\/jpeg"}],"schema":{"@context":"https:\/\/schema.org","@graph":[{"@type":"WebPage","@id":"https:\/\/teiaeducation.ch\/fr\/produit\/plateau-a-objets-grapat\/","url":"https:\/\/teiaeducation.ch\/fr\/produit\/plateau-a-objets-grapat\/","name":"Plateau \u00e0 objets - Grapat - Teia Education & Play","isPartOf":{"@id":"https:\/\/teiaeducation.ch\/fr\/#website"},"primaryImageOfPage":{"@id":"https:\/\/teiaeducation.ch\/fr\/produit\/plateau-a-objets-grapat\/#primaryimage"},"image":{"@id":"https:\/\/teiaeducation.ch\/fr\/produit\/plateau-a-objets-grapat\/#primaryimage"},"thumbnailUrl":"https:\/\/teiaeducation.ch\/wp-content\/uploads\/2019\/04\/Art-19-211-Joguines-Grapat-2.jpeg","datePublished":"2019-04-17T12:27:29+00:00","dateModified":"2023-07-30T07:49:08+00:00","description":"Le plateau \u00e0 objets de Grapat est fait \u00e0 la main en bois naturel et con\u00e7u pour l'enfant de stocker, trier et afficher leurs tr\u00e9sors les plus pr\u00e9cieux.","breadcrumb":{"@id":"https:\/\/teiaeducation.ch\/fr\/produit\/plateau-a-objets-grapat\/#breadcrumb"},"inLanguage":"fr-FR","potentialAction":[{"@type":"ReadAction","target":["https:\/\/teiaeducation.ch\/fr\/produit\/plateau-a-objets-grapat\/"]}]},{"@type":"ImageObject","inLanguage":"fr-FR","@id":"https:\/\/teiaeducation.ch\/fr\/produit\/plateau-a-objets-grapat\/#primaryimage","url":"https:\/\/teiaeducation.ch\/wp-content\/uploads\/2019\/04\/Art-19-211-Joguines-Grapat-2.jpeg","contentUrl":"https:\/\/teiaeducation.ch\/wp-content\/uploads\/2019\/04\/Art-19-211-Joguines-Grapat-2.jpeg","width":1200,"height":855,"caption":"Plateau \u00e0 objets - Grapat"},{"@type":"BreadcrumbList","@id":"https:\/\/teiaeducation.ch\/fr\/produit\/plateau-a-objets-grapat\/#breadcrumb","itemListElement":[{"@type":"ListItem","position":1,"name":"Home","item":"https:\/\/teiaeducation.ch\/fr\/"},{"@type":"ListItem","position":2,"name":"Boutique Teia Education &amp; Play","item":"https:\/\/teiaeducation.ch\/fr\/boutique\/"},{"@type":"ListItem","position":3,"name":"Nos Marques","item":"https:\/\/teiaeducation.ch\/fr\/categorie-produit\/marques\/"},{"@type":"ListItem","position":4,"name":"Grapat","item":"https:\/\/teiaeducation.ch\/fr\/categorie-produit\/marques\/grapat-fr\/"},{"@type":"ListItem","position":5,"name":"Grapat Kits Complets","item":"https:\/\/teiaeducation.ch\/fr\/categorie-produit\/marques\/grapat-fr\/kits-complets\/"},{"@type":"ListItem","position":6,"name":"Plateau \u00e0 objets &#8211; Grapat"}]},{"@type":"WebSite","@id":"https:\/\/teiaeducation.ch\/fr\/#website","url":"https:\/\/teiaeducation.ch\/fr\/","name":"Sustainable Educational Products &amp; Ecological Toys\u00a0","description":"Specialised Swiss shop selling sustainable educational toys and games, AMI certified Montessori materials, handmade ecological wooden Waldorf toys and arts &amp; crafts supplies, school supplies, children&#039;s furniture and Montessori reference and parenting books.","publisher":{"@id":"https:\/\/teiaeducation.ch\/fr\/#organization"},"alternateName":"Teia Education & Play","potentialAction":[{"@type":"SearchAction","target":{"@type":"EntryPoint","urlTemplate":"https:\/\/teiaeducation.ch\/fr\/?s={search_term_string}"},"query-input":{"@type":"PropertyValueSpecification","valueRequired":true,"valueName":"search_term_string"}}],"inLanguage":"fr-FR"},{"@type":"Organization","@id":"https:\/\/teiaeducation.ch\/fr\/#organization","name":"Teia Education & Play","url":"https:\/\/teiaeducation.ch\/fr\/","logo":{"@type":"ImageObject","inLanguage":"fr-FR","@id":"https:\/\/teiaeducation.ch\/fr\/#\/schema\/logo\/image\/","url":"https:\/\/teiaeducation.ch\/wp-content\/uploads\/2020\/11\/Teia-Education-Switzerland-e1620156442216.jpg","contentUrl":"https:\/\/teiaeducation.ch\/wp-content\/uploads\/2020\/11\/Teia-Education-Switzerland-e1620156442216.jpg","width":166,"height":145,"caption":"Teia Education & Play"},"image":{"@id":"https:\/\/teiaeducation.ch\/fr\/#\/schema\/logo\/image\/"},"sameAs":["https:\/\/www.facebook.com\/teiaeducation\/","https:\/\/x.com\/EducationTeia","https:\/\/www.instagram.com\/teia.education\/","https:\/\/www.linkedin.com\/company\/35501660","https:\/\/www.pinterest.ch\/TeiaEducation\/"]}]}},"_links":{"self":[{"href":"https:\/\/teiaeducation.ch\/fr\/wp-json\/wp\/v2\/product\/20354","targetHints":{"allow":["GET"]}}],"collection":[{"href":"https:\/\/teiaeducation.ch\/fr\/wp-json\/wp\/v2\/product"}],"about":[{"href":"https:\/\/teiaeducation.ch\/fr\/wp-json\/wp\/v2\/types\/product"}],"replies":[{"embeddable":true,"href":"https:\/\/teiaeducation.ch\/fr\/wp-json\/wp\/v2\/comments?post=20354"}],"wp:featuredmedia":[{"embeddable":true,"href":"https:\/\/teiaeducation.ch\/fr\/wp-json\/wp\/v2\/media\/5249"}],"wp:attachment":[{"href":"https:\/\/teiaeducation.ch\/fr\/wp-json\/wp\/v2\/media?parent=20354"}],"wp:term":[{"taxonomy":"product_brand","embeddable":true,"href":"https:\/\/teiaeducation.ch\/fr\/wp-json\/wp\/v2\/product_brand?post=20354"},{"taxonomy":"product_cat","embeddable":true,"href":"https:\/\/teiaeducation.ch\/fr\/wp-json\/wp\/v2\/product_cat?post=20354"},{"taxonomy":"product_tag","embeddable":true,"href":"https:\/\/teiaeducation.ch\/fr\/wp-json\/wp\/v2\/product_tag?post=20354"}],"curies":[{"name":"wp","href":"https:\/\/api.w.org\/{rel}","templated":true}]}}