{"id":20356,"date":"2019-04-17T13:47:51","date_gmt":"2019-04-17T11:47:51","guid":{"rendered":"https:\/\/teiaeducation.ch\/product\/pieces-a-compter-grapat\/"},"modified":"2025-04-08T15:04:48","modified_gmt":"2025-04-08T13:04:48","slug":"compter-pieces-grapat","status":"publish","type":"product","link":"https:\/\/teiaeducation.ch\/fr\/produit\/compter-pieces-grapat\/","title":{"rendered":"Pi\u00e8ces \u00e0 compter &#8211; Grapat"},"content":{"rendered":"<p>Pi\u00e8ces \u00e0 compter &#8211; Grapat<\/p>\n<p>Le kit de pi\u00e8ces \u00e0 compter de Grapat comprend 60 pi\u00e8ces en bois naturel avec un diam\u00e8tre de 4,8 cm chacune. Le kit comprend 6 ensembles de 10 pi\u00e8ces, chacune avec ls <span class=\"tlid-translation translation\" lang=\"fr\"><span class=\"\" title=\"\">symboles num\u00e9riques<\/span><\/span> 0 \u00e0 9 imprim\u00e9s en diff\u00e9rentes couleurs. Toutes les pi\u00e8ces sont fabriqu\u00e9es enti\u00e8rement de bois \u00e0 la main.<\/p>\n<p>Les pi\u00e8ces \u00e0 compter facilitent l&#8217;enfant \u00e0 apprendre \u00e0 compter jusqu&#8217;\u00e0 10 et peuvent \u00e9galement \u00eatre appliqu\u00e9es pour diverses autres activit\u00e9s math\u00e9matiques.<\/p>\n<p>Ce mat\u00e9riel convient aux enfants enfants \u00e2g\u00e9s de 18 mois et plus.<\/p>\n","protected":false},"excerpt":{"rendered":"<p>Num\u00e9ro d&#8217;article: 19-208<\/p>\n","protected":false},"featured_media":5213,"comment_status":"closed","ping_status":"closed","template":"","meta":[],"product_brand":[],"product_cat":[8527,215,13128,18893,22344,283,8526,1208,1209,23020,23021,613,23650,628,630,288,7595,217,212,1219],"product_tag":[1225,1242,1227,1241,23582,1240,1226],"class_list":{"0":"post-20356","1":"product","2":"type-product","3":"status-publish","4":"has-post-thumbnail","6":"product_cat-3-6-ans-ecole-a-domicile","7":"product_cat-3-6-ans","8":"product_cat-apprendre-a-compter","9":"product_cat-collection-printemps","10":"product_cat-collections-saisonnieres","11":"product_cat-domaines-du-curriculum","12":"product_cat-fournitures-scolaires-a-domicile","13":"product_cat-grapat-fr","14":"product_cat-kits-complets","15":"product_cat-jouets-en-bois","16":"product_cat-jouets-waldorf","17":"product_cat-laddition","18":"product_cat-la-rentree-scolaire","19":"product_cat-soustraction","20":"product_cat-nombres","21":"product_cat-mathematiques-calcul","22":"product_cat-methode-deducation","23":"product_cat-marques","24":"product_cat-tranche-dage","25":"product_cat-waldorf-fr","26":"product_tag-grapat-grapat","27":"product_tag-jouets-en-bois-fr","28":"product_tag-jouets-ouverts","29":"product_tag-jouets-waldorf","30":"product_tag-open-ended-play-fr","31":"product_tag-rudolf-steiner-fr","32":"product_tag-waldorf-fr","34":"first","35":"instock","36":"taxable","37":"shipping-taxable","38":"purchasable","39":"product-type-simple"},"yoast_head":"<!-- This site is optimized with the Yoast SEO plugin v27.3 - https:\/\/yoast.com\/product\/yoast-seo-wordpress\/ -->\n<title>Pi\u00e8ces \u00e0 compter - Grapat - Teia Education &amp; Play<\/title>\n<meta name=\"description\" content=\"Les pi\u00e8ces \u00e0 compter facilitent l&#039;enfant \u00e0 apprendre \u00e0 compter jusqu&#039;\u00e0 10 et peuvent \u00e9galement \u00eatre appliqu\u00e9es pour diverses autres activit\u00e9s math\u00e9matiques.\" \/>\n<meta name=\"robots\" content=\"index, follow, max-snippet:-1, max-image-preview:large, max-video-preview:-1\" \/>\n<link rel=\"canonical\" href=\"https:\/\/teiaeducation.ch\/fr\/produit\/compter-pieces-grapat\/\" \/>\n<meta property=\"og:locale\" content=\"fr_FR\" \/>\n<meta property=\"og:type\" content=\"article\" \/>\n<meta property=\"og:title\" content=\"Pi\u00e8ces \u00e0 compter - Grapat - Teia Education &amp; Play\" \/>\n<meta property=\"og:description\" content=\"Les pi\u00e8ces \u00e0 compter facilitent l&#039;enfant \u00e0 apprendre \u00e0 compter jusqu&#039;\u00e0 10 et peuvent \u00e9galement \u00eatre appliqu\u00e9es pour diverses autres activit\u00e9s math\u00e9matiques.\" \/>\n<meta property=\"og:url\" content=\"https:\/\/teiaeducation.ch\/fr\/produit\/compter-pieces-grapat\/\" \/>\n<meta property=\"og:site_name\" content=\"Sustainable Educational Products &amp; Ecological Toys\u00a0\" \/>\n<meta property=\"article:publisher\" content=\"https:\/\/www.facebook.com\/teiaeducation\/\" \/>\n<meta property=\"article:modified_time\" content=\"2025-04-08T13:04:48+00:00\" \/>\n<meta property=\"og:image\" content=\"https:\/\/teiaeducation.ch\/wp-content\/uploads\/2019\/04\/Art-19-208-Joguines-Grapat.jpeg\" \/>\n\t<meta property=\"og:image:width\" content=\"1200\" \/>\n\t<meta property=\"og:image:height\" content=\"795\" \/>\n\t<meta property=\"og:image:type\" content=\"image\/jpeg\" \/>\n<script type=\"application\/ld+json\" class=\"yoast-schema-graph\">{\"@context\":\"https:\\\/\\\/schema.org\",\"@graph\":[{\"@type\":\"WebPage\",\"@id\":\"https:\\\/\\\/teiaeducation.ch\\\/fr\\\/produit\\\/compter-pieces-grapat\\\/\",\"url\":\"https:\\\/\\\/teiaeducation.ch\\\/fr\\\/produit\\\/compter-pieces-grapat\\\/\",\"name\":\"Pi\u00e8ces \u00e0 compter - Grapat - Teia Education & Play\",\"isPartOf\":{\"@id\":\"https:\\\/\\\/teiaeducation.ch\\\/fr\\\/#website\"},\"primaryImageOfPage\":{\"@id\":\"https:\\\/\\\/teiaeducation.ch\\\/fr\\\/produit\\\/compter-pieces-grapat\\\/#primaryimage\"},\"image\":{\"@id\":\"https:\\\/\\\/teiaeducation.ch\\\/fr\\\/produit\\\/compter-pieces-grapat\\\/#primaryimage\"},\"thumbnailUrl\":\"https:\\\/\\\/teiaeducation.ch\\\/wp-content\\\/uploads\\\/2019\\\/04\\\/Art-19-208-Joguines-Grapat.jpeg\",\"datePublished\":\"2019-04-17T11:47:51+00:00\",\"dateModified\":\"2025-04-08T13:04:48+00:00\",\"description\":\"Les pi\u00e8ces \u00e0 compter facilitent l'enfant \u00e0 apprendre \u00e0 compter jusqu'\u00e0 10 et peuvent \u00e9galement \u00eatre appliqu\u00e9es pour diverses autres activit\u00e9s math\u00e9matiques.\",\"breadcrumb\":{\"@id\":\"https:\\\/\\\/teiaeducation.ch\\\/fr\\\/produit\\\/compter-pieces-grapat\\\/#breadcrumb\"},\"inLanguage\":\"fr-FR\",\"potentialAction\":[{\"@type\":\"ReadAction\",\"target\":[\"https:\\\/\\\/teiaeducation.ch\\\/fr\\\/produit\\\/compter-pieces-grapat\\\/\"]}]},{\"@type\":\"ImageObject\",\"inLanguage\":\"fr-FR\",\"@id\":\"https:\\\/\\\/teiaeducation.ch\\\/fr\\\/produit\\\/compter-pieces-grapat\\\/#primaryimage\",\"url\":\"https:\\\/\\\/teiaeducation.ch\\\/wp-content\\\/uploads\\\/2019\\\/04\\\/Art-19-208-Joguines-Grapat.jpeg\",\"contentUrl\":\"https:\\\/\\\/teiaeducation.ch\\\/wp-content\\\/uploads\\\/2019\\\/04\\\/Art-19-208-Joguines-Grapat.jpeg\",\"width\":1200,\"height\":795,\"caption\":\"Pi\u00e8ces \u00e0 compter - Grapat\"},{\"@type\":\"BreadcrumbList\",\"@id\":\"https:\\\/\\\/teiaeducation.ch\\\/fr\\\/produit\\\/compter-pieces-grapat\\\/#breadcrumb\",\"itemListElement\":[{\"@type\":\"ListItem\",\"position\":1,\"name\":\"Home\",\"item\":\"https:\\\/\\\/teiaeducation.ch\\\/fr\\\/\"},{\"@type\":\"ListItem\",\"position\":2,\"name\":\"Boutique Teia Education &amp; Play\",\"item\":\"https:\\\/\\\/teiaeducation.ch\\\/fr\\\/boutique\\\/\"},{\"@type\":\"ListItem\",\"position\":3,\"name\":\"Domaines du Curriculum\",\"item\":\"https:\\\/\\\/teiaeducation.ch\\\/fr\\\/categorie-produit\\\/domaines-du-curriculum\\\/\"},{\"@type\":\"ListItem\",\"position\":4,\"name\":\"Math\u00e9matiques &amp; Calcul\",\"item\":\"https:\\\/\\\/teiaeducation.ch\\\/fr\\\/categorie-produit\\\/domaines-du-curriculum\\\/mathematiques-calcul\\\/\"},{\"@type\":\"ListItem\",\"position\":5,\"name\":\"Apprendre \u00e0 Compter\",\"item\":\"https:\\\/\\\/teiaeducation.ch\\\/fr\\\/categorie-produit\\\/domaines-du-curriculum\\\/mathematiques-calcul\\\/apprendre-a-compter\\\/\"},{\"@type\":\"ListItem\",\"position\":6,\"name\":\"Pi\u00e8ces \u00e0 compter &#8211; Grapat\"}]},{\"@type\":\"WebSite\",\"@id\":\"https:\\\/\\\/teiaeducation.ch\\\/fr\\\/#website\",\"url\":\"https:\\\/\\\/teiaeducation.ch\\\/fr\\\/\",\"name\":\"Sustainable Educational Products &amp; Ecological Toys\u00a0\",\"description\":\"Specialised Swiss shop selling sustainable educational toys and games, AMI certified Montessori materials, handmade ecological wooden Waldorf toys and arts &amp; crafts supplies, school supplies, children&#039;s furniture and Montessori reference and parenting books.\",\"publisher\":{\"@id\":\"https:\\\/\\\/teiaeducation.ch\\\/fr\\\/#organization\"},\"alternateName\":\"Teia Education & Play\",\"potentialAction\":[{\"@type\":\"SearchAction\",\"target\":{\"@type\":\"EntryPoint\",\"urlTemplate\":\"https:\\\/\\\/teiaeducation.ch\\\/fr\\\/?s={search_term_string}\"},\"query-input\":{\"@type\":\"PropertyValueSpecification\",\"valueRequired\":true,\"valueName\":\"search_term_string\"}}],\"inLanguage\":\"fr-FR\"},{\"@type\":\"Organization\",\"@id\":\"https:\\\/\\\/teiaeducation.ch\\\/fr\\\/#organization\",\"name\":\"Teia Education & Play\",\"url\":\"https:\\\/\\\/teiaeducation.ch\\\/fr\\\/\",\"logo\":{\"@type\":\"ImageObject\",\"inLanguage\":\"fr-FR\",\"@id\":\"https:\\\/\\\/teiaeducation.ch\\\/fr\\\/#\\\/schema\\\/logo\\\/image\\\/\",\"url\":\"https:\\\/\\\/teiaeducation.ch\\\/wp-content\\\/uploads\\\/2020\\\/11\\\/Teia-Education-Switzerland-e1620156442216.jpg\",\"contentUrl\":\"https:\\\/\\\/teiaeducation.ch\\\/wp-content\\\/uploads\\\/2020\\\/11\\\/Teia-Education-Switzerland-e1620156442216.jpg\",\"width\":166,\"height\":145,\"caption\":\"Teia Education & Play\"},\"image\":{\"@id\":\"https:\\\/\\\/teiaeducation.ch\\\/fr\\\/#\\\/schema\\\/logo\\\/image\\\/\"},\"sameAs\":[\"https:\\\/\\\/www.facebook.com\\\/teiaeducation\\\/\",\"https:\\\/\\\/x.com\\\/EducationTeia\",\"https:\\\/\\\/www.instagram.com\\\/teia.education\\\/\",\"https:\\\/\\\/www.linkedin.com\\\/company\\\/35501660\",\"https:\\\/\\\/www.pinterest.ch\\\/TeiaEducation\\\/\"]}]}<\/script>\n<!-- \/ Yoast SEO plugin. -->","yoast_head_json":{"title":"Pi\u00e8ces \u00e0 compter - Grapat - Teia Education & Play","description":"Les pi\u00e8ces \u00e0 compter facilitent l'enfant \u00e0 apprendre \u00e0 compter jusqu'\u00e0 10 et peuvent \u00e9galement \u00eatre appliqu\u00e9es pour diverses autres activit\u00e9s math\u00e9matiques.","robots":{"index":"index","follow":"follow","max-snippet":"max-snippet:-1","max-image-preview":"max-image-preview:large","max-video-preview":"max-video-preview:-1"},"canonical":"https:\/\/teiaeducation.ch\/fr\/produit\/compter-pieces-grapat\/","og_locale":"fr_FR","og_type":"article","og_title":"Pi\u00e8ces \u00e0 compter - Grapat - Teia Education & Play","og_description":"Les pi\u00e8ces \u00e0 compter facilitent l'enfant \u00e0 apprendre \u00e0 compter jusqu'\u00e0 10 et peuvent \u00e9galement \u00eatre appliqu\u00e9es pour diverses autres activit\u00e9s math\u00e9matiques.","og_url":"https:\/\/teiaeducation.ch\/fr\/produit\/compter-pieces-grapat\/","og_site_name":"Sustainable Educational Products &amp; Ecological Toys\u00a0","article_publisher":"https:\/\/www.facebook.com\/teiaeducation\/","article_modified_time":"2025-04-08T13:04:48+00:00","og_image":[{"width":1200,"height":795,"url":"https:\/\/teiaeducation.ch\/wp-content\/uploads\/2019\/04\/Art-19-208-Joguines-Grapat.jpeg","type":"image\/jpeg"}],"schema":{"@context":"https:\/\/schema.org","@graph":[{"@type":"WebPage","@id":"https:\/\/teiaeducation.ch\/fr\/produit\/compter-pieces-grapat\/","url":"https:\/\/teiaeducation.ch\/fr\/produit\/compter-pieces-grapat\/","name":"Pi\u00e8ces \u00e0 compter - Grapat - Teia Education & Play","isPartOf":{"@id":"https:\/\/teiaeducation.ch\/fr\/#website"},"primaryImageOfPage":{"@id":"https:\/\/teiaeducation.ch\/fr\/produit\/compter-pieces-grapat\/#primaryimage"},"image":{"@id":"https:\/\/teiaeducation.ch\/fr\/produit\/compter-pieces-grapat\/#primaryimage"},"thumbnailUrl":"https:\/\/teiaeducation.ch\/wp-content\/uploads\/2019\/04\/Art-19-208-Joguines-Grapat.jpeg","datePublished":"2019-04-17T11:47:51+00:00","dateModified":"2025-04-08T13:04:48+00:00","description":"Les pi\u00e8ces \u00e0 compter facilitent l'enfant \u00e0 apprendre \u00e0 compter jusqu'\u00e0 10 et peuvent \u00e9galement \u00eatre appliqu\u00e9es pour diverses autres activit\u00e9s math\u00e9matiques.","breadcrumb":{"@id":"https:\/\/teiaeducation.ch\/fr\/produit\/compter-pieces-grapat\/#breadcrumb"},"inLanguage":"fr-FR","potentialAction":[{"@type":"ReadAction","target":["https:\/\/teiaeducation.ch\/fr\/produit\/compter-pieces-grapat\/"]}]},{"@type":"ImageObject","inLanguage":"fr-FR","@id":"https:\/\/teiaeducation.ch\/fr\/produit\/compter-pieces-grapat\/#primaryimage","url":"https:\/\/teiaeducation.ch\/wp-content\/uploads\/2019\/04\/Art-19-208-Joguines-Grapat.jpeg","contentUrl":"https:\/\/teiaeducation.ch\/wp-content\/uploads\/2019\/04\/Art-19-208-Joguines-Grapat.jpeg","width":1200,"height":795,"caption":"Pi\u00e8ces \u00e0 compter - Grapat"},{"@type":"BreadcrumbList","@id":"https:\/\/teiaeducation.ch\/fr\/produit\/compter-pieces-grapat\/#breadcrumb","itemListElement":[{"@type":"ListItem","position":1,"name":"Home","item":"https:\/\/teiaeducation.ch\/fr\/"},{"@type":"ListItem","position":2,"name":"Boutique Teia Education &amp; Play","item":"https:\/\/teiaeducation.ch\/fr\/boutique\/"},{"@type":"ListItem","position":3,"name":"Domaines du Curriculum","item":"https:\/\/teiaeducation.ch\/fr\/categorie-produit\/domaines-du-curriculum\/"},{"@type":"ListItem","position":4,"name":"Math\u00e9matiques &amp; Calcul","item":"https:\/\/teiaeducation.ch\/fr\/categorie-produit\/domaines-du-curriculum\/mathematiques-calcul\/"},{"@type":"ListItem","position":5,"name":"Apprendre \u00e0 Compter","item":"https:\/\/teiaeducation.ch\/fr\/categorie-produit\/domaines-du-curriculum\/mathematiques-calcul\/apprendre-a-compter\/"},{"@type":"ListItem","position":6,"name":"Pi\u00e8ces \u00e0 compter &#8211; Grapat"}]},{"@type":"WebSite","@id":"https:\/\/teiaeducation.ch\/fr\/#website","url":"https:\/\/teiaeducation.ch\/fr\/","name":"Sustainable Educational Products &amp; Ecological Toys\u00a0","description":"Specialised Swiss shop selling sustainable educational toys and games, AMI certified Montessori materials, handmade ecological wooden Waldorf toys and arts &amp; crafts supplies, school supplies, children&#039;s furniture and Montessori reference and parenting books.","publisher":{"@id":"https:\/\/teiaeducation.ch\/fr\/#organization"},"alternateName":"Teia Education & Play","potentialAction":[{"@type":"SearchAction","target":{"@type":"EntryPoint","urlTemplate":"https:\/\/teiaeducation.ch\/fr\/?s={search_term_string}"},"query-input":{"@type":"PropertyValueSpecification","valueRequired":true,"valueName":"search_term_string"}}],"inLanguage":"fr-FR"},{"@type":"Organization","@id":"https:\/\/teiaeducation.ch\/fr\/#organization","name":"Teia Education & Play","url":"https:\/\/teiaeducation.ch\/fr\/","logo":{"@type":"ImageObject","inLanguage":"fr-FR","@id":"https:\/\/teiaeducation.ch\/fr\/#\/schema\/logo\/image\/","url":"https:\/\/teiaeducation.ch\/wp-content\/uploads\/2020\/11\/Teia-Education-Switzerland-e1620156442216.jpg","contentUrl":"https:\/\/teiaeducation.ch\/wp-content\/uploads\/2020\/11\/Teia-Education-Switzerland-e1620156442216.jpg","width":166,"height":145,"caption":"Teia Education & Play"},"image":{"@id":"https:\/\/teiaeducation.ch\/fr\/#\/schema\/logo\/image\/"},"sameAs":["https:\/\/www.facebook.com\/teiaeducation\/","https:\/\/x.com\/EducationTeia","https:\/\/www.instagram.com\/teia.education\/","https:\/\/www.linkedin.com\/company\/35501660","https:\/\/www.pinterest.ch\/TeiaEducation\/"]}]}},"_links":{"self":[{"href":"https:\/\/teiaeducation.ch\/fr\/wp-json\/wp\/v2\/product\/20356","targetHints":{"allow":["GET"]}}],"collection":[{"href":"https:\/\/teiaeducation.ch\/fr\/wp-json\/wp\/v2\/product"}],"about":[{"href":"https:\/\/teiaeducation.ch\/fr\/wp-json\/wp\/v2\/types\/product"}],"replies":[{"embeddable":true,"href":"https:\/\/teiaeducation.ch\/fr\/wp-json\/wp\/v2\/comments?post=20356"}],"wp:featuredmedia":[{"embeddable":true,"href":"https:\/\/teiaeducation.ch\/fr\/wp-json\/wp\/v2\/media\/5213"}],"wp:attachment":[{"href":"https:\/\/teiaeducation.ch\/fr\/wp-json\/wp\/v2\/media?parent=20356"}],"wp:term":[{"taxonomy":"product_brand","embeddable":true,"href":"https:\/\/teiaeducation.ch\/fr\/wp-json\/wp\/v2\/product_brand?post=20356"},{"taxonomy":"product_cat","embeddable":true,"href":"https:\/\/teiaeducation.ch\/fr\/wp-json\/wp\/v2\/product_cat?post=20356"},{"taxonomy":"product_tag","embeddable":true,"href":"https:\/\/teiaeducation.ch\/fr\/wp-json\/wp\/v2\/product_tag?post=20356"}],"curies":[{"name":"wp","href":"https:\/\/api.w.org\/{rel}","templated":true}]}}