{"id":20363,"date":"2019-04-16T12:53:56","date_gmt":"2019-04-16T10:53:56","guid":{"rendered":"https:\/\/teiaeducation.ch\/product\/7-lunes-calendrier-hebdomadaire-grapat\/"},"modified":"2024-08-11T20:37:17","modified_gmt":"2024-08-11T18:37:17","slug":"7-lunes-calendrier-hebdomadaire-grapat","status":"publish","type":"product","link":"https:\/\/teiaeducation.ch\/fr\/produit\/7-lunes-calendrier-hebdomadaire-grapat\/","title":{"rendered":"7 lunes, calendrier hebdomadaire &#8211; Grapat"},"content":{"rendered":"<p>7 lunes, calendrier hebdomadaire &#8211; Grapat<\/p>\n<p>Le kit de calendrier hebdomadaire de 7 lunes de Grapat comprend 7 couleurs, chacune pour un jour de la semaine, correspondant \u00e0 celles d\u00e9finies dans la p\u00e9dagogie Waldorf, ainsi que 7 r\u00e9cipients aux couleurs correspondantes au les 7 nins\u00ae et 1 coupelle ronde en bois naturel (18 cm de diam\u00e8tre) pour contenir tous les \u00e9l\u00e9ments. Tous les articles sont fabriqu\u00e9s enti\u00e8rement de bois \u00e0 la main.<\/p>\n<p>De nombreuses cultures anciennes croyaient que chaque jour de la semaine avait sa propre plan\u00e8te, sa couleur, son odeur et son grain. Ces croyances ont \u00e9galement \u00e9t\u00e9 appliqu\u00e9es par la p\u00e9dagogie Waldorf:<\/p>\n<p>Lundi: lune, riz, violet ou violet, jasmin<br \/>\nMardi: Mars, rouge, orge, girofle<br \/>\nMercredi, Mercure, Millet, Jaune, Copal<br \/>\nJeudi, Jupiter, seigle, orange, c\u00e8dre<br \/>\nVendredi: V\u00e9nus, avoine, vert, rose<br \/>\nSamedi: Saturne, ma\u00efs, indigo ou bleu, myrrhe<br \/>\nDimanche: soleil, bl\u00e9, blanc, encens<\/p>\n<p>Ce mat\u00e9riel convient aux enfants enfants \u00e2g\u00e9s de 12 mois et plus.<\/p>\n","protected":false},"excerpt":{"rendered":"<p>Num\u00e9ro d&#8217;article: 17-168<\/p>\n","protected":false},"featured_media":5046,"comment_status":"closed","ping_status":"closed","template":"","meta":[],"product_brand":[],"product_cat":[208,8527,215,8580,216,17225,23635,18893,22344,284,283,8526,1208,1209,17239,13130,23020,23021,23650,13140,7595,217,598,212,1219],"product_tag":[1225,17959,6714,23582,1226],"class_list":{"0":"post-20363","1":"product","2":"type-product","3":"status-publish","4":"has-post-thumbnail","6":"product_cat-1-3-ans","7":"product_cat-3-6-ans-ecole-a-domicile","8":"product_cat-3-6-ans","9":"product_cat-6-12-ans-ecole-a-domicile","10":"product_cat-6-12-ans","11":"product_cat-celebrations-fr","12":"product_cat-collection-dete","13":"product_cat-collection-printemps","14":"product_cat-collections-saisonnieres","15":"product_cat-culture-sciences","16":"product_cat-domaines-du-curriculum","17":"product_cat-fournitures-scolaires-a-domicile","18":"product_cat-grapat-fr","19":"product_cat-kits-complets","20":"product_cat-guide-cadeaux-educatifs","21":"product_cat-jouer","22":"product_cat-jouets-en-bois","23":"product_cat-jouets-waldorf","24":"product_cat-la-rentree-scolaire","25":"product_cat-jeu-libre","26":"product_cat-methode-deducation","27":"product_cat-marques","28":"product_cat-saisons-meteo","29":"product_cat-tranche-dage","30":"product_cat-waldorf-fr","31":"product_tag-grapat-grapat","32":"product_tag-jouet-en-bois-durable-fait-a-la-main","33":"product_tag-jouets-en-bois-faits-a-la-main","34":"product_tag-open-ended-play-fr","35":"product_tag-waldorf-fr","37":"first","38":"outofstock","39":"taxable","40":"shipping-taxable","41":"purchasable","42":"product-type-simple"},"yoast_head":"<!-- This site is optimized with the Yoast SEO plugin v27.1.1 - https:\/\/yoast.com\/product\/yoast-seo-wordpress\/ -->\n<title>Grapat ensemble de 7 lunes calendrier hebdomadaire pedagogie Waldorf<\/title>\n<meta name=\"description\" content=\"Le kit de calendrier hebdomadaire de 7 lunes de Grapat comprend 7 couleurs, chacune pour un jour de la semaine, correspondant \u00e0 la p\u00e9dagogie Waldorf.\" \/>\n<meta name=\"robots\" content=\"index, follow, max-snippet:-1, max-image-preview:large, max-video-preview:-1\" \/>\n<link rel=\"canonical\" href=\"https:\/\/teiaeducation.ch\/fr\/produit\/7-lunes-calendrier-hebdomadaire-grapat\/\" \/>\n<meta property=\"og:locale\" content=\"fr_FR\" \/>\n<meta property=\"og:type\" content=\"article\" \/>\n<meta property=\"og:title\" content=\"Grapat ensemble de 7 lunes calendrier hebdomadaire pedagogie Waldorf\" \/>\n<meta property=\"og:description\" content=\"Le kit de calendrier hebdomadaire de 7 lunes de Grapat comprend 7 couleurs, chacune pour un jour de la semaine, correspondant \u00e0 la p\u00e9dagogie Waldorf.\" \/>\n<meta property=\"og:url\" content=\"https:\/\/teiaeducation.ch\/fr\/produit\/7-lunes-calendrier-hebdomadaire-grapat\/\" \/>\n<meta property=\"og:site_name\" content=\"Sustainable Educational Products &amp; Ecological Toys\u00a0\" \/>\n<meta property=\"article:publisher\" content=\"https:\/\/www.facebook.com\/teiaeducation\/\" \/>\n<meta property=\"article:modified_time\" content=\"2024-08-11T18:37:17+00:00\" \/>\n<meta property=\"og:image\" content=\"https:\/\/teiaeducation.ch\/wp-content\/uploads\/2019\/04\/Art-17-168_MG_0186_Joguines-Grapat.jpg\" \/>\n\t<meta property=\"og:image:width\" content=\"1800\" \/>\n\t<meta property=\"og:image:height\" content=\"1200\" \/>\n\t<meta property=\"og:image:type\" content=\"image\/jpeg\" \/>\n<script type=\"application\/ld+json\" class=\"yoast-schema-graph\">{\"@context\":\"https:\/\/schema.org\",\"@graph\":[{\"@type\":\"WebPage\",\"@id\":\"https:\/\/teiaeducation.ch\/fr\/produit\/7-lunes-calendrier-hebdomadaire-grapat\/\",\"url\":\"https:\/\/teiaeducation.ch\/fr\/produit\/7-lunes-calendrier-hebdomadaire-grapat\/\",\"name\":\"Grapat ensemble de 7 lunes calendrier hebdomadaire pedagogie Waldorf\",\"isPartOf\":{\"@id\":\"https:\/\/teiaeducation.ch\/fr\/#website\"},\"primaryImageOfPage\":{\"@id\":\"https:\/\/teiaeducation.ch\/fr\/produit\/7-lunes-calendrier-hebdomadaire-grapat\/#primaryimage\"},\"image\":{\"@id\":\"https:\/\/teiaeducation.ch\/fr\/produit\/7-lunes-calendrier-hebdomadaire-grapat\/#primaryimage\"},\"thumbnailUrl\":\"https:\/\/teiaeducation.ch\/wp-content\/uploads\/2019\/04\/Art-17-168_MG_0186_Joguines-Grapat.jpg\",\"datePublished\":\"2019-04-16T10:53:56+00:00\",\"dateModified\":\"2024-08-11T18:37:17+00:00\",\"description\":\"Le kit de calendrier hebdomadaire de 7 lunes de Grapat comprend 7 couleurs, chacune pour un jour de la semaine, correspondant \u00e0 la p\u00e9dagogie Waldorf.\",\"breadcrumb\":{\"@id\":\"https:\/\/teiaeducation.ch\/fr\/produit\/7-lunes-calendrier-hebdomadaire-grapat\/#breadcrumb\"},\"inLanguage\":\"fr-FR\",\"potentialAction\":[{\"@type\":\"ReadAction\",\"target\":[\"https:\/\/teiaeducation.ch\/fr\/produit\/7-lunes-calendrier-hebdomadaire-grapat\/\"]}]},{\"@type\":\"ImageObject\",\"inLanguage\":\"fr-FR\",\"@id\":\"https:\/\/teiaeducation.ch\/fr\/produit\/7-lunes-calendrier-hebdomadaire-grapat\/#primaryimage\",\"url\":\"https:\/\/teiaeducation.ch\/wp-content\/uploads\/2019\/04\/Art-17-168_MG_0186_Joguines-Grapat.jpg\",\"contentUrl\":\"https:\/\/teiaeducation.ch\/wp-content\/uploads\/2019\/04\/Art-17-168_MG_0186_Joguines-Grapat.jpg\",\"width\":1800,\"height\":1200,\"caption\":\"7 lunes, calendrier hebdomadaire - Grapat\"},{\"@type\":\"BreadcrumbList\",\"@id\":\"https:\/\/teiaeducation.ch\/fr\/produit\/7-lunes-calendrier-hebdomadaire-grapat\/#breadcrumb\",\"itemListElement\":[{\"@type\":\"ListItem\",\"position\":1,\"name\":\"Home\",\"item\":\"https:\/\/teiaeducation.ch\/fr\/\"},{\"@type\":\"ListItem\",\"position\":2,\"name\":\"Boutique Teia Education &amp; Play\",\"item\":\"https:\/\/teiaeducation.ch\/fr\/boutique\/\"},{\"@type\":\"ListItem\",\"position\":3,\"name\":\"Nos Marques\",\"item\":\"https:\/\/teiaeducation.ch\/fr\/categorie-produit\/marques\/\"},{\"@type\":\"ListItem\",\"position\":4,\"name\":\"Grapat\",\"item\":\"https:\/\/teiaeducation.ch\/fr\/categorie-produit\/marques\/grapat-fr\/\"},{\"@type\":\"ListItem\",\"position\":5,\"name\":\"Grapat Kits Complets\",\"item\":\"https:\/\/teiaeducation.ch\/fr\/categorie-produit\/marques\/grapat-fr\/kits-complets\/\"},{\"@type\":\"ListItem\",\"position\":6,\"name\":\"7 lunes, calendrier hebdomadaire &#8211; Grapat\"}]},{\"@type\":\"WebSite\",\"@id\":\"https:\/\/teiaeducation.ch\/fr\/#website\",\"url\":\"https:\/\/teiaeducation.ch\/fr\/\",\"name\":\"Sustainable Educational Products &amp; Ecological Toys\u00a0\",\"description\":\"Specialised Swiss shop selling sustainable educational toys and games, AMI certified Montessori materials, handmade ecological wooden Waldorf toys and arts &amp; crafts supplies, school supplies, children&#039;s furniture and Montessori reference and parenting books.\",\"publisher\":{\"@id\":\"https:\/\/teiaeducation.ch\/fr\/#organization\"},\"alternateName\":\"Teia Education & Play\",\"potentialAction\":[{\"@type\":\"SearchAction\",\"target\":{\"@type\":\"EntryPoint\",\"urlTemplate\":\"https:\/\/teiaeducation.ch\/fr\/?s={search_term_string}\"},\"query-input\":{\"@type\":\"PropertyValueSpecification\",\"valueRequired\":true,\"valueName\":\"search_term_string\"}}],\"inLanguage\":\"fr-FR\"},{\"@type\":\"Organization\",\"@id\":\"https:\/\/teiaeducation.ch\/fr\/#organization\",\"name\":\"Teia Education & Play\",\"url\":\"https:\/\/teiaeducation.ch\/fr\/\",\"logo\":{\"@type\":\"ImageObject\",\"inLanguage\":\"fr-FR\",\"@id\":\"https:\/\/teiaeducation.ch\/fr\/#\/schema\/logo\/image\/\",\"url\":\"https:\/\/teiaeducation.ch\/wp-content\/uploads\/2020\/11\/Teia-Education-Switzerland-e1620156442216.jpg\",\"contentUrl\":\"https:\/\/teiaeducation.ch\/wp-content\/uploads\/2020\/11\/Teia-Education-Switzerland-e1620156442216.jpg\",\"width\":166,\"height\":145,\"caption\":\"Teia Education & Play\"},\"image\":{\"@id\":\"https:\/\/teiaeducation.ch\/fr\/#\/schema\/logo\/image\/\"},\"sameAs\":[\"https:\/\/www.facebook.com\/teiaeducation\/\",\"https:\/\/x.com\/EducationTeia\",\"https:\/\/www.instagram.com\/teia.education\/\",\"https:\/\/www.linkedin.com\/company\/35501660\",\"https:\/\/www.pinterest.ch\/TeiaEducation\/\"]}]}<\/script>\n<!-- \/ Yoast SEO plugin. -->","yoast_head_json":{"title":"Grapat ensemble de 7 lunes calendrier hebdomadaire pedagogie Waldorf","description":"Le kit de calendrier hebdomadaire de 7 lunes de Grapat comprend 7 couleurs, chacune pour un jour de la semaine, correspondant \u00e0 la p\u00e9dagogie Waldorf.","robots":{"index":"index","follow":"follow","max-snippet":"max-snippet:-1","max-image-preview":"max-image-preview:large","max-video-preview":"max-video-preview:-1"},"canonical":"https:\/\/teiaeducation.ch\/fr\/produit\/7-lunes-calendrier-hebdomadaire-grapat\/","og_locale":"fr_FR","og_type":"article","og_title":"Grapat ensemble de 7 lunes calendrier hebdomadaire pedagogie Waldorf","og_description":"Le kit de calendrier hebdomadaire de 7 lunes de Grapat comprend 7 couleurs, chacune pour un jour de la semaine, correspondant \u00e0 la p\u00e9dagogie Waldorf.","og_url":"https:\/\/teiaeducation.ch\/fr\/produit\/7-lunes-calendrier-hebdomadaire-grapat\/","og_site_name":"Sustainable Educational Products &amp; Ecological Toys\u00a0","article_publisher":"https:\/\/www.facebook.com\/teiaeducation\/","article_modified_time":"2024-08-11T18:37:17+00:00","og_image":[{"width":1800,"height":1200,"url":"https:\/\/teiaeducation.ch\/wp-content\/uploads\/2019\/04\/Art-17-168_MG_0186_Joguines-Grapat.jpg","type":"image\/jpeg"}],"schema":{"@context":"https:\/\/schema.org","@graph":[{"@type":"WebPage","@id":"https:\/\/teiaeducation.ch\/fr\/produit\/7-lunes-calendrier-hebdomadaire-grapat\/","url":"https:\/\/teiaeducation.ch\/fr\/produit\/7-lunes-calendrier-hebdomadaire-grapat\/","name":"Grapat ensemble de 7 lunes calendrier hebdomadaire pedagogie Waldorf","isPartOf":{"@id":"https:\/\/teiaeducation.ch\/fr\/#website"},"primaryImageOfPage":{"@id":"https:\/\/teiaeducation.ch\/fr\/produit\/7-lunes-calendrier-hebdomadaire-grapat\/#primaryimage"},"image":{"@id":"https:\/\/teiaeducation.ch\/fr\/produit\/7-lunes-calendrier-hebdomadaire-grapat\/#primaryimage"},"thumbnailUrl":"https:\/\/teiaeducation.ch\/wp-content\/uploads\/2019\/04\/Art-17-168_MG_0186_Joguines-Grapat.jpg","datePublished":"2019-04-16T10:53:56+00:00","dateModified":"2024-08-11T18:37:17+00:00","description":"Le kit de calendrier hebdomadaire de 7 lunes de Grapat comprend 7 couleurs, chacune pour un jour de la semaine, correspondant \u00e0 la p\u00e9dagogie Waldorf.","breadcrumb":{"@id":"https:\/\/teiaeducation.ch\/fr\/produit\/7-lunes-calendrier-hebdomadaire-grapat\/#breadcrumb"},"inLanguage":"fr-FR","potentialAction":[{"@type":"ReadAction","target":["https:\/\/teiaeducation.ch\/fr\/produit\/7-lunes-calendrier-hebdomadaire-grapat\/"]}]},{"@type":"ImageObject","inLanguage":"fr-FR","@id":"https:\/\/teiaeducation.ch\/fr\/produit\/7-lunes-calendrier-hebdomadaire-grapat\/#primaryimage","url":"https:\/\/teiaeducation.ch\/wp-content\/uploads\/2019\/04\/Art-17-168_MG_0186_Joguines-Grapat.jpg","contentUrl":"https:\/\/teiaeducation.ch\/wp-content\/uploads\/2019\/04\/Art-17-168_MG_0186_Joguines-Grapat.jpg","width":1800,"height":1200,"caption":"7 lunes, calendrier hebdomadaire - Grapat"},{"@type":"BreadcrumbList","@id":"https:\/\/teiaeducation.ch\/fr\/produit\/7-lunes-calendrier-hebdomadaire-grapat\/#breadcrumb","itemListElement":[{"@type":"ListItem","position":1,"name":"Home","item":"https:\/\/teiaeducation.ch\/fr\/"},{"@type":"ListItem","position":2,"name":"Boutique Teia Education &amp; Play","item":"https:\/\/teiaeducation.ch\/fr\/boutique\/"},{"@type":"ListItem","position":3,"name":"Nos Marques","item":"https:\/\/teiaeducation.ch\/fr\/categorie-produit\/marques\/"},{"@type":"ListItem","position":4,"name":"Grapat","item":"https:\/\/teiaeducation.ch\/fr\/categorie-produit\/marques\/grapat-fr\/"},{"@type":"ListItem","position":5,"name":"Grapat Kits Complets","item":"https:\/\/teiaeducation.ch\/fr\/categorie-produit\/marques\/grapat-fr\/kits-complets\/"},{"@type":"ListItem","position":6,"name":"7 lunes, calendrier hebdomadaire &#8211; Grapat"}]},{"@type":"WebSite","@id":"https:\/\/teiaeducation.ch\/fr\/#website","url":"https:\/\/teiaeducation.ch\/fr\/","name":"Sustainable Educational Products &amp; Ecological Toys\u00a0","description":"Specialised Swiss shop selling sustainable educational toys and games, AMI certified Montessori materials, handmade ecological wooden Waldorf toys and arts &amp; crafts supplies, school supplies, children&#039;s furniture and Montessori reference and parenting books.","publisher":{"@id":"https:\/\/teiaeducation.ch\/fr\/#organization"},"alternateName":"Teia Education & Play","potentialAction":[{"@type":"SearchAction","target":{"@type":"EntryPoint","urlTemplate":"https:\/\/teiaeducation.ch\/fr\/?s={search_term_string}"},"query-input":{"@type":"PropertyValueSpecification","valueRequired":true,"valueName":"search_term_string"}}],"inLanguage":"fr-FR"},{"@type":"Organization","@id":"https:\/\/teiaeducation.ch\/fr\/#organization","name":"Teia Education & Play","url":"https:\/\/teiaeducation.ch\/fr\/","logo":{"@type":"ImageObject","inLanguage":"fr-FR","@id":"https:\/\/teiaeducation.ch\/fr\/#\/schema\/logo\/image\/","url":"https:\/\/teiaeducation.ch\/wp-content\/uploads\/2020\/11\/Teia-Education-Switzerland-e1620156442216.jpg","contentUrl":"https:\/\/teiaeducation.ch\/wp-content\/uploads\/2020\/11\/Teia-Education-Switzerland-e1620156442216.jpg","width":166,"height":145,"caption":"Teia Education & Play"},"image":{"@id":"https:\/\/teiaeducation.ch\/fr\/#\/schema\/logo\/image\/"},"sameAs":["https:\/\/www.facebook.com\/teiaeducation\/","https:\/\/x.com\/EducationTeia","https:\/\/www.instagram.com\/teia.education\/","https:\/\/www.linkedin.com\/company\/35501660","https:\/\/www.pinterest.ch\/TeiaEducation\/"]}]}},"_links":{"self":[{"href":"https:\/\/teiaeducation.ch\/fr\/wp-json\/wp\/v2\/product\/20363","targetHints":{"allow":["GET"]}}],"collection":[{"href":"https:\/\/teiaeducation.ch\/fr\/wp-json\/wp\/v2\/product"}],"about":[{"href":"https:\/\/teiaeducation.ch\/fr\/wp-json\/wp\/v2\/types\/product"}],"replies":[{"embeddable":true,"href":"https:\/\/teiaeducation.ch\/fr\/wp-json\/wp\/v2\/comments?post=20363"}],"wp:featuredmedia":[{"embeddable":true,"href":"https:\/\/teiaeducation.ch\/fr\/wp-json\/wp\/v2\/media\/5046"}],"wp:attachment":[{"href":"https:\/\/teiaeducation.ch\/fr\/wp-json\/wp\/v2\/media?parent=20363"}],"wp:term":[{"taxonomy":"product_brand","embeddable":true,"href":"https:\/\/teiaeducation.ch\/fr\/wp-json\/wp\/v2\/product_brand?post=20363"},{"taxonomy":"product_cat","embeddable":true,"href":"https:\/\/teiaeducation.ch\/fr\/wp-json\/wp\/v2\/product_cat?post=20363"},{"taxonomy":"product_tag","embeddable":true,"href":"https:\/\/teiaeducation.ch\/fr\/wp-json\/wp\/v2\/product_tag?post=20363"}],"curies":[{"name":"wp","href":"https:\/\/api.w.org\/{rel}","templated":true}]}}