{"id":20403,"date":"2019-02-10T13:27:00","date_gmt":"2019-09-13T12:38:54","guid":{"rendered":"https:\/\/teiaeducation.ch\/product\/lhorloge-synchrone-enseignant-jegro\/"},"modified":"2020-05-22T21:55:22","modified_gmt":"2020-05-22T19:55:22","slug":"horloge-synchrone-enseignant-jegro","status":"publish","type":"product","link":"https:\/\/teiaeducation.ch\/fr\/produit\/horloge-synchrone-enseignant-jegro\/","title":{"rendered":"L\u2019horloge synchrone enseignant &#8211; Jegro"},"content":{"rendered":"<p>L\u2019horloge synchrone enseignant &#8211; Jegro<\/p>\n<p>L\u2019horloge synchrone de d\u00e9monstration de Jegro est utilis\u00e9e par un enseignant comme support de programme pour les le\u00e7ons sur le temps. L&#8217;horloge a un face sp\u00e9cial indiquant soit les heures ou les minutes. Les aiguilles de l&#8217;horloge sont synchronis\u00e9es et peuvent \u00eatre ajust\u00e9es par un m\u00e9canisme situ\u00e9 \u00e0 l&#8217;arri\u00e8re de l&#8217;horloge. Deux supports en bois sont \u00e9galement inclus pour permettre \u00e0 l&#8217;horloge de se tenir debout toute seule.<\/p>\n<p>Ce mat\u00e9riel convient aux enfants \u00e2g\u00e9s de 7 ans et plus.<\/p>\n<p>Contenu:<\/p>\n<p>1 horloge en plastique (39,5 x 39,5 cm)<br \/>\n2 supports en bois<\/p>\n<p><em><span class=\"tlid-translation translation\" lang=\"fr\"><span title=\"\">Nous n'avons actuellement pas cet article en stock, mais il est disponible en pr\u00e9-commande.<\/span> <span class=\"\" title=\"\">Nous commanderons cet article pour vous aupr\u00e8s de notre fournisseur.<\/span> <span class=\"\" title=\"\">Veuillez allouer de 2 \u00e0 3 semaines maximum pour la livraison.<\/span><\/span><\/em><\/p>\n\t<div id=\"gap-926866873\" class=\"gap-element clearfix\" style=\"display:block; height:auto;\">\n\t\t\n<style>\n#gap-926866873 {\n  padding-top: 20px;\n}\n<\/style>\n\t<\/div>\n\t\n","protected":false},"excerpt":{"rendered":"<p>Num\u00e9ro d&#8217;article: 3030500<\/p>\n","protected":false},"featured_media":3991,"comment_status":"closed","ping_status":"closed","template":"","meta":[],"product_brand":[],"product_cat":[8580,216,283,8526,259,1220,277,264,288,7595,217,13154,629,212],"product_tag":[824,776,792,1252,1246,1245,651,798,1247],"class_list":{"0":"post-20403","1":"product","2":"type-product","3":"status-publish","4":"has-post-thumbnail","6":"product_cat-6-12-ans-ecole-a-domicile","7":"product_cat-6-12-ans","8":"product_cat-domaines-du-curriculum","9":"product_cat-fournitures-scolaires-a-domicile","10":"product_cat-jegro-fr","11":"product_cat-traditionnelle","12":"product_cat-materiel-indispensable","13":"product_cat-mathematiques","14":"product_cat-mathematiques-calcul","15":"product_cat-methode-deducation","16":"product_cat-marques","17":"product_cat-pack-classe-6-12-ans","18":"product_cat-temps-fr","19":"product_cat-tranche-dage","20":"product_tag-fabrique-en-hollande","21":"product_tag-heutink-international-suisse","22":"product_tag-jegro-materiaux-suisse","23":"product_tag-lhorloge-synchrone-enseignant","24":"product_tag-lire-lheure","25":"product_tag-materiaux-mathematiques","26":"product_tag-materiel-pedagogique-suisse","27":"product_tag-mathematiques-jegro","28":"product_tag-mesurer-mathematique","30":"first","31":"onbackorder","32":"taxable","33":"shipping-taxable","34":"purchasable","35":"product-type-simple"},"yoast_head":"<!-- This site is optimized with the Yoast SEO plugin v27.1.1 - https:\/\/yoast.com\/product\/yoast-seo-wordpress\/ -->\n<title>L\u2019horloge synchrone enseignant - Jegro - Teia Education &amp; Play<\/title>\n<meta name=\"description\" content=\"L\u2019horloge de d\u00e9monstration de Jegro est utilis\u00e9e par un enseignant les le\u00e7ons sur le temps et indique soit les heures de l&#039;apr\u00e8s-midi, soit les minutes.\" \/>\n<meta name=\"robots\" content=\"index, follow, max-snippet:-1, max-image-preview:large, max-video-preview:-1\" \/>\n<link rel=\"canonical\" href=\"https:\/\/teiaeducation.ch\/fr\/produit\/horloge-synchrone-enseignant-jegro\/\" \/>\n<meta property=\"og:locale\" content=\"fr_FR\" \/>\n<meta property=\"og:type\" content=\"article\" \/>\n<meta property=\"og:title\" content=\"L\u2019horloge synchrone enseignant - Jegro - Teia Education &amp; Play\" \/>\n<meta property=\"og:description\" content=\"L\u2019horloge de d\u00e9monstration de Jegro est utilis\u00e9e par un enseignant les le\u00e7ons sur le temps et indique soit les heures de l&#039;apr\u00e8s-midi, soit les minutes.\" \/>\n<meta property=\"og:url\" content=\"https:\/\/teiaeducation.ch\/fr\/produit\/horloge-synchrone-enseignant-jegro\/\" \/>\n<meta property=\"og:site_name\" content=\"Sustainable Educational Products &amp; Ecological Toys\u00a0\" \/>\n<meta property=\"article:publisher\" content=\"https:\/\/www.facebook.com\/teiaeducation\/\" \/>\n<meta property=\"article:modified_time\" content=\"2020-05-22T19:55:22+00:00\" \/>\n<meta property=\"og:image\" content=\"https:\/\/teiaeducation.ch\/wp-content\/uploads\/2019\/02\/3030500-1.jpg\" \/>\n\t<meta property=\"og:image:width\" content=\"900\" \/>\n\t<meta property=\"og:image:height\" content=\"900\" \/>\n\t<meta property=\"og:image:type\" content=\"image\/jpeg\" \/>\n<script type=\"application\/ld+json\" class=\"yoast-schema-graph\">{\"@context\":\"https:\/\/schema.org\",\"@graph\":[{\"@type\":\"WebPage\",\"@id\":\"https:\/\/teiaeducation.ch\/fr\/produit\/horloge-synchrone-enseignant-jegro\/\",\"url\":\"https:\/\/teiaeducation.ch\/fr\/produit\/horloge-synchrone-enseignant-jegro\/\",\"name\":\"L\u2019horloge synchrone enseignant - Jegro - Teia Education & Play\",\"isPartOf\":{\"@id\":\"https:\/\/teiaeducation.ch\/fr\/#website\"},\"primaryImageOfPage\":{\"@id\":\"https:\/\/teiaeducation.ch\/fr\/produit\/horloge-synchrone-enseignant-jegro\/#primaryimage\"},\"image\":{\"@id\":\"https:\/\/teiaeducation.ch\/fr\/produit\/horloge-synchrone-enseignant-jegro\/#primaryimage\"},\"thumbnailUrl\":\"https:\/\/teiaeducation.ch\/wp-content\/uploads\/2019\/02\/3030500-1.jpg\",\"datePublished\":\"2019-09-13T12:38:54+00:00\",\"dateModified\":\"2020-05-22T19:55:22+00:00\",\"description\":\"L\u2019horloge de d\u00e9monstration de Jegro est utilis\u00e9e par un enseignant les le\u00e7ons sur le temps et indique soit les heures de l'apr\u00e8s-midi, soit les minutes.\",\"breadcrumb\":{\"@id\":\"https:\/\/teiaeducation.ch\/fr\/produit\/horloge-synchrone-enseignant-jegro\/#breadcrumb\"},\"inLanguage\":\"fr-FR\",\"potentialAction\":[{\"@type\":\"ReadAction\",\"target\":[\"https:\/\/teiaeducation.ch\/fr\/produit\/horloge-synchrone-enseignant-jegro\/\"]}]},{\"@type\":\"ImageObject\",\"inLanguage\":\"fr-FR\",\"@id\":\"https:\/\/teiaeducation.ch\/fr\/produit\/horloge-synchrone-enseignant-jegro\/#primaryimage\",\"url\":\"https:\/\/teiaeducation.ch\/wp-content\/uploads\/2019\/02\/3030500-1.jpg\",\"contentUrl\":\"https:\/\/teiaeducation.ch\/wp-content\/uploads\/2019\/02\/3030500-1.jpg\",\"width\":900,\"height\":900,\"caption\":\"L\u2019horloge synchrone enseignant - Jegro\"},{\"@type\":\"BreadcrumbList\",\"@id\":\"https:\/\/teiaeducation.ch\/fr\/produit\/horloge-synchrone-enseignant-jegro\/#breadcrumb\",\"itemListElement\":[{\"@type\":\"ListItem\",\"position\":1,\"name\":\"Home\",\"item\":\"https:\/\/teiaeducation.ch\/fr\/\"},{\"@type\":\"ListItem\",\"position\":2,\"name\":\"Boutique Teia Education &amp; Play\",\"item\":\"https:\/\/teiaeducation.ch\/fr\/boutique\/\"},{\"@type\":\"ListItem\",\"position\":3,\"name\":\"Nos Marques\",\"item\":\"https:\/\/teiaeducation.ch\/fr\/categorie-produit\/marques\/\"},{\"@type\":\"ListItem\",\"position\":4,\"name\":\"Jegro\",\"item\":\"https:\/\/teiaeducation.ch\/fr\/categorie-produit\/marques\/jegro-fr\/\"},{\"@type\":\"ListItem\",\"position\":5,\"name\":\"Math\u00e9matiques\",\"item\":\"https:\/\/teiaeducation.ch\/fr\/categorie-produit\/marques\/jegro-fr\/mathematiques\/\"},{\"@type\":\"ListItem\",\"position\":6,\"name\":\"L\u2019horloge synchrone enseignant &#8211; Jegro\"}]},{\"@type\":\"WebSite\",\"@id\":\"https:\/\/teiaeducation.ch\/fr\/#website\",\"url\":\"https:\/\/teiaeducation.ch\/fr\/\",\"name\":\"Sustainable Educational Products &amp; Ecological Toys\u00a0\",\"description\":\"Specialised Swiss shop selling sustainable educational toys and games, AMI certified Montessori materials, handmade ecological wooden Waldorf toys and arts &amp; crafts supplies, school supplies, children&#039;s furniture and Montessori reference and parenting books.\",\"publisher\":{\"@id\":\"https:\/\/teiaeducation.ch\/fr\/#organization\"},\"alternateName\":\"Teia Education & Play\",\"potentialAction\":[{\"@type\":\"SearchAction\",\"target\":{\"@type\":\"EntryPoint\",\"urlTemplate\":\"https:\/\/teiaeducation.ch\/fr\/?s={search_term_string}\"},\"query-input\":{\"@type\":\"PropertyValueSpecification\",\"valueRequired\":true,\"valueName\":\"search_term_string\"}}],\"inLanguage\":\"fr-FR\"},{\"@type\":\"Organization\",\"@id\":\"https:\/\/teiaeducation.ch\/fr\/#organization\",\"name\":\"Teia Education & Play\",\"url\":\"https:\/\/teiaeducation.ch\/fr\/\",\"logo\":{\"@type\":\"ImageObject\",\"inLanguage\":\"fr-FR\",\"@id\":\"https:\/\/teiaeducation.ch\/fr\/#\/schema\/logo\/image\/\",\"url\":\"https:\/\/teiaeducation.ch\/wp-content\/uploads\/2020\/11\/Teia-Education-Switzerland-e1620156442216.jpg\",\"contentUrl\":\"https:\/\/teiaeducation.ch\/wp-content\/uploads\/2020\/11\/Teia-Education-Switzerland-e1620156442216.jpg\",\"width\":166,\"height\":145,\"caption\":\"Teia Education & Play\"},\"image\":{\"@id\":\"https:\/\/teiaeducation.ch\/fr\/#\/schema\/logo\/image\/\"},\"sameAs\":[\"https:\/\/www.facebook.com\/teiaeducation\/\",\"https:\/\/x.com\/EducationTeia\",\"https:\/\/www.instagram.com\/teia.education\/\",\"https:\/\/www.linkedin.com\/company\/35501660\",\"https:\/\/www.pinterest.ch\/TeiaEducation\/\"]}]}<\/script>\n<!-- \/ Yoast SEO plugin. -->","yoast_head_json":{"title":"L\u2019horloge synchrone enseignant - Jegro - Teia Education & Play","description":"L\u2019horloge de d\u00e9monstration de Jegro est utilis\u00e9e par un enseignant les le\u00e7ons sur le temps et indique soit les heures de l'apr\u00e8s-midi, soit les minutes.","robots":{"index":"index","follow":"follow","max-snippet":"max-snippet:-1","max-image-preview":"max-image-preview:large","max-video-preview":"max-video-preview:-1"},"canonical":"https:\/\/teiaeducation.ch\/fr\/produit\/horloge-synchrone-enseignant-jegro\/","og_locale":"fr_FR","og_type":"article","og_title":"L\u2019horloge synchrone enseignant - Jegro - Teia Education & Play","og_description":"L\u2019horloge de d\u00e9monstration de Jegro est utilis\u00e9e par un enseignant les le\u00e7ons sur le temps et indique soit les heures de l'apr\u00e8s-midi, soit les minutes.","og_url":"https:\/\/teiaeducation.ch\/fr\/produit\/horloge-synchrone-enseignant-jegro\/","og_site_name":"Sustainable Educational Products &amp; Ecological Toys\u00a0","article_publisher":"https:\/\/www.facebook.com\/teiaeducation\/","article_modified_time":"2020-05-22T19:55:22+00:00","og_image":[{"width":900,"height":900,"url":"https:\/\/teiaeducation.ch\/wp-content\/uploads\/2019\/02\/3030500-1.jpg","type":"image\/jpeg"}],"schema":{"@context":"https:\/\/schema.org","@graph":[{"@type":"WebPage","@id":"https:\/\/teiaeducation.ch\/fr\/produit\/horloge-synchrone-enseignant-jegro\/","url":"https:\/\/teiaeducation.ch\/fr\/produit\/horloge-synchrone-enseignant-jegro\/","name":"L\u2019horloge synchrone enseignant - Jegro - Teia Education & Play","isPartOf":{"@id":"https:\/\/teiaeducation.ch\/fr\/#website"},"primaryImageOfPage":{"@id":"https:\/\/teiaeducation.ch\/fr\/produit\/horloge-synchrone-enseignant-jegro\/#primaryimage"},"image":{"@id":"https:\/\/teiaeducation.ch\/fr\/produit\/horloge-synchrone-enseignant-jegro\/#primaryimage"},"thumbnailUrl":"https:\/\/teiaeducation.ch\/wp-content\/uploads\/2019\/02\/3030500-1.jpg","datePublished":"2019-09-13T12:38:54+00:00","dateModified":"2020-05-22T19:55:22+00:00","description":"L\u2019horloge de d\u00e9monstration de Jegro est utilis\u00e9e par un enseignant les le\u00e7ons sur le temps et indique soit les heures de l'apr\u00e8s-midi, soit les minutes.","breadcrumb":{"@id":"https:\/\/teiaeducation.ch\/fr\/produit\/horloge-synchrone-enseignant-jegro\/#breadcrumb"},"inLanguage":"fr-FR","potentialAction":[{"@type":"ReadAction","target":["https:\/\/teiaeducation.ch\/fr\/produit\/horloge-synchrone-enseignant-jegro\/"]}]},{"@type":"ImageObject","inLanguage":"fr-FR","@id":"https:\/\/teiaeducation.ch\/fr\/produit\/horloge-synchrone-enseignant-jegro\/#primaryimage","url":"https:\/\/teiaeducation.ch\/wp-content\/uploads\/2019\/02\/3030500-1.jpg","contentUrl":"https:\/\/teiaeducation.ch\/wp-content\/uploads\/2019\/02\/3030500-1.jpg","width":900,"height":900,"caption":"L\u2019horloge synchrone enseignant - Jegro"},{"@type":"BreadcrumbList","@id":"https:\/\/teiaeducation.ch\/fr\/produit\/horloge-synchrone-enseignant-jegro\/#breadcrumb","itemListElement":[{"@type":"ListItem","position":1,"name":"Home","item":"https:\/\/teiaeducation.ch\/fr\/"},{"@type":"ListItem","position":2,"name":"Boutique Teia Education &amp; Play","item":"https:\/\/teiaeducation.ch\/fr\/boutique\/"},{"@type":"ListItem","position":3,"name":"Nos Marques","item":"https:\/\/teiaeducation.ch\/fr\/categorie-produit\/marques\/"},{"@type":"ListItem","position":4,"name":"Jegro","item":"https:\/\/teiaeducation.ch\/fr\/categorie-produit\/marques\/jegro-fr\/"},{"@type":"ListItem","position":5,"name":"Math\u00e9matiques","item":"https:\/\/teiaeducation.ch\/fr\/categorie-produit\/marques\/jegro-fr\/mathematiques\/"},{"@type":"ListItem","position":6,"name":"L\u2019horloge synchrone enseignant &#8211; Jegro"}]},{"@type":"WebSite","@id":"https:\/\/teiaeducation.ch\/fr\/#website","url":"https:\/\/teiaeducation.ch\/fr\/","name":"Sustainable Educational Products &amp; Ecological Toys\u00a0","description":"Specialised Swiss shop selling sustainable educational toys and games, AMI certified Montessori materials, handmade ecological wooden Waldorf toys and arts &amp; crafts supplies, school supplies, children&#039;s furniture and Montessori reference and parenting books.","publisher":{"@id":"https:\/\/teiaeducation.ch\/fr\/#organization"},"alternateName":"Teia Education & Play","potentialAction":[{"@type":"SearchAction","target":{"@type":"EntryPoint","urlTemplate":"https:\/\/teiaeducation.ch\/fr\/?s={search_term_string}"},"query-input":{"@type":"PropertyValueSpecification","valueRequired":true,"valueName":"search_term_string"}}],"inLanguage":"fr-FR"},{"@type":"Organization","@id":"https:\/\/teiaeducation.ch\/fr\/#organization","name":"Teia Education & Play","url":"https:\/\/teiaeducation.ch\/fr\/","logo":{"@type":"ImageObject","inLanguage":"fr-FR","@id":"https:\/\/teiaeducation.ch\/fr\/#\/schema\/logo\/image\/","url":"https:\/\/teiaeducation.ch\/wp-content\/uploads\/2020\/11\/Teia-Education-Switzerland-e1620156442216.jpg","contentUrl":"https:\/\/teiaeducation.ch\/wp-content\/uploads\/2020\/11\/Teia-Education-Switzerland-e1620156442216.jpg","width":166,"height":145,"caption":"Teia Education & Play"},"image":{"@id":"https:\/\/teiaeducation.ch\/fr\/#\/schema\/logo\/image\/"},"sameAs":["https:\/\/www.facebook.com\/teiaeducation\/","https:\/\/x.com\/EducationTeia","https:\/\/www.instagram.com\/teia.education\/","https:\/\/www.linkedin.com\/company\/35501660","https:\/\/www.pinterest.ch\/TeiaEducation\/"]}]}},"_links":{"self":[{"href":"https:\/\/teiaeducation.ch\/fr\/wp-json\/wp\/v2\/product\/20403","targetHints":{"allow":["GET"]}}],"collection":[{"href":"https:\/\/teiaeducation.ch\/fr\/wp-json\/wp\/v2\/product"}],"about":[{"href":"https:\/\/teiaeducation.ch\/fr\/wp-json\/wp\/v2\/types\/product"}],"replies":[{"embeddable":true,"href":"https:\/\/teiaeducation.ch\/fr\/wp-json\/wp\/v2\/comments?post=20403"}],"wp:featuredmedia":[{"embeddable":true,"href":"https:\/\/teiaeducation.ch\/fr\/wp-json\/wp\/v2\/media\/3991"}],"wp:attachment":[{"href":"https:\/\/teiaeducation.ch\/fr\/wp-json\/wp\/v2\/media?parent=20403"}],"wp:term":[{"taxonomy":"product_brand","embeddable":true,"href":"https:\/\/teiaeducation.ch\/fr\/wp-json\/wp\/v2\/product_brand?post=20403"},{"taxonomy":"product_cat","embeddable":true,"href":"https:\/\/teiaeducation.ch\/fr\/wp-json\/wp\/v2\/product_cat?post=20403"},{"taxonomy":"product_tag","embeddable":true,"href":"https:\/\/teiaeducation.ch\/fr\/wp-json\/wp\/v2\/product_tag?post=20403"}],"curies":[{"name":"wp","href":"https:\/\/api.w.org\/{rel}","templated":true}]}}