{"id":20466,"date":"2019-02-08T23:50:15","date_gmt":"2019-09-15T19:15:37","guid":{"rendered":"https:\/\/teiaeducation.ch\/product\/cartes-de-nombres-jusqua-100-jegro\/"},"modified":"2021-07-14T14:46:02","modified_gmt":"2021-07-14T12:46:02","slug":"nombres-cartes-jusqua-100-jegro","status":"publish","type":"product","link":"https:\/\/teiaeducation.ch\/fr\/produit\/nombres-cartes-jusqua-100-jegro\/","title":{"rendered":"Cartes de nombres jusqu&#8217;\u00e0 100 &#8211; Jegro"},"content":{"rendered":"<p>Cartes de nombres jusqu&#8217;\u00e0 100 &#8211; Jegro<\/p>\n<p>L&#8217;ensemble des cartes de nombres jusqu&#8217;\u00e0 cent de Jegro compose de 108 en plastique avec les nombres z\u00e9ro \u00e0 cent et les signes math\u00e9matiques plus, moins, fois, division, \u00e9gale, plus grande et moins que.<\/p>\n<p>Les cartes num\u00e9rot\u00e9es peuvent \u00eatre utilis\u00e9es pour jouer \u00e0 des jeux de nombre en groupes ou individuellement et pour pratiquer des mod\u00e8les de nombres, des s\u00e9ries de nombres, impairs et \u00e9gaux et pour placer des nombres dans l&#8217;ordre. Travailler avec ce mat\u00e9riel offre des possibilit\u00e9s infinies. Les cartes de nombres d\u00e9veloppent la familiarit\u00e9 avec des nombres et des structures des nombres et peuvent \u00e9galement \u00eatre utilis\u00e9 pour trier et organiser ou jouer un jeu de m\u00e9moire avec.<\/p>\n<p>Ce mat\u00e9riel convient aux enfants \u00e2g\u00e9s de 7 ans et plus.<\/p>\n<p>Contenu:<\/p>\n<p>101 cartes en plastique avec des num\u00e9ros 0-100<br \/>\n7 cartes en plastique avec les signes math\u00e9matiques , &lt; -, x, :, et &gt;<br \/>\n1 bo\u00eete de rangement en plastique bleu avec couvercle transparent (31,5 x 10 x 5,5 cm)<\/p>\n","protected":false},"excerpt":{"rendered":"<p>Num\u00e9ro d&#8217;article: 1575000<\/p>\n","protected":false},"featured_media":3949,"comment_status":"closed","ping_status":"closed","template":"","meta":[],"product_brand":[],"product_cat":[8580,216,153,8260,97,119,13128,94,10235,283,7061,8526,8257,93,259,1220,121,630,277,57,82,264,288,7595,217,443,120,13154,871,212],"product_tag":[1258,474,776,505,504,792,502,686,1245,651,503,411,1257,414,811,798],"class_list":{"0":"post-20466","1":"product","2":"type-product","3":"status-publish","4":"has-post-thumbnail","6":"product_cat-6-12-ans-ecole-a-domicile","7":"product_cat-6-12-ans","8":"product_cat-6-12-classroom-pack","9":"product_cat-6-12-years-homeschool","10":"product_cat-6-12-years-primary","11":"product_cat-age-range","12":"product_cat-apprendre-a-compter","13":"product_cat-classroom-essentials","14":"product_cat-counting","15":"product_cat-domaines-du-curriculum","16":"product_cat-learning-materials-toys-montessori-waldorf-froebel","17":"product_cat-fournitures-scolaires-a-domicile","18":"product_cat-homeschool-supplies","19":"product_cat-jegro","20":"product_cat-jegro-fr","21":"product_cat-traditionnelle","22":"product_cat-learning-themes","23":"product_cat-nombres","24":"product_cat-materiel-indispensable","25":"product_cat-mathematics-jegro","26":"product_cat-mathematics-numeracy","27":"product_cat-mathematiques","28":"product_cat-mathematiques-calcul","29":"product_cat-methode-deducation","30":"product_cat-marques","31":"product_cat-numbers","32":"product_cat-brands","33":"product_cat-pack-classe-6-12-ans","34":"product_cat-traditional-education-materials-toys","35":"product_cat-tranche-dage","36":"product_tag-cartes-de-nombres-jegro-jusqua-100","37":"product_tag-educational-materials-switzerland","38":"product_tag-heutink-international-suisse","39":"product_tag-heutink-international-switzerland","40":"product_tag-jegro-materials-switzerland","41":"product_tag-jegro-materiaux-suisse","42":"product_tag-jegro-mathematics","43":"product_tag-jegro-number-cards-up-to-100","44":"product_tag-materiaux-mathematiques","45":"product_tag-materiel-pedagogique-suisse","46":"product_tag-mathematical-materials","47":"product_tag-mathematics","48":"product_tag-mathematique-fr","49":"product_tag-mathematique","50":"product_tag-mathematiques","51":"product_tag-mathematiques-jegro","53":"first","54":"outofstock","55":"taxable","56":"shipping-taxable","57":"purchasable","58":"product-type-simple"},"yoast_head":"<!-- This site is optimized with the Yoast SEO plugin v27.3 - https:\/\/yoast.com\/product\/yoast-seo-wordpress\/ -->\n<title>Cartes de nombres jusqu&#039;\u00e0 100 - Jegro - Teia Education &amp; Play<\/title>\n<meta name=\"description\" content=\"L&#039;ensemble des cartes de nombres jusqu&#039;\u00e0 100 de Jegro composent de 108 cartes en plastique avec les nombres z\u00e9ro \u00e0 cent et divers signes math\u00e9matiques.\" \/>\n<meta name=\"robots\" content=\"index, follow, max-snippet:-1, max-image-preview:large, max-video-preview:-1\" \/>\n<link rel=\"canonical\" href=\"https:\/\/teiaeducation.ch\/fr\/produit\/nombres-cartes-jusqua-100-jegro\/\" \/>\n<meta property=\"og:locale\" content=\"fr_FR\" \/>\n<meta property=\"og:type\" content=\"article\" \/>\n<meta property=\"og:title\" content=\"Cartes de nombres jusqu&#039;\u00e0 100 - Jegro - Teia Education &amp; Play\" \/>\n<meta property=\"og:description\" content=\"L&#039;ensemble des cartes de nombres jusqu&#039;\u00e0 100 de Jegro composent de 108 cartes en plastique avec les nombres z\u00e9ro \u00e0 cent et divers signes math\u00e9matiques.\" \/>\n<meta property=\"og:url\" content=\"https:\/\/teiaeducation.ch\/fr\/produit\/nombres-cartes-jusqua-100-jegro\/\" \/>\n<meta property=\"og:site_name\" content=\"Sustainable Educational Products &amp; Ecological Toys\u00a0\" \/>\n<meta property=\"article:publisher\" content=\"https:\/\/www.facebook.com\/teiaeducation\/\" \/>\n<meta property=\"article:modified_time\" content=\"2021-07-14T12:46:02+00:00\" \/>\n<meta property=\"og:image\" content=\"https:\/\/teiaeducation.ch\/wp-content\/uploads\/2019\/02\/1575000.jpg\" \/>\n\t<meta property=\"og:image:width\" content=\"900\" \/>\n\t<meta property=\"og:image:height\" content=\"900\" \/>\n\t<meta property=\"og:image:type\" content=\"image\/jpeg\" \/>\n<script type=\"application\/ld+json\" class=\"yoast-schema-graph\">{\"@context\":\"https:\\\/\\\/schema.org\",\"@graph\":[{\"@type\":\"WebPage\",\"@id\":\"https:\\\/\\\/teiaeducation.ch\\\/fr\\\/produit\\\/nombres-cartes-jusqua-100-jegro\\\/\",\"url\":\"https:\\\/\\\/teiaeducation.ch\\\/fr\\\/produit\\\/nombres-cartes-jusqua-100-jegro\\\/\",\"name\":\"Cartes de nombres jusqu'\u00e0 100 - Jegro - Teia Education & Play\",\"isPartOf\":{\"@id\":\"https:\\\/\\\/teiaeducation.ch\\\/fr\\\/#website\"},\"primaryImageOfPage\":{\"@id\":\"https:\\\/\\\/teiaeducation.ch\\\/fr\\\/produit\\\/nombres-cartes-jusqua-100-jegro\\\/#primaryimage\"},\"image\":{\"@id\":\"https:\\\/\\\/teiaeducation.ch\\\/fr\\\/produit\\\/nombres-cartes-jusqua-100-jegro\\\/#primaryimage\"},\"thumbnailUrl\":\"https:\\\/\\\/teiaeducation.ch\\\/wp-content\\\/uploads\\\/2019\\\/02\\\/1575000.jpg\",\"datePublished\":\"2019-09-15T19:15:37+00:00\",\"dateModified\":\"2021-07-14T12:46:02+00:00\",\"description\":\"L'ensemble des cartes de nombres jusqu'\u00e0 100 de Jegro composent de 108 cartes en plastique avec les nombres z\u00e9ro \u00e0 cent et divers signes math\u00e9matiques.\",\"breadcrumb\":{\"@id\":\"https:\\\/\\\/teiaeducation.ch\\\/fr\\\/produit\\\/nombres-cartes-jusqua-100-jegro\\\/#breadcrumb\"},\"inLanguage\":\"fr-FR\",\"potentialAction\":[{\"@type\":\"ReadAction\",\"target\":[\"https:\\\/\\\/teiaeducation.ch\\\/fr\\\/produit\\\/nombres-cartes-jusqua-100-jegro\\\/\"]}]},{\"@type\":\"ImageObject\",\"inLanguage\":\"fr-FR\",\"@id\":\"https:\\\/\\\/teiaeducation.ch\\\/fr\\\/produit\\\/nombres-cartes-jusqua-100-jegro\\\/#primaryimage\",\"url\":\"https:\\\/\\\/teiaeducation.ch\\\/wp-content\\\/uploads\\\/2019\\\/02\\\/1575000.jpg\",\"contentUrl\":\"https:\\\/\\\/teiaeducation.ch\\\/wp-content\\\/uploads\\\/2019\\\/02\\\/1575000.jpg\",\"width\":900,\"height\":900,\"caption\":\"Cartes de nombres jusqu'\u00e0 100 - Jegro\"},{\"@type\":\"BreadcrumbList\",\"@id\":\"https:\\\/\\\/teiaeducation.ch\\\/fr\\\/produit\\\/nombres-cartes-jusqua-100-jegro\\\/#breadcrumb\",\"itemListElement\":[{\"@type\":\"ListItem\",\"position\":1,\"name\":\"Home\",\"item\":\"https:\\\/\\\/teiaeducation.ch\\\/fr\\\/\"},{\"@type\":\"ListItem\",\"position\":2,\"name\":\"Boutique Teia Education &amp; Play\",\"item\":\"https:\\\/\\\/teiaeducation.ch\\\/fr\\\/boutique\\\/\"},{\"@type\":\"ListItem\",\"position\":3,\"name\":\"Domaines du Curriculum\",\"item\":\"https:\\\/\\\/teiaeducation.ch\\\/fr\\\/categorie-produit\\\/domaines-du-curriculum\\\/\"},{\"@type\":\"ListItem\",\"position\":4,\"name\":\"Math\u00e9matiques &amp; Calcul\",\"item\":\"https:\\\/\\\/teiaeducation.ch\\\/fr\\\/categorie-produit\\\/domaines-du-curriculum\\\/mathematiques-calcul\\\/\"},{\"@type\":\"ListItem\",\"position\":5,\"name\":\"Apprendre \u00e0 Compter\",\"item\":\"https:\\\/\\\/teiaeducation.ch\\\/fr\\\/categorie-produit\\\/domaines-du-curriculum\\\/mathematiques-calcul\\\/apprendre-a-compter\\\/\"},{\"@type\":\"ListItem\",\"position\":6,\"name\":\"Cartes de nombres jusqu&#8217;\u00e0 100 &#8211; Jegro\"}]},{\"@type\":\"WebSite\",\"@id\":\"https:\\\/\\\/teiaeducation.ch\\\/fr\\\/#website\",\"url\":\"https:\\\/\\\/teiaeducation.ch\\\/fr\\\/\",\"name\":\"Sustainable Educational Products &amp; Ecological Toys\u00a0\",\"description\":\"Specialised Swiss shop selling sustainable educational toys and games, AMI certified Montessori materials, handmade ecological wooden Waldorf toys and arts &amp; crafts supplies, school supplies, children&#039;s furniture and Montessori reference and parenting books.\",\"publisher\":{\"@id\":\"https:\\\/\\\/teiaeducation.ch\\\/fr\\\/#organization\"},\"alternateName\":\"Teia Education & Play\",\"potentialAction\":[{\"@type\":\"SearchAction\",\"target\":{\"@type\":\"EntryPoint\",\"urlTemplate\":\"https:\\\/\\\/teiaeducation.ch\\\/fr\\\/?s={search_term_string}\"},\"query-input\":{\"@type\":\"PropertyValueSpecification\",\"valueRequired\":true,\"valueName\":\"search_term_string\"}}],\"inLanguage\":\"fr-FR\"},{\"@type\":\"Organization\",\"@id\":\"https:\\\/\\\/teiaeducation.ch\\\/fr\\\/#organization\",\"name\":\"Teia Education & Play\",\"url\":\"https:\\\/\\\/teiaeducation.ch\\\/fr\\\/\",\"logo\":{\"@type\":\"ImageObject\",\"inLanguage\":\"fr-FR\",\"@id\":\"https:\\\/\\\/teiaeducation.ch\\\/fr\\\/#\\\/schema\\\/logo\\\/image\\\/\",\"url\":\"https:\\\/\\\/teiaeducation.ch\\\/wp-content\\\/uploads\\\/2020\\\/11\\\/Teia-Education-Switzerland-e1620156442216.jpg\",\"contentUrl\":\"https:\\\/\\\/teiaeducation.ch\\\/wp-content\\\/uploads\\\/2020\\\/11\\\/Teia-Education-Switzerland-e1620156442216.jpg\",\"width\":166,\"height\":145,\"caption\":\"Teia Education & Play\"},\"image\":{\"@id\":\"https:\\\/\\\/teiaeducation.ch\\\/fr\\\/#\\\/schema\\\/logo\\\/image\\\/\"},\"sameAs\":[\"https:\\\/\\\/www.facebook.com\\\/teiaeducation\\\/\",\"https:\\\/\\\/x.com\\\/EducationTeia\",\"https:\\\/\\\/www.instagram.com\\\/teia.education\\\/\",\"https:\\\/\\\/www.linkedin.com\\\/company\\\/35501660\",\"https:\\\/\\\/www.pinterest.ch\\\/TeiaEducation\\\/\"]}]}<\/script>\n<!-- \/ Yoast SEO plugin. -->","yoast_head_json":{"title":"Cartes de nombres jusqu'\u00e0 100 - Jegro - Teia Education & Play","description":"L'ensemble des cartes de nombres jusqu'\u00e0 100 de Jegro composent de 108 cartes en plastique avec les nombres z\u00e9ro \u00e0 cent et divers signes math\u00e9matiques.","robots":{"index":"index","follow":"follow","max-snippet":"max-snippet:-1","max-image-preview":"max-image-preview:large","max-video-preview":"max-video-preview:-1"},"canonical":"https:\/\/teiaeducation.ch\/fr\/produit\/nombres-cartes-jusqua-100-jegro\/","og_locale":"fr_FR","og_type":"article","og_title":"Cartes de nombres jusqu'\u00e0 100 - Jegro - Teia Education & Play","og_description":"L'ensemble des cartes de nombres jusqu'\u00e0 100 de Jegro composent de 108 cartes en plastique avec les nombres z\u00e9ro \u00e0 cent et divers signes math\u00e9matiques.","og_url":"https:\/\/teiaeducation.ch\/fr\/produit\/nombres-cartes-jusqua-100-jegro\/","og_site_name":"Sustainable Educational Products &amp; Ecological Toys\u00a0","article_publisher":"https:\/\/www.facebook.com\/teiaeducation\/","article_modified_time":"2021-07-14T12:46:02+00:00","og_image":[{"width":900,"height":900,"url":"https:\/\/teiaeducation.ch\/wp-content\/uploads\/2019\/02\/1575000.jpg","type":"image\/jpeg"}],"schema":{"@context":"https:\/\/schema.org","@graph":[{"@type":"WebPage","@id":"https:\/\/teiaeducation.ch\/fr\/produit\/nombres-cartes-jusqua-100-jegro\/","url":"https:\/\/teiaeducation.ch\/fr\/produit\/nombres-cartes-jusqua-100-jegro\/","name":"Cartes de nombres jusqu'\u00e0 100 - Jegro - Teia Education & Play","isPartOf":{"@id":"https:\/\/teiaeducation.ch\/fr\/#website"},"primaryImageOfPage":{"@id":"https:\/\/teiaeducation.ch\/fr\/produit\/nombres-cartes-jusqua-100-jegro\/#primaryimage"},"image":{"@id":"https:\/\/teiaeducation.ch\/fr\/produit\/nombres-cartes-jusqua-100-jegro\/#primaryimage"},"thumbnailUrl":"https:\/\/teiaeducation.ch\/wp-content\/uploads\/2019\/02\/1575000.jpg","datePublished":"2019-09-15T19:15:37+00:00","dateModified":"2021-07-14T12:46:02+00:00","description":"L'ensemble des cartes de nombres jusqu'\u00e0 100 de Jegro composent de 108 cartes en plastique avec les nombres z\u00e9ro \u00e0 cent et divers signes math\u00e9matiques.","breadcrumb":{"@id":"https:\/\/teiaeducation.ch\/fr\/produit\/nombres-cartes-jusqua-100-jegro\/#breadcrumb"},"inLanguage":"fr-FR","potentialAction":[{"@type":"ReadAction","target":["https:\/\/teiaeducation.ch\/fr\/produit\/nombres-cartes-jusqua-100-jegro\/"]}]},{"@type":"ImageObject","inLanguage":"fr-FR","@id":"https:\/\/teiaeducation.ch\/fr\/produit\/nombres-cartes-jusqua-100-jegro\/#primaryimage","url":"https:\/\/teiaeducation.ch\/wp-content\/uploads\/2019\/02\/1575000.jpg","contentUrl":"https:\/\/teiaeducation.ch\/wp-content\/uploads\/2019\/02\/1575000.jpg","width":900,"height":900,"caption":"Cartes de nombres jusqu'\u00e0 100 - Jegro"},{"@type":"BreadcrumbList","@id":"https:\/\/teiaeducation.ch\/fr\/produit\/nombres-cartes-jusqua-100-jegro\/#breadcrumb","itemListElement":[{"@type":"ListItem","position":1,"name":"Home","item":"https:\/\/teiaeducation.ch\/fr\/"},{"@type":"ListItem","position":2,"name":"Boutique Teia Education &amp; Play","item":"https:\/\/teiaeducation.ch\/fr\/boutique\/"},{"@type":"ListItem","position":3,"name":"Domaines du Curriculum","item":"https:\/\/teiaeducation.ch\/fr\/categorie-produit\/domaines-du-curriculum\/"},{"@type":"ListItem","position":4,"name":"Math\u00e9matiques &amp; Calcul","item":"https:\/\/teiaeducation.ch\/fr\/categorie-produit\/domaines-du-curriculum\/mathematiques-calcul\/"},{"@type":"ListItem","position":5,"name":"Apprendre \u00e0 Compter","item":"https:\/\/teiaeducation.ch\/fr\/categorie-produit\/domaines-du-curriculum\/mathematiques-calcul\/apprendre-a-compter\/"},{"@type":"ListItem","position":6,"name":"Cartes de nombres jusqu&#8217;\u00e0 100 &#8211; Jegro"}]},{"@type":"WebSite","@id":"https:\/\/teiaeducation.ch\/fr\/#website","url":"https:\/\/teiaeducation.ch\/fr\/","name":"Sustainable Educational Products &amp; Ecological Toys\u00a0","description":"Specialised Swiss shop selling sustainable educational toys and games, AMI certified Montessori materials, handmade ecological wooden Waldorf toys and arts &amp; crafts supplies, school supplies, children&#039;s furniture and Montessori reference and parenting books.","publisher":{"@id":"https:\/\/teiaeducation.ch\/fr\/#organization"},"alternateName":"Teia Education & Play","potentialAction":[{"@type":"SearchAction","target":{"@type":"EntryPoint","urlTemplate":"https:\/\/teiaeducation.ch\/fr\/?s={search_term_string}"},"query-input":{"@type":"PropertyValueSpecification","valueRequired":true,"valueName":"search_term_string"}}],"inLanguage":"fr-FR"},{"@type":"Organization","@id":"https:\/\/teiaeducation.ch\/fr\/#organization","name":"Teia Education & Play","url":"https:\/\/teiaeducation.ch\/fr\/","logo":{"@type":"ImageObject","inLanguage":"fr-FR","@id":"https:\/\/teiaeducation.ch\/fr\/#\/schema\/logo\/image\/","url":"https:\/\/teiaeducation.ch\/wp-content\/uploads\/2020\/11\/Teia-Education-Switzerland-e1620156442216.jpg","contentUrl":"https:\/\/teiaeducation.ch\/wp-content\/uploads\/2020\/11\/Teia-Education-Switzerland-e1620156442216.jpg","width":166,"height":145,"caption":"Teia Education & Play"},"image":{"@id":"https:\/\/teiaeducation.ch\/fr\/#\/schema\/logo\/image\/"},"sameAs":["https:\/\/www.facebook.com\/teiaeducation\/","https:\/\/x.com\/EducationTeia","https:\/\/www.instagram.com\/teia.education\/","https:\/\/www.linkedin.com\/company\/35501660","https:\/\/www.pinterest.ch\/TeiaEducation\/"]}]}},"_links":{"self":[{"href":"https:\/\/teiaeducation.ch\/fr\/wp-json\/wp\/v2\/product\/20466","targetHints":{"allow":["GET"]}}],"collection":[{"href":"https:\/\/teiaeducation.ch\/fr\/wp-json\/wp\/v2\/product"}],"about":[{"href":"https:\/\/teiaeducation.ch\/fr\/wp-json\/wp\/v2\/types\/product"}],"replies":[{"embeddable":true,"href":"https:\/\/teiaeducation.ch\/fr\/wp-json\/wp\/v2\/comments?post=20466"}],"wp:featuredmedia":[{"embeddable":true,"href":"https:\/\/teiaeducation.ch\/fr\/wp-json\/wp\/v2\/media\/3949"}],"wp:attachment":[{"href":"https:\/\/teiaeducation.ch\/fr\/wp-json\/wp\/v2\/media?parent=20466"}],"wp:term":[{"taxonomy":"product_brand","embeddable":true,"href":"https:\/\/teiaeducation.ch\/fr\/wp-json\/wp\/v2\/product_brand?post=20466"},{"taxonomy":"product_cat","embeddable":true,"href":"https:\/\/teiaeducation.ch\/fr\/wp-json\/wp\/v2\/product_cat?post=20466"},{"taxonomy":"product_tag","embeddable":true,"href":"https:\/\/teiaeducation.ch\/fr\/wp-json\/wp\/v2\/product_tag?post=20466"}],"curies":[{"name":"wp","href":"https:\/\/api.w.org\/{rel}","templated":true}]}}