{"id":20470,"date":"2019-02-08T22:43:38","date_gmt":"2019-02-08T21:43:38","guid":{"rendered":"https:\/\/teiaeducation.ch\/product\/ensemble-de-fractions-eleve-carre-jegro\/"},"modified":"2020-04-28T21:40:12","modified_gmt":"2020-04-28T19:40:12","slug":"ensemble-de-fractions-eleve-carre-jegro","status":"publish","type":"product","link":"https:\/\/teiaeducation.ch\/fr\/produit\/ensemble-de-fractions-eleve-carre-jegro\/","title":{"rendered":"Ensemble de fractions \u00e9l\u00e8ve, carr\u00e9 &#8211; Jegro"},"content":{"rendered":"<p>Ensemble de fractions \u00e9l\u00e8ve, carr\u00e9 &#8211; Jegro<\/p>\n<p>L&#8217;ensemble de fractions \u00e9l\u00e8ve, carr\u00e9 de Jegro se compose de huit types de composants de fractions allant de l&#8217;ensemble, la moiti\u00e9 (trois types), un tiers (deux types), un quatri\u00e8me (deux types) et un sixi\u00e8me en couleurs vives. Les fractions sont fabriqu\u00e9s en plastique de 0,2 centim\u00e8tre d&#8217;\u00e9paisseur, et mesure dix par dix centim\u00e8tres lorsque le carr\u00e9 est entier.<\/p>\n<p>Travailler avec ce mat\u00e9riel aide les \u00e9l\u00e8ves \u00e0 d\u00e9couvrir des fractions et \u00e0 comprendre la relation partie-ensemble. \u00c9tendre l&#8217;exercice des fractions en ajoutant les <a href=\"https:\/\/teiaeducation.ch\/produit\/de-de-fractions-maxi-jegro\/?lang=fr\">d\u00e9s de fractions maxi<\/a> de Jegro.<\/p>\n<p>Ce mat\u00e9riel convient aux enfants \u00e2g\u00e9s de 8 ans et plus.<\/p>\n<p>Contenu:<\/p>\n<p>27 fractions de plastique (0,2 cm d&#8217;\u00e9paisseur &#8211; carr\u00e9 1\/1 est de 10 x 10 cm)<br \/>\n1 bo\u00eete de rangement en plastique carr\u00e9 transparent (10,1 x 10,1 x 1,6 cm)<\/p>\n","protected":false},"excerpt":{"rendered":"<p>Num\u00e9ro d&#8217;article: <span data-sheets-value=\"{\" data-sheets-userformat=\"{\">1502000<\/span><\/p>\n","protected":false},"featured_media":3963,"comment_status":"closed","ping_status":"closed","template":"","meta":[],"product_brand":[],"product_cat":[8580,216,283,8526,259,1220,619,277,264,288,7595,217,13154,212],"product_tag":[1263,1259,776,792,1245,651,798],"class_list":{"0":"post-20470","1":"product","2":"type-product","3":"status-publish","4":"has-post-thumbnail","6":"product_cat-6-12-ans-ecole-a-domicile","7":"product_cat-6-12-ans","8":"product_cat-domaines-du-curriculum","9":"product_cat-fournitures-scolaires-a-domicile","10":"product_cat-jegro-fr","11":"product_cat-traditionnelle","12":"product_cat-les-fractions","13":"product_cat-materiel-indispensable","14":"product_cat-mathematiques","15":"product_cat-mathematiques-calcul","16":"product_cat-methode-deducation","17":"product_cat-marques","18":"product_cat-pack-classe-6-12-ans","19":"product_cat-tranche-dage","20":"product_tag-ensemble-de-fractions-eleve-carre-jegro","21":"product_tag-fractions-fr","22":"product_tag-heutink-international-suisse","23":"product_tag-jegro-materiaux-suisse","24":"product_tag-materiaux-mathematiques","25":"product_tag-materiel-pedagogique-suisse","26":"product_tag-mathematiques-jegro","28":"first","29":"instock","30":"taxable","31":"shipping-taxable","32":"purchasable","33":"product-type-simple"},"yoast_head":"<!-- This site is optimized with the Yoast SEO Premium plugin v25.8 (Yoast SEO v27.4) - https:\/\/yoast.com\/product\/yoast-seo-premium-wordpress\/ -->\n<title>Ensemble de fractions \u00e9l\u00e8ve, carr\u00e9 - Jegro - Teia Education &amp; Play<\/title>\n<meta name=\"description\" content=\"L&#039;ensemble de fractions \u00e9l\u00e8ve, carr\u00e9 de Jegro se compose de huit types de fractions permettant la d\u00e9couverte de fractions et de la relation partie-ensemble.\" \/>\n<meta name=\"robots\" content=\"index, follow, max-snippet:-1, max-image-preview:large, max-video-preview:-1\" \/>\n<link rel=\"canonical\" href=\"https:\/\/teiaeducation.ch\/fr\/produit\/ensemble-de-fractions-eleve-carre-jegro\/\" \/>\n<meta property=\"og:locale\" content=\"fr_FR\" \/>\n<meta property=\"og:type\" content=\"article\" \/>\n<meta property=\"og:title\" content=\"Ensemble de fractions \u00e9l\u00e8ve, carr\u00e9 - Jegro\" \/>\n<meta property=\"og:description\" content=\"L&#039;ensemble de fractions \u00e9l\u00e8ve, carr\u00e9 de Jegro se compose de huit types de fractions permettant la d\u00e9couverte de fractions et de la relation partie-ensemble.\" \/>\n<meta property=\"og:url\" content=\"https:\/\/teiaeducation.ch\/fr\/produit\/ensemble-de-fractions-eleve-carre-jegro\/\" \/>\n<meta property=\"og:site_name\" content=\"Sustainable Educational Products &amp; Ecological Toys\u00a0\" \/>\n<meta property=\"article:publisher\" content=\"https:\/\/www.facebook.com\/teiaeducation\/\" \/>\n<meta property=\"article:modified_time\" content=\"2020-04-28T19:40:12+00:00\" \/>\n<meta property=\"og:image\" content=\"https:\/\/teiaeducation.ch\/wp-content\/uploads\/2019\/02\/1502000.jpg\" \/>\n\t<meta property=\"og:image:width\" content=\"900\" \/>\n\t<meta property=\"og:image:height\" content=\"900\" \/>\n\t<meta property=\"og:image:type\" content=\"image\/jpeg\" \/>\n<script type=\"application\/ld+json\" class=\"yoast-schema-graph\">{\"@context\":\"https:\\\/\\\/schema.org\",\"@graph\":[{\"@type\":\"WebPage\",\"@id\":\"https:\\\/\\\/teiaeducation.ch\\\/fr\\\/produit\\\/ensemble-de-fractions-eleve-carre-jegro\\\/\",\"url\":\"https:\\\/\\\/teiaeducation.ch\\\/fr\\\/produit\\\/ensemble-de-fractions-eleve-carre-jegro\\\/\",\"name\":\"Ensemble de fractions \u00e9l\u00e8ve, carr\u00e9 - Jegro - Teia Education & Play\",\"isPartOf\":{\"@id\":\"https:\\\/\\\/teiaeducation.ch\\\/fr\\\/#website\"},\"primaryImageOfPage\":{\"@id\":\"https:\\\/\\\/teiaeducation.ch\\\/fr\\\/produit\\\/ensemble-de-fractions-eleve-carre-jegro\\\/#primaryimage\"},\"image\":{\"@id\":\"https:\\\/\\\/teiaeducation.ch\\\/fr\\\/produit\\\/ensemble-de-fractions-eleve-carre-jegro\\\/#primaryimage\"},\"thumbnailUrl\":\"https:\\\/\\\/teiaeducation.ch\\\/wp-content\\\/uploads\\\/2019\\\/02\\\/1502000.jpg\",\"datePublished\":\"2019-02-08T21:43:38+00:00\",\"dateModified\":\"2020-04-28T19:40:12+00:00\",\"description\":\"L'ensemble de fractions \u00e9l\u00e8ve, carr\u00e9 de Jegro se compose de huit types de fractions permettant la d\u00e9couverte de fractions et de la relation partie-ensemble.\",\"breadcrumb\":{\"@id\":\"https:\\\/\\\/teiaeducation.ch\\\/fr\\\/produit\\\/ensemble-de-fractions-eleve-carre-jegro\\\/#breadcrumb\"},\"inLanguage\":\"fr-FR\",\"potentialAction\":[{\"@type\":\"ReadAction\",\"target\":[\"https:\\\/\\\/teiaeducation.ch\\\/fr\\\/produit\\\/ensemble-de-fractions-eleve-carre-jegro\\\/\"]}]},{\"@type\":\"ImageObject\",\"inLanguage\":\"fr-FR\",\"@id\":\"https:\\\/\\\/teiaeducation.ch\\\/fr\\\/produit\\\/ensemble-de-fractions-eleve-carre-jegro\\\/#primaryimage\",\"url\":\"https:\\\/\\\/teiaeducation.ch\\\/wp-content\\\/uploads\\\/2019\\\/02\\\/1502000.jpg\",\"contentUrl\":\"https:\\\/\\\/teiaeducation.ch\\\/wp-content\\\/uploads\\\/2019\\\/02\\\/1502000.jpg\",\"width\":900,\"height\":900,\"caption\":\"Ensemble de fractions \u00e9l\u00e8ve, carr\u00e9 - Jegro\"},{\"@type\":\"BreadcrumbList\",\"@id\":\"https:\\\/\\\/teiaeducation.ch\\\/fr\\\/produit\\\/ensemble-de-fractions-eleve-carre-jegro\\\/#breadcrumb\",\"itemListElement\":[{\"@type\":\"ListItem\",\"position\":1,\"name\":\"Home\",\"item\":\"https:\\\/\\\/teiaeducation.ch\\\/fr\\\/\"},{\"@type\":\"ListItem\",\"position\":2,\"name\":\"Boutique Teia Education &amp; Play\",\"item\":\"https:\\\/\\\/teiaeducation.ch\\\/fr\\\/boutique\\\/\"},{\"@type\":\"ListItem\",\"position\":3,\"name\":\"Domaines du Curriculum\",\"item\":\"https:\\\/\\\/teiaeducation.ch\\\/fr\\\/categorie-produit\\\/domaines-du-curriculum\\\/\"},{\"@type\":\"ListItem\",\"position\":4,\"name\":\"Math\u00e9matiques &amp; Calcul\",\"item\":\"https:\\\/\\\/teiaeducation.ch\\\/fr\\\/categorie-produit\\\/domaines-du-curriculum\\\/mathematiques-calcul\\\/\"},{\"@type\":\"ListItem\",\"position\":5,\"name\":\"Les Fractions\",\"item\":\"https:\\\/\\\/teiaeducation.ch\\\/fr\\\/categorie-produit\\\/domaines-du-curriculum\\\/mathematiques-calcul\\\/les-fractions\\\/\"},{\"@type\":\"ListItem\",\"position\":6,\"name\":\"Ensemble de fractions \u00e9l\u00e8ve, carr\u00e9 &#8211; Jegro\"}]},{\"@type\":\"WebSite\",\"@id\":\"https:\\\/\\\/teiaeducation.ch\\\/fr\\\/#website\",\"url\":\"https:\\\/\\\/teiaeducation.ch\\\/fr\\\/\",\"name\":\"Sustainable Educational Products &amp; Ecological Toys\u00a0\",\"description\":\"Specialised Swiss shop selling sustainable educational toys and games, AMI certified Montessori materials, handmade ecological wooden Waldorf toys and arts &amp; crafts supplies, school supplies, children&#039;s furniture and Montessori reference and parenting books.\",\"publisher\":{\"@id\":\"https:\\\/\\\/teiaeducation.ch\\\/fr\\\/#organization\"},\"alternateName\":\"Teia Education & Play\",\"potentialAction\":[{\"@type\":\"SearchAction\",\"target\":{\"@type\":\"EntryPoint\",\"urlTemplate\":\"https:\\\/\\\/teiaeducation.ch\\\/fr\\\/?s={search_term_string}\"},\"query-input\":{\"@type\":\"PropertyValueSpecification\",\"valueRequired\":true,\"valueName\":\"search_term_string\"}}],\"inLanguage\":\"fr-FR\"},{\"@type\":\"Organization\",\"@id\":\"https:\\\/\\\/teiaeducation.ch\\\/fr\\\/#organization\",\"name\":\"Teia Education & Play\",\"url\":\"https:\\\/\\\/teiaeducation.ch\\\/fr\\\/\",\"logo\":{\"@type\":\"ImageObject\",\"inLanguage\":\"fr-FR\",\"@id\":\"https:\\\/\\\/teiaeducation.ch\\\/fr\\\/#\\\/schema\\\/logo\\\/image\\\/\",\"url\":\"https:\\\/\\\/teiaeducation.ch\\\/wp-content\\\/uploads\\\/2020\\\/11\\\/Teia-Education-Switzerland-e1620156442216.jpg\",\"contentUrl\":\"https:\\\/\\\/teiaeducation.ch\\\/wp-content\\\/uploads\\\/2020\\\/11\\\/Teia-Education-Switzerland-e1620156442216.jpg\",\"width\":166,\"height\":145,\"caption\":\"Teia Education & Play\"},\"image\":{\"@id\":\"https:\\\/\\\/teiaeducation.ch\\\/fr\\\/#\\\/schema\\\/logo\\\/image\\\/\"},\"sameAs\":[\"https:\\\/\\\/www.facebook.com\\\/teiaeducation\\\/\",\"https:\\\/\\\/x.com\\\/EducationTeia\",\"https:\\\/\\\/www.instagram.com\\\/teia.education\\\/\",\"https:\\\/\\\/www.linkedin.com\\\/company\\\/35501660\",\"https:\\\/\\\/www.pinterest.ch\\\/TeiaEducation\\\/\"]}]}<\/script>\n<meta property=\"product:price:amount\" content=\"22.90\" \/>\n<meta property=\"product:price:currency\" content=\"CHF\" \/>\n<meta property=\"og:availability\" content=\"instock\" \/>\n<meta property=\"product:availability\" content=\"instock\" \/>\n<meta property=\"product:retailer_item_id\" content=\"00000000000000000000000000000000000000000000003927\" \/>\n<meta property=\"product:condition\" content=\"new\" \/>\n<!-- \/ Yoast SEO Premium plugin. -->","yoast_head_json":{"title":"Ensemble de fractions \u00e9l\u00e8ve, carr\u00e9 - Jegro - Teia Education & Play","description":"L'ensemble de fractions \u00e9l\u00e8ve, carr\u00e9 de Jegro se compose de huit types de fractions permettant la d\u00e9couverte de fractions et de la relation partie-ensemble.","robots":{"index":"index","follow":"follow","max-snippet":"max-snippet:-1","max-image-preview":"max-image-preview:large","max-video-preview":"max-video-preview:-1"},"canonical":"https:\/\/teiaeducation.ch\/fr\/produit\/ensemble-de-fractions-eleve-carre-jegro\/","og_locale":"fr_FR","og_type":"article","og_title":"Ensemble de fractions \u00e9l\u00e8ve, carr\u00e9 - Jegro","og_description":"L'ensemble de fractions \u00e9l\u00e8ve, carr\u00e9 de Jegro se compose de huit types de fractions permettant la d\u00e9couverte de fractions et de la relation partie-ensemble.","og_url":"https:\/\/teiaeducation.ch\/fr\/produit\/ensemble-de-fractions-eleve-carre-jegro\/","og_site_name":"Sustainable Educational Products &amp; Ecological Toys\u00a0","article_publisher":"https:\/\/www.facebook.com\/teiaeducation\/","article_modified_time":"2020-04-28T19:40:12+00:00","og_image":[{"width":900,"height":900,"url":"https:\/\/teiaeducation.ch\/wp-content\/uploads\/2019\/02\/1502000.jpg","type":"image\/jpeg"}],"schema":{"@context":"https:\/\/schema.org","@graph":[{"@type":"WebPage","@id":"https:\/\/teiaeducation.ch\/fr\/produit\/ensemble-de-fractions-eleve-carre-jegro\/","url":"https:\/\/teiaeducation.ch\/fr\/produit\/ensemble-de-fractions-eleve-carre-jegro\/","name":"Ensemble de fractions \u00e9l\u00e8ve, carr\u00e9 - Jegro - Teia Education & Play","isPartOf":{"@id":"https:\/\/teiaeducation.ch\/fr\/#website"},"primaryImageOfPage":{"@id":"https:\/\/teiaeducation.ch\/fr\/produit\/ensemble-de-fractions-eleve-carre-jegro\/#primaryimage"},"image":{"@id":"https:\/\/teiaeducation.ch\/fr\/produit\/ensemble-de-fractions-eleve-carre-jegro\/#primaryimage"},"thumbnailUrl":"https:\/\/teiaeducation.ch\/wp-content\/uploads\/2019\/02\/1502000.jpg","datePublished":"2019-02-08T21:43:38+00:00","dateModified":"2020-04-28T19:40:12+00:00","description":"L'ensemble de fractions \u00e9l\u00e8ve, carr\u00e9 de Jegro se compose de huit types de fractions permettant la d\u00e9couverte de fractions et de la relation partie-ensemble.","breadcrumb":{"@id":"https:\/\/teiaeducation.ch\/fr\/produit\/ensemble-de-fractions-eleve-carre-jegro\/#breadcrumb"},"inLanguage":"fr-FR","potentialAction":[{"@type":"ReadAction","target":["https:\/\/teiaeducation.ch\/fr\/produit\/ensemble-de-fractions-eleve-carre-jegro\/"]}]},{"@type":"ImageObject","inLanguage":"fr-FR","@id":"https:\/\/teiaeducation.ch\/fr\/produit\/ensemble-de-fractions-eleve-carre-jegro\/#primaryimage","url":"https:\/\/teiaeducation.ch\/wp-content\/uploads\/2019\/02\/1502000.jpg","contentUrl":"https:\/\/teiaeducation.ch\/wp-content\/uploads\/2019\/02\/1502000.jpg","width":900,"height":900,"caption":"Ensemble de fractions \u00e9l\u00e8ve, carr\u00e9 - Jegro"},{"@type":"BreadcrumbList","@id":"https:\/\/teiaeducation.ch\/fr\/produit\/ensemble-de-fractions-eleve-carre-jegro\/#breadcrumb","itemListElement":[{"@type":"ListItem","position":1,"name":"Home","item":"https:\/\/teiaeducation.ch\/fr\/"},{"@type":"ListItem","position":2,"name":"Boutique Teia Education &amp; Play","item":"https:\/\/teiaeducation.ch\/fr\/boutique\/"},{"@type":"ListItem","position":3,"name":"Domaines du Curriculum","item":"https:\/\/teiaeducation.ch\/fr\/categorie-produit\/domaines-du-curriculum\/"},{"@type":"ListItem","position":4,"name":"Math\u00e9matiques &amp; Calcul","item":"https:\/\/teiaeducation.ch\/fr\/categorie-produit\/domaines-du-curriculum\/mathematiques-calcul\/"},{"@type":"ListItem","position":5,"name":"Les Fractions","item":"https:\/\/teiaeducation.ch\/fr\/categorie-produit\/domaines-du-curriculum\/mathematiques-calcul\/les-fractions\/"},{"@type":"ListItem","position":6,"name":"Ensemble de fractions \u00e9l\u00e8ve, carr\u00e9 &#8211; Jegro"}]},{"@type":"WebSite","@id":"https:\/\/teiaeducation.ch\/fr\/#website","url":"https:\/\/teiaeducation.ch\/fr\/","name":"Sustainable Educational Products &amp; Ecological Toys\u00a0","description":"Specialised Swiss shop selling sustainable educational toys and games, AMI certified Montessori materials, handmade ecological wooden Waldorf toys and arts &amp; crafts supplies, school supplies, children&#039;s furniture and Montessori reference and parenting books.","publisher":{"@id":"https:\/\/teiaeducation.ch\/fr\/#organization"},"alternateName":"Teia Education & Play","potentialAction":[{"@type":"SearchAction","target":{"@type":"EntryPoint","urlTemplate":"https:\/\/teiaeducation.ch\/fr\/?s={search_term_string}"},"query-input":{"@type":"PropertyValueSpecification","valueRequired":true,"valueName":"search_term_string"}}],"inLanguage":"fr-FR"},{"@type":"Organization","@id":"https:\/\/teiaeducation.ch\/fr\/#organization","name":"Teia Education & Play","url":"https:\/\/teiaeducation.ch\/fr\/","logo":{"@type":"ImageObject","inLanguage":"fr-FR","@id":"https:\/\/teiaeducation.ch\/fr\/#\/schema\/logo\/image\/","url":"https:\/\/teiaeducation.ch\/wp-content\/uploads\/2020\/11\/Teia-Education-Switzerland-e1620156442216.jpg","contentUrl":"https:\/\/teiaeducation.ch\/wp-content\/uploads\/2020\/11\/Teia-Education-Switzerland-e1620156442216.jpg","width":166,"height":145,"caption":"Teia Education & Play"},"image":{"@id":"https:\/\/teiaeducation.ch\/fr\/#\/schema\/logo\/image\/"},"sameAs":["https:\/\/www.facebook.com\/teiaeducation\/","https:\/\/x.com\/EducationTeia","https:\/\/www.instagram.com\/teia.education\/","https:\/\/www.linkedin.com\/company\/35501660","https:\/\/www.pinterest.ch\/TeiaEducation\/"]}]},"product_price_amount":"22.90","product_price_currency":"CHF","og_availability":"instock","product_availability":"instock","product_retailer_item_id":"00000000000000000000000000000000000000000000003927","product_condition":"new"},"_links":{"self":[{"href":"https:\/\/teiaeducation.ch\/fr\/wp-json\/wp\/v2\/product\/20470","targetHints":{"allow":["GET"]}}],"collection":[{"href":"https:\/\/teiaeducation.ch\/fr\/wp-json\/wp\/v2\/product"}],"about":[{"href":"https:\/\/teiaeducation.ch\/fr\/wp-json\/wp\/v2\/types\/product"}],"replies":[{"embeddable":true,"href":"https:\/\/teiaeducation.ch\/fr\/wp-json\/wp\/v2\/comments?post=20470"}],"wp:featuredmedia":[{"embeddable":true,"href":"https:\/\/teiaeducation.ch\/fr\/wp-json\/wp\/v2\/media\/3963"}],"wp:attachment":[{"href":"https:\/\/teiaeducation.ch\/fr\/wp-json\/wp\/v2\/media?parent=20470"}],"wp:term":[{"taxonomy":"product_brand","embeddable":true,"href":"https:\/\/teiaeducation.ch\/fr\/wp-json\/wp\/v2\/product_brand?post=20470"},{"taxonomy":"product_cat","embeddable":true,"href":"https:\/\/teiaeducation.ch\/fr\/wp-json\/wp\/v2\/product_cat?post=20470"},{"taxonomy":"product_tag","embeddable":true,"href":"https:\/\/teiaeducation.ch\/fr\/wp-json\/wp\/v2\/product_tag?post=20470"}],"curies":[{"name":"wp","href":"https:\/\/api.w.org\/{rel}","templated":true}]}}