{"id":20472,"date":"2019-01-22T11:39:17","date_gmt":"2019-01-22T10:39:17","guid":{"rendered":"https:\/\/teiaeducation.ch\/product\/de-de-fractions-maxi-jegro\/"},"modified":"2021-09-15T16:51:40","modified_gmt":"2021-09-15T14:51:40","slug":"de-de-fractions-maxi-jegro","status":"publish","type":"product","link":"https:\/\/teiaeducation.ch\/fr\/produit\/de-de-fractions-maxi-jegro\/","title":{"rendered":"D\u00e9s de fractions maxi &#8211; Jegro"},"content":{"rendered":"<p>D\u00e9s de fractions maxi &#8211; Jegro<\/p>\n<p>L&#8217;ensemble de d\u00e9s de fractions maxi de Jegro compose de quatre d\u00e9s avec des fractions rondes et la r\u00e9ponse de l&#8217;autre c\u00f4t\u00e9 permettant l&#8217;auto-correction. L&#8217;\u00e9l\u00e8ve nomme ou visualise la fraction jet\u00e9e et v\u00e9rifie la bonne r\u00e9ponse en tournant les d\u00e9s.<\/p>\n<p>Travailler avec ce mat\u00e9riel augmente l&#8217;aper\u00e7u en fractions, la fa\u00e7on dont ils peuvent \u00eatre repr\u00e9sent\u00e9s et leurs relations. Les d\u00e9s peuvent \u00e9galement \u00eatre utilis\u00e9s en combinaison avec les <a href=\"https:\/\/teiaeducation.ch\/fr\/produit\/fractions-eleve-rond-jegro\/\">fractions<\/a> \u00e9l\u00e8ve rond de Jegro et les <a class=\"row-title\" href=\"https:\/\/teiaeducation.ch\/produit\/tampons-de-fractions-ronds-jegro\/?lang=fr\">tampons de fractions ronds<\/a>.<\/p>\n<p>Ce mat\u00e9riel convient aux enfants de l&#8217;\u00e9cole primaire \u00e2g\u00e9s de 8 ans et plus.<\/p>\n<p>Contenu:<\/p>\n<p>1 bo\u00eete en plastique bleu avec couvercle transparent (15 x 15 x 5,5 cm)<br \/>\n4 d\u00e9s en plastique (5 cm) avec fractions et auto-v\u00e9rification<\/p>\n<p><em><span class=\"tlid-translation translation\" lang=\"fr\"><span title=\"\">Nous n'avons actuellement pas cet article en stock, mais il est disponible en pr\u00e9-commande.<\/span> <span class=\"\" title=\"\">Nous commanderons cet article pour vous aupr\u00e8s de notre fournisseur.<\/span> <span class=\"\" title=\"\">Veuillez allouer de 2 \u00e0 3 semaines maximum pour la livraison.<\/span><\/span><\/em><\/p>\n\t<div id=\"gap-695000682\" class=\"gap-element clearfix\" style=\"display:block; height:auto;\">\n\t\t\n<style>\n#gap-695000682 {\n  padding-top: 20px;\n}\n<\/style>\n\t<\/div>\n\t\n","protected":false},"excerpt":{"rendered":"<p>Num\u00e9ro d&#8217;article: 1306000<\/p>\n","protected":false},"featured_media":3466,"comment_status":"closed","ping_status":"closed","template":"","meta":[],"product_brand":[],"product_cat":[8580,216,283,8526,259,1220,619,264,288,7595,217,212],"product_tag":[1265,776,1261,792,1245,798],"class_list":{"0":"post-20472","1":"product","2":"type-product","3":"status-publish","4":"has-post-thumbnail","6":"product_cat-6-12-ans-ecole-a-domicile","7":"product_cat-6-12-ans","8":"product_cat-domaines-du-curriculum","9":"product_cat-fournitures-scolaires-a-domicile","10":"product_cat-jegro-fr","11":"product_cat-traditionnelle","12":"product_cat-les-fractions","13":"product_cat-mathematiques","14":"product_cat-mathematiques-calcul","15":"product_cat-methode-deducation","16":"product_cat-marques","17":"product_cat-tranche-dage","18":"product_tag-de-de-fractions-maxi-jegro","19":"product_tag-heutink-international-suisse","20":"product_tag-jegro-jegro","21":"product_tag-jegro-materiaux-suisse","22":"product_tag-materiaux-mathematiques","23":"product_tag-mathematiques-jegro","25":"first","26":"outofstock","27":"taxable","28":"shipping-taxable","29":"purchasable","30":"product-type-simple"},"yoast_head":"<!-- This site is optimized with the Yoast SEO plugin v27.1.1 - https:\/\/yoast.com\/product\/yoast-seo-wordpress\/ -->\n<title>D\u00e9s de fractions maxi - Jegro - Teia Education &amp; Play<\/title>\n<meta name=\"description\" content=\"L&#039;ensemble de d\u00e9s de fractions maxi de Jegro compose de quatre d\u00e9s avec des fractions rondes et la r\u00e9ponse de l&#039;autre c\u00f4t\u00e9 permettant l&#039;auto-correction.\" \/>\n<meta name=\"robots\" content=\"index, follow, max-snippet:-1, max-image-preview:large, max-video-preview:-1\" \/>\n<link rel=\"canonical\" href=\"https:\/\/teiaeducation.ch\/fr\/produit\/de-de-fractions-maxi-jegro\/\" \/>\n<meta property=\"og:locale\" content=\"fr_FR\" \/>\n<meta property=\"og:type\" content=\"article\" \/>\n<meta property=\"og:title\" content=\"D\u00e9s de fractions maxi - Jegro - Teia Education &amp; Play\" \/>\n<meta property=\"og:description\" content=\"L&#039;ensemble de d\u00e9s de fractions maxi de Jegro compose de quatre d\u00e9s avec des fractions rondes et la r\u00e9ponse de l&#039;autre c\u00f4t\u00e9 permettant l&#039;auto-correction.\" \/>\n<meta property=\"og:url\" content=\"https:\/\/teiaeducation.ch\/fr\/produit\/de-de-fractions-maxi-jegro\/\" \/>\n<meta property=\"og:site_name\" content=\"Sustainable Educational Products &amp; Ecological Toys\u00a0\" \/>\n<meta property=\"article:publisher\" content=\"https:\/\/www.facebook.com\/teiaeducation\/\" \/>\n<meta property=\"article:modified_time\" content=\"2021-09-15T14:51:40+00:00\" \/>\n<meta property=\"og:image\" content=\"https:\/\/teiaeducation.ch\/wp-content\/uploads\/2019\/01\/1306000-1.jpg\" \/>\n\t<meta property=\"og:image:width\" content=\"900\" \/>\n\t<meta property=\"og:image:height\" content=\"900\" \/>\n\t<meta property=\"og:image:type\" content=\"image\/jpeg\" \/>\n<script type=\"application\/ld+json\" class=\"yoast-schema-graph\">{\"@context\":\"https:\/\/schema.org\",\"@graph\":[{\"@type\":\"WebPage\",\"@id\":\"https:\/\/teiaeducation.ch\/fr\/produit\/de-de-fractions-maxi-jegro\/\",\"url\":\"https:\/\/teiaeducation.ch\/fr\/produit\/de-de-fractions-maxi-jegro\/\",\"name\":\"D\u00e9s de fractions maxi - Jegro - Teia Education & Play\",\"isPartOf\":{\"@id\":\"https:\/\/teiaeducation.ch\/fr\/#website\"},\"primaryImageOfPage\":{\"@id\":\"https:\/\/teiaeducation.ch\/fr\/produit\/de-de-fractions-maxi-jegro\/#primaryimage\"},\"image\":{\"@id\":\"https:\/\/teiaeducation.ch\/fr\/produit\/de-de-fractions-maxi-jegro\/#primaryimage\"},\"thumbnailUrl\":\"https:\/\/teiaeducation.ch\/wp-content\/uploads\/2019\/01\/1306000-1.jpg\",\"datePublished\":\"2019-01-22T10:39:17+00:00\",\"dateModified\":\"2021-09-15T14:51:40+00:00\",\"description\":\"L'ensemble de d\u00e9s de fractions maxi de Jegro compose de quatre d\u00e9s avec des fractions rondes et la r\u00e9ponse de l'autre c\u00f4t\u00e9 permettant l'auto-correction.\",\"breadcrumb\":{\"@id\":\"https:\/\/teiaeducation.ch\/fr\/produit\/de-de-fractions-maxi-jegro\/#breadcrumb\"},\"inLanguage\":\"fr-FR\",\"potentialAction\":[{\"@type\":\"ReadAction\",\"target\":[\"https:\/\/teiaeducation.ch\/fr\/produit\/de-de-fractions-maxi-jegro\/\"]}]},{\"@type\":\"ImageObject\",\"inLanguage\":\"fr-FR\",\"@id\":\"https:\/\/teiaeducation.ch\/fr\/produit\/de-de-fractions-maxi-jegro\/#primaryimage\",\"url\":\"https:\/\/teiaeducation.ch\/wp-content\/uploads\/2019\/01\/1306000-1.jpg\",\"contentUrl\":\"https:\/\/teiaeducation.ch\/wp-content\/uploads\/2019\/01\/1306000-1.jpg\",\"width\":900,\"height\":900,\"caption\":\"D\u00e9 de fractions maxi - Jegro\"},{\"@type\":\"BreadcrumbList\",\"@id\":\"https:\/\/teiaeducation.ch\/fr\/produit\/de-de-fractions-maxi-jegro\/#breadcrumb\",\"itemListElement\":[{\"@type\":\"ListItem\",\"position\":1,\"name\":\"Home\",\"item\":\"https:\/\/teiaeducation.ch\/fr\/\"},{\"@type\":\"ListItem\",\"position\":2,\"name\":\"Boutique Teia Education &amp; Play\",\"item\":\"https:\/\/teiaeducation.ch\/fr\/boutique\/\"},{\"@type\":\"ListItem\",\"position\":3,\"name\":\"Domaines du Curriculum\",\"item\":\"https:\/\/teiaeducation.ch\/fr\/categorie-produit\/domaines-du-curriculum\/\"},{\"@type\":\"ListItem\",\"position\":4,\"name\":\"Math\u00e9matiques &amp; Calcul\",\"item\":\"https:\/\/teiaeducation.ch\/fr\/categorie-produit\/domaines-du-curriculum\/mathematiques-calcul\/\"},{\"@type\":\"ListItem\",\"position\":5,\"name\":\"Les Fractions\",\"item\":\"https:\/\/teiaeducation.ch\/fr\/categorie-produit\/domaines-du-curriculum\/mathematiques-calcul\/les-fractions\/\"},{\"@type\":\"ListItem\",\"position\":6,\"name\":\"D\u00e9s de fractions maxi &#8211; Jegro\"}]},{\"@type\":\"WebSite\",\"@id\":\"https:\/\/teiaeducation.ch\/fr\/#website\",\"url\":\"https:\/\/teiaeducation.ch\/fr\/\",\"name\":\"Sustainable Educational Products &amp; Ecological Toys\u00a0\",\"description\":\"Specialised Swiss shop selling sustainable educational toys and games, AMI certified Montessori materials, handmade ecological wooden Waldorf toys and arts &amp; crafts supplies, school supplies, children&#039;s furniture and Montessori reference and parenting books.\",\"publisher\":{\"@id\":\"https:\/\/teiaeducation.ch\/fr\/#organization\"},\"alternateName\":\"Teia Education & Play\",\"potentialAction\":[{\"@type\":\"SearchAction\",\"target\":{\"@type\":\"EntryPoint\",\"urlTemplate\":\"https:\/\/teiaeducation.ch\/fr\/?s={search_term_string}\"},\"query-input\":{\"@type\":\"PropertyValueSpecification\",\"valueRequired\":true,\"valueName\":\"search_term_string\"}}],\"inLanguage\":\"fr-FR\"},{\"@type\":\"Organization\",\"@id\":\"https:\/\/teiaeducation.ch\/fr\/#organization\",\"name\":\"Teia Education & Play\",\"url\":\"https:\/\/teiaeducation.ch\/fr\/\",\"logo\":{\"@type\":\"ImageObject\",\"inLanguage\":\"fr-FR\",\"@id\":\"https:\/\/teiaeducation.ch\/fr\/#\/schema\/logo\/image\/\",\"url\":\"https:\/\/teiaeducation.ch\/wp-content\/uploads\/2020\/11\/Teia-Education-Switzerland-e1620156442216.jpg\",\"contentUrl\":\"https:\/\/teiaeducation.ch\/wp-content\/uploads\/2020\/11\/Teia-Education-Switzerland-e1620156442216.jpg\",\"width\":166,\"height\":145,\"caption\":\"Teia Education & Play\"},\"image\":{\"@id\":\"https:\/\/teiaeducation.ch\/fr\/#\/schema\/logo\/image\/\"},\"sameAs\":[\"https:\/\/www.facebook.com\/teiaeducation\/\",\"https:\/\/x.com\/EducationTeia\",\"https:\/\/www.instagram.com\/teia.education\/\",\"https:\/\/www.linkedin.com\/company\/35501660\",\"https:\/\/www.pinterest.ch\/TeiaEducation\/\"]}]}<\/script>\n<!-- \/ Yoast SEO plugin. -->","yoast_head_json":{"title":"D\u00e9s de fractions maxi - Jegro - Teia Education & Play","description":"L'ensemble de d\u00e9s de fractions maxi de Jegro compose de quatre d\u00e9s avec des fractions rondes et la r\u00e9ponse de l'autre c\u00f4t\u00e9 permettant l'auto-correction.","robots":{"index":"index","follow":"follow","max-snippet":"max-snippet:-1","max-image-preview":"max-image-preview:large","max-video-preview":"max-video-preview:-1"},"canonical":"https:\/\/teiaeducation.ch\/fr\/produit\/de-de-fractions-maxi-jegro\/","og_locale":"fr_FR","og_type":"article","og_title":"D\u00e9s de fractions maxi - Jegro - Teia Education & Play","og_description":"L'ensemble de d\u00e9s de fractions maxi de Jegro compose de quatre d\u00e9s avec des fractions rondes et la r\u00e9ponse de l'autre c\u00f4t\u00e9 permettant l'auto-correction.","og_url":"https:\/\/teiaeducation.ch\/fr\/produit\/de-de-fractions-maxi-jegro\/","og_site_name":"Sustainable Educational Products &amp; Ecological Toys\u00a0","article_publisher":"https:\/\/www.facebook.com\/teiaeducation\/","article_modified_time":"2021-09-15T14:51:40+00:00","og_image":[{"width":900,"height":900,"url":"https:\/\/teiaeducation.ch\/wp-content\/uploads\/2019\/01\/1306000-1.jpg","type":"image\/jpeg"}],"schema":{"@context":"https:\/\/schema.org","@graph":[{"@type":"WebPage","@id":"https:\/\/teiaeducation.ch\/fr\/produit\/de-de-fractions-maxi-jegro\/","url":"https:\/\/teiaeducation.ch\/fr\/produit\/de-de-fractions-maxi-jegro\/","name":"D\u00e9s de fractions maxi - Jegro - Teia Education & Play","isPartOf":{"@id":"https:\/\/teiaeducation.ch\/fr\/#website"},"primaryImageOfPage":{"@id":"https:\/\/teiaeducation.ch\/fr\/produit\/de-de-fractions-maxi-jegro\/#primaryimage"},"image":{"@id":"https:\/\/teiaeducation.ch\/fr\/produit\/de-de-fractions-maxi-jegro\/#primaryimage"},"thumbnailUrl":"https:\/\/teiaeducation.ch\/wp-content\/uploads\/2019\/01\/1306000-1.jpg","datePublished":"2019-01-22T10:39:17+00:00","dateModified":"2021-09-15T14:51:40+00:00","description":"L'ensemble de d\u00e9s de fractions maxi de Jegro compose de quatre d\u00e9s avec des fractions rondes et la r\u00e9ponse de l'autre c\u00f4t\u00e9 permettant l'auto-correction.","breadcrumb":{"@id":"https:\/\/teiaeducation.ch\/fr\/produit\/de-de-fractions-maxi-jegro\/#breadcrumb"},"inLanguage":"fr-FR","potentialAction":[{"@type":"ReadAction","target":["https:\/\/teiaeducation.ch\/fr\/produit\/de-de-fractions-maxi-jegro\/"]}]},{"@type":"ImageObject","inLanguage":"fr-FR","@id":"https:\/\/teiaeducation.ch\/fr\/produit\/de-de-fractions-maxi-jegro\/#primaryimage","url":"https:\/\/teiaeducation.ch\/wp-content\/uploads\/2019\/01\/1306000-1.jpg","contentUrl":"https:\/\/teiaeducation.ch\/wp-content\/uploads\/2019\/01\/1306000-1.jpg","width":900,"height":900,"caption":"D\u00e9 de fractions maxi - Jegro"},{"@type":"BreadcrumbList","@id":"https:\/\/teiaeducation.ch\/fr\/produit\/de-de-fractions-maxi-jegro\/#breadcrumb","itemListElement":[{"@type":"ListItem","position":1,"name":"Home","item":"https:\/\/teiaeducation.ch\/fr\/"},{"@type":"ListItem","position":2,"name":"Boutique Teia Education &amp; Play","item":"https:\/\/teiaeducation.ch\/fr\/boutique\/"},{"@type":"ListItem","position":3,"name":"Domaines du Curriculum","item":"https:\/\/teiaeducation.ch\/fr\/categorie-produit\/domaines-du-curriculum\/"},{"@type":"ListItem","position":4,"name":"Math\u00e9matiques &amp; Calcul","item":"https:\/\/teiaeducation.ch\/fr\/categorie-produit\/domaines-du-curriculum\/mathematiques-calcul\/"},{"@type":"ListItem","position":5,"name":"Les Fractions","item":"https:\/\/teiaeducation.ch\/fr\/categorie-produit\/domaines-du-curriculum\/mathematiques-calcul\/les-fractions\/"},{"@type":"ListItem","position":6,"name":"D\u00e9s de fractions maxi &#8211; Jegro"}]},{"@type":"WebSite","@id":"https:\/\/teiaeducation.ch\/fr\/#website","url":"https:\/\/teiaeducation.ch\/fr\/","name":"Sustainable Educational Products &amp; Ecological Toys\u00a0","description":"Specialised Swiss shop selling sustainable educational toys and games, AMI certified Montessori materials, handmade ecological wooden Waldorf toys and arts &amp; crafts supplies, school supplies, children&#039;s furniture and Montessori reference and parenting books.","publisher":{"@id":"https:\/\/teiaeducation.ch\/fr\/#organization"},"alternateName":"Teia Education & Play","potentialAction":[{"@type":"SearchAction","target":{"@type":"EntryPoint","urlTemplate":"https:\/\/teiaeducation.ch\/fr\/?s={search_term_string}"},"query-input":{"@type":"PropertyValueSpecification","valueRequired":true,"valueName":"search_term_string"}}],"inLanguage":"fr-FR"},{"@type":"Organization","@id":"https:\/\/teiaeducation.ch\/fr\/#organization","name":"Teia Education & Play","url":"https:\/\/teiaeducation.ch\/fr\/","logo":{"@type":"ImageObject","inLanguage":"fr-FR","@id":"https:\/\/teiaeducation.ch\/fr\/#\/schema\/logo\/image\/","url":"https:\/\/teiaeducation.ch\/wp-content\/uploads\/2020\/11\/Teia-Education-Switzerland-e1620156442216.jpg","contentUrl":"https:\/\/teiaeducation.ch\/wp-content\/uploads\/2020\/11\/Teia-Education-Switzerland-e1620156442216.jpg","width":166,"height":145,"caption":"Teia Education & Play"},"image":{"@id":"https:\/\/teiaeducation.ch\/fr\/#\/schema\/logo\/image\/"},"sameAs":["https:\/\/www.facebook.com\/teiaeducation\/","https:\/\/x.com\/EducationTeia","https:\/\/www.instagram.com\/teia.education\/","https:\/\/www.linkedin.com\/company\/35501660","https:\/\/www.pinterest.ch\/TeiaEducation\/"]}]}},"_links":{"self":[{"href":"https:\/\/teiaeducation.ch\/fr\/wp-json\/wp\/v2\/product\/20472","targetHints":{"allow":["GET"]}}],"collection":[{"href":"https:\/\/teiaeducation.ch\/fr\/wp-json\/wp\/v2\/product"}],"about":[{"href":"https:\/\/teiaeducation.ch\/fr\/wp-json\/wp\/v2\/types\/product"}],"replies":[{"embeddable":true,"href":"https:\/\/teiaeducation.ch\/fr\/wp-json\/wp\/v2\/comments?post=20472"}],"wp:featuredmedia":[{"embeddable":true,"href":"https:\/\/teiaeducation.ch\/fr\/wp-json\/wp\/v2\/media\/3466"}],"wp:attachment":[{"href":"https:\/\/teiaeducation.ch\/fr\/wp-json\/wp\/v2\/media?parent=20472"}],"wp:term":[{"taxonomy":"product_brand","embeddable":true,"href":"https:\/\/teiaeducation.ch\/fr\/wp-json\/wp\/v2\/product_brand?post=20472"},{"taxonomy":"product_cat","embeddable":true,"href":"https:\/\/teiaeducation.ch\/fr\/wp-json\/wp\/v2\/product_cat?post=20472"},{"taxonomy":"product_tag","embeddable":true,"href":"https:\/\/teiaeducation.ch\/fr\/wp-json\/wp\/v2\/product_tag?post=20472"}],"curies":[{"name":"wp","href":"https:\/\/api.w.org\/{rel}","templated":true}]}}