{"id":20473,"date":"2019-01-22T11:37:33","date_gmt":"2019-01-22T10:37:33","guid":{"rendered":"https:\/\/teiaeducation.ch\/product\/tampons-de-fractions-ronds-jegro\/"},"modified":"2024-02-04T14:12:37","modified_gmt":"2024-02-04T13:12:37","slug":"tampons-de-fractions-ronds-jegro","status":"publish","type":"product","link":"https:\/\/teiaeducation.ch\/fr\/produit\/tampons-de-fractions-ronds-jegro\/","title":{"rendered":"Tampons de fractions ronds &#8211; Jegro"},"content":{"rendered":"<p>Tampons de fractions ronds &#8211; Jegro<\/p>\n<p>L&#8217;ensemble de timbres de fractions rondes Jegro se compose de douze timbres en caoutchouc avec une poign\u00e9e transparente avec douze diff\u00e9rents types de composants de fraction. Travailler avec ce mat\u00e9riel aide les \u00e9l\u00e8ves \u00e0 visualiser des fractions difficiles en colorant par exemple les composants de fractions sur les impressions de tampons. Les tampons peuvent \u00e9galement \u00eatre utilis\u00e9s en combinaison avec\u00a0les <a href=\"https:\/\/teiaeducation.ch\/fr\/produit\/fractions-eleve-rond-jegro\/\">fractions<\/a> \u00e9l\u00e8ve, rond de Jegro et les <a href=\"https:\/\/teiaeducation.ch\/fr\/produit\/de-de-fractions-maxi-jegro\/\">d\u00e9s de fractions maxi<\/a>.<\/p>\n<p>Ce mat\u00e9riel convient aux enfants de l&#8217;\u00e9cole primaire \u00e2g\u00e9s de 8 ans et plus.<\/p>\n<p>Contenu:<\/p>\n<p>1 bo\u00eete en plastique rouge avec couvercle transparent (19,5 x 8 x 4 cm)<br \/>\n12 tampons en caoutchouc avec poign\u00e9e transparents<\/p>\n","protected":false},"excerpt":{"rendered":"<p>Num\u00e9ro d&#8217;article: 1503000<\/p>\n","protected":false},"featured_media":3463,"comment_status":"closed","ping_status":"closed","template":"","meta":[],"product_brand":[],"product_cat":[216,283,259,1220,619,264,288,217,263,212],"product_tag":[776,1261,792,1266,1245,798],"class_list":{"0":"post-20473","1":"product","2":"type-product","3":"status-publish","4":"has-post-thumbnail","6":"product_cat-6-12-ans","7":"product_cat-domaines-du-curriculum","8":"product_cat-jegro-fr","9":"product_cat-traditionnelle","10":"product_cat-les-fractions","11":"product_cat-mathematiques","12":"product_cat-mathematiques-calcul","13":"product_cat-marques","14":"product_cat-tampons","15":"product_cat-tranche-dage","16":"product_tag-heutink-international-suisse","17":"product_tag-jegro-jegro","18":"product_tag-jegro-materiaux-suisse","19":"product_tag-jegro-tampons-de-fractions-ronds","20":"product_tag-materiaux-mathematiques","21":"product_tag-mathematiques-jegro","23":"first","24":"outofstock","25":"taxable","26":"shipping-taxable","27":"purchasable","28":"product-type-simple"},"yoast_head":"<!-- This site is optimized with the Yoast SEO plugin v27.1.1 - https:\/\/yoast.com\/product\/yoast-seo-wordpress\/ -->\n<title>Tampons de fractions ronds - Jegro - Teia Education &amp; Play<\/title>\n<meta name=\"description\" content=\"L&#039;ensemble de tampons de fractions ronds de Jegro se compose de douze tampons en caoutchouc et comportent douze diff\u00e9rents types de composants de fraction.\" \/>\n<meta name=\"robots\" content=\"index, follow, max-snippet:-1, max-image-preview:large, max-video-preview:-1\" \/>\n<link rel=\"canonical\" href=\"https:\/\/teiaeducation.ch\/fr\/produit\/tampons-de-fractions-ronds-jegro\/\" \/>\n<meta property=\"og:locale\" content=\"fr_FR\" \/>\n<meta property=\"og:type\" content=\"article\" \/>\n<meta property=\"og:title\" content=\"Tampons de fractions ronds - Jegro - Teia Education &amp; Play\" \/>\n<meta property=\"og:description\" content=\"L&#039;ensemble de tampons de fractions ronds de Jegro se compose de douze tampons en caoutchouc et comportent douze diff\u00e9rents types de composants de fraction.\" \/>\n<meta property=\"og:url\" content=\"https:\/\/teiaeducation.ch\/fr\/produit\/tampons-de-fractions-ronds-jegro\/\" \/>\n<meta property=\"og:site_name\" content=\"Sustainable Educational Products &amp; Ecological Toys\u00a0\" \/>\n<meta property=\"article:publisher\" content=\"https:\/\/www.facebook.com\/teiaeducation\/\" \/>\n<meta property=\"article:modified_time\" content=\"2024-02-04T13:12:37+00:00\" \/>\n<meta property=\"og:image\" content=\"https:\/\/teiaeducation.ch\/wp-content\/uploads\/2019\/01\/1503000.png\" \/>\n\t<meta property=\"og:image:width\" content=\"502\" \/>\n\t<meta property=\"og:image:height\" content=\"362\" \/>\n\t<meta property=\"og:image:type\" content=\"image\/png\" \/>\n<script type=\"application\/ld+json\" class=\"yoast-schema-graph\">{\"@context\":\"https:\/\/schema.org\",\"@graph\":[{\"@type\":\"WebPage\",\"@id\":\"https:\/\/teiaeducation.ch\/fr\/produit\/tampons-de-fractions-ronds-jegro\/\",\"url\":\"https:\/\/teiaeducation.ch\/fr\/produit\/tampons-de-fractions-ronds-jegro\/\",\"name\":\"Tampons de fractions ronds - Jegro - Teia Education & Play\",\"isPartOf\":{\"@id\":\"https:\/\/teiaeducation.ch\/fr\/#website\"},\"primaryImageOfPage\":{\"@id\":\"https:\/\/teiaeducation.ch\/fr\/produit\/tampons-de-fractions-ronds-jegro\/#primaryimage\"},\"image\":{\"@id\":\"https:\/\/teiaeducation.ch\/fr\/produit\/tampons-de-fractions-ronds-jegro\/#primaryimage\"},\"thumbnailUrl\":\"https:\/\/teiaeducation.ch\/wp-content\/uploads\/2019\/01\/1503000.png\",\"datePublished\":\"2019-01-22T10:37:33+00:00\",\"dateModified\":\"2024-02-04T13:12:37+00:00\",\"description\":\"L'ensemble de tampons de fractions ronds de Jegro se compose de douze tampons en caoutchouc et comportent douze diff\u00e9rents types de composants de fraction.\",\"breadcrumb\":{\"@id\":\"https:\/\/teiaeducation.ch\/fr\/produit\/tampons-de-fractions-ronds-jegro\/#breadcrumb\"},\"inLanguage\":\"fr-FR\",\"potentialAction\":[{\"@type\":\"ReadAction\",\"target\":[\"https:\/\/teiaeducation.ch\/fr\/produit\/tampons-de-fractions-ronds-jegro\/\"]}]},{\"@type\":\"ImageObject\",\"inLanguage\":\"fr-FR\",\"@id\":\"https:\/\/teiaeducation.ch\/fr\/produit\/tampons-de-fractions-ronds-jegro\/#primaryimage\",\"url\":\"https:\/\/teiaeducation.ch\/wp-content\/uploads\/2019\/01\/1503000.png\",\"contentUrl\":\"https:\/\/teiaeducation.ch\/wp-content\/uploads\/2019\/01\/1503000.png\",\"width\":502,\"height\":362,\"caption\":\"Tampons de fractions ronds - Jegro\"},{\"@type\":\"BreadcrumbList\",\"@id\":\"https:\/\/teiaeducation.ch\/fr\/produit\/tampons-de-fractions-ronds-jegro\/#breadcrumb\",\"itemListElement\":[{\"@type\":\"ListItem\",\"position\":1,\"name\":\"Home\",\"item\":\"https:\/\/teiaeducation.ch\/fr\/\"},{\"@type\":\"ListItem\",\"position\":2,\"name\":\"Boutique Teia Education &amp; Play\",\"item\":\"https:\/\/teiaeducation.ch\/fr\/boutique\/\"},{\"@type\":\"ListItem\",\"position\":3,\"name\":\"Domaines du Curriculum\",\"item\":\"https:\/\/teiaeducation.ch\/fr\/categorie-produit\/domaines-du-curriculum\/\"},{\"@type\":\"ListItem\",\"position\":4,\"name\":\"Math\u00e9matiques &amp; Calcul\",\"item\":\"https:\/\/teiaeducation.ch\/fr\/categorie-produit\/domaines-du-curriculum\/mathematiques-calcul\/\"},{\"@type\":\"ListItem\",\"position\":5,\"name\":\"Les Fractions\",\"item\":\"https:\/\/teiaeducation.ch\/fr\/categorie-produit\/domaines-du-curriculum\/mathematiques-calcul\/les-fractions\/\"},{\"@type\":\"ListItem\",\"position\":6,\"name\":\"Tampons de fractions ronds &#8211; Jegro\"}]},{\"@type\":\"WebSite\",\"@id\":\"https:\/\/teiaeducation.ch\/fr\/#website\",\"url\":\"https:\/\/teiaeducation.ch\/fr\/\",\"name\":\"Sustainable Educational Products &amp; Ecological Toys\u00a0\",\"description\":\"Specialised Swiss shop selling sustainable educational toys and games, AMI certified Montessori materials, handmade ecological wooden Waldorf toys and arts &amp; crafts supplies, school supplies, children&#039;s furniture and Montessori reference and parenting books.\",\"publisher\":{\"@id\":\"https:\/\/teiaeducation.ch\/fr\/#organization\"},\"alternateName\":\"Teia Education & Play\",\"potentialAction\":[{\"@type\":\"SearchAction\",\"target\":{\"@type\":\"EntryPoint\",\"urlTemplate\":\"https:\/\/teiaeducation.ch\/fr\/?s={search_term_string}\"},\"query-input\":{\"@type\":\"PropertyValueSpecification\",\"valueRequired\":true,\"valueName\":\"search_term_string\"}}],\"inLanguage\":\"fr-FR\"},{\"@type\":\"Organization\",\"@id\":\"https:\/\/teiaeducation.ch\/fr\/#organization\",\"name\":\"Teia Education & Play\",\"url\":\"https:\/\/teiaeducation.ch\/fr\/\",\"logo\":{\"@type\":\"ImageObject\",\"inLanguage\":\"fr-FR\",\"@id\":\"https:\/\/teiaeducation.ch\/fr\/#\/schema\/logo\/image\/\",\"url\":\"https:\/\/teiaeducation.ch\/wp-content\/uploads\/2020\/11\/Teia-Education-Switzerland-e1620156442216.jpg\",\"contentUrl\":\"https:\/\/teiaeducation.ch\/wp-content\/uploads\/2020\/11\/Teia-Education-Switzerland-e1620156442216.jpg\",\"width\":166,\"height\":145,\"caption\":\"Teia Education & Play\"},\"image\":{\"@id\":\"https:\/\/teiaeducation.ch\/fr\/#\/schema\/logo\/image\/\"},\"sameAs\":[\"https:\/\/www.facebook.com\/teiaeducation\/\",\"https:\/\/x.com\/EducationTeia\",\"https:\/\/www.instagram.com\/teia.education\/\",\"https:\/\/www.linkedin.com\/company\/35501660\",\"https:\/\/www.pinterest.ch\/TeiaEducation\/\"]}]}<\/script>\n<!-- \/ Yoast SEO plugin. -->","yoast_head_json":{"title":"Tampons de fractions ronds - Jegro - Teia Education & Play","description":"L'ensemble de tampons de fractions ronds de Jegro se compose de douze tampons en caoutchouc et comportent douze diff\u00e9rents types de composants de fraction.","robots":{"index":"index","follow":"follow","max-snippet":"max-snippet:-1","max-image-preview":"max-image-preview:large","max-video-preview":"max-video-preview:-1"},"canonical":"https:\/\/teiaeducation.ch\/fr\/produit\/tampons-de-fractions-ronds-jegro\/","og_locale":"fr_FR","og_type":"article","og_title":"Tampons de fractions ronds - Jegro - Teia Education & Play","og_description":"L'ensemble de tampons de fractions ronds de Jegro se compose de douze tampons en caoutchouc et comportent douze diff\u00e9rents types de composants de fraction.","og_url":"https:\/\/teiaeducation.ch\/fr\/produit\/tampons-de-fractions-ronds-jegro\/","og_site_name":"Sustainable Educational Products &amp; Ecological Toys\u00a0","article_publisher":"https:\/\/www.facebook.com\/teiaeducation\/","article_modified_time":"2024-02-04T13:12:37+00:00","og_image":[{"width":502,"height":362,"url":"https:\/\/teiaeducation.ch\/wp-content\/uploads\/2019\/01\/1503000.png","type":"image\/png"}],"schema":{"@context":"https:\/\/schema.org","@graph":[{"@type":"WebPage","@id":"https:\/\/teiaeducation.ch\/fr\/produit\/tampons-de-fractions-ronds-jegro\/","url":"https:\/\/teiaeducation.ch\/fr\/produit\/tampons-de-fractions-ronds-jegro\/","name":"Tampons de fractions ronds - Jegro - Teia Education & Play","isPartOf":{"@id":"https:\/\/teiaeducation.ch\/fr\/#website"},"primaryImageOfPage":{"@id":"https:\/\/teiaeducation.ch\/fr\/produit\/tampons-de-fractions-ronds-jegro\/#primaryimage"},"image":{"@id":"https:\/\/teiaeducation.ch\/fr\/produit\/tampons-de-fractions-ronds-jegro\/#primaryimage"},"thumbnailUrl":"https:\/\/teiaeducation.ch\/wp-content\/uploads\/2019\/01\/1503000.png","datePublished":"2019-01-22T10:37:33+00:00","dateModified":"2024-02-04T13:12:37+00:00","description":"L'ensemble de tampons de fractions ronds de Jegro se compose de douze tampons en caoutchouc et comportent douze diff\u00e9rents types de composants de fraction.","breadcrumb":{"@id":"https:\/\/teiaeducation.ch\/fr\/produit\/tampons-de-fractions-ronds-jegro\/#breadcrumb"},"inLanguage":"fr-FR","potentialAction":[{"@type":"ReadAction","target":["https:\/\/teiaeducation.ch\/fr\/produit\/tampons-de-fractions-ronds-jegro\/"]}]},{"@type":"ImageObject","inLanguage":"fr-FR","@id":"https:\/\/teiaeducation.ch\/fr\/produit\/tampons-de-fractions-ronds-jegro\/#primaryimage","url":"https:\/\/teiaeducation.ch\/wp-content\/uploads\/2019\/01\/1503000.png","contentUrl":"https:\/\/teiaeducation.ch\/wp-content\/uploads\/2019\/01\/1503000.png","width":502,"height":362,"caption":"Tampons de fractions ronds - Jegro"},{"@type":"BreadcrumbList","@id":"https:\/\/teiaeducation.ch\/fr\/produit\/tampons-de-fractions-ronds-jegro\/#breadcrumb","itemListElement":[{"@type":"ListItem","position":1,"name":"Home","item":"https:\/\/teiaeducation.ch\/fr\/"},{"@type":"ListItem","position":2,"name":"Boutique Teia Education &amp; Play","item":"https:\/\/teiaeducation.ch\/fr\/boutique\/"},{"@type":"ListItem","position":3,"name":"Domaines du Curriculum","item":"https:\/\/teiaeducation.ch\/fr\/categorie-produit\/domaines-du-curriculum\/"},{"@type":"ListItem","position":4,"name":"Math\u00e9matiques &amp; Calcul","item":"https:\/\/teiaeducation.ch\/fr\/categorie-produit\/domaines-du-curriculum\/mathematiques-calcul\/"},{"@type":"ListItem","position":5,"name":"Les Fractions","item":"https:\/\/teiaeducation.ch\/fr\/categorie-produit\/domaines-du-curriculum\/mathematiques-calcul\/les-fractions\/"},{"@type":"ListItem","position":6,"name":"Tampons de fractions ronds &#8211; Jegro"}]},{"@type":"WebSite","@id":"https:\/\/teiaeducation.ch\/fr\/#website","url":"https:\/\/teiaeducation.ch\/fr\/","name":"Sustainable Educational Products &amp; Ecological Toys\u00a0","description":"Specialised Swiss shop selling sustainable educational toys and games, AMI certified Montessori materials, handmade ecological wooden Waldorf toys and arts &amp; crafts supplies, school supplies, children&#039;s furniture and Montessori reference and parenting books.","publisher":{"@id":"https:\/\/teiaeducation.ch\/fr\/#organization"},"alternateName":"Teia Education & Play","potentialAction":[{"@type":"SearchAction","target":{"@type":"EntryPoint","urlTemplate":"https:\/\/teiaeducation.ch\/fr\/?s={search_term_string}"},"query-input":{"@type":"PropertyValueSpecification","valueRequired":true,"valueName":"search_term_string"}}],"inLanguage":"fr-FR"},{"@type":"Organization","@id":"https:\/\/teiaeducation.ch\/fr\/#organization","name":"Teia Education & Play","url":"https:\/\/teiaeducation.ch\/fr\/","logo":{"@type":"ImageObject","inLanguage":"fr-FR","@id":"https:\/\/teiaeducation.ch\/fr\/#\/schema\/logo\/image\/","url":"https:\/\/teiaeducation.ch\/wp-content\/uploads\/2020\/11\/Teia-Education-Switzerland-e1620156442216.jpg","contentUrl":"https:\/\/teiaeducation.ch\/wp-content\/uploads\/2020\/11\/Teia-Education-Switzerland-e1620156442216.jpg","width":166,"height":145,"caption":"Teia Education & Play"},"image":{"@id":"https:\/\/teiaeducation.ch\/fr\/#\/schema\/logo\/image\/"},"sameAs":["https:\/\/www.facebook.com\/teiaeducation\/","https:\/\/x.com\/EducationTeia","https:\/\/www.instagram.com\/teia.education\/","https:\/\/www.linkedin.com\/company\/35501660","https:\/\/www.pinterest.ch\/TeiaEducation\/"]}]}},"_links":{"self":[{"href":"https:\/\/teiaeducation.ch\/fr\/wp-json\/wp\/v2\/product\/20473","targetHints":{"allow":["GET"]}}],"collection":[{"href":"https:\/\/teiaeducation.ch\/fr\/wp-json\/wp\/v2\/product"}],"about":[{"href":"https:\/\/teiaeducation.ch\/fr\/wp-json\/wp\/v2\/types\/product"}],"replies":[{"embeddable":true,"href":"https:\/\/teiaeducation.ch\/fr\/wp-json\/wp\/v2\/comments?post=20473"}],"wp:featuredmedia":[{"embeddable":true,"href":"https:\/\/teiaeducation.ch\/fr\/wp-json\/wp\/v2\/media\/3463"}],"wp:attachment":[{"href":"https:\/\/teiaeducation.ch\/fr\/wp-json\/wp\/v2\/media?parent=20473"}],"wp:term":[{"taxonomy":"product_brand","embeddable":true,"href":"https:\/\/teiaeducation.ch\/fr\/wp-json\/wp\/v2\/product_brand?post=20473"},{"taxonomy":"product_cat","embeddable":true,"href":"https:\/\/teiaeducation.ch\/fr\/wp-json\/wp\/v2\/product_cat?post=20473"},{"taxonomy":"product_tag","embeddable":true,"href":"https:\/\/teiaeducation.ch\/fr\/wp-json\/wp\/v2\/product_tag?post=20473"}],"curies":[{"name":"wp","href":"https:\/\/api.w.org\/{rel}","templated":true}]}}