{"id":20475,"date":"2019-01-22T11:05:58","date_gmt":"2019-01-22T10:05:58","guid":{"rendered":"https:\/\/teiaeducation.ch\/product\/cartes-pour-valeur-positionelle-jegro\/"},"modified":"2020-04-26T16:28:05","modified_gmt":"2020-04-26T14:28:05","slug":"cartes-pour-valeur-positionelle-jegro","status":"publish","type":"product","link":"https:\/\/teiaeducation.ch\/fr\/produit\/cartes-pour-valeur-positionelle-jegro\/","title":{"rendered":"Cartes pour valeur positionelle &#8211; Jegro"},"content":{"rendered":"<p>Cartes pour valeur positionelle &#8211; Jegro<\/p>\n<p>L&#8217;ensemble des cartes pour valeur positionnelle 1 \u00e0 10000 de Jegro se compose de trente-neuf cartes en plastique cod\u00e9es par couleur, chaque couleur repr\u00e9sentant une valeur particuli\u00e8re. Les plus petits nombres, de z\u00e9ro \u00e0 neuf, sont appel\u00e9s \u00abunit\u00e9s\u00bb, et sont imprim\u00e9s en rouge. Les nombres dix \u00e0 quatre-vingt-dix par dix sont imprim\u00e9s en bleu, les nombres cent \u00e0 neuf cents par centaines en vert, et mille \u00e0 neuf mille par des milliers en vert. Le nombre dix mille est imprim\u00e9 en noir.<\/p>\n<p>Travailler avec ce mat\u00e9riel permet \u00e0 l&#8217;enfant \u00e0 reconna\u00eetre la valeur des nombres et d&#8217;apprendre comment les nombres sont construits. La valeur du nombre est d\u00e9termin\u00e9e par la place du nombre dans le syst\u00e8me d\u00e9cimal et d\u00e9montre des symboles \u00e9crits pour chacune de ses cat\u00e9gories. Repr\u00e9sentant les diff\u00e9rentes cat\u00e9gories de nombres dans le syst\u00e8me \u00ab dix \u00bb ou d\u00e9cimal.<\/p>\n<p>Avant de travailler avec ce mat\u00e9riel, les enfants doivent ma\u00eetriser la reconnaissance du nombre d&#8217;un \u00e0 neuf, ainsi que d&#8217;\u00eatre familier avec le concept de z\u00e9ro.<\/p>\n<p>Ce mat\u00e9riel est similaire aux cartes de num\u00e9ro Nienhuis Montessori <a href=\"https:\/\/teiaeducation.ch\/produit\/petites-cartes-des-symboles-en-bois-1-9000-nienhuis-montessori\/?lang=fr\">1-9000<\/a> et convient aux enfants \u00e2g\u00e9s de 6 \u00e0 12 ans.<\/p>\n<p>Contenu:<\/p>\n<p>1 bo\u00eete en plastique bleu avec couvercle transparent (30 x 20,5 x 2 cm)<br \/>\n39 cartes en plastique cod\u00e9es par couleur:<br \/>\n&#8211; 0-9 (rouge)<br \/>\n&#8211; 10-90 (bleu)<br \/>\n&#8211; 100-900 (vert)<br \/>\n&#8211; 1000-9000 (violet)<br \/>\n&#8211; 10000 (noir)<\/p>\n","protected":false},"excerpt":{"rendered":"<p>Num\u00e9ro d&#8217;article: 1273000<\/p>\n","protected":false},"featured_media":3454,"comment_status":"closed","ping_status":"closed","template":"","meta":[],"product_brand":[],"product_cat":[8580,216,283,8526,259,1220,618,630,264,288,7595,217,212],"product_tag":[1268,776,1261,792,1245,798,801],"class_list":{"0":"post-20475","1":"product","2":"type-product","3":"status-publish","4":"has-post-thumbnail","6":"product_cat-6-12-ans-ecole-a-domicile","7":"product_cat-6-12-ans","8":"product_cat-domaines-du-curriculum","9":"product_cat-fournitures-scolaires-a-domicile","10":"product_cat-jegro-fr","11":"product_cat-traditionnelle","12":"product_cat-systeme-decimal","13":"product_cat-nombres","14":"product_cat-mathematiques","15":"product_cat-mathematiques-calcul","16":"product_cat-methode-deducation","17":"product_cat-marques","18":"product_cat-tranche-dage","19":"product_tag-cartes-pour-valeur-positionelle-de-jegro","20":"product_tag-heutink-international-suisse","21":"product_tag-jegro-jegro","22":"product_tag-jegro-materiaux-suisse","23":"product_tag-materiaux-mathematiques","24":"product_tag-mathematiques-jegro","25":"product_tag-mathematiques-montessori","27":"first","28":"outofstock","29":"taxable","30":"shipping-taxable","31":"purchasable","32":"product-type-simple"},"yoast_head":"<!-- This site is optimized with the Yoast SEO Premium plugin v25.8 (Yoast SEO v27.4) - https:\/\/yoast.com\/product\/yoast-seo-premium-wordpress\/ -->\n<title>Cartes pour valeur positionelle - Jegro - Teia Education &amp; Play<\/title>\n<meta name=\"description\" content=\"Les cartes pour valeur positionnelle 1 \u00e0 10000 de Jegro permettent \u00e0 l&#039;enfant \u00e0 reconnaitre la valeur des nombres et comment les nombres sont construits.\" \/>\n<meta name=\"robots\" content=\"index, follow, max-snippet:-1, max-image-preview:large, max-video-preview:-1\" \/>\n<link rel=\"canonical\" href=\"https:\/\/teiaeducation.ch\/fr\/produit\/cartes-pour-valeur-positionelle-jegro\/\" \/>\n<meta property=\"og:locale\" content=\"fr_FR\" \/>\n<meta property=\"og:type\" content=\"article\" \/>\n<meta property=\"og:title\" content=\"Cartes pour valeur positionelle - Jegro\" \/>\n<meta property=\"og:description\" content=\"Les cartes pour valeur positionnelle 1 \u00e0 10000 de Jegro permettent \u00e0 l&#039;enfant \u00e0 reconnaitre la valeur des nombres et comment les nombres sont construits.\" \/>\n<meta property=\"og:url\" content=\"https:\/\/teiaeducation.ch\/fr\/produit\/cartes-pour-valeur-positionelle-jegro\/\" \/>\n<meta property=\"og:site_name\" content=\"Sustainable Educational Products &amp; Ecological Toys\u00a0\" \/>\n<meta property=\"article:publisher\" content=\"https:\/\/www.facebook.com\/teiaeducation\/\" \/>\n<meta property=\"article:modified_time\" content=\"2020-04-26T14:28:05+00:00\" \/>\n<meta property=\"og:image\" content=\"https:\/\/teiaeducation.ch\/wp-content\/uploads\/2019\/01\/1273000.jpg\" \/>\n\t<meta property=\"og:image:width\" content=\"900\" \/>\n\t<meta property=\"og:image:height\" content=\"900\" \/>\n\t<meta property=\"og:image:type\" content=\"image\/jpeg\" \/>\n<script type=\"application\/ld+json\" class=\"yoast-schema-graph\">{\"@context\":\"https:\\\/\\\/schema.org\",\"@graph\":[{\"@type\":\"WebPage\",\"@id\":\"https:\\\/\\\/teiaeducation.ch\\\/fr\\\/produit\\\/cartes-pour-valeur-positionelle-jegro\\\/\",\"url\":\"https:\\\/\\\/teiaeducation.ch\\\/fr\\\/produit\\\/cartes-pour-valeur-positionelle-jegro\\\/\",\"name\":\"Cartes pour valeur positionelle - Jegro - Teia Education & Play\",\"isPartOf\":{\"@id\":\"https:\\\/\\\/teiaeducation.ch\\\/fr\\\/#website\"},\"primaryImageOfPage\":{\"@id\":\"https:\\\/\\\/teiaeducation.ch\\\/fr\\\/produit\\\/cartes-pour-valeur-positionelle-jegro\\\/#primaryimage\"},\"image\":{\"@id\":\"https:\\\/\\\/teiaeducation.ch\\\/fr\\\/produit\\\/cartes-pour-valeur-positionelle-jegro\\\/#primaryimage\"},\"thumbnailUrl\":\"https:\\\/\\\/teiaeducation.ch\\\/wp-content\\\/uploads\\\/2019\\\/01\\\/1273000.jpg\",\"datePublished\":\"2019-01-22T10:05:58+00:00\",\"dateModified\":\"2020-04-26T14:28:05+00:00\",\"description\":\"Les cartes pour valeur positionnelle 1 \u00e0 10000 de Jegro permettent \u00e0 l'enfant \u00e0 reconnaitre la valeur des nombres et comment les nombres sont construits.\",\"breadcrumb\":{\"@id\":\"https:\\\/\\\/teiaeducation.ch\\\/fr\\\/produit\\\/cartes-pour-valeur-positionelle-jegro\\\/#breadcrumb\"},\"inLanguage\":\"fr-FR\",\"potentialAction\":[{\"@type\":\"ReadAction\",\"target\":[\"https:\\\/\\\/teiaeducation.ch\\\/fr\\\/produit\\\/cartes-pour-valeur-positionelle-jegro\\\/\"]}]},{\"@type\":\"ImageObject\",\"inLanguage\":\"fr-FR\",\"@id\":\"https:\\\/\\\/teiaeducation.ch\\\/fr\\\/produit\\\/cartes-pour-valeur-positionelle-jegro\\\/#primaryimage\",\"url\":\"https:\\\/\\\/teiaeducation.ch\\\/wp-content\\\/uploads\\\/2019\\\/01\\\/1273000.jpg\",\"contentUrl\":\"https:\\\/\\\/teiaeducation.ch\\\/wp-content\\\/uploads\\\/2019\\\/01\\\/1273000.jpg\",\"width\":900,\"height\":900,\"caption\":\"Cartes pour valeur positionelle - Jegro\"},{\"@type\":\"BreadcrumbList\",\"@id\":\"https:\\\/\\\/teiaeducation.ch\\\/fr\\\/produit\\\/cartes-pour-valeur-positionelle-jegro\\\/#breadcrumb\",\"itemListElement\":[{\"@type\":\"ListItem\",\"position\":1,\"name\":\"Home\",\"item\":\"https:\\\/\\\/teiaeducation.ch\\\/fr\\\/\"},{\"@type\":\"ListItem\",\"position\":2,\"name\":\"Boutique Teia Education &amp; Play\",\"item\":\"https:\\\/\\\/teiaeducation.ch\\\/fr\\\/boutique\\\/\"},{\"@type\":\"ListItem\",\"position\":3,\"name\":\"Domaines du Curriculum\",\"item\":\"https:\\\/\\\/teiaeducation.ch\\\/fr\\\/categorie-produit\\\/domaines-du-curriculum\\\/\"},{\"@type\":\"ListItem\",\"position\":4,\"name\":\"Math\u00e9matiques &amp; Calcul\",\"item\":\"https:\\\/\\\/teiaeducation.ch\\\/fr\\\/categorie-produit\\\/domaines-du-curriculum\\\/mathematiques-calcul\\\/\"},{\"@type\":\"ListItem\",\"position\":5,\"name\":\"Le Syst\u00e8me D\u00e9cimal\",\"item\":\"https:\\\/\\\/teiaeducation.ch\\\/fr\\\/categorie-produit\\\/domaines-du-curriculum\\\/mathematiques-calcul\\\/systeme-decimal\\\/\"},{\"@type\":\"ListItem\",\"position\":6,\"name\":\"Cartes pour valeur positionelle &#8211; Jegro\"}]},{\"@type\":\"WebSite\",\"@id\":\"https:\\\/\\\/teiaeducation.ch\\\/fr\\\/#website\",\"url\":\"https:\\\/\\\/teiaeducation.ch\\\/fr\\\/\",\"name\":\"Sustainable Educational Products &amp; Ecological Toys\u00a0\",\"description\":\"Specialised Swiss shop selling sustainable educational toys and games, AMI certified Montessori materials, handmade ecological wooden Waldorf toys and arts &amp; crafts supplies, school supplies, children&#039;s furniture and Montessori reference and parenting books.\",\"publisher\":{\"@id\":\"https:\\\/\\\/teiaeducation.ch\\\/fr\\\/#organization\"},\"alternateName\":\"Teia Education & Play\",\"potentialAction\":[{\"@type\":\"SearchAction\",\"target\":{\"@type\":\"EntryPoint\",\"urlTemplate\":\"https:\\\/\\\/teiaeducation.ch\\\/fr\\\/?s={search_term_string}\"},\"query-input\":{\"@type\":\"PropertyValueSpecification\",\"valueRequired\":true,\"valueName\":\"search_term_string\"}}],\"inLanguage\":\"fr-FR\"},{\"@type\":\"Organization\",\"@id\":\"https:\\\/\\\/teiaeducation.ch\\\/fr\\\/#organization\",\"name\":\"Teia Education & Play\",\"url\":\"https:\\\/\\\/teiaeducation.ch\\\/fr\\\/\",\"logo\":{\"@type\":\"ImageObject\",\"inLanguage\":\"fr-FR\",\"@id\":\"https:\\\/\\\/teiaeducation.ch\\\/fr\\\/#\\\/schema\\\/logo\\\/image\\\/\",\"url\":\"https:\\\/\\\/teiaeducation.ch\\\/wp-content\\\/uploads\\\/2020\\\/11\\\/Teia-Education-Switzerland-e1620156442216.jpg\",\"contentUrl\":\"https:\\\/\\\/teiaeducation.ch\\\/wp-content\\\/uploads\\\/2020\\\/11\\\/Teia-Education-Switzerland-e1620156442216.jpg\",\"width\":166,\"height\":145,\"caption\":\"Teia Education & Play\"},\"image\":{\"@id\":\"https:\\\/\\\/teiaeducation.ch\\\/fr\\\/#\\\/schema\\\/logo\\\/image\\\/\"},\"sameAs\":[\"https:\\\/\\\/www.facebook.com\\\/teiaeducation\\\/\",\"https:\\\/\\\/x.com\\\/EducationTeia\",\"https:\\\/\\\/www.instagram.com\\\/teia.education\\\/\",\"https:\\\/\\\/www.linkedin.com\\\/company\\\/35501660\",\"https:\\\/\\\/www.pinterest.ch\\\/TeiaEducation\\\/\"]}]}<\/script>\n<meta property=\"product:price:amount\" content=\"52.00\" \/>\n<meta property=\"product:price:currency\" content=\"CHF\" \/>\n<meta property=\"og:availability\" content=\"out of stock\" \/>\n<meta property=\"product:availability\" content=\"out of stock\" \/>\n<meta property=\"product:retailer_item_id\" content=\"00000000000000000000000000000000000000000000003452\" \/>\n<meta property=\"product:condition\" content=\"new\" \/>\n<!-- \/ Yoast SEO Premium plugin. -->","yoast_head_json":{"title":"Cartes pour valeur positionelle - Jegro - Teia Education & Play","description":"Les cartes pour valeur positionnelle 1 \u00e0 10000 de Jegro permettent \u00e0 l'enfant \u00e0 reconnaitre la valeur des nombres et comment les nombres sont construits.","robots":{"index":"index","follow":"follow","max-snippet":"max-snippet:-1","max-image-preview":"max-image-preview:large","max-video-preview":"max-video-preview:-1"},"canonical":"https:\/\/teiaeducation.ch\/fr\/produit\/cartes-pour-valeur-positionelle-jegro\/","og_locale":"fr_FR","og_type":"article","og_title":"Cartes pour valeur positionelle - Jegro","og_description":"Les cartes pour valeur positionnelle 1 \u00e0 10000 de Jegro permettent \u00e0 l'enfant \u00e0 reconnaitre la valeur des nombres et comment les nombres sont construits.","og_url":"https:\/\/teiaeducation.ch\/fr\/produit\/cartes-pour-valeur-positionelle-jegro\/","og_site_name":"Sustainable Educational Products &amp; Ecological Toys\u00a0","article_publisher":"https:\/\/www.facebook.com\/teiaeducation\/","article_modified_time":"2020-04-26T14:28:05+00:00","og_image":[{"width":900,"height":900,"url":"https:\/\/teiaeducation.ch\/wp-content\/uploads\/2019\/01\/1273000.jpg","type":"image\/jpeg"}],"schema":{"@context":"https:\/\/schema.org","@graph":[{"@type":"WebPage","@id":"https:\/\/teiaeducation.ch\/fr\/produit\/cartes-pour-valeur-positionelle-jegro\/","url":"https:\/\/teiaeducation.ch\/fr\/produit\/cartes-pour-valeur-positionelle-jegro\/","name":"Cartes pour valeur positionelle - Jegro - Teia Education & Play","isPartOf":{"@id":"https:\/\/teiaeducation.ch\/fr\/#website"},"primaryImageOfPage":{"@id":"https:\/\/teiaeducation.ch\/fr\/produit\/cartes-pour-valeur-positionelle-jegro\/#primaryimage"},"image":{"@id":"https:\/\/teiaeducation.ch\/fr\/produit\/cartes-pour-valeur-positionelle-jegro\/#primaryimage"},"thumbnailUrl":"https:\/\/teiaeducation.ch\/wp-content\/uploads\/2019\/01\/1273000.jpg","datePublished":"2019-01-22T10:05:58+00:00","dateModified":"2020-04-26T14:28:05+00:00","description":"Les cartes pour valeur positionnelle 1 \u00e0 10000 de Jegro permettent \u00e0 l'enfant \u00e0 reconnaitre la valeur des nombres et comment les nombres sont construits.","breadcrumb":{"@id":"https:\/\/teiaeducation.ch\/fr\/produit\/cartes-pour-valeur-positionelle-jegro\/#breadcrumb"},"inLanguage":"fr-FR","potentialAction":[{"@type":"ReadAction","target":["https:\/\/teiaeducation.ch\/fr\/produit\/cartes-pour-valeur-positionelle-jegro\/"]}]},{"@type":"ImageObject","inLanguage":"fr-FR","@id":"https:\/\/teiaeducation.ch\/fr\/produit\/cartes-pour-valeur-positionelle-jegro\/#primaryimage","url":"https:\/\/teiaeducation.ch\/wp-content\/uploads\/2019\/01\/1273000.jpg","contentUrl":"https:\/\/teiaeducation.ch\/wp-content\/uploads\/2019\/01\/1273000.jpg","width":900,"height":900,"caption":"Cartes pour valeur positionelle - Jegro"},{"@type":"BreadcrumbList","@id":"https:\/\/teiaeducation.ch\/fr\/produit\/cartes-pour-valeur-positionelle-jegro\/#breadcrumb","itemListElement":[{"@type":"ListItem","position":1,"name":"Home","item":"https:\/\/teiaeducation.ch\/fr\/"},{"@type":"ListItem","position":2,"name":"Boutique Teia Education &amp; Play","item":"https:\/\/teiaeducation.ch\/fr\/boutique\/"},{"@type":"ListItem","position":3,"name":"Domaines du Curriculum","item":"https:\/\/teiaeducation.ch\/fr\/categorie-produit\/domaines-du-curriculum\/"},{"@type":"ListItem","position":4,"name":"Math\u00e9matiques &amp; Calcul","item":"https:\/\/teiaeducation.ch\/fr\/categorie-produit\/domaines-du-curriculum\/mathematiques-calcul\/"},{"@type":"ListItem","position":5,"name":"Le Syst\u00e8me D\u00e9cimal","item":"https:\/\/teiaeducation.ch\/fr\/categorie-produit\/domaines-du-curriculum\/mathematiques-calcul\/systeme-decimal\/"},{"@type":"ListItem","position":6,"name":"Cartes pour valeur positionelle &#8211; Jegro"}]},{"@type":"WebSite","@id":"https:\/\/teiaeducation.ch\/fr\/#website","url":"https:\/\/teiaeducation.ch\/fr\/","name":"Sustainable Educational Products &amp; Ecological Toys\u00a0","description":"Specialised Swiss shop selling sustainable educational toys and games, AMI certified Montessori materials, handmade ecological wooden Waldorf toys and arts &amp; crafts supplies, school supplies, children&#039;s furniture and Montessori reference and parenting books.","publisher":{"@id":"https:\/\/teiaeducation.ch\/fr\/#organization"},"alternateName":"Teia Education & Play","potentialAction":[{"@type":"SearchAction","target":{"@type":"EntryPoint","urlTemplate":"https:\/\/teiaeducation.ch\/fr\/?s={search_term_string}"},"query-input":{"@type":"PropertyValueSpecification","valueRequired":true,"valueName":"search_term_string"}}],"inLanguage":"fr-FR"},{"@type":"Organization","@id":"https:\/\/teiaeducation.ch\/fr\/#organization","name":"Teia Education & Play","url":"https:\/\/teiaeducation.ch\/fr\/","logo":{"@type":"ImageObject","inLanguage":"fr-FR","@id":"https:\/\/teiaeducation.ch\/fr\/#\/schema\/logo\/image\/","url":"https:\/\/teiaeducation.ch\/wp-content\/uploads\/2020\/11\/Teia-Education-Switzerland-e1620156442216.jpg","contentUrl":"https:\/\/teiaeducation.ch\/wp-content\/uploads\/2020\/11\/Teia-Education-Switzerland-e1620156442216.jpg","width":166,"height":145,"caption":"Teia Education & Play"},"image":{"@id":"https:\/\/teiaeducation.ch\/fr\/#\/schema\/logo\/image\/"},"sameAs":["https:\/\/www.facebook.com\/teiaeducation\/","https:\/\/x.com\/EducationTeia","https:\/\/www.instagram.com\/teia.education\/","https:\/\/www.linkedin.com\/company\/35501660","https:\/\/www.pinterest.ch\/TeiaEducation\/"]}]},"product_price_amount":"52.00","product_price_currency":"CHF","og_availability":"out of stock","product_availability":"out of stock","product_retailer_item_id":"00000000000000000000000000000000000000000000003452","product_condition":"new"},"_links":{"self":[{"href":"https:\/\/teiaeducation.ch\/fr\/wp-json\/wp\/v2\/product\/20475","targetHints":{"allow":["GET"]}}],"collection":[{"href":"https:\/\/teiaeducation.ch\/fr\/wp-json\/wp\/v2\/product"}],"about":[{"href":"https:\/\/teiaeducation.ch\/fr\/wp-json\/wp\/v2\/types\/product"}],"replies":[{"embeddable":true,"href":"https:\/\/teiaeducation.ch\/fr\/wp-json\/wp\/v2\/comments?post=20475"}],"wp:featuredmedia":[{"embeddable":true,"href":"https:\/\/teiaeducation.ch\/fr\/wp-json\/wp\/v2\/media\/3454"}],"wp:attachment":[{"href":"https:\/\/teiaeducation.ch\/fr\/wp-json\/wp\/v2\/media?parent=20475"}],"wp:term":[{"taxonomy":"product_brand","embeddable":true,"href":"https:\/\/teiaeducation.ch\/fr\/wp-json\/wp\/v2\/product_brand?post=20475"},{"taxonomy":"product_cat","embeddable":true,"href":"https:\/\/teiaeducation.ch\/fr\/wp-json\/wp\/v2\/product_cat?post=20475"},{"taxonomy":"product_tag","embeddable":true,"href":"https:\/\/teiaeducation.ch\/fr\/wp-json\/wp\/v2\/product_tag?post=20475"}],"curies":[{"name":"wp","href":"https:\/\/api.w.org\/{rel}","templated":true}]}}