{"id":20476,"date":"2019-01-22T10:40:13","date_gmt":"2019-01-22T09:40:13","guid":{"rendered":"https:\/\/teiaeducation.ch\/product\/domino-mathematique-addition-jusqua-100-jegro\/"},"modified":"2021-03-10T15:52:16","modified_gmt":"2021-03-10T14:52:16","slug":"domino-mathematique-jusqaa-100-jegro","status":"publish","type":"product","link":"https:\/\/teiaeducation.ch\/fr\/produit\/domino-mathematique-jusqaa-100-jegro\/","title":{"rendered":"Domino math\u00e9matique addition jusqu&#8217;\u00e0 100 &#8211; Jegro"},"content":{"rendered":"<p>Domino math\u00e9matique addition jusqu&#8217;\u00e0 100 &#8211; Jegro<\/p>\n<p>L&#8217;ensemble de domino math\u00e9matique addition jusqu&#8217;\u00e0 100 de Jegro compose de six types de dominos avec des objectifs diff\u00e9rents d&#8217;apprentissage. L&#8217;objectif de travailler avec ce mat\u00e9riel est de trouver la somme \u00e0 la r\u00e9ponse.<\/p>\n<p>Chaque domino contient dix jeux diff\u00e9rents avec son propre code couleur afin qu&#8217;ils puissent \u00eatre distingu\u00e9s les uns des autres. L&#8217;enfant commence par placer la carte avec la fl\u00e8che. La fl\u00e8che indique la direction dans laquelle les cartes doivent \u00eatre plac\u00e9es. Cette carte affiche \u00e9galement un num\u00e9ro dans un carr\u00e9. C&#8217;est la r\u00e9ponse \u00e0 laquelle la somme correspondante qui doit \u00eatre trouv\u00e9e. Ajouter la carte avec la bonne somme. Continuez \u00e0 placer la carte qui contient la somme \u00e0 la r\u00e9ponse indiqu\u00e9e. V\u00e9rifiez si les dominos sont plac\u00e9s correctement; la premi\u00e8re carte avec la fl\u00e8che et la derni\u00e8re carte ont le m\u00eame r\u00e9sultat.<\/p>\n<p>La version de domino math\u00e9matique <a href=\"https:\/\/teiaeducation.ch\/produit\/domino-mathematiques-soustraction-jusqua-100-jegro\/?lang=fr\">soustraction<\/a> jusqu&#8217;\u00e0 100 de Jegro est \u00e9galement disponible s\u00e9par\u00e9ment.<\/p>\n<p>Ce mat\u00e9riel convient aux enfants \u00e2g\u00e9s de 6 \u00e0 12 ans.<\/p>\n<p>Contenu:<\/p>\n<p>1 bo\u00eete de rangement en bois avec couvercle s\u00e9par\u00e9 (24,5 x 17,5 x 3,5 cm)<br \/>\n10 bo\u00eetes en plastique transparentes avec 15 cartes en plastique dans chaque bo\u00eete<\/p>\n","protected":false},"excerpt":{"rendered":"<p>Num\u00e9ro d&#8217;article: 1430002<\/p>\n","protected":false},"featured_media":3450,"comment_status":"closed","ping_status":"closed","template":"","meta":[],"product_brand":[],"product_cat":[216,13128,283,259,613,1220,630,264,288,7595,217,212],"product_tag":[776,1261,1269,792,1245,798],"class_list":{"0":"post-20476","1":"product","2":"type-product","3":"status-publish","4":"has-post-thumbnail","6":"product_cat-6-12-ans","7":"product_cat-apprendre-a-compter","8":"product_cat-domaines-du-curriculum","9":"product_cat-jegro-fr","10":"product_cat-laddition","11":"product_cat-traditionnelle","12":"product_cat-nombres","13":"product_cat-mathematiques","14":"product_cat-mathematiques-calcul","15":"product_cat-methode-deducation","16":"product_cat-marques","17":"product_cat-tranche-dage","18":"product_tag-heutink-international-suisse","19":"product_tag-jegro-jegro","20":"product_tag-jegro-domino-mathematique-jusqua-100-jegro","21":"product_tag-jegro-materiaux-suisse","22":"product_tag-materiaux-mathematiques","23":"product_tag-mathematiques-jegro","25":"first","26":"instock","27":"taxable","28":"shipping-taxable","29":"purchasable","30":"product-type-simple"},"yoast_head":"<!-- This site is optimized with the Yoast SEO plugin v27.1.1 - https:\/\/yoast.com\/product\/yoast-seo-wordpress\/ -->\n<title>Domino math\u00e9matique addition jusqu&#039;\u00e0 100 - Jegro - Teia Education &amp; Play<\/title>\n<meta name=\"description\" content=\"Le domino math\u00e9matique addition jusqu&#039;\u00e0 100 de Jegro ensemble compose de six types de dominos avec des objectifs diff\u00e9rents d&#039;apprentissage.\" \/>\n<meta name=\"robots\" content=\"index, follow, max-snippet:-1, max-image-preview:large, max-video-preview:-1\" \/>\n<link rel=\"canonical\" href=\"https:\/\/teiaeducation.ch\/fr\/produit\/domino-mathematique-jusqaa-100-jegro\/\" \/>\n<meta property=\"og:locale\" content=\"fr_FR\" \/>\n<meta property=\"og:type\" content=\"article\" \/>\n<meta property=\"og:title\" content=\"Domino math\u00e9matique addition jusqu&#039;\u00e0 100 - Jegro - Teia Education &amp; Play\" \/>\n<meta property=\"og:description\" content=\"Le domino math\u00e9matique addition jusqu&#039;\u00e0 100 de Jegro ensemble compose de six types de dominos avec des objectifs diff\u00e9rents d&#039;apprentissage.\" \/>\n<meta property=\"og:url\" content=\"https:\/\/teiaeducation.ch\/fr\/produit\/domino-mathematique-jusqaa-100-jegro\/\" \/>\n<meta property=\"og:site_name\" content=\"Sustainable Educational Products &amp; Ecological Toys\u00a0\" \/>\n<meta property=\"article:publisher\" content=\"https:\/\/www.facebook.com\/teiaeducation\/\" \/>\n<meta property=\"article:modified_time\" content=\"2021-03-10T14:52:16+00:00\" \/>\n<meta property=\"og:image\" content=\"https:\/\/teiaeducation.ch\/wp-content\/uploads\/2019\/01\/1430002.jpg\" \/>\n\t<meta property=\"og:image:width\" content=\"900\" \/>\n\t<meta property=\"og:image:height\" content=\"900\" \/>\n\t<meta property=\"og:image:type\" content=\"image\/jpeg\" \/>\n<script type=\"application\/ld+json\" class=\"yoast-schema-graph\">{\"@context\":\"https:\/\/schema.org\",\"@graph\":[{\"@type\":\"WebPage\",\"@id\":\"https:\/\/teiaeducation.ch\/fr\/produit\/domino-mathematique-jusqaa-100-jegro\/\",\"url\":\"https:\/\/teiaeducation.ch\/fr\/produit\/domino-mathematique-jusqaa-100-jegro\/\",\"name\":\"Domino math\u00e9matique addition jusqu'\u00e0 100 - Jegro - Teia Education & Play\",\"isPartOf\":{\"@id\":\"https:\/\/teiaeducation.ch\/fr\/#website\"},\"primaryImageOfPage\":{\"@id\":\"https:\/\/teiaeducation.ch\/fr\/produit\/domino-mathematique-jusqaa-100-jegro\/#primaryimage\"},\"image\":{\"@id\":\"https:\/\/teiaeducation.ch\/fr\/produit\/domino-mathematique-jusqaa-100-jegro\/#primaryimage\"},\"thumbnailUrl\":\"https:\/\/teiaeducation.ch\/wp-content\/uploads\/2019\/01\/1430002.jpg\",\"datePublished\":\"2019-01-22T09:40:13+00:00\",\"dateModified\":\"2021-03-10T14:52:16+00:00\",\"description\":\"Le domino math\u00e9matique addition jusqu'\u00e0 100 de Jegro ensemble compose de six types de dominos avec des objectifs diff\u00e9rents d'apprentissage.\",\"breadcrumb\":{\"@id\":\"https:\/\/teiaeducation.ch\/fr\/produit\/domino-mathematique-jusqaa-100-jegro\/#breadcrumb\"},\"inLanguage\":\"fr-FR\",\"potentialAction\":[{\"@type\":\"ReadAction\",\"target\":[\"https:\/\/teiaeducation.ch\/fr\/produit\/domino-mathematique-jusqaa-100-jegro\/\"]}]},{\"@type\":\"ImageObject\",\"inLanguage\":\"fr-FR\",\"@id\":\"https:\/\/teiaeducation.ch\/fr\/produit\/domino-mathematique-jusqaa-100-jegro\/#primaryimage\",\"url\":\"https:\/\/teiaeducation.ch\/wp-content\/uploads\/2019\/01\/1430002.jpg\",\"contentUrl\":\"https:\/\/teiaeducation.ch\/wp-content\/uploads\/2019\/01\/1430002.jpg\",\"width\":900,\"height\":900,\"caption\":\"Domino math\u00e9matique jusqu'\u00e0 100 - Jegro\"},{\"@type\":\"BreadcrumbList\",\"@id\":\"https:\/\/teiaeducation.ch\/fr\/produit\/domino-mathematique-jusqaa-100-jegro\/#breadcrumb\",\"itemListElement\":[{\"@type\":\"ListItem\",\"position\":1,\"name\":\"Home\",\"item\":\"https:\/\/teiaeducation.ch\/fr\/\"},{\"@type\":\"ListItem\",\"position\":2,\"name\":\"Boutique Teia Education &amp; Play\",\"item\":\"https:\/\/teiaeducation.ch\/fr\/boutique\/\"},{\"@type\":\"ListItem\",\"position\":3,\"name\":\"Domaines du Curriculum\",\"item\":\"https:\/\/teiaeducation.ch\/fr\/categorie-produit\/domaines-du-curriculum\/\"},{\"@type\":\"ListItem\",\"position\":4,\"name\":\"Math\u00e9matiques &amp; Calcul\",\"item\":\"https:\/\/teiaeducation.ch\/fr\/categorie-produit\/domaines-du-curriculum\/mathematiques-calcul\/\"},{\"@type\":\"ListItem\",\"position\":5,\"name\":\"Apprendre \u00e0 Compter\",\"item\":\"https:\/\/teiaeducation.ch\/fr\/categorie-produit\/domaines-du-curriculum\/mathematiques-calcul\/apprendre-a-compter\/\"},{\"@type\":\"ListItem\",\"position\":6,\"name\":\"Domino math\u00e9matique addition jusqu&#8217;\u00e0 100 &#8211; Jegro\"}]},{\"@type\":\"WebSite\",\"@id\":\"https:\/\/teiaeducation.ch\/fr\/#website\",\"url\":\"https:\/\/teiaeducation.ch\/fr\/\",\"name\":\"Sustainable Educational Products &amp; Ecological Toys\u00a0\",\"description\":\"Specialised Swiss shop selling sustainable educational toys and games, AMI certified Montessori materials, handmade ecological wooden Waldorf toys and arts &amp; crafts supplies, school supplies, children&#039;s furniture and Montessori reference and parenting books.\",\"publisher\":{\"@id\":\"https:\/\/teiaeducation.ch\/fr\/#organization\"},\"alternateName\":\"Teia Education & Play\",\"potentialAction\":[{\"@type\":\"SearchAction\",\"target\":{\"@type\":\"EntryPoint\",\"urlTemplate\":\"https:\/\/teiaeducation.ch\/fr\/?s={search_term_string}\"},\"query-input\":{\"@type\":\"PropertyValueSpecification\",\"valueRequired\":true,\"valueName\":\"search_term_string\"}}],\"inLanguage\":\"fr-FR\"},{\"@type\":\"Organization\",\"@id\":\"https:\/\/teiaeducation.ch\/fr\/#organization\",\"name\":\"Teia Education & Play\",\"url\":\"https:\/\/teiaeducation.ch\/fr\/\",\"logo\":{\"@type\":\"ImageObject\",\"inLanguage\":\"fr-FR\",\"@id\":\"https:\/\/teiaeducation.ch\/fr\/#\/schema\/logo\/image\/\",\"url\":\"https:\/\/teiaeducation.ch\/wp-content\/uploads\/2020\/11\/Teia-Education-Switzerland-e1620156442216.jpg\",\"contentUrl\":\"https:\/\/teiaeducation.ch\/wp-content\/uploads\/2020\/11\/Teia-Education-Switzerland-e1620156442216.jpg\",\"width\":166,\"height\":145,\"caption\":\"Teia Education & Play\"},\"image\":{\"@id\":\"https:\/\/teiaeducation.ch\/fr\/#\/schema\/logo\/image\/\"},\"sameAs\":[\"https:\/\/www.facebook.com\/teiaeducation\/\",\"https:\/\/x.com\/EducationTeia\",\"https:\/\/www.instagram.com\/teia.education\/\",\"https:\/\/www.linkedin.com\/company\/35501660\",\"https:\/\/www.pinterest.ch\/TeiaEducation\/\"]}]}<\/script>\n<!-- \/ Yoast SEO plugin. -->","yoast_head_json":{"title":"Domino math\u00e9matique addition jusqu'\u00e0 100 - Jegro - Teia Education & Play","description":"Le domino math\u00e9matique addition jusqu'\u00e0 100 de Jegro ensemble compose de six types de dominos avec des objectifs diff\u00e9rents d'apprentissage.","robots":{"index":"index","follow":"follow","max-snippet":"max-snippet:-1","max-image-preview":"max-image-preview:large","max-video-preview":"max-video-preview:-1"},"canonical":"https:\/\/teiaeducation.ch\/fr\/produit\/domino-mathematique-jusqaa-100-jegro\/","og_locale":"fr_FR","og_type":"article","og_title":"Domino math\u00e9matique addition jusqu'\u00e0 100 - Jegro - Teia Education & Play","og_description":"Le domino math\u00e9matique addition jusqu'\u00e0 100 de Jegro ensemble compose de six types de dominos avec des objectifs diff\u00e9rents d'apprentissage.","og_url":"https:\/\/teiaeducation.ch\/fr\/produit\/domino-mathematique-jusqaa-100-jegro\/","og_site_name":"Sustainable Educational Products &amp; Ecological Toys\u00a0","article_publisher":"https:\/\/www.facebook.com\/teiaeducation\/","article_modified_time":"2021-03-10T14:52:16+00:00","og_image":[{"width":900,"height":900,"url":"https:\/\/teiaeducation.ch\/wp-content\/uploads\/2019\/01\/1430002.jpg","type":"image\/jpeg"}],"schema":{"@context":"https:\/\/schema.org","@graph":[{"@type":"WebPage","@id":"https:\/\/teiaeducation.ch\/fr\/produit\/domino-mathematique-jusqaa-100-jegro\/","url":"https:\/\/teiaeducation.ch\/fr\/produit\/domino-mathematique-jusqaa-100-jegro\/","name":"Domino math\u00e9matique addition jusqu'\u00e0 100 - Jegro - Teia Education & Play","isPartOf":{"@id":"https:\/\/teiaeducation.ch\/fr\/#website"},"primaryImageOfPage":{"@id":"https:\/\/teiaeducation.ch\/fr\/produit\/domino-mathematique-jusqaa-100-jegro\/#primaryimage"},"image":{"@id":"https:\/\/teiaeducation.ch\/fr\/produit\/domino-mathematique-jusqaa-100-jegro\/#primaryimage"},"thumbnailUrl":"https:\/\/teiaeducation.ch\/wp-content\/uploads\/2019\/01\/1430002.jpg","datePublished":"2019-01-22T09:40:13+00:00","dateModified":"2021-03-10T14:52:16+00:00","description":"Le domino math\u00e9matique addition jusqu'\u00e0 100 de Jegro ensemble compose de six types de dominos avec des objectifs diff\u00e9rents d'apprentissage.","breadcrumb":{"@id":"https:\/\/teiaeducation.ch\/fr\/produit\/domino-mathematique-jusqaa-100-jegro\/#breadcrumb"},"inLanguage":"fr-FR","potentialAction":[{"@type":"ReadAction","target":["https:\/\/teiaeducation.ch\/fr\/produit\/domino-mathematique-jusqaa-100-jegro\/"]}]},{"@type":"ImageObject","inLanguage":"fr-FR","@id":"https:\/\/teiaeducation.ch\/fr\/produit\/domino-mathematique-jusqaa-100-jegro\/#primaryimage","url":"https:\/\/teiaeducation.ch\/wp-content\/uploads\/2019\/01\/1430002.jpg","contentUrl":"https:\/\/teiaeducation.ch\/wp-content\/uploads\/2019\/01\/1430002.jpg","width":900,"height":900,"caption":"Domino math\u00e9matique jusqu'\u00e0 100 - Jegro"},{"@type":"BreadcrumbList","@id":"https:\/\/teiaeducation.ch\/fr\/produit\/domino-mathematique-jusqaa-100-jegro\/#breadcrumb","itemListElement":[{"@type":"ListItem","position":1,"name":"Home","item":"https:\/\/teiaeducation.ch\/fr\/"},{"@type":"ListItem","position":2,"name":"Boutique Teia Education &amp; Play","item":"https:\/\/teiaeducation.ch\/fr\/boutique\/"},{"@type":"ListItem","position":3,"name":"Domaines du Curriculum","item":"https:\/\/teiaeducation.ch\/fr\/categorie-produit\/domaines-du-curriculum\/"},{"@type":"ListItem","position":4,"name":"Math\u00e9matiques &amp; Calcul","item":"https:\/\/teiaeducation.ch\/fr\/categorie-produit\/domaines-du-curriculum\/mathematiques-calcul\/"},{"@type":"ListItem","position":5,"name":"Apprendre \u00e0 Compter","item":"https:\/\/teiaeducation.ch\/fr\/categorie-produit\/domaines-du-curriculum\/mathematiques-calcul\/apprendre-a-compter\/"},{"@type":"ListItem","position":6,"name":"Domino math\u00e9matique addition jusqu&#8217;\u00e0 100 &#8211; Jegro"}]},{"@type":"WebSite","@id":"https:\/\/teiaeducation.ch\/fr\/#website","url":"https:\/\/teiaeducation.ch\/fr\/","name":"Sustainable Educational Products &amp; Ecological Toys\u00a0","description":"Specialised Swiss shop selling sustainable educational toys and games, AMI certified Montessori materials, handmade ecological wooden Waldorf toys and arts &amp; crafts supplies, school supplies, children&#039;s furniture and Montessori reference and parenting books.","publisher":{"@id":"https:\/\/teiaeducation.ch\/fr\/#organization"},"alternateName":"Teia Education & Play","potentialAction":[{"@type":"SearchAction","target":{"@type":"EntryPoint","urlTemplate":"https:\/\/teiaeducation.ch\/fr\/?s={search_term_string}"},"query-input":{"@type":"PropertyValueSpecification","valueRequired":true,"valueName":"search_term_string"}}],"inLanguage":"fr-FR"},{"@type":"Organization","@id":"https:\/\/teiaeducation.ch\/fr\/#organization","name":"Teia Education & Play","url":"https:\/\/teiaeducation.ch\/fr\/","logo":{"@type":"ImageObject","inLanguage":"fr-FR","@id":"https:\/\/teiaeducation.ch\/fr\/#\/schema\/logo\/image\/","url":"https:\/\/teiaeducation.ch\/wp-content\/uploads\/2020\/11\/Teia-Education-Switzerland-e1620156442216.jpg","contentUrl":"https:\/\/teiaeducation.ch\/wp-content\/uploads\/2020\/11\/Teia-Education-Switzerland-e1620156442216.jpg","width":166,"height":145,"caption":"Teia Education & Play"},"image":{"@id":"https:\/\/teiaeducation.ch\/fr\/#\/schema\/logo\/image\/"},"sameAs":["https:\/\/www.facebook.com\/teiaeducation\/","https:\/\/x.com\/EducationTeia","https:\/\/www.instagram.com\/teia.education\/","https:\/\/www.linkedin.com\/company\/35501660","https:\/\/www.pinterest.ch\/TeiaEducation\/"]}]}},"_links":{"self":[{"href":"https:\/\/teiaeducation.ch\/fr\/wp-json\/wp\/v2\/product\/20476","targetHints":{"allow":["GET"]}}],"collection":[{"href":"https:\/\/teiaeducation.ch\/fr\/wp-json\/wp\/v2\/product"}],"about":[{"href":"https:\/\/teiaeducation.ch\/fr\/wp-json\/wp\/v2\/types\/product"}],"replies":[{"embeddable":true,"href":"https:\/\/teiaeducation.ch\/fr\/wp-json\/wp\/v2\/comments?post=20476"}],"wp:featuredmedia":[{"embeddable":true,"href":"https:\/\/teiaeducation.ch\/fr\/wp-json\/wp\/v2\/media\/3450"}],"wp:attachment":[{"href":"https:\/\/teiaeducation.ch\/fr\/wp-json\/wp\/v2\/media?parent=20476"}],"wp:term":[{"taxonomy":"product_brand","embeddable":true,"href":"https:\/\/teiaeducation.ch\/fr\/wp-json\/wp\/v2\/product_brand?post=20476"},{"taxonomy":"product_cat","embeddable":true,"href":"https:\/\/teiaeducation.ch\/fr\/wp-json\/wp\/v2\/product_cat?post=20476"},{"taxonomy":"product_tag","embeddable":true,"href":"https:\/\/teiaeducation.ch\/fr\/wp-json\/wp\/v2\/product_tag?post=20476"}],"curies":[{"name":"wp","href":"https:\/\/api.w.org\/{rel}","templated":true}]}}