{"id":20482,"date":"2019-01-21T23:14:46","date_gmt":"2019-01-21T22:14:46","guid":{"rendered":"https:\/\/teiaeducation.ch\/product\/base-10-set-de-base-10-assorti-jegro\/"},"modified":"2020-06-15T13:18:14","modified_gmt":"2020-06-15T11:18:14","slug":"base-10-reglettes-de-calcul-set-de-base-10-jegro","status":"publish","type":"product","link":"https:\/\/teiaeducation.ch\/fr\/produit\/base-10-reglettes-de-calcul-set-de-base-10-jegro\/","title":{"rendered":"Base 10: r\u00e9glettes de calcul set de base 10 &#8211; Jegro"},"content":{"rendered":"<p>Base 10: r\u00e9glettes de calcul set de base 10 &#8211; Jegro<\/p>\n<p>L\u2019ensemble de base 10: r\u00e9glettes de calcul set de base 10 assorti de Jegro <span class=\"tlid-translation translation\" lang=\"fr\"><span class=\"\" title=\"\">est compos\u00e9 de diff\u00e9rents types de blocs arithm\u00e9tiques multi bases en bois vierges<\/span><\/span>. Travailler avec ce mat\u00e9riel math\u00e9matique permet \u00e0 l\u2019enfant de mat\u00e9rialiser la structure num\u00e9rique d\u00e9cimale en utilisant les unit\u00e9s, les longs et les plats.<\/p>\n<p>Par exemple, le nombre cent trente deux: ce nombre comprend une plat de cent, trois longs de dix et deux unit\u00e9s de un. Ce fait est corrobor\u00e9 et visualis\u00e9 en pla\u00e7ant un plat, trois longs et deux unit\u00e9s.<\/p>\n<p>En utilisant ce mat\u00e9riel, le principe de conversion des centaines et des dizaines est clarifi\u00e9: un plat est \u00e9gal \u00e0 dix longs et un long est \u00e9gal \u00e0 dix unit\u00e9s.<\/p>\n<p>Ce mat\u00e9riel convient aux enfants \u00e2g\u00e9s de 6 \u00e0 12 ans.<\/p>\n<p>Contenu:<\/p>\n<p>1 bo\u00eete de rangement en bois (32 x 21,5 x 3,5 cm) avec couvercle transparent<br \/>\n100 unit\u00e9s de bois vierge de 1 cm3<br \/>\n20 longs de bois vierge de 10 cm3<br \/>\n2 plats de bois vierge de 100 cm3<\/p>\n","protected":false},"excerpt":{"rendered":"<p>Num\u00e9ro d&#8217;article: 3015210<\/p>\n","protected":false},"featured_media":3437,"comment_status":"closed","ping_status":"closed","template":"","meta":[],"product_brand":[],"product_cat":[8580,216,13128,283,8526,259,1220,618,630,264,288,7595,217,5851,625,212],"product_tag":[1275,826,781,824,776,1261,792,1245,798,23603],"class_list":{"0":"post-20482","1":"product","2":"type-product","3":"status-publish","4":"has-post-thumbnail","6":"product_cat-6-12-ans-ecole-a-domicile","7":"product_cat-6-12-ans","8":"product_cat-apprendre-a-compter","9":"product_cat-domaines-du-curriculum","10":"product_cat-fournitures-scolaires-a-domicile","11":"product_cat-jegro-fr","12":"product_cat-traditionnelle","13":"product_cat-systeme-decimal","14":"product_cat-nombres","15":"product_cat-mathematiques","16":"product_cat-mathematiques-calcul","17":"product_cat-methode-deducation","18":"product_cat-marques","19":"product_cat-nouveautes","20":"product_cat-taille","21":"product_cat-tranche-dage","22":"product_tag-base-10-set-de-base-10-assorti-jegro","23":"product_tag-blocs-arithmetiques-multibases","24":"product_tag-bois-educatif","25":"product_tag-fabrique-en-hollande","26":"product_tag-heutink-international-suisse","27":"product_tag-jegro-jegro","28":"product_tag-jegro-materiaux-suisse","29":"product_tag-materiaux-mathematiques","30":"product_tag-mathematiques-jegro","31":"product_tag-wooden-toys-fr","33":"first","34":"outofstock","35":"taxable","36":"shipping-taxable","37":"purchasable","38":"product-type-simple"},"yoast_head":"<!-- This site is optimized with the Yoast SEO plugin v27.1.1 - https:\/\/yoast.com\/product\/yoast-seo-wordpress\/ -->\n<title>Base 10: r\u00e9glettes de calcul set de base 10 - Jegro<\/title>\n<meta name=\"description\" content=\"Base 10: r\u00e9glettes de calcul set de base 10 assorti de Jegro est compos\u00e9 de diff\u00e9rents types de blocs arithm\u00e9tiques multi bases en bois vierges.\" \/>\n<meta name=\"robots\" content=\"index, follow, max-snippet:-1, max-image-preview:large, max-video-preview:-1\" \/>\n<link rel=\"canonical\" href=\"https:\/\/teiaeducation.ch\/fr\/produit\/base-10-reglettes-de-calcul-set-de-base-10-jegro\/\" \/>\n<meta property=\"og:locale\" content=\"fr_FR\" \/>\n<meta property=\"og:type\" content=\"article\" \/>\n<meta property=\"og:title\" content=\"Base 10: r\u00e9glettes de calcul set de base 10 - Jegro\" \/>\n<meta property=\"og:description\" content=\"Base 10: r\u00e9glettes de calcul set de base 10 assorti de Jegro est compos\u00e9 de diff\u00e9rents types de blocs arithm\u00e9tiques multi bases en bois vierges.\" \/>\n<meta property=\"og:url\" content=\"https:\/\/teiaeducation.ch\/fr\/produit\/base-10-reglettes-de-calcul-set-de-base-10-jegro\/\" \/>\n<meta property=\"og:site_name\" content=\"Sustainable Educational Products &amp; Ecological Toys\u00a0\" \/>\n<meta property=\"article:publisher\" content=\"https:\/\/www.facebook.com\/teiaeducation\/\" \/>\n<meta property=\"article:modified_time\" content=\"2020-06-15T11:18:14+00:00\" \/>\n<meta property=\"og:image\" content=\"https:\/\/teiaeducation.ch\/wp-content\/uploads\/2019\/01\/3015210.jpg\" \/>\n\t<meta property=\"og:image:width\" content=\"831\" \/>\n\t<meta property=\"og:image:height\" content=\"453\" \/>\n\t<meta property=\"og:image:type\" content=\"image\/jpeg\" \/>\n<script type=\"application\/ld+json\" class=\"yoast-schema-graph\">{\"@context\":\"https:\/\/schema.org\",\"@graph\":[{\"@type\":\"WebPage\",\"@id\":\"https:\/\/teiaeducation.ch\/fr\/produit\/base-10-reglettes-de-calcul-set-de-base-10-jegro\/\",\"url\":\"https:\/\/teiaeducation.ch\/fr\/produit\/base-10-reglettes-de-calcul-set-de-base-10-jegro\/\",\"name\":\"Base 10: r\u00e9glettes de calcul set de base 10 - Jegro\",\"isPartOf\":{\"@id\":\"https:\/\/teiaeducation.ch\/fr\/#website\"},\"primaryImageOfPage\":{\"@id\":\"https:\/\/teiaeducation.ch\/fr\/produit\/base-10-reglettes-de-calcul-set-de-base-10-jegro\/#primaryimage\"},\"image\":{\"@id\":\"https:\/\/teiaeducation.ch\/fr\/produit\/base-10-reglettes-de-calcul-set-de-base-10-jegro\/#primaryimage\"},\"thumbnailUrl\":\"https:\/\/teiaeducation.ch\/wp-content\/uploads\/2019\/01\/3015210.jpg\",\"datePublished\":\"2019-01-21T22:14:46+00:00\",\"dateModified\":\"2020-06-15T11:18:14+00:00\",\"description\":\"Base 10: r\u00e9glettes de calcul set de base 10 assorti de Jegro est compos\u00e9 de diff\u00e9rents types de blocs arithm\u00e9tiques multi bases en bois vierges.\",\"breadcrumb\":{\"@id\":\"https:\/\/teiaeducation.ch\/fr\/produit\/base-10-reglettes-de-calcul-set-de-base-10-jegro\/#breadcrumb\"},\"inLanguage\":\"fr-FR\",\"potentialAction\":[{\"@type\":\"ReadAction\",\"target\":[\"https:\/\/teiaeducation.ch\/fr\/produit\/base-10-reglettes-de-calcul-set-de-base-10-jegro\/\"]}]},{\"@type\":\"ImageObject\",\"inLanguage\":\"fr-FR\",\"@id\":\"https:\/\/teiaeducation.ch\/fr\/produit\/base-10-reglettes-de-calcul-set-de-base-10-jegro\/#primaryimage\",\"url\":\"https:\/\/teiaeducation.ch\/wp-content\/uploads\/2019\/01\/3015210.jpg\",\"contentUrl\":\"https:\/\/teiaeducation.ch\/wp-content\/uploads\/2019\/01\/3015210.jpg\",\"width\":831,\"height\":453,\"caption\":\"Base 10: set de base 10 assorti - Jegro\"},{\"@type\":\"BreadcrumbList\",\"@id\":\"https:\/\/teiaeducation.ch\/fr\/produit\/base-10-reglettes-de-calcul-set-de-base-10-jegro\/#breadcrumb\",\"itemListElement\":[{\"@type\":\"ListItem\",\"position\":1,\"name\":\"Home\",\"item\":\"https:\/\/teiaeducation.ch\/fr\/\"},{\"@type\":\"ListItem\",\"position\":2,\"name\":\"Boutique Teia Education &amp; Play\",\"item\":\"https:\/\/teiaeducation.ch\/fr\/boutique\/\"},{\"@type\":\"ListItem\",\"position\":3,\"name\":\"Tranche d'\u00c2ge\",\"item\":\"https:\/\/teiaeducation.ch\/fr\/categorie-produit\/tranche-dage\/\"},{\"@type\":\"ListItem\",\"position\":4,\"name\":\"Base 10: r\u00e9glettes de calcul set de base 10 &#8211; Jegro\"}]},{\"@type\":\"WebSite\",\"@id\":\"https:\/\/teiaeducation.ch\/fr\/#website\",\"url\":\"https:\/\/teiaeducation.ch\/fr\/\",\"name\":\"Sustainable Educational Products &amp; Ecological Toys\u00a0\",\"description\":\"Specialised Swiss shop selling sustainable educational toys and games, AMI certified Montessori materials, handmade ecological wooden Waldorf toys and arts &amp; crafts supplies, school supplies, children&#039;s furniture and Montessori reference and parenting books.\",\"publisher\":{\"@id\":\"https:\/\/teiaeducation.ch\/fr\/#organization\"},\"alternateName\":\"Teia Education & Play\",\"potentialAction\":[{\"@type\":\"SearchAction\",\"target\":{\"@type\":\"EntryPoint\",\"urlTemplate\":\"https:\/\/teiaeducation.ch\/fr\/?s={search_term_string}\"},\"query-input\":{\"@type\":\"PropertyValueSpecification\",\"valueRequired\":true,\"valueName\":\"search_term_string\"}}],\"inLanguage\":\"fr-FR\"},{\"@type\":\"Organization\",\"@id\":\"https:\/\/teiaeducation.ch\/fr\/#organization\",\"name\":\"Teia Education & Play\",\"url\":\"https:\/\/teiaeducation.ch\/fr\/\",\"logo\":{\"@type\":\"ImageObject\",\"inLanguage\":\"fr-FR\",\"@id\":\"https:\/\/teiaeducation.ch\/fr\/#\/schema\/logo\/image\/\",\"url\":\"https:\/\/teiaeducation.ch\/wp-content\/uploads\/2020\/11\/Teia-Education-Switzerland-e1620156442216.jpg\",\"contentUrl\":\"https:\/\/teiaeducation.ch\/wp-content\/uploads\/2020\/11\/Teia-Education-Switzerland-e1620156442216.jpg\",\"width\":166,\"height\":145,\"caption\":\"Teia Education & Play\"},\"image\":{\"@id\":\"https:\/\/teiaeducation.ch\/fr\/#\/schema\/logo\/image\/\"},\"sameAs\":[\"https:\/\/www.facebook.com\/teiaeducation\/\",\"https:\/\/x.com\/EducationTeia\",\"https:\/\/www.instagram.com\/teia.education\/\",\"https:\/\/www.linkedin.com\/company\/35501660\",\"https:\/\/www.pinterest.ch\/TeiaEducation\/\"]}]}<\/script>\n<!-- \/ Yoast SEO plugin. -->","yoast_head_json":{"title":"Base 10: r\u00e9glettes de calcul set de base 10 - Jegro","description":"Base 10: r\u00e9glettes de calcul set de base 10 assorti de Jegro est compos\u00e9 de diff\u00e9rents types de blocs arithm\u00e9tiques multi bases en bois vierges.","robots":{"index":"index","follow":"follow","max-snippet":"max-snippet:-1","max-image-preview":"max-image-preview:large","max-video-preview":"max-video-preview:-1"},"canonical":"https:\/\/teiaeducation.ch\/fr\/produit\/base-10-reglettes-de-calcul-set-de-base-10-jegro\/","og_locale":"fr_FR","og_type":"article","og_title":"Base 10: r\u00e9glettes de calcul set de base 10 - Jegro","og_description":"Base 10: r\u00e9glettes de calcul set de base 10 assorti de Jegro est compos\u00e9 de diff\u00e9rents types de blocs arithm\u00e9tiques multi bases en bois vierges.","og_url":"https:\/\/teiaeducation.ch\/fr\/produit\/base-10-reglettes-de-calcul-set-de-base-10-jegro\/","og_site_name":"Sustainable Educational Products &amp; Ecological Toys\u00a0","article_publisher":"https:\/\/www.facebook.com\/teiaeducation\/","article_modified_time":"2020-06-15T11:18:14+00:00","og_image":[{"width":831,"height":453,"url":"https:\/\/teiaeducation.ch\/wp-content\/uploads\/2019\/01\/3015210.jpg","type":"image\/jpeg"}],"schema":{"@context":"https:\/\/schema.org","@graph":[{"@type":"WebPage","@id":"https:\/\/teiaeducation.ch\/fr\/produit\/base-10-reglettes-de-calcul-set-de-base-10-jegro\/","url":"https:\/\/teiaeducation.ch\/fr\/produit\/base-10-reglettes-de-calcul-set-de-base-10-jegro\/","name":"Base 10: r\u00e9glettes de calcul set de base 10 - Jegro","isPartOf":{"@id":"https:\/\/teiaeducation.ch\/fr\/#website"},"primaryImageOfPage":{"@id":"https:\/\/teiaeducation.ch\/fr\/produit\/base-10-reglettes-de-calcul-set-de-base-10-jegro\/#primaryimage"},"image":{"@id":"https:\/\/teiaeducation.ch\/fr\/produit\/base-10-reglettes-de-calcul-set-de-base-10-jegro\/#primaryimage"},"thumbnailUrl":"https:\/\/teiaeducation.ch\/wp-content\/uploads\/2019\/01\/3015210.jpg","datePublished":"2019-01-21T22:14:46+00:00","dateModified":"2020-06-15T11:18:14+00:00","description":"Base 10: r\u00e9glettes de calcul set de base 10 assorti de Jegro est compos\u00e9 de diff\u00e9rents types de blocs arithm\u00e9tiques multi bases en bois vierges.","breadcrumb":{"@id":"https:\/\/teiaeducation.ch\/fr\/produit\/base-10-reglettes-de-calcul-set-de-base-10-jegro\/#breadcrumb"},"inLanguage":"fr-FR","potentialAction":[{"@type":"ReadAction","target":["https:\/\/teiaeducation.ch\/fr\/produit\/base-10-reglettes-de-calcul-set-de-base-10-jegro\/"]}]},{"@type":"ImageObject","inLanguage":"fr-FR","@id":"https:\/\/teiaeducation.ch\/fr\/produit\/base-10-reglettes-de-calcul-set-de-base-10-jegro\/#primaryimage","url":"https:\/\/teiaeducation.ch\/wp-content\/uploads\/2019\/01\/3015210.jpg","contentUrl":"https:\/\/teiaeducation.ch\/wp-content\/uploads\/2019\/01\/3015210.jpg","width":831,"height":453,"caption":"Base 10: set de base 10 assorti - Jegro"},{"@type":"BreadcrumbList","@id":"https:\/\/teiaeducation.ch\/fr\/produit\/base-10-reglettes-de-calcul-set-de-base-10-jegro\/#breadcrumb","itemListElement":[{"@type":"ListItem","position":1,"name":"Home","item":"https:\/\/teiaeducation.ch\/fr\/"},{"@type":"ListItem","position":2,"name":"Boutique Teia Education &amp; Play","item":"https:\/\/teiaeducation.ch\/fr\/boutique\/"},{"@type":"ListItem","position":3,"name":"Tranche d'\u00c2ge","item":"https:\/\/teiaeducation.ch\/fr\/categorie-produit\/tranche-dage\/"},{"@type":"ListItem","position":4,"name":"Base 10: r\u00e9glettes de calcul set de base 10 &#8211; Jegro"}]},{"@type":"WebSite","@id":"https:\/\/teiaeducation.ch\/fr\/#website","url":"https:\/\/teiaeducation.ch\/fr\/","name":"Sustainable Educational Products &amp; Ecological Toys\u00a0","description":"Specialised Swiss shop selling sustainable educational toys and games, AMI certified Montessori materials, handmade ecological wooden Waldorf toys and arts &amp; crafts supplies, school supplies, children&#039;s furniture and Montessori reference and parenting books.","publisher":{"@id":"https:\/\/teiaeducation.ch\/fr\/#organization"},"alternateName":"Teia Education & Play","potentialAction":[{"@type":"SearchAction","target":{"@type":"EntryPoint","urlTemplate":"https:\/\/teiaeducation.ch\/fr\/?s={search_term_string}"},"query-input":{"@type":"PropertyValueSpecification","valueRequired":true,"valueName":"search_term_string"}}],"inLanguage":"fr-FR"},{"@type":"Organization","@id":"https:\/\/teiaeducation.ch\/fr\/#organization","name":"Teia Education & Play","url":"https:\/\/teiaeducation.ch\/fr\/","logo":{"@type":"ImageObject","inLanguage":"fr-FR","@id":"https:\/\/teiaeducation.ch\/fr\/#\/schema\/logo\/image\/","url":"https:\/\/teiaeducation.ch\/wp-content\/uploads\/2020\/11\/Teia-Education-Switzerland-e1620156442216.jpg","contentUrl":"https:\/\/teiaeducation.ch\/wp-content\/uploads\/2020\/11\/Teia-Education-Switzerland-e1620156442216.jpg","width":166,"height":145,"caption":"Teia Education & Play"},"image":{"@id":"https:\/\/teiaeducation.ch\/fr\/#\/schema\/logo\/image\/"},"sameAs":["https:\/\/www.facebook.com\/teiaeducation\/","https:\/\/x.com\/EducationTeia","https:\/\/www.instagram.com\/teia.education\/","https:\/\/www.linkedin.com\/company\/35501660","https:\/\/www.pinterest.ch\/TeiaEducation\/"]}]}},"_links":{"self":[{"href":"https:\/\/teiaeducation.ch\/fr\/wp-json\/wp\/v2\/product\/20482","targetHints":{"allow":["GET"]}}],"collection":[{"href":"https:\/\/teiaeducation.ch\/fr\/wp-json\/wp\/v2\/product"}],"about":[{"href":"https:\/\/teiaeducation.ch\/fr\/wp-json\/wp\/v2\/types\/product"}],"replies":[{"embeddable":true,"href":"https:\/\/teiaeducation.ch\/fr\/wp-json\/wp\/v2\/comments?post=20482"}],"wp:featuredmedia":[{"embeddable":true,"href":"https:\/\/teiaeducation.ch\/fr\/wp-json\/wp\/v2\/media\/3437"}],"wp:attachment":[{"href":"https:\/\/teiaeducation.ch\/fr\/wp-json\/wp\/v2\/media?parent=20482"}],"wp:term":[{"taxonomy":"product_brand","embeddable":true,"href":"https:\/\/teiaeducation.ch\/fr\/wp-json\/wp\/v2\/product_brand?post=20482"},{"taxonomy":"product_cat","embeddable":true,"href":"https:\/\/teiaeducation.ch\/fr\/wp-json\/wp\/v2\/product_cat?post=20482"},{"taxonomy":"product_tag","embeddable":true,"href":"https:\/\/teiaeducation.ch\/fr\/wp-json\/wp\/v2\/product_tag?post=20482"}],"curies":[{"name":"wp","href":"https:\/\/api.w.org\/{rel}","templated":true}]}}