{"id":20682,"date":"2019-08-27T13:27:13","date_gmt":"2019-08-27T11:27:13","guid":{"rendered":"https:\/\/teiaeducation.ch\/product\/ligne-du-temps-de-levolution-anglais-nienhuis-montessori\/"},"modified":"2020-10-19T19:02:53","modified_gmt":"2020-10-19T17:02:53","slug":"ligne-du-temps-devolution-anglais-nienhuis-montessori","status":"publish","type":"product","link":"https:\/\/teiaeducation.ch\/fr\/produit\/ligne-du-temps-devolution-anglais-nienhuis-montessori\/","title":{"rendered":"Ligne du temps de l&#8217;\u00e9volution (anglais) &#8211; Nienhuis Montessori"},"content":{"rendered":"<p>Ligne du temps de l&#8217;\u00e9volution (anglais) \/ Materiel Montessori &#8211; Nienhuis Montessori<\/p>\n<p>La ligne du temps de l&#8217;\u00e9volution de Nienhuis Montessori en anglais comprend deux lignes de temps &#8211; 1 avec du texte et des images, et 1 sans (lignes seulement) faites d&#8217;un tissu enduit, chacun mesurant 57 x 240 cm. Il comprend \u00e9galement un ensemble de cartes de mots transparentes et des cartes d&#8217;image pour une utilisation sur la ligne de temps ainsi qu&#8217;une bo\u00eete de rangement en bois.<\/p>\n<p>Cette ligne temporelle de la vie repr\u00e9sente le d\u00e9but de la vie sur <a href=\"https:\/\/teiaeducation.ch\/fr\/categorie-produit\/domaines-du-curriculum\/culture-sciences\/terre-et-univers\/\">terre<\/a> depuis les formes les plus simples jusqu&#8217;\u00e0 l&#8217;apparition des humains. Une grande vari\u00e9t\u00e9 et la magnificence de la vie est pr\u00e9sent\u00e9e, avec chaque organisme un contributeur \u00e0 un vaste sch\u00e9ma cosmique. Il retrace les p\u00e9riodes pal\u00e9ozo\u00efque, m\u00e9sozo\u00efque et ca\u00efnozo\u00efque, commen\u00e7ant par le royaume des Trilobites et se terminant par le humain.<\/p>\n<p>Le guide Montessori indique sur une ligne de temps o\u00f9 les vert\u00e9br\u00e9s ont commenc\u00e9, suivi par les poissons et les plantes, puis les amphibiens, les reptiles, les oiseaux et les mammif\u00e8res.<\/p>\n<p>Dans le cadre du programme d&#8217;\u00e9ducation cosmique, la ligne du temps d&#8217;\u00e9volution est la base du materiel Montessori des le\u00e7ons de chimie, de nutrition, de cat\u00e9gories d&#8217;animaux et de plantes, de soins et d&#8217;exigences de diff\u00e9rents animaux, et de leur relation avec un syst\u00e8me \u00e9cologique et en travaillant avec cet ensemble, l&#8217;enfant est introduit dans le langage scientifique formel de la zoologie, de la botanique et de l&#8217;anthropologie.<\/p>\n<p>Ce mat\u00e9riel convient aux enfants \u00e2g\u00e9s de 6 ans et plus.<\/p>\n<p>Contenu:<\/p>\n<p>2 lignes de temps de tissu enduit<br \/>\n1 jeu de cartes de mots<br \/>\n1 ensemble de cartes d&#8217;image<br \/>\n1 bo\u00eete de rangement en bois<\/p>\n","protected":false},"excerpt":{"rendered":"<p>Num\u00e9ro d&#8217;article: 069601<\/p>\n<p>Cette ligne temporelle du temps de l&#8217;\u00e9volution de la vie repr\u00e9sente\u00a0en anglais de Nienhuis Montessori le d\u00e9but de la vie sur terre depuis les formes les plus simples jusqu&#8217;\u00e0 l&#8217;apparition des humains.<\/p>\n","protected":false},"featured_media":19959,"comment_status":"closed","ping_status":"closed","template":"","meta":[],"product_brand":[],"product_cat":[8580,216,284,283,268,8526,594,299,277,8567,7595,1218,207,217,13154,597,7603,292,212],"product_tag":[1288,1289,1286,768,651,1287,646,1290,647,767,1231],"class_list":{"0":"post-20682","1":"product","2":"type-product","3":"status-publish","4":"has-post-thumbnail","6":"product_cat-6-12-ans-ecole-a-domicile","7":"product_cat-6-12-ans","8":"product_cat-culture-sciences","9":"product_cat-domaines-du-curriculum","10":"product_cat-enrichissements","11":"product_cat-fournitures-scolaires-a-domicile","12":"product_cat-terre-et-univers","13":"product_cat-lignes-du-temps","14":"product_cat-materiel-indispensable","15":"product_cat-materiel-scolaire-montessori","16":"product_cat-methode-deducation","17":"product_cat-montessori-fr","18":"product_cat-nienhuis-montessori-materiel-fr","19":"product_cat-marques","20":"product_cat-pack-classe-6-12-ans","21":"product_cat-prehistoire","22":"product_cat-soldes","23":"product_cat-appui-au-curriculum","24":"product_cat-tranche-dage","25":"product_tag-elementaire-6-12","26":"product_tag-leducation-cosmique-montessori","27":"product_tag-lignes-de-temps-montessori","28":"product_tag-materiel-montessori-suisse","29":"product_tag-materiel-pedagogique-suisse","30":"product_tag-montessori-histoire","31":"product_tag-montessori-materiels-suisse-fr","32":"product_tag-montessori-univers-et-terre","33":"product_tag-nienhuis-montessori-suisse-fr","34":"product_tag-nienhuis-montessori-suisse-fr-2","35":"product_tag-sens-visuel","37":"first","38":"instock","39":"sale","40":"taxable","41":"shipping-taxable","42":"purchasable","43":"product-type-simple"},"yoast_head":"<!-- This site is optimized with the Yoast SEO plugin v27.1.1 - https:\/\/yoast.com\/product\/yoast-seo-wordpress\/ -->\n<title>Ligne du temps de l&#039;\u00e9volution (anglais) - Nienhuis Montessori - Teia Education &amp; Play<\/title>\n<meta name=\"description\" content=\"La ligne du temps de l&#039;\u00e9volution du materiel Nienhuis Montessori repr\u00e9sente le d\u00e9but de la vie sur terre depuis les formes les plus simples.\" \/>\n<meta name=\"robots\" content=\"index, follow, max-snippet:-1, max-image-preview:large, max-video-preview:-1\" \/>\n<link rel=\"canonical\" href=\"https:\/\/teiaeducation.ch\/fr\/produit\/ligne-du-temps-devolution-anglais-nienhuis-montessori\/\" \/>\n<meta property=\"og:locale\" content=\"fr_FR\" \/>\n<meta property=\"og:type\" content=\"article\" \/>\n<meta property=\"og:title\" content=\"Ligne du temps de l&#039;\u00e9volution (anglais) - Nienhuis Montessori - Teia Education &amp; Play\" \/>\n<meta property=\"og:description\" content=\"La ligne du temps de l&#039;\u00e9volution du materiel Nienhuis Montessori repr\u00e9sente le d\u00e9but de la vie sur terre depuis les formes les plus simples.\" \/>\n<meta property=\"og:url\" content=\"https:\/\/teiaeducation.ch\/fr\/produit\/ligne-du-temps-devolution-anglais-nienhuis-montessori\/\" \/>\n<meta property=\"og:site_name\" content=\"Sustainable Educational Products &amp; Ecological Toys\u00a0\" \/>\n<meta property=\"article:publisher\" content=\"https:\/\/www.facebook.com\/teiaeducation\/\" \/>\n<meta property=\"article:modified_time\" content=\"2020-10-19T17:02:53+00:00\" \/>\n<meta property=\"og:image\" content=\"https:\/\/teiaeducation.ch\/wp-content\/uploads\/2019\/08\/Evolution-Time-Line_Nienhuis-Montessori.jpg\" \/>\n\t<meta property=\"og:image:width\" content=\"500\" \/>\n\t<meta property=\"og:image:height\" content=\"500\" \/>\n\t<meta property=\"og:image:type\" content=\"image\/jpeg\" \/>\n<script type=\"application\/ld+json\" class=\"yoast-schema-graph\">{\"@context\":\"https:\/\/schema.org\",\"@graph\":[{\"@type\":\"WebPage\",\"@id\":\"https:\/\/teiaeducation.ch\/fr\/produit\/ligne-du-temps-devolution-anglais-nienhuis-montessori\/\",\"url\":\"https:\/\/teiaeducation.ch\/fr\/produit\/ligne-du-temps-devolution-anglais-nienhuis-montessori\/\",\"name\":\"Ligne du temps de l'\u00e9volution (anglais) - Nienhuis Montessori - Teia Education & Play\",\"isPartOf\":{\"@id\":\"https:\/\/teiaeducation.ch\/fr\/#website\"},\"primaryImageOfPage\":{\"@id\":\"https:\/\/teiaeducation.ch\/fr\/produit\/ligne-du-temps-devolution-anglais-nienhuis-montessori\/#primaryimage\"},\"image\":{\"@id\":\"https:\/\/teiaeducation.ch\/fr\/produit\/ligne-du-temps-devolution-anglais-nienhuis-montessori\/#primaryimage\"},\"thumbnailUrl\":\"https:\/\/teiaeducation.ch\/wp-content\/uploads\/2019\/08\/Evolution-Time-Line_Nienhuis-Montessori.jpg\",\"datePublished\":\"2019-08-27T11:27:13+00:00\",\"dateModified\":\"2020-10-19T17:02:53+00:00\",\"description\":\"La ligne du temps de l'\u00e9volution du materiel Nienhuis Montessori repr\u00e9sente le d\u00e9but de la vie sur terre depuis les formes les plus simples.\",\"breadcrumb\":{\"@id\":\"https:\/\/teiaeducation.ch\/fr\/produit\/ligne-du-temps-devolution-anglais-nienhuis-montessori\/#breadcrumb\"},\"inLanguage\":\"fr-FR\",\"potentialAction\":[{\"@type\":\"ReadAction\",\"target\":[\"https:\/\/teiaeducation.ch\/fr\/produit\/ligne-du-temps-devolution-anglais-nienhuis-montessori\/\"]}]},{\"@type\":\"ImageObject\",\"inLanguage\":\"fr-FR\",\"@id\":\"https:\/\/teiaeducation.ch\/fr\/produit\/ligne-du-temps-devolution-anglais-nienhuis-montessori\/#primaryimage\",\"url\":\"https:\/\/teiaeducation.ch\/wp-content\/uploads\/2019\/08\/Evolution-Time-Line_Nienhuis-Montessori.jpg\",\"contentUrl\":\"https:\/\/teiaeducation.ch\/wp-content\/uploads\/2019\/08\/Evolution-Time-Line_Nienhuis-Montessori.jpg\",\"width\":500,\"height\":500,\"caption\":\"Materiel Montessori Nienhuis Montessori Ligne du temps d'\u00e9volution\"},{\"@type\":\"BreadcrumbList\",\"@id\":\"https:\/\/teiaeducation.ch\/fr\/produit\/ligne-du-temps-devolution-anglais-nienhuis-montessori\/#breadcrumb\",\"itemListElement\":[{\"@type\":\"ListItem\",\"position\":1,\"name\":\"Home\",\"item\":\"https:\/\/teiaeducation.ch\/fr\/\"},{\"@type\":\"ListItem\",\"position\":2,\"name\":\"Boutique Teia Education &amp; Play\",\"item\":\"https:\/\/teiaeducation.ch\/fr\/boutique\/\"},{\"@type\":\"ListItem\",\"position\":3,\"name\":\"Nos Marques\",\"item\":\"https:\/\/teiaeducation.ch\/fr\/categorie-produit\/marques\/\"},{\"@type\":\"ListItem\",\"position\":4,\"name\":\"Nienhuis Montessori Suisse\",\"item\":\"https:\/\/teiaeducation.ch\/fr\/categorie-produit\/marques\/nienhuis-montessori-materiel-fr\/\"},{\"@type\":\"ListItem\",\"position\":5,\"name\":\"Enrichissements\",\"item\":\"https:\/\/teiaeducation.ch\/fr\/categorie-produit\/marques\/nienhuis-montessori-materiel-fr\/enrichissements\/\"},{\"@type\":\"ListItem\",\"position\":6,\"name\":\"Ligne du temps de l&#8217;\u00e9volution (anglais) &#8211; Nienhuis Montessori\"}]},{\"@type\":\"WebSite\",\"@id\":\"https:\/\/teiaeducation.ch\/fr\/#website\",\"url\":\"https:\/\/teiaeducation.ch\/fr\/\",\"name\":\"Sustainable Educational Products &amp; Ecological Toys\u00a0\",\"description\":\"Specialised Swiss shop selling sustainable educational toys and games, AMI certified Montessori materials, handmade ecological wooden Waldorf toys and arts &amp; crafts supplies, school supplies, children&#039;s furniture and Montessori reference and parenting books.\",\"publisher\":{\"@id\":\"https:\/\/teiaeducation.ch\/fr\/#organization\"},\"alternateName\":\"Teia Education & Play\",\"potentialAction\":[{\"@type\":\"SearchAction\",\"target\":{\"@type\":\"EntryPoint\",\"urlTemplate\":\"https:\/\/teiaeducation.ch\/fr\/?s={search_term_string}\"},\"query-input\":{\"@type\":\"PropertyValueSpecification\",\"valueRequired\":true,\"valueName\":\"search_term_string\"}}],\"inLanguage\":\"fr-FR\"},{\"@type\":\"Organization\",\"@id\":\"https:\/\/teiaeducation.ch\/fr\/#organization\",\"name\":\"Teia Education & Play\",\"url\":\"https:\/\/teiaeducation.ch\/fr\/\",\"logo\":{\"@type\":\"ImageObject\",\"inLanguage\":\"fr-FR\",\"@id\":\"https:\/\/teiaeducation.ch\/fr\/#\/schema\/logo\/image\/\",\"url\":\"https:\/\/teiaeducation.ch\/wp-content\/uploads\/2020\/11\/Teia-Education-Switzerland-e1620156442216.jpg\",\"contentUrl\":\"https:\/\/teiaeducation.ch\/wp-content\/uploads\/2020\/11\/Teia-Education-Switzerland-e1620156442216.jpg\",\"width\":166,\"height\":145,\"caption\":\"Teia Education & Play\"},\"image\":{\"@id\":\"https:\/\/teiaeducation.ch\/fr\/#\/schema\/logo\/image\/\"},\"sameAs\":[\"https:\/\/www.facebook.com\/teiaeducation\/\",\"https:\/\/x.com\/EducationTeia\",\"https:\/\/www.instagram.com\/teia.education\/\",\"https:\/\/www.linkedin.com\/company\/35501660\",\"https:\/\/www.pinterest.ch\/TeiaEducation\/\"]}]}<\/script>\n<!-- \/ Yoast SEO plugin. -->","yoast_head_json":{"title":"Ligne du temps de l'\u00e9volution (anglais) - Nienhuis Montessori - Teia Education & Play","description":"La ligne du temps de l'\u00e9volution du materiel Nienhuis Montessori repr\u00e9sente le d\u00e9but de la vie sur terre depuis les formes les plus simples.","robots":{"index":"index","follow":"follow","max-snippet":"max-snippet:-1","max-image-preview":"max-image-preview:large","max-video-preview":"max-video-preview:-1"},"canonical":"https:\/\/teiaeducation.ch\/fr\/produit\/ligne-du-temps-devolution-anglais-nienhuis-montessori\/","og_locale":"fr_FR","og_type":"article","og_title":"Ligne du temps de l'\u00e9volution (anglais) - Nienhuis Montessori - Teia Education & Play","og_description":"La ligne du temps de l'\u00e9volution du materiel Nienhuis Montessori repr\u00e9sente le d\u00e9but de la vie sur terre depuis les formes les plus simples.","og_url":"https:\/\/teiaeducation.ch\/fr\/produit\/ligne-du-temps-devolution-anglais-nienhuis-montessori\/","og_site_name":"Sustainable Educational Products &amp; Ecological Toys\u00a0","article_publisher":"https:\/\/www.facebook.com\/teiaeducation\/","article_modified_time":"2020-10-19T17:02:53+00:00","og_image":[{"width":500,"height":500,"url":"https:\/\/teiaeducation.ch\/wp-content\/uploads\/2019\/08\/Evolution-Time-Line_Nienhuis-Montessori.jpg","type":"image\/jpeg"}],"schema":{"@context":"https:\/\/schema.org","@graph":[{"@type":"WebPage","@id":"https:\/\/teiaeducation.ch\/fr\/produit\/ligne-du-temps-devolution-anglais-nienhuis-montessori\/","url":"https:\/\/teiaeducation.ch\/fr\/produit\/ligne-du-temps-devolution-anglais-nienhuis-montessori\/","name":"Ligne du temps de l'\u00e9volution (anglais) - Nienhuis Montessori - Teia Education & Play","isPartOf":{"@id":"https:\/\/teiaeducation.ch\/fr\/#website"},"primaryImageOfPage":{"@id":"https:\/\/teiaeducation.ch\/fr\/produit\/ligne-du-temps-devolution-anglais-nienhuis-montessori\/#primaryimage"},"image":{"@id":"https:\/\/teiaeducation.ch\/fr\/produit\/ligne-du-temps-devolution-anglais-nienhuis-montessori\/#primaryimage"},"thumbnailUrl":"https:\/\/teiaeducation.ch\/wp-content\/uploads\/2019\/08\/Evolution-Time-Line_Nienhuis-Montessori.jpg","datePublished":"2019-08-27T11:27:13+00:00","dateModified":"2020-10-19T17:02:53+00:00","description":"La ligne du temps de l'\u00e9volution du materiel Nienhuis Montessori repr\u00e9sente le d\u00e9but de la vie sur terre depuis les formes les plus simples.","breadcrumb":{"@id":"https:\/\/teiaeducation.ch\/fr\/produit\/ligne-du-temps-devolution-anglais-nienhuis-montessori\/#breadcrumb"},"inLanguage":"fr-FR","potentialAction":[{"@type":"ReadAction","target":["https:\/\/teiaeducation.ch\/fr\/produit\/ligne-du-temps-devolution-anglais-nienhuis-montessori\/"]}]},{"@type":"ImageObject","inLanguage":"fr-FR","@id":"https:\/\/teiaeducation.ch\/fr\/produit\/ligne-du-temps-devolution-anglais-nienhuis-montessori\/#primaryimage","url":"https:\/\/teiaeducation.ch\/wp-content\/uploads\/2019\/08\/Evolution-Time-Line_Nienhuis-Montessori.jpg","contentUrl":"https:\/\/teiaeducation.ch\/wp-content\/uploads\/2019\/08\/Evolution-Time-Line_Nienhuis-Montessori.jpg","width":500,"height":500,"caption":"Materiel Montessori Nienhuis Montessori Ligne du temps d'\u00e9volution"},{"@type":"BreadcrumbList","@id":"https:\/\/teiaeducation.ch\/fr\/produit\/ligne-du-temps-devolution-anglais-nienhuis-montessori\/#breadcrumb","itemListElement":[{"@type":"ListItem","position":1,"name":"Home","item":"https:\/\/teiaeducation.ch\/fr\/"},{"@type":"ListItem","position":2,"name":"Boutique Teia Education &amp; Play","item":"https:\/\/teiaeducation.ch\/fr\/boutique\/"},{"@type":"ListItem","position":3,"name":"Nos Marques","item":"https:\/\/teiaeducation.ch\/fr\/categorie-produit\/marques\/"},{"@type":"ListItem","position":4,"name":"Nienhuis Montessori Suisse","item":"https:\/\/teiaeducation.ch\/fr\/categorie-produit\/marques\/nienhuis-montessori-materiel-fr\/"},{"@type":"ListItem","position":5,"name":"Enrichissements","item":"https:\/\/teiaeducation.ch\/fr\/categorie-produit\/marques\/nienhuis-montessori-materiel-fr\/enrichissements\/"},{"@type":"ListItem","position":6,"name":"Ligne du temps de l&#8217;\u00e9volution (anglais) &#8211; Nienhuis Montessori"}]},{"@type":"WebSite","@id":"https:\/\/teiaeducation.ch\/fr\/#website","url":"https:\/\/teiaeducation.ch\/fr\/","name":"Sustainable Educational Products &amp; Ecological Toys\u00a0","description":"Specialised Swiss shop selling sustainable educational toys and games, AMI certified Montessori materials, handmade ecological wooden Waldorf toys and arts &amp; crafts supplies, school supplies, children&#039;s furniture and Montessori reference and parenting books.","publisher":{"@id":"https:\/\/teiaeducation.ch\/fr\/#organization"},"alternateName":"Teia Education & Play","potentialAction":[{"@type":"SearchAction","target":{"@type":"EntryPoint","urlTemplate":"https:\/\/teiaeducation.ch\/fr\/?s={search_term_string}"},"query-input":{"@type":"PropertyValueSpecification","valueRequired":true,"valueName":"search_term_string"}}],"inLanguage":"fr-FR"},{"@type":"Organization","@id":"https:\/\/teiaeducation.ch\/fr\/#organization","name":"Teia Education & Play","url":"https:\/\/teiaeducation.ch\/fr\/","logo":{"@type":"ImageObject","inLanguage":"fr-FR","@id":"https:\/\/teiaeducation.ch\/fr\/#\/schema\/logo\/image\/","url":"https:\/\/teiaeducation.ch\/wp-content\/uploads\/2020\/11\/Teia-Education-Switzerland-e1620156442216.jpg","contentUrl":"https:\/\/teiaeducation.ch\/wp-content\/uploads\/2020\/11\/Teia-Education-Switzerland-e1620156442216.jpg","width":166,"height":145,"caption":"Teia Education & Play"},"image":{"@id":"https:\/\/teiaeducation.ch\/fr\/#\/schema\/logo\/image\/"},"sameAs":["https:\/\/www.facebook.com\/teiaeducation\/","https:\/\/x.com\/EducationTeia","https:\/\/www.instagram.com\/teia.education\/","https:\/\/www.linkedin.com\/company\/35501660","https:\/\/www.pinterest.ch\/TeiaEducation\/"]}]}},"_links":{"self":[{"href":"https:\/\/teiaeducation.ch\/fr\/wp-json\/wp\/v2\/product\/20682","targetHints":{"allow":["GET"]}}],"collection":[{"href":"https:\/\/teiaeducation.ch\/fr\/wp-json\/wp\/v2\/product"}],"about":[{"href":"https:\/\/teiaeducation.ch\/fr\/wp-json\/wp\/v2\/types\/product"}],"replies":[{"embeddable":true,"href":"https:\/\/teiaeducation.ch\/fr\/wp-json\/wp\/v2\/comments?post=20682"}],"wp:featuredmedia":[{"embeddable":true,"href":"https:\/\/teiaeducation.ch\/fr\/wp-json\/wp\/v2\/media\/19959"}],"wp:attachment":[{"href":"https:\/\/teiaeducation.ch\/fr\/wp-json\/wp\/v2\/media?parent=20682"}],"wp:term":[{"taxonomy":"product_brand","embeddable":true,"href":"https:\/\/teiaeducation.ch\/fr\/wp-json\/wp\/v2\/product_brand?post=20682"},{"taxonomy":"product_cat","embeddable":true,"href":"https:\/\/teiaeducation.ch\/fr\/wp-json\/wp\/v2\/product_cat?post=20682"},{"taxonomy":"product_tag","embeddable":true,"href":"https:\/\/teiaeducation.ch\/fr\/wp-json\/wp\/v2\/product_tag?post=20682"}],"curies":[{"name":"wp","href":"https:\/\/api.w.org\/{rel}","templated":true}]}}