{"id":20719,"date":"2020-01-24T10:12:03","date_gmt":"2020-01-24T09:12:03","guid":{"rendered":"https:\/\/teiaeducation.ch\/product\/livre-les-conferences-de-londres-de-1946-maria-montessori\/"},"modified":"2022-12-05T09:12:11","modified_gmt":"2022-12-05T08:12:11","slug":"livre-the-1946-london-lectures-maria-montessori","status":"publish","type":"product","link":"https:\/\/teiaeducation.ch\/fr\/produit\/livre-the-1946-london-lectures-maria-montessori\/","title":{"rendered":"Livre The 1946 London lectures &#8211; Maria Montessori"},"content":{"rendered":"<p>Le livre \u00e0 couverture souple &#8220;London lectures 1946&#8221; de la s\u00e9rie Montessori, volume 17, est \u00e9crit par Maria Montessori et publi\u00e9 par Montessori-Pierson Publishing Company. Le <a href=\"https:\/\/teiaeducation.ch\/fr\/categorie-produit\/appui-au-curriculum\/livres-appui-au-curriculum\/livres-montessori\/\">livre<\/a> contient le <span class=\"tlid-translation translation\" lang=\"fr\"><span class=\"\" title=\"\">manuscrit dactylographi\u00e9<\/span><\/span>, transcrites en anglais par l&#8217;un de ses assistants, dans lesquelles Maria Montessori s&#8217;exprime avec la sagesse m\u00fbre d&#8217;une vie pass\u00e9e \u00e0 \u00e9tudier, non seulement la petite enfance, mais le d\u00e9veloppement humain dans son ensemble : la petite enfance, les ann\u00e9es d&#8217;\u00e9cole primaire et l&#8217;adolescence.<\/p>\n<p>Le cours de Londres de 1946 a \u00e9t\u00e9 le premier cours de formation donn\u00e9 en Europe par Maria Montessori lorsqu&#8217;elle et son fils Mario sont revenus de sept ans d&#8217;exil en Inde pendant la Seconde Guerre mondiale. Dans ces conf\u00e9rences de 1946, six ans avant sa mort, le lecteur peut sentir que Montessori a parcouru le monde et a observ\u00e9, profond\u00e9ment et scientifiquement, une quantit\u00e9 immense d&#8217;enfants.<\/p>\n<p>Le tapuscrit de ce cours devait avoir des cons\u00e9quences p\u00e9dagogiques importantes, puisque les conf\u00e9rences de 1946 sont devenues le fondement des cours 3-6 de l&#8217;AMI.<\/p>\n<p>Bas\u00e9e \u00e0 Laren, aux Pays-Bas, la <a href=\"https:\/\/teiaeducation.ch\/fr\/categorie-produit\/marques\/montessori-pierson-publishing-company-fr\/\">Montessori-Pierson Publishing Company<\/a> publie et distribue les livres ainsi que les \u00e9crits in\u00e9dits du Dr Maria Montessori en anglais et en espagnol.<\/p>\n<p>La maison d&#8217;\u00e9dition soutient, propage et fait progresser les principes et pratiques p\u00e9dagogiques formul\u00e9s par Maria Montessori pour le d\u00e9veloppement complet de l&#8217;\u00eatre humain. Elle s&#8217;occupe \u00e9galement de tous les droits (d&#8217;\u00e9dition) et droits d&#8217;auteur de l&#8217;\u0153uvre et des livres de Maria Montessori et des archives de Maria Montessori qui sont g\u00e9r\u00e9es par l&#8217;Association Montessori Internationale \u00e0 Amsterdam, aux Pays-Bas.<\/p>\n<p>Contenu :<\/p>\n<p>1 livre \u00e0 couverture souple &#8211; 242 pages<\/p>\n<p><em><span class=\"tlid-translation translation\" lang=\"fr\"><span title=\"\">Nous n'avons actuellement pas cet article en stock, mais il est disponible en pr\u00e9-commande.<\/span> <span class=\"\" title=\"\">Nous commanderons cet article pour vous aupr\u00e8s de notre fournisseur.<\/span> <span class=\"\" title=\"\">Veuillez allouer de 2 \u00e0 3 semaines maximum pour la livraison.<\/span><\/span><\/em><\/p>\n\t<div id=\"gap-350177453\" class=\"gap-element clearfix\" style=\"display:block; height:auto;\">\n\t\t\n<style>\n#gap-350177453 {\n  padding-top: 20px;\n}\n<\/style>\n\t<\/div>\n\t\n","protected":false},"excerpt":{"rendered":"<p>Num\u00e9ro d&#8217;article: 000017<\/p>\n<p>Le livre the 1946 London lectures contient le manuscrit dactylographi\u00e9 du cours donn\u00e9 par Maria Montessori et est la base des cours 3-6 de l\u2019AMI.<\/p>\n","protected":false},"featured_media":11498,"comment_status":"closed","ping_status":"closed","template":"","meta":[],"product_brand":[],"product_cat":[311,20666,7595,1218,1212,217,292],"product_tag":[1374,1372,1373],"class_list":{"0":"post-20719","1":"product","2":"type-product","3":"status-publish","4":"has-post-thumbnail","6":"product_cat-livres-appui-au-curriculum","7":"product_cat-livres-montessori","8":"product_cat-methode-deducation","9":"product_cat-montessori-fr","10":"product_cat-montessori-pierson-publishing-company-fr","11":"product_cat-marques","12":"product_cat-appui-au-curriculum","13":"product_tag-livre-les-conferences-de-londres-de-1946","14":"product_tag-maria-montessori-fr","15":"product_tag-montessori-pierson-publishing-company-fr","17":"first","18":"onbackorder","19":"taxable","20":"shipping-taxable","21":"purchasable","22":"product-type-simple"},"yoast_head":"<!-- This site is optimized with the Yoast SEO plugin v27.1.1 - https:\/\/yoast.com\/product\/yoast-seo-wordpress\/ -->\n<title>Livre The 1946 London lectures - Maria Montessori<\/title>\n<meta name=\"description\" content=\"Le livre the 1946 London lectures contient le manuscrit dactylographi\u00e9 du cours donn\u00e9 par Maria Montessori et est la base des cours 3-6 de l\u2019AMI.\" \/>\n<meta name=\"robots\" content=\"index, follow, max-snippet:-1, max-image-preview:large, max-video-preview:-1\" \/>\n<link rel=\"canonical\" href=\"https:\/\/teiaeducation.ch\/fr\/produit\/livre-the-1946-london-lectures-maria-montessori\/\" \/>\n<meta property=\"og:locale\" content=\"fr_FR\" \/>\n<meta property=\"og:type\" content=\"article\" \/>\n<meta property=\"og:title\" content=\"Livre The 1946 London lectures - Maria Montessori\" \/>\n<meta property=\"og:description\" content=\"Le livre the 1946 London lectures contient le manuscrit dactylographi\u00e9 du cours donn\u00e9 par Maria Montessori et est la base des cours 3-6 de l\u2019AMI.\" \/>\n<meta property=\"og:url\" content=\"https:\/\/teiaeducation.ch\/fr\/produit\/livre-the-1946-london-lectures-maria-montessori\/\" \/>\n<meta property=\"og:site_name\" content=\"Sustainable Educational Products &amp; Ecological Toys\u00a0\" \/>\n<meta property=\"article:publisher\" content=\"https:\/\/www.facebook.com\/teiaeducation\/\" \/>\n<meta property=\"article:modified_time\" content=\"2022-12-05T08:12:11+00:00\" \/>\n<meta property=\"og:image\" content=\"https:\/\/teiaeducation.ch\/wp-content\/uploads\/2019\/05\/400_547700_main_or_1.jpg\" \/>\n\t<meta property=\"og:image:width\" content=\"900\" \/>\n\t<meta property=\"og:image:height\" content=\"900\" \/>\n\t<meta property=\"og:image:type\" content=\"image\/jpeg\" \/>\n<script type=\"application\/ld+json\" class=\"yoast-schema-graph\">{\"@context\":\"https:\/\/schema.org\",\"@graph\":[{\"@type\":\"WebPage\",\"@id\":\"https:\/\/teiaeducation.ch\/fr\/produit\/livre-the-1946-london-lectures-maria-montessori\/\",\"url\":\"https:\/\/teiaeducation.ch\/fr\/produit\/livre-the-1946-london-lectures-maria-montessori\/\",\"name\":\"Livre The 1946 London lectures - Maria Montessori\",\"isPartOf\":{\"@id\":\"https:\/\/teiaeducation.ch\/fr\/#website\"},\"primaryImageOfPage\":{\"@id\":\"https:\/\/teiaeducation.ch\/fr\/produit\/livre-the-1946-london-lectures-maria-montessori\/#primaryimage\"},\"image\":{\"@id\":\"https:\/\/teiaeducation.ch\/fr\/produit\/livre-the-1946-london-lectures-maria-montessori\/#primaryimage\"},\"thumbnailUrl\":\"https:\/\/teiaeducation.ch\/wp-content\/uploads\/2019\/05\/400_547700_main_or_1.jpg\",\"datePublished\":\"2020-01-24T09:12:03+00:00\",\"dateModified\":\"2022-12-05T08:12:11+00:00\",\"description\":\"Le livre the 1946 London lectures contient le manuscrit dactylographi\u00e9 du cours donn\u00e9 par Maria Montessori et est la base des cours 3-6 de l\u2019AMI.\",\"breadcrumb\":{\"@id\":\"https:\/\/teiaeducation.ch\/fr\/produit\/livre-the-1946-london-lectures-maria-montessori\/#breadcrumb\"},\"inLanguage\":\"fr-FR\",\"potentialAction\":[{\"@type\":\"ReadAction\",\"target\":[\"https:\/\/teiaeducation.ch\/fr\/produit\/livre-the-1946-london-lectures-maria-montessori\/\"]}]},{\"@type\":\"ImageObject\",\"inLanguage\":\"fr-FR\",\"@id\":\"https:\/\/teiaeducation.ch\/fr\/produit\/livre-the-1946-london-lectures-maria-montessori\/#primaryimage\",\"url\":\"https:\/\/teiaeducation.ch\/wp-content\/uploads\/2019\/05\/400_547700_main_or_1.jpg\",\"contentUrl\":\"https:\/\/teiaeducation.ch\/wp-content\/uploads\/2019\/05\/400_547700_main_or_1.jpg\",\"width\":900,\"height\":900,\"caption\":\"Livre: Les conf\u00e9rences de Londres de 1946 - Maria Montessori\"},{\"@type\":\"BreadcrumbList\",\"@id\":\"https:\/\/teiaeducation.ch\/fr\/produit\/livre-the-1946-london-lectures-maria-montessori\/#breadcrumb\",\"itemListElement\":[{\"@type\":\"ListItem\",\"position\":1,\"name\":\"Home\",\"item\":\"https:\/\/teiaeducation.ch\/fr\/\"},{\"@type\":\"ListItem\",\"position\":2,\"name\":\"Boutique Teia Education &amp; Play\",\"item\":\"https:\/\/teiaeducation.ch\/fr\/boutique\/\"},{\"@type\":\"ListItem\",\"position\":3,\"name\":\"Supports P\u00e9dagogiques\",\"item\":\"https:\/\/teiaeducation.ch\/fr\/categorie-produit\/appui-au-curriculum\/\"},{\"@type\":\"ListItem\",\"position\":4,\"name\":\"Livres\",\"item\":\"https:\/\/teiaeducation.ch\/fr\/categorie-produit\/appui-au-curriculum\/livres-appui-au-curriculum\/\"},{\"@type\":\"ListItem\",\"position\":5,\"name\":\"Livres Montessori\",\"item\":\"https:\/\/teiaeducation.ch\/fr\/categorie-produit\/appui-au-curriculum\/livres-appui-au-curriculum\/livres-montessori\/\"},{\"@type\":\"ListItem\",\"position\":6,\"name\":\"Livre The 1946 London lectures &#8211; Maria Montessori\"}]},{\"@type\":\"WebSite\",\"@id\":\"https:\/\/teiaeducation.ch\/fr\/#website\",\"url\":\"https:\/\/teiaeducation.ch\/fr\/\",\"name\":\"Sustainable Educational Products &amp; Ecological Toys\u00a0\",\"description\":\"Specialised Swiss shop selling sustainable educational toys and games, AMI certified Montessori materials, handmade ecological wooden Waldorf toys and arts &amp; crafts supplies, school supplies, children&#039;s furniture and Montessori reference and parenting books.\",\"publisher\":{\"@id\":\"https:\/\/teiaeducation.ch\/fr\/#organization\"},\"alternateName\":\"Teia Education & Play\",\"potentialAction\":[{\"@type\":\"SearchAction\",\"target\":{\"@type\":\"EntryPoint\",\"urlTemplate\":\"https:\/\/teiaeducation.ch\/fr\/?s={search_term_string}\"},\"query-input\":{\"@type\":\"PropertyValueSpecification\",\"valueRequired\":true,\"valueName\":\"search_term_string\"}}],\"inLanguage\":\"fr-FR\"},{\"@type\":\"Organization\",\"@id\":\"https:\/\/teiaeducation.ch\/fr\/#organization\",\"name\":\"Teia Education & Play\",\"url\":\"https:\/\/teiaeducation.ch\/fr\/\",\"logo\":{\"@type\":\"ImageObject\",\"inLanguage\":\"fr-FR\",\"@id\":\"https:\/\/teiaeducation.ch\/fr\/#\/schema\/logo\/image\/\",\"url\":\"https:\/\/teiaeducation.ch\/wp-content\/uploads\/2020\/11\/Teia-Education-Switzerland-e1620156442216.jpg\",\"contentUrl\":\"https:\/\/teiaeducation.ch\/wp-content\/uploads\/2020\/11\/Teia-Education-Switzerland-e1620156442216.jpg\",\"width\":166,\"height\":145,\"caption\":\"Teia Education & Play\"},\"image\":{\"@id\":\"https:\/\/teiaeducation.ch\/fr\/#\/schema\/logo\/image\/\"},\"sameAs\":[\"https:\/\/www.facebook.com\/teiaeducation\/\",\"https:\/\/x.com\/EducationTeia\",\"https:\/\/www.instagram.com\/teia.education\/\",\"https:\/\/www.linkedin.com\/company\/35501660\",\"https:\/\/www.pinterest.ch\/TeiaEducation\/\"]}]}<\/script>\n<!-- \/ Yoast SEO plugin. -->","yoast_head_json":{"title":"Livre The 1946 London lectures - Maria Montessori","description":"Le livre the 1946 London lectures contient le manuscrit dactylographi\u00e9 du cours donn\u00e9 par Maria Montessori et est la base des cours 3-6 de l\u2019AMI.","robots":{"index":"index","follow":"follow","max-snippet":"max-snippet:-1","max-image-preview":"max-image-preview:large","max-video-preview":"max-video-preview:-1"},"canonical":"https:\/\/teiaeducation.ch\/fr\/produit\/livre-the-1946-london-lectures-maria-montessori\/","og_locale":"fr_FR","og_type":"article","og_title":"Livre The 1946 London lectures - Maria Montessori","og_description":"Le livre the 1946 London lectures contient le manuscrit dactylographi\u00e9 du cours donn\u00e9 par Maria Montessori et est la base des cours 3-6 de l\u2019AMI.","og_url":"https:\/\/teiaeducation.ch\/fr\/produit\/livre-the-1946-london-lectures-maria-montessori\/","og_site_name":"Sustainable Educational Products &amp; Ecological Toys\u00a0","article_publisher":"https:\/\/www.facebook.com\/teiaeducation\/","article_modified_time":"2022-12-05T08:12:11+00:00","og_image":[{"width":900,"height":900,"url":"https:\/\/teiaeducation.ch\/wp-content\/uploads\/2019\/05\/400_547700_main_or_1.jpg","type":"image\/jpeg"}],"schema":{"@context":"https:\/\/schema.org","@graph":[{"@type":"WebPage","@id":"https:\/\/teiaeducation.ch\/fr\/produit\/livre-the-1946-london-lectures-maria-montessori\/","url":"https:\/\/teiaeducation.ch\/fr\/produit\/livre-the-1946-london-lectures-maria-montessori\/","name":"Livre The 1946 London lectures - Maria Montessori","isPartOf":{"@id":"https:\/\/teiaeducation.ch\/fr\/#website"},"primaryImageOfPage":{"@id":"https:\/\/teiaeducation.ch\/fr\/produit\/livre-the-1946-london-lectures-maria-montessori\/#primaryimage"},"image":{"@id":"https:\/\/teiaeducation.ch\/fr\/produit\/livre-the-1946-london-lectures-maria-montessori\/#primaryimage"},"thumbnailUrl":"https:\/\/teiaeducation.ch\/wp-content\/uploads\/2019\/05\/400_547700_main_or_1.jpg","datePublished":"2020-01-24T09:12:03+00:00","dateModified":"2022-12-05T08:12:11+00:00","description":"Le livre the 1946 London lectures contient le manuscrit dactylographi\u00e9 du cours donn\u00e9 par Maria Montessori et est la base des cours 3-6 de l\u2019AMI.","breadcrumb":{"@id":"https:\/\/teiaeducation.ch\/fr\/produit\/livre-the-1946-london-lectures-maria-montessori\/#breadcrumb"},"inLanguage":"fr-FR","potentialAction":[{"@type":"ReadAction","target":["https:\/\/teiaeducation.ch\/fr\/produit\/livre-the-1946-london-lectures-maria-montessori\/"]}]},{"@type":"ImageObject","inLanguage":"fr-FR","@id":"https:\/\/teiaeducation.ch\/fr\/produit\/livre-the-1946-london-lectures-maria-montessori\/#primaryimage","url":"https:\/\/teiaeducation.ch\/wp-content\/uploads\/2019\/05\/400_547700_main_or_1.jpg","contentUrl":"https:\/\/teiaeducation.ch\/wp-content\/uploads\/2019\/05\/400_547700_main_or_1.jpg","width":900,"height":900,"caption":"Livre: Les conf\u00e9rences de Londres de 1946 - Maria Montessori"},{"@type":"BreadcrumbList","@id":"https:\/\/teiaeducation.ch\/fr\/produit\/livre-the-1946-london-lectures-maria-montessori\/#breadcrumb","itemListElement":[{"@type":"ListItem","position":1,"name":"Home","item":"https:\/\/teiaeducation.ch\/fr\/"},{"@type":"ListItem","position":2,"name":"Boutique Teia Education &amp; Play","item":"https:\/\/teiaeducation.ch\/fr\/boutique\/"},{"@type":"ListItem","position":3,"name":"Supports P\u00e9dagogiques","item":"https:\/\/teiaeducation.ch\/fr\/categorie-produit\/appui-au-curriculum\/"},{"@type":"ListItem","position":4,"name":"Livres","item":"https:\/\/teiaeducation.ch\/fr\/categorie-produit\/appui-au-curriculum\/livres-appui-au-curriculum\/"},{"@type":"ListItem","position":5,"name":"Livres Montessori","item":"https:\/\/teiaeducation.ch\/fr\/categorie-produit\/appui-au-curriculum\/livres-appui-au-curriculum\/livres-montessori\/"},{"@type":"ListItem","position":6,"name":"Livre The 1946 London lectures &#8211; Maria Montessori"}]},{"@type":"WebSite","@id":"https:\/\/teiaeducation.ch\/fr\/#website","url":"https:\/\/teiaeducation.ch\/fr\/","name":"Sustainable Educational Products &amp; Ecological Toys\u00a0","description":"Specialised Swiss shop selling sustainable educational toys and games, AMI certified Montessori materials, handmade ecological wooden Waldorf toys and arts &amp; crafts supplies, school supplies, children&#039;s furniture and Montessori reference and parenting books.","publisher":{"@id":"https:\/\/teiaeducation.ch\/fr\/#organization"},"alternateName":"Teia Education & Play","potentialAction":[{"@type":"SearchAction","target":{"@type":"EntryPoint","urlTemplate":"https:\/\/teiaeducation.ch\/fr\/?s={search_term_string}"},"query-input":{"@type":"PropertyValueSpecification","valueRequired":true,"valueName":"search_term_string"}}],"inLanguage":"fr-FR"},{"@type":"Organization","@id":"https:\/\/teiaeducation.ch\/fr\/#organization","name":"Teia Education & Play","url":"https:\/\/teiaeducation.ch\/fr\/","logo":{"@type":"ImageObject","inLanguage":"fr-FR","@id":"https:\/\/teiaeducation.ch\/fr\/#\/schema\/logo\/image\/","url":"https:\/\/teiaeducation.ch\/wp-content\/uploads\/2020\/11\/Teia-Education-Switzerland-e1620156442216.jpg","contentUrl":"https:\/\/teiaeducation.ch\/wp-content\/uploads\/2020\/11\/Teia-Education-Switzerland-e1620156442216.jpg","width":166,"height":145,"caption":"Teia Education & Play"},"image":{"@id":"https:\/\/teiaeducation.ch\/fr\/#\/schema\/logo\/image\/"},"sameAs":["https:\/\/www.facebook.com\/teiaeducation\/","https:\/\/x.com\/EducationTeia","https:\/\/www.instagram.com\/teia.education\/","https:\/\/www.linkedin.com\/company\/35501660","https:\/\/www.pinterest.ch\/TeiaEducation\/"]}]}},"_links":{"self":[{"href":"https:\/\/teiaeducation.ch\/fr\/wp-json\/wp\/v2\/product\/20719","targetHints":{"allow":["GET"]}}],"collection":[{"href":"https:\/\/teiaeducation.ch\/fr\/wp-json\/wp\/v2\/product"}],"about":[{"href":"https:\/\/teiaeducation.ch\/fr\/wp-json\/wp\/v2\/types\/product"}],"replies":[{"embeddable":true,"href":"https:\/\/teiaeducation.ch\/fr\/wp-json\/wp\/v2\/comments?post=20719"}],"wp:featuredmedia":[{"embeddable":true,"href":"https:\/\/teiaeducation.ch\/fr\/wp-json\/wp\/v2\/media\/11498"}],"wp:attachment":[{"href":"https:\/\/teiaeducation.ch\/fr\/wp-json\/wp\/v2\/media?parent=20719"}],"wp:term":[{"taxonomy":"product_brand","embeddable":true,"href":"https:\/\/teiaeducation.ch\/fr\/wp-json\/wp\/v2\/product_brand?post=20719"},{"taxonomy":"product_cat","embeddable":true,"href":"https:\/\/teiaeducation.ch\/fr\/wp-json\/wp\/v2\/product_cat?post=20719"},{"taxonomy":"product_tag","embeddable":true,"href":"https:\/\/teiaeducation.ch\/fr\/wp-json\/wp\/v2\/product_tag?post=20719"}],"curies":[{"name":"wp","href":"https:\/\/api.w.org\/{rel}","templated":true}]}}