{"id":20724,"date":"2020-01-24T09:04:49","date_gmt":"2020-01-24T08:04:49","guid":{"rendered":"https:\/\/teiaeducation.ch\/product\/livre-the-formation-of-man-maria-montessori\/"},"modified":"2023-02-06T08:19:47","modified_gmt":"2023-02-06T07:19:47","slug":"livre-the-formation-of-man-maria-montessori","status":"publish","type":"product","link":"https:\/\/teiaeducation.ch\/fr\/produit\/livre-the-formation-of-man-maria-montessori\/","title":{"rendered":"Livre: The formation of man &#8211; Maria Montessori"},"content":{"rendered":"<p>Livre: The formation of man &#8211; Maria Montessori<\/p>\n<p><span class=\"tlid-translation translation\" lang=\"fr\"><span class=\"\" title=\"\">Le livre de formation de l&#8217;homme se concentre sur la psychologie de l&#8217;enfant au cours des quatre premi\u00e8res ann\u00e9es de la vie et sur la formation de l&#8217;intelligence d&#8217;une personnalit\u00e9 humaine.<\/span><\/span><\/p>\n<p><span title=\"\">Contenu:<\/span><\/p>\n<p><span class=\"\" title=\"\">1 livre \u00e0 couverture souple &#8211; 98 pages<\/span><\/p>\n","protected":false},"excerpt":{"rendered":"<p>Num\u00e9ro d&#8217;article: 000003<\/p>\n","protected":false},"featured_media":62986,"comment_status":"closed","ping_status":"closed","template":"","meta":[],"product_brand":[],"product_cat":[311,20666,7595,1218,1212,217,292],"product_tag":[1375,1380,1373],"class_list":{"0":"post-20724","1":"product","2":"type-product","3":"status-publish","4":"has-post-thumbnail","6":"product_cat-livres-appui-au-curriculum","7":"product_cat-livres-montessori","8":"product_cat-methode-deducation","9":"product_cat-montessori-fr","10":"product_cat-montessori-pierson-publishing-company-fr","11":"product_cat-marques","12":"product_cat-appui-au-curriculum","13":"product_tag-dr-maria-montessori-fr","14":"product_tag-livre-formation-man-montessori","15":"product_tag-montessori-pierson-publishing-company-fr","17":"first","18":"onbackorder","19":"taxable","20":"shipping-taxable","21":"purchasable","22":"product-type-simple"},"yoast_head":"<!-- This site is optimized with the Yoast SEO plugin v27.1.1 - https:\/\/yoast.com\/product\/yoast-seo-wordpress\/ -->\n<title>Livre: The formation of man - Maria Montessori<\/title>\n<meta name=\"description\" content=\"Le livre de formation de l&#039;homme se concentre sur la psychologie de l&#039;enfant au cours des 4 premi\u00e8res ann\u00e9es de la vie et la formation de l&#039;intelligence.\" \/>\n<meta name=\"robots\" content=\"index, follow, max-snippet:-1, max-image-preview:large, max-video-preview:-1\" \/>\n<link rel=\"canonical\" href=\"https:\/\/teiaeducation.ch\/fr\/produit\/livre-the-formation-of-man-maria-montessori\/\" \/>\n<meta property=\"og:locale\" content=\"fr_FR\" \/>\n<meta property=\"og:type\" content=\"article\" \/>\n<meta property=\"og:title\" content=\"Livre: The formation of man - Maria Montessori\" \/>\n<meta property=\"og:description\" content=\"Le livre de formation de l&#039;homme se concentre sur la psychologie de l&#039;enfant au cours des 4 premi\u00e8res ann\u00e9es de la vie et la formation de l&#039;intelligence.\" \/>\n<meta property=\"og:url\" content=\"https:\/\/teiaeducation.ch\/fr\/produit\/livre-the-formation-of-man-maria-montessori\/\" \/>\n<meta property=\"og:site_name\" content=\"Sustainable Educational Products &amp; Ecological Toys\u00a0\" \/>\n<meta property=\"article:publisher\" content=\"https:\/\/www.facebook.com\/teiaeducation\/\" \/>\n<meta property=\"article:modified_time\" content=\"2023-02-06T07:19:47+00:00\" \/>\n<meta property=\"og:image\" content=\"https:\/\/teiaeducation.ch\/wp-content\/uploads\/2019\/06\/Book-The-formation-of-man-Maria-Montessori-Montessori-Pierson-Publishing-Company.jpg\" \/>\n\t<meta property=\"og:image:width\" content=\"692\" \/>\n\t<meta property=\"og:image:height\" content=\"842\" \/>\n\t<meta property=\"og:image:type\" content=\"image\/jpeg\" \/>\n<script type=\"application\/ld+json\" class=\"yoast-schema-graph\">{\"@context\":\"https:\/\/schema.org\",\"@graph\":[{\"@type\":\"WebPage\",\"@id\":\"https:\/\/teiaeducation.ch\/fr\/produit\/livre-the-formation-of-man-maria-montessori\/\",\"url\":\"https:\/\/teiaeducation.ch\/fr\/produit\/livre-the-formation-of-man-maria-montessori\/\",\"name\":\"Livre: The formation of man - Maria Montessori\",\"isPartOf\":{\"@id\":\"https:\/\/teiaeducation.ch\/fr\/#website\"},\"primaryImageOfPage\":{\"@id\":\"https:\/\/teiaeducation.ch\/fr\/produit\/livre-the-formation-of-man-maria-montessori\/#primaryimage\"},\"image\":{\"@id\":\"https:\/\/teiaeducation.ch\/fr\/produit\/livre-the-formation-of-man-maria-montessori\/#primaryimage\"},\"thumbnailUrl\":\"https:\/\/teiaeducation.ch\/wp-content\/uploads\/2019\/06\/Book-The-formation-of-man-Maria-Montessori-Montessori-Pierson-Publishing-Company.jpg\",\"datePublished\":\"2020-01-24T08:04:49+00:00\",\"dateModified\":\"2023-02-06T07:19:47+00:00\",\"description\":\"Le livre de formation de l'homme se concentre sur la psychologie de l'enfant au cours des 4 premi\u00e8res ann\u00e9es de la vie et la formation de l'intelligence.\",\"breadcrumb\":{\"@id\":\"https:\/\/teiaeducation.ch\/fr\/produit\/livre-the-formation-of-man-maria-montessori\/#breadcrumb\"},\"inLanguage\":\"fr-FR\",\"potentialAction\":[{\"@type\":\"ReadAction\",\"target\":[\"https:\/\/teiaeducation.ch\/fr\/produit\/livre-the-formation-of-man-maria-montessori\/\"]}]},{\"@type\":\"ImageObject\",\"inLanguage\":\"fr-FR\",\"@id\":\"https:\/\/teiaeducation.ch\/fr\/produit\/livre-the-formation-of-man-maria-montessori\/#primaryimage\",\"url\":\"https:\/\/teiaeducation.ch\/wp-content\/uploads\/2019\/06\/Book-The-formation-of-man-Maria-Montessori-Montessori-Pierson-Publishing-Company.jpg\",\"contentUrl\":\"https:\/\/teiaeducation.ch\/wp-content\/uploads\/2019\/06\/Book-The-formation-of-man-Maria-Montessori-Montessori-Pierson-Publishing-Company.jpg\",\"width\":692,\"height\":842,\"caption\":\"Book: The formation of man - Maria Montessori \/ Montessori-Pierson Publishing Company\"},{\"@type\":\"BreadcrumbList\",\"@id\":\"https:\/\/teiaeducation.ch\/fr\/produit\/livre-the-formation-of-man-maria-montessori\/#breadcrumb\",\"itemListElement\":[{\"@type\":\"ListItem\",\"position\":1,\"name\":\"Home\",\"item\":\"https:\/\/teiaeducation.ch\/fr\/\"},{\"@type\":\"ListItem\",\"position\":2,\"name\":\"Boutique Teia Education &amp; Play\",\"item\":\"https:\/\/teiaeducation.ch\/fr\/boutique\/\"},{\"@type\":\"ListItem\",\"position\":3,\"name\":\"Supports P\u00e9dagogiques\",\"item\":\"https:\/\/teiaeducation.ch\/fr\/categorie-produit\/appui-au-curriculum\/\"},{\"@type\":\"ListItem\",\"position\":4,\"name\":\"Livres\",\"item\":\"https:\/\/teiaeducation.ch\/fr\/categorie-produit\/appui-au-curriculum\/livres-appui-au-curriculum\/\"},{\"@type\":\"ListItem\",\"position\":5,\"name\":\"Livres Montessori\",\"item\":\"https:\/\/teiaeducation.ch\/fr\/categorie-produit\/appui-au-curriculum\/livres-appui-au-curriculum\/livres-montessori\/\"},{\"@type\":\"ListItem\",\"position\":6,\"name\":\"Livre: The formation of man &#8211; Maria Montessori\"}]},{\"@type\":\"WebSite\",\"@id\":\"https:\/\/teiaeducation.ch\/fr\/#website\",\"url\":\"https:\/\/teiaeducation.ch\/fr\/\",\"name\":\"Sustainable Educational Products &amp; Ecological Toys\u00a0\",\"description\":\"Specialised Swiss shop selling sustainable educational toys and games, AMI certified Montessori materials, handmade ecological wooden Waldorf toys and arts &amp; crafts supplies, school supplies, children&#039;s furniture and Montessori reference and parenting books.\",\"publisher\":{\"@id\":\"https:\/\/teiaeducation.ch\/fr\/#organization\"},\"alternateName\":\"Teia Education & Play\",\"potentialAction\":[{\"@type\":\"SearchAction\",\"target\":{\"@type\":\"EntryPoint\",\"urlTemplate\":\"https:\/\/teiaeducation.ch\/fr\/?s={search_term_string}\"},\"query-input\":{\"@type\":\"PropertyValueSpecification\",\"valueRequired\":true,\"valueName\":\"search_term_string\"}}],\"inLanguage\":\"fr-FR\"},{\"@type\":\"Organization\",\"@id\":\"https:\/\/teiaeducation.ch\/fr\/#organization\",\"name\":\"Teia Education & Play\",\"url\":\"https:\/\/teiaeducation.ch\/fr\/\",\"logo\":{\"@type\":\"ImageObject\",\"inLanguage\":\"fr-FR\",\"@id\":\"https:\/\/teiaeducation.ch\/fr\/#\/schema\/logo\/image\/\",\"url\":\"https:\/\/teiaeducation.ch\/wp-content\/uploads\/2020\/11\/Teia-Education-Switzerland-e1620156442216.jpg\",\"contentUrl\":\"https:\/\/teiaeducation.ch\/wp-content\/uploads\/2020\/11\/Teia-Education-Switzerland-e1620156442216.jpg\",\"width\":166,\"height\":145,\"caption\":\"Teia Education & Play\"},\"image\":{\"@id\":\"https:\/\/teiaeducation.ch\/fr\/#\/schema\/logo\/image\/\"},\"sameAs\":[\"https:\/\/www.facebook.com\/teiaeducation\/\",\"https:\/\/x.com\/EducationTeia\",\"https:\/\/www.instagram.com\/teia.education\/\",\"https:\/\/www.linkedin.com\/company\/35501660\",\"https:\/\/www.pinterest.ch\/TeiaEducation\/\"]}]}<\/script>\n<!-- \/ Yoast SEO plugin. -->","yoast_head_json":{"title":"Livre: The formation of man - Maria Montessori","description":"Le livre de formation de l'homme se concentre sur la psychologie de l'enfant au cours des 4 premi\u00e8res ann\u00e9es de la vie et la formation de l'intelligence.","robots":{"index":"index","follow":"follow","max-snippet":"max-snippet:-1","max-image-preview":"max-image-preview:large","max-video-preview":"max-video-preview:-1"},"canonical":"https:\/\/teiaeducation.ch\/fr\/produit\/livre-the-formation-of-man-maria-montessori\/","og_locale":"fr_FR","og_type":"article","og_title":"Livre: The formation of man - Maria Montessori","og_description":"Le livre de formation de l'homme se concentre sur la psychologie de l'enfant au cours des 4 premi\u00e8res ann\u00e9es de la vie et la formation de l'intelligence.","og_url":"https:\/\/teiaeducation.ch\/fr\/produit\/livre-the-formation-of-man-maria-montessori\/","og_site_name":"Sustainable Educational Products &amp; Ecological Toys\u00a0","article_publisher":"https:\/\/www.facebook.com\/teiaeducation\/","article_modified_time":"2023-02-06T07:19:47+00:00","og_image":[{"width":692,"height":842,"url":"https:\/\/teiaeducation.ch\/wp-content\/uploads\/2019\/06\/Book-The-formation-of-man-Maria-Montessori-Montessori-Pierson-Publishing-Company.jpg","type":"image\/jpeg"}],"schema":{"@context":"https:\/\/schema.org","@graph":[{"@type":"WebPage","@id":"https:\/\/teiaeducation.ch\/fr\/produit\/livre-the-formation-of-man-maria-montessori\/","url":"https:\/\/teiaeducation.ch\/fr\/produit\/livre-the-formation-of-man-maria-montessori\/","name":"Livre: The formation of man - Maria Montessori","isPartOf":{"@id":"https:\/\/teiaeducation.ch\/fr\/#website"},"primaryImageOfPage":{"@id":"https:\/\/teiaeducation.ch\/fr\/produit\/livre-the-formation-of-man-maria-montessori\/#primaryimage"},"image":{"@id":"https:\/\/teiaeducation.ch\/fr\/produit\/livre-the-formation-of-man-maria-montessori\/#primaryimage"},"thumbnailUrl":"https:\/\/teiaeducation.ch\/wp-content\/uploads\/2019\/06\/Book-The-formation-of-man-Maria-Montessori-Montessori-Pierson-Publishing-Company.jpg","datePublished":"2020-01-24T08:04:49+00:00","dateModified":"2023-02-06T07:19:47+00:00","description":"Le livre de formation de l'homme se concentre sur la psychologie de l'enfant au cours des 4 premi\u00e8res ann\u00e9es de la vie et la formation de l'intelligence.","breadcrumb":{"@id":"https:\/\/teiaeducation.ch\/fr\/produit\/livre-the-formation-of-man-maria-montessori\/#breadcrumb"},"inLanguage":"fr-FR","potentialAction":[{"@type":"ReadAction","target":["https:\/\/teiaeducation.ch\/fr\/produit\/livre-the-formation-of-man-maria-montessori\/"]}]},{"@type":"ImageObject","inLanguage":"fr-FR","@id":"https:\/\/teiaeducation.ch\/fr\/produit\/livre-the-formation-of-man-maria-montessori\/#primaryimage","url":"https:\/\/teiaeducation.ch\/wp-content\/uploads\/2019\/06\/Book-The-formation-of-man-Maria-Montessori-Montessori-Pierson-Publishing-Company.jpg","contentUrl":"https:\/\/teiaeducation.ch\/wp-content\/uploads\/2019\/06\/Book-The-formation-of-man-Maria-Montessori-Montessori-Pierson-Publishing-Company.jpg","width":692,"height":842,"caption":"Book: The formation of man - Maria Montessori \/ Montessori-Pierson Publishing Company"},{"@type":"BreadcrumbList","@id":"https:\/\/teiaeducation.ch\/fr\/produit\/livre-the-formation-of-man-maria-montessori\/#breadcrumb","itemListElement":[{"@type":"ListItem","position":1,"name":"Home","item":"https:\/\/teiaeducation.ch\/fr\/"},{"@type":"ListItem","position":2,"name":"Boutique Teia Education &amp; Play","item":"https:\/\/teiaeducation.ch\/fr\/boutique\/"},{"@type":"ListItem","position":3,"name":"Supports P\u00e9dagogiques","item":"https:\/\/teiaeducation.ch\/fr\/categorie-produit\/appui-au-curriculum\/"},{"@type":"ListItem","position":4,"name":"Livres","item":"https:\/\/teiaeducation.ch\/fr\/categorie-produit\/appui-au-curriculum\/livres-appui-au-curriculum\/"},{"@type":"ListItem","position":5,"name":"Livres Montessori","item":"https:\/\/teiaeducation.ch\/fr\/categorie-produit\/appui-au-curriculum\/livres-appui-au-curriculum\/livres-montessori\/"},{"@type":"ListItem","position":6,"name":"Livre: The formation of man &#8211; Maria Montessori"}]},{"@type":"WebSite","@id":"https:\/\/teiaeducation.ch\/fr\/#website","url":"https:\/\/teiaeducation.ch\/fr\/","name":"Sustainable Educational Products &amp; Ecological Toys\u00a0","description":"Specialised Swiss shop selling sustainable educational toys and games, AMI certified Montessori materials, handmade ecological wooden Waldorf toys and arts &amp; crafts supplies, school supplies, children&#039;s furniture and Montessori reference and parenting books.","publisher":{"@id":"https:\/\/teiaeducation.ch\/fr\/#organization"},"alternateName":"Teia Education & Play","potentialAction":[{"@type":"SearchAction","target":{"@type":"EntryPoint","urlTemplate":"https:\/\/teiaeducation.ch\/fr\/?s={search_term_string}"},"query-input":{"@type":"PropertyValueSpecification","valueRequired":true,"valueName":"search_term_string"}}],"inLanguage":"fr-FR"},{"@type":"Organization","@id":"https:\/\/teiaeducation.ch\/fr\/#organization","name":"Teia Education & Play","url":"https:\/\/teiaeducation.ch\/fr\/","logo":{"@type":"ImageObject","inLanguage":"fr-FR","@id":"https:\/\/teiaeducation.ch\/fr\/#\/schema\/logo\/image\/","url":"https:\/\/teiaeducation.ch\/wp-content\/uploads\/2020\/11\/Teia-Education-Switzerland-e1620156442216.jpg","contentUrl":"https:\/\/teiaeducation.ch\/wp-content\/uploads\/2020\/11\/Teia-Education-Switzerland-e1620156442216.jpg","width":166,"height":145,"caption":"Teia Education & Play"},"image":{"@id":"https:\/\/teiaeducation.ch\/fr\/#\/schema\/logo\/image\/"},"sameAs":["https:\/\/www.facebook.com\/teiaeducation\/","https:\/\/x.com\/EducationTeia","https:\/\/www.instagram.com\/teia.education\/","https:\/\/www.linkedin.com\/company\/35501660","https:\/\/www.pinterest.ch\/TeiaEducation\/"]}]}},"_links":{"self":[{"href":"https:\/\/teiaeducation.ch\/fr\/wp-json\/wp\/v2\/product\/20724","targetHints":{"allow":["GET"]}}],"collection":[{"href":"https:\/\/teiaeducation.ch\/fr\/wp-json\/wp\/v2\/product"}],"about":[{"href":"https:\/\/teiaeducation.ch\/fr\/wp-json\/wp\/v2\/types\/product"}],"replies":[{"embeddable":true,"href":"https:\/\/teiaeducation.ch\/fr\/wp-json\/wp\/v2\/comments?post=20724"}],"wp:featuredmedia":[{"embeddable":true,"href":"https:\/\/teiaeducation.ch\/fr\/wp-json\/wp\/v2\/media\/62986"}],"wp:attachment":[{"href":"https:\/\/teiaeducation.ch\/fr\/wp-json\/wp\/v2\/media?parent=20724"}],"wp:term":[{"taxonomy":"product_brand","embeddable":true,"href":"https:\/\/teiaeducation.ch\/fr\/wp-json\/wp\/v2\/product_brand?post=20724"},{"taxonomy":"product_cat","embeddable":true,"href":"https:\/\/teiaeducation.ch\/fr\/wp-json\/wp\/v2\/product_cat?post=20724"},{"taxonomy":"product_tag","embeddable":true,"href":"https:\/\/teiaeducation.ch\/fr\/wp-json\/wp\/v2\/product_tag?post=20724"}],"curies":[{"name":"wp","href":"https:\/\/api.w.org\/{rel}","templated":true}]}}