{"id":21271,"date":"2019-10-29T13:25:26","date_gmt":"2019-10-29T12:25:26","guid":{"rendered":"https:\/\/teiaeducation.ch\/product\/piece-detachee-carre-en-nylon-connecte-de-5-bleu-clair-nienhuis-montessori\/"},"modified":"2020-10-19T19:24:44","modified_gmt":"2020-10-19T17:24:44","slug":"piece-detachee-carre-en-nylon-connecte-de-5-bleu-clair-nienhuis-montessori","status":"publish","type":"product","link":"https:\/\/teiaeducation.ch\/fr\/produit\/piece-detachee-carre-en-nylon-connecte-de-5-bleu-clair-nienhuis-montessori\/","title":{"rendered":"Pi\u00e8ce d\u00e9tach\u00e9e: carr\u00e9 en nylon connect\u00e9 de 5 bleu clair &#8211; Nienhuis Montessori"},"content":{"rendered":"<p>Pi\u00e8ce d\u00e9tach\u00e9e: carr\u00e9 en nylon connect\u00e9 de 5 bleu clair &#8211; Nienhuis Montessori<\/p>\n<p><span class=\"tlid-translation translation\" lang=\"fr\"><span title=\"\">Ce mat\u00e9riel convient aux enfants \u00e2g\u00e9s de 5 ans et plus.<\/span><\/span><\/p>\n<p><span title=\"\">Contenu:<\/span><\/p>\n<p><span class=\"\" title=\"\">1 carr\u00e9 en nylon connect\u00e9 de 5 en bleu clair<\/span><\/p>\n","protected":false},"excerpt":{"rendered":"<p>Num\u00e9ro d&#8217;article: 00860035<\/p>\n","protected":false},"featured_media":21227,"comment_status":"closed","ping_status":"closed","template":"","meta":[],"product_brand":[],"product_cat":[215,216,283,630,274,288,1218,207,217,5851,614,301,212],"product_tag":[801,6150,6148,6149,6147],"class_list":{"0":"post-21271","1":"product","2":"type-product","3":"status-publish","4":"has-post-thumbnail","6":"product_cat-3-6-ans","7":"product_cat-6-12-ans","8":"product_cat-domaines-du-curriculum","9":"product_cat-nombres","10":"product_cat-mathematiques-nienhuis-montessori","11":"product_cat-mathematiques-calcul","12":"product_cat-montessori-fr","13":"product_cat-nienhuis-montessori-materiel-fr","14":"product_cat-marques","15":"product_cat-nouveautes","16":"product_cat-perles-a-compter","17":"product_cat-pieces-detachees-fr","18":"product_cat-tranche-dage","19":"product_tag-mathematiques-montessori","20":"product_tag-nienhuis-montessori-chaines-de-perles","21":"product_tag-nienhuis-montessori-chaines-de-perles-courtes","22":"product_tag-nienhuis-montessori-chaines-de-perles-en-nylon","23":"product_tag-perles-montessori","25":"first","26":"instock","27":"taxable","28":"shipping-taxable","29":"purchasable","30":"product-type-simple"},"yoast_head":"<!-- This site is optimized with the Yoast SEO plugin v27.1.1 - https:\/\/yoast.com\/product\/yoast-seo-wordpress\/ -->\n<title>Pi\u00e8ce d\u00e9tach\u00e9e: carr\u00e9 en nylon connect\u00e9 de 5 bleu clair - Nienhuis Montessori - Teia Education &amp; Play<\/title>\n<meta name=\"description\" content=\"Pi\u00e8ce d\u00e9tach\u00e9e: carr\u00e9 en nylon connect\u00e9 de 5 bleu clair de Nienhuis Montessori. Ce mat\u00e9riel convient aux enfants \u00e2g\u00e9s de 5 ans et plus.\" \/>\n<meta name=\"robots\" content=\"index, follow, max-snippet:-1, max-image-preview:large, max-video-preview:-1\" \/>\n<link rel=\"canonical\" href=\"https:\/\/teiaeducation.ch\/fr\/produit\/piece-detachee-carre-en-nylon-connecte-de-5-bleu-clair-nienhuis-montessori\/\" \/>\n<meta property=\"og:locale\" content=\"fr_FR\" \/>\n<meta property=\"og:type\" content=\"article\" \/>\n<meta property=\"og:title\" content=\"Pi\u00e8ce d\u00e9tach\u00e9e: carr\u00e9 en nylon connect\u00e9 de 5 bleu clair - Nienhuis Montessori - Teia Education &amp; Play\" \/>\n<meta property=\"og:description\" content=\"Pi\u00e8ce d\u00e9tach\u00e9e: carr\u00e9 en nylon connect\u00e9 de 5 bleu clair de Nienhuis Montessori. Ce mat\u00e9riel convient aux enfants \u00e2g\u00e9s de 5 ans et plus.\" \/>\n<meta property=\"og:url\" content=\"https:\/\/teiaeducation.ch\/fr\/produit\/piece-detachee-carre-en-nylon-connecte-de-5-bleu-clair-nienhuis-montessori\/\" \/>\n<meta property=\"og:site_name\" content=\"Sustainable Educational Products &amp; Ecological Toys\u00a0\" \/>\n<meta property=\"article:publisher\" content=\"https:\/\/www.facebook.com\/teiaeducation\/\" \/>\n<meta property=\"article:modified_time\" content=\"2020-10-19T17:24:44+00:00\" \/>\n<meta property=\"og:image\" content=\"https:\/\/teiaeducation.ch\/wp-content\/uploads\/2019\/10\/Nienhuis-Montessori-spare-part-Connected-Nylon-Square-Of-5-Light-Blue.jpeg\" \/>\n\t<meta property=\"og:image:width\" content=\"800\" \/>\n\t<meta property=\"og:image:height\" content=\"533\" \/>\n\t<meta property=\"og:image:type\" content=\"image\/jpeg\" \/>\n<script type=\"application\/ld+json\" class=\"yoast-schema-graph\">{\"@context\":\"https:\/\/schema.org\",\"@graph\":[{\"@type\":\"WebPage\",\"@id\":\"https:\/\/teiaeducation.ch\/fr\/produit\/piece-detachee-carre-en-nylon-connecte-de-5-bleu-clair-nienhuis-montessori\/\",\"url\":\"https:\/\/teiaeducation.ch\/fr\/produit\/piece-detachee-carre-en-nylon-connecte-de-5-bleu-clair-nienhuis-montessori\/\",\"name\":\"Pi\u00e8ce d\u00e9tach\u00e9e: carr\u00e9 en nylon connect\u00e9 de 5 bleu clair - Nienhuis Montessori - Teia Education & Play\",\"isPartOf\":{\"@id\":\"https:\/\/teiaeducation.ch\/fr\/#website\"},\"primaryImageOfPage\":{\"@id\":\"https:\/\/teiaeducation.ch\/fr\/produit\/piece-detachee-carre-en-nylon-connecte-de-5-bleu-clair-nienhuis-montessori\/#primaryimage\"},\"image\":{\"@id\":\"https:\/\/teiaeducation.ch\/fr\/produit\/piece-detachee-carre-en-nylon-connecte-de-5-bleu-clair-nienhuis-montessori\/#primaryimage\"},\"thumbnailUrl\":\"https:\/\/teiaeducation.ch\/wp-content\/uploads\/2019\/10\/Nienhuis-Montessori-spare-part-Connected-Nylon-Square-Of-5-Light-Blue.jpeg\",\"datePublished\":\"2019-10-29T12:25:26+00:00\",\"dateModified\":\"2020-10-19T17:24:44+00:00\",\"description\":\"Pi\u00e8ce d\u00e9tach\u00e9e: carr\u00e9 en nylon connect\u00e9 de 5 bleu clair de Nienhuis Montessori. Ce mat\u00e9riel convient aux enfants \u00e2g\u00e9s de 5 ans et plus.\",\"breadcrumb\":{\"@id\":\"https:\/\/teiaeducation.ch\/fr\/produit\/piece-detachee-carre-en-nylon-connecte-de-5-bleu-clair-nienhuis-montessori\/#breadcrumb\"},\"inLanguage\":\"fr-FR\",\"potentialAction\":[{\"@type\":\"ReadAction\",\"target\":[\"https:\/\/teiaeducation.ch\/fr\/produit\/piece-detachee-carre-en-nylon-connecte-de-5-bleu-clair-nienhuis-montessori\/\"]}]},{\"@type\":\"ImageObject\",\"inLanguage\":\"fr-FR\",\"@id\":\"https:\/\/teiaeducation.ch\/fr\/produit\/piece-detachee-carre-en-nylon-connecte-de-5-bleu-clair-nienhuis-montessori\/#primaryimage\",\"url\":\"https:\/\/teiaeducation.ch\/wp-content\/uploads\/2019\/10\/Nienhuis-Montessori-spare-part-Connected-Nylon-Square-Of-5-Light-Blue.jpeg\",\"contentUrl\":\"https:\/\/teiaeducation.ch\/wp-content\/uploads\/2019\/10\/Nienhuis-Montessori-spare-part-Connected-Nylon-Square-Of-5-Light-Blue.jpeg\",\"width\":800,\"height\":533,\"caption\":\"Pi\u00e8ce d\u00e9tach\u00e9e: carr\u00e9 en nylon connect\u00e9 de 5 bleu clair - Nienhuis Montessori\"},{\"@type\":\"BreadcrumbList\",\"@id\":\"https:\/\/teiaeducation.ch\/fr\/produit\/piece-detachee-carre-en-nylon-connecte-de-5-bleu-clair-nienhuis-montessori\/#breadcrumb\",\"itemListElement\":[{\"@type\":\"ListItem\",\"position\":1,\"name\":\"Home\",\"item\":\"https:\/\/teiaeducation.ch\/fr\/\"},{\"@type\":\"ListItem\",\"position\":2,\"name\":\"Boutique Teia Education &amp; Play\",\"item\":\"https:\/\/teiaeducation.ch\/fr\/boutique\/\"},{\"@type\":\"ListItem\",\"position\":3,\"name\":\"Supports P\u00e9dagogiques\",\"item\":\"https:\/\/teiaeducation.ch\/fr\/categorie-produit\/appui-au-curriculum\/\"},{\"@type\":\"ListItem\",\"position\":4,\"name\":\"Pi\u00e8ces D\u00e9tach\u00e9es\",\"item\":\"https:\/\/teiaeducation.ch\/fr\/categorie-produit\/appui-au-curriculum\/pieces-detachees-fr\/\"},{\"@type\":\"ListItem\",\"position\":5,\"name\":\"Pi\u00e8ce d\u00e9tach\u00e9e: carr\u00e9 en nylon connect\u00e9 de 5 bleu clair &#8211; Nienhuis Montessori\"}]},{\"@type\":\"WebSite\",\"@id\":\"https:\/\/teiaeducation.ch\/fr\/#website\",\"url\":\"https:\/\/teiaeducation.ch\/fr\/\",\"name\":\"Sustainable Educational Products &amp; Ecological Toys\u00a0\",\"description\":\"Specialised Swiss shop selling sustainable educational toys and games, AMI certified Montessori materials, handmade ecological wooden Waldorf toys and arts &amp; crafts supplies, school supplies, children&#039;s furniture and Montessori reference and parenting books.\",\"publisher\":{\"@id\":\"https:\/\/teiaeducation.ch\/fr\/#organization\"},\"alternateName\":\"Teia Education & Play\",\"potentialAction\":[{\"@type\":\"SearchAction\",\"target\":{\"@type\":\"EntryPoint\",\"urlTemplate\":\"https:\/\/teiaeducation.ch\/fr\/?s={search_term_string}\"},\"query-input\":{\"@type\":\"PropertyValueSpecification\",\"valueRequired\":true,\"valueName\":\"search_term_string\"}}],\"inLanguage\":\"fr-FR\"},{\"@type\":\"Organization\",\"@id\":\"https:\/\/teiaeducation.ch\/fr\/#organization\",\"name\":\"Teia Education & Play\",\"url\":\"https:\/\/teiaeducation.ch\/fr\/\",\"logo\":{\"@type\":\"ImageObject\",\"inLanguage\":\"fr-FR\",\"@id\":\"https:\/\/teiaeducation.ch\/fr\/#\/schema\/logo\/image\/\",\"url\":\"https:\/\/teiaeducation.ch\/wp-content\/uploads\/2020\/11\/Teia-Education-Switzerland-e1620156442216.jpg\",\"contentUrl\":\"https:\/\/teiaeducation.ch\/wp-content\/uploads\/2020\/11\/Teia-Education-Switzerland-e1620156442216.jpg\",\"width\":166,\"height\":145,\"caption\":\"Teia Education & Play\"},\"image\":{\"@id\":\"https:\/\/teiaeducation.ch\/fr\/#\/schema\/logo\/image\/\"},\"sameAs\":[\"https:\/\/www.facebook.com\/teiaeducation\/\",\"https:\/\/x.com\/EducationTeia\",\"https:\/\/www.instagram.com\/teia.education\/\",\"https:\/\/www.linkedin.com\/company\/35501660\",\"https:\/\/www.pinterest.ch\/TeiaEducation\/\"]}]}<\/script>\n<!-- \/ Yoast SEO plugin. -->","yoast_head_json":{"title":"Pi\u00e8ce d\u00e9tach\u00e9e: carr\u00e9 en nylon connect\u00e9 de 5 bleu clair - Nienhuis Montessori - Teia Education & Play","description":"Pi\u00e8ce d\u00e9tach\u00e9e: carr\u00e9 en nylon connect\u00e9 de 5 bleu clair de Nienhuis Montessori. Ce mat\u00e9riel convient aux enfants \u00e2g\u00e9s de 5 ans et plus.","robots":{"index":"index","follow":"follow","max-snippet":"max-snippet:-1","max-image-preview":"max-image-preview:large","max-video-preview":"max-video-preview:-1"},"canonical":"https:\/\/teiaeducation.ch\/fr\/produit\/piece-detachee-carre-en-nylon-connecte-de-5-bleu-clair-nienhuis-montessori\/","og_locale":"fr_FR","og_type":"article","og_title":"Pi\u00e8ce d\u00e9tach\u00e9e: carr\u00e9 en nylon connect\u00e9 de 5 bleu clair - Nienhuis Montessori - Teia Education & Play","og_description":"Pi\u00e8ce d\u00e9tach\u00e9e: carr\u00e9 en nylon connect\u00e9 de 5 bleu clair de Nienhuis Montessori. Ce mat\u00e9riel convient aux enfants \u00e2g\u00e9s de 5 ans et plus.","og_url":"https:\/\/teiaeducation.ch\/fr\/produit\/piece-detachee-carre-en-nylon-connecte-de-5-bleu-clair-nienhuis-montessori\/","og_site_name":"Sustainable Educational Products &amp; Ecological Toys\u00a0","article_publisher":"https:\/\/www.facebook.com\/teiaeducation\/","article_modified_time":"2020-10-19T17:24:44+00:00","og_image":[{"width":800,"height":533,"url":"https:\/\/teiaeducation.ch\/wp-content\/uploads\/2019\/10\/Nienhuis-Montessori-spare-part-Connected-Nylon-Square-Of-5-Light-Blue.jpeg","type":"image\/jpeg"}],"schema":{"@context":"https:\/\/schema.org","@graph":[{"@type":"WebPage","@id":"https:\/\/teiaeducation.ch\/fr\/produit\/piece-detachee-carre-en-nylon-connecte-de-5-bleu-clair-nienhuis-montessori\/","url":"https:\/\/teiaeducation.ch\/fr\/produit\/piece-detachee-carre-en-nylon-connecte-de-5-bleu-clair-nienhuis-montessori\/","name":"Pi\u00e8ce d\u00e9tach\u00e9e: carr\u00e9 en nylon connect\u00e9 de 5 bleu clair - Nienhuis Montessori - Teia Education & Play","isPartOf":{"@id":"https:\/\/teiaeducation.ch\/fr\/#website"},"primaryImageOfPage":{"@id":"https:\/\/teiaeducation.ch\/fr\/produit\/piece-detachee-carre-en-nylon-connecte-de-5-bleu-clair-nienhuis-montessori\/#primaryimage"},"image":{"@id":"https:\/\/teiaeducation.ch\/fr\/produit\/piece-detachee-carre-en-nylon-connecte-de-5-bleu-clair-nienhuis-montessori\/#primaryimage"},"thumbnailUrl":"https:\/\/teiaeducation.ch\/wp-content\/uploads\/2019\/10\/Nienhuis-Montessori-spare-part-Connected-Nylon-Square-Of-5-Light-Blue.jpeg","datePublished":"2019-10-29T12:25:26+00:00","dateModified":"2020-10-19T17:24:44+00:00","description":"Pi\u00e8ce d\u00e9tach\u00e9e: carr\u00e9 en nylon connect\u00e9 de 5 bleu clair de Nienhuis Montessori. Ce mat\u00e9riel convient aux enfants \u00e2g\u00e9s de 5 ans et plus.","breadcrumb":{"@id":"https:\/\/teiaeducation.ch\/fr\/produit\/piece-detachee-carre-en-nylon-connecte-de-5-bleu-clair-nienhuis-montessori\/#breadcrumb"},"inLanguage":"fr-FR","potentialAction":[{"@type":"ReadAction","target":["https:\/\/teiaeducation.ch\/fr\/produit\/piece-detachee-carre-en-nylon-connecte-de-5-bleu-clair-nienhuis-montessori\/"]}]},{"@type":"ImageObject","inLanguage":"fr-FR","@id":"https:\/\/teiaeducation.ch\/fr\/produit\/piece-detachee-carre-en-nylon-connecte-de-5-bleu-clair-nienhuis-montessori\/#primaryimage","url":"https:\/\/teiaeducation.ch\/wp-content\/uploads\/2019\/10\/Nienhuis-Montessori-spare-part-Connected-Nylon-Square-Of-5-Light-Blue.jpeg","contentUrl":"https:\/\/teiaeducation.ch\/wp-content\/uploads\/2019\/10\/Nienhuis-Montessori-spare-part-Connected-Nylon-Square-Of-5-Light-Blue.jpeg","width":800,"height":533,"caption":"Pi\u00e8ce d\u00e9tach\u00e9e: carr\u00e9 en nylon connect\u00e9 de 5 bleu clair - Nienhuis Montessori"},{"@type":"BreadcrumbList","@id":"https:\/\/teiaeducation.ch\/fr\/produit\/piece-detachee-carre-en-nylon-connecte-de-5-bleu-clair-nienhuis-montessori\/#breadcrumb","itemListElement":[{"@type":"ListItem","position":1,"name":"Home","item":"https:\/\/teiaeducation.ch\/fr\/"},{"@type":"ListItem","position":2,"name":"Boutique Teia Education &amp; Play","item":"https:\/\/teiaeducation.ch\/fr\/boutique\/"},{"@type":"ListItem","position":3,"name":"Supports P\u00e9dagogiques","item":"https:\/\/teiaeducation.ch\/fr\/categorie-produit\/appui-au-curriculum\/"},{"@type":"ListItem","position":4,"name":"Pi\u00e8ces D\u00e9tach\u00e9es","item":"https:\/\/teiaeducation.ch\/fr\/categorie-produit\/appui-au-curriculum\/pieces-detachees-fr\/"},{"@type":"ListItem","position":5,"name":"Pi\u00e8ce d\u00e9tach\u00e9e: carr\u00e9 en nylon connect\u00e9 de 5 bleu clair &#8211; Nienhuis Montessori"}]},{"@type":"WebSite","@id":"https:\/\/teiaeducation.ch\/fr\/#website","url":"https:\/\/teiaeducation.ch\/fr\/","name":"Sustainable Educational Products &amp; Ecological Toys\u00a0","description":"Specialised Swiss shop selling sustainable educational toys and games, AMI certified Montessori materials, handmade ecological wooden Waldorf toys and arts &amp; crafts supplies, school supplies, children&#039;s furniture and Montessori reference and parenting books.","publisher":{"@id":"https:\/\/teiaeducation.ch\/fr\/#organization"},"alternateName":"Teia Education & Play","potentialAction":[{"@type":"SearchAction","target":{"@type":"EntryPoint","urlTemplate":"https:\/\/teiaeducation.ch\/fr\/?s={search_term_string}"},"query-input":{"@type":"PropertyValueSpecification","valueRequired":true,"valueName":"search_term_string"}}],"inLanguage":"fr-FR"},{"@type":"Organization","@id":"https:\/\/teiaeducation.ch\/fr\/#organization","name":"Teia Education & Play","url":"https:\/\/teiaeducation.ch\/fr\/","logo":{"@type":"ImageObject","inLanguage":"fr-FR","@id":"https:\/\/teiaeducation.ch\/fr\/#\/schema\/logo\/image\/","url":"https:\/\/teiaeducation.ch\/wp-content\/uploads\/2020\/11\/Teia-Education-Switzerland-e1620156442216.jpg","contentUrl":"https:\/\/teiaeducation.ch\/wp-content\/uploads\/2020\/11\/Teia-Education-Switzerland-e1620156442216.jpg","width":166,"height":145,"caption":"Teia Education & Play"},"image":{"@id":"https:\/\/teiaeducation.ch\/fr\/#\/schema\/logo\/image\/"},"sameAs":["https:\/\/www.facebook.com\/teiaeducation\/","https:\/\/x.com\/EducationTeia","https:\/\/www.instagram.com\/teia.education\/","https:\/\/www.linkedin.com\/company\/35501660","https:\/\/www.pinterest.ch\/TeiaEducation\/"]}]}},"_links":{"self":[{"href":"https:\/\/teiaeducation.ch\/fr\/wp-json\/wp\/v2\/product\/21271","targetHints":{"allow":["GET"]}}],"collection":[{"href":"https:\/\/teiaeducation.ch\/fr\/wp-json\/wp\/v2\/product"}],"about":[{"href":"https:\/\/teiaeducation.ch\/fr\/wp-json\/wp\/v2\/types\/product"}],"replies":[{"embeddable":true,"href":"https:\/\/teiaeducation.ch\/fr\/wp-json\/wp\/v2\/comments?post=21271"}],"wp:featuredmedia":[{"embeddable":true,"href":"https:\/\/teiaeducation.ch\/fr\/wp-json\/wp\/v2\/media\/21227"}],"wp:attachment":[{"href":"https:\/\/teiaeducation.ch\/fr\/wp-json\/wp\/v2\/media?parent=21271"}],"wp:term":[{"taxonomy":"product_brand","embeddable":true,"href":"https:\/\/teiaeducation.ch\/fr\/wp-json\/wp\/v2\/product_brand?post=21271"},{"taxonomy":"product_cat","embeddable":true,"href":"https:\/\/teiaeducation.ch\/fr\/wp-json\/wp\/v2\/product_cat?post=21271"},{"taxonomy":"product_tag","embeddable":true,"href":"https:\/\/teiaeducation.ch\/fr\/wp-json\/wp\/v2\/product_tag?post=21271"}],"curies":[{"name":"wp","href":"https:\/\/api.w.org\/{rel}","templated":true}]}}