{"id":21355,"date":"2021-05-26T15:20:41","date_gmt":"2021-05-26T13:20:41","guid":{"rendered":"https:\/\/teiaeducation.ch\/product\/puzzle-bebe-5-animaux-sauvages-nienhuis-montessori\/"},"modified":"2025-12-14T22:01:36","modified_gmt":"2025-12-14T21:01:36","slug":"puzzle-petite-enfance-5-animaux-sauvages-nienhuis-montessori","status":"publish","type":"product","link":"https:\/\/teiaeducation.ch\/fr\/produit\/puzzle-petite-enfance-5-animaux-sauvages-nienhuis-montessori\/","title":{"rendered":"Puzzle petite enfance: 5 animaux sauvages &#8211; Nienhuis Montessori"},"content":{"rendered":"<p>Puzzle petite enfance: 5 animaux sauvages &#8211; Nienhuis Montessori<\/p>\n<p>Le puzzle de Nienhuis Montessori pour tout-petits: 5 animaux sauvages en bois comporte des photos r\u00e9alistes de 5 animaux sauvages de diff\u00e9rentes tailles.<\/p>\n<p>Ce mat\u00e9riel convient aux enfants \u00e2g\u00e9s de 1 an et plus.<\/p>\n<p>Contenu:<\/p>\n<p>1 puzzle en bois de 5 pi\u00e8ces: 5 animaux sauvages (42 x 13,5 cm)<\/p>\n<p><em><span class=\"tlid-translation translation\" lang=\"fr\"><span title=\"\">Nous n'avons actuellement pas cet article en stock, mais il est disponible en pr\u00e9-commande.<\/span> <span class=\"\" title=\"\">Nous commanderons cet article pour vous aupr\u00e8s de notre fournisseur.<\/span> <span class=\"\" title=\"\">Veuillez allouer de 2 \u00e0 3 semaines maximum pour la livraison.<\/span><\/span><\/em><\/p>\n\t<div id=\"gap-819740777\" class=\"gap-element clearfix\" style=\"display:block; height:auto;\">\n\t\t\n<style>\n#gap-819740777 {\n  padding-top: 20px;\n}\n<\/style>\n\t<\/div>\n\t\n","protected":false},"excerpt":{"rendered":"<p>Num\u00e9ro d&#8217;article: 044450<\/p>\n","protected":false},"featured_media":13721,"comment_status":"closed","ping_status":"closed","template":"","meta":[],"product_brand":[],"product_cat":[208,285,635,283,8526,17239,17237,8572,13130,288,7595,1218,207,217,205,13148,209,623,625,212,612],"product_tag":[6458,6459,803,6457,6461,6460,6462,6456],"class_list":{"0":"post-21355","1":"product","2":"type-product","3":"status-publish","4":"has-post-thumbnail","6":"product_cat-1-3-ans","7":"product_cat-alphabetisation-langage","8":"product_cat-competences-motrices","9":"product_cat-domaines-du-curriculum","10":"product_cat-fournitures-scolaires-a-domicile","11":"product_cat-guide-cadeaux-educatifs","12":"product_cat-guide-cadeaux-puzzles-en-bois","13":"product_cat-jeu-et-apprentissage-pour-bebes-et-jeunes-enfants","14":"product_cat-jouer","15":"product_cat-mathematiques-calcul","16":"product_cat-methode-deducation","17":"product_cat-montessori-fr","18":"product_cat-nienhuis-montessori-materiel-fr","19":"product_cat-marques","20":"product_cat-nourrisson-enfant-bas-age","21":"product_cat-puzzles-en-bois","22":"product_cat-sensorielles-motrices","23":"product_cat-serialisation","24":"product_cat-taille","25":"product_cat-tranche-dage","26":"product_cat-vocabulaire-fr","27":"product_tag-dexterite","28":"product_tag-mouvement","29":"product_tag-nienhuis-montessori-fr","30":"product_tag-nourrisson-enfant-en-bas-age-0-3","31":"product_tag-puzzle-bebe","32":"product_tag-puzzle-educatif-en-bois","33":"product_tag-puzzle-en-bois-animaux-sauvages","34":"product_tag-puzzle-montessori","36":"first","37":"instock","38":"sold-individually","39":"taxable","40":"shipping-taxable","41":"purchasable","42":"product-type-simple"},"yoast_head":"<!-- This site is optimized with the Yoast SEO plugin v27.1.1 - https:\/\/yoast.com\/product\/yoast-seo-wordpress\/ -->\n<title>Puzzle petite enfance: 5 animaux sauvages - Nienhuis Montessori<\/title>\n<meta name=\"description\" content=\"Le puzzle de Nienhuis Montessori pour tout-petits: 5 animaux sauvages en bois comporte des photos r\u00e9alistes de 5 animaux sauvages de diff\u00e9rentes tailles.\" \/>\n<meta name=\"robots\" content=\"index, follow, max-snippet:-1, max-image-preview:large, max-video-preview:-1\" \/>\n<link rel=\"canonical\" href=\"https:\/\/teiaeducation.ch\/fr\/produit\/puzzle-petite-enfance-5-animaux-sauvages-nienhuis-montessori\/\" \/>\n<meta property=\"og:locale\" content=\"fr_FR\" \/>\n<meta property=\"og:type\" content=\"article\" \/>\n<meta property=\"og:title\" content=\"Puzzle petite enfance: 5 animaux sauvages - Nienhuis Montessori\" \/>\n<meta property=\"og:description\" content=\"Le puzzle de Nienhuis Montessori pour tout-petits: 5 animaux sauvages en bois comporte des photos r\u00e9alistes de 5 animaux sauvages de diff\u00e9rentes tailles.\" \/>\n<meta property=\"og:url\" content=\"https:\/\/teiaeducation.ch\/fr\/produit\/puzzle-petite-enfance-5-animaux-sauvages-nienhuis-montessori\/\" \/>\n<meta property=\"og:site_name\" content=\"Sustainable Educational Products &amp; Ecological Toys\u00a0\" \/>\n<meta property=\"article:publisher\" content=\"https:\/\/www.facebook.com\/teiaeducation\/\" \/>\n<meta property=\"article:modified_time\" content=\"2025-12-14T21:01:36+00:00\" \/>\n<meta property=\"og:image\" content=\"https:\/\/teiaeducation.ch\/wp-content\/uploads\/2019\/05\/400_044450_main_or_1-scaled-scaled.jpg\" \/>\n\t<meta property=\"og:image:width\" content=\"2048\" \/>\n\t<meta property=\"og:image:height\" content=\"2048\" \/>\n\t<meta property=\"og:image:type\" content=\"image\/jpeg\" \/>\n<script type=\"application\/ld+json\" class=\"yoast-schema-graph\">{\"@context\":\"https:\/\/schema.org\",\"@graph\":[{\"@type\":\"WebPage\",\"@id\":\"https:\/\/teiaeducation.ch\/fr\/produit\/puzzle-petite-enfance-5-animaux-sauvages-nienhuis-montessori\/\",\"url\":\"https:\/\/teiaeducation.ch\/fr\/produit\/puzzle-petite-enfance-5-animaux-sauvages-nienhuis-montessori\/\",\"name\":\"Puzzle petite enfance: 5 animaux sauvages - Nienhuis Montessori\",\"isPartOf\":{\"@id\":\"https:\/\/teiaeducation.ch\/fr\/#website\"},\"primaryImageOfPage\":{\"@id\":\"https:\/\/teiaeducation.ch\/fr\/produit\/puzzle-petite-enfance-5-animaux-sauvages-nienhuis-montessori\/#primaryimage\"},\"image\":{\"@id\":\"https:\/\/teiaeducation.ch\/fr\/produit\/puzzle-petite-enfance-5-animaux-sauvages-nienhuis-montessori\/#primaryimage\"},\"thumbnailUrl\":\"https:\/\/teiaeducation.ch\/wp-content\/uploads\/2019\/05\/400_044450_main_or_1-scaled-scaled.jpg\",\"datePublished\":\"2021-05-26T13:20:41+00:00\",\"dateModified\":\"2025-12-14T21:01:36+00:00\",\"description\":\"Le puzzle de Nienhuis Montessori pour tout-petits: 5 animaux sauvages en bois comporte des photos r\u00e9alistes de 5 animaux sauvages de diff\u00e9rentes tailles.\",\"breadcrumb\":{\"@id\":\"https:\/\/teiaeducation.ch\/fr\/produit\/puzzle-petite-enfance-5-animaux-sauvages-nienhuis-montessori\/#breadcrumb\"},\"inLanguage\":\"fr-FR\",\"potentialAction\":[{\"@type\":\"ReadAction\",\"target\":[\"https:\/\/teiaeducation.ch\/fr\/produit\/puzzle-petite-enfance-5-animaux-sauvages-nienhuis-montessori\/\"]}]},{\"@type\":\"ImageObject\",\"inLanguage\":\"fr-FR\",\"@id\":\"https:\/\/teiaeducation.ch\/fr\/produit\/puzzle-petite-enfance-5-animaux-sauvages-nienhuis-montessori\/#primaryimage\",\"url\":\"https:\/\/teiaeducation.ch\/wp-content\/uploads\/2019\/05\/400_044450_main_or_1-scaled-scaled.jpg\",\"contentUrl\":\"https:\/\/teiaeducation.ch\/wp-content\/uploads\/2019\/05\/400_044450_main_or_1-scaled-scaled.jpg\",\"width\":2048,\"height\":2048,\"caption\":\"Puzzle petite enfance: 5 animaux sauvages - Nienhuis Montessori\"},{\"@type\":\"BreadcrumbList\",\"@id\":\"https:\/\/teiaeducation.ch\/fr\/produit\/puzzle-petite-enfance-5-animaux-sauvages-nienhuis-montessori\/#breadcrumb\",\"itemListElement\":[{\"@type\":\"ListItem\",\"position\":1,\"name\":\"Home\",\"item\":\"https:\/\/teiaeducation.ch\/fr\/\"},{\"@type\":\"ListItem\",\"position\":2,\"name\":\"Boutique Teia Education &amp; Play\",\"item\":\"https:\/\/teiaeducation.ch\/fr\/boutique\/\"},{\"@type\":\"ListItem\",\"position\":3,\"name\":\"Nos Marques\",\"item\":\"https:\/\/teiaeducation.ch\/fr\/categorie-produit\/marques\/\"},{\"@type\":\"ListItem\",\"position\":4,\"name\":\"Nienhuis Montessori Suisse\",\"item\":\"https:\/\/teiaeducation.ch\/fr\/categorie-produit\/marques\/nienhuis-montessori-materiel-fr\/\"},{\"@type\":\"ListItem\",\"position\":5,\"name\":\"Nourrisson &amp; Enfant Bas \u00c2ge\",\"item\":\"https:\/\/teiaeducation.ch\/fr\/categorie-produit\/marques\/nienhuis-montessori-materiel-fr\/nourrisson-enfant-bas-age\/\"},{\"@type\":\"ListItem\",\"position\":6,\"name\":\"Puzzle petite enfance: 5 animaux sauvages &#8211; Nienhuis Montessori\"}]},{\"@type\":\"WebSite\",\"@id\":\"https:\/\/teiaeducation.ch\/fr\/#website\",\"url\":\"https:\/\/teiaeducation.ch\/fr\/\",\"name\":\"Sustainable Educational Products &amp; Ecological Toys\u00a0\",\"description\":\"Specialised Swiss shop selling sustainable educational toys and games, AMI certified Montessori materials, handmade ecological wooden Waldorf toys and arts &amp; crafts supplies, school supplies, children&#039;s furniture and Montessori reference and parenting books.\",\"publisher\":{\"@id\":\"https:\/\/teiaeducation.ch\/fr\/#organization\"},\"alternateName\":\"Teia Education & Play\",\"potentialAction\":[{\"@type\":\"SearchAction\",\"target\":{\"@type\":\"EntryPoint\",\"urlTemplate\":\"https:\/\/teiaeducation.ch\/fr\/?s={search_term_string}\"},\"query-input\":{\"@type\":\"PropertyValueSpecification\",\"valueRequired\":true,\"valueName\":\"search_term_string\"}}],\"inLanguage\":\"fr-FR\"},{\"@type\":\"Organization\",\"@id\":\"https:\/\/teiaeducation.ch\/fr\/#organization\",\"name\":\"Teia Education & Play\",\"url\":\"https:\/\/teiaeducation.ch\/fr\/\",\"logo\":{\"@type\":\"ImageObject\",\"inLanguage\":\"fr-FR\",\"@id\":\"https:\/\/teiaeducation.ch\/fr\/#\/schema\/logo\/image\/\",\"url\":\"https:\/\/teiaeducation.ch\/wp-content\/uploads\/2020\/11\/Teia-Education-Switzerland-e1620156442216.jpg\",\"contentUrl\":\"https:\/\/teiaeducation.ch\/wp-content\/uploads\/2020\/11\/Teia-Education-Switzerland-e1620156442216.jpg\",\"width\":166,\"height\":145,\"caption\":\"Teia Education & Play\"},\"image\":{\"@id\":\"https:\/\/teiaeducation.ch\/fr\/#\/schema\/logo\/image\/\"},\"sameAs\":[\"https:\/\/www.facebook.com\/teiaeducation\/\",\"https:\/\/x.com\/EducationTeia\",\"https:\/\/www.instagram.com\/teia.education\/\",\"https:\/\/www.linkedin.com\/company\/35501660\",\"https:\/\/www.pinterest.ch\/TeiaEducation\/\"]}]}<\/script>\n<!-- \/ Yoast SEO plugin. -->","yoast_head_json":{"title":"Puzzle petite enfance: 5 animaux sauvages - Nienhuis Montessori","description":"Le puzzle de Nienhuis Montessori pour tout-petits: 5 animaux sauvages en bois comporte des photos r\u00e9alistes de 5 animaux sauvages de diff\u00e9rentes tailles.","robots":{"index":"index","follow":"follow","max-snippet":"max-snippet:-1","max-image-preview":"max-image-preview:large","max-video-preview":"max-video-preview:-1"},"canonical":"https:\/\/teiaeducation.ch\/fr\/produit\/puzzle-petite-enfance-5-animaux-sauvages-nienhuis-montessori\/","og_locale":"fr_FR","og_type":"article","og_title":"Puzzle petite enfance: 5 animaux sauvages - Nienhuis Montessori","og_description":"Le puzzle de Nienhuis Montessori pour tout-petits: 5 animaux sauvages en bois comporte des photos r\u00e9alistes de 5 animaux sauvages de diff\u00e9rentes tailles.","og_url":"https:\/\/teiaeducation.ch\/fr\/produit\/puzzle-petite-enfance-5-animaux-sauvages-nienhuis-montessori\/","og_site_name":"Sustainable Educational Products &amp; Ecological Toys\u00a0","article_publisher":"https:\/\/www.facebook.com\/teiaeducation\/","article_modified_time":"2025-12-14T21:01:36+00:00","og_image":[{"width":2048,"height":2048,"url":"https:\/\/teiaeducation.ch\/wp-content\/uploads\/2019\/05\/400_044450_main_or_1-scaled-scaled.jpg","type":"image\/jpeg"}],"schema":{"@context":"https:\/\/schema.org","@graph":[{"@type":"WebPage","@id":"https:\/\/teiaeducation.ch\/fr\/produit\/puzzle-petite-enfance-5-animaux-sauvages-nienhuis-montessori\/","url":"https:\/\/teiaeducation.ch\/fr\/produit\/puzzle-petite-enfance-5-animaux-sauvages-nienhuis-montessori\/","name":"Puzzle petite enfance: 5 animaux sauvages - Nienhuis Montessori","isPartOf":{"@id":"https:\/\/teiaeducation.ch\/fr\/#website"},"primaryImageOfPage":{"@id":"https:\/\/teiaeducation.ch\/fr\/produit\/puzzle-petite-enfance-5-animaux-sauvages-nienhuis-montessori\/#primaryimage"},"image":{"@id":"https:\/\/teiaeducation.ch\/fr\/produit\/puzzle-petite-enfance-5-animaux-sauvages-nienhuis-montessori\/#primaryimage"},"thumbnailUrl":"https:\/\/teiaeducation.ch\/wp-content\/uploads\/2019\/05\/400_044450_main_or_1-scaled-scaled.jpg","datePublished":"2021-05-26T13:20:41+00:00","dateModified":"2025-12-14T21:01:36+00:00","description":"Le puzzle de Nienhuis Montessori pour tout-petits: 5 animaux sauvages en bois comporte des photos r\u00e9alistes de 5 animaux sauvages de diff\u00e9rentes tailles.","breadcrumb":{"@id":"https:\/\/teiaeducation.ch\/fr\/produit\/puzzle-petite-enfance-5-animaux-sauvages-nienhuis-montessori\/#breadcrumb"},"inLanguage":"fr-FR","potentialAction":[{"@type":"ReadAction","target":["https:\/\/teiaeducation.ch\/fr\/produit\/puzzle-petite-enfance-5-animaux-sauvages-nienhuis-montessori\/"]}]},{"@type":"ImageObject","inLanguage":"fr-FR","@id":"https:\/\/teiaeducation.ch\/fr\/produit\/puzzle-petite-enfance-5-animaux-sauvages-nienhuis-montessori\/#primaryimage","url":"https:\/\/teiaeducation.ch\/wp-content\/uploads\/2019\/05\/400_044450_main_or_1-scaled-scaled.jpg","contentUrl":"https:\/\/teiaeducation.ch\/wp-content\/uploads\/2019\/05\/400_044450_main_or_1-scaled-scaled.jpg","width":2048,"height":2048,"caption":"Puzzle petite enfance: 5 animaux sauvages - Nienhuis Montessori"},{"@type":"BreadcrumbList","@id":"https:\/\/teiaeducation.ch\/fr\/produit\/puzzle-petite-enfance-5-animaux-sauvages-nienhuis-montessori\/#breadcrumb","itemListElement":[{"@type":"ListItem","position":1,"name":"Home","item":"https:\/\/teiaeducation.ch\/fr\/"},{"@type":"ListItem","position":2,"name":"Boutique Teia Education &amp; Play","item":"https:\/\/teiaeducation.ch\/fr\/boutique\/"},{"@type":"ListItem","position":3,"name":"Nos Marques","item":"https:\/\/teiaeducation.ch\/fr\/categorie-produit\/marques\/"},{"@type":"ListItem","position":4,"name":"Nienhuis Montessori Suisse","item":"https:\/\/teiaeducation.ch\/fr\/categorie-produit\/marques\/nienhuis-montessori-materiel-fr\/"},{"@type":"ListItem","position":5,"name":"Nourrisson &amp; Enfant Bas \u00c2ge","item":"https:\/\/teiaeducation.ch\/fr\/categorie-produit\/marques\/nienhuis-montessori-materiel-fr\/nourrisson-enfant-bas-age\/"},{"@type":"ListItem","position":6,"name":"Puzzle petite enfance: 5 animaux sauvages &#8211; Nienhuis Montessori"}]},{"@type":"WebSite","@id":"https:\/\/teiaeducation.ch\/fr\/#website","url":"https:\/\/teiaeducation.ch\/fr\/","name":"Sustainable Educational Products &amp; Ecological Toys\u00a0","description":"Specialised Swiss shop selling sustainable educational toys and games, AMI certified Montessori materials, handmade ecological wooden Waldorf toys and arts &amp; crafts supplies, school supplies, children&#039;s furniture and Montessori reference and parenting books.","publisher":{"@id":"https:\/\/teiaeducation.ch\/fr\/#organization"},"alternateName":"Teia Education & Play","potentialAction":[{"@type":"SearchAction","target":{"@type":"EntryPoint","urlTemplate":"https:\/\/teiaeducation.ch\/fr\/?s={search_term_string}"},"query-input":{"@type":"PropertyValueSpecification","valueRequired":true,"valueName":"search_term_string"}}],"inLanguage":"fr-FR"},{"@type":"Organization","@id":"https:\/\/teiaeducation.ch\/fr\/#organization","name":"Teia Education & Play","url":"https:\/\/teiaeducation.ch\/fr\/","logo":{"@type":"ImageObject","inLanguage":"fr-FR","@id":"https:\/\/teiaeducation.ch\/fr\/#\/schema\/logo\/image\/","url":"https:\/\/teiaeducation.ch\/wp-content\/uploads\/2020\/11\/Teia-Education-Switzerland-e1620156442216.jpg","contentUrl":"https:\/\/teiaeducation.ch\/wp-content\/uploads\/2020\/11\/Teia-Education-Switzerland-e1620156442216.jpg","width":166,"height":145,"caption":"Teia Education & Play"},"image":{"@id":"https:\/\/teiaeducation.ch\/fr\/#\/schema\/logo\/image\/"},"sameAs":["https:\/\/www.facebook.com\/teiaeducation\/","https:\/\/x.com\/EducationTeia","https:\/\/www.instagram.com\/teia.education\/","https:\/\/www.linkedin.com\/company\/35501660","https:\/\/www.pinterest.ch\/TeiaEducation\/"]}]}},"_links":{"self":[{"href":"https:\/\/teiaeducation.ch\/fr\/wp-json\/wp\/v2\/product\/21355","targetHints":{"allow":["GET"]}}],"collection":[{"href":"https:\/\/teiaeducation.ch\/fr\/wp-json\/wp\/v2\/product"}],"about":[{"href":"https:\/\/teiaeducation.ch\/fr\/wp-json\/wp\/v2\/types\/product"}],"replies":[{"embeddable":true,"href":"https:\/\/teiaeducation.ch\/fr\/wp-json\/wp\/v2\/comments?post=21355"}],"wp:featuredmedia":[{"embeddable":true,"href":"https:\/\/teiaeducation.ch\/fr\/wp-json\/wp\/v2\/media\/13721"}],"wp:attachment":[{"href":"https:\/\/teiaeducation.ch\/fr\/wp-json\/wp\/v2\/media?parent=21355"}],"wp:term":[{"taxonomy":"product_brand","embeddable":true,"href":"https:\/\/teiaeducation.ch\/fr\/wp-json\/wp\/v2\/product_brand?post=21355"},{"taxonomy":"product_cat","embeddable":true,"href":"https:\/\/teiaeducation.ch\/fr\/wp-json\/wp\/v2\/product_cat?post=21355"},{"taxonomy":"product_tag","embeddable":true,"href":"https:\/\/teiaeducation.ch\/fr\/wp-json\/wp\/v2\/product_tag?post=21355"}],"curies":[{"name":"wp","href":"https:\/\/api.w.org\/{rel}","templated":true}]}}