{"id":21356,"date":"2018-11-19T22:03:23","date_gmt":"2018-11-19T21:03:23","guid":{"rendered":"https:\/\/teiaeducation.ch\/product\/tableau-multi-activites-chiffres-de-1-a-5-educo\/"},"modified":"2021-09-10T14:50:33","modified_gmt":"2021-09-10T12:50:33","slug":"tableau-multi-activites-chiffres-de-1-a-5-educo","status":"publish","type":"product","link":"https:\/\/teiaeducation.ch\/fr\/produit\/tableau-multi-activites-chiffres-de-1-a-5-educo\/","title":{"rendered":"Tableau multi-activit\u00e9s chiffres de 1 \u00e0 5 &#8211; Educo"},"content":{"rendered":"<p>Tableau multi-activit\u00e9s chiffres de 1 \u00e0 5 &#8211; Educo<\/p>\n<p><span class=\"tlid-translation translation\" lang=\"fr\"><span class=\"\" title=\"\">Le tableau diagramme multi-activit\u00e9s chiffres de 1 \u00e0 5 d&#8217;Educo est un cadre en bois avec un ensemble de cartes-images avec les chiffres 1 \u00e0 5 visualis\u00e9s sous forme de symboles de nombre, de d\u00e9s, de cercle, d\u2019\u00e9toiles et de carr\u00e9s.<\/span><\/span><\/p>\n<p><span class=\"tlid-translation translation\" lang=\"fr\"><span title=\"\">Les tableaux pour les num\u00e9ros <a href=\"https:\/\/teiaeducation.ch\/fr\/produit\/tableaux-multi-activites-chiffres-de-6-a-10-educo\/\">6 \u00e0 10<\/a> et <a href=\"https:\/\/teiaeducation.ch\/fr\/produit\/tableaux-multi-activites-chiffres-de-11-a-20-educo\/\">11 \u00e0 20<\/a> sont \u00e9galement vendus s\u00e9par\u00e9ment.<\/span><\/span><\/p>\n<p>La marque n\u00e9erlandaise Educo repr\u00e9sente un monde color\u00e9 d\u2019apprentissage ludique, de jeux \u00e9ducatifs stimulants et de jouets. De haute qualit\u00e9 et durables, les produits Educo tournent autour des situations quotidiennes et aident les enfants \u00e0 associer les jeux \u00e0 des sujets r\u00e9guliers, transformant le processus d\u2019apprentissage en une simulation de leur environnement naturel.<\/p>\n<p>Les produits \u00e9ducatifs actifs et pratiques d\u2019Educo sont principalement faits en bois, avec des mat\u00e9riaux durables tels que les encres et les peintures \u00e0 base d\u2019eau. Les jouets sont fabriqu\u00e9s pour supporter des ann\u00e9es d\u2019utilisation robuste, encourager l\u2019apprentissage bas\u00e9 sur le jeu et inspirer la croissance et le succ\u00e8s chez les enfants \u00e2g\u00e9s de 1 \u00e0 6 ans. Ils r\u00e9pondent aux exigences de diverses r\u00e9glementations europ\u00e9ennes et internationales en mati\u00e8re de s\u00e9curit\u00e9 des jouets et se conforment \u00e0 la directive 2009\/48\/CE sur la s\u00e9curit\u00e9 des jouets, y compris EN81 et ASTM.<\/p>\n<p><span class=\"\" title=\"\">Ce mat\u00e9riel convient aux enfants \u00e2g\u00e9s de 4 \u00e0 6 ans.<\/span><\/p>\n<p><span class=\"\" title=\"\">Contenu:<\/span><\/p>\n<p><span title=\"\">1 cadre en bois (34 x 34 cm)<\/span><br \/>\n<span class=\"\" title=\"\">25 cartes plastiques num\u00e9rot\u00e9es et illustr\u00e9es<\/span><\/p>\n","protected":false},"excerpt":{"rendered":"<p>Num\u00e9ro d&#8217;article: E522176<\/p>\n<p>Le tableau Educo est un cadre en bois avec un ensemble de cartes-images avec les chiffres 1 \u00e0 5 visualis\u00e9s sous diverses formes.<\/p>\n","protected":false},"featured_media":1714,"comment_status":"closed","ping_status":"closed","template":"","meta":[],"product_brand":[],"product_cat":[8527,215,13128,245,283,224,8526,234,13130,22181,1220,624,630,288,7595,1218,217,212],"product_tag":[8542,6108,6463,8605,650],"class_list":{"0":"post-21356","1":"product","2":"type-product","3":"status-publish","4":"has-post-thumbnail","6":"product_cat-3-6-ans-ecole-a-domicile","7":"product_cat-3-6-ans","8":"product_cat-apprendre-a-compter","9":"product_cat-calcul-jeu-mathematique","10":"product_cat-domaines-du-curriculum","11":"product_cat-educo-fr","12":"product_cat-fournitures-scolaires-a-domicile","13":"product_cat-jeu-mathematique","14":"product_cat-jouer","15":"product_cat-jouets-montessori","16":"product_cat-traditionnelle","17":"product_cat-formes","18":"product_cat-nombres","19":"product_cat-mathematiques-calcul","20":"product_cat-methode-deducation","21":"product_cat-montessori-fr","22":"product_cat-marques","23":"product_cat-tranche-dage","24":"product_tag-apprendre-a-compter","25":"product_tag-educatif-fr","26":"product_tag-educo-diagramme-de-comptage-educo-1-a-5","27":"product_tag-jouets-educatifs-en-bois-fr","28":"product_tag-jouets-educatifs-suisse","30":"first","31":"instock","32":"taxable","33":"shipping-taxable","34":"purchasable","35":"product-type-simple"},"yoast_head":"<!-- This site is optimized with the Yoast SEO plugin v27.1.1 - https:\/\/yoast.com\/product\/yoast-seo-wordpress\/ -->\n<title>Tableau multi-activit\u00e9s chiffres de 1 \u00e0 5 - Educo - Teia Education &amp; Play<\/title>\n<meta name=\"description\" content=\"Le tableau Educo est un cadre en bois avec un ensemble de cartes-images avec les chiffres 1 \u00e0 5 visualis\u00e9s sous diverses formes.\" \/>\n<meta name=\"robots\" content=\"index, follow, max-snippet:-1, max-image-preview:large, max-video-preview:-1\" \/>\n<link rel=\"canonical\" href=\"https:\/\/teiaeducation.ch\/fr\/produit\/tableau-multi-activites-chiffres-de-1-a-5-educo\/\" \/>\n<meta property=\"og:locale\" content=\"fr_FR\" \/>\n<meta property=\"og:type\" content=\"article\" \/>\n<meta property=\"og:title\" content=\"Tableau multi-activit\u00e9s chiffres de 1 \u00e0 5 - Educo - Teia Education &amp; Play\" \/>\n<meta property=\"og:description\" content=\"Le tableau Educo est un cadre en bois avec un ensemble de cartes-images avec les chiffres 1 \u00e0 5 visualis\u00e9s sous diverses formes.\" \/>\n<meta property=\"og:url\" content=\"https:\/\/teiaeducation.ch\/fr\/produit\/tableau-multi-activites-chiffres-de-1-a-5-educo\/\" \/>\n<meta property=\"og:site_name\" content=\"Sustainable Educational Products &amp; Ecological Toys\u00a0\" \/>\n<meta property=\"article:publisher\" content=\"https:\/\/www.facebook.com\/teiaeducation\/\" \/>\n<meta property=\"article:modified_time\" content=\"2021-09-10T12:50:33+00:00\" \/>\n<meta property=\"og:image\" content=\"https:\/\/teiaeducation.ch\/wp-content\/uploads\/2018\/11\/E522176-scaled-scaled.jpg\" \/>\n\t<meta property=\"og:image:width\" content=\"2048\" \/>\n\t<meta property=\"og:image:height\" content=\"2048\" \/>\n\t<meta property=\"og:image:type\" content=\"image\/jpeg\" \/>\n<script type=\"application\/ld+json\" class=\"yoast-schema-graph\">{\"@context\":\"https:\/\/schema.org\",\"@graph\":[{\"@type\":\"WebPage\",\"@id\":\"https:\/\/teiaeducation.ch\/fr\/produit\/tableau-multi-activites-chiffres-de-1-a-5-educo\/\",\"url\":\"https:\/\/teiaeducation.ch\/fr\/produit\/tableau-multi-activites-chiffres-de-1-a-5-educo\/\",\"name\":\"Tableau multi-activit\u00e9s chiffres de 1 \u00e0 5 - Educo - Teia Education & Play\",\"isPartOf\":{\"@id\":\"https:\/\/teiaeducation.ch\/fr\/#website\"},\"primaryImageOfPage\":{\"@id\":\"https:\/\/teiaeducation.ch\/fr\/produit\/tableau-multi-activites-chiffres-de-1-a-5-educo\/#primaryimage\"},\"image\":{\"@id\":\"https:\/\/teiaeducation.ch\/fr\/produit\/tableau-multi-activites-chiffres-de-1-a-5-educo\/#primaryimage\"},\"thumbnailUrl\":\"https:\/\/teiaeducation.ch\/wp-content\/uploads\/2018\/11\/E522176-scaled-scaled.jpg\",\"datePublished\":\"2018-11-19T21:03:23+00:00\",\"dateModified\":\"2021-09-10T12:50:33+00:00\",\"description\":\"Le tableau Educo est un cadre en bois avec un ensemble de cartes-images avec les chiffres 1 \u00e0 5 visualis\u00e9s sous diverses formes.\",\"breadcrumb\":{\"@id\":\"https:\/\/teiaeducation.ch\/fr\/produit\/tableau-multi-activites-chiffres-de-1-a-5-educo\/#breadcrumb\"},\"inLanguage\":\"fr-FR\",\"potentialAction\":[{\"@type\":\"ReadAction\",\"target\":[\"https:\/\/teiaeducation.ch\/fr\/produit\/tableau-multi-activites-chiffres-de-1-a-5-educo\/\"]}]},{\"@type\":\"ImageObject\",\"inLanguage\":\"fr-FR\",\"@id\":\"https:\/\/teiaeducation.ch\/fr\/produit\/tableau-multi-activites-chiffres-de-1-a-5-educo\/#primaryimage\",\"url\":\"https:\/\/teiaeducation.ch\/wp-content\/uploads\/2018\/11\/E522176-scaled-scaled.jpg\",\"contentUrl\":\"https:\/\/teiaeducation.ch\/wp-content\/uploads\/2018\/11\/E522176-scaled-scaled.jpg\",\"width\":2048,\"height\":2048,\"caption\":\"Tableau multi-activit\u00e9s chiffres de 1 \u00e0 5 - Educo\"},{\"@type\":\"BreadcrumbList\",\"@id\":\"https:\/\/teiaeducation.ch\/fr\/produit\/tableau-multi-activites-chiffres-de-1-a-5-educo\/#breadcrumb\",\"itemListElement\":[{\"@type\":\"ListItem\",\"position\":1,\"name\":\"Home\",\"item\":\"https:\/\/teiaeducation.ch\/fr\/\"},{\"@type\":\"ListItem\",\"position\":2,\"name\":\"Boutique Teia Education &amp; Play\",\"item\":\"https:\/\/teiaeducation.ch\/fr\/boutique\/\"},{\"@type\":\"ListItem\",\"position\":3,\"name\":\"Nos Marques\",\"item\":\"https:\/\/teiaeducation.ch\/fr\/categorie-produit\/marques\/\"},{\"@type\":\"ListItem\",\"position\":4,\"name\":\"Educo\",\"item\":\"https:\/\/teiaeducation.ch\/fr\/categorie-produit\/marques\/educo-fr\/\"},{\"@type\":\"ListItem\",\"position\":5,\"name\":\"Jeu Math\u00e9matique\",\"item\":\"https:\/\/teiaeducation.ch\/fr\/categorie-produit\/marques\/educo-fr\/jeu-mathematique\/\"},{\"@type\":\"ListItem\",\"position\":6,\"name\":\"Calcul\",\"item\":\"https:\/\/teiaeducation.ch\/fr\/categorie-produit\/marques\/educo-fr\/jeu-mathematique\/calcul-jeu-mathematique\/\"},{\"@type\":\"ListItem\",\"position\":7,\"name\":\"Tableau multi-activit\u00e9s chiffres de 1 \u00e0 5 &#8211; Educo\"}]},{\"@type\":\"WebSite\",\"@id\":\"https:\/\/teiaeducation.ch\/fr\/#website\",\"url\":\"https:\/\/teiaeducation.ch\/fr\/\",\"name\":\"Sustainable Educational Products &amp; Ecological Toys\u00a0\",\"description\":\"Specialised Swiss shop selling sustainable educational toys and games, AMI certified Montessori materials, handmade ecological wooden Waldorf toys and arts &amp; crafts supplies, school supplies, children&#039;s furniture and Montessori reference and parenting books.\",\"publisher\":{\"@id\":\"https:\/\/teiaeducation.ch\/fr\/#organization\"},\"alternateName\":\"Teia Education & Play\",\"potentialAction\":[{\"@type\":\"SearchAction\",\"target\":{\"@type\":\"EntryPoint\",\"urlTemplate\":\"https:\/\/teiaeducation.ch\/fr\/?s={search_term_string}\"},\"query-input\":{\"@type\":\"PropertyValueSpecification\",\"valueRequired\":true,\"valueName\":\"search_term_string\"}}],\"inLanguage\":\"fr-FR\"},{\"@type\":\"Organization\",\"@id\":\"https:\/\/teiaeducation.ch\/fr\/#organization\",\"name\":\"Teia Education & Play\",\"url\":\"https:\/\/teiaeducation.ch\/fr\/\",\"logo\":{\"@type\":\"ImageObject\",\"inLanguage\":\"fr-FR\",\"@id\":\"https:\/\/teiaeducation.ch\/fr\/#\/schema\/logo\/image\/\",\"url\":\"https:\/\/teiaeducation.ch\/wp-content\/uploads\/2020\/11\/Teia-Education-Switzerland-e1620156442216.jpg\",\"contentUrl\":\"https:\/\/teiaeducation.ch\/wp-content\/uploads\/2020\/11\/Teia-Education-Switzerland-e1620156442216.jpg\",\"width\":166,\"height\":145,\"caption\":\"Teia Education & Play\"},\"image\":{\"@id\":\"https:\/\/teiaeducation.ch\/fr\/#\/schema\/logo\/image\/\"},\"sameAs\":[\"https:\/\/www.facebook.com\/teiaeducation\/\",\"https:\/\/x.com\/EducationTeia\",\"https:\/\/www.instagram.com\/teia.education\/\",\"https:\/\/www.linkedin.com\/company\/35501660\",\"https:\/\/www.pinterest.ch\/TeiaEducation\/\"]}]}<\/script>\n<!-- \/ Yoast SEO plugin. -->","yoast_head_json":{"title":"Tableau multi-activit\u00e9s chiffres de 1 \u00e0 5 - Educo - Teia Education & Play","description":"Le tableau Educo est un cadre en bois avec un ensemble de cartes-images avec les chiffres 1 \u00e0 5 visualis\u00e9s sous diverses formes.","robots":{"index":"index","follow":"follow","max-snippet":"max-snippet:-1","max-image-preview":"max-image-preview:large","max-video-preview":"max-video-preview:-1"},"canonical":"https:\/\/teiaeducation.ch\/fr\/produit\/tableau-multi-activites-chiffres-de-1-a-5-educo\/","og_locale":"fr_FR","og_type":"article","og_title":"Tableau multi-activit\u00e9s chiffres de 1 \u00e0 5 - Educo - Teia Education & Play","og_description":"Le tableau Educo est un cadre en bois avec un ensemble de cartes-images avec les chiffres 1 \u00e0 5 visualis\u00e9s sous diverses formes.","og_url":"https:\/\/teiaeducation.ch\/fr\/produit\/tableau-multi-activites-chiffres-de-1-a-5-educo\/","og_site_name":"Sustainable Educational Products &amp; Ecological Toys\u00a0","article_publisher":"https:\/\/www.facebook.com\/teiaeducation\/","article_modified_time":"2021-09-10T12:50:33+00:00","og_image":[{"width":2048,"height":2048,"url":"https:\/\/teiaeducation.ch\/wp-content\/uploads\/2018\/11\/E522176-scaled-scaled.jpg","type":"image\/jpeg"}],"schema":{"@context":"https:\/\/schema.org","@graph":[{"@type":"WebPage","@id":"https:\/\/teiaeducation.ch\/fr\/produit\/tableau-multi-activites-chiffres-de-1-a-5-educo\/","url":"https:\/\/teiaeducation.ch\/fr\/produit\/tableau-multi-activites-chiffres-de-1-a-5-educo\/","name":"Tableau multi-activit\u00e9s chiffres de 1 \u00e0 5 - Educo - Teia Education & Play","isPartOf":{"@id":"https:\/\/teiaeducation.ch\/fr\/#website"},"primaryImageOfPage":{"@id":"https:\/\/teiaeducation.ch\/fr\/produit\/tableau-multi-activites-chiffres-de-1-a-5-educo\/#primaryimage"},"image":{"@id":"https:\/\/teiaeducation.ch\/fr\/produit\/tableau-multi-activites-chiffres-de-1-a-5-educo\/#primaryimage"},"thumbnailUrl":"https:\/\/teiaeducation.ch\/wp-content\/uploads\/2018\/11\/E522176-scaled-scaled.jpg","datePublished":"2018-11-19T21:03:23+00:00","dateModified":"2021-09-10T12:50:33+00:00","description":"Le tableau Educo est un cadre en bois avec un ensemble de cartes-images avec les chiffres 1 \u00e0 5 visualis\u00e9s sous diverses formes.","breadcrumb":{"@id":"https:\/\/teiaeducation.ch\/fr\/produit\/tableau-multi-activites-chiffres-de-1-a-5-educo\/#breadcrumb"},"inLanguage":"fr-FR","potentialAction":[{"@type":"ReadAction","target":["https:\/\/teiaeducation.ch\/fr\/produit\/tableau-multi-activites-chiffres-de-1-a-5-educo\/"]}]},{"@type":"ImageObject","inLanguage":"fr-FR","@id":"https:\/\/teiaeducation.ch\/fr\/produit\/tableau-multi-activites-chiffres-de-1-a-5-educo\/#primaryimage","url":"https:\/\/teiaeducation.ch\/wp-content\/uploads\/2018\/11\/E522176-scaled-scaled.jpg","contentUrl":"https:\/\/teiaeducation.ch\/wp-content\/uploads\/2018\/11\/E522176-scaled-scaled.jpg","width":2048,"height":2048,"caption":"Tableau multi-activit\u00e9s chiffres de 1 \u00e0 5 - Educo"},{"@type":"BreadcrumbList","@id":"https:\/\/teiaeducation.ch\/fr\/produit\/tableau-multi-activites-chiffres-de-1-a-5-educo\/#breadcrumb","itemListElement":[{"@type":"ListItem","position":1,"name":"Home","item":"https:\/\/teiaeducation.ch\/fr\/"},{"@type":"ListItem","position":2,"name":"Boutique Teia Education &amp; Play","item":"https:\/\/teiaeducation.ch\/fr\/boutique\/"},{"@type":"ListItem","position":3,"name":"Nos Marques","item":"https:\/\/teiaeducation.ch\/fr\/categorie-produit\/marques\/"},{"@type":"ListItem","position":4,"name":"Educo","item":"https:\/\/teiaeducation.ch\/fr\/categorie-produit\/marques\/educo-fr\/"},{"@type":"ListItem","position":5,"name":"Jeu Math\u00e9matique","item":"https:\/\/teiaeducation.ch\/fr\/categorie-produit\/marques\/educo-fr\/jeu-mathematique\/"},{"@type":"ListItem","position":6,"name":"Calcul","item":"https:\/\/teiaeducation.ch\/fr\/categorie-produit\/marques\/educo-fr\/jeu-mathematique\/calcul-jeu-mathematique\/"},{"@type":"ListItem","position":7,"name":"Tableau multi-activit\u00e9s chiffres de 1 \u00e0 5 &#8211; Educo"}]},{"@type":"WebSite","@id":"https:\/\/teiaeducation.ch\/fr\/#website","url":"https:\/\/teiaeducation.ch\/fr\/","name":"Sustainable Educational Products &amp; Ecological Toys\u00a0","description":"Specialised Swiss shop selling sustainable educational toys and games, AMI certified Montessori materials, handmade ecological wooden Waldorf toys and arts &amp; crafts supplies, school supplies, children&#039;s furniture and Montessori reference and parenting books.","publisher":{"@id":"https:\/\/teiaeducation.ch\/fr\/#organization"},"alternateName":"Teia Education & Play","potentialAction":[{"@type":"SearchAction","target":{"@type":"EntryPoint","urlTemplate":"https:\/\/teiaeducation.ch\/fr\/?s={search_term_string}"},"query-input":{"@type":"PropertyValueSpecification","valueRequired":true,"valueName":"search_term_string"}}],"inLanguage":"fr-FR"},{"@type":"Organization","@id":"https:\/\/teiaeducation.ch\/fr\/#organization","name":"Teia Education & Play","url":"https:\/\/teiaeducation.ch\/fr\/","logo":{"@type":"ImageObject","inLanguage":"fr-FR","@id":"https:\/\/teiaeducation.ch\/fr\/#\/schema\/logo\/image\/","url":"https:\/\/teiaeducation.ch\/wp-content\/uploads\/2020\/11\/Teia-Education-Switzerland-e1620156442216.jpg","contentUrl":"https:\/\/teiaeducation.ch\/wp-content\/uploads\/2020\/11\/Teia-Education-Switzerland-e1620156442216.jpg","width":166,"height":145,"caption":"Teia Education & Play"},"image":{"@id":"https:\/\/teiaeducation.ch\/fr\/#\/schema\/logo\/image\/"},"sameAs":["https:\/\/www.facebook.com\/teiaeducation\/","https:\/\/x.com\/EducationTeia","https:\/\/www.instagram.com\/teia.education\/","https:\/\/www.linkedin.com\/company\/35501660","https:\/\/www.pinterest.ch\/TeiaEducation\/"]}]}},"_links":{"self":[{"href":"https:\/\/teiaeducation.ch\/fr\/wp-json\/wp\/v2\/product\/21356","targetHints":{"allow":["GET"]}}],"collection":[{"href":"https:\/\/teiaeducation.ch\/fr\/wp-json\/wp\/v2\/product"}],"about":[{"href":"https:\/\/teiaeducation.ch\/fr\/wp-json\/wp\/v2\/types\/product"}],"replies":[{"embeddable":true,"href":"https:\/\/teiaeducation.ch\/fr\/wp-json\/wp\/v2\/comments?post=21356"}],"wp:featuredmedia":[{"embeddable":true,"href":"https:\/\/teiaeducation.ch\/fr\/wp-json\/wp\/v2\/media\/1714"}],"wp:attachment":[{"href":"https:\/\/teiaeducation.ch\/fr\/wp-json\/wp\/v2\/media?parent=21356"}],"wp:term":[{"taxonomy":"product_brand","embeddable":true,"href":"https:\/\/teiaeducation.ch\/fr\/wp-json\/wp\/v2\/product_brand?post=21356"},{"taxonomy":"product_cat","embeddable":true,"href":"https:\/\/teiaeducation.ch\/fr\/wp-json\/wp\/v2\/product_cat?post=21356"},{"taxonomy":"product_tag","embeddable":true,"href":"https:\/\/teiaeducation.ch\/fr\/wp-json\/wp\/v2\/product_tag?post=21356"}],"curies":[{"name":"wp","href":"https:\/\/api.w.org\/{rel}","templated":true}]}}