{"id":21361,"date":"2021-11-21T12:40:24","date_gmt":"2021-11-21T11:40:24","guid":{"rendered":"https:\/\/teiaeducation.ch\/product\/puzzle-croissance-grenouille-educo\/"},"modified":"2022-05-24T10:17:13","modified_gmt":"2022-05-24T08:17:13","slug":"puzzle-croissance-grenouille-educo","status":"publish","type":"product","link":"https:\/\/teiaeducation.ch\/fr\/produit\/puzzle-croissance-grenouille-educo\/","title":{"rendered":"Puzzle croissance : grenouille &#8211; Educo"},"content":{"rendered":"<p>Le puzzle de croissance d&#8217;Educo est un grand puzzle en bois \u00e0 4 niveaux d\u00e9taillant le concept de croissance \/ cycle de vie d\u2019une grenouille.<\/p>\n<p>Les quatre couches du puzzle contiennent un total de trente et une pi\u00e8ces de puzzle. Ce puzzle imaginatif en couches montre le passage du temps avec le d\u00e9veloppement des images et chaque couche d\u00e9peignant une phase de croissance est plus grande et n\u00e9cessite plus de pi\u00e8ces pour compl\u00e9ter l\u2019image.<\/p>\n<p>En travaillant avec les puzzles Educo, l\u2019enfant prend conscience des cycles de vie de l\u2019\u00eatre humain, des animaux et de la nature. Le puzzle d\u00e9veloppe \u00e9galement la motricit\u00e9 fine de l\u2019enfant, sa connaissance du contexte et sa capacit\u00e9 \u00e0 associer et \u00e0 combiner.<\/p>\n<p>Ce puzzle fait partie d\u2019une s\u00e9rie de neuf puzzles de croissance en couches, comprenant une grand-m\u00e8re, un grand-p\u00e8re, une poule, une tulipe, une grenouille, un papillon, un oiseau, un tournesol et une tortue.\u00a0Il convient aux enfants \u00e2g\u00e9s de 4 ans et plus.<\/p>\n<p>Contenu :<\/p>\n<p>1 cadre de puzzle en bois (contreplaqu\u00e9 de bouleau 24 x 24 x 2 cm)<br \/>\n31 pi\u00e8ces de puzzle en bois<\/p>\n","protected":false},"excerpt":{"rendered":"<p>Num\u00e9ro d&#8217;article: E522013<\/p>\n<p>Le puzzle de croissance d&#8217;Educo est un grand puzzle en bois \u00e0 4 niveaux d\u00e9taillant le concept de croissance \/ cycle de vie d\u2019une grenouille.<\/p>\n","protected":false},"featured_media":3524,"comment_status":"closed","ping_status":"closed","template":"","meta":[],"product_brand":[],"product_cat":[215,18893,22344,284,17223,283,224,592,21257,22421,22355,13130,22181,1220,7595,217,13148,212],"product_tag":[782,775,4296,6476,6492,6491,6478],"class_list":{"0":"post-21361","1":"product","2":"type-product","3":"status-publish","4":"has-post-thumbnail","6":"product_cat-3-6-ans","7":"product_cat-collection-printemps","8":"product_cat-collections-saisonnieres","9":"product_cat-culture-sciences","10":"product_cat-cycles-de-vie","11":"product_cat-domaines-du-curriculum","12":"product_cat-educo-fr","13":"product_cat-geographie-animale","14":"product_cat-guides-cadeaux","15":"product_cat-idees-cadeaux-pour-paques","16":"product_cat-jeu-de-puzzle","17":"product_cat-jouer","18":"product_cat-jouets-montessori","19":"product_cat-traditionnelle","20":"product_cat-methode-deducation","21":"product_cat-marques","22":"product_cat-puzzles-en-bois","23":"product_cat-tranche-dage","24":"product_tag-educo-puzzle-en-bois","25":"product_tag-educo-suisse","26":"product_tag-jeu-de-puzzle","27":"product_tag-puzzle-a-niveaux","28":"product_tag-puzzle-croissance-grenouille","29":"product_tag-puzzle-cycle-de-vie-grenouille","30":"product_tag-puzzle-en-bois-niveaux-educo","32":"first","33":"instock","34":"taxable","35":"shipping-taxable","36":"purchasable","37":"product-type-simple"},"yoast_head":"<!-- This site is optimized with the Yoast SEO plugin v27.1.1 - https:\/\/yoast.com\/product\/yoast-seo-wordpress\/ -->\n<title>Puzzle croissance : grenouille - Educo - Teia Education &amp; Play<\/title>\n<meta name=\"description\" content=\"Le puzzle de croissance d&#039;Educo est un grand puzzle en bois \u00e0 4 niveaux d\u00e9taillant le concept de croissance \/ cycle de vie d\u2019une grenouille.\" \/>\n<meta name=\"robots\" content=\"index, follow, max-snippet:-1, max-image-preview:large, max-video-preview:-1\" \/>\n<link rel=\"canonical\" href=\"https:\/\/teiaeducation.ch\/fr\/produit\/puzzle-croissance-grenouille-educo\/\" \/>\n<meta property=\"og:locale\" content=\"fr_FR\" \/>\n<meta property=\"og:type\" content=\"article\" \/>\n<meta property=\"og:title\" content=\"Puzzle croissance : grenouille - Educo - Teia Education &amp; Play\" \/>\n<meta property=\"og:description\" content=\"Le puzzle de croissance d&#039;Educo est un grand puzzle en bois \u00e0 4 niveaux d\u00e9taillant le concept de croissance \/ cycle de vie d\u2019une grenouille.\" \/>\n<meta property=\"og:url\" content=\"https:\/\/teiaeducation.ch\/fr\/produit\/puzzle-croissance-grenouille-educo\/\" \/>\n<meta property=\"og:site_name\" content=\"Sustainable Educational Products &amp; Ecological Toys\u00a0\" \/>\n<meta property=\"article:publisher\" content=\"https:\/\/www.facebook.com\/teiaeducation\/\" \/>\n<meta property=\"article:modified_time\" content=\"2022-05-24T08:17:13+00:00\" \/>\n<meta property=\"og:image\" content=\"https:\/\/teiaeducation.ch\/wp-content\/uploads\/2019\/01\/E522013-scaled-scaled.jpg\" \/>\n\t<meta property=\"og:image:width\" content=\"2048\" \/>\n\t<meta property=\"og:image:height\" content=\"2048\" \/>\n\t<meta property=\"og:image:type\" content=\"image\/jpeg\" \/>\n<script type=\"application\/ld+json\" class=\"yoast-schema-graph\">{\"@context\":\"https:\/\/schema.org\",\"@graph\":[{\"@type\":\"WebPage\",\"@id\":\"https:\/\/teiaeducation.ch\/fr\/produit\/puzzle-croissance-grenouille-educo\/\",\"url\":\"https:\/\/teiaeducation.ch\/fr\/produit\/puzzle-croissance-grenouille-educo\/\",\"name\":\"Puzzle croissance : grenouille - Educo - Teia Education & Play\",\"isPartOf\":{\"@id\":\"https:\/\/teiaeducation.ch\/fr\/#website\"},\"primaryImageOfPage\":{\"@id\":\"https:\/\/teiaeducation.ch\/fr\/produit\/puzzle-croissance-grenouille-educo\/#primaryimage\"},\"image\":{\"@id\":\"https:\/\/teiaeducation.ch\/fr\/produit\/puzzle-croissance-grenouille-educo\/#primaryimage\"},\"thumbnailUrl\":\"https:\/\/teiaeducation.ch\/wp-content\/uploads\/2019\/01\/E522013-scaled-scaled.jpg\",\"datePublished\":\"2021-11-21T11:40:24+00:00\",\"dateModified\":\"2022-05-24T08:17:13+00:00\",\"description\":\"Le puzzle de croissance d'Educo est un grand puzzle en bois \u00e0 4 niveaux d\u00e9taillant le concept de croissance \/ cycle de vie d\u2019une grenouille.\",\"breadcrumb\":{\"@id\":\"https:\/\/teiaeducation.ch\/fr\/produit\/puzzle-croissance-grenouille-educo\/#breadcrumb\"},\"inLanguage\":\"fr-FR\",\"potentialAction\":[{\"@type\":\"ReadAction\",\"target\":[\"https:\/\/teiaeducation.ch\/fr\/produit\/puzzle-croissance-grenouille-educo\/\"]}]},{\"@type\":\"ImageObject\",\"inLanguage\":\"fr-FR\",\"@id\":\"https:\/\/teiaeducation.ch\/fr\/produit\/puzzle-croissance-grenouille-educo\/#primaryimage\",\"url\":\"https:\/\/teiaeducation.ch\/wp-content\/uploads\/2019\/01\/E522013-scaled-scaled.jpg\",\"contentUrl\":\"https:\/\/teiaeducation.ch\/wp-content\/uploads\/2019\/01\/E522013-scaled-scaled.jpg\",\"width\":2048,\"height\":2048,\"caption\":\"Puzzle croissance\/cycle de vie grenouille - Educo\"},{\"@type\":\"BreadcrumbList\",\"@id\":\"https:\/\/teiaeducation.ch\/fr\/produit\/puzzle-croissance-grenouille-educo\/#breadcrumb\",\"itemListElement\":[{\"@type\":\"ListItem\",\"position\":1,\"name\":\"Home\",\"item\":\"https:\/\/teiaeducation.ch\/fr\/\"},{\"@type\":\"ListItem\",\"position\":2,\"name\":\"Boutique Teia Education &amp; Play\",\"item\":\"https:\/\/teiaeducation.ch\/fr\/boutique\/\"},{\"@type\":\"ListItem\",\"position\":3,\"name\":\"Domaines du Curriculum\",\"item\":\"https:\/\/teiaeducation.ch\/fr\/categorie-produit\/domaines-du-curriculum\/\"},{\"@type\":\"ListItem\",\"position\":4,\"name\":\"Culture &amp; Sciences\",\"item\":\"https:\/\/teiaeducation.ch\/fr\/categorie-produit\/domaines-du-curriculum\/culture-sciences\/\"},{\"@type\":\"ListItem\",\"position\":5,\"name\":\"Cycles de Vie\",\"item\":\"https:\/\/teiaeducation.ch\/fr\/categorie-produit\/domaines-du-curriculum\/culture-sciences\/cycles-de-vie\/\"},{\"@type\":\"ListItem\",\"position\":6,\"name\":\"Puzzle croissance : grenouille &#8211; Educo\"}]},{\"@type\":\"WebSite\",\"@id\":\"https:\/\/teiaeducation.ch\/fr\/#website\",\"url\":\"https:\/\/teiaeducation.ch\/fr\/\",\"name\":\"Sustainable Educational Products &amp; Ecological Toys\u00a0\",\"description\":\"Specialised Swiss shop selling sustainable educational toys and games, AMI certified Montessori materials, handmade ecological wooden Waldorf toys and arts &amp; crafts supplies, school supplies, children&#039;s furniture and Montessori reference and parenting books.\",\"publisher\":{\"@id\":\"https:\/\/teiaeducation.ch\/fr\/#organization\"},\"alternateName\":\"Teia Education & Play\",\"potentialAction\":[{\"@type\":\"SearchAction\",\"target\":{\"@type\":\"EntryPoint\",\"urlTemplate\":\"https:\/\/teiaeducation.ch\/fr\/?s={search_term_string}\"},\"query-input\":{\"@type\":\"PropertyValueSpecification\",\"valueRequired\":true,\"valueName\":\"search_term_string\"}}],\"inLanguage\":\"fr-FR\"},{\"@type\":\"Organization\",\"@id\":\"https:\/\/teiaeducation.ch\/fr\/#organization\",\"name\":\"Teia Education & Play\",\"url\":\"https:\/\/teiaeducation.ch\/fr\/\",\"logo\":{\"@type\":\"ImageObject\",\"inLanguage\":\"fr-FR\",\"@id\":\"https:\/\/teiaeducation.ch\/fr\/#\/schema\/logo\/image\/\",\"url\":\"https:\/\/teiaeducation.ch\/wp-content\/uploads\/2020\/11\/Teia-Education-Switzerland-e1620156442216.jpg\",\"contentUrl\":\"https:\/\/teiaeducation.ch\/wp-content\/uploads\/2020\/11\/Teia-Education-Switzerland-e1620156442216.jpg\",\"width\":166,\"height\":145,\"caption\":\"Teia Education & Play\"},\"image\":{\"@id\":\"https:\/\/teiaeducation.ch\/fr\/#\/schema\/logo\/image\/\"},\"sameAs\":[\"https:\/\/www.facebook.com\/teiaeducation\/\",\"https:\/\/x.com\/EducationTeia\",\"https:\/\/www.instagram.com\/teia.education\/\",\"https:\/\/www.linkedin.com\/company\/35501660\",\"https:\/\/www.pinterest.ch\/TeiaEducation\/\"]}]}<\/script>\n<!-- \/ Yoast SEO plugin. -->","yoast_head_json":{"title":"Puzzle croissance : grenouille - Educo - Teia Education & Play","description":"Le puzzle de croissance d'Educo est un grand puzzle en bois \u00e0 4 niveaux d\u00e9taillant le concept de croissance \/ cycle de vie d\u2019une grenouille.","robots":{"index":"index","follow":"follow","max-snippet":"max-snippet:-1","max-image-preview":"max-image-preview:large","max-video-preview":"max-video-preview:-1"},"canonical":"https:\/\/teiaeducation.ch\/fr\/produit\/puzzle-croissance-grenouille-educo\/","og_locale":"fr_FR","og_type":"article","og_title":"Puzzle croissance : grenouille - Educo - Teia Education & Play","og_description":"Le puzzle de croissance d'Educo est un grand puzzle en bois \u00e0 4 niveaux d\u00e9taillant le concept de croissance \/ cycle de vie d\u2019une grenouille.","og_url":"https:\/\/teiaeducation.ch\/fr\/produit\/puzzle-croissance-grenouille-educo\/","og_site_name":"Sustainable Educational Products &amp; Ecological Toys\u00a0","article_publisher":"https:\/\/www.facebook.com\/teiaeducation\/","article_modified_time":"2022-05-24T08:17:13+00:00","og_image":[{"width":2048,"height":2048,"url":"https:\/\/teiaeducation.ch\/wp-content\/uploads\/2019\/01\/E522013-scaled-scaled.jpg","type":"image\/jpeg"}],"schema":{"@context":"https:\/\/schema.org","@graph":[{"@type":"WebPage","@id":"https:\/\/teiaeducation.ch\/fr\/produit\/puzzle-croissance-grenouille-educo\/","url":"https:\/\/teiaeducation.ch\/fr\/produit\/puzzle-croissance-grenouille-educo\/","name":"Puzzle croissance : grenouille - Educo - Teia Education & Play","isPartOf":{"@id":"https:\/\/teiaeducation.ch\/fr\/#website"},"primaryImageOfPage":{"@id":"https:\/\/teiaeducation.ch\/fr\/produit\/puzzle-croissance-grenouille-educo\/#primaryimage"},"image":{"@id":"https:\/\/teiaeducation.ch\/fr\/produit\/puzzle-croissance-grenouille-educo\/#primaryimage"},"thumbnailUrl":"https:\/\/teiaeducation.ch\/wp-content\/uploads\/2019\/01\/E522013-scaled-scaled.jpg","datePublished":"2021-11-21T11:40:24+00:00","dateModified":"2022-05-24T08:17:13+00:00","description":"Le puzzle de croissance d'Educo est un grand puzzle en bois \u00e0 4 niveaux d\u00e9taillant le concept de croissance \/ cycle de vie d\u2019une grenouille.","breadcrumb":{"@id":"https:\/\/teiaeducation.ch\/fr\/produit\/puzzle-croissance-grenouille-educo\/#breadcrumb"},"inLanguage":"fr-FR","potentialAction":[{"@type":"ReadAction","target":["https:\/\/teiaeducation.ch\/fr\/produit\/puzzle-croissance-grenouille-educo\/"]}]},{"@type":"ImageObject","inLanguage":"fr-FR","@id":"https:\/\/teiaeducation.ch\/fr\/produit\/puzzle-croissance-grenouille-educo\/#primaryimage","url":"https:\/\/teiaeducation.ch\/wp-content\/uploads\/2019\/01\/E522013-scaled-scaled.jpg","contentUrl":"https:\/\/teiaeducation.ch\/wp-content\/uploads\/2019\/01\/E522013-scaled-scaled.jpg","width":2048,"height":2048,"caption":"Puzzle croissance\/cycle de vie grenouille - Educo"},{"@type":"BreadcrumbList","@id":"https:\/\/teiaeducation.ch\/fr\/produit\/puzzle-croissance-grenouille-educo\/#breadcrumb","itemListElement":[{"@type":"ListItem","position":1,"name":"Home","item":"https:\/\/teiaeducation.ch\/fr\/"},{"@type":"ListItem","position":2,"name":"Boutique Teia Education &amp; Play","item":"https:\/\/teiaeducation.ch\/fr\/boutique\/"},{"@type":"ListItem","position":3,"name":"Domaines du Curriculum","item":"https:\/\/teiaeducation.ch\/fr\/categorie-produit\/domaines-du-curriculum\/"},{"@type":"ListItem","position":4,"name":"Culture &amp; Sciences","item":"https:\/\/teiaeducation.ch\/fr\/categorie-produit\/domaines-du-curriculum\/culture-sciences\/"},{"@type":"ListItem","position":5,"name":"Cycles de Vie","item":"https:\/\/teiaeducation.ch\/fr\/categorie-produit\/domaines-du-curriculum\/culture-sciences\/cycles-de-vie\/"},{"@type":"ListItem","position":6,"name":"Puzzle croissance : grenouille &#8211; Educo"}]},{"@type":"WebSite","@id":"https:\/\/teiaeducation.ch\/fr\/#website","url":"https:\/\/teiaeducation.ch\/fr\/","name":"Sustainable Educational Products &amp; Ecological Toys\u00a0","description":"Specialised Swiss shop selling sustainable educational toys and games, AMI certified Montessori materials, handmade ecological wooden Waldorf toys and arts &amp; crafts supplies, school supplies, children&#039;s furniture and Montessori reference and parenting books.","publisher":{"@id":"https:\/\/teiaeducation.ch\/fr\/#organization"},"alternateName":"Teia Education & Play","potentialAction":[{"@type":"SearchAction","target":{"@type":"EntryPoint","urlTemplate":"https:\/\/teiaeducation.ch\/fr\/?s={search_term_string}"},"query-input":{"@type":"PropertyValueSpecification","valueRequired":true,"valueName":"search_term_string"}}],"inLanguage":"fr-FR"},{"@type":"Organization","@id":"https:\/\/teiaeducation.ch\/fr\/#organization","name":"Teia Education & Play","url":"https:\/\/teiaeducation.ch\/fr\/","logo":{"@type":"ImageObject","inLanguage":"fr-FR","@id":"https:\/\/teiaeducation.ch\/fr\/#\/schema\/logo\/image\/","url":"https:\/\/teiaeducation.ch\/wp-content\/uploads\/2020\/11\/Teia-Education-Switzerland-e1620156442216.jpg","contentUrl":"https:\/\/teiaeducation.ch\/wp-content\/uploads\/2020\/11\/Teia-Education-Switzerland-e1620156442216.jpg","width":166,"height":145,"caption":"Teia Education & Play"},"image":{"@id":"https:\/\/teiaeducation.ch\/fr\/#\/schema\/logo\/image\/"},"sameAs":["https:\/\/www.facebook.com\/teiaeducation\/","https:\/\/x.com\/EducationTeia","https:\/\/www.instagram.com\/teia.education\/","https:\/\/www.linkedin.com\/company\/35501660","https:\/\/www.pinterest.ch\/TeiaEducation\/"]}]}},"_links":{"self":[{"href":"https:\/\/teiaeducation.ch\/fr\/wp-json\/wp\/v2\/product\/21361","targetHints":{"allow":["GET"]}}],"collection":[{"href":"https:\/\/teiaeducation.ch\/fr\/wp-json\/wp\/v2\/product"}],"about":[{"href":"https:\/\/teiaeducation.ch\/fr\/wp-json\/wp\/v2\/types\/product"}],"replies":[{"embeddable":true,"href":"https:\/\/teiaeducation.ch\/fr\/wp-json\/wp\/v2\/comments?post=21361"}],"wp:featuredmedia":[{"embeddable":true,"href":"https:\/\/teiaeducation.ch\/fr\/wp-json\/wp\/v2\/media\/3524"}],"wp:attachment":[{"href":"https:\/\/teiaeducation.ch\/fr\/wp-json\/wp\/v2\/media?parent=21361"}],"wp:term":[{"taxonomy":"product_brand","embeddable":true,"href":"https:\/\/teiaeducation.ch\/fr\/wp-json\/wp\/v2\/product_brand?post=21361"},{"taxonomy":"product_cat","embeddable":true,"href":"https:\/\/teiaeducation.ch\/fr\/wp-json\/wp\/v2\/product_cat?post=21361"},{"taxonomy":"product_tag","embeddable":true,"href":"https:\/\/teiaeducation.ch\/fr\/wp-json\/wp\/v2\/product_tag?post=21361"}],"curies":[{"name":"wp","href":"https:\/\/api.w.org\/{rel}","templated":true}]}}