{"id":21363,"date":"2021-11-21T12:40:21","date_gmt":"2021-11-21T11:40:21","guid":{"rendered":"https:\/\/teiaeducation.ch\/product\/puzzle-croissance-loiseau-educo\/"},"modified":"2024-09-06T15:09:21","modified_gmt":"2024-09-06T13:09:21","slug":"puzzle-croissance-oiseau-educo","status":"publish","type":"product","link":"https:\/\/teiaeducation.ch\/fr\/produit\/puzzle-croissance-oiseau-educo\/","title":{"rendered":"Puzzle croissance : oiseau &#8211; Educo"},"content":{"rendered":"<p>Le puzzle de la croissance d&#8217;Educo est un grand puzzle en bois \u00e0 plusieurs couches d\u00e9taillant le concept de croissance\/<a href=\"https:\/\/teiaeducation.ch\/product-category\/learning-themes\/culture-science\/life-cycles\/\">cycle de vie<\/a> d&#8217;un oiseau : de l&#8217;\u0153uf \u00e0 l&#8217;oiseau adulte. Les quatre couches du puzzle contiennent un total de trente et une pi\u00e8ces de puzzle. Ce puzzle imaginatif en couches montre le passage du temps avec le d\u00e9veloppement des images et chaque couche d\u00e9peignant une phase de croissance est plus grande et n\u00e9cessite plus de pi\u00e8ces pour compl\u00e9ter l&#8217;image.<\/p>\n<p>En travaillant avec les puzzles Educo, l&#8217;enfant prend conscience des cycles de vie de l&#8217;\u00eatre humain, des animaux et de la nature. Le puzzle d\u00e9veloppe \u00e9galement la motricit\u00e9 fine de l&#8217;enfant, sa connaissance du contexte et sa capacit\u00e9 \u00e0 associer et \u00e0 combiner.<\/p>\n<p>Ce puzzle fait partie d&#8217;une s\u00e9rie de neuf puzzles de croissance en couches, comprenant une grand-m\u00e8re, un grand-p\u00e8re, une tulipe, une poule, une grenouille, un papillon, un tournesol et une tortue.<\/p>\n<p>La marque n\u00e9erlandaise Educo repr\u00e9sente un monde color\u00e9 d\u2019apprentissage ludique, de jeux \u00e9ducatifs stimulants et de jouets. De haute qualit\u00e9 et durables, les produits Educo tournent autour des situations quotidiennes et aident les enfants \u00e0 associer les jeux \u00e0 des sujets r\u00e9guliers, transformant le processus d\u2019apprentissage en une simulation de leur environnement naturel.<\/p>\n<p>Les produits \u00e9ducatifs actifs et pratiques d\u2019Educo sont principalement faits en bois, avec des mat\u00e9riaux durables tels que les encres et les peintures \u00e0 base d\u2019eau. Les jouets sont fabriqu\u00e9s pour supporter des ann\u00e9es d\u2019utilisation robuste, encourager l\u2019apprentissage bas\u00e9 sur le jeu et inspirer la croissance et le succ\u00e8s chez les enfants \u00e2g\u00e9s de 1 \u00e0 6 ans. Ils r\u00e9pondent aux exigences de diverses r\u00e9glementations europ\u00e9ennes et internationales en mati\u00e8re de s\u00e9curit\u00e9 des jouets et se conforment \u00e0 la directive 2009\/48\/CE sur la s\u00e9curit\u00e9 des jouets, y compris EN81 et ASTM.<\/p>\n<p>Le puzzle de croissance oiseau convient aux enfants \u00e2g\u00e9s de 4 ans et plus.<\/p>\n<p>Contenu :<\/p>\n<p>1 cadre de puzzle en bois (contreplaqu\u00e9 de bouleau 24 x 24 x 2 cm)<br \/>\n31 pi\u00e8ces de puzzle en bois<\/p>\n<p><em><span class=\"tlid-translation translation\" lang=\"fr\"><span title=\"\">Nous n'avons actuellement pas cet article en stock, mais il est disponible en pr\u00e9-commande.<\/span> <span class=\"\" title=\"\">Nous commanderons cet article pour vous aupr\u00e8s de notre fournisseur.<\/span> <span class=\"\" title=\"\">Veuillez allouer de 2 \u00e0 3 semaines maximum pour la livraison.<\/span><\/span><\/em><\/p>\n\t<div id=\"gap-2053423777\" class=\"gap-element clearfix\" style=\"display:block; height:auto;\">\n\t\t\n<style>\n#gap-2053423777 {\n  padding-top: 20px;\n}\n<\/style>\n\t<\/div>\n\t\n","protected":false},"excerpt":{"rendered":"<p>Num\u00e9ro d&#8217;article: E522016<\/p>\n<p>Le puzzle de la croissance d&#8217;Educo est un grand puzzle en bois \u00e0 plusieurs couches d\u00e9taillant le concept de croissance\/cycle de vie d&#8217;un oiseau : de l&#8217;\u0153uf \u00e0 l&#8217;oiseau adulte.<\/p>\n","protected":false},"featured_media":3530,"comment_status":"closed","ping_status":"closed","template":"","meta":[],"product_brand":[],"product_cat":[8527,215,18893,635,284,17223,283,224,8526,592,22355,1220,7595,217,209,212],"product_tag":[782,775,4296,6476,6496,6497,6478],"class_list":{"0":"post-21363","1":"product","2":"type-product","3":"status-publish","4":"has-post-thumbnail","6":"product_cat-3-6-ans-ecole-a-domicile","7":"product_cat-3-6-ans","8":"product_cat-collection-printemps","9":"product_cat-competences-motrices","10":"product_cat-culture-sciences","11":"product_cat-cycles-de-vie","12":"product_cat-domaines-du-curriculum","13":"product_cat-educo-fr","14":"product_cat-fournitures-scolaires-a-domicile","15":"product_cat-geographie-animale","16":"product_cat-jeu-de-puzzle","17":"product_cat-traditionnelle","18":"product_cat-methode-deducation","19":"product_cat-marques","20":"product_cat-sensorielles-motrices","21":"product_cat-tranche-dage","22":"product_tag-educo-puzzle-en-bois","23":"product_tag-educo-suisse","24":"product_tag-jeu-de-puzzle","25":"product_tag-puzzle-a-niveaux","26":"product_tag-puzzle-croissance-oiseau-educo","27":"product_tag-puzzle-cycle-de-vie-oiseau","28":"product_tag-puzzle-en-bois-niveaux-educo","30":"first","31":"onbackorder","32":"taxable","33":"shipping-taxable","34":"purchasable","35":"product-type-simple"},"yoast_head":"<!-- This site is optimized with the Yoast SEO plugin v27.1.1 - https:\/\/yoast.com\/product\/yoast-seo-wordpress\/ -->\n<title>Puzzle croissance oiseau - Educo - Teia Education &amp; Play<\/title>\n<meta name=\"description\" content=\"Le puzzle de la croissance d&#039;Educo est un grand puzzle en bois \u00e0 plusieurs couches d\u00e9taillant le concept de croissance\/cycle de vie d&#039;un oiseau : de l&#039;\u0153uf \u00e0 l&#039;oiseau adulte.\" \/>\n<meta name=\"robots\" content=\"index, follow, max-snippet:-1, max-image-preview:large, max-video-preview:-1\" \/>\n<link rel=\"canonical\" href=\"https:\/\/teiaeducation.ch\/fr\/produit\/puzzle-croissance-oiseau-educo\/\" \/>\n<meta property=\"og:locale\" content=\"fr_FR\" \/>\n<meta property=\"og:type\" content=\"article\" \/>\n<meta property=\"og:title\" content=\"Puzzle croissance oiseau - Educo - Teia Education &amp; Play\" \/>\n<meta property=\"og:description\" content=\"Le puzzle de la croissance d&#039;Educo est un grand puzzle en bois \u00e0 plusieurs couches d\u00e9taillant le concept de croissance\/cycle de vie d&#039;un oiseau : de l&#039;\u0153uf \u00e0 l&#039;oiseau adulte.\" \/>\n<meta property=\"og:url\" content=\"https:\/\/teiaeducation.ch\/fr\/produit\/puzzle-croissance-oiseau-educo\/\" \/>\n<meta property=\"og:site_name\" content=\"Sustainable Educational Products &amp; Ecological Toys\u00a0\" \/>\n<meta property=\"article:publisher\" content=\"https:\/\/www.facebook.com\/teiaeducation\/\" \/>\n<meta property=\"article:modified_time\" content=\"2024-09-06T13:09:21+00:00\" \/>\n<meta property=\"og:image\" content=\"https:\/\/teiaeducation.ch\/wp-content\/uploads\/2019\/01\/E522016-scaled-scaled.jpg\" \/>\n\t<meta property=\"og:image:width\" content=\"2048\" \/>\n\t<meta property=\"og:image:height\" content=\"2048\" \/>\n\t<meta property=\"og:image:type\" content=\"image\/jpeg\" \/>\n<script type=\"application\/ld+json\" class=\"yoast-schema-graph\">{\"@context\":\"https:\/\/schema.org\",\"@graph\":[{\"@type\":\"WebPage\",\"@id\":\"https:\/\/teiaeducation.ch\/fr\/produit\/puzzle-croissance-oiseau-educo\/\",\"url\":\"https:\/\/teiaeducation.ch\/fr\/produit\/puzzle-croissance-oiseau-educo\/\",\"name\":\"Puzzle croissance oiseau - Educo - Teia Education & Play\",\"isPartOf\":{\"@id\":\"https:\/\/teiaeducation.ch\/fr\/#website\"},\"primaryImageOfPage\":{\"@id\":\"https:\/\/teiaeducation.ch\/fr\/produit\/puzzle-croissance-oiseau-educo\/#primaryimage\"},\"image\":{\"@id\":\"https:\/\/teiaeducation.ch\/fr\/produit\/puzzle-croissance-oiseau-educo\/#primaryimage\"},\"thumbnailUrl\":\"https:\/\/teiaeducation.ch\/wp-content\/uploads\/2019\/01\/E522016-scaled-scaled.jpg\",\"datePublished\":\"2021-11-21T11:40:21+00:00\",\"dateModified\":\"2024-09-06T13:09:21+00:00\",\"description\":\"Le puzzle de la croissance d'Educo est un grand puzzle en bois \u00e0 plusieurs couches d\u00e9taillant le concept de croissance\/cycle de vie d'un oiseau : de l'\u0153uf \u00e0 l'oiseau adulte.\",\"breadcrumb\":{\"@id\":\"https:\/\/teiaeducation.ch\/fr\/produit\/puzzle-croissance-oiseau-educo\/#breadcrumb\"},\"inLanguage\":\"fr-FR\",\"potentialAction\":[{\"@type\":\"ReadAction\",\"target\":[\"https:\/\/teiaeducation.ch\/fr\/produit\/puzzle-croissance-oiseau-educo\/\"]}]},{\"@type\":\"ImageObject\",\"inLanguage\":\"fr-FR\",\"@id\":\"https:\/\/teiaeducation.ch\/fr\/produit\/puzzle-croissance-oiseau-educo\/#primaryimage\",\"url\":\"https:\/\/teiaeducation.ch\/wp-content\/uploads\/2019\/01\/E522016-scaled-scaled.jpg\",\"contentUrl\":\"https:\/\/teiaeducation.ch\/wp-content\/uploads\/2019\/01\/E522016-scaled-scaled.jpg\",\"width\":2048,\"height\":2048,\"caption\":\"Puzzle de croissance\/cycle de vie oiseau Educo\"},{\"@type\":\"BreadcrumbList\",\"@id\":\"https:\/\/teiaeducation.ch\/fr\/produit\/puzzle-croissance-oiseau-educo\/#breadcrumb\",\"itemListElement\":[{\"@type\":\"ListItem\",\"position\":1,\"name\":\"Home\",\"item\":\"https:\/\/teiaeducation.ch\/fr\/\"},{\"@type\":\"ListItem\",\"position\":2,\"name\":\"Boutique Teia Education &amp; Play\",\"item\":\"https:\/\/teiaeducation.ch\/fr\/boutique\/\"},{\"@type\":\"ListItem\",\"position\":3,\"name\":\"Nos Marques\",\"item\":\"https:\/\/teiaeducation.ch\/fr\/categorie-produit\/marques\/\"},{\"@type\":\"ListItem\",\"position\":4,\"name\":\"Educo\",\"item\":\"https:\/\/teiaeducation.ch\/fr\/categorie-produit\/marques\/educo-fr\/\"},{\"@type\":\"ListItem\",\"position\":5,\"name\":\"Jeu de Puzzle\",\"item\":\"https:\/\/teiaeducation.ch\/fr\/categorie-produit\/marques\/educo-fr\/jeu-de-puzzle\/\"},{\"@type\":\"ListItem\",\"position\":6,\"name\":\"Puzzle croissance : oiseau &#8211; Educo\"}]},{\"@type\":\"WebSite\",\"@id\":\"https:\/\/teiaeducation.ch\/fr\/#website\",\"url\":\"https:\/\/teiaeducation.ch\/fr\/\",\"name\":\"Sustainable Educational Products &amp; Ecological Toys\u00a0\",\"description\":\"Specialised Swiss shop selling sustainable educational toys and games, AMI certified Montessori materials, handmade ecological wooden Waldorf toys and arts &amp; crafts supplies, school supplies, children&#039;s furniture and Montessori reference and parenting books.\",\"publisher\":{\"@id\":\"https:\/\/teiaeducation.ch\/fr\/#organization\"},\"alternateName\":\"Teia Education & Play\",\"potentialAction\":[{\"@type\":\"SearchAction\",\"target\":{\"@type\":\"EntryPoint\",\"urlTemplate\":\"https:\/\/teiaeducation.ch\/fr\/?s={search_term_string}\"},\"query-input\":{\"@type\":\"PropertyValueSpecification\",\"valueRequired\":true,\"valueName\":\"search_term_string\"}}],\"inLanguage\":\"fr-FR\"},{\"@type\":\"Organization\",\"@id\":\"https:\/\/teiaeducation.ch\/fr\/#organization\",\"name\":\"Teia Education & Play\",\"url\":\"https:\/\/teiaeducation.ch\/fr\/\",\"logo\":{\"@type\":\"ImageObject\",\"inLanguage\":\"fr-FR\",\"@id\":\"https:\/\/teiaeducation.ch\/fr\/#\/schema\/logo\/image\/\",\"url\":\"https:\/\/teiaeducation.ch\/wp-content\/uploads\/2020\/11\/Teia-Education-Switzerland-e1620156442216.jpg\",\"contentUrl\":\"https:\/\/teiaeducation.ch\/wp-content\/uploads\/2020\/11\/Teia-Education-Switzerland-e1620156442216.jpg\",\"width\":166,\"height\":145,\"caption\":\"Teia Education & Play\"},\"image\":{\"@id\":\"https:\/\/teiaeducation.ch\/fr\/#\/schema\/logo\/image\/\"},\"sameAs\":[\"https:\/\/www.facebook.com\/teiaeducation\/\",\"https:\/\/x.com\/EducationTeia\",\"https:\/\/www.instagram.com\/teia.education\/\",\"https:\/\/www.linkedin.com\/company\/35501660\",\"https:\/\/www.pinterest.ch\/TeiaEducation\/\"]}]}<\/script>\n<!-- \/ Yoast SEO plugin. -->","yoast_head_json":{"title":"Puzzle croissance oiseau - Educo - Teia Education & Play","description":"Le puzzle de la croissance d'Educo est un grand puzzle en bois \u00e0 plusieurs couches d\u00e9taillant le concept de croissance\/cycle de vie d'un oiseau : de l'\u0153uf \u00e0 l'oiseau adulte.","robots":{"index":"index","follow":"follow","max-snippet":"max-snippet:-1","max-image-preview":"max-image-preview:large","max-video-preview":"max-video-preview:-1"},"canonical":"https:\/\/teiaeducation.ch\/fr\/produit\/puzzle-croissance-oiseau-educo\/","og_locale":"fr_FR","og_type":"article","og_title":"Puzzle croissance oiseau - Educo - Teia Education & Play","og_description":"Le puzzle de la croissance d'Educo est un grand puzzle en bois \u00e0 plusieurs couches d\u00e9taillant le concept de croissance\/cycle de vie d'un oiseau : de l'\u0153uf \u00e0 l'oiseau adulte.","og_url":"https:\/\/teiaeducation.ch\/fr\/produit\/puzzle-croissance-oiseau-educo\/","og_site_name":"Sustainable Educational Products &amp; Ecological Toys\u00a0","article_publisher":"https:\/\/www.facebook.com\/teiaeducation\/","article_modified_time":"2024-09-06T13:09:21+00:00","og_image":[{"width":2048,"height":2048,"url":"https:\/\/teiaeducation.ch\/wp-content\/uploads\/2019\/01\/E522016-scaled-scaled.jpg","type":"image\/jpeg"}],"schema":{"@context":"https:\/\/schema.org","@graph":[{"@type":"WebPage","@id":"https:\/\/teiaeducation.ch\/fr\/produit\/puzzle-croissance-oiseau-educo\/","url":"https:\/\/teiaeducation.ch\/fr\/produit\/puzzle-croissance-oiseau-educo\/","name":"Puzzle croissance oiseau - Educo - Teia Education & Play","isPartOf":{"@id":"https:\/\/teiaeducation.ch\/fr\/#website"},"primaryImageOfPage":{"@id":"https:\/\/teiaeducation.ch\/fr\/produit\/puzzle-croissance-oiseau-educo\/#primaryimage"},"image":{"@id":"https:\/\/teiaeducation.ch\/fr\/produit\/puzzle-croissance-oiseau-educo\/#primaryimage"},"thumbnailUrl":"https:\/\/teiaeducation.ch\/wp-content\/uploads\/2019\/01\/E522016-scaled-scaled.jpg","datePublished":"2021-11-21T11:40:21+00:00","dateModified":"2024-09-06T13:09:21+00:00","description":"Le puzzle de la croissance d'Educo est un grand puzzle en bois \u00e0 plusieurs couches d\u00e9taillant le concept de croissance\/cycle de vie d'un oiseau : de l'\u0153uf \u00e0 l'oiseau adulte.","breadcrumb":{"@id":"https:\/\/teiaeducation.ch\/fr\/produit\/puzzle-croissance-oiseau-educo\/#breadcrumb"},"inLanguage":"fr-FR","potentialAction":[{"@type":"ReadAction","target":["https:\/\/teiaeducation.ch\/fr\/produit\/puzzle-croissance-oiseau-educo\/"]}]},{"@type":"ImageObject","inLanguage":"fr-FR","@id":"https:\/\/teiaeducation.ch\/fr\/produit\/puzzle-croissance-oiseau-educo\/#primaryimage","url":"https:\/\/teiaeducation.ch\/wp-content\/uploads\/2019\/01\/E522016-scaled-scaled.jpg","contentUrl":"https:\/\/teiaeducation.ch\/wp-content\/uploads\/2019\/01\/E522016-scaled-scaled.jpg","width":2048,"height":2048,"caption":"Puzzle de croissance\/cycle de vie oiseau Educo"},{"@type":"BreadcrumbList","@id":"https:\/\/teiaeducation.ch\/fr\/produit\/puzzle-croissance-oiseau-educo\/#breadcrumb","itemListElement":[{"@type":"ListItem","position":1,"name":"Home","item":"https:\/\/teiaeducation.ch\/fr\/"},{"@type":"ListItem","position":2,"name":"Boutique Teia Education &amp; Play","item":"https:\/\/teiaeducation.ch\/fr\/boutique\/"},{"@type":"ListItem","position":3,"name":"Nos Marques","item":"https:\/\/teiaeducation.ch\/fr\/categorie-produit\/marques\/"},{"@type":"ListItem","position":4,"name":"Educo","item":"https:\/\/teiaeducation.ch\/fr\/categorie-produit\/marques\/educo-fr\/"},{"@type":"ListItem","position":5,"name":"Jeu de Puzzle","item":"https:\/\/teiaeducation.ch\/fr\/categorie-produit\/marques\/educo-fr\/jeu-de-puzzle\/"},{"@type":"ListItem","position":6,"name":"Puzzle croissance : oiseau &#8211; Educo"}]},{"@type":"WebSite","@id":"https:\/\/teiaeducation.ch\/fr\/#website","url":"https:\/\/teiaeducation.ch\/fr\/","name":"Sustainable Educational Products &amp; Ecological Toys\u00a0","description":"Specialised Swiss shop selling sustainable educational toys and games, AMI certified Montessori materials, handmade ecological wooden Waldorf toys and arts &amp; crafts supplies, school supplies, children&#039;s furniture and Montessori reference and parenting books.","publisher":{"@id":"https:\/\/teiaeducation.ch\/fr\/#organization"},"alternateName":"Teia Education & Play","potentialAction":[{"@type":"SearchAction","target":{"@type":"EntryPoint","urlTemplate":"https:\/\/teiaeducation.ch\/fr\/?s={search_term_string}"},"query-input":{"@type":"PropertyValueSpecification","valueRequired":true,"valueName":"search_term_string"}}],"inLanguage":"fr-FR"},{"@type":"Organization","@id":"https:\/\/teiaeducation.ch\/fr\/#organization","name":"Teia Education & Play","url":"https:\/\/teiaeducation.ch\/fr\/","logo":{"@type":"ImageObject","inLanguage":"fr-FR","@id":"https:\/\/teiaeducation.ch\/fr\/#\/schema\/logo\/image\/","url":"https:\/\/teiaeducation.ch\/wp-content\/uploads\/2020\/11\/Teia-Education-Switzerland-e1620156442216.jpg","contentUrl":"https:\/\/teiaeducation.ch\/wp-content\/uploads\/2020\/11\/Teia-Education-Switzerland-e1620156442216.jpg","width":166,"height":145,"caption":"Teia Education & Play"},"image":{"@id":"https:\/\/teiaeducation.ch\/fr\/#\/schema\/logo\/image\/"},"sameAs":["https:\/\/www.facebook.com\/teiaeducation\/","https:\/\/x.com\/EducationTeia","https:\/\/www.instagram.com\/teia.education\/","https:\/\/www.linkedin.com\/company\/35501660","https:\/\/www.pinterest.ch\/TeiaEducation\/"]}]}},"_links":{"self":[{"href":"https:\/\/teiaeducation.ch\/fr\/wp-json\/wp\/v2\/product\/21363","targetHints":{"allow":["GET"]}}],"collection":[{"href":"https:\/\/teiaeducation.ch\/fr\/wp-json\/wp\/v2\/product"}],"about":[{"href":"https:\/\/teiaeducation.ch\/fr\/wp-json\/wp\/v2\/types\/product"}],"replies":[{"embeddable":true,"href":"https:\/\/teiaeducation.ch\/fr\/wp-json\/wp\/v2\/comments?post=21363"}],"wp:featuredmedia":[{"embeddable":true,"href":"https:\/\/teiaeducation.ch\/fr\/wp-json\/wp\/v2\/media\/3530"}],"wp:attachment":[{"href":"https:\/\/teiaeducation.ch\/fr\/wp-json\/wp\/v2\/media?parent=21363"}],"wp:term":[{"taxonomy":"product_brand","embeddable":true,"href":"https:\/\/teiaeducation.ch\/fr\/wp-json\/wp\/v2\/product_brand?post=21363"},{"taxonomy":"product_cat","embeddable":true,"href":"https:\/\/teiaeducation.ch\/fr\/wp-json\/wp\/v2\/product_cat?post=21363"},{"taxonomy":"product_tag","embeddable":true,"href":"https:\/\/teiaeducation.ch\/fr\/wp-json\/wp\/v2\/product_tag?post=21363"}],"curies":[{"name":"wp","href":"https:\/\/api.w.org\/{rel}","templated":true}]}}