{"id":21381,"date":"2021-05-26T15:18:11","date_gmt":"2021-05-26T13:18:11","guid":{"rendered":"https:\/\/teiaeducation.ch\/product\/puzzle-petite-enfance-giraffe-nienhuis-montessori\/"},"modified":"2025-12-17T10:51:28","modified_gmt":"2025-12-17T09:51:28","slug":"puzzle-petite-enfance-giraffe-nienhuis-montessori","status":"publish","type":"product","link":"https:\/\/teiaeducation.ch\/fr\/produit\/puzzle-petite-enfance-giraffe-nienhuis-montessori\/","title":{"rendered":"Puzzle petite enfance: girafe &#8211; Nienhuis Montessori"},"content":{"rendered":"<p>Puzzle petite enfance: girafe\u00a0\/ Mat\u00e9riel Montessori tout-petits &#8211; Nienhuis Montessori<\/p>\n<p>Le puzzle girafe pour les <a href=\"https:\/\/teiaeducation.ch\/fr\/categorie-produit\/marques\/nienhuis-montessori-materiel-fr\/nourrisson-enfant-bas-age\/\">tout-petits<\/a> de\u00a0Nienhuis Montessori est enti\u00e8rement fait de bois et comporte une photo r\u00e9aliste d\u2019un girafe coup\u00e9 en plusieurs morceaux.<\/p>\n<p>Le puzzle fait partie du mat\u00e9riel Montessori pour les jeunes enfants et stimule la coordination \u0153il-main et la motricit\u00e9 fine du jeune enfant. Le travail avec le puzzle permet \u00e9galement \u00e0 l&#8217;enfant d&#8217;obtenir une compr\u00e9hension pr\u00e9coce de l&#8217;anatomie en observant les diff\u00e9rentes parties du corps de la girafe.<\/p>\n<p>La marque n\u00e9erlandaise Nienhuis Montessori est la marque leader mondiale Montessori, qui honore et perp\u00e9tue l\u2019h\u00e9ritage de Maria Montessori et fabrique la gamme la plus vaste et la plus innovante du mat\u00e9riel \u00e9ducatif Montessori. Tout les mat\u00e9riaux de la marque sont certifi\u00e9s par le comit\u00e9 des mat\u00e9riaux de l\u2019Association Montessori Internationale (<a href=\"https:\/\/montessori-ami.org\/\">AMI<\/a>) et sont m\u00e9ticuleusement con\u00e7us pour isoler les difficult\u00e9s afin que les enfants puissent se concentrer, se ma\u00eetriser et s\u2019\u00e9panouir.<\/p>\n<p>Nienhuis Montessori est l\u2019une des marques de la soci\u00e9t\u00e9 n\u00e9erlandaise Heutink International, qui propose les meilleures marques \u00e9ducatives mondiales, sp\u00e9cialis\u00e9s\u00a0dans l&#8217;apprentissage par le jeu.<\/p>\n<p>Ce mat\u00e9riel convient aux enfants \u00e2g\u00e9s de 1 an et plus.<\/p>\n<p>Contenu:<\/p>\n<p>1 puzzle en bois (20,5 x 20,5 cm)<\/p>\n","protected":false},"excerpt":{"rendered":"<p>Num\u00e9ro d&#8217;article: 044500<\/p>\n<p>Le puzzle Nienhuis Montessori girafe fait partie du mat\u00e9riel Montessori pour les tout-petits et comporte une photo r\u00e9aliste d\u2019une girafe.<\/p>\n","protected":false},"featured_media":12906,"comment_status":"closed","ping_status":"closed","template":"","meta":[],"product_brand":[],"product_cat":[208,285,635,283,8526,17239,8572,13130,8567,7595,1218,207,217,205,13148,209,212,612],"product_tag":[6458,6617,6459,803,6457,6619,6460,6618,6456],"class_list":{"0":"post-21381","1":"product","2":"type-product","3":"status-publish","4":"has-post-thumbnail","6":"product_cat-1-3-ans","7":"product_cat-alphabetisation-langage","8":"product_cat-competences-motrices","9":"product_cat-domaines-du-curriculum","10":"product_cat-fournitures-scolaires-a-domicile","11":"product_cat-guide-cadeaux-educatifs","12":"product_cat-jeu-et-apprentissage-pour-bebes-et-jeunes-enfants","13":"product_cat-jouer","14":"product_cat-materiel-scolaire-montessori","15":"product_cat-methode-deducation","16":"product_cat-montessori-fr","17":"product_cat-nienhuis-montessori-materiel-fr","18":"product_cat-marques","19":"product_cat-nourrisson-enfant-bas-age","20":"product_cat-puzzles-en-bois","21":"product_cat-sensorielles-motrices","22":"product_cat-tranche-dage","23":"product_cat-vocabulaire-fr","24":"product_tag-dexterite","25":"product_tag-materiel-educatif-petite-enfance","26":"product_tag-mouvement","27":"product_tag-nienhuis-montessori-fr","28":"product_tag-nourrisson-enfant-en-bas-age-0-3","29":"product_tag-parties-dun-giraffe","30":"product_tag-puzzle-educatif-en-bois","31":"product_tag-puzzle-giraffe","32":"product_tag-puzzle-montessori","34":"first","35":"instock","36":"sold-individually","37":"taxable","38":"shipping-taxable","39":"purchasable","40":"product-type-simple"},"yoast_head":"<!-- This site is optimized with the Yoast SEO plugin v27.3 - https:\/\/yoast.com\/product\/yoast-seo-wordpress\/ -->\n<title>Puzzle petite enfance: girafe - Nienhuis Montessori - Teia Education &amp; Play<\/title>\n<meta name=\"description\" content=\"Le puzzle Nienhuis Montessori girafe fait partie du mat\u00e9riel Montessori pour les tout-petits et comporte une photo r\u00e9aliste d\u2019une girafe.\" \/>\n<meta name=\"robots\" content=\"index, follow, max-snippet:-1, max-image-preview:large, max-video-preview:-1\" \/>\n<link rel=\"canonical\" href=\"https:\/\/teiaeducation.ch\/fr\/produit\/puzzle-petite-enfance-giraffe-nienhuis-montessori\/\" \/>\n<meta property=\"og:locale\" content=\"fr_FR\" \/>\n<meta property=\"og:type\" content=\"article\" \/>\n<meta property=\"og:title\" content=\"Puzzle petite enfance: girafe - Nienhuis Montessori - Teia Education &amp; Play\" \/>\n<meta property=\"og:description\" content=\"Le puzzle Nienhuis Montessori girafe fait partie du mat\u00e9riel Montessori pour les tout-petits et comporte une photo r\u00e9aliste d\u2019une girafe.\" \/>\n<meta property=\"og:url\" content=\"https:\/\/teiaeducation.ch\/fr\/produit\/puzzle-petite-enfance-giraffe-nienhuis-montessori\/\" \/>\n<meta property=\"og:site_name\" content=\"Sustainable Educational Products &amp; Ecological Toys\u00a0\" \/>\n<meta property=\"article:publisher\" content=\"https:\/\/www.facebook.com\/teiaeducation\/\" \/>\n<meta property=\"article:modified_time\" content=\"2025-12-17T09:51:28+00:00\" \/>\n<meta property=\"og:image\" content=\"https:\/\/teiaeducation.ch\/wp-content\/uploads\/2019\/05\/400_044500_main_or_1-scaled-scaled.jpg\" \/>\n\t<meta property=\"og:image:width\" content=\"2048\" \/>\n\t<meta property=\"og:image:height\" content=\"2048\" \/>\n\t<meta property=\"og:image:type\" content=\"image\/jpeg\" \/>\n<script type=\"application\/ld+json\" class=\"yoast-schema-graph\">{\"@context\":\"https:\\\/\\\/schema.org\",\"@graph\":[{\"@type\":\"WebPage\",\"@id\":\"https:\\\/\\\/teiaeducation.ch\\\/fr\\\/produit\\\/puzzle-petite-enfance-giraffe-nienhuis-montessori\\\/\",\"url\":\"https:\\\/\\\/teiaeducation.ch\\\/fr\\\/produit\\\/puzzle-petite-enfance-giraffe-nienhuis-montessori\\\/\",\"name\":\"Puzzle petite enfance: girafe - Nienhuis Montessori - Teia Education & Play\",\"isPartOf\":{\"@id\":\"https:\\\/\\\/teiaeducation.ch\\\/fr\\\/#website\"},\"primaryImageOfPage\":{\"@id\":\"https:\\\/\\\/teiaeducation.ch\\\/fr\\\/produit\\\/puzzle-petite-enfance-giraffe-nienhuis-montessori\\\/#primaryimage\"},\"image\":{\"@id\":\"https:\\\/\\\/teiaeducation.ch\\\/fr\\\/produit\\\/puzzle-petite-enfance-giraffe-nienhuis-montessori\\\/#primaryimage\"},\"thumbnailUrl\":\"https:\\\/\\\/teiaeducation.ch\\\/wp-content\\\/uploads\\\/2019\\\/05\\\/400_044500_main_or_1-scaled-scaled.jpg\",\"datePublished\":\"2021-05-26T13:18:11+00:00\",\"dateModified\":\"2025-12-17T09:51:28+00:00\",\"description\":\"Le puzzle Nienhuis Montessori girafe fait partie du mat\u00e9riel Montessori pour les tout-petits et comporte une photo r\u00e9aliste d\u2019une girafe.\",\"breadcrumb\":{\"@id\":\"https:\\\/\\\/teiaeducation.ch\\\/fr\\\/produit\\\/puzzle-petite-enfance-giraffe-nienhuis-montessori\\\/#breadcrumb\"},\"inLanguage\":\"fr-FR\",\"potentialAction\":[{\"@type\":\"ReadAction\",\"target\":[\"https:\\\/\\\/teiaeducation.ch\\\/fr\\\/produit\\\/puzzle-petite-enfance-giraffe-nienhuis-montessori\\\/\"]}]},{\"@type\":\"ImageObject\",\"inLanguage\":\"fr-FR\",\"@id\":\"https:\\\/\\\/teiaeducation.ch\\\/fr\\\/produit\\\/puzzle-petite-enfance-giraffe-nienhuis-montessori\\\/#primaryimage\",\"url\":\"https:\\\/\\\/teiaeducation.ch\\\/wp-content\\\/uploads\\\/2019\\\/05\\\/400_044500_main_or_1-scaled-scaled.jpg\",\"contentUrl\":\"https:\\\/\\\/teiaeducation.ch\\\/wp-content\\\/uploads\\\/2019\\\/05\\\/400_044500_main_or_1-scaled-scaled.jpg\",\"width\":2048,\"height\":2048,\"caption\":\"Puzzle petite enfance: girafe - Nienhuis Montessori\"},{\"@type\":\"BreadcrumbList\",\"@id\":\"https:\\\/\\\/teiaeducation.ch\\\/fr\\\/produit\\\/puzzle-petite-enfance-giraffe-nienhuis-montessori\\\/#breadcrumb\",\"itemListElement\":[{\"@type\":\"ListItem\",\"position\":1,\"name\":\"Home\",\"item\":\"https:\\\/\\\/teiaeducation.ch\\\/fr\\\/\"},{\"@type\":\"ListItem\",\"position\":2,\"name\":\"Boutique Teia Education &amp; Play\",\"item\":\"https:\\\/\\\/teiaeducation.ch\\\/fr\\\/boutique\\\/\"},{\"@type\":\"ListItem\",\"position\":3,\"name\":\"Nos Marques\",\"item\":\"https:\\\/\\\/teiaeducation.ch\\\/fr\\\/categorie-produit\\\/marques\\\/\"},{\"@type\":\"ListItem\",\"position\":4,\"name\":\"Nienhuis Montessori Suisse\",\"item\":\"https:\\\/\\\/teiaeducation.ch\\\/fr\\\/categorie-produit\\\/marques\\\/nienhuis-montessori-materiel-fr\\\/\"},{\"@type\":\"ListItem\",\"position\":5,\"name\":\"Nourrisson &amp; Enfant Bas \u00c2ge\",\"item\":\"https:\\\/\\\/teiaeducation.ch\\\/fr\\\/categorie-produit\\\/marques\\\/nienhuis-montessori-materiel-fr\\\/nourrisson-enfant-bas-age\\\/\"},{\"@type\":\"ListItem\",\"position\":6,\"name\":\"Puzzle petite enfance: girafe &#8211; Nienhuis Montessori\"}]},{\"@type\":\"WebSite\",\"@id\":\"https:\\\/\\\/teiaeducation.ch\\\/fr\\\/#website\",\"url\":\"https:\\\/\\\/teiaeducation.ch\\\/fr\\\/\",\"name\":\"Sustainable Educational Products &amp; Ecological Toys\u00a0\",\"description\":\"Specialised Swiss shop selling sustainable educational toys and games, AMI certified Montessori materials, handmade ecological wooden Waldorf toys and arts &amp; crafts supplies, school supplies, children&#039;s furniture and Montessori reference and parenting books.\",\"publisher\":{\"@id\":\"https:\\\/\\\/teiaeducation.ch\\\/fr\\\/#organization\"},\"alternateName\":\"Teia Education & Play\",\"potentialAction\":[{\"@type\":\"SearchAction\",\"target\":{\"@type\":\"EntryPoint\",\"urlTemplate\":\"https:\\\/\\\/teiaeducation.ch\\\/fr\\\/?s={search_term_string}\"},\"query-input\":{\"@type\":\"PropertyValueSpecification\",\"valueRequired\":true,\"valueName\":\"search_term_string\"}}],\"inLanguage\":\"fr-FR\"},{\"@type\":\"Organization\",\"@id\":\"https:\\\/\\\/teiaeducation.ch\\\/fr\\\/#organization\",\"name\":\"Teia Education & Play\",\"url\":\"https:\\\/\\\/teiaeducation.ch\\\/fr\\\/\",\"logo\":{\"@type\":\"ImageObject\",\"inLanguage\":\"fr-FR\",\"@id\":\"https:\\\/\\\/teiaeducation.ch\\\/fr\\\/#\\\/schema\\\/logo\\\/image\\\/\",\"url\":\"https:\\\/\\\/teiaeducation.ch\\\/wp-content\\\/uploads\\\/2020\\\/11\\\/Teia-Education-Switzerland-e1620156442216.jpg\",\"contentUrl\":\"https:\\\/\\\/teiaeducation.ch\\\/wp-content\\\/uploads\\\/2020\\\/11\\\/Teia-Education-Switzerland-e1620156442216.jpg\",\"width\":166,\"height\":145,\"caption\":\"Teia Education & Play\"},\"image\":{\"@id\":\"https:\\\/\\\/teiaeducation.ch\\\/fr\\\/#\\\/schema\\\/logo\\\/image\\\/\"},\"sameAs\":[\"https:\\\/\\\/www.facebook.com\\\/teiaeducation\\\/\",\"https:\\\/\\\/x.com\\\/EducationTeia\",\"https:\\\/\\\/www.instagram.com\\\/teia.education\\\/\",\"https:\\\/\\\/www.linkedin.com\\\/company\\\/35501660\",\"https:\\\/\\\/www.pinterest.ch\\\/TeiaEducation\\\/\"]}]}<\/script>\n<!-- \/ Yoast SEO plugin. -->","yoast_head_json":{"title":"Puzzle petite enfance: girafe - Nienhuis Montessori - Teia Education & Play","description":"Le puzzle Nienhuis Montessori girafe fait partie du mat\u00e9riel Montessori pour les tout-petits et comporte une photo r\u00e9aliste d\u2019une girafe.","robots":{"index":"index","follow":"follow","max-snippet":"max-snippet:-1","max-image-preview":"max-image-preview:large","max-video-preview":"max-video-preview:-1"},"canonical":"https:\/\/teiaeducation.ch\/fr\/produit\/puzzle-petite-enfance-giraffe-nienhuis-montessori\/","og_locale":"fr_FR","og_type":"article","og_title":"Puzzle petite enfance: girafe - Nienhuis Montessori - Teia Education & Play","og_description":"Le puzzle Nienhuis Montessori girafe fait partie du mat\u00e9riel Montessori pour les tout-petits et comporte une photo r\u00e9aliste d\u2019une girafe.","og_url":"https:\/\/teiaeducation.ch\/fr\/produit\/puzzle-petite-enfance-giraffe-nienhuis-montessori\/","og_site_name":"Sustainable Educational Products &amp; Ecological Toys\u00a0","article_publisher":"https:\/\/www.facebook.com\/teiaeducation\/","article_modified_time":"2025-12-17T09:51:28+00:00","og_image":[{"width":2048,"height":2048,"url":"https:\/\/teiaeducation.ch\/wp-content\/uploads\/2019\/05\/400_044500_main_or_1-scaled-scaled.jpg","type":"image\/jpeg"}],"schema":{"@context":"https:\/\/schema.org","@graph":[{"@type":"WebPage","@id":"https:\/\/teiaeducation.ch\/fr\/produit\/puzzle-petite-enfance-giraffe-nienhuis-montessori\/","url":"https:\/\/teiaeducation.ch\/fr\/produit\/puzzle-petite-enfance-giraffe-nienhuis-montessori\/","name":"Puzzle petite enfance: girafe - Nienhuis Montessori - Teia Education & Play","isPartOf":{"@id":"https:\/\/teiaeducation.ch\/fr\/#website"},"primaryImageOfPage":{"@id":"https:\/\/teiaeducation.ch\/fr\/produit\/puzzle-petite-enfance-giraffe-nienhuis-montessori\/#primaryimage"},"image":{"@id":"https:\/\/teiaeducation.ch\/fr\/produit\/puzzle-petite-enfance-giraffe-nienhuis-montessori\/#primaryimage"},"thumbnailUrl":"https:\/\/teiaeducation.ch\/wp-content\/uploads\/2019\/05\/400_044500_main_or_1-scaled-scaled.jpg","datePublished":"2021-05-26T13:18:11+00:00","dateModified":"2025-12-17T09:51:28+00:00","description":"Le puzzle Nienhuis Montessori girafe fait partie du mat\u00e9riel Montessori pour les tout-petits et comporte une photo r\u00e9aliste d\u2019une girafe.","breadcrumb":{"@id":"https:\/\/teiaeducation.ch\/fr\/produit\/puzzle-petite-enfance-giraffe-nienhuis-montessori\/#breadcrumb"},"inLanguage":"fr-FR","potentialAction":[{"@type":"ReadAction","target":["https:\/\/teiaeducation.ch\/fr\/produit\/puzzle-petite-enfance-giraffe-nienhuis-montessori\/"]}]},{"@type":"ImageObject","inLanguage":"fr-FR","@id":"https:\/\/teiaeducation.ch\/fr\/produit\/puzzle-petite-enfance-giraffe-nienhuis-montessori\/#primaryimage","url":"https:\/\/teiaeducation.ch\/wp-content\/uploads\/2019\/05\/400_044500_main_or_1-scaled-scaled.jpg","contentUrl":"https:\/\/teiaeducation.ch\/wp-content\/uploads\/2019\/05\/400_044500_main_or_1-scaled-scaled.jpg","width":2048,"height":2048,"caption":"Puzzle petite enfance: girafe - Nienhuis Montessori"},{"@type":"BreadcrumbList","@id":"https:\/\/teiaeducation.ch\/fr\/produit\/puzzle-petite-enfance-giraffe-nienhuis-montessori\/#breadcrumb","itemListElement":[{"@type":"ListItem","position":1,"name":"Home","item":"https:\/\/teiaeducation.ch\/fr\/"},{"@type":"ListItem","position":2,"name":"Boutique Teia Education &amp; Play","item":"https:\/\/teiaeducation.ch\/fr\/boutique\/"},{"@type":"ListItem","position":3,"name":"Nos Marques","item":"https:\/\/teiaeducation.ch\/fr\/categorie-produit\/marques\/"},{"@type":"ListItem","position":4,"name":"Nienhuis Montessori Suisse","item":"https:\/\/teiaeducation.ch\/fr\/categorie-produit\/marques\/nienhuis-montessori-materiel-fr\/"},{"@type":"ListItem","position":5,"name":"Nourrisson &amp; Enfant Bas \u00c2ge","item":"https:\/\/teiaeducation.ch\/fr\/categorie-produit\/marques\/nienhuis-montessori-materiel-fr\/nourrisson-enfant-bas-age\/"},{"@type":"ListItem","position":6,"name":"Puzzle petite enfance: girafe &#8211; Nienhuis Montessori"}]},{"@type":"WebSite","@id":"https:\/\/teiaeducation.ch\/fr\/#website","url":"https:\/\/teiaeducation.ch\/fr\/","name":"Sustainable Educational Products &amp; Ecological Toys\u00a0","description":"Specialised Swiss shop selling sustainable educational toys and games, AMI certified Montessori materials, handmade ecological wooden Waldorf toys and arts &amp; crafts supplies, school supplies, children&#039;s furniture and Montessori reference and parenting books.","publisher":{"@id":"https:\/\/teiaeducation.ch\/fr\/#organization"},"alternateName":"Teia Education & Play","potentialAction":[{"@type":"SearchAction","target":{"@type":"EntryPoint","urlTemplate":"https:\/\/teiaeducation.ch\/fr\/?s={search_term_string}"},"query-input":{"@type":"PropertyValueSpecification","valueRequired":true,"valueName":"search_term_string"}}],"inLanguage":"fr-FR"},{"@type":"Organization","@id":"https:\/\/teiaeducation.ch\/fr\/#organization","name":"Teia Education & Play","url":"https:\/\/teiaeducation.ch\/fr\/","logo":{"@type":"ImageObject","inLanguage":"fr-FR","@id":"https:\/\/teiaeducation.ch\/fr\/#\/schema\/logo\/image\/","url":"https:\/\/teiaeducation.ch\/wp-content\/uploads\/2020\/11\/Teia-Education-Switzerland-e1620156442216.jpg","contentUrl":"https:\/\/teiaeducation.ch\/wp-content\/uploads\/2020\/11\/Teia-Education-Switzerland-e1620156442216.jpg","width":166,"height":145,"caption":"Teia Education & Play"},"image":{"@id":"https:\/\/teiaeducation.ch\/fr\/#\/schema\/logo\/image\/"},"sameAs":["https:\/\/www.facebook.com\/teiaeducation\/","https:\/\/x.com\/EducationTeia","https:\/\/www.instagram.com\/teia.education\/","https:\/\/www.linkedin.com\/company\/35501660","https:\/\/www.pinterest.ch\/TeiaEducation\/"]}]}},"_links":{"self":[{"href":"https:\/\/teiaeducation.ch\/fr\/wp-json\/wp\/v2\/product\/21381","targetHints":{"allow":["GET"]}}],"collection":[{"href":"https:\/\/teiaeducation.ch\/fr\/wp-json\/wp\/v2\/product"}],"about":[{"href":"https:\/\/teiaeducation.ch\/fr\/wp-json\/wp\/v2\/types\/product"}],"replies":[{"embeddable":true,"href":"https:\/\/teiaeducation.ch\/fr\/wp-json\/wp\/v2\/comments?post=21381"}],"wp:featuredmedia":[{"embeddable":true,"href":"https:\/\/teiaeducation.ch\/fr\/wp-json\/wp\/v2\/media\/12906"}],"wp:attachment":[{"href":"https:\/\/teiaeducation.ch\/fr\/wp-json\/wp\/v2\/media?parent=21381"}],"wp:term":[{"taxonomy":"product_brand","embeddable":true,"href":"https:\/\/teiaeducation.ch\/fr\/wp-json\/wp\/v2\/product_brand?post=21381"},{"taxonomy":"product_cat","embeddable":true,"href":"https:\/\/teiaeducation.ch\/fr\/wp-json\/wp\/v2\/product_cat?post=21381"},{"taxonomy":"product_tag","embeddable":true,"href":"https:\/\/teiaeducation.ch\/fr\/wp-json\/wp\/v2\/product_tag?post=21381"}],"curies":[{"name":"wp","href":"https:\/\/api.w.org\/{rel}","templated":true}]}}