{"id":21387,"date":"2021-01-17T20:29:28","date_gmt":"2021-01-17T19:29:28","guid":{"rendered":"https:\/\/teiaeducation.ch\/product\/piece-detachee-formes-a-dessins-triangle-curviligne-nienhuis-montessori\/"},"modified":"2020-10-19T19:22:16","modified_gmt":"2020-10-19T17:22:16","slug":"piece-detachee-formes-a-dessins-triangle-curviligne-nienhuis-montessori","status":"publish","type":"product","link":"https:\/\/teiaeducation.ch\/fr\/produit\/piece-detachee-formes-a-dessins-triangle-curviligne-nienhuis-montessori\/","title":{"rendered":"Pi\u00e8ce d\u00e9tach\u00e9e: formes \u00e0 dessins triangle curviligne &#8211; Nienhuis Montessori"},"content":{"rendered":"<p>Pi\u00e8ce d\u00e9tach\u00e9e: formes \u00e0 dessins triangle curviligne &#8211; Nienhuis Montessori<\/p>\n<p>Une pi\u00e8ce d\u00e9tach\u00e9e\u00a0pour les <a href=\"https:\/\/teiaeducation.ch\/fr\/produit\/formes-a-dessins-nienhuis-montessori\/\">formes \u00e0 dessins<\/a> en m\u00e9tal de Nienhuis Montessori.<\/p>\n<p>Ce mat\u00e9riel convient aux enfants \u00e2g\u00e9s de 3 \u00e0 6 ans.<\/p>\n<p>Contenu:<\/p>\n<p>1 triangle curviligne en m\u00e9tal<\/p>\n","protected":false},"excerpt":{"rendered":"<p>Num\u00e9ro d&#8217;article: 00460005<\/p>\n","protected":false},"featured_media":21214,"comment_status":"closed","ping_status":"closed","template":"","meta":[],"product_brand":[],"product_cat":[215,285,606,635,283,273,624,288,1218,207,217,5851,301,209,212],"product_tag":[6642,6655,820,1236],"class_list":{"0":"post-21387","1":"product","2":"type-product","3":"status-publish","4":"has-post-thumbnail","6":"product_cat-3-6-ans","7":"product_cat-alphabetisation-langage","8":"product_cat-apprendre-a-ecrire","9":"product_cat-competences-motrices","10":"product_cat-domaines-du-curriculum","11":"product_cat-langage-nienhuis-montessori","12":"product_cat-formes","13":"product_cat-mathematiques-calcul","14":"product_cat-montessori-fr","15":"product_cat-nienhuis-montessori-materiel-fr","16":"product_cat-marques","17":"product_cat-nouveautes","18":"product_cat-pieces-detachees-fr","19":"product_cat-sensorielles-motrices","20":"product_cat-tranche-dage","21":"product_tag-formes-a-dessins-piece-detachee-nienhuis","22":"product_tag-formes-a-dessins-triangle-curviligne-nienhuis-montessori","23":"product_tag-montessori-langage","24":"product_tag-nenhuis-montessori-pieces-detachees","26":"first","27":"instock","28":"taxable","29":"shipping-taxable","30":"purchasable","31":"product-type-simple"},"yoast_head":"<!-- This site is optimized with the Yoast SEO plugin v27.1.1 - https:\/\/yoast.com\/product\/yoast-seo-wordpress\/ -->\n<title>Pi\u00e8ce d\u00e9tach\u00e9e: formes \u00e0 dessins triangle curviligne - Nienhuis Montessori - Teia Education &amp; Play<\/title>\n<meta name=\"description\" content=\"Pi\u00e8ce d\u00e9tach\u00e9e\u00a0triangle curviligne pour les formes \u00e0 dessins en m\u00e9tal de Nienhuis Montessori. Ce mat\u00e9riel convient aux enfants \u00e2g\u00e9s de 3 \u00e0 6 ans.\" \/>\n<meta name=\"robots\" content=\"index, follow, max-snippet:-1, max-image-preview:large, max-video-preview:-1\" \/>\n<link rel=\"canonical\" href=\"https:\/\/teiaeducation.ch\/fr\/produit\/piece-detachee-formes-a-dessins-triangle-curviligne-nienhuis-montessori\/\" \/>\n<meta property=\"og:locale\" content=\"fr_FR\" \/>\n<meta property=\"og:type\" content=\"article\" \/>\n<meta property=\"og:title\" content=\"Pi\u00e8ce d\u00e9tach\u00e9e: formes \u00e0 dessins triangle curviligne - Nienhuis Montessori - Teia Education &amp; Play\" \/>\n<meta property=\"og:description\" content=\"Pi\u00e8ce d\u00e9tach\u00e9e\u00a0triangle curviligne pour les formes \u00e0 dessins en m\u00e9tal de Nienhuis Montessori. Ce mat\u00e9riel convient aux enfants \u00e2g\u00e9s de 3 \u00e0 6 ans.\" \/>\n<meta property=\"og:url\" content=\"https:\/\/teiaeducation.ch\/fr\/produit\/piece-detachee-formes-a-dessins-triangle-curviligne-nienhuis-montessori\/\" \/>\n<meta property=\"og:site_name\" content=\"Sustainable Educational Products &amp; Ecological Toys\u00a0\" \/>\n<meta property=\"article:publisher\" content=\"https:\/\/www.facebook.com\/teiaeducation\/\" \/>\n<meta property=\"og:image\" content=\"https:\/\/teiaeducation.ch\/wp-content\/uploads\/2019\/10\/Nienhuis-Montessori-spare-part-Metal-Inset-Curvilinear-Triangle.jpeg\" \/>\n\t<meta property=\"og:image:width\" content=\"800\" \/>\n\t<meta property=\"og:image:height\" content=\"533\" \/>\n\t<meta property=\"og:image:type\" content=\"image\/jpeg\" \/>\n<script type=\"application\/ld+json\" class=\"yoast-schema-graph\">{\"@context\":\"https:\/\/schema.org\",\"@graph\":[{\"@type\":\"WebPage\",\"@id\":\"https:\/\/teiaeducation.ch\/fr\/produit\/piece-detachee-formes-a-dessins-triangle-curviligne-nienhuis-montessori\/\",\"url\":\"https:\/\/teiaeducation.ch\/fr\/produit\/piece-detachee-formes-a-dessins-triangle-curviligne-nienhuis-montessori\/\",\"name\":\"Pi\u00e8ce d\u00e9tach\u00e9e: formes \u00e0 dessins triangle curviligne - Nienhuis Montessori - Teia Education & Play\",\"isPartOf\":{\"@id\":\"https:\/\/teiaeducation.ch\/fr\/#website\"},\"primaryImageOfPage\":{\"@id\":\"https:\/\/teiaeducation.ch\/fr\/produit\/piece-detachee-formes-a-dessins-triangle-curviligne-nienhuis-montessori\/#primaryimage\"},\"image\":{\"@id\":\"https:\/\/teiaeducation.ch\/fr\/produit\/piece-detachee-formes-a-dessins-triangle-curviligne-nienhuis-montessori\/#primaryimage\"},\"thumbnailUrl\":\"https:\/\/teiaeducation.ch\/wp-content\/uploads\/2019\/10\/Nienhuis-Montessori-spare-part-Metal-Inset-Curvilinear-Triangle.jpeg\",\"datePublished\":\"2021-01-17T19:29:28+00:00\",\"description\":\"Pi\u00e8ce d\u00e9tach\u00e9e\u00a0triangle curviligne pour les formes \u00e0 dessins en m\u00e9tal de Nienhuis Montessori. Ce mat\u00e9riel convient aux enfants \u00e2g\u00e9s de 3 \u00e0 6 ans.\",\"breadcrumb\":{\"@id\":\"https:\/\/teiaeducation.ch\/fr\/produit\/piece-detachee-formes-a-dessins-triangle-curviligne-nienhuis-montessori\/#breadcrumb\"},\"inLanguage\":\"fr-FR\",\"potentialAction\":[{\"@type\":\"ReadAction\",\"target\":[\"https:\/\/teiaeducation.ch\/fr\/produit\/piece-detachee-formes-a-dessins-triangle-curviligne-nienhuis-montessori\/\"]}]},{\"@type\":\"ImageObject\",\"inLanguage\":\"fr-FR\",\"@id\":\"https:\/\/teiaeducation.ch\/fr\/produit\/piece-detachee-formes-a-dessins-triangle-curviligne-nienhuis-montessori\/#primaryimage\",\"url\":\"https:\/\/teiaeducation.ch\/wp-content\/uploads\/2019\/10\/Nienhuis-Montessori-spare-part-Metal-Inset-Curvilinear-Triangle.jpeg\",\"contentUrl\":\"https:\/\/teiaeducation.ch\/wp-content\/uploads\/2019\/10\/Nienhuis-Montessori-spare-part-Metal-Inset-Curvilinear-Triangle.jpeg\",\"width\":800,\"height\":533,\"caption\":\"Pi\u00e8ce d\u00e9tach\u00e9e: formes \u00e0 dessins triangle curviligne - Nienhuis Montessori\"},{\"@type\":\"BreadcrumbList\",\"@id\":\"https:\/\/teiaeducation.ch\/fr\/produit\/piece-detachee-formes-a-dessins-triangle-curviligne-nienhuis-montessori\/#breadcrumb\",\"itemListElement\":[{\"@type\":\"ListItem\",\"position\":1,\"name\":\"Home\",\"item\":\"https:\/\/teiaeducation.ch\/fr\/\"},{\"@type\":\"ListItem\",\"position\":2,\"name\":\"Boutique Teia Education &amp; Play\",\"item\":\"https:\/\/teiaeducation.ch\/fr\/boutique\/\"},{\"@type\":\"ListItem\",\"position\":3,\"name\":\"Supports P\u00e9dagogiques\",\"item\":\"https:\/\/teiaeducation.ch\/fr\/categorie-produit\/appui-au-curriculum\/\"},{\"@type\":\"ListItem\",\"position\":4,\"name\":\"Pi\u00e8ces D\u00e9tach\u00e9es\",\"item\":\"https:\/\/teiaeducation.ch\/fr\/categorie-produit\/appui-au-curriculum\/pieces-detachees-fr\/\"},{\"@type\":\"ListItem\",\"position\":5,\"name\":\"Pi\u00e8ce d\u00e9tach\u00e9e: formes \u00e0 dessins triangle curviligne &#8211; Nienhuis Montessori\"}]},{\"@type\":\"WebSite\",\"@id\":\"https:\/\/teiaeducation.ch\/fr\/#website\",\"url\":\"https:\/\/teiaeducation.ch\/fr\/\",\"name\":\"Sustainable Educational Products &amp; Ecological Toys\u00a0\",\"description\":\"Specialised Swiss shop selling sustainable educational toys and games, AMI certified Montessori materials, handmade ecological wooden Waldorf toys and arts &amp; crafts supplies, school supplies, children&#039;s furniture and Montessori reference and parenting books.\",\"publisher\":{\"@id\":\"https:\/\/teiaeducation.ch\/fr\/#organization\"},\"alternateName\":\"Teia Education & Play\",\"potentialAction\":[{\"@type\":\"SearchAction\",\"target\":{\"@type\":\"EntryPoint\",\"urlTemplate\":\"https:\/\/teiaeducation.ch\/fr\/?s={search_term_string}\"},\"query-input\":{\"@type\":\"PropertyValueSpecification\",\"valueRequired\":true,\"valueName\":\"search_term_string\"}}],\"inLanguage\":\"fr-FR\"},{\"@type\":\"Organization\",\"@id\":\"https:\/\/teiaeducation.ch\/fr\/#organization\",\"name\":\"Teia Education & Play\",\"url\":\"https:\/\/teiaeducation.ch\/fr\/\",\"logo\":{\"@type\":\"ImageObject\",\"inLanguage\":\"fr-FR\",\"@id\":\"https:\/\/teiaeducation.ch\/fr\/#\/schema\/logo\/image\/\",\"url\":\"https:\/\/teiaeducation.ch\/wp-content\/uploads\/2020\/11\/Teia-Education-Switzerland-e1620156442216.jpg\",\"contentUrl\":\"https:\/\/teiaeducation.ch\/wp-content\/uploads\/2020\/11\/Teia-Education-Switzerland-e1620156442216.jpg\",\"width\":166,\"height\":145,\"caption\":\"Teia Education & Play\"},\"image\":{\"@id\":\"https:\/\/teiaeducation.ch\/fr\/#\/schema\/logo\/image\/\"},\"sameAs\":[\"https:\/\/www.facebook.com\/teiaeducation\/\",\"https:\/\/x.com\/EducationTeia\",\"https:\/\/www.instagram.com\/teia.education\/\",\"https:\/\/www.linkedin.com\/company\/35501660\",\"https:\/\/www.pinterest.ch\/TeiaEducation\/\"]}]}<\/script>\n<!-- \/ Yoast SEO plugin. -->","yoast_head_json":{"title":"Pi\u00e8ce d\u00e9tach\u00e9e: formes \u00e0 dessins triangle curviligne - Nienhuis Montessori - Teia Education & Play","description":"Pi\u00e8ce d\u00e9tach\u00e9e\u00a0triangle curviligne pour les formes \u00e0 dessins en m\u00e9tal de Nienhuis Montessori. Ce mat\u00e9riel convient aux enfants \u00e2g\u00e9s de 3 \u00e0 6 ans.","robots":{"index":"index","follow":"follow","max-snippet":"max-snippet:-1","max-image-preview":"max-image-preview:large","max-video-preview":"max-video-preview:-1"},"canonical":"https:\/\/teiaeducation.ch\/fr\/produit\/piece-detachee-formes-a-dessins-triangle-curviligne-nienhuis-montessori\/","og_locale":"fr_FR","og_type":"article","og_title":"Pi\u00e8ce d\u00e9tach\u00e9e: formes \u00e0 dessins triangle curviligne - Nienhuis Montessori - Teia Education & Play","og_description":"Pi\u00e8ce d\u00e9tach\u00e9e\u00a0triangle curviligne pour les formes \u00e0 dessins en m\u00e9tal de Nienhuis Montessori. Ce mat\u00e9riel convient aux enfants \u00e2g\u00e9s de 3 \u00e0 6 ans.","og_url":"https:\/\/teiaeducation.ch\/fr\/produit\/piece-detachee-formes-a-dessins-triangle-curviligne-nienhuis-montessori\/","og_site_name":"Sustainable Educational Products &amp; Ecological Toys\u00a0","article_publisher":"https:\/\/www.facebook.com\/teiaeducation\/","og_image":[{"width":800,"height":533,"url":"https:\/\/teiaeducation.ch\/wp-content\/uploads\/2019\/10\/Nienhuis-Montessori-spare-part-Metal-Inset-Curvilinear-Triangle.jpeg","type":"image\/jpeg"}],"schema":{"@context":"https:\/\/schema.org","@graph":[{"@type":"WebPage","@id":"https:\/\/teiaeducation.ch\/fr\/produit\/piece-detachee-formes-a-dessins-triangle-curviligne-nienhuis-montessori\/","url":"https:\/\/teiaeducation.ch\/fr\/produit\/piece-detachee-formes-a-dessins-triangle-curviligne-nienhuis-montessori\/","name":"Pi\u00e8ce d\u00e9tach\u00e9e: formes \u00e0 dessins triangle curviligne - Nienhuis Montessori - Teia Education & Play","isPartOf":{"@id":"https:\/\/teiaeducation.ch\/fr\/#website"},"primaryImageOfPage":{"@id":"https:\/\/teiaeducation.ch\/fr\/produit\/piece-detachee-formes-a-dessins-triangle-curviligne-nienhuis-montessori\/#primaryimage"},"image":{"@id":"https:\/\/teiaeducation.ch\/fr\/produit\/piece-detachee-formes-a-dessins-triangle-curviligne-nienhuis-montessori\/#primaryimage"},"thumbnailUrl":"https:\/\/teiaeducation.ch\/wp-content\/uploads\/2019\/10\/Nienhuis-Montessori-spare-part-Metal-Inset-Curvilinear-Triangle.jpeg","datePublished":"2021-01-17T19:29:28+00:00","description":"Pi\u00e8ce d\u00e9tach\u00e9e\u00a0triangle curviligne pour les formes \u00e0 dessins en m\u00e9tal de Nienhuis Montessori. Ce mat\u00e9riel convient aux enfants \u00e2g\u00e9s de 3 \u00e0 6 ans.","breadcrumb":{"@id":"https:\/\/teiaeducation.ch\/fr\/produit\/piece-detachee-formes-a-dessins-triangle-curviligne-nienhuis-montessori\/#breadcrumb"},"inLanguage":"fr-FR","potentialAction":[{"@type":"ReadAction","target":["https:\/\/teiaeducation.ch\/fr\/produit\/piece-detachee-formes-a-dessins-triangle-curviligne-nienhuis-montessori\/"]}]},{"@type":"ImageObject","inLanguage":"fr-FR","@id":"https:\/\/teiaeducation.ch\/fr\/produit\/piece-detachee-formes-a-dessins-triangle-curviligne-nienhuis-montessori\/#primaryimage","url":"https:\/\/teiaeducation.ch\/wp-content\/uploads\/2019\/10\/Nienhuis-Montessori-spare-part-Metal-Inset-Curvilinear-Triangle.jpeg","contentUrl":"https:\/\/teiaeducation.ch\/wp-content\/uploads\/2019\/10\/Nienhuis-Montessori-spare-part-Metal-Inset-Curvilinear-Triangle.jpeg","width":800,"height":533,"caption":"Pi\u00e8ce d\u00e9tach\u00e9e: formes \u00e0 dessins triangle curviligne - Nienhuis Montessori"},{"@type":"BreadcrumbList","@id":"https:\/\/teiaeducation.ch\/fr\/produit\/piece-detachee-formes-a-dessins-triangle-curviligne-nienhuis-montessori\/#breadcrumb","itemListElement":[{"@type":"ListItem","position":1,"name":"Home","item":"https:\/\/teiaeducation.ch\/fr\/"},{"@type":"ListItem","position":2,"name":"Boutique Teia Education &amp; Play","item":"https:\/\/teiaeducation.ch\/fr\/boutique\/"},{"@type":"ListItem","position":3,"name":"Supports P\u00e9dagogiques","item":"https:\/\/teiaeducation.ch\/fr\/categorie-produit\/appui-au-curriculum\/"},{"@type":"ListItem","position":4,"name":"Pi\u00e8ces D\u00e9tach\u00e9es","item":"https:\/\/teiaeducation.ch\/fr\/categorie-produit\/appui-au-curriculum\/pieces-detachees-fr\/"},{"@type":"ListItem","position":5,"name":"Pi\u00e8ce d\u00e9tach\u00e9e: formes \u00e0 dessins triangle curviligne &#8211; Nienhuis Montessori"}]},{"@type":"WebSite","@id":"https:\/\/teiaeducation.ch\/fr\/#website","url":"https:\/\/teiaeducation.ch\/fr\/","name":"Sustainable Educational Products &amp; Ecological Toys\u00a0","description":"Specialised Swiss shop selling sustainable educational toys and games, AMI certified Montessori materials, handmade ecological wooden Waldorf toys and arts &amp; crafts supplies, school supplies, children&#039;s furniture and Montessori reference and parenting books.","publisher":{"@id":"https:\/\/teiaeducation.ch\/fr\/#organization"},"alternateName":"Teia Education & Play","potentialAction":[{"@type":"SearchAction","target":{"@type":"EntryPoint","urlTemplate":"https:\/\/teiaeducation.ch\/fr\/?s={search_term_string}"},"query-input":{"@type":"PropertyValueSpecification","valueRequired":true,"valueName":"search_term_string"}}],"inLanguage":"fr-FR"},{"@type":"Organization","@id":"https:\/\/teiaeducation.ch\/fr\/#organization","name":"Teia Education & Play","url":"https:\/\/teiaeducation.ch\/fr\/","logo":{"@type":"ImageObject","inLanguage":"fr-FR","@id":"https:\/\/teiaeducation.ch\/fr\/#\/schema\/logo\/image\/","url":"https:\/\/teiaeducation.ch\/wp-content\/uploads\/2020\/11\/Teia-Education-Switzerland-e1620156442216.jpg","contentUrl":"https:\/\/teiaeducation.ch\/wp-content\/uploads\/2020\/11\/Teia-Education-Switzerland-e1620156442216.jpg","width":166,"height":145,"caption":"Teia Education & Play"},"image":{"@id":"https:\/\/teiaeducation.ch\/fr\/#\/schema\/logo\/image\/"},"sameAs":["https:\/\/www.facebook.com\/teiaeducation\/","https:\/\/x.com\/EducationTeia","https:\/\/www.instagram.com\/teia.education\/","https:\/\/www.linkedin.com\/company\/35501660","https:\/\/www.pinterest.ch\/TeiaEducation\/"]}]}},"_links":{"self":[{"href":"https:\/\/teiaeducation.ch\/fr\/wp-json\/wp\/v2\/product\/21387","targetHints":{"allow":["GET"]}}],"collection":[{"href":"https:\/\/teiaeducation.ch\/fr\/wp-json\/wp\/v2\/product"}],"about":[{"href":"https:\/\/teiaeducation.ch\/fr\/wp-json\/wp\/v2\/types\/product"}],"replies":[{"embeddable":true,"href":"https:\/\/teiaeducation.ch\/fr\/wp-json\/wp\/v2\/comments?post=21387"}],"wp:featuredmedia":[{"embeddable":true,"href":"https:\/\/teiaeducation.ch\/fr\/wp-json\/wp\/v2\/media\/21214"}],"wp:attachment":[{"href":"https:\/\/teiaeducation.ch\/fr\/wp-json\/wp\/v2\/media?parent=21387"}],"wp:term":[{"taxonomy":"product_brand","embeddable":true,"href":"https:\/\/teiaeducation.ch\/fr\/wp-json\/wp\/v2\/product_brand?post=21387"},{"taxonomy":"product_cat","embeddable":true,"href":"https:\/\/teiaeducation.ch\/fr\/wp-json\/wp\/v2\/product_cat?post=21387"},{"taxonomy":"product_tag","embeddable":true,"href":"https:\/\/teiaeducation.ch\/fr\/wp-json\/wp\/v2\/product_tag?post=21387"}],"curies":[{"name":"wp","href":"https:\/\/api.w.org\/{rel}","templated":true}]}}