{"id":21467,"date":"2019-11-28T20:47:53","date_gmt":"2019-11-28T19:47:53","guid":{"rendered":"https:\/\/teiaeducation.ch\/product\/panier-a-tresors-20-elements-grapat\/"},"modified":"2025-10-01T11:20:45","modified_gmt":"2025-10-01T09:20:45","slug":"panier-a-tresors-20-elements-grapat","status":"publish","type":"product","link":"https:\/\/teiaeducation.ch\/fr\/produit\/panier-a-tresors-20-elements-grapat\/","title":{"rendered":"Panier \u00e0 tr\u00e9sors: 20 \u00e9l\u00e9ments &#8211; Grapat"},"content":{"rendered":"<p>Panier \u00e0 tr\u00e9sors: 20 \u00e9l\u00e9ments &#8211; Grapat<\/p>\n<p>L&#8217;ensemble de panier \u00e0 tr\u00e9sors de Grapat comprend 10 \u00e9l\u00e9ments en bois naturel fini \u00e0 cires naturelles. Tous les \u00e9l\u00e9ments sont fabriqu\u00e9s \u00e0 la main en bois naturel et sont con\u00e7us pour \u00eatre inclus dans le panier \u00e0 tr\u00e9sors: un jeu qui am\u00e9liore la pens\u00e9e math\u00e9matique et logique. Le panier \u00e0 tr\u00e9sors permet des jeux sensoriels et des d\u00e9couvertes qui sont g\u00e9n\u00e9ralement les premiers jeux auxquels les enfants jouent.<\/p>\n<p>L&#8217;ensemble d&#8217;\u00e9l\u00e9ments du panier \u00e0 tr\u00e9sors compl\u00e8te tous les autres <a href=\"https:\/\/teiaeducation.ch\/fr\/categorie-produit\/marques\/grapat-fr\/\">jouets Grapat<\/a>.<\/p>\n<p>Un sac en tissu pour le stockage est inclus.<\/p>\n<p>Ce mat\u00e9riel convient aux enfants \u00e2g\u00e9s de 10 mois et plus.<\/p>\n","protected":false},"excerpt":{"rendered":"<p>Num\u00e9ro d\u2019article: 16-131<\/p>\n","protected":false},"featured_media":21457,"comment_status":"closed","ping_status":"closed","template":"","meta":[],"product_brand":[],"product_cat":[208,215,8526,1208,1209,8572,1210,13130,23020,23021,13142,7595,217,5851,212,1219],"product_tag":[650,1242,1227,1241,23582,1229,23603],"class_list":{"0":"post-21467","1":"product","2":"type-product","3":"status-publish","4":"has-post-thumbnail","6":"product_cat-1-3-ans","7":"product_cat-3-6-ans","8":"product_cat-fournitures-scolaires-a-domicile","9":"product_cat-grapat-fr","10":"product_cat-kits-complets","11":"product_cat-jeu-et-apprentissage-pour-bebes-et-jeunes-enfants","12":"product_cat-heuristique","13":"product_cat-jouer","14":"product_cat-jouets-en-bois","15":"product_cat-jouets-waldorf","16":"product_cat-jeu-sensoriel","17":"product_cat-methode-deducation","18":"product_cat-marques","19":"product_cat-nouveautes","20":"product_cat-tranche-dage","21":"product_cat-waldorf-fr","22":"product_tag-jouets-educatifs-suisse","23":"product_tag-jouets-en-bois-fr","24":"product_tag-jouets-ouverts","25":"product_tag-jouets-waldorf","26":"product_tag-open-ended-play-fr","27":"product_tag-sensoriel","28":"product_tag-wooden-toys-fr","30":"first","31":"outofstock","32":"taxable","33":"shipping-taxable","34":"purchasable","35":"product-type-simple"},"yoast_head":"<!-- This site is optimized with the Yoast SEO plugin v27.1.1 - https:\/\/yoast.com\/product\/yoast-seo-wordpress\/ -->\n<title>Panier \u00e0 tr\u00e9sors: 20 \u00e9l\u00e9ments - Grapat - Teia Education &amp; Play<\/title>\n<meta name=\"description\" content=\"L&#039;ensemble de panier \u00e0 tr\u00e9sors de Grapat comprend 10 \u00e9l\u00e9ments en bois naturel fini \u00e0 cires naturelles et fabriqu\u00e9s \u00e0 la main.\" \/>\n<meta name=\"robots\" content=\"index, follow, max-snippet:-1, max-image-preview:large, max-video-preview:-1\" \/>\n<link rel=\"canonical\" href=\"https:\/\/teiaeducation.ch\/fr\/produit\/panier-a-tresors-20-elements-grapat\/\" \/>\n<meta property=\"og:locale\" content=\"fr_FR\" \/>\n<meta property=\"og:type\" content=\"article\" \/>\n<meta property=\"og:title\" content=\"Panier \u00e0 tr\u00e9sors: 20 \u00e9l\u00e9ments - Grapat - Teia Education &amp; Play\" \/>\n<meta property=\"og:description\" content=\"L&#039;ensemble de panier \u00e0 tr\u00e9sors de Grapat comprend 10 \u00e9l\u00e9ments en bois naturel fini \u00e0 cires naturelles et fabriqu\u00e9s \u00e0 la main.\" \/>\n<meta property=\"og:url\" content=\"https:\/\/teiaeducation.ch\/fr\/produit\/panier-a-tresors-20-elements-grapat\/\" \/>\n<meta property=\"og:site_name\" content=\"Sustainable Educational Products &amp; Ecological Toys\u00a0\" \/>\n<meta property=\"article:publisher\" content=\"https:\/\/www.facebook.com\/teiaeducation\/\" \/>\n<meta property=\"article:modified_time\" content=\"2025-10-01T09:20:45+00:00\" \/>\n<meta property=\"og:image\" content=\"https:\/\/teiaeducation.ch\/wp-content\/uploads\/2019\/11\/Art-16-131_MG_0010B-Joguines-Grapat.jpg\" \/>\n\t<meta property=\"og:image:width\" content=\"1800\" \/>\n\t<meta property=\"og:image:height\" content=\"1800\" \/>\n\t<meta property=\"og:image:type\" content=\"image\/jpeg\" \/>\n<script type=\"application\/ld+json\" class=\"yoast-schema-graph\">{\"@context\":\"https:\/\/schema.org\",\"@graph\":[{\"@type\":\"WebPage\",\"@id\":\"https:\/\/teiaeducation.ch\/fr\/produit\/panier-a-tresors-20-elements-grapat\/\",\"url\":\"https:\/\/teiaeducation.ch\/fr\/produit\/panier-a-tresors-20-elements-grapat\/\",\"name\":\"Panier \u00e0 tr\u00e9sors: 20 \u00e9l\u00e9ments - Grapat - Teia Education & Play\",\"isPartOf\":{\"@id\":\"https:\/\/teiaeducation.ch\/fr\/#website\"},\"primaryImageOfPage\":{\"@id\":\"https:\/\/teiaeducation.ch\/fr\/produit\/panier-a-tresors-20-elements-grapat\/#primaryimage\"},\"image\":{\"@id\":\"https:\/\/teiaeducation.ch\/fr\/produit\/panier-a-tresors-20-elements-grapat\/#primaryimage\"},\"thumbnailUrl\":\"https:\/\/teiaeducation.ch\/wp-content\/uploads\/2019\/11\/Art-16-131_MG_0010B-Joguines-Grapat.jpg\",\"datePublished\":\"2019-11-28T19:47:53+00:00\",\"dateModified\":\"2025-10-01T09:20:45+00:00\",\"description\":\"L'ensemble de panier \u00e0 tr\u00e9sors de Grapat comprend 10 \u00e9l\u00e9ments en bois naturel fini \u00e0 cires naturelles et fabriqu\u00e9s \u00e0 la main.\",\"breadcrumb\":{\"@id\":\"https:\/\/teiaeducation.ch\/fr\/produit\/panier-a-tresors-20-elements-grapat\/#breadcrumb\"},\"inLanguage\":\"fr-FR\",\"potentialAction\":[{\"@type\":\"ReadAction\",\"target\":[\"https:\/\/teiaeducation.ch\/fr\/produit\/panier-a-tresors-20-elements-grapat\/\"]}]},{\"@type\":\"ImageObject\",\"inLanguage\":\"fr-FR\",\"@id\":\"https:\/\/teiaeducation.ch\/fr\/produit\/panier-a-tresors-20-elements-grapat\/#primaryimage\",\"url\":\"https:\/\/teiaeducation.ch\/wp-content\/uploads\/2019\/11\/Art-16-131_MG_0010B-Joguines-Grapat.jpg\",\"contentUrl\":\"https:\/\/teiaeducation.ch\/wp-content\/uploads\/2019\/11\/Art-16-131_MG_0010B-Joguines-Grapat.jpg\",\"width\":1800,\"height\":1800,\"caption\":\"Panier \u00e0 tr\u00e9sors: 20 \u00e9l\u00e9ments - Grapat\"},{\"@type\":\"BreadcrumbList\",\"@id\":\"https:\/\/teiaeducation.ch\/fr\/produit\/panier-a-tresors-20-elements-grapat\/#breadcrumb\",\"itemListElement\":[{\"@type\":\"ListItem\",\"position\":1,\"name\":\"Home\",\"item\":\"https:\/\/teiaeducation.ch\/fr\/\"},{\"@type\":\"ListItem\",\"position\":2,\"name\":\"Boutique Teia Education &amp; Play\",\"item\":\"https:\/\/teiaeducation.ch\/fr\/boutique\/\"},{\"@type\":\"ListItem\",\"position\":3,\"name\":\"Nos Marques\",\"item\":\"https:\/\/teiaeducation.ch\/fr\/categorie-produit\/marques\/\"},{\"@type\":\"ListItem\",\"position\":4,\"name\":\"Grapat\",\"item\":\"https:\/\/teiaeducation.ch\/fr\/categorie-produit\/marques\/grapat-fr\/\"},{\"@type\":\"ListItem\",\"position\":5,\"name\":\"Grapat Kits Complets\",\"item\":\"https:\/\/teiaeducation.ch\/fr\/categorie-produit\/marques\/grapat-fr\/kits-complets\/\"},{\"@type\":\"ListItem\",\"position\":6,\"name\":\"Panier \u00e0 tr\u00e9sors: 20 \u00e9l\u00e9ments &#8211; Grapat\"}]},{\"@type\":\"WebSite\",\"@id\":\"https:\/\/teiaeducation.ch\/fr\/#website\",\"url\":\"https:\/\/teiaeducation.ch\/fr\/\",\"name\":\"Sustainable Educational Products &amp; Ecological Toys\u00a0\",\"description\":\"Specialised Swiss shop selling sustainable educational toys and games, AMI certified Montessori materials, handmade ecological wooden Waldorf toys and arts &amp; crafts supplies, school supplies, children&#039;s furniture and Montessori reference and parenting books.\",\"publisher\":{\"@id\":\"https:\/\/teiaeducation.ch\/fr\/#organization\"},\"alternateName\":\"Teia Education & Play\",\"potentialAction\":[{\"@type\":\"SearchAction\",\"target\":{\"@type\":\"EntryPoint\",\"urlTemplate\":\"https:\/\/teiaeducation.ch\/fr\/?s={search_term_string}\"},\"query-input\":{\"@type\":\"PropertyValueSpecification\",\"valueRequired\":true,\"valueName\":\"search_term_string\"}}],\"inLanguage\":\"fr-FR\"},{\"@type\":\"Organization\",\"@id\":\"https:\/\/teiaeducation.ch\/fr\/#organization\",\"name\":\"Teia Education & Play\",\"url\":\"https:\/\/teiaeducation.ch\/fr\/\",\"logo\":{\"@type\":\"ImageObject\",\"inLanguage\":\"fr-FR\",\"@id\":\"https:\/\/teiaeducation.ch\/fr\/#\/schema\/logo\/image\/\",\"url\":\"https:\/\/teiaeducation.ch\/wp-content\/uploads\/2020\/11\/Teia-Education-Switzerland-e1620156442216.jpg\",\"contentUrl\":\"https:\/\/teiaeducation.ch\/wp-content\/uploads\/2020\/11\/Teia-Education-Switzerland-e1620156442216.jpg\",\"width\":166,\"height\":145,\"caption\":\"Teia Education & Play\"},\"image\":{\"@id\":\"https:\/\/teiaeducation.ch\/fr\/#\/schema\/logo\/image\/\"},\"sameAs\":[\"https:\/\/www.facebook.com\/teiaeducation\/\",\"https:\/\/x.com\/EducationTeia\",\"https:\/\/www.instagram.com\/teia.education\/\",\"https:\/\/www.linkedin.com\/company\/35501660\",\"https:\/\/www.pinterest.ch\/TeiaEducation\/\"]}]}<\/script>\n<!-- \/ Yoast SEO plugin. -->","yoast_head_json":{"title":"Panier \u00e0 tr\u00e9sors: 20 \u00e9l\u00e9ments - Grapat - Teia Education & Play","description":"L'ensemble de panier \u00e0 tr\u00e9sors de Grapat comprend 10 \u00e9l\u00e9ments en bois naturel fini \u00e0 cires naturelles et fabriqu\u00e9s \u00e0 la main.","robots":{"index":"index","follow":"follow","max-snippet":"max-snippet:-1","max-image-preview":"max-image-preview:large","max-video-preview":"max-video-preview:-1"},"canonical":"https:\/\/teiaeducation.ch\/fr\/produit\/panier-a-tresors-20-elements-grapat\/","og_locale":"fr_FR","og_type":"article","og_title":"Panier \u00e0 tr\u00e9sors: 20 \u00e9l\u00e9ments - Grapat - Teia Education & Play","og_description":"L'ensemble de panier \u00e0 tr\u00e9sors de Grapat comprend 10 \u00e9l\u00e9ments en bois naturel fini \u00e0 cires naturelles et fabriqu\u00e9s \u00e0 la main.","og_url":"https:\/\/teiaeducation.ch\/fr\/produit\/panier-a-tresors-20-elements-grapat\/","og_site_name":"Sustainable Educational Products &amp; Ecological Toys\u00a0","article_publisher":"https:\/\/www.facebook.com\/teiaeducation\/","article_modified_time":"2025-10-01T09:20:45+00:00","og_image":[{"width":1800,"height":1800,"url":"https:\/\/teiaeducation.ch\/wp-content\/uploads\/2019\/11\/Art-16-131_MG_0010B-Joguines-Grapat.jpg","type":"image\/jpeg"}],"schema":{"@context":"https:\/\/schema.org","@graph":[{"@type":"WebPage","@id":"https:\/\/teiaeducation.ch\/fr\/produit\/panier-a-tresors-20-elements-grapat\/","url":"https:\/\/teiaeducation.ch\/fr\/produit\/panier-a-tresors-20-elements-grapat\/","name":"Panier \u00e0 tr\u00e9sors: 20 \u00e9l\u00e9ments - Grapat - Teia Education & Play","isPartOf":{"@id":"https:\/\/teiaeducation.ch\/fr\/#website"},"primaryImageOfPage":{"@id":"https:\/\/teiaeducation.ch\/fr\/produit\/panier-a-tresors-20-elements-grapat\/#primaryimage"},"image":{"@id":"https:\/\/teiaeducation.ch\/fr\/produit\/panier-a-tresors-20-elements-grapat\/#primaryimage"},"thumbnailUrl":"https:\/\/teiaeducation.ch\/wp-content\/uploads\/2019\/11\/Art-16-131_MG_0010B-Joguines-Grapat.jpg","datePublished":"2019-11-28T19:47:53+00:00","dateModified":"2025-10-01T09:20:45+00:00","description":"L'ensemble de panier \u00e0 tr\u00e9sors de Grapat comprend 10 \u00e9l\u00e9ments en bois naturel fini \u00e0 cires naturelles et fabriqu\u00e9s \u00e0 la main.","breadcrumb":{"@id":"https:\/\/teiaeducation.ch\/fr\/produit\/panier-a-tresors-20-elements-grapat\/#breadcrumb"},"inLanguage":"fr-FR","potentialAction":[{"@type":"ReadAction","target":["https:\/\/teiaeducation.ch\/fr\/produit\/panier-a-tresors-20-elements-grapat\/"]}]},{"@type":"ImageObject","inLanguage":"fr-FR","@id":"https:\/\/teiaeducation.ch\/fr\/produit\/panier-a-tresors-20-elements-grapat\/#primaryimage","url":"https:\/\/teiaeducation.ch\/wp-content\/uploads\/2019\/11\/Art-16-131_MG_0010B-Joguines-Grapat.jpg","contentUrl":"https:\/\/teiaeducation.ch\/wp-content\/uploads\/2019\/11\/Art-16-131_MG_0010B-Joguines-Grapat.jpg","width":1800,"height":1800,"caption":"Panier \u00e0 tr\u00e9sors: 20 \u00e9l\u00e9ments - Grapat"},{"@type":"BreadcrumbList","@id":"https:\/\/teiaeducation.ch\/fr\/produit\/panier-a-tresors-20-elements-grapat\/#breadcrumb","itemListElement":[{"@type":"ListItem","position":1,"name":"Home","item":"https:\/\/teiaeducation.ch\/fr\/"},{"@type":"ListItem","position":2,"name":"Boutique Teia Education &amp; Play","item":"https:\/\/teiaeducation.ch\/fr\/boutique\/"},{"@type":"ListItem","position":3,"name":"Nos Marques","item":"https:\/\/teiaeducation.ch\/fr\/categorie-produit\/marques\/"},{"@type":"ListItem","position":4,"name":"Grapat","item":"https:\/\/teiaeducation.ch\/fr\/categorie-produit\/marques\/grapat-fr\/"},{"@type":"ListItem","position":5,"name":"Grapat Kits Complets","item":"https:\/\/teiaeducation.ch\/fr\/categorie-produit\/marques\/grapat-fr\/kits-complets\/"},{"@type":"ListItem","position":6,"name":"Panier \u00e0 tr\u00e9sors: 20 \u00e9l\u00e9ments &#8211; Grapat"}]},{"@type":"WebSite","@id":"https:\/\/teiaeducation.ch\/fr\/#website","url":"https:\/\/teiaeducation.ch\/fr\/","name":"Sustainable Educational Products &amp; Ecological Toys\u00a0","description":"Specialised Swiss shop selling sustainable educational toys and games, AMI certified Montessori materials, handmade ecological wooden Waldorf toys and arts &amp; crafts supplies, school supplies, children&#039;s furniture and Montessori reference and parenting books.","publisher":{"@id":"https:\/\/teiaeducation.ch\/fr\/#organization"},"alternateName":"Teia Education & Play","potentialAction":[{"@type":"SearchAction","target":{"@type":"EntryPoint","urlTemplate":"https:\/\/teiaeducation.ch\/fr\/?s={search_term_string}"},"query-input":{"@type":"PropertyValueSpecification","valueRequired":true,"valueName":"search_term_string"}}],"inLanguage":"fr-FR"},{"@type":"Organization","@id":"https:\/\/teiaeducation.ch\/fr\/#organization","name":"Teia Education & Play","url":"https:\/\/teiaeducation.ch\/fr\/","logo":{"@type":"ImageObject","inLanguage":"fr-FR","@id":"https:\/\/teiaeducation.ch\/fr\/#\/schema\/logo\/image\/","url":"https:\/\/teiaeducation.ch\/wp-content\/uploads\/2020\/11\/Teia-Education-Switzerland-e1620156442216.jpg","contentUrl":"https:\/\/teiaeducation.ch\/wp-content\/uploads\/2020\/11\/Teia-Education-Switzerland-e1620156442216.jpg","width":166,"height":145,"caption":"Teia Education & Play"},"image":{"@id":"https:\/\/teiaeducation.ch\/fr\/#\/schema\/logo\/image\/"},"sameAs":["https:\/\/www.facebook.com\/teiaeducation\/","https:\/\/x.com\/EducationTeia","https:\/\/www.instagram.com\/teia.education\/","https:\/\/www.linkedin.com\/company\/35501660","https:\/\/www.pinterest.ch\/TeiaEducation\/"]}]}},"_links":{"self":[{"href":"https:\/\/teiaeducation.ch\/fr\/wp-json\/wp\/v2\/product\/21467","targetHints":{"allow":["GET"]}}],"collection":[{"href":"https:\/\/teiaeducation.ch\/fr\/wp-json\/wp\/v2\/product"}],"about":[{"href":"https:\/\/teiaeducation.ch\/fr\/wp-json\/wp\/v2\/types\/product"}],"replies":[{"embeddable":true,"href":"https:\/\/teiaeducation.ch\/fr\/wp-json\/wp\/v2\/comments?post=21467"}],"wp:featuredmedia":[{"embeddable":true,"href":"https:\/\/teiaeducation.ch\/fr\/wp-json\/wp\/v2\/media\/21457"}],"wp:attachment":[{"href":"https:\/\/teiaeducation.ch\/fr\/wp-json\/wp\/v2\/media?parent=21467"}],"wp:term":[{"taxonomy":"product_brand","embeddable":true,"href":"https:\/\/teiaeducation.ch\/fr\/wp-json\/wp\/v2\/product_brand?post=21467"},{"taxonomy":"product_cat","embeddable":true,"href":"https:\/\/teiaeducation.ch\/fr\/wp-json\/wp\/v2\/product_cat?post=21467"},{"taxonomy":"product_tag","embeddable":true,"href":"https:\/\/teiaeducation.ch\/fr\/wp-json\/wp\/v2\/product_tag?post=21467"}],"curies":[{"name":"wp","href":"https:\/\/api.w.org\/{rel}","templated":true}]}}