{"id":22974,"date":"2019-02-02T13:53:30","date_gmt":"2019-02-02T12:53:30","guid":{"rendered":"https:\/\/teiaeducation.ch\/product\/livret-la-petite-meduse-nienhuis-montessori\/"},"modified":"2022-03-10T13:03:32","modified_gmt":"2022-03-10T12:03:32","slug":"livret-la-petite-meduse-nienhuis-montessori","status":"publish","type":"product","link":"https:\/\/teiaeducation.ch\/fr\/produit\/livret-la-petite-meduse-nienhuis-montessori\/","title":{"rendered":"Livret: la petite m\u00e9duse &#8211; Nienhuis Montessori"},"content":{"rendered":"<p>Livret : la petite m\u00e9duse &#8211; Nienhuis Montessori<\/p>\n<p>Le livret de Nienhuis Montessori &#8220;la petite m\u00e9duse&#8221; est un grand conte cosmique de Petra Braun &#8220;sur la m\u00e9duse&#8221;. Ce livret fait partie de la s\u00e9rie des grands contes cosmiques de Nienhuis Montessori, qui sont bas\u00e9s sur les grandes le\u00e7ons de Maria Montessori et encouragent les jeunes enfants \u00e0 en savoir plus sur la science et l&#8217;histoire. La s\u00e9rie comprend 10 livrets au total : la petite m\u00e9duse, le petit trilobite, le petit corail, le petit lys de mer, le petit poisson, le petit amphibien, le petit dinosaure, la petite libellule, le petit oiseau et le petit cheval. (disponible s\u00e9par\u00e9ment)<\/p>\n<p>En \u00e9coutant les histoires des livrets, les petits enfants de l&#8217;\u00e9cole primaire peuvent d\u00e9couvrir le monde qui les entoure tout en am\u00e9liorant leur vocabulaire et leur concentration. Chaque livret de la s\u00e9rie des grands contes cosmiques contient des textes faciles \u00e0 comprendre et des images r\u00e9alistes utilis\u00e9es pour illustrer les histoires, soutenant ainsi l&#8217;imagination de l&#8217;enfant. Les livrets peuvent \u00e9galement servir de support au programme scolaire en tant qu&#8217;introduction aux le\u00e7ons et \u00e0 l&#8217;\u00e9tude d&#8217;objets li\u00e9s au conte, comme par exemple le <a href=\"https:\/\/teiaeducation.ch\/fr\/produit\/le-ruban-noir-nienhuis-montessori\/\">ruban noir<\/a> Nienhuis Montessori. Les livrets de grands contes cosmiques sont \u00e9galement adapt\u00e9s \u00e0 la lecture individuelle par des enfants plus \u00e2g\u00e9s.<\/p>\n<p>Ce livret est adapt\u00e9 aux enfants de 4 ans et plus.<\/p>\n<p>Contenu :<\/p>\n<p>1 livret (14 x 14 cm)<\/p>\n","protected":false},"excerpt":{"rendered":"<p>Num\u00e9ro d&#8217;article: 523181<\/p>\n<p>Le livret de Nienhuis Montessori, la petite m\u00e9duse, est un grand conte cosmique de Petra Braun bas\u00e9 sur les grandes le\u00e7ons de Maria Montessori<\/p>\n","protected":false},"featured_media":14840,"comment_status":"closed","ping_status":"closed","template":"","meta":[],"product_brand":[],"product_cat":[215,216,285,284,283,594,299,311,271,20663,20666,18912,7595,1218,207,217,297,597,611,292,212,612],"product_tag":[1375,776,7609,7610,7608,7617,7605,768,651,1287,7606,646,7618,803,767,647,7611,7607,7612],"class_list":{"0":"post-22974","1":"product","2":"type-product","3":"status-publish","4":"has-post-thumbnail","6":"product_cat-3-6-ans","7":"product_cat-6-12-ans","8":"product_cat-alphabetisation-langage","9":"product_cat-culture-sciences","10":"product_cat-domaines-du-curriculum","11":"product_cat-terre-et-univers","12":"product_cat-lignes-du-temps","13":"product_cat-livres-appui-au-curriculum","14":"product_cat-livres","15":"product_cat-livres-de-contes","16":"product_cat-livres-montessori","17":"product_cat-livres-pour-enfants","18":"product_cat-methode-deducation","19":"product_cat-montessori-fr","20":"product_cat-nienhuis-montessori-materiel-fr","21":"product_cat-marques","22":"product_cat-papier-livrets","23":"product_cat-prehistoire","24":"product_cat-raconter-des-histoires","25":"product_cat-appui-au-curriculum","26":"product_cat-tranche-dage","27":"product_cat-vocabulaire-fr","28":"product_tag-dr-maria-montessori-fr","29":"product_tag-heutink-international-suisse","30":"product_tag-histoires","31":"product_tag-livre-montessori-fr-2","32":"product_tag-livres-et-plus","33":"product_tag-livret-montessori-la-petite-meduse","34":"product_tag-livret-nienhuis-montessori","35":"product_tag-materiel-montessori-suisse","36":"product_tag-materiel-pedagogique-suisse","37":"product_tag-montessori-histoire","38":"product_tag-montessori-la-terre-et-lunivers","39":"product_tag-montessori-materiels-suisse-fr","40":"product_tag-nienhuis-la-petite-meduse","41":"product_tag-nienhuis-montessori-fr","42":"product_tag-nienhuis-montessori-suisse-fr-2","43":"product_tag-nienhuis-montessori-suisse-fr","44":"product_tag-petra-braun-fr","45":"product_tag-pour-enfants","46":"product_tag-science-montessori","48":"first","49":"instock","50":"sold-individually","51":"taxable","52":"shipping-taxable","53":"purchasable","54":"product-type-simple"},"yoast_head":"<!-- This site is optimized with the Yoast SEO plugin v27.1.1 - https:\/\/yoast.com\/product\/yoast-seo-wordpress\/ -->\n<title>Livret : la petite m\u00e9duse - Nienhuis Montessori<\/title>\n<meta name=\"description\" content=\"Le livret de Nienhuis Montessori, la petite m\u00e9duse, est un grand conte cosmique de Petra Braun bas\u00e9 sur les grandes le\u00e7ons de Maria Montessori\" \/>\n<meta name=\"robots\" content=\"index, follow, max-snippet:-1, max-image-preview:large, max-video-preview:-1\" \/>\n<link rel=\"canonical\" href=\"https:\/\/teiaeducation.ch\/fr\/produit\/livret-la-petite-meduse-nienhuis-montessori\/\" \/>\n<meta property=\"og:locale\" content=\"fr_FR\" \/>\n<meta property=\"og:type\" content=\"article\" \/>\n<meta property=\"og:title\" content=\"Livret : la petite m\u00e9duse - Nienhuis Montessori\" \/>\n<meta property=\"og:description\" content=\"Le livret de Nienhuis Montessori, la petite m\u00e9duse, est un grand conte cosmique de Petra Braun bas\u00e9 sur les grandes le\u00e7ons de Maria Montessori\" \/>\n<meta property=\"og:url\" content=\"https:\/\/teiaeducation.ch\/fr\/produit\/livret-la-petite-meduse-nienhuis-montessori\/\" \/>\n<meta property=\"og:site_name\" content=\"Sustainable Educational Products &amp; Ecological Toys\u00a0\" \/>\n<meta property=\"article:publisher\" content=\"https:\/\/www.facebook.com\/teiaeducation\/\" \/>\n<meta property=\"article:modified_time\" content=\"2022-03-10T12:03:32+00:00\" \/>\n<meta property=\"og:image\" content=\"https:\/\/teiaeducation.ch\/wp-content\/uploads\/2019\/05\/400_523181_main_or_1-scaled-scaled.jpg\" \/>\n\t<meta property=\"og:image:width\" content=\"2048\" \/>\n\t<meta property=\"og:image:height\" content=\"2048\" \/>\n\t<meta property=\"og:image:type\" content=\"image\/jpeg\" \/>\n<script type=\"application\/ld+json\" class=\"yoast-schema-graph\">{\"@context\":\"https:\/\/schema.org\",\"@graph\":[{\"@type\":\"WebPage\",\"@id\":\"https:\/\/teiaeducation.ch\/fr\/produit\/livret-la-petite-meduse-nienhuis-montessori\/\",\"url\":\"https:\/\/teiaeducation.ch\/fr\/produit\/livret-la-petite-meduse-nienhuis-montessori\/\",\"name\":\"Livret : la petite m\u00e9duse - Nienhuis Montessori\",\"isPartOf\":{\"@id\":\"https:\/\/teiaeducation.ch\/fr\/#website\"},\"primaryImageOfPage\":{\"@id\":\"https:\/\/teiaeducation.ch\/fr\/produit\/livret-la-petite-meduse-nienhuis-montessori\/#primaryimage\"},\"image\":{\"@id\":\"https:\/\/teiaeducation.ch\/fr\/produit\/livret-la-petite-meduse-nienhuis-montessori\/#primaryimage\"},\"thumbnailUrl\":\"https:\/\/teiaeducation.ch\/wp-content\/uploads\/2019\/05\/400_523181_main_or_1-scaled-scaled.jpg\",\"datePublished\":\"2019-02-02T12:53:30+00:00\",\"dateModified\":\"2022-03-10T12:03:32+00:00\",\"description\":\"Le livret de Nienhuis Montessori, la petite m\u00e9duse, est un grand conte cosmique de Petra Braun bas\u00e9 sur les grandes le\u00e7ons de Maria Montessori\",\"breadcrumb\":{\"@id\":\"https:\/\/teiaeducation.ch\/fr\/produit\/livret-la-petite-meduse-nienhuis-montessori\/#breadcrumb\"},\"inLanguage\":\"fr-FR\",\"potentialAction\":[{\"@type\":\"ReadAction\",\"target\":[\"https:\/\/teiaeducation.ch\/fr\/produit\/livret-la-petite-meduse-nienhuis-montessori\/\"]}]},{\"@type\":\"ImageObject\",\"inLanguage\":\"fr-FR\",\"@id\":\"https:\/\/teiaeducation.ch\/fr\/produit\/livret-la-petite-meduse-nienhuis-montessori\/#primaryimage\",\"url\":\"https:\/\/teiaeducation.ch\/wp-content\/uploads\/2019\/05\/400_523181_main_or_1-scaled-scaled.jpg\",\"contentUrl\":\"https:\/\/teiaeducation.ch\/wp-content\/uploads\/2019\/05\/400_523181_main_or_1-scaled-scaled.jpg\",\"width\":2048,\"height\":2048,\"caption\":\"Grand livret de contes cosmiques : La petite m\u00e9duse - Nienhuis Montessori\"},{\"@type\":\"BreadcrumbList\",\"@id\":\"https:\/\/teiaeducation.ch\/fr\/produit\/livret-la-petite-meduse-nienhuis-montessori\/#breadcrumb\",\"itemListElement\":[{\"@type\":\"ListItem\",\"position\":1,\"name\":\"Home\",\"item\":\"https:\/\/teiaeducation.ch\/fr\/\"},{\"@type\":\"ListItem\",\"position\":2,\"name\":\"Boutique Teia Education &amp; Play\",\"item\":\"https:\/\/teiaeducation.ch\/fr\/boutique\/\"},{\"@type\":\"ListItem\",\"position\":3,\"name\":\"Domaines du Curriculum\",\"item\":\"https:\/\/teiaeducation.ch\/fr\/categorie-produit\/domaines-du-curriculum\/\"},{\"@type\":\"ListItem\",\"position\":4,\"name\":\"Culture &amp; Sciences\",\"item\":\"https:\/\/teiaeducation.ch\/fr\/categorie-produit\/domaines-du-curriculum\/culture-sciences\/\"},{\"@type\":\"ListItem\",\"position\":5,\"name\":\"La Terre et L'Univers\",\"item\":\"https:\/\/teiaeducation.ch\/fr\/categorie-produit\/domaines-du-curriculum\/culture-sciences\/terre-et-univers\/\"},{\"@type\":\"ListItem\",\"position\":6,\"name\":\"Livret: la petite m\u00e9duse &#8211; Nienhuis Montessori\"}]},{\"@type\":\"WebSite\",\"@id\":\"https:\/\/teiaeducation.ch\/fr\/#website\",\"url\":\"https:\/\/teiaeducation.ch\/fr\/\",\"name\":\"Sustainable Educational Products &amp; Ecological Toys\u00a0\",\"description\":\"Specialised Swiss shop selling sustainable educational toys and games, AMI certified Montessori materials, handmade ecological wooden Waldorf toys and arts &amp; crafts supplies, school supplies, children&#039;s furniture and Montessori reference and parenting books.\",\"publisher\":{\"@id\":\"https:\/\/teiaeducation.ch\/fr\/#organization\"},\"alternateName\":\"Teia Education & Play\",\"potentialAction\":[{\"@type\":\"SearchAction\",\"target\":{\"@type\":\"EntryPoint\",\"urlTemplate\":\"https:\/\/teiaeducation.ch\/fr\/?s={search_term_string}\"},\"query-input\":{\"@type\":\"PropertyValueSpecification\",\"valueRequired\":true,\"valueName\":\"search_term_string\"}}],\"inLanguage\":\"fr-FR\"},{\"@type\":\"Organization\",\"@id\":\"https:\/\/teiaeducation.ch\/fr\/#organization\",\"name\":\"Teia Education & Play\",\"url\":\"https:\/\/teiaeducation.ch\/fr\/\",\"logo\":{\"@type\":\"ImageObject\",\"inLanguage\":\"fr-FR\",\"@id\":\"https:\/\/teiaeducation.ch\/fr\/#\/schema\/logo\/image\/\",\"url\":\"https:\/\/teiaeducation.ch\/wp-content\/uploads\/2020\/11\/Teia-Education-Switzerland-e1620156442216.jpg\",\"contentUrl\":\"https:\/\/teiaeducation.ch\/wp-content\/uploads\/2020\/11\/Teia-Education-Switzerland-e1620156442216.jpg\",\"width\":166,\"height\":145,\"caption\":\"Teia Education & Play\"},\"image\":{\"@id\":\"https:\/\/teiaeducation.ch\/fr\/#\/schema\/logo\/image\/\"},\"sameAs\":[\"https:\/\/www.facebook.com\/teiaeducation\/\",\"https:\/\/x.com\/EducationTeia\",\"https:\/\/www.instagram.com\/teia.education\/\",\"https:\/\/www.linkedin.com\/company\/35501660\",\"https:\/\/www.pinterest.ch\/TeiaEducation\/\"]}]}<\/script>\n<!-- \/ Yoast SEO plugin. -->","yoast_head_json":{"title":"Livret : la petite m\u00e9duse - Nienhuis Montessori","description":"Le livret de Nienhuis Montessori, la petite m\u00e9duse, est un grand conte cosmique de Petra Braun bas\u00e9 sur les grandes le\u00e7ons de Maria Montessori","robots":{"index":"index","follow":"follow","max-snippet":"max-snippet:-1","max-image-preview":"max-image-preview:large","max-video-preview":"max-video-preview:-1"},"canonical":"https:\/\/teiaeducation.ch\/fr\/produit\/livret-la-petite-meduse-nienhuis-montessori\/","og_locale":"fr_FR","og_type":"article","og_title":"Livret : la petite m\u00e9duse - Nienhuis Montessori","og_description":"Le livret de Nienhuis Montessori, la petite m\u00e9duse, est un grand conte cosmique de Petra Braun bas\u00e9 sur les grandes le\u00e7ons de Maria Montessori","og_url":"https:\/\/teiaeducation.ch\/fr\/produit\/livret-la-petite-meduse-nienhuis-montessori\/","og_site_name":"Sustainable Educational Products &amp; Ecological Toys\u00a0","article_publisher":"https:\/\/www.facebook.com\/teiaeducation\/","article_modified_time":"2022-03-10T12:03:32+00:00","og_image":[{"width":2048,"height":2048,"url":"https:\/\/teiaeducation.ch\/wp-content\/uploads\/2019\/05\/400_523181_main_or_1-scaled-scaled.jpg","type":"image\/jpeg"}],"schema":{"@context":"https:\/\/schema.org","@graph":[{"@type":"WebPage","@id":"https:\/\/teiaeducation.ch\/fr\/produit\/livret-la-petite-meduse-nienhuis-montessori\/","url":"https:\/\/teiaeducation.ch\/fr\/produit\/livret-la-petite-meduse-nienhuis-montessori\/","name":"Livret : la petite m\u00e9duse - Nienhuis Montessori","isPartOf":{"@id":"https:\/\/teiaeducation.ch\/fr\/#website"},"primaryImageOfPage":{"@id":"https:\/\/teiaeducation.ch\/fr\/produit\/livret-la-petite-meduse-nienhuis-montessori\/#primaryimage"},"image":{"@id":"https:\/\/teiaeducation.ch\/fr\/produit\/livret-la-petite-meduse-nienhuis-montessori\/#primaryimage"},"thumbnailUrl":"https:\/\/teiaeducation.ch\/wp-content\/uploads\/2019\/05\/400_523181_main_or_1-scaled-scaled.jpg","datePublished":"2019-02-02T12:53:30+00:00","dateModified":"2022-03-10T12:03:32+00:00","description":"Le livret de Nienhuis Montessori, la petite m\u00e9duse, est un grand conte cosmique de Petra Braun bas\u00e9 sur les grandes le\u00e7ons de Maria Montessori","breadcrumb":{"@id":"https:\/\/teiaeducation.ch\/fr\/produit\/livret-la-petite-meduse-nienhuis-montessori\/#breadcrumb"},"inLanguage":"fr-FR","potentialAction":[{"@type":"ReadAction","target":["https:\/\/teiaeducation.ch\/fr\/produit\/livret-la-petite-meduse-nienhuis-montessori\/"]}]},{"@type":"ImageObject","inLanguage":"fr-FR","@id":"https:\/\/teiaeducation.ch\/fr\/produit\/livret-la-petite-meduse-nienhuis-montessori\/#primaryimage","url":"https:\/\/teiaeducation.ch\/wp-content\/uploads\/2019\/05\/400_523181_main_or_1-scaled-scaled.jpg","contentUrl":"https:\/\/teiaeducation.ch\/wp-content\/uploads\/2019\/05\/400_523181_main_or_1-scaled-scaled.jpg","width":2048,"height":2048,"caption":"Grand livret de contes cosmiques : La petite m\u00e9duse - Nienhuis Montessori"},{"@type":"BreadcrumbList","@id":"https:\/\/teiaeducation.ch\/fr\/produit\/livret-la-petite-meduse-nienhuis-montessori\/#breadcrumb","itemListElement":[{"@type":"ListItem","position":1,"name":"Home","item":"https:\/\/teiaeducation.ch\/fr\/"},{"@type":"ListItem","position":2,"name":"Boutique Teia Education &amp; Play","item":"https:\/\/teiaeducation.ch\/fr\/boutique\/"},{"@type":"ListItem","position":3,"name":"Domaines du Curriculum","item":"https:\/\/teiaeducation.ch\/fr\/categorie-produit\/domaines-du-curriculum\/"},{"@type":"ListItem","position":4,"name":"Culture &amp; Sciences","item":"https:\/\/teiaeducation.ch\/fr\/categorie-produit\/domaines-du-curriculum\/culture-sciences\/"},{"@type":"ListItem","position":5,"name":"La Terre et L'Univers","item":"https:\/\/teiaeducation.ch\/fr\/categorie-produit\/domaines-du-curriculum\/culture-sciences\/terre-et-univers\/"},{"@type":"ListItem","position":6,"name":"Livret: la petite m\u00e9duse &#8211; Nienhuis Montessori"}]},{"@type":"WebSite","@id":"https:\/\/teiaeducation.ch\/fr\/#website","url":"https:\/\/teiaeducation.ch\/fr\/","name":"Sustainable Educational Products &amp; Ecological Toys\u00a0","description":"Specialised Swiss shop selling sustainable educational toys and games, AMI certified Montessori materials, handmade ecological wooden Waldorf toys and arts &amp; crafts supplies, school supplies, children&#039;s furniture and Montessori reference and parenting books.","publisher":{"@id":"https:\/\/teiaeducation.ch\/fr\/#organization"},"alternateName":"Teia Education & Play","potentialAction":[{"@type":"SearchAction","target":{"@type":"EntryPoint","urlTemplate":"https:\/\/teiaeducation.ch\/fr\/?s={search_term_string}"},"query-input":{"@type":"PropertyValueSpecification","valueRequired":true,"valueName":"search_term_string"}}],"inLanguage":"fr-FR"},{"@type":"Organization","@id":"https:\/\/teiaeducation.ch\/fr\/#organization","name":"Teia Education & Play","url":"https:\/\/teiaeducation.ch\/fr\/","logo":{"@type":"ImageObject","inLanguage":"fr-FR","@id":"https:\/\/teiaeducation.ch\/fr\/#\/schema\/logo\/image\/","url":"https:\/\/teiaeducation.ch\/wp-content\/uploads\/2020\/11\/Teia-Education-Switzerland-e1620156442216.jpg","contentUrl":"https:\/\/teiaeducation.ch\/wp-content\/uploads\/2020\/11\/Teia-Education-Switzerland-e1620156442216.jpg","width":166,"height":145,"caption":"Teia Education & Play"},"image":{"@id":"https:\/\/teiaeducation.ch\/fr\/#\/schema\/logo\/image\/"},"sameAs":["https:\/\/www.facebook.com\/teiaeducation\/","https:\/\/x.com\/EducationTeia","https:\/\/www.instagram.com\/teia.education\/","https:\/\/www.linkedin.com\/company\/35501660","https:\/\/www.pinterest.ch\/TeiaEducation\/"]}]}},"_links":{"self":[{"href":"https:\/\/teiaeducation.ch\/fr\/wp-json\/wp\/v2\/product\/22974","targetHints":{"allow":["GET"]}}],"collection":[{"href":"https:\/\/teiaeducation.ch\/fr\/wp-json\/wp\/v2\/product"}],"about":[{"href":"https:\/\/teiaeducation.ch\/fr\/wp-json\/wp\/v2\/types\/product"}],"replies":[{"embeddable":true,"href":"https:\/\/teiaeducation.ch\/fr\/wp-json\/wp\/v2\/comments?post=22974"}],"wp:featuredmedia":[{"embeddable":true,"href":"https:\/\/teiaeducation.ch\/fr\/wp-json\/wp\/v2\/media\/14840"}],"wp:attachment":[{"href":"https:\/\/teiaeducation.ch\/fr\/wp-json\/wp\/v2\/media?parent=22974"}],"wp:term":[{"taxonomy":"product_brand","embeddable":true,"href":"https:\/\/teiaeducation.ch\/fr\/wp-json\/wp\/v2\/product_brand?post=22974"},{"taxonomy":"product_cat","embeddable":true,"href":"https:\/\/teiaeducation.ch\/fr\/wp-json\/wp\/v2\/product_cat?post=22974"},{"taxonomy":"product_tag","embeddable":true,"href":"https:\/\/teiaeducation.ch\/fr\/wp-json\/wp\/v2\/product_tag?post=22974"}],"curies":[{"name":"wp","href":"https:\/\/api.w.org\/{rel}","templated":true}]}}