{"id":22975,"date":"2019-02-02T13:50:30","date_gmt":"2019-02-02T12:50:30","guid":{"rendered":"https:\/\/teiaeducation.ch\/product\/livret-le-petit-nenuphar-nienhuis-montessori\/"},"modified":"2020-02-19T16:39:26","modified_gmt":"2020-02-19T15:39:26","slug":"livret-le-petit-lys-de-mer-nienhuis-montessori","status":"publish","type":"product","link":"https:\/\/teiaeducation.ch\/fr\/produit\/livret-le-petit-lys-de-mer-nienhuis-montessori\/","title":{"rendered":"Livret: le petit lys de mer &#8211; Nienhuis Montessori"},"content":{"rendered":"<p>Livret: le petit lys de mer &#8211; Nienhuis Montessori<\/p>\n<p>Le livret de Nienhuis Montessori &#8220;le petit lys de mer&#8221; est un grand r\u00e9cit cosmique de Petra Braun sur &#8220;le lys de mer&#8221;. Ce livret fait partie de la s\u00e9rie des grands contes\u00a0cosmiques de Nienhuis Montessori, qui sont bas\u00e9s sur les grandes le\u00e7ons de Maria Montessori et encouragent les petits enfants \u00e0 en savoir plus sur la science et l&#8217;histoire. La s\u00e9rie comprend 10 livrets au total : la petite m\u00e9duse, le petit trilobite, le petit corail, le petit lys de mer, le petit poisson, le petit amphibien, le petit dinosaure, la petite libellule, le petit oiseau et le petit cheval. (disponible s\u00e9par\u00e9ment)<\/p>\n<p>En \u00e9coutant les histoires des livrets, les petits enfants de l&#8217;\u00e9cole primaire peuvent d\u00e9couvrir le monde qui les entoure tout en am\u00e9liorant leur vocabulaire et leur concentration. Chaque livret de la s\u00e9rie des grands contes cosmiques contient des textes faciles \u00e0 comprendre et des images r\u00e9alistes utilis\u00e9es pour illustrer les histoires, soutenant ainsi l&#8217;imagination de l&#8217;enfant. Les livrets peuvent \u00e9galement servir de support au programme scolaire en tant qu&#8217;introduction aux le\u00e7ons et \u00e0 l&#8217;\u00e9tude d&#8217;objets li\u00e9s au conte, comme par exemple le ruban noir Nienhuis Montessori.\u00a0Les livrets de grands contes cosmiques sont \u00e9galement adapt\u00e9s \u00e0 la lecture individuelle par des enfants plus \u00e2g\u00e9s.<\/p>\n<p>Ce mat\u00e9riel est adapt\u00e9 aux enfants de 4 ans et plus.<\/p>\n<p>Contenu :<\/p>\n<p>1 livret (14 x 14 cm)<\/p>\n","protected":false},"excerpt":{"rendered":"<p>Num\u00e9ro d&#8217;article: 523211<\/p>\n","protected":false},"featured_media":14842,"comment_status":"closed","ping_status":"closed","template":"","meta":[],"product_brand":[],"product_cat":[215,216,285,284,283,8526,592,763,299,271,311,20663,20666,18912,8567,7595,1218,207,217,297,597,611,292,212,612],"product_tag":[1375,776,7609,7610,7608,7619,7605,768,651,1287,7606,646,7620,803,647,767,7611,7607,7612],"class_list":{"0":"post-22975","1":"product","2":"type-product","3":"status-publish","4":"has-post-thumbnail","6":"product_cat-3-6-ans","7":"product_cat-6-12-ans","8":"product_cat-alphabetisation-langage","9":"product_cat-culture-sciences","10":"product_cat-domaines-du-curriculum","11":"product_cat-fournitures-scolaires-a-domicile","12":"product_cat-geographie-animale","13":"product_cat-la-science","14":"product_cat-lignes-du-temps","15":"product_cat-livres","16":"product_cat-livres-appui-au-curriculum","17":"product_cat-livres-de-contes","18":"product_cat-livres-montessori","19":"product_cat-livres-pour-enfants","20":"product_cat-materiel-scolaire-montessori","21":"product_cat-methode-deducation","22":"product_cat-montessori-fr","23":"product_cat-nienhuis-montessori-materiel-fr","24":"product_cat-marques","25":"product_cat-papier-livrets","26":"product_cat-prehistoire","27":"product_cat-raconter-des-histoires","28":"product_cat-appui-au-curriculum","29":"product_cat-tranche-dage","30":"product_cat-vocabulaire-fr","31":"product_tag-dr-maria-montessori-fr","32":"product_tag-heutink-international-suisse","33":"product_tag-histoires","34":"product_tag-livre-montessori-fr-2","35":"product_tag-livres-et-plus","36":"product_tag-livret-montessori-le-petit-nenuphar","37":"product_tag-livret-nienhuis-montessori","38":"product_tag-materiel-montessori-suisse","39":"product_tag-materiel-pedagogique-suisse","40":"product_tag-montessori-histoire","41":"product_tag-montessori-la-terre-et-lunivers","42":"product_tag-montessori-materiels-suisse-fr","43":"product_tag-nienhuis-le-petit-nenuphar","44":"product_tag-nienhuis-montessori-fr","45":"product_tag-nienhuis-montessori-suisse-fr","46":"product_tag-nienhuis-montessori-suisse-fr-2","47":"product_tag-petra-braun-fr","48":"product_tag-pour-enfants","49":"product_tag-science-montessori","51":"first","52":"instock","53":"sold-individually","54":"taxable","55":"shipping-taxable","56":"purchasable","57":"product-type-simple"},"yoast_head":"<!-- This site is optimized with the Yoast SEO plugin v27.1.1 - https:\/\/yoast.com\/product\/yoast-seo-wordpress\/ -->\n<title>Livret : le petit lys de mer - Nienhuis Montessori<\/title>\n<meta name=\"description\" content=\"Le livret Nienhuis Montessori le petit lys de mer est un grand r\u00e9cit cosmique de Petra Braun bas\u00e9 sur les grandes le\u00e7ons de Maria Montessori.\" \/>\n<meta name=\"robots\" content=\"index, follow, max-snippet:-1, max-image-preview:large, max-video-preview:-1\" \/>\n<link rel=\"canonical\" href=\"https:\/\/teiaeducation.ch\/fr\/produit\/livret-le-petit-lys-de-mer-nienhuis-montessori\/\" \/>\n<meta property=\"og:locale\" content=\"fr_FR\" \/>\n<meta property=\"og:type\" content=\"article\" \/>\n<meta property=\"og:title\" content=\"Livret : le petit lys de mer - Nienhuis Montessori\" \/>\n<meta property=\"og:description\" content=\"Le livret Nienhuis Montessori le petit lys de mer est un grand r\u00e9cit cosmique de Petra Braun bas\u00e9 sur les grandes le\u00e7ons de Maria Montessori.\" \/>\n<meta property=\"og:url\" content=\"https:\/\/teiaeducation.ch\/fr\/produit\/livret-le-petit-lys-de-mer-nienhuis-montessori\/\" \/>\n<meta property=\"og:site_name\" content=\"Sustainable Educational Products &amp; Ecological Toys\u00a0\" \/>\n<meta property=\"article:publisher\" content=\"https:\/\/www.facebook.com\/teiaeducation\/\" \/>\n<meta property=\"article:modified_time\" content=\"2020-02-19T15:39:26+00:00\" \/>\n<meta property=\"og:image\" content=\"https:\/\/teiaeducation.ch\/wp-content\/uploads\/2019\/05\/400_523211_main_or_1.jpg\" \/>\n\t<meta property=\"og:image:width\" content=\"1181\" \/>\n\t<meta property=\"og:image:height\" content=\"1181\" \/>\n\t<meta property=\"og:image:type\" content=\"image\/jpeg\" \/>\n<script type=\"application\/ld+json\" class=\"yoast-schema-graph\">{\"@context\":\"https:\/\/schema.org\",\"@graph\":[{\"@type\":\"WebPage\",\"@id\":\"https:\/\/teiaeducation.ch\/fr\/produit\/livret-le-petit-lys-de-mer-nienhuis-montessori\/\",\"url\":\"https:\/\/teiaeducation.ch\/fr\/produit\/livret-le-petit-lys-de-mer-nienhuis-montessori\/\",\"name\":\"Livret : le petit lys de mer - Nienhuis Montessori\",\"isPartOf\":{\"@id\":\"https:\/\/teiaeducation.ch\/fr\/#website\"},\"primaryImageOfPage\":{\"@id\":\"https:\/\/teiaeducation.ch\/fr\/produit\/livret-le-petit-lys-de-mer-nienhuis-montessori\/#primaryimage\"},\"image\":{\"@id\":\"https:\/\/teiaeducation.ch\/fr\/produit\/livret-le-petit-lys-de-mer-nienhuis-montessori\/#primaryimage\"},\"thumbnailUrl\":\"https:\/\/teiaeducation.ch\/wp-content\/uploads\/2019\/05\/400_523211_main_or_1.jpg\",\"datePublished\":\"2019-02-02T12:50:30+00:00\",\"dateModified\":\"2020-02-19T15:39:26+00:00\",\"description\":\"Le livret Nienhuis Montessori le petit lys de mer est un grand r\u00e9cit cosmique de Petra Braun bas\u00e9 sur les grandes le\u00e7ons de Maria Montessori.\",\"breadcrumb\":{\"@id\":\"https:\/\/teiaeducation.ch\/fr\/produit\/livret-le-petit-lys-de-mer-nienhuis-montessori\/#breadcrumb\"},\"inLanguage\":\"fr-FR\",\"potentialAction\":[{\"@type\":\"ReadAction\",\"target\":[\"https:\/\/teiaeducation.ch\/fr\/produit\/livret-le-petit-lys-de-mer-nienhuis-montessori\/\"]}]},{\"@type\":\"ImageObject\",\"inLanguage\":\"fr-FR\",\"@id\":\"https:\/\/teiaeducation.ch\/fr\/produit\/livret-le-petit-lys-de-mer-nienhuis-montessori\/#primaryimage\",\"url\":\"https:\/\/teiaeducation.ch\/wp-content\/uploads\/2019\/05\/400_523211_main_or_1.jpg\",\"contentUrl\":\"https:\/\/teiaeducation.ch\/wp-content\/uploads\/2019\/05\/400_523211_main_or_1.jpg\",\"width\":1181,\"height\":1181,\"caption\":\"Le livret Nienhuis Montessori le petit lys de mer est un grand r\u00e9cit cosmique de Petra Braun bas\u00e9 sur les grandes le\u00e7ons de Maria Montessori.\"},{\"@type\":\"BreadcrumbList\",\"@id\":\"https:\/\/teiaeducation.ch\/fr\/produit\/livret-le-petit-lys-de-mer-nienhuis-montessori\/#breadcrumb\",\"itemListElement\":[{\"@type\":\"ListItem\",\"position\":1,\"name\":\"Home\",\"item\":\"https:\/\/teiaeducation.ch\/fr\/\"},{\"@type\":\"ListItem\",\"position\":2,\"name\":\"Boutique Teia Education &amp; Play\",\"item\":\"https:\/\/teiaeducation.ch\/fr\/boutique\/\"},{\"@type\":\"ListItem\",\"position\":3,\"name\":\"Domaines du Curriculum\",\"item\":\"https:\/\/teiaeducation.ch\/fr\/categorie-produit\/domaines-du-curriculum\/\"},{\"@type\":\"ListItem\",\"position\":4,\"name\":\"Culture &amp; Sciences\",\"item\":\"https:\/\/teiaeducation.ch\/fr\/categorie-produit\/domaines-du-curriculum\/culture-sciences\/\"},{\"@type\":\"ListItem\",\"position\":5,\"name\":\"G\u00e9ographie Animale\",\"item\":\"https:\/\/teiaeducation.ch\/fr\/categorie-produit\/domaines-du-curriculum\/culture-sciences\/geographie-animale\/\"},{\"@type\":\"ListItem\",\"position\":6,\"name\":\"Livret: le petit lys de mer &#8211; Nienhuis Montessori\"}]},{\"@type\":\"WebSite\",\"@id\":\"https:\/\/teiaeducation.ch\/fr\/#website\",\"url\":\"https:\/\/teiaeducation.ch\/fr\/\",\"name\":\"Sustainable Educational Products &amp; Ecological Toys\u00a0\",\"description\":\"Specialised Swiss shop selling sustainable educational toys and games, AMI certified Montessori materials, handmade ecological wooden Waldorf toys and arts &amp; crafts supplies, school supplies, children&#039;s furniture and Montessori reference and parenting books.\",\"publisher\":{\"@id\":\"https:\/\/teiaeducation.ch\/fr\/#organization\"},\"alternateName\":\"Teia Education & Play\",\"potentialAction\":[{\"@type\":\"SearchAction\",\"target\":{\"@type\":\"EntryPoint\",\"urlTemplate\":\"https:\/\/teiaeducation.ch\/fr\/?s={search_term_string}\"},\"query-input\":{\"@type\":\"PropertyValueSpecification\",\"valueRequired\":true,\"valueName\":\"search_term_string\"}}],\"inLanguage\":\"fr-FR\"},{\"@type\":\"Organization\",\"@id\":\"https:\/\/teiaeducation.ch\/fr\/#organization\",\"name\":\"Teia Education & Play\",\"url\":\"https:\/\/teiaeducation.ch\/fr\/\",\"logo\":{\"@type\":\"ImageObject\",\"inLanguage\":\"fr-FR\",\"@id\":\"https:\/\/teiaeducation.ch\/fr\/#\/schema\/logo\/image\/\",\"url\":\"https:\/\/teiaeducation.ch\/wp-content\/uploads\/2020\/11\/Teia-Education-Switzerland-e1620156442216.jpg\",\"contentUrl\":\"https:\/\/teiaeducation.ch\/wp-content\/uploads\/2020\/11\/Teia-Education-Switzerland-e1620156442216.jpg\",\"width\":166,\"height\":145,\"caption\":\"Teia Education & Play\"},\"image\":{\"@id\":\"https:\/\/teiaeducation.ch\/fr\/#\/schema\/logo\/image\/\"},\"sameAs\":[\"https:\/\/www.facebook.com\/teiaeducation\/\",\"https:\/\/x.com\/EducationTeia\",\"https:\/\/www.instagram.com\/teia.education\/\",\"https:\/\/www.linkedin.com\/company\/35501660\",\"https:\/\/www.pinterest.ch\/TeiaEducation\/\"]}]}<\/script>\n<!-- \/ Yoast SEO plugin. -->","yoast_head_json":{"title":"Livret : le petit lys de mer - Nienhuis Montessori","description":"Le livret Nienhuis Montessori le petit lys de mer est un grand r\u00e9cit cosmique de Petra Braun bas\u00e9 sur les grandes le\u00e7ons de Maria Montessori.","robots":{"index":"index","follow":"follow","max-snippet":"max-snippet:-1","max-image-preview":"max-image-preview:large","max-video-preview":"max-video-preview:-1"},"canonical":"https:\/\/teiaeducation.ch\/fr\/produit\/livret-le-petit-lys-de-mer-nienhuis-montessori\/","og_locale":"fr_FR","og_type":"article","og_title":"Livret : le petit lys de mer - Nienhuis Montessori","og_description":"Le livret Nienhuis Montessori le petit lys de mer est un grand r\u00e9cit cosmique de Petra Braun bas\u00e9 sur les grandes le\u00e7ons de Maria Montessori.","og_url":"https:\/\/teiaeducation.ch\/fr\/produit\/livret-le-petit-lys-de-mer-nienhuis-montessori\/","og_site_name":"Sustainable Educational Products &amp; Ecological Toys\u00a0","article_publisher":"https:\/\/www.facebook.com\/teiaeducation\/","article_modified_time":"2020-02-19T15:39:26+00:00","og_image":[{"width":1181,"height":1181,"url":"https:\/\/teiaeducation.ch\/wp-content\/uploads\/2019\/05\/400_523211_main_or_1.jpg","type":"image\/jpeg"}],"schema":{"@context":"https:\/\/schema.org","@graph":[{"@type":"WebPage","@id":"https:\/\/teiaeducation.ch\/fr\/produit\/livret-le-petit-lys-de-mer-nienhuis-montessori\/","url":"https:\/\/teiaeducation.ch\/fr\/produit\/livret-le-petit-lys-de-mer-nienhuis-montessori\/","name":"Livret : le petit lys de mer - Nienhuis Montessori","isPartOf":{"@id":"https:\/\/teiaeducation.ch\/fr\/#website"},"primaryImageOfPage":{"@id":"https:\/\/teiaeducation.ch\/fr\/produit\/livret-le-petit-lys-de-mer-nienhuis-montessori\/#primaryimage"},"image":{"@id":"https:\/\/teiaeducation.ch\/fr\/produit\/livret-le-petit-lys-de-mer-nienhuis-montessori\/#primaryimage"},"thumbnailUrl":"https:\/\/teiaeducation.ch\/wp-content\/uploads\/2019\/05\/400_523211_main_or_1.jpg","datePublished":"2019-02-02T12:50:30+00:00","dateModified":"2020-02-19T15:39:26+00:00","description":"Le livret Nienhuis Montessori le petit lys de mer est un grand r\u00e9cit cosmique de Petra Braun bas\u00e9 sur les grandes le\u00e7ons de Maria Montessori.","breadcrumb":{"@id":"https:\/\/teiaeducation.ch\/fr\/produit\/livret-le-petit-lys-de-mer-nienhuis-montessori\/#breadcrumb"},"inLanguage":"fr-FR","potentialAction":[{"@type":"ReadAction","target":["https:\/\/teiaeducation.ch\/fr\/produit\/livret-le-petit-lys-de-mer-nienhuis-montessori\/"]}]},{"@type":"ImageObject","inLanguage":"fr-FR","@id":"https:\/\/teiaeducation.ch\/fr\/produit\/livret-le-petit-lys-de-mer-nienhuis-montessori\/#primaryimage","url":"https:\/\/teiaeducation.ch\/wp-content\/uploads\/2019\/05\/400_523211_main_or_1.jpg","contentUrl":"https:\/\/teiaeducation.ch\/wp-content\/uploads\/2019\/05\/400_523211_main_or_1.jpg","width":1181,"height":1181,"caption":"Le livret Nienhuis Montessori le petit lys de mer est un grand r\u00e9cit cosmique de Petra Braun bas\u00e9 sur les grandes le\u00e7ons de Maria Montessori."},{"@type":"BreadcrumbList","@id":"https:\/\/teiaeducation.ch\/fr\/produit\/livret-le-petit-lys-de-mer-nienhuis-montessori\/#breadcrumb","itemListElement":[{"@type":"ListItem","position":1,"name":"Home","item":"https:\/\/teiaeducation.ch\/fr\/"},{"@type":"ListItem","position":2,"name":"Boutique Teia Education &amp; Play","item":"https:\/\/teiaeducation.ch\/fr\/boutique\/"},{"@type":"ListItem","position":3,"name":"Domaines du Curriculum","item":"https:\/\/teiaeducation.ch\/fr\/categorie-produit\/domaines-du-curriculum\/"},{"@type":"ListItem","position":4,"name":"Culture &amp; Sciences","item":"https:\/\/teiaeducation.ch\/fr\/categorie-produit\/domaines-du-curriculum\/culture-sciences\/"},{"@type":"ListItem","position":5,"name":"G\u00e9ographie Animale","item":"https:\/\/teiaeducation.ch\/fr\/categorie-produit\/domaines-du-curriculum\/culture-sciences\/geographie-animale\/"},{"@type":"ListItem","position":6,"name":"Livret: le petit lys de mer &#8211; Nienhuis Montessori"}]},{"@type":"WebSite","@id":"https:\/\/teiaeducation.ch\/fr\/#website","url":"https:\/\/teiaeducation.ch\/fr\/","name":"Sustainable Educational Products &amp; Ecological Toys\u00a0","description":"Specialised Swiss shop selling sustainable educational toys and games, AMI certified Montessori materials, handmade ecological wooden Waldorf toys and arts &amp; crafts supplies, school supplies, children&#039;s furniture and Montessori reference and parenting books.","publisher":{"@id":"https:\/\/teiaeducation.ch\/fr\/#organization"},"alternateName":"Teia Education & Play","potentialAction":[{"@type":"SearchAction","target":{"@type":"EntryPoint","urlTemplate":"https:\/\/teiaeducation.ch\/fr\/?s={search_term_string}"},"query-input":{"@type":"PropertyValueSpecification","valueRequired":true,"valueName":"search_term_string"}}],"inLanguage":"fr-FR"},{"@type":"Organization","@id":"https:\/\/teiaeducation.ch\/fr\/#organization","name":"Teia Education & Play","url":"https:\/\/teiaeducation.ch\/fr\/","logo":{"@type":"ImageObject","inLanguage":"fr-FR","@id":"https:\/\/teiaeducation.ch\/fr\/#\/schema\/logo\/image\/","url":"https:\/\/teiaeducation.ch\/wp-content\/uploads\/2020\/11\/Teia-Education-Switzerland-e1620156442216.jpg","contentUrl":"https:\/\/teiaeducation.ch\/wp-content\/uploads\/2020\/11\/Teia-Education-Switzerland-e1620156442216.jpg","width":166,"height":145,"caption":"Teia Education & Play"},"image":{"@id":"https:\/\/teiaeducation.ch\/fr\/#\/schema\/logo\/image\/"},"sameAs":["https:\/\/www.facebook.com\/teiaeducation\/","https:\/\/x.com\/EducationTeia","https:\/\/www.instagram.com\/teia.education\/","https:\/\/www.linkedin.com\/company\/35501660","https:\/\/www.pinterest.ch\/TeiaEducation\/"]}]}},"_links":{"self":[{"href":"https:\/\/teiaeducation.ch\/fr\/wp-json\/wp\/v2\/product\/22975","targetHints":{"allow":["GET"]}}],"collection":[{"href":"https:\/\/teiaeducation.ch\/fr\/wp-json\/wp\/v2\/product"}],"about":[{"href":"https:\/\/teiaeducation.ch\/fr\/wp-json\/wp\/v2\/types\/product"}],"replies":[{"embeddable":true,"href":"https:\/\/teiaeducation.ch\/fr\/wp-json\/wp\/v2\/comments?post=22975"}],"wp:featuredmedia":[{"embeddable":true,"href":"https:\/\/teiaeducation.ch\/fr\/wp-json\/wp\/v2\/media\/14842"}],"wp:attachment":[{"href":"https:\/\/teiaeducation.ch\/fr\/wp-json\/wp\/v2\/media?parent=22975"}],"wp:term":[{"taxonomy":"product_brand","embeddable":true,"href":"https:\/\/teiaeducation.ch\/fr\/wp-json\/wp\/v2\/product_brand?post=22975"},{"taxonomy":"product_cat","embeddable":true,"href":"https:\/\/teiaeducation.ch\/fr\/wp-json\/wp\/v2\/product_cat?post=22975"},{"taxonomy":"product_tag","embeddable":true,"href":"https:\/\/teiaeducation.ch\/fr\/wp-json\/wp\/v2\/product_tag?post=22975"}],"curies":[{"name":"wp","href":"https:\/\/api.w.org\/{rel}","templated":true}]}}