{"id":22978,"date":"2021-07-03T21:05:26","date_gmt":"2021-07-03T19:05:26","guid":{"rendered":"https:\/\/teiaeducation.ch\/product\/etagere-a-livres-dos-ouvert-nienhuis-montessori\/"},"modified":"2024-08-27T13:16:15","modified_gmt":"2024-08-27T11:16:15","slug":"etagere-a-livres-dos-ouvert-nienhuis-montessori","status":"publish","type":"product","link":"https:\/\/teiaeducation.ch\/fr\/produit\/etagere-a-livres-dos-ouvert-nienhuis-montessori\/","title":{"rendered":"\u00c9tag\u00e8re \u00e0 livres : dos ouvert &#8211; Nienhuis Montessori"},"content":{"rendered":"<p>L&#8217;\u00e9tag\u00e8re \u00e0 livres dos ouvert en bois de Nienhuis Montessori est une merveilleuse addition \u00e0 tout environnement Montessori pr\u00e9par\u00e9 ! Cette belle \u00e9tag\u00e8re \u00e0 livres en bois de haute qualit\u00e9 de la gamme de <a href=\"https:\/\/teiaeducation.ch\/fr\/categorie-produit\/materiel-indispensable\/meubles-rangement\/\">meubles<\/a> Nienhuis Montessori est fabriqu\u00e9 aux Pays-Bas. L&#8217;\u00e9tag\u00e8re a un dos ouvert et\u00a0mesure 93 centim\u00e8tres de haut et comporte 3 tablettes inclin\u00e9es. Un panneau pour fermer l&#8217;arri\u00e8re de l&#8217;\u00e9tag\u00e8re et un ensemble de <a href=\"https:\/\/teiaeducation.ch\/fr\/produit\/jeu-de-4-roulettes-avec-freins-nienhuis-montessori\/\">roulettes<\/a> avec freins peuvent \u00e9galement \u00eatre command\u00e9s s\u00e9par\u00e9ment.<\/p>\n<p>L&#8217;\u00e9tag\u00e8re \u00e0 livres est exp\u00e9di\u00e9e non mont\u00e9e et emball\u00e9e \u00e0 plat et mesure : 104 x 40 x 93cm.<\/p>\n<p>Cette \u00e9tag\u00e8re \u00e0 livres convient \u00e0 l&#8217;environnement <a href=\"https:\/\/teiaeducation.ch\/fr\/categorie-produit\/methode-deducation\/montessori-fr\/\">Montessori<\/a> pr\u00e9par\u00e9, \u00e0 la maison et \u00e0 l&#8217;\u00e9cole, pour les enfants \u00e2g\u00e9s de 3 \u00e0 12 ans.<\/p>\n<p>La marque n\u00e9erlandaise <a href=\"https:\/\/teiaeducation.ch\/fr\/categorie-produit\/marques\/nienhuis-montessori-materiel-fr\/\">Nienhuis Montessori<\/a> est la marque leader mondiale Montessori, qui honore et perp\u00e9tue l\u2019h\u00e9ritage de Maria Montessori et fabrique la gamme la plus vaste et la plus innovante du mat\u00e9riel \u00e9ducatif Montessori. Tout les mat\u00e9riaux, le mobilier et le mat\u00e9riel p\u00e9dagogique\u00a0de Nienhuis Montessori sont certifi\u00e9s par le comit\u00e9 des mat\u00e9riaux de l\u2019Association Montessori Internationale (<a href=\"https:\/\/montessori-ami.org\/\">AMI<\/a>) et sont m\u00e9ticuleusement con\u00e7us pour isoler les difficult\u00e9s afin que les enfants puissent se concentrer, se ma\u00eetriser et s\u2019\u00e9panouir.<\/p>\n<p>Nienhuis Montessori est l\u2019une des marques de la soci\u00e9t\u00e9 n\u00e9erlandaise Heutink International, qui propose les meilleures marques \u00e9ducatives mondiales, sp\u00e9cialis\u00e9s\u00a0dans l\u2019apprentissage par le jeu.<\/p>\n<p>Contenu :<\/p>\n<p>1 \u00e9tag\u00e8re \u00e0 livres \u00e0 plat<\/p>\n<p><em><span class=\"tlid-translation translation\" lang=\"fr\"><span title=\"\">Nous n'avons actuellement pas cet article en stock, mais il est disponible en pr\u00e9-commande.<\/span> <span class=\"\" title=\"\">Nous commanderons cet article pour vous aupr\u00e8s de notre fournisseur.<\/span> <span class=\"\" title=\"\">Veuillez allouer de 2 \u00e0 3 semaines maximum pour la livraison.<\/span><\/span><\/em><\/p>\n\t<div id=\"gap-205897910\" class=\"gap-element clearfix\" style=\"display:block; height:auto;\">\n\t\t\n<style>\n#gap-205897910 {\n  padding-top: 20px;\n}\n<\/style>\n\t<\/div>\n\t\n","protected":false},"excerpt":{"rendered":"<p>Num\u00e9ro d&#8217;article: 157100<\/p>\n<p>L&#8217;\u00e9tag\u00e8re \u00e0 livres Montessori du Nienhuis en bois avec un dos ouvert est adapt\u00e9e \u00e0 l&#8217;environnement pr\u00e9par\u00e9 \u00e0 la maison et \u00e0 l&#8217;\u00e9cole.<\/p>\n","protected":false},"featured_media":14876,"comment_status":"closed","ping_status":"closed","template":"","meta":[],"product_brand":[],"product_cat":[215,216,285,283,271,277,7595,282,20664,1218,207,217,212],"product_tag":[1288,768,7625,7626,7627,803,6457,1230],"class_list":{"0":"post-22978","1":"product","2":"type-product","3":"status-publish","4":"has-post-thumbnail","6":"product_cat-3-6-ans","7":"product_cat-6-12-ans","8":"product_cat-alphabetisation-langage","9":"product_cat-domaines-du-curriculum","10":"product_cat-livres","11":"product_cat-materiel-indispensable","12":"product_cat-methode-deducation","13":"product_cat-meubles-rangement","14":"product_cat-meubles-montessori","15":"product_cat-montessori-fr","16":"product_cat-nienhuis-montessori-materiel-fr","17":"product_cat-marques","18":"product_cat-tranche-dage","19":"product_tag-elementaire-6-12","20":"product_tag-materiel-montessori-suisse","21":"product_tag-meubles","22":"product_tag-meubles-montessori","23":"product_tag-montessori-immobilier-fr","24":"product_tag-nienhuis-montessori-fr","25":"product_tag-nourrisson-enfant-en-bas-age-0-3","26":"product_tag-petite-enfance-3-6","28":"first","29":"onbackorder","30":"taxable","31":"shipping-taxable","32":"purchasable","33":"product-type-simple"},"yoast_head":"<!-- This site is optimized with the Yoast SEO plugin v27.1.1 - https:\/\/yoast.com\/product\/yoast-seo-wordpress\/ -->\n<title>\u00c9tag\u00e8re \u00e0 livres : dos ouvert - Nienhuis Montessori<\/title>\n<meta name=\"description\" content=\"L&#039;\u00e9tag\u00e8re \u00e0 livres Montessori du Nienhuis en bois avec un dos ouvert est adapt\u00e9e \u00e0 l&#039;environnement pr\u00e9par\u00e9 \u00e0 la maison et \u00e0 l&#039;\u00e9cole.\" \/>\n<meta name=\"robots\" content=\"index, follow, max-snippet:-1, max-image-preview:large, max-video-preview:-1\" \/>\n<link rel=\"canonical\" href=\"https:\/\/teiaeducation.ch\/fr\/produit\/etagere-a-livres-dos-ouvert-nienhuis-montessori\/\" \/>\n<meta property=\"og:locale\" content=\"fr_FR\" \/>\n<meta property=\"og:type\" content=\"article\" \/>\n<meta property=\"og:title\" content=\"\u00c9tag\u00e8re \u00e0 livres : dos ouvert - Nienhuis Montessori\" \/>\n<meta property=\"og:description\" content=\"L&#039;\u00e9tag\u00e8re \u00e0 livres Montessori du Nienhuis en bois avec un dos ouvert est adapt\u00e9e \u00e0 l&#039;environnement pr\u00e9par\u00e9 \u00e0 la maison et \u00e0 l&#039;\u00e9cole.\" \/>\n<meta property=\"og:url\" content=\"https:\/\/teiaeducation.ch\/fr\/produit\/etagere-a-livres-dos-ouvert-nienhuis-montessori\/\" \/>\n<meta property=\"og:site_name\" content=\"Sustainable Educational Products &amp; Ecological Toys\u00a0\" \/>\n<meta property=\"article:publisher\" content=\"https:\/\/www.facebook.com\/teiaeducation\/\" \/>\n<meta property=\"article:modified_time\" content=\"2024-08-27T11:16:15+00:00\" \/>\n<meta property=\"og:image\" content=\"https:\/\/teiaeducation.ch\/wp-content\/uploads\/2019\/05\/400_157100_main_or_1-scaled-scaled.jpg\" \/>\n\t<meta property=\"og:image:width\" content=\"2048\" \/>\n\t<meta property=\"og:image:height\" content=\"2021\" \/>\n\t<meta property=\"og:image:type\" content=\"image\/jpeg\" \/>\n<script type=\"application\/ld+json\" class=\"yoast-schema-graph\">{\"@context\":\"https:\/\/schema.org\",\"@graph\":[{\"@type\":\"WebPage\",\"@id\":\"https:\/\/teiaeducation.ch\/fr\/produit\/etagere-a-livres-dos-ouvert-nienhuis-montessori\/\",\"url\":\"https:\/\/teiaeducation.ch\/fr\/produit\/etagere-a-livres-dos-ouvert-nienhuis-montessori\/\",\"name\":\"\u00c9tag\u00e8re \u00e0 livres : dos ouvert - Nienhuis Montessori\",\"isPartOf\":{\"@id\":\"https:\/\/teiaeducation.ch\/fr\/#website\"},\"primaryImageOfPage\":{\"@id\":\"https:\/\/teiaeducation.ch\/fr\/produit\/etagere-a-livres-dos-ouvert-nienhuis-montessori\/#primaryimage\"},\"image\":{\"@id\":\"https:\/\/teiaeducation.ch\/fr\/produit\/etagere-a-livres-dos-ouvert-nienhuis-montessori\/#primaryimage\"},\"thumbnailUrl\":\"https:\/\/teiaeducation.ch\/wp-content\/uploads\/2019\/05\/400_157100_main_or_1-scaled-scaled.jpg\",\"datePublished\":\"2021-07-03T19:05:26+00:00\",\"dateModified\":\"2024-08-27T11:16:15+00:00\",\"description\":\"L'\u00e9tag\u00e8re \u00e0 livres Montessori du Nienhuis en bois avec un dos ouvert est adapt\u00e9e \u00e0 l'environnement pr\u00e9par\u00e9 \u00e0 la maison et \u00e0 l'\u00e9cole.\",\"breadcrumb\":{\"@id\":\"https:\/\/teiaeducation.ch\/fr\/produit\/etagere-a-livres-dos-ouvert-nienhuis-montessori\/#breadcrumb\"},\"inLanguage\":\"fr-FR\",\"potentialAction\":[{\"@type\":\"ReadAction\",\"target\":[\"https:\/\/teiaeducation.ch\/fr\/produit\/etagere-a-livres-dos-ouvert-nienhuis-montessori\/\"]}]},{\"@type\":\"ImageObject\",\"inLanguage\":\"fr-FR\",\"@id\":\"https:\/\/teiaeducation.ch\/fr\/produit\/etagere-a-livres-dos-ouvert-nienhuis-montessori\/#primaryimage\",\"url\":\"https:\/\/teiaeducation.ch\/wp-content\/uploads\/2019\/05\/400_157100_main_or_1-scaled-scaled.jpg\",\"contentUrl\":\"https:\/\/teiaeducation.ch\/wp-content\/uploads\/2019\/05\/400_157100_main_or_1-scaled-scaled.jpg\",\"width\":2048,\"height\":2021,\"caption\":\"\u00c9tag\u00e8re de livre : dos ouvert (93 cm) - Nienhuis Montessori\"},{\"@type\":\"BreadcrumbList\",\"@id\":\"https:\/\/teiaeducation.ch\/fr\/produit\/etagere-a-livres-dos-ouvert-nienhuis-montessori\/#breadcrumb\",\"itemListElement\":[{\"@type\":\"ListItem\",\"position\":1,\"name\":\"Home\",\"item\":\"https:\/\/teiaeducation.ch\/fr\/\"},{\"@type\":\"ListItem\",\"position\":2,\"name\":\"Boutique Teia Education &amp; Play\",\"item\":\"https:\/\/teiaeducation.ch\/fr\/boutique\/\"},{\"@type\":\"ListItem\",\"position\":3,\"name\":\"Nos Marques\",\"item\":\"https:\/\/teiaeducation.ch\/fr\/categorie-produit\/marques\/\"},{\"@type\":\"ListItem\",\"position\":4,\"name\":\"Nienhuis Montessori Suisse\",\"item\":\"https:\/\/teiaeducation.ch\/fr\/categorie-produit\/marques\/nienhuis-montessori-materiel-fr\/\"},{\"@type\":\"ListItem\",\"position\":5,\"name\":\"Livres\",\"item\":\"https:\/\/teiaeducation.ch\/fr\/categorie-produit\/marques\/nienhuis-montessori-materiel-fr\/livres\/\"},{\"@type\":\"ListItem\",\"position\":6,\"name\":\"\u00c9tag\u00e8re \u00e0 livres : dos ouvert &#8211; Nienhuis Montessori\"}]},{\"@type\":\"WebSite\",\"@id\":\"https:\/\/teiaeducation.ch\/fr\/#website\",\"url\":\"https:\/\/teiaeducation.ch\/fr\/\",\"name\":\"Sustainable Educational Products &amp; Ecological Toys\u00a0\",\"description\":\"Specialised Swiss shop selling sustainable educational toys and games, AMI certified Montessori materials, handmade ecological wooden Waldorf toys and arts &amp; crafts supplies, school supplies, children&#039;s furniture and Montessori reference and parenting books.\",\"publisher\":{\"@id\":\"https:\/\/teiaeducation.ch\/fr\/#organization\"},\"alternateName\":\"Teia Education & Play\",\"potentialAction\":[{\"@type\":\"SearchAction\",\"target\":{\"@type\":\"EntryPoint\",\"urlTemplate\":\"https:\/\/teiaeducation.ch\/fr\/?s={search_term_string}\"},\"query-input\":{\"@type\":\"PropertyValueSpecification\",\"valueRequired\":true,\"valueName\":\"search_term_string\"}}],\"inLanguage\":\"fr-FR\"},{\"@type\":\"Organization\",\"@id\":\"https:\/\/teiaeducation.ch\/fr\/#organization\",\"name\":\"Teia Education & Play\",\"url\":\"https:\/\/teiaeducation.ch\/fr\/\",\"logo\":{\"@type\":\"ImageObject\",\"inLanguage\":\"fr-FR\",\"@id\":\"https:\/\/teiaeducation.ch\/fr\/#\/schema\/logo\/image\/\",\"url\":\"https:\/\/teiaeducation.ch\/wp-content\/uploads\/2020\/11\/Teia-Education-Switzerland-e1620156442216.jpg\",\"contentUrl\":\"https:\/\/teiaeducation.ch\/wp-content\/uploads\/2020\/11\/Teia-Education-Switzerland-e1620156442216.jpg\",\"width\":166,\"height\":145,\"caption\":\"Teia Education & Play\"},\"image\":{\"@id\":\"https:\/\/teiaeducation.ch\/fr\/#\/schema\/logo\/image\/\"},\"sameAs\":[\"https:\/\/www.facebook.com\/teiaeducation\/\",\"https:\/\/x.com\/EducationTeia\",\"https:\/\/www.instagram.com\/teia.education\/\",\"https:\/\/www.linkedin.com\/company\/35501660\",\"https:\/\/www.pinterest.ch\/TeiaEducation\/\"]}]}<\/script>\n<!-- \/ Yoast SEO plugin. -->","yoast_head_json":{"title":"\u00c9tag\u00e8re \u00e0 livres : dos ouvert - Nienhuis Montessori","description":"L'\u00e9tag\u00e8re \u00e0 livres Montessori du Nienhuis en bois avec un dos ouvert est adapt\u00e9e \u00e0 l'environnement pr\u00e9par\u00e9 \u00e0 la maison et \u00e0 l'\u00e9cole.","robots":{"index":"index","follow":"follow","max-snippet":"max-snippet:-1","max-image-preview":"max-image-preview:large","max-video-preview":"max-video-preview:-1"},"canonical":"https:\/\/teiaeducation.ch\/fr\/produit\/etagere-a-livres-dos-ouvert-nienhuis-montessori\/","og_locale":"fr_FR","og_type":"article","og_title":"\u00c9tag\u00e8re \u00e0 livres : dos ouvert - Nienhuis Montessori","og_description":"L'\u00e9tag\u00e8re \u00e0 livres Montessori du Nienhuis en bois avec un dos ouvert est adapt\u00e9e \u00e0 l'environnement pr\u00e9par\u00e9 \u00e0 la maison et \u00e0 l'\u00e9cole.","og_url":"https:\/\/teiaeducation.ch\/fr\/produit\/etagere-a-livres-dos-ouvert-nienhuis-montessori\/","og_site_name":"Sustainable Educational Products &amp; Ecological Toys\u00a0","article_publisher":"https:\/\/www.facebook.com\/teiaeducation\/","article_modified_time":"2024-08-27T11:16:15+00:00","og_image":[{"width":2048,"height":2021,"url":"https:\/\/teiaeducation.ch\/wp-content\/uploads\/2019\/05\/400_157100_main_or_1-scaled-scaled.jpg","type":"image\/jpeg"}],"schema":{"@context":"https:\/\/schema.org","@graph":[{"@type":"WebPage","@id":"https:\/\/teiaeducation.ch\/fr\/produit\/etagere-a-livres-dos-ouvert-nienhuis-montessori\/","url":"https:\/\/teiaeducation.ch\/fr\/produit\/etagere-a-livres-dos-ouvert-nienhuis-montessori\/","name":"\u00c9tag\u00e8re \u00e0 livres : dos ouvert - Nienhuis Montessori","isPartOf":{"@id":"https:\/\/teiaeducation.ch\/fr\/#website"},"primaryImageOfPage":{"@id":"https:\/\/teiaeducation.ch\/fr\/produit\/etagere-a-livres-dos-ouvert-nienhuis-montessori\/#primaryimage"},"image":{"@id":"https:\/\/teiaeducation.ch\/fr\/produit\/etagere-a-livres-dos-ouvert-nienhuis-montessori\/#primaryimage"},"thumbnailUrl":"https:\/\/teiaeducation.ch\/wp-content\/uploads\/2019\/05\/400_157100_main_or_1-scaled-scaled.jpg","datePublished":"2021-07-03T19:05:26+00:00","dateModified":"2024-08-27T11:16:15+00:00","description":"L'\u00e9tag\u00e8re \u00e0 livres Montessori du Nienhuis en bois avec un dos ouvert est adapt\u00e9e \u00e0 l'environnement pr\u00e9par\u00e9 \u00e0 la maison et \u00e0 l'\u00e9cole.","breadcrumb":{"@id":"https:\/\/teiaeducation.ch\/fr\/produit\/etagere-a-livres-dos-ouvert-nienhuis-montessori\/#breadcrumb"},"inLanguage":"fr-FR","potentialAction":[{"@type":"ReadAction","target":["https:\/\/teiaeducation.ch\/fr\/produit\/etagere-a-livres-dos-ouvert-nienhuis-montessori\/"]}]},{"@type":"ImageObject","inLanguage":"fr-FR","@id":"https:\/\/teiaeducation.ch\/fr\/produit\/etagere-a-livres-dos-ouvert-nienhuis-montessori\/#primaryimage","url":"https:\/\/teiaeducation.ch\/wp-content\/uploads\/2019\/05\/400_157100_main_or_1-scaled-scaled.jpg","contentUrl":"https:\/\/teiaeducation.ch\/wp-content\/uploads\/2019\/05\/400_157100_main_or_1-scaled-scaled.jpg","width":2048,"height":2021,"caption":"\u00c9tag\u00e8re de livre : dos ouvert (93 cm) - Nienhuis Montessori"},{"@type":"BreadcrumbList","@id":"https:\/\/teiaeducation.ch\/fr\/produit\/etagere-a-livres-dos-ouvert-nienhuis-montessori\/#breadcrumb","itemListElement":[{"@type":"ListItem","position":1,"name":"Home","item":"https:\/\/teiaeducation.ch\/fr\/"},{"@type":"ListItem","position":2,"name":"Boutique Teia Education &amp; Play","item":"https:\/\/teiaeducation.ch\/fr\/boutique\/"},{"@type":"ListItem","position":3,"name":"Nos Marques","item":"https:\/\/teiaeducation.ch\/fr\/categorie-produit\/marques\/"},{"@type":"ListItem","position":4,"name":"Nienhuis Montessori Suisse","item":"https:\/\/teiaeducation.ch\/fr\/categorie-produit\/marques\/nienhuis-montessori-materiel-fr\/"},{"@type":"ListItem","position":5,"name":"Livres","item":"https:\/\/teiaeducation.ch\/fr\/categorie-produit\/marques\/nienhuis-montessori-materiel-fr\/livres\/"},{"@type":"ListItem","position":6,"name":"\u00c9tag\u00e8re \u00e0 livres : dos ouvert &#8211; Nienhuis Montessori"}]},{"@type":"WebSite","@id":"https:\/\/teiaeducation.ch\/fr\/#website","url":"https:\/\/teiaeducation.ch\/fr\/","name":"Sustainable Educational Products &amp; Ecological Toys\u00a0","description":"Specialised Swiss shop selling sustainable educational toys and games, AMI certified Montessori materials, handmade ecological wooden Waldorf toys and arts &amp; crafts supplies, school supplies, children&#039;s furniture and Montessori reference and parenting books.","publisher":{"@id":"https:\/\/teiaeducation.ch\/fr\/#organization"},"alternateName":"Teia Education & Play","potentialAction":[{"@type":"SearchAction","target":{"@type":"EntryPoint","urlTemplate":"https:\/\/teiaeducation.ch\/fr\/?s={search_term_string}"},"query-input":{"@type":"PropertyValueSpecification","valueRequired":true,"valueName":"search_term_string"}}],"inLanguage":"fr-FR"},{"@type":"Organization","@id":"https:\/\/teiaeducation.ch\/fr\/#organization","name":"Teia Education & Play","url":"https:\/\/teiaeducation.ch\/fr\/","logo":{"@type":"ImageObject","inLanguage":"fr-FR","@id":"https:\/\/teiaeducation.ch\/fr\/#\/schema\/logo\/image\/","url":"https:\/\/teiaeducation.ch\/wp-content\/uploads\/2020\/11\/Teia-Education-Switzerland-e1620156442216.jpg","contentUrl":"https:\/\/teiaeducation.ch\/wp-content\/uploads\/2020\/11\/Teia-Education-Switzerland-e1620156442216.jpg","width":166,"height":145,"caption":"Teia Education & Play"},"image":{"@id":"https:\/\/teiaeducation.ch\/fr\/#\/schema\/logo\/image\/"},"sameAs":["https:\/\/www.facebook.com\/teiaeducation\/","https:\/\/x.com\/EducationTeia","https:\/\/www.instagram.com\/teia.education\/","https:\/\/www.linkedin.com\/company\/35501660","https:\/\/www.pinterest.ch\/TeiaEducation\/"]}]}},"_links":{"self":[{"href":"https:\/\/teiaeducation.ch\/fr\/wp-json\/wp\/v2\/product\/22978","targetHints":{"allow":["GET"]}}],"collection":[{"href":"https:\/\/teiaeducation.ch\/fr\/wp-json\/wp\/v2\/product"}],"about":[{"href":"https:\/\/teiaeducation.ch\/fr\/wp-json\/wp\/v2\/types\/product"}],"replies":[{"embeddable":true,"href":"https:\/\/teiaeducation.ch\/fr\/wp-json\/wp\/v2\/comments?post=22978"}],"wp:featuredmedia":[{"embeddable":true,"href":"https:\/\/teiaeducation.ch\/fr\/wp-json\/wp\/v2\/media\/14876"}],"wp:attachment":[{"href":"https:\/\/teiaeducation.ch\/fr\/wp-json\/wp\/v2\/media?parent=22978"}],"wp:term":[{"taxonomy":"product_brand","embeddable":true,"href":"https:\/\/teiaeducation.ch\/fr\/wp-json\/wp\/v2\/product_brand?post=22978"},{"taxonomy":"product_cat","embeddable":true,"href":"https:\/\/teiaeducation.ch\/fr\/wp-json\/wp\/v2\/product_cat?post=22978"},{"taxonomy":"product_tag","embeddable":true,"href":"https:\/\/teiaeducation.ch\/fr\/wp-json\/wp\/v2\/product_tag?post=22978"}],"curies":[{"name":"wp","href":"https:\/\/api.w.org\/{rel}","templated":true}]}}