{"id":22986,"date":"2021-07-03T21:09:26","date_gmt":"2021-07-03T19:09:26","guid":{"rendered":"https:\/\/teiaeducation.ch\/product\/armoire-a-plateaux-nienhuis-montessori\/"},"modified":"2022-05-29T14:15:39","modified_gmt":"2022-05-29T12:15:39","slug":"etagere-pour-bacs-nienhuis-montessori","status":"publish","type":"product","link":"https:\/\/teiaeducation.ch\/fr\/produit\/etagere-pour-bacs-nienhuis-montessori\/","title":{"rendered":"\u00c9tag\u00e8re pour bacs &#8211; Nienhuis Montessori"},"content":{"rendered":"<p>\u00c9tag\u00e8re pour bacs &#8211; Nienhuis Montessori<\/p>\n<p>L&#8217;\u00e9tag\u00e8re pour bacs de Nienhuis Montessori est disponible en quatre couleurs (bleu, rouge, jaune ou transparent) et permet une configuration personnalis\u00e9e des bacs. Les bacs, y compris les patins, doivent \u00eatre command\u00e9s s\u00e9par\u00e9ment.<\/p>\n<p>Par compartiment, les combinaisons suivantes peuvent \u00eatre r\u00e9alis\u00e9es :<\/p>\n<p>&#8211; 9 bacs de 7 centim\u00e8tres chacun<br \/>\n&#8211; 1 bacs de 15 centim\u00e8tres et 7 plateaux de 7 centim\u00e8tres chacun<br \/>\n&#8211; 2 bacs de 15 centim\u00e8tres chacun et 5 plateaux de 7 centim\u00e8tres chacun<br \/>\n&#8211; 3 bacs de 15 centim\u00e8tres chacun et 3 plateaux de 7 centim\u00e8tres chacun<br \/>\n&#8211; 4 bacs de 15 centim\u00e8tres chacun et 1 plateau de 7 centim\u00e8tres<\/p>\n<p>Un ensemble de <a href=\"https:\/\/teiaeducation.ch\/fr\/produit\/jeu-de-4-roulettes-avec-freins-nienhuis-montessori\/\">roulettes<\/a> avec freins peut \u00e9galement \u00eatre command\u00e9 s\u00e9par\u00e9ment.<\/p>\n<p>L\u2019\u00e9tag\u00e8re est exp\u00e9di\u00e9e non mont\u00e9e et emball\u00e9e \u00e0 plat et mesure : 104 x 40 x 93 cm.<\/p>\n<p>Cette \u00e9tag\u00e8re \u00e0 bacs convient \u00e0 l&#8217;environnement <a href=\"https:\/\/teiaeducation.ch\/fr\/categorie-produit\/methode-deducation\/montessori-fr\/\">Montessori<\/a> pr\u00e9par\u00e9 pour les enfants \u00e2g\u00e9s de 3 \u00e0 12 ans.<\/p>\n<p>La marque n\u00e9erlandaise <a href=\"https:\/\/teiaeducation.ch\/fr\/categorie-produit\/marques\/nienhuis-montessori-materiel-fr\/\">Nienhuis Montessori<\/a> est la marque leader mondiale Montessori, qui honore et perp\u00e9tue l\u2019h\u00e9ritage de Maria Montessori et fabrique la gamme la plus vaste et la plus innovante du mat\u00e9riel \u00e9ducatif Montessori. Tout les mat\u00e9riaux, le mobilier et le mat\u00e9riel p\u00e9dagogique\u00a0de Nienhuis Montessori sont certifi\u00e9s par le comit\u00e9 des mat\u00e9riaux de l\u2019Association Montessori Internationale (<a href=\"https:\/\/montessori-ami.org\/\">AMI<\/a>) et sont m\u00e9ticuleusement con\u00e7us pour isoler les difficult\u00e9s afin que les enfants puissent se concentrer, se ma\u00eetriser et s\u2019\u00e9panouir.<\/p>\n<p>Nienhuis Montessori est l\u2019une des marques de la soci\u00e9t\u00e9 n\u00e9erlandaise Heutink International, qui propose les meilleures marques \u00e9ducatives mondiales, sp\u00e9cialis\u00e9s\u00a0dans l\u2019apprentissage par le jeu.<\/p>\n<p>Contenu :<\/p>\n<p>1 \u00e9tag\u00e8re \u00e0 plat<br \/>\n* Les bacs et les patins ne sont pas inclus<\/p>\n<p><em><span class=\"tlid-translation translation\" lang=\"fr\"><span title=\"\">Nous n'avons actuellement pas cet article en stock, mais il est disponible en pr\u00e9-commande.<\/span> <span class=\"\" title=\"\">Nous commanderons cet article pour vous aupr\u00e8s de notre fournisseur.<\/span> <span class=\"\" title=\"\">Veuillez allouer de 2 \u00e0 3 semaines maximum pour la livraison.<\/span><\/span><\/em><\/p>\n\t<div id=\"gap-901711219\" class=\"gap-element clearfix\" style=\"display:block; height:auto;\">\n\t\t\n<style>\n#gap-901711219 {\n  padding-top: 20px;\n}\n<\/style>\n\t<\/div>\n\t\n","protected":false},"excerpt":{"rendered":"<p>Num\u00e9ro d&#8217;article: 157200<\/p>\n<p>L&#8217;\u00e9tag\u00e8re pour bacs de Nienhuis Montessori est adapt\u00e9e \u00e0 l&#8217;environnement pr\u00e9par\u00e9 Montessori pour les enfants \u00e2g\u00e9s de 3 \u00e0 12 ans.<\/p>\n","protected":false},"featured_media":14888,"comment_status":"closed","ping_status":"closed","template":"","meta":[],"product_brand":[],"product_cat":[215,216,285,284,283,277,288,7595,282,20664,1218,207,217,209,18457,212],"product_tag":[1288,768,7625,7626,7627,803,767,6457,1230],"class_list":{"0":"post-22986","1":"product","2":"type-product","3":"status-publish","4":"has-post-thumbnail","6":"product_cat-3-6-ans","7":"product_cat-6-12-ans","8":"product_cat-alphabetisation-langage","9":"product_cat-culture-sciences","10":"product_cat-domaines-du-curriculum","11":"product_cat-materiel-indispensable","12":"product_cat-mathematiques-calcul","13":"product_cat-methode-deducation","14":"product_cat-meubles-rangement","15":"product_cat-meubles-montessori","16":"product_cat-montessori-fr","17":"product_cat-nienhuis-montessori-materiel-fr","18":"product_cat-marques","19":"product_cat-sensorielles-motrices","20":"product_cat-stockage-de-jouets","21":"product_cat-tranche-dage","22":"product_tag-elementaire-6-12","23":"product_tag-materiel-montessori-suisse","24":"product_tag-meubles","25":"product_tag-meubles-montessori","26":"product_tag-montessori-immobilier-fr","27":"product_tag-nienhuis-montessori-fr","28":"product_tag-nienhuis-montessori-suisse-fr-2","29":"product_tag-nourrisson-enfant-en-bas-age-0-3","30":"product_tag-petite-enfance-3-6","32":"first","33":"onbackorder","34":"taxable","35":"shipping-taxable","36":"purchasable","37":"product-type-simple"},"yoast_head":"<!-- This site is optimized with the Yoast SEO plugin v27.3 - https:\/\/yoast.com\/product\/yoast-seo-wordpress\/ -->\n<title>\u00c9tag\u00e8re pour bacs - Nienhuis Montessori<\/title>\n<meta name=\"description\" content=\"L&#039;\u00e9tag\u00e8re pour bacs de Nienhuis Montessori est adapt\u00e9e \u00e0 l&#039;environnement pr\u00e9par\u00e9 Montessori pour les enfants \u00e2g\u00e9s de 3 \u00e0 12 ans.\" \/>\n<meta name=\"robots\" content=\"index, follow, max-snippet:-1, max-image-preview:large, max-video-preview:-1\" \/>\n<link rel=\"canonical\" href=\"https:\/\/teiaeducation.ch\/fr\/produit\/etagere-pour-bacs-nienhuis-montessori\/\" \/>\n<meta property=\"og:locale\" content=\"fr_FR\" \/>\n<meta property=\"og:type\" content=\"article\" \/>\n<meta property=\"og:title\" content=\"\u00c9tag\u00e8re pour bacs - Nienhuis Montessori\" \/>\n<meta property=\"og:description\" content=\"L&#039;\u00e9tag\u00e8re pour bacs de Nienhuis Montessori est adapt\u00e9e \u00e0 l&#039;environnement pr\u00e9par\u00e9 Montessori pour les enfants \u00e2g\u00e9s de 3 \u00e0 12 ans.\" \/>\n<meta property=\"og:url\" content=\"https:\/\/teiaeducation.ch\/fr\/produit\/etagere-pour-bacs-nienhuis-montessori\/\" \/>\n<meta property=\"og:site_name\" content=\"Sustainable Educational Products &amp; Ecological Toys\u00a0\" \/>\n<meta property=\"article:publisher\" content=\"https:\/\/www.facebook.com\/teiaeducation\/\" \/>\n<meta property=\"article:modified_time\" content=\"2022-05-29T12:15:39+00:00\" \/>\n<meta property=\"og:image\" content=\"https:\/\/teiaeducation.ch\/wp-content\/uploads\/2019\/05\/400_157200_main_or_1-scaled-scaled.jpg\" \/>\n\t<meta property=\"og:image:width\" content=\"2048\" \/>\n\t<meta property=\"og:image:height\" content=\"1909\" \/>\n\t<meta property=\"og:image:type\" content=\"image\/jpeg\" \/>\n<script type=\"application\/ld+json\" class=\"yoast-schema-graph\">{\"@context\":\"https:\\\/\\\/schema.org\",\"@graph\":[{\"@type\":\"WebPage\",\"@id\":\"https:\\\/\\\/teiaeducation.ch\\\/fr\\\/produit\\\/etagere-pour-bacs-nienhuis-montessori\\\/\",\"url\":\"https:\\\/\\\/teiaeducation.ch\\\/fr\\\/produit\\\/etagere-pour-bacs-nienhuis-montessori\\\/\",\"name\":\"\u00c9tag\u00e8re pour bacs - Nienhuis Montessori\",\"isPartOf\":{\"@id\":\"https:\\\/\\\/teiaeducation.ch\\\/fr\\\/#website\"},\"primaryImageOfPage\":{\"@id\":\"https:\\\/\\\/teiaeducation.ch\\\/fr\\\/produit\\\/etagere-pour-bacs-nienhuis-montessori\\\/#primaryimage\"},\"image\":{\"@id\":\"https:\\\/\\\/teiaeducation.ch\\\/fr\\\/produit\\\/etagere-pour-bacs-nienhuis-montessori\\\/#primaryimage\"},\"thumbnailUrl\":\"https:\\\/\\\/teiaeducation.ch\\\/wp-content\\\/uploads\\\/2019\\\/05\\\/400_157200_main_or_1-scaled-scaled.jpg\",\"datePublished\":\"2021-07-03T19:09:26+00:00\",\"dateModified\":\"2022-05-29T12:15:39+00:00\",\"description\":\"L'\u00e9tag\u00e8re pour bacs de Nienhuis Montessori est adapt\u00e9e \u00e0 l'environnement pr\u00e9par\u00e9 Montessori pour les enfants \u00e2g\u00e9s de 3 \u00e0 12 ans.\",\"breadcrumb\":{\"@id\":\"https:\\\/\\\/teiaeducation.ch\\\/fr\\\/produit\\\/etagere-pour-bacs-nienhuis-montessori\\\/#breadcrumb\"},\"inLanguage\":\"fr-FR\",\"potentialAction\":[{\"@type\":\"ReadAction\",\"target\":[\"https:\\\/\\\/teiaeducation.ch\\\/fr\\\/produit\\\/etagere-pour-bacs-nienhuis-montessori\\\/\"]}]},{\"@type\":\"ImageObject\",\"inLanguage\":\"fr-FR\",\"@id\":\"https:\\\/\\\/teiaeducation.ch\\\/fr\\\/produit\\\/etagere-pour-bacs-nienhuis-montessori\\\/#primaryimage\",\"url\":\"https:\\\/\\\/teiaeducation.ch\\\/wp-content\\\/uploads\\\/2019\\\/05\\\/400_157200_main_or_1-scaled-scaled.jpg\",\"contentUrl\":\"https:\\\/\\\/teiaeducation.ch\\\/wp-content\\\/uploads\\\/2019\\\/05\\\/400_157200_main_or_1-scaled-scaled.jpg\",\"width\":2048,\"height\":1909,\"caption\":\"Armoire \u00e0 plateaux - Nienhuis Montessori\"},{\"@type\":\"BreadcrumbList\",\"@id\":\"https:\\\/\\\/teiaeducation.ch\\\/fr\\\/produit\\\/etagere-pour-bacs-nienhuis-montessori\\\/#breadcrumb\",\"itemListElement\":[{\"@type\":\"ListItem\",\"position\":1,\"name\":\"Home\",\"item\":\"https:\\\/\\\/teiaeducation.ch\\\/fr\\\/\"},{\"@type\":\"ListItem\",\"position\":2,\"name\":\"Boutique Teia Education &amp; Play\",\"item\":\"https:\\\/\\\/teiaeducation.ch\\\/fr\\\/boutique\\\/\"},{\"@type\":\"ListItem\",\"position\":3,\"name\":\"Mat\u00e9riel Indispensable\",\"item\":\"https:\\\/\\\/teiaeducation.ch\\\/fr\\\/categorie-produit\\\/materiel-indispensable\\\/\"},{\"@type\":\"ListItem\",\"position\":4,\"name\":\"Meubles &amp; Rangement\",\"item\":\"https:\\\/\\\/teiaeducation.ch\\\/fr\\\/categorie-produit\\\/materiel-indispensable\\\/meubles-rangement\\\/\"},{\"@type\":\"ListItem\",\"position\":5,\"name\":\"\u00c9tag\u00e8re pour bacs &#8211; Nienhuis Montessori\"}]},{\"@type\":\"WebSite\",\"@id\":\"https:\\\/\\\/teiaeducation.ch\\\/fr\\\/#website\",\"url\":\"https:\\\/\\\/teiaeducation.ch\\\/fr\\\/\",\"name\":\"Sustainable Educational Products &amp; Ecological Toys\u00a0\",\"description\":\"Specialised Swiss shop selling sustainable educational toys and games, AMI certified Montessori materials, handmade ecological wooden Waldorf toys and arts &amp; crafts supplies, school supplies, children&#039;s furniture and Montessori reference and parenting books.\",\"publisher\":{\"@id\":\"https:\\\/\\\/teiaeducation.ch\\\/fr\\\/#organization\"},\"alternateName\":\"Teia Education & Play\",\"potentialAction\":[{\"@type\":\"SearchAction\",\"target\":{\"@type\":\"EntryPoint\",\"urlTemplate\":\"https:\\\/\\\/teiaeducation.ch\\\/fr\\\/?s={search_term_string}\"},\"query-input\":{\"@type\":\"PropertyValueSpecification\",\"valueRequired\":true,\"valueName\":\"search_term_string\"}}],\"inLanguage\":\"fr-FR\"},{\"@type\":\"Organization\",\"@id\":\"https:\\\/\\\/teiaeducation.ch\\\/fr\\\/#organization\",\"name\":\"Teia Education & Play\",\"url\":\"https:\\\/\\\/teiaeducation.ch\\\/fr\\\/\",\"logo\":{\"@type\":\"ImageObject\",\"inLanguage\":\"fr-FR\",\"@id\":\"https:\\\/\\\/teiaeducation.ch\\\/fr\\\/#\\\/schema\\\/logo\\\/image\\\/\",\"url\":\"https:\\\/\\\/teiaeducation.ch\\\/wp-content\\\/uploads\\\/2020\\\/11\\\/Teia-Education-Switzerland-e1620156442216.jpg\",\"contentUrl\":\"https:\\\/\\\/teiaeducation.ch\\\/wp-content\\\/uploads\\\/2020\\\/11\\\/Teia-Education-Switzerland-e1620156442216.jpg\",\"width\":166,\"height\":145,\"caption\":\"Teia Education & Play\"},\"image\":{\"@id\":\"https:\\\/\\\/teiaeducation.ch\\\/fr\\\/#\\\/schema\\\/logo\\\/image\\\/\"},\"sameAs\":[\"https:\\\/\\\/www.facebook.com\\\/teiaeducation\\\/\",\"https:\\\/\\\/x.com\\\/EducationTeia\",\"https:\\\/\\\/www.instagram.com\\\/teia.education\\\/\",\"https:\\\/\\\/www.linkedin.com\\\/company\\\/35501660\",\"https:\\\/\\\/www.pinterest.ch\\\/TeiaEducation\\\/\"]}]}<\/script>\n<!-- \/ Yoast SEO plugin. -->","yoast_head_json":{"title":"\u00c9tag\u00e8re pour bacs - Nienhuis Montessori","description":"L'\u00e9tag\u00e8re pour bacs de Nienhuis Montessori est adapt\u00e9e \u00e0 l'environnement pr\u00e9par\u00e9 Montessori pour les enfants \u00e2g\u00e9s de 3 \u00e0 12 ans.","robots":{"index":"index","follow":"follow","max-snippet":"max-snippet:-1","max-image-preview":"max-image-preview:large","max-video-preview":"max-video-preview:-1"},"canonical":"https:\/\/teiaeducation.ch\/fr\/produit\/etagere-pour-bacs-nienhuis-montessori\/","og_locale":"fr_FR","og_type":"article","og_title":"\u00c9tag\u00e8re pour bacs - Nienhuis Montessori","og_description":"L'\u00e9tag\u00e8re pour bacs de Nienhuis Montessori est adapt\u00e9e \u00e0 l'environnement pr\u00e9par\u00e9 Montessori pour les enfants \u00e2g\u00e9s de 3 \u00e0 12 ans.","og_url":"https:\/\/teiaeducation.ch\/fr\/produit\/etagere-pour-bacs-nienhuis-montessori\/","og_site_name":"Sustainable Educational Products &amp; Ecological Toys\u00a0","article_publisher":"https:\/\/www.facebook.com\/teiaeducation\/","article_modified_time":"2022-05-29T12:15:39+00:00","og_image":[{"width":2048,"height":1909,"url":"https:\/\/teiaeducation.ch\/wp-content\/uploads\/2019\/05\/400_157200_main_or_1-scaled-scaled.jpg","type":"image\/jpeg"}],"schema":{"@context":"https:\/\/schema.org","@graph":[{"@type":"WebPage","@id":"https:\/\/teiaeducation.ch\/fr\/produit\/etagere-pour-bacs-nienhuis-montessori\/","url":"https:\/\/teiaeducation.ch\/fr\/produit\/etagere-pour-bacs-nienhuis-montessori\/","name":"\u00c9tag\u00e8re pour bacs - Nienhuis Montessori","isPartOf":{"@id":"https:\/\/teiaeducation.ch\/fr\/#website"},"primaryImageOfPage":{"@id":"https:\/\/teiaeducation.ch\/fr\/produit\/etagere-pour-bacs-nienhuis-montessori\/#primaryimage"},"image":{"@id":"https:\/\/teiaeducation.ch\/fr\/produit\/etagere-pour-bacs-nienhuis-montessori\/#primaryimage"},"thumbnailUrl":"https:\/\/teiaeducation.ch\/wp-content\/uploads\/2019\/05\/400_157200_main_or_1-scaled-scaled.jpg","datePublished":"2021-07-03T19:09:26+00:00","dateModified":"2022-05-29T12:15:39+00:00","description":"L'\u00e9tag\u00e8re pour bacs de Nienhuis Montessori est adapt\u00e9e \u00e0 l'environnement pr\u00e9par\u00e9 Montessori pour les enfants \u00e2g\u00e9s de 3 \u00e0 12 ans.","breadcrumb":{"@id":"https:\/\/teiaeducation.ch\/fr\/produit\/etagere-pour-bacs-nienhuis-montessori\/#breadcrumb"},"inLanguage":"fr-FR","potentialAction":[{"@type":"ReadAction","target":["https:\/\/teiaeducation.ch\/fr\/produit\/etagere-pour-bacs-nienhuis-montessori\/"]}]},{"@type":"ImageObject","inLanguage":"fr-FR","@id":"https:\/\/teiaeducation.ch\/fr\/produit\/etagere-pour-bacs-nienhuis-montessori\/#primaryimage","url":"https:\/\/teiaeducation.ch\/wp-content\/uploads\/2019\/05\/400_157200_main_or_1-scaled-scaled.jpg","contentUrl":"https:\/\/teiaeducation.ch\/wp-content\/uploads\/2019\/05\/400_157200_main_or_1-scaled-scaled.jpg","width":2048,"height":1909,"caption":"Armoire \u00e0 plateaux - Nienhuis Montessori"},{"@type":"BreadcrumbList","@id":"https:\/\/teiaeducation.ch\/fr\/produit\/etagere-pour-bacs-nienhuis-montessori\/#breadcrumb","itemListElement":[{"@type":"ListItem","position":1,"name":"Home","item":"https:\/\/teiaeducation.ch\/fr\/"},{"@type":"ListItem","position":2,"name":"Boutique Teia Education &amp; Play","item":"https:\/\/teiaeducation.ch\/fr\/boutique\/"},{"@type":"ListItem","position":3,"name":"Mat\u00e9riel Indispensable","item":"https:\/\/teiaeducation.ch\/fr\/categorie-produit\/materiel-indispensable\/"},{"@type":"ListItem","position":4,"name":"Meubles &amp; Rangement","item":"https:\/\/teiaeducation.ch\/fr\/categorie-produit\/materiel-indispensable\/meubles-rangement\/"},{"@type":"ListItem","position":5,"name":"\u00c9tag\u00e8re pour bacs &#8211; Nienhuis Montessori"}]},{"@type":"WebSite","@id":"https:\/\/teiaeducation.ch\/fr\/#website","url":"https:\/\/teiaeducation.ch\/fr\/","name":"Sustainable Educational Products &amp; Ecological Toys\u00a0","description":"Specialised Swiss shop selling sustainable educational toys and games, AMI certified Montessori materials, handmade ecological wooden Waldorf toys and arts &amp; crafts supplies, school supplies, children&#039;s furniture and Montessori reference and parenting books.","publisher":{"@id":"https:\/\/teiaeducation.ch\/fr\/#organization"},"alternateName":"Teia Education & Play","potentialAction":[{"@type":"SearchAction","target":{"@type":"EntryPoint","urlTemplate":"https:\/\/teiaeducation.ch\/fr\/?s={search_term_string}"},"query-input":{"@type":"PropertyValueSpecification","valueRequired":true,"valueName":"search_term_string"}}],"inLanguage":"fr-FR"},{"@type":"Organization","@id":"https:\/\/teiaeducation.ch\/fr\/#organization","name":"Teia Education & Play","url":"https:\/\/teiaeducation.ch\/fr\/","logo":{"@type":"ImageObject","inLanguage":"fr-FR","@id":"https:\/\/teiaeducation.ch\/fr\/#\/schema\/logo\/image\/","url":"https:\/\/teiaeducation.ch\/wp-content\/uploads\/2020\/11\/Teia-Education-Switzerland-e1620156442216.jpg","contentUrl":"https:\/\/teiaeducation.ch\/wp-content\/uploads\/2020\/11\/Teia-Education-Switzerland-e1620156442216.jpg","width":166,"height":145,"caption":"Teia Education & Play"},"image":{"@id":"https:\/\/teiaeducation.ch\/fr\/#\/schema\/logo\/image\/"},"sameAs":["https:\/\/www.facebook.com\/teiaeducation\/","https:\/\/x.com\/EducationTeia","https:\/\/www.instagram.com\/teia.education\/","https:\/\/www.linkedin.com\/company\/35501660","https:\/\/www.pinterest.ch\/TeiaEducation\/"]}]}},"_links":{"self":[{"href":"https:\/\/teiaeducation.ch\/fr\/wp-json\/wp\/v2\/product\/22986","targetHints":{"allow":["GET"]}}],"collection":[{"href":"https:\/\/teiaeducation.ch\/fr\/wp-json\/wp\/v2\/product"}],"about":[{"href":"https:\/\/teiaeducation.ch\/fr\/wp-json\/wp\/v2\/types\/product"}],"replies":[{"embeddable":true,"href":"https:\/\/teiaeducation.ch\/fr\/wp-json\/wp\/v2\/comments?post=22986"}],"wp:featuredmedia":[{"embeddable":true,"href":"https:\/\/teiaeducation.ch\/fr\/wp-json\/wp\/v2\/media\/14888"}],"wp:attachment":[{"href":"https:\/\/teiaeducation.ch\/fr\/wp-json\/wp\/v2\/media?parent=22986"}],"wp:term":[{"taxonomy":"product_brand","embeddable":true,"href":"https:\/\/teiaeducation.ch\/fr\/wp-json\/wp\/v2\/product_brand?post=22986"},{"taxonomy":"product_cat","embeddable":true,"href":"https:\/\/teiaeducation.ch\/fr\/wp-json\/wp\/v2\/product_cat?post=22986"},{"taxonomy":"product_tag","embeddable":true,"href":"https:\/\/teiaeducation.ch\/fr\/wp-json\/wp\/v2\/product_tag?post=22986"}],"curies":[{"name":"wp","href":"https:\/\/api.w.org\/{rel}","templated":true}]}}