{"id":22992,"date":"2018-12-01T20:52:47","date_gmt":"2018-12-01T19:52:47","guid":{"rendered":"https:\/\/teiaeducation.ch\/product\/escalier-marron-finition-laquee-marron-nienhuis-montessori\/"},"modified":"2022-11-29T10:05:55","modified_gmt":"2022-11-29T09:05:55","slug":"escalier-marron-finition-laquee-marron-nienhuis-montessori","status":"publish","type":"product","link":"https:\/\/teiaeducation.ch\/fr\/produit\/escalier-marron-finition-laquee-marron-nienhuis-montessori\/","title":{"rendered":"Escalier marron finition laqu\u00e9e marron &#8211; Nienhuis Montessori"},"content":{"rendered":"<p>L&#8217;escalier marron finition laqu\u00e9e marron du Nienhuis Montessori est le mat\u00e9riel de base de l&#8217;espace <a href=\"https:\/\/teiaeducation.ch\/fr\/categorie-produit\/marques\/nienhuis-montessori-materiel-fr\/sensoriel\/\">sensoriel<\/a> de la classe Montessori. Visuellement attrayante et engageante, l&#8217;escalier marron incarne l&#8217;objectif direct et indirect du mat\u00e9riel Montessori. Il repr\u00e9sente une s\u00e9rie de prismes en bois massif et d\u00e9montre \u00e0 l&#8217;enfant le changement de <a href=\"https:\/\/teiaeducation.ch\/fr\/categorie-produit\/domaines-du-curriculum\/mathematiques-calcul\/mesurer\/\">largeur<\/a> (largeur), alors que la longueur reste constante.<\/p>\n<p>L&#8217;exploration avec ce mat\u00e9riel sensoriel pr\u00e9pare indirectement l&#8217;enfant aux concepts de <a href=\"https:\/\/teiaeducation.ch\/fr\/categorie-produit\/marques\/nienhuis-montessori-materiel-fr\/geometrie-nienhuis-montessori-fr\/\">g\u00e9om\u00e9trie<\/a> plane, de surface et de volume. La s\u00e9rie de prismes est fabriqu\u00e9e selon des progressions pr\u00e9cises de 1 x 1 x 20 cm \u00e0 10 x 10 x 20 cm et repr\u00e9sente un visuel permettant \u00e0 l&#8217;enfant de d\u00e9couvrir les concepts math\u00e9matiques dans le syst\u00e8me d\u00e9cimal et la g\u00e9om\u00e9trie, qui est \u00e9galement pr\u00e9sent dans la <a href=\"https:\/\/teiaeducation.ch\/fr\/produit\/tour-rose-nienhuis-montessori\/\">tour rose<\/a>.<\/p>\n<p>La marque n\u00e9erlandaise Nienhuis Montessori est la marque leader mondiale Montessori, qui honore et perp\u00e9tue l\u2019h\u00e9ritage de Maria Montessori et fabrique la gamme la plus vaste et la plus innovante du <a href=\"https:\/\/teiaeducation.ch\/fr\/categorie-produit\/domaines-du-curriculum\/\">mat\u00e9riel \u00e9ducatif<\/a> Montessori. Tout les mat\u00e9riaux et <a href=\"https:\/\/teiaeducation.ch\/fr\/categorie-produit\/materiel-indispensable\/meubles-montessori\/\">meubles<\/a> de Nienhuis Montessori sont certifi\u00e9s par le comit\u00e9 des mat\u00e9riaux de l\u2019Association Montessori Internationale (<a href=\"https:\/\/montessori-ami.org\/\">AMI<\/a>) et sont m\u00e9ticuleusement con\u00e7us pour isoler les difficult\u00e9s afin que les enfants puissent se concentrer, se ma\u00eetriser et s\u2019\u00e9panouir.<\/p>\n<p><a href=\"https:\/\/teiaeducation.ch\/fr\/categorie-produit\/marques\/nienhuis-montessori-materiel-fr\/\">Nienhuis Montessori<\/a> est l\u2019une des marques de la soci\u00e9t\u00e9 n\u00e9erlandaise Heutink International, qui propose les meilleures marques \u00e9ducatives mondiales, sp\u00e9cialis\u00e9s\u00a0dans l\u2019apprentissage par le jeu.<\/p>\n<p>Ce mat\u00e9riel <span class=\"tlid-translation translation\" lang=\"fr\"><span class=\"\" title=\"\"><a href=\"https:\/\/teiaeducation.ch\/fr\/categorie-produit\/methode-deducation\/montessori-fr\/\">Montessori<\/a><\/span><\/span>\u00a0convient aux enfants de 3 ans et plus.<\/p>\n<p>Contenu :<\/p>\n<p>10 prismes en bois<\/p>\n<p><em><span class=\"tlid-translation translation\" lang=\"fr\"><span title=\"\">Nous n'avons actuellement pas cet article en stock, mais il est disponible en pr\u00e9-commande.<\/span> <span class=\"\" title=\"\">Nous commanderons cet article pour vous aupr\u00e8s de notre fournisseur.<\/span> <span class=\"\" title=\"\">Veuillez allouer de 2 \u00e0 3 semaines maximum pour la livraison.<\/span><\/span><\/em><\/p>\n\t<div id=\"gap-2093863259\" class=\"gap-element clearfix\" style=\"display:block; height:auto;\">\n\t\t\n<style>\n#gap-2093863259 {\n  padding-top: 20px;\n}\n<\/style>\n\t<\/div>\n\t\n","protected":false},"excerpt":{"rendered":"<p>Num\u00e9ro d&#8217;article: 002550<\/p>\n<p>L&#8217;escalier marron du Nienhuis Montessori fait partie du mat\u00e9riel sensoriel et d\u00e9montre le changement de largeur, alore que la longueur reste constante.<\/p>\n","protected":false},"featured_media":14777,"comment_status":"closed","ping_status":"closed","template":"","meta":[],"product_brand":[],"product_cat":[215,216,283,8526,638,277,8567,288,7595,1218,207,217,13153,276,209,623,625,212],"product_tag":[7638,768,803,767,1230,1231,1229],"class_list":{"0":"post-22992","1":"product","2":"type-product","3":"status-publish","4":"has-post-thumbnail","6":"product_cat-3-6-ans","7":"product_cat-6-12-ans","8":"product_cat-domaines-du-curriculum","9":"product_cat-fournitures-scolaires-a-domicile","10":"product_cat-sens","11":"product_cat-materiel-indispensable","12":"product_cat-materiel-scolaire-montessori","13":"product_cat-mathematiques-calcul","14":"product_cat-methode-deducation","15":"product_cat-montessori-fr","16":"product_cat-nienhuis-montessori-materiel-fr","17":"product_cat-marques","18":"product_cat-pack-classe-3-6-ans","19":"product_cat-sensoriel","20":"product_cat-sensorielles-motrices","21":"product_cat-serialisation","22":"product_cat-taille","23":"product_cat-tranche-dage","24":"product_tag-lescalier-marron-montessori","25":"product_tag-materiel-montessori-suisse","26":"product_tag-nienhuis-montessori-fr","27":"product_tag-nienhuis-montessori-suisse-fr-2","28":"product_tag-petite-enfance-3-6","29":"product_tag-sens-visuel","30":"product_tag-sensoriel","32":"first","33":"onbackorder","34":"taxable","35":"shipping-taxable","36":"purchasable","37":"product-type-simple"},"yoast_head":"<!-- This site is optimized with the Yoast SEO Premium plugin v25.8 (Yoast SEO v27.4) - https:\/\/yoast.com\/product\/yoast-seo-premium-wordpress\/ -->\n<title>Escalier marron finition laqu\u00e9e marron - Nienhuis Montessori<\/title>\n<meta name=\"description\" content=\"L&#039;escalier marron du Nienhuis Montessori fait partie du mat\u00e9riel sensoriel et d\u00e9montre le changement de largeur, alore que la longueur reste constante.\" \/>\n<meta name=\"robots\" content=\"index, follow, max-snippet:-1, max-image-preview:large, max-video-preview:-1\" \/>\n<link rel=\"canonical\" href=\"https:\/\/teiaeducation.ch\/fr\/produit\/escalier-marron-finition-laquee-marron-nienhuis-montessori\/\" \/>\n<meta property=\"og:locale\" content=\"fr_FR\" \/>\n<meta property=\"og:type\" content=\"article\" \/>\n<meta property=\"og:title\" content=\"Escalier marron finition laqu\u00e9e marron - Nienhuis Montessori\" \/>\n<meta property=\"og:description\" content=\"L&#039;escalier marron du Nienhuis Montessori fait partie du mat\u00e9riel sensoriel et d\u00e9montre le changement de largeur, alore que la longueur reste constante.\" \/>\n<meta property=\"og:url\" content=\"https:\/\/teiaeducation.ch\/fr\/produit\/escalier-marron-finition-laquee-marron-nienhuis-montessori\/\" \/>\n<meta property=\"og:site_name\" content=\"Sustainable Educational Products &amp; Ecological Toys\u00a0\" \/>\n<meta property=\"article:publisher\" content=\"https:\/\/www.facebook.com\/teiaeducation\/\" \/>\n<meta property=\"article:modified_time\" content=\"2022-11-29T09:05:55+00:00\" \/>\n<meta property=\"og:image\" content=\"https:\/\/teiaeducation.ch\/wp-content\/uploads\/2019\/05\/400_002550_main_or_1-scaled-scaled.jpg\" \/>\n\t<meta property=\"og:image:width\" content=\"2048\" \/>\n\t<meta property=\"og:image:height\" content=\"2048\" \/>\n\t<meta property=\"og:image:type\" content=\"image\/jpeg\" \/>\n<script type=\"application\/ld+json\" class=\"yoast-schema-graph\">{\"@context\":\"https:\\\/\\\/schema.org\",\"@graph\":[{\"@type\":\"WebPage\",\"@id\":\"https:\\\/\\\/teiaeducation.ch\\\/fr\\\/produit\\\/escalier-marron-finition-laquee-marron-nienhuis-montessori\\\/\",\"url\":\"https:\\\/\\\/teiaeducation.ch\\\/fr\\\/produit\\\/escalier-marron-finition-laquee-marron-nienhuis-montessori\\\/\",\"name\":\"Escalier marron finition laqu\u00e9e marron - Nienhuis Montessori\",\"isPartOf\":{\"@id\":\"https:\\\/\\\/teiaeducation.ch\\\/fr\\\/#website\"},\"primaryImageOfPage\":{\"@id\":\"https:\\\/\\\/teiaeducation.ch\\\/fr\\\/produit\\\/escalier-marron-finition-laquee-marron-nienhuis-montessori\\\/#primaryimage\"},\"image\":{\"@id\":\"https:\\\/\\\/teiaeducation.ch\\\/fr\\\/produit\\\/escalier-marron-finition-laquee-marron-nienhuis-montessori\\\/#primaryimage\"},\"thumbnailUrl\":\"https:\\\/\\\/teiaeducation.ch\\\/wp-content\\\/uploads\\\/2019\\\/05\\\/400_002550_main_or_1-scaled-scaled.jpg\",\"datePublished\":\"2018-12-01T19:52:47+00:00\",\"dateModified\":\"2022-11-29T09:05:55+00:00\",\"description\":\"L'escalier marron du Nienhuis Montessori fait partie du mat\u00e9riel sensoriel et d\u00e9montre le changement de largeur, alore que la longueur reste constante.\",\"breadcrumb\":{\"@id\":\"https:\\\/\\\/teiaeducation.ch\\\/fr\\\/produit\\\/escalier-marron-finition-laquee-marron-nienhuis-montessori\\\/#breadcrumb\"},\"inLanguage\":\"fr-FR\",\"potentialAction\":[{\"@type\":\"ReadAction\",\"target\":[\"https:\\\/\\\/teiaeducation.ch\\\/fr\\\/produit\\\/escalier-marron-finition-laquee-marron-nienhuis-montessori\\\/\"]}]},{\"@type\":\"ImageObject\",\"inLanguage\":\"fr-FR\",\"@id\":\"https:\\\/\\\/teiaeducation.ch\\\/fr\\\/produit\\\/escalier-marron-finition-laquee-marron-nienhuis-montessori\\\/#primaryimage\",\"url\":\"https:\\\/\\\/teiaeducation.ch\\\/wp-content\\\/uploads\\\/2019\\\/05\\\/400_002550_main_or_1-scaled-scaled.jpg\",\"contentUrl\":\"https:\\\/\\\/teiaeducation.ch\\\/wp-content\\\/uploads\\\/2019\\\/05\\\/400_002550_main_or_1-scaled-scaled.jpg\",\"width\":2048,\"height\":2048,\"caption\":\"Escalier marron finition laqu\u00e9e marron - Nienhuis Montessori\"},{\"@type\":\"BreadcrumbList\",\"@id\":\"https:\\\/\\\/teiaeducation.ch\\\/fr\\\/produit\\\/escalier-marron-finition-laquee-marron-nienhuis-montessori\\\/#breadcrumb\",\"itemListElement\":[{\"@type\":\"ListItem\",\"position\":1,\"name\":\"Home\",\"item\":\"https:\\\/\\\/teiaeducation.ch\\\/fr\\\/\"},{\"@type\":\"ListItem\",\"position\":2,\"name\":\"Boutique Teia Education &amp; Play\",\"item\":\"https:\\\/\\\/teiaeducation.ch\\\/fr\\\/boutique\\\/\"},{\"@type\":\"ListItem\",\"position\":3,\"name\":\"Nos Marques\",\"item\":\"https:\\\/\\\/teiaeducation.ch\\\/fr\\\/categorie-produit\\\/marques\\\/\"},{\"@type\":\"ListItem\",\"position\":4,\"name\":\"Nienhuis Montessori Suisse\",\"item\":\"https:\\\/\\\/teiaeducation.ch\\\/fr\\\/categorie-produit\\\/marques\\\/nienhuis-montessori-materiel-fr\\\/\"},{\"@type\":\"ListItem\",\"position\":5,\"name\":\"Sensoriel\",\"item\":\"https:\\\/\\\/teiaeducation.ch\\\/fr\\\/categorie-produit\\\/marques\\\/nienhuis-montessori-materiel-fr\\\/sensoriel\\\/\"},{\"@type\":\"ListItem\",\"position\":6,\"name\":\"Escalier marron finition laqu\u00e9e marron &#8211; Nienhuis Montessori\"}]},{\"@type\":\"WebSite\",\"@id\":\"https:\\\/\\\/teiaeducation.ch\\\/fr\\\/#website\",\"url\":\"https:\\\/\\\/teiaeducation.ch\\\/fr\\\/\",\"name\":\"Sustainable Educational Products &amp; Ecological Toys\u00a0\",\"description\":\"Specialised Swiss shop selling sustainable educational toys and games, AMI certified Montessori materials, handmade ecological wooden Waldorf toys and arts &amp; crafts supplies, school supplies, children&#039;s furniture and Montessori reference and parenting books.\",\"publisher\":{\"@id\":\"https:\\\/\\\/teiaeducation.ch\\\/fr\\\/#organization\"},\"alternateName\":\"Teia Education & Play\",\"potentialAction\":[{\"@type\":\"SearchAction\",\"target\":{\"@type\":\"EntryPoint\",\"urlTemplate\":\"https:\\\/\\\/teiaeducation.ch\\\/fr\\\/?s={search_term_string}\"},\"query-input\":{\"@type\":\"PropertyValueSpecification\",\"valueRequired\":true,\"valueName\":\"search_term_string\"}}],\"inLanguage\":\"fr-FR\"},{\"@type\":\"Organization\",\"@id\":\"https:\\\/\\\/teiaeducation.ch\\\/fr\\\/#organization\",\"name\":\"Teia Education & Play\",\"url\":\"https:\\\/\\\/teiaeducation.ch\\\/fr\\\/\",\"logo\":{\"@type\":\"ImageObject\",\"inLanguage\":\"fr-FR\",\"@id\":\"https:\\\/\\\/teiaeducation.ch\\\/fr\\\/#\\\/schema\\\/logo\\\/image\\\/\",\"url\":\"https:\\\/\\\/teiaeducation.ch\\\/wp-content\\\/uploads\\\/2020\\\/11\\\/Teia-Education-Switzerland-e1620156442216.jpg\",\"contentUrl\":\"https:\\\/\\\/teiaeducation.ch\\\/wp-content\\\/uploads\\\/2020\\\/11\\\/Teia-Education-Switzerland-e1620156442216.jpg\",\"width\":166,\"height\":145,\"caption\":\"Teia Education & Play\"},\"image\":{\"@id\":\"https:\\\/\\\/teiaeducation.ch\\\/fr\\\/#\\\/schema\\\/logo\\\/image\\\/\"},\"sameAs\":[\"https:\\\/\\\/www.facebook.com\\\/teiaeducation\\\/\",\"https:\\\/\\\/x.com\\\/EducationTeia\",\"https:\\\/\\\/www.instagram.com\\\/teia.education\\\/\",\"https:\\\/\\\/www.linkedin.com\\\/company\\\/35501660\",\"https:\\\/\\\/www.pinterest.ch\\\/TeiaEducation\\\/\"]}]}<\/script>\n<meta property=\"product:price:amount\" content=\"281.50\" \/>\n<meta property=\"product:price:currency\" content=\"CHF\" \/>\n<meta property=\"og:availability\" content=\"backorder\" \/>\n<meta property=\"product:availability\" content=\"available for order\" \/>\n<meta property=\"product:retailer_item_id\" content=\"00000000000000000000000000000000000000000000014776\" \/>\n<meta property=\"product:condition\" content=\"new\" \/>\n<!-- \/ Yoast SEO Premium plugin. -->","yoast_head_json":{"title":"Escalier marron finition laqu\u00e9e marron - Nienhuis Montessori","description":"L'escalier marron du Nienhuis Montessori fait partie du mat\u00e9riel sensoriel et d\u00e9montre le changement de largeur, alore que la longueur reste constante.","robots":{"index":"index","follow":"follow","max-snippet":"max-snippet:-1","max-image-preview":"max-image-preview:large","max-video-preview":"max-video-preview:-1"},"canonical":"https:\/\/teiaeducation.ch\/fr\/produit\/escalier-marron-finition-laquee-marron-nienhuis-montessori\/","og_locale":"fr_FR","og_type":"article","og_title":"Escalier marron finition laqu\u00e9e marron - Nienhuis Montessori","og_description":"L'escalier marron du Nienhuis Montessori fait partie du mat\u00e9riel sensoriel et d\u00e9montre le changement de largeur, alore que la longueur reste constante.","og_url":"https:\/\/teiaeducation.ch\/fr\/produit\/escalier-marron-finition-laquee-marron-nienhuis-montessori\/","og_site_name":"Sustainable Educational Products &amp; Ecological Toys\u00a0","article_publisher":"https:\/\/www.facebook.com\/teiaeducation\/","article_modified_time":"2022-11-29T09:05:55+00:00","og_image":[{"width":2048,"height":2048,"url":"https:\/\/teiaeducation.ch\/wp-content\/uploads\/2019\/05\/400_002550_main_or_1-scaled-scaled.jpg","type":"image\/jpeg"}],"schema":{"@context":"https:\/\/schema.org","@graph":[{"@type":"WebPage","@id":"https:\/\/teiaeducation.ch\/fr\/produit\/escalier-marron-finition-laquee-marron-nienhuis-montessori\/","url":"https:\/\/teiaeducation.ch\/fr\/produit\/escalier-marron-finition-laquee-marron-nienhuis-montessori\/","name":"Escalier marron finition laqu\u00e9e marron - Nienhuis Montessori","isPartOf":{"@id":"https:\/\/teiaeducation.ch\/fr\/#website"},"primaryImageOfPage":{"@id":"https:\/\/teiaeducation.ch\/fr\/produit\/escalier-marron-finition-laquee-marron-nienhuis-montessori\/#primaryimage"},"image":{"@id":"https:\/\/teiaeducation.ch\/fr\/produit\/escalier-marron-finition-laquee-marron-nienhuis-montessori\/#primaryimage"},"thumbnailUrl":"https:\/\/teiaeducation.ch\/wp-content\/uploads\/2019\/05\/400_002550_main_or_1-scaled-scaled.jpg","datePublished":"2018-12-01T19:52:47+00:00","dateModified":"2022-11-29T09:05:55+00:00","description":"L'escalier marron du Nienhuis Montessori fait partie du mat\u00e9riel sensoriel et d\u00e9montre le changement de largeur, alore que la longueur reste constante.","breadcrumb":{"@id":"https:\/\/teiaeducation.ch\/fr\/produit\/escalier-marron-finition-laquee-marron-nienhuis-montessori\/#breadcrumb"},"inLanguage":"fr-FR","potentialAction":[{"@type":"ReadAction","target":["https:\/\/teiaeducation.ch\/fr\/produit\/escalier-marron-finition-laquee-marron-nienhuis-montessori\/"]}]},{"@type":"ImageObject","inLanguage":"fr-FR","@id":"https:\/\/teiaeducation.ch\/fr\/produit\/escalier-marron-finition-laquee-marron-nienhuis-montessori\/#primaryimage","url":"https:\/\/teiaeducation.ch\/wp-content\/uploads\/2019\/05\/400_002550_main_or_1-scaled-scaled.jpg","contentUrl":"https:\/\/teiaeducation.ch\/wp-content\/uploads\/2019\/05\/400_002550_main_or_1-scaled-scaled.jpg","width":2048,"height":2048,"caption":"Escalier marron finition laqu\u00e9e marron - Nienhuis Montessori"},{"@type":"BreadcrumbList","@id":"https:\/\/teiaeducation.ch\/fr\/produit\/escalier-marron-finition-laquee-marron-nienhuis-montessori\/#breadcrumb","itemListElement":[{"@type":"ListItem","position":1,"name":"Home","item":"https:\/\/teiaeducation.ch\/fr\/"},{"@type":"ListItem","position":2,"name":"Boutique Teia Education &amp; Play","item":"https:\/\/teiaeducation.ch\/fr\/boutique\/"},{"@type":"ListItem","position":3,"name":"Nos Marques","item":"https:\/\/teiaeducation.ch\/fr\/categorie-produit\/marques\/"},{"@type":"ListItem","position":4,"name":"Nienhuis Montessori Suisse","item":"https:\/\/teiaeducation.ch\/fr\/categorie-produit\/marques\/nienhuis-montessori-materiel-fr\/"},{"@type":"ListItem","position":5,"name":"Sensoriel","item":"https:\/\/teiaeducation.ch\/fr\/categorie-produit\/marques\/nienhuis-montessori-materiel-fr\/sensoriel\/"},{"@type":"ListItem","position":6,"name":"Escalier marron finition laqu\u00e9e marron &#8211; Nienhuis Montessori"}]},{"@type":"WebSite","@id":"https:\/\/teiaeducation.ch\/fr\/#website","url":"https:\/\/teiaeducation.ch\/fr\/","name":"Sustainable Educational Products &amp; Ecological Toys\u00a0","description":"Specialised Swiss shop selling sustainable educational toys and games, AMI certified Montessori materials, handmade ecological wooden Waldorf toys and arts &amp; crafts supplies, school supplies, children&#039;s furniture and Montessori reference and parenting books.","publisher":{"@id":"https:\/\/teiaeducation.ch\/fr\/#organization"},"alternateName":"Teia Education & Play","potentialAction":[{"@type":"SearchAction","target":{"@type":"EntryPoint","urlTemplate":"https:\/\/teiaeducation.ch\/fr\/?s={search_term_string}"},"query-input":{"@type":"PropertyValueSpecification","valueRequired":true,"valueName":"search_term_string"}}],"inLanguage":"fr-FR"},{"@type":"Organization","@id":"https:\/\/teiaeducation.ch\/fr\/#organization","name":"Teia Education & Play","url":"https:\/\/teiaeducation.ch\/fr\/","logo":{"@type":"ImageObject","inLanguage":"fr-FR","@id":"https:\/\/teiaeducation.ch\/fr\/#\/schema\/logo\/image\/","url":"https:\/\/teiaeducation.ch\/wp-content\/uploads\/2020\/11\/Teia-Education-Switzerland-e1620156442216.jpg","contentUrl":"https:\/\/teiaeducation.ch\/wp-content\/uploads\/2020\/11\/Teia-Education-Switzerland-e1620156442216.jpg","width":166,"height":145,"caption":"Teia Education & Play"},"image":{"@id":"https:\/\/teiaeducation.ch\/fr\/#\/schema\/logo\/image\/"},"sameAs":["https:\/\/www.facebook.com\/teiaeducation\/","https:\/\/x.com\/EducationTeia","https:\/\/www.instagram.com\/teia.education\/","https:\/\/www.linkedin.com\/company\/35501660","https:\/\/www.pinterest.ch\/TeiaEducation\/"]}]},"product_price_amount":"281.50","product_price_currency":"CHF","og_availability":"backorder","product_availability":"available for order","product_retailer_item_id":"00000000000000000000000000000000000000000000014776","product_condition":"new"},"_links":{"self":[{"href":"https:\/\/teiaeducation.ch\/fr\/wp-json\/wp\/v2\/product\/22992","targetHints":{"allow":["GET"]}}],"collection":[{"href":"https:\/\/teiaeducation.ch\/fr\/wp-json\/wp\/v2\/product"}],"about":[{"href":"https:\/\/teiaeducation.ch\/fr\/wp-json\/wp\/v2\/types\/product"}],"replies":[{"embeddable":true,"href":"https:\/\/teiaeducation.ch\/fr\/wp-json\/wp\/v2\/comments?post=22992"}],"wp:featuredmedia":[{"embeddable":true,"href":"https:\/\/teiaeducation.ch\/fr\/wp-json\/wp\/v2\/media\/14777"}],"wp:attachment":[{"href":"https:\/\/teiaeducation.ch\/fr\/wp-json\/wp\/v2\/media?parent=22992"}],"wp:term":[{"taxonomy":"product_brand","embeddable":true,"href":"https:\/\/teiaeducation.ch\/fr\/wp-json\/wp\/v2\/product_brand?post=22992"},{"taxonomy":"product_cat","embeddable":true,"href":"https:\/\/teiaeducation.ch\/fr\/wp-json\/wp\/v2\/product_cat?post=22992"},{"taxonomy":"product_tag","embeddable":true,"href":"https:\/\/teiaeducation.ch\/fr\/wp-json\/wp\/v2\/product_tag?post=22992"}],"curies":[{"name":"wp","href":"https:\/\/api.w.org\/{rel}","templated":true}]}}