{"id":23001,"date":"2019-05-20T10:31:47","date_gmt":"2019-05-20T08:31:47","guid":{"rendered":"https:\/\/teiaeducation.ch\/product\/crayons-triangulaires-pour-inserts-metalliques-noir-nienhuis-montessori\/"},"modified":"2020-08-05T10:55:06","modified_gmt":"2020-08-05T08:55:06","slug":"crayons-triangulaires-pour-formes-a-dessins-noir-nienhuis-montessori","status":"publish","type":"product","link":"https:\/\/teiaeducation.ch\/fr\/produit\/crayons-triangulaires-pour-formes-a-dessins-noir-nienhuis-montessori\/","title":{"rendered":"Crayons triangulaires pour formes \u00e0 dessins : noir &#8211; Nienhuis Montessori"},"content":{"rendered":"<p>Crayons triangulaires pour formes \u00e0 dessins : noir &#8211; Nienhuis Montessori<\/p>\n<p>Les crayons triangulaires pour les formes \u00e0 dessins de Nienhuis Montessori en noir \u00e0 trois faces, ou triangulaires, doivent \u00eatre utilis\u00e9s avec les <a href=\"https:\/\/teiaeducation.ch\/fr\/produit\/formes-a-dessins-nienhuis-montessori\/\">formes \u00e0 dessins <\/a>(inserts m\u00e9talliques) mais sont \u00e9galement parfaitement assortis \u00e0 tous les autres mat\u00e9riaux de l\u2019environnement pr\u00e9par\u00e9 Montessori ou de la salle de classe traditionnelle. Les crayons sont \u00e0 trois faces, ce qui les rend plus confortables \u00e0 tenir dans la main et facilite l\u2019enseignement aux enfants de la bonne fa\u00e7on de tenir un crayon.<\/p>\n<p>Les crayons sont disponibles dans une grande vari\u00e9t\u00e9 de 18 couleurs et sont vendus par bo\u00eetes de 12 crayons de la m\u00eame couleur. Un jeu de 11 <a href=\"https:\/\/teiaeducation.ch\/fr\/produit\/jeu-de-11-pots-a-crayons-colores-nienhuis-montessori\/\">pots \u00e0 crayons color\u00e9s<\/a> est \u00e9galement disponible s\u00e9par\u00e9ment.<\/p>\n<p>Ce mat\u00e9riel convient aux enfants de 3 ans et plus.<\/p>\n<p>Contenu :<\/p>\n<p>1 bo\u00eete de 12 crayons triangulaires noirs<\/p>\n","protected":false},"excerpt":{"rendered":"<p>Num\u00e9ro d&#8217;article: 721100<\/p>\n","protected":false},"featured_media":14733,"comment_status":"closed","ping_status":"closed","template":"","meta":[],"product_brand":[],"product_cat":[8527,215,8580,216,285,606,20247,283,8526,273,13127,277,8567,7595,1218,207,217,13153,13154,212],"product_tag":[6444,6443,768,820,803,767,1230],"class_list":{"0":"post-23001","1":"product","2":"type-product","3":"status-publish","4":"has-post-thumbnail","6":"product_cat-3-6-ans-ecole-a-domicile","7":"product_cat-3-6-ans","8":"product_cat-6-12-ans-ecole-a-domicile","9":"product_cat-6-12-ans","10":"product_cat-alphabetisation-langage","11":"product_cat-apprendre-a-ecrire","12":"product_cat-dessin-et-coloriage","13":"product_cat-domaines-du-curriculum","14":"product_cat-fournitures-scolaires-a-domicile","15":"product_cat-langage-nienhuis-montessori","16":"product_cat-creativite-beaux-arts-et-bricolage","17":"product_cat-materiel-indispensable","18":"product_cat-materiel-scolaire-montessori","19":"product_cat-methode-deducation","20":"product_cat-montessori-fr","21":"product_cat-nienhuis-montessori-materiel-fr","22":"product_cat-marques","23":"product_cat-pack-classe-3-6-ans","24":"product_cat-pack-classe-6-12-ans","25":"product_cat-tranche-dage","26":"product_tag-ecrire","27":"product_tag-langage","28":"product_tag-materiel-montessori-suisse","29":"product_tag-montessori-langage","30":"product_tag-nienhuis-montessori-fr","31":"product_tag-nienhuis-montessori-suisse-fr-2","32":"product_tag-petite-enfance-3-6","34":"first","35":"instock","36":"taxable","37":"shipping-taxable","38":"purchasable","39":"product-type-simple"},"yoast_head":"<!-- This site is optimized with the Yoast SEO plugin v27.1.1 - https:\/\/yoast.com\/product\/yoast-seo-wordpress\/ -->\n<title>Crayons triangulaires pour formes \u00e0 dessins : noir - Nienhuis Montessori<\/title>\n<meta name=\"description\" content=\"Les crayons triangulaires noirs de Nienhuis Montessori sont confortables \u00e0 tenir dans la main et apprennent aux enfants la bonne fa\u00e7on de tenir un crayon.\" \/>\n<meta name=\"robots\" content=\"index, follow, max-snippet:-1, max-image-preview:large, max-video-preview:-1\" \/>\n<link rel=\"canonical\" href=\"https:\/\/teiaeducation.ch\/fr\/produit\/crayons-triangulaires-pour-formes-a-dessins-noir-nienhuis-montessori\/\" \/>\n<meta property=\"og:locale\" content=\"fr_FR\" \/>\n<meta property=\"og:type\" content=\"article\" \/>\n<meta property=\"og:title\" content=\"Crayons triangulaires pour formes \u00e0 dessins : noir - Nienhuis Montessori\" \/>\n<meta property=\"og:description\" content=\"Les crayons triangulaires noirs de Nienhuis Montessori sont confortables \u00e0 tenir dans la main et apprennent aux enfants la bonne fa\u00e7on de tenir un crayon.\" \/>\n<meta property=\"og:url\" content=\"https:\/\/teiaeducation.ch\/fr\/produit\/crayons-triangulaires-pour-formes-a-dessins-noir-nienhuis-montessori\/\" \/>\n<meta property=\"og:site_name\" content=\"Sustainable Educational Products &amp; Ecological Toys\u00a0\" \/>\n<meta property=\"article:publisher\" content=\"https:\/\/www.facebook.com\/teiaeducation\/\" \/>\n<meta property=\"article:modified_time\" content=\"2020-08-05T08:55:06+00:00\" \/>\n<meta property=\"og:image\" content=\"https:\/\/teiaeducation.ch\/wp-content\/uploads\/2019\/05\/400_721100_main_or_1-scaled-scaled.jpg\" \/>\n\t<meta property=\"og:image:width\" content=\"2048\" \/>\n\t<meta property=\"og:image:height\" content=\"2048\" \/>\n\t<meta property=\"og:image:type\" content=\"image\/jpeg\" \/>\n<script type=\"application\/ld+json\" class=\"yoast-schema-graph\">{\"@context\":\"https:\/\/schema.org\",\"@graph\":[{\"@type\":\"WebPage\",\"@id\":\"https:\/\/teiaeducation.ch\/fr\/produit\/crayons-triangulaires-pour-formes-a-dessins-noir-nienhuis-montessori\/\",\"url\":\"https:\/\/teiaeducation.ch\/fr\/produit\/crayons-triangulaires-pour-formes-a-dessins-noir-nienhuis-montessori\/\",\"name\":\"Crayons triangulaires pour formes \u00e0 dessins : noir - Nienhuis Montessori\",\"isPartOf\":{\"@id\":\"https:\/\/teiaeducation.ch\/fr\/#website\"},\"primaryImageOfPage\":{\"@id\":\"https:\/\/teiaeducation.ch\/fr\/produit\/crayons-triangulaires-pour-formes-a-dessins-noir-nienhuis-montessori\/#primaryimage\"},\"image\":{\"@id\":\"https:\/\/teiaeducation.ch\/fr\/produit\/crayons-triangulaires-pour-formes-a-dessins-noir-nienhuis-montessori\/#primaryimage\"},\"thumbnailUrl\":\"https:\/\/teiaeducation.ch\/wp-content\/uploads\/2019\/05\/400_721100_main_or_1-scaled-scaled.jpg\",\"datePublished\":\"2019-05-20T08:31:47+00:00\",\"dateModified\":\"2020-08-05T08:55:06+00:00\",\"description\":\"Les crayons triangulaires noirs de Nienhuis Montessori sont confortables \u00e0 tenir dans la main et apprennent aux enfants la bonne fa\u00e7on de tenir un crayon.\",\"breadcrumb\":{\"@id\":\"https:\/\/teiaeducation.ch\/fr\/produit\/crayons-triangulaires-pour-formes-a-dessins-noir-nienhuis-montessori\/#breadcrumb\"},\"inLanguage\":\"fr-FR\",\"potentialAction\":[{\"@type\":\"ReadAction\",\"target\":[\"https:\/\/teiaeducation.ch\/fr\/produit\/crayons-triangulaires-pour-formes-a-dessins-noir-nienhuis-montessori\/\"]}]},{\"@type\":\"ImageObject\",\"inLanguage\":\"fr-FR\",\"@id\":\"https:\/\/teiaeducation.ch\/fr\/produit\/crayons-triangulaires-pour-formes-a-dessins-noir-nienhuis-montessori\/#primaryimage\",\"url\":\"https:\/\/teiaeducation.ch\/wp-content\/uploads\/2019\/05\/400_721100_main_or_1-scaled-scaled.jpg\",\"contentUrl\":\"https:\/\/teiaeducation.ch\/wp-content\/uploads\/2019\/05\/400_721100_main_or_1-scaled-scaled.jpg\",\"width\":2048,\"height\":2048,\"caption\":\"Crayons triangulaires pour inserts M\u00e9talliques : noir - Nienhuis Montessori\"},{\"@type\":\"BreadcrumbList\",\"@id\":\"https:\/\/teiaeducation.ch\/fr\/produit\/crayons-triangulaires-pour-formes-a-dessins-noir-nienhuis-montessori\/#breadcrumb\",\"itemListElement\":[{\"@type\":\"ListItem\",\"position\":1,\"name\":\"Home\",\"item\":\"https:\/\/teiaeducation.ch\/fr\/\"},{\"@type\":\"ListItem\",\"position\":2,\"name\":\"Boutique Teia Education &amp; Play\",\"item\":\"https:\/\/teiaeducation.ch\/fr\/boutique\/\"},{\"@type\":\"ListItem\",\"position\":3,\"name\":\"Domaines du Curriculum\",\"item\":\"https:\/\/teiaeducation.ch\/fr\/categorie-produit\/domaines-du-curriculum\/\"},{\"@type\":\"ListItem\",\"position\":4,\"name\":\"Alphab\u00e9tisation &amp; Langage\",\"item\":\"https:\/\/teiaeducation.ch\/fr\/categorie-produit\/domaines-du-curriculum\/alphabetisation-langage\/\"},{\"@type\":\"ListItem\",\"position\":5,\"name\":\"Apprendre \u00e0 \u00c9crire\",\"item\":\"https:\/\/teiaeducation.ch\/fr\/categorie-produit\/domaines-du-curriculum\/alphabetisation-langage\/apprendre-a-ecrire\/\"},{\"@type\":\"ListItem\",\"position\":6,\"name\":\"Crayons triangulaires pour formes \u00e0 dessins : noir &#8211; Nienhuis Montessori\"}]},{\"@type\":\"WebSite\",\"@id\":\"https:\/\/teiaeducation.ch\/fr\/#website\",\"url\":\"https:\/\/teiaeducation.ch\/fr\/\",\"name\":\"Sustainable Educational Products &amp; Ecological Toys\u00a0\",\"description\":\"Specialised Swiss shop selling sustainable educational toys and games, AMI certified Montessori materials, handmade ecological wooden Waldorf toys and arts &amp; crafts supplies, school supplies, children&#039;s furniture and Montessori reference and parenting books.\",\"publisher\":{\"@id\":\"https:\/\/teiaeducation.ch\/fr\/#organization\"},\"alternateName\":\"Teia Education & Play\",\"potentialAction\":[{\"@type\":\"SearchAction\",\"target\":{\"@type\":\"EntryPoint\",\"urlTemplate\":\"https:\/\/teiaeducation.ch\/fr\/?s={search_term_string}\"},\"query-input\":{\"@type\":\"PropertyValueSpecification\",\"valueRequired\":true,\"valueName\":\"search_term_string\"}}],\"inLanguage\":\"fr-FR\"},{\"@type\":\"Organization\",\"@id\":\"https:\/\/teiaeducation.ch\/fr\/#organization\",\"name\":\"Teia Education & Play\",\"url\":\"https:\/\/teiaeducation.ch\/fr\/\",\"logo\":{\"@type\":\"ImageObject\",\"inLanguage\":\"fr-FR\",\"@id\":\"https:\/\/teiaeducation.ch\/fr\/#\/schema\/logo\/image\/\",\"url\":\"https:\/\/teiaeducation.ch\/wp-content\/uploads\/2020\/11\/Teia-Education-Switzerland-e1620156442216.jpg\",\"contentUrl\":\"https:\/\/teiaeducation.ch\/wp-content\/uploads\/2020\/11\/Teia-Education-Switzerland-e1620156442216.jpg\",\"width\":166,\"height\":145,\"caption\":\"Teia Education & Play\"},\"image\":{\"@id\":\"https:\/\/teiaeducation.ch\/fr\/#\/schema\/logo\/image\/\"},\"sameAs\":[\"https:\/\/www.facebook.com\/teiaeducation\/\",\"https:\/\/x.com\/EducationTeia\",\"https:\/\/www.instagram.com\/teia.education\/\",\"https:\/\/www.linkedin.com\/company\/35501660\",\"https:\/\/www.pinterest.ch\/TeiaEducation\/\"]}]}<\/script>\n<!-- \/ Yoast SEO plugin. -->","yoast_head_json":{"title":"Crayons triangulaires pour formes \u00e0 dessins : noir - Nienhuis Montessori","description":"Les crayons triangulaires noirs de Nienhuis Montessori sont confortables \u00e0 tenir dans la main et apprennent aux enfants la bonne fa\u00e7on de tenir un crayon.","robots":{"index":"index","follow":"follow","max-snippet":"max-snippet:-1","max-image-preview":"max-image-preview:large","max-video-preview":"max-video-preview:-1"},"canonical":"https:\/\/teiaeducation.ch\/fr\/produit\/crayons-triangulaires-pour-formes-a-dessins-noir-nienhuis-montessori\/","og_locale":"fr_FR","og_type":"article","og_title":"Crayons triangulaires pour formes \u00e0 dessins : noir - Nienhuis Montessori","og_description":"Les crayons triangulaires noirs de Nienhuis Montessori sont confortables \u00e0 tenir dans la main et apprennent aux enfants la bonne fa\u00e7on de tenir un crayon.","og_url":"https:\/\/teiaeducation.ch\/fr\/produit\/crayons-triangulaires-pour-formes-a-dessins-noir-nienhuis-montessori\/","og_site_name":"Sustainable Educational Products &amp; Ecological Toys\u00a0","article_publisher":"https:\/\/www.facebook.com\/teiaeducation\/","article_modified_time":"2020-08-05T08:55:06+00:00","og_image":[{"width":2048,"height":2048,"url":"https:\/\/teiaeducation.ch\/wp-content\/uploads\/2019\/05\/400_721100_main_or_1-scaled-scaled.jpg","type":"image\/jpeg"}],"schema":{"@context":"https:\/\/schema.org","@graph":[{"@type":"WebPage","@id":"https:\/\/teiaeducation.ch\/fr\/produit\/crayons-triangulaires-pour-formes-a-dessins-noir-nienhuis-montessori\/","url":"https:\/\/teiaeducation.ch\/fr\/produit\/crayons-triangulaires-pour-formes-a-dessins-noir-nienhuis-montessori\/","name":"Crayons triangulaires pour formes \u00e0 dessins : noir - Nienhuis Montessori","isPartOf":{"@id":"https:\/\/teiaeducation.ch\/fr\/#website"},"primaryImageOfPage":{"@id":"https:\/\/teiaeducation.ch\/fr\/produit\/crayons-triangulaires-pour-formes-a-dessins-noir-nienhuis-montessori\/#primaryimage"},"image":{"@id":"https:\/\/teiaeducation.ch\/fr\/produit\/crayons-triangulaires-pour-formes-a-dessins-noir-nienhuis-montessori\/#primaryimage"},"thumbnailUrl":"https:\/\/teiaeducation.ch\/wp-content\/uploads\/2019\/05\/400_721100_main_or_1-scaled-scaled.jpg","datePublished":"2019-05-20T08:31:47+00:00","dateModified":"2020-08-05T08:55:06+00:00","description":"Les crayons triangulaires noirs de Nienhuis Montessori sont confortables \u00e0 tenir dans la main et apprennent aux enfants la bonne fa\u00e7on de tenir un crayon.","breadcrumb":{"@id":"https:\/\/teiaeducation.ch\/fr\/produit\/crayons-triangulaires-pour-formes-a-dessins-noir-nienhuis-montessori\/#breadcrumb"},"inLanguage":"fr-FR","potentialAction":[{"@type":"ReadAction","target":["https:\/\/teiaeducation.ch\/fr\/produit\/crayons-triangulaires-pour-formes-a-dessins-noir-nienhuis-montessori\/"]}]},{"@type":"ImageObject","inLanguage":"fr-FR","@id":"https:\/\/teiaeducation.ch\/fr\/produit\/crayons-triangulaires-pour-formes-a-dessins-noir-nienhuis-montessori\/#primaryimage","url":"https:\/\/teiaeducation.ch\/wp-content\/uploads\/2019\/05\/400_721100_main_or_1-scaled-scaled.jpg","contentUrl":"https:\/\/teiaeducation.ch\/wp-content\/uploads\/2019\/05\/400_721100_main_or_1-scaled-scaled.jpg","width":2048,"height":2048,"caption":"Crayons triangulaires pour inserts M\u00e9talliques : noir - Nienhuis Montessori"},{"@type":"BreadcrumbList","@id":"https:\/\/teiaeducation.ch\/fr\/produit\/crayons-triangulaires-pour-formes-a-dessins-noir-nienhuis-montessori\/#breadcrumb","itemListElement":[{"@type":"ListItem","position":1,"name":"Home","item":"https:\/\/teiaeducation.ch\/fr\/"},{"@type":"ListItem","position":2,"name":"Boutique Teia Education &amp; Play","item":"https:\/\/teiaeducation.ch\/fr\/boutique\/"},{"@type":"ListItem","position":3,"name":"Domaines du Curriculum","item":"https:\/\/teiaeducation.ch\/fr\/categorie-produit\/domaines-du-curriculum\/"},{"@type":"ListItem","position":4,"name":"Alphab\u00e9tisation &amp; Langage","item":"https:\/\/teiaeducation.ch\/fr\/categorie-produit\/domaines-du-curriculum\/alphabetisation-langage\/"},{"@type":"ListItem","position":5,"name":"Apprendre \u00e0 \u00c9crire","item":"https:\/\/teiaeducation.ch\/fr\/categorie-produit\/domaines-du-curriculum\/alphabetisation-langage\/apprendre-a-ecrire\/"},{"@type":"ListItem","position":6,"name":"Crayons triangulaires pour formes \u00e0 dessins : noir &#8211; Nienhuis Montessori"}]},{"@type":"WebSite","@id":"https:\/\/teiaeducation.ch\/fr\/#website","url":"https:\/\/teiaeducation.ch\/fr\/","name":"Sustainable Educational Products &amp; Ecological Toys\u00a0","description":"Specialised Swiss shop selling sustainable educational toys and games, AMI certified Montessori materials, handmade ecological wooden Waldorf toys and arts &amp; crafts supplies, school supplies, children&#039;s furniture and Montessori reference and parenting books.","publisher":{"@id":"https:\/\/teiaeducation.ch\/fr\/#organization"},"alternateName":"Teia Education & Play","potentialAction":[{"@type":"SearchAction","target":{"@type":"EntryPoint","urlTemplate":"https:\/\/teiaeducation.ch\/fr\/?s={search_term_string}"},"query-input":{"@type":"PropertyValueSpecification","valueRequired":true,"valueName":"search_term_string"}}],"inLanguage":"fr-FR"},{"@type":"Organization","@id":"https:\/\/teiaeducation.ch\/fr\/#organization","name":"Teia Education & Play","url":"https:\/\/teiaeducation.ch\/fr\/","logo":{"@type":"ImageObject","inLanguage":"fr-FR","@id":"https:\/\/teiaeducation.ch\/fr\/#\/schema\/logo\/image\/","url":"https:\/\/teiaeducation.ch\/wp-content\/uploads\/2020\/11\/Teia-Education-Switzerland-e1620156442216.jpg","contentUrl":"https:\/\/teiaeducation.ch\/wp-content\/uploads\/2020\/11\/Teia-Education-Switzerland-e1620156442216.jpg","width":166,"height":145,"caption":"Teia Education & Play"},"image":{"@id":"https:\/\/teiaeducation.ch\/fr\/#\/schema\/logo\/image\/"},"sameAs":["https:\/\/www.facebook.com\/teiaeducation\/","https:\/\/x.com\/EducationTeia","https:\/\/www.instagram.com\/teia.education\/","https:\/\/www.linkedin.com\/company\/35501660","https:\/\/www.pinterest.ch\/TeiaEducation\/"]}]}},"_links":{"self":[{"href":"https:\/\/teiaeducation.ch\/fr\/wp-json\/wp\/v2\/product\/23001","targetHints":{"allow":["GET"]}}],"collection":[{"href":"https:\/\/teiaeducation.ch\/fr\/wp-json\/wp\/v2\/product"}],"about":[{"href":"https:\/\/teiaeducation.ch\/fr\/wp-json\/wp\/v2\/types\/product"}],"replies":[{"embeddable":true,"href":"https:\/\/teiaeducation.ch\/fr\/wp-json\/wp\/v2\/comments?post=23001"}],"wp:featuredmedia":[{"embeddable":true,"href":"https:\/\/teiaeducation.ch\/fr\/wp-json\/wp\/v2\/media\/14733"}],"wp:attachment":[{"href":"https:\/\/teiaeducation.ch\/fr\/wp-json\/wp\/v2\/media?parent=23001"}],"wp:term":[{"taxonomy":"product_brand","embeddable":true,"href":"https:\/\/teiaeducation.ch\/fr\/wp-json\/wp\/v2\/product_brand?post=23001"},{"taxonomy":"product_cat","embeddable":true,"href":"https:\/\/teiaeducation.ch\/fr\/wp-json\/wp\/v2\/product_cat?post=23001"},{"taxonomy":"product_tag","embeddable":true,"href":"https:\/\/teiaeducation.ch\/fr\/wp-json\/wp\/v2\/product_tag?post=23001"}],"curies":[{"name":"wp","href":"https:\/\/api.w.org\/{rel}","templated":true}]}}