{"id":23004,"date":"2021-01-17T20:23:59","date_gmt":"2021-01-17T19:23:59","guid":{"rendered":"https:\/\/teiaeducation.ch\/product\/papier-pour-formes-a-dessin-14-x-14-cm-500-nienhuis-montessori\/"},"modified":"2024-10-11T11:08:22","modified_gmt":"2024-10-11T09:08:22","slug":"papier-pour-formes-a-dessins-14-x-14-cm-500-nienhuis-montessori","status":"publish","type":"product","link":"https:\/\/teiaeducation.ch\/fr\/produit\/papier-pour-formes-a-dessins-14-x-14-cm-500-nienhuis-montessori\/","title":{"rendered":"Papier pour formes \u00e0 dessins 14 x 14cm (500) &#8211; Nienhuis Montessori"},"content":{"rendered":"<p>Papier utilis\u00e9 pour tracer les\u00a0<a href=\"https:\/\/teiaeducation.ch\/fr\/produit\/formes-a-dessins-nienhuis-montessori\/\">formes \u00e0 dessins<\/a> (inserts m\u00e9talliques) de Nienhuis Montessori avec les <a href=\"https:\/\/teiaeducation.ch\/fr\/produit\/crayons-triangulaires-pour-formes-a-dessins-vert-fonce-nienhuis-montessori\/\">crayons triangulaires<\/a>. Le papier est \u00e9galement parfaitement adapt\u00e9 \u00e0 tous les autres mat\u00e9riaux de l&#8217;environnement pr\u00e9par\u00e9 Montessori ou de la salle de classe traditionnelle. Un bloc de papier pour les formes \u00e0 dessin contient 500 feuilles, chacune mesurant 14 centim\u00e8tres sur 14.<\/p>\n<p>Une <a href=\"https:\/\/teiaeducation.ch\/fr\/produit\/boite-a-papier-14-x-14-cm-nienhuis-montessori\/\">bo\u00eete en bois<\/a> utilis\u00e9 pour contenir le\u00a0papier est \u00e9galement disponible s\u00e9par\u00e9ment.<\/p>\n<p>La marque n\u00e9erlandaise Nienhuis Montessori est la marque leader mondiale Montessori, qui honore et perp\u00e9tue l\u2019h\u00e9ritage de Maria Montessori et fabrique la gamme la plus vaste et la plus innovante du <a href=\"https:\/\/teiaeducation.ch\/fr\/categorie-produit\/domaines-du-curriculum\/\">mat\u00e9riel \u00e9ducatif<\/a> Montessori. Tout les mat\u00e9riaux et <a href=\"https:\/\/teiaeducation.ch\/fr\/categorie-produit\/materiel-indispensable\/meubles-montessori\/\">meubles<\/a> de Nienhuis Montessori sont certifi\u00e9s par le comit\u00e9 des mat\u00e9riaux de l\u2019Association Montessori Internationale (<a href=\"https:\/\/montessori-ami.org\/\">AMI<\/a>) et sont m\u00e9ticuleusement con\u00e7us pour isoler les difficult\u00e9s afin que les enfants puissent se concentrer, se ma\u00eetriser et s\u2019\u00e9panouir.<\/p>\n<p><a href=\"https:\/\/teiaeducation.ch\/fr\/categorie-produit\/marques\/nienhuis-montessori-materiel-fr\/\">Nienhuis Montessori<\/a> est l\u2019une des marques de la soci\u00e9t\u00e9 n\u00e9erlandaise Heutink International, qui propose les meilleures marques \u00e9ducatives mondiales, sp\u00e9cialis\u00e9s\u00a0dans l\u2019apprentissage par le jeu.<\/p>\n<p>Ce mat\u00e9riel <span class=\"tlid-translation translation\" lang=\"fr\"><span class=\"\" title=\"\"><span title=\"\"><a href=\"https:\/\/teiaeducation.ch\/fr\/categorie-produit\/methode-deducation\/montessori-fr\/\">Montessori<\/a><\/span><\/span><\/span> convient aux enfants de 3 ans et plus.<\/p>\n<p>Contenu :<\/p>\n<p>1 bloc de 500 feuilles de papier (14 x 14 cm)<\/p>\n","protected":false},"excerpt":{"rendered":"<p>Num\u00e9ro d&#8217;article: 706000<\/p>\n<p>Papier de 14 x 14cm utilis\u00e9 pour tracer les\u00a0formes \u00e0 dessins (inserts m\u00e9talliques) de Nienhuis Montessori avec les crayons triangulaires<\/p>\n","protected":false},"featured_media":14142,"comment_status":"closed","ping_status":"closed","template":"","meta":[],"product_brand":[],"product_cat":[215,216,285,606,20278,635,283,8526,273,13127,277,8567,7595,1218,207,217,13153,13154,297,209,292,212],"product_tag":[6444,6443,768,820,803,767,1230],"class_list":{"0":"post-23004","1":"product","2":"type-product","3":"status-publish","4":"has-post-thumbnail","6":"product_cat-3-6-ans","7":"product_cat-6-12-ans","8":"product_cat-alphabetisation-langage","9":"product_cat-apprendre-a-ecrire","10":"product_cat-bricolage-en-papier","11":"product_cat-competences-motrices","12":"product_cat-domaines-du-curriculum","13":"product_cat-fournitures-scolaires-a-domicile","14":"product_cat-langage-nienhuis-montessori","15":"product_cat-creativite-beaux-arts-et-bricolage","16":"product_cat-materiel-indispensable","17":"product_cat-materiel-scolaire-montessori","18":"product_cat-methode-deducation","19":"product_cat-montessori-fr","20":"product_cat-nienhuis-montessori-materiel-fr","21":"product_cat-marques","22":"product_cat-pack-classe-3-6-ans","23":"product_cat-pack-classe-6-12-ans","24":"product_cat-papier-livrets","25":"product_cat-sensorielles-motrices","26":"product_cat-appui-au-curriculum","27":"product_cat-tranche-dage","28":"product_tag-ecrire","29":"product_tag-langage","30":"product_tag-materiel-montessori-suisse","31":"product_tag-montessori-langage","32":"product_tag-nienhuis-montessori-fr","33":"product_tag-nienhuis-montessori-suisse-fr-2","34":"product_tag-petite-enfance-3-6","36":"first","37":"instock","38":"sold-individually","39":"taxable","40":"shipping-taxable","41":"purchasable","42":"product-type-simple"},"yoast_head":"<!-- This site is optimized with the Yoast SEO plugin v27.1.1 - https:\/\/yoast.com\/product\/yoast-seo-wordpress\/ -->\n<title>Papier pour formes \u00e0 dessin 14 x 14cm - Nienhuis Montessori<\/title>\n<meta name=\"description\" content=\"Papier de 14 x 14cm utilis\u00e9 pour tracer les\u00a0formes \u00e0 dessins (inserts m\u00e9talliques) de Nienhuis Montessori avec les crayons triangulaires\" \/>\n<meta name=\"robots\" content=\"index, follow, max-snippet:-1, max-image-preview:large, max-video-preview:-1\" \/>\n<link rel=\"canonical\" href=\"https:\/\/teiaeducation.ch\/fr\/produit\/papier-pour-formes-a-dessins-14-x-14-cm-500-nienhuis-montessori\/\" \/>\n<meta property=\"og:locale\" content=\"fr_FR\" \/>\n<meta property=\"og:type\" content=\"article\" \/>\n<meta property=\"og:title\" content=\"Papier pour formes \u00e0 dessin 14 x 14cm - Nienhuis Montessori\" \/>\n<meta property=\"og:description\" content=\"Papier de 14 x 14cm utilis\u00e9 pour tracer les\u00a0formes \u00e0 dessins (inserts m\u00e9talliques) de Nienhuis Montessori avec les crayons triangulaires\" \/>\n<meta property=\"og:url\" content=\"https:\/\/teiaeducation.ch\/fr\/produit\/papier-pour-formes-a-dessins-14-x-14-cm-500-nienhuis-montessori\/\" \/>\n<meta property=\"og:site_name\" content=\"Sustainable Educational Products &amp; Ecological Toys\u00a0\" \/>\n<meta property=\"article:publisher\" content=\"https:\/\/www.facebook.com\/teiaeducation\/\" \/>\n<meta property=\"article:modified_time\" content=\"2024-10-11T09:08:22+00:00\" \/>\n<meta property=\"og:image\" content=\"https:\/\/teiaeducation.ch\/wp-content\/uploads\/2019\/05\/400_706000_main_or_1-scaled-scaled.jpg\" \/>\n\t<meta property=\"og:image:width\" content=\"2048\" \/>\n\t<meta property=\"og:image:height\" content=\"2048\" \/>\n\t<meta property=\"og:image:type\" content=\"image\/jpeg\" \/>\n<script type=\"application\/ld+json\" class=\"yoast-schema-graph\">{\"@context\":\"https:\/\/schema.org\",\"@graph\":[{\"@type\":\"WebPage\",\"@id\":\"https:\/\/teiaeducation.ch\/fr\/produit\/papier-pour-formes-a-dessins-14-x-14-cm-500-nienhuis-montessori\/\",\"url\":\"https:\/\/teiaeducation.ch\/fr\/produit\/papier-pour-formes-a-dessins-14-x-14-cm-500-nienhuis-montessori\/\",\"name\":\"Papier pour formes \u00e0 dessin 14 x 14cm - Nienhuis Montessori\",\"isPartOf\":{\"@id\":\"https:\/\/teiaeducation.ch\/fr\/#website\"},\"primaryImageOfPage\":{\"@id\":\"https:\/\/teiaeducation.ch\/fr\/produit\/papier-pour-formes-a-dessins-14-x-14-cm-500-nienhuis-montessori\/#primaryimage\"},\"image\":{\"@id\":\"https:\/\/teiaeducation.ch\/fr\/produit\/papier-pour-formes-a-dessins-14-x-14-cm-500-nienhuis-montessori\/#primaryimage\"},\"thumbnailUrl\":\"https:\/\/teiaeducation.ch\/wp-content\/uploads\/2019\/05\/400_706000_main_or_1-scaled-scaled.jpg\",\"datePublished\":\"2021-01-17T19:23:59+00:00\",\"dateModified\":\"2024-10-11T09:08:22+00:00\",\"description\":\"Papier de 14 x 14cm utilis\u00e9 pour tracer les\u00a0formes \u00e0 dessins (inserts m\u00e9talliques) de Nienhuis Montessori avec les crayons triangulaires\",\"breadcrumb\":{\"@id\":\"https:\/\/teiaeducation.ch\/fr\/produit\/papier-pour-formes-a-dessins-14-x-14-cm-500-nienhuis-montessori\/#breadcrumb\"},\"inLanguage\":\"fr-FR\",\"potentialAction\":[{\"@type\":\"ReadAction\",\"target\":[\"https:\/\/teiaeducation.ch\/fr\/produit\/papier-pour-formes-a-dessins-14-x-14-cm-500-nienhuis-montessori\/\"]}]},{\"@type\":\"ImageObject\",\"inLanguage\":\"fr-FR\",\"@id\":\"https:\/\/teiaeducation.ch\/fr\/produit\/papier-pour-formes-a-dessins-14-x-14-cm-500-nienhuis-montessori\/#primaryimage\",\"url\":\"https:\/\/teiaeducation.ch\/wp-content\/uploads\/2019\/05\/400_706000_main_or_1-scaled-scaled.jpg\",\"contentUrl\":\"https:\/\/teiaeducation.ch\/wp-content\/uploads\/2019\/05\/400_706000_main_or_1-scaled-scaled.jpg\",\"width\":2048,\"height\":2048,\"caption\":\"Papier pour formes \u00e0 dessin 14 x 14 cm (500) - Nienhuis Montessori\"},{\"@type\":\"BreadcrumbList\",\"@id\":\"https:\/\/teiaeducation.ch\/fr\/produit\/papier-pour-formes-a-dessins-14-x-14-cm-500-nienhuis-montessori\/#breadcrumb\",\"itemListElement\":[{\"@type\":\"ListItem\",\"position\":1,\"name\":\"Home\",\"item\":\"https:\/\/teiaeducation.ch\/fr\/\"},{\"@type\":\"ListItem\",\"position\":2,\"name\":\"Boutique Teia Education &amp; Play\",\"item\":\"https:\/\/teiaeducation.ch\/fr\/boutique\/\"},{\"@type\":\"ListItem\",\"position\":3,\"name\":\"Nos Marques\",\"item\":\"https:\/\/teiaeducation.ch\/fr\/categorie-produit\/marques\/\"},{\"@type\":\"ListItem\",\"position\":4,\"name\":\"Nienhuis Montessori Suisse\",\"item\":\"https:\/\/teiaeducation.ch\/fr\/categorie-produit\/marques\/nienhuis-montessori-materiel-fr\/\"},{\"@type\":\"ListItem\",\"position\":5,\"name\":\"Langage\",\"item\":\"https:\/\/teiaeducation.ch\/fr\/categorie-produit\/marques\/nienhuis-montessori-materiel-fr\/langage-nienhuis-montessori\/\"},{\"@type\":\"ListItem\",\"position\":6,\"name\":\"Papier pour formes \u00e0 dessins 14 x 14cm (500) &#8211; Nienhuis Montessori\"}]},{\"@type\":\"WebSite\",\"@id\":\"https:\/\/teiaeducation.ch\/fr\/#website\",\"url\":\"https:\/\/teiaeducation.ch\/fr\/\",\"name\":\"Sustainable Educational Products &amp; Ecological Toys\u00a0\",\"description\":\"Specialised Swiss shop selling sustainable educational toys and games, AMI certified Montessori materials, handmade ecological wooden Waldorf toys and arts &amp; crafts supplies, school supplies, children&#039;s furniture and Montessori reference and parenting books.\",\"publisher\":{\"@id\":\"https:\/\/teiaeducation.ch\/fr\/#organization\"},\"alternateName\":\"Teia Education & Play\",\"potentialAction\":[{\"@type\":\"SearchAction\",\"target\":{\"@type\":\"EntryPoint\",\"urlTemplate\":\"https:\/\/teiaeducation.ch\/fr\/?s={search_term_string}\"},\"query-input\":{\"@type\":\"PropertyValueSpecification\",\"valueRequired\":true,\"valueName\":\"search_term_string\"}}],\"inLanguage\":\"fr-FR\"},{\"@type\":\"Organization\",\"@id\":\"https:\/\/teiaeducation.ch\/fr\/#organization\",\"name\":\"Teia Education & Play\",\"url\":\"https:\/\/teiaeducation.ch\/fr\/\",\"logo\":{\"@type\":\"ImageObject\",\"inLanguage\":\"fr-FR\",\"@id\":\"https:\/\/teiaeducation.ch\/fr\/#\/schema\/logo\/image\/\",\"url\":\"https:\/\/teiaeducation.ch\/wp-content\/uploads\/2020\/11\/Teia-Education-Switzerland-e1620156442216.jpg\",\"contentUrl\":\"https:\/\/teiaeducation.ch\/wp-content\/uploads\/2020\/11\/Teia-Education-Switzerland-e1620156442216.jpg\",\"width\":166,\"height\":145,\"caption\":\"Teia Education & Play\"},\"image\":{\"@id\":\"https:\/\/teiaeducation.ch\/fr\/#\/schema\/logo\/image\/\"},\"sameAs\":[\"https:\/\/www.facebook.com\/teiaeducation\/\",\"https:\/\/x.com\/EducationTeia\",\"https:\/\/www.instagram.com\/teia.education\/\",\"https:\/\/www.linkedin.com\/company\/35501660\",\"https:\/\/www.pinterest.ch\/TeiaEducation\/\"]}]}<\/script>\n<!-- \/ Yoast SEO plugin. -->","yoast_head_json":{"title":"Papier pour formes \u00e0 dessin 14 x 14cm - Nienhuis Montessori","description":"Papier de 14 x 14cm utilis\u00e9 pour tracer les\u00a0formes \u00e0 dessins (inserts m\u00e9talliques) de Nienhuis Montessori avec les crayons triangulaires","robots":{"index":"index","follow":"follow","max-snippet":"max-snippet:-1","max-image-preview":"max-image-preview:large","max-video-preview":"max-video-preview:-1"},"canonical":"https:\/\/teiaeducation.ch\/fr\/produit\/papier-pour-formes-a-dessins-14-x-14-cm-500-nienhuis-montessori\/","og_locale":"fr_FR","og_type":"article","og_title":"Papier pour formes \u00e0 dessin 14 x 14cm - Nienhuis Montessori","og_description":"Papier de 14 x 14cm utilis\u00e9 pour tracer les\u00a0formes \u00e0 dessins (inserts m\u00e9talliques) de Nienhuis Montessori avec les crayons triangulaires","og_url":"https:\/\/teiaeducation.ch\/fr\/produit\/papier-pour-formes-a-dessins-14-x-14-cm-500-nienhuis-montessori\/","og_site_name":"Sustainable Educational Products &amp; Ecological Toys\u00a0","article_publisher":"https:\/\/www.facebook.com\/teiaeducation\/","article_modified_time":"2024-10-11T09:08:22+00:00","og_image":[{"width":2048,"height":2048,"url":"https:\/\/teiaeducation.ch\/wp-content\/uploads\/2019\/05\/400_706000_main_or_1-scaled-scaled.jpg","type":"image\/jpeg"}],"schema":{"@context":"https:\/\/schema.org","@graph":[{"@type":"WebPage","@id":"https:\/\/teiaeducation.ch\/fr\/produit\/papier-pour-formes-a-dessins-14-x-14-cm-500-nienhuis-montessori\/","url":"https:\/\/teiaeducation.ch\/fr\/produit\/papier-pour-formes-a-dessins-14-x-14-cm-500-nienhuis-montessori\/","name":"Papier pour formes \u00e0 dessin 14 x 14cm - Nienhuis Montessori","isPartOf":{"@id":"https:\/\/teiaeducation.ch\/fr\/#website"},"primaryImageOfPage":{"@id":"https:\/\/teiaeducation.ch\/fr\/produit\/papier-pour-formes-a-dessins-14-x-14-cm-500-nienhuis-montessori\/#primaryimage"},"image":{"@id":"https:\/\/teiaeducation.ch\/fr\/produit\/papier-pour-formes-a-dessins-14-x-14-cm-500-nienhuis-montessori\/#primaryimage"},"thumbnailUrl":"https:\/\/teiaeducation.ch\/wp-content\/uploads\/2019\/05\/400_706000_main_or_1-scaled-scaled.jpg","datePublished":"2021-01-17T19:23:59+00:00","dateModified":"2024-10-11T09:08:22+00:00","description":"Papier de 14 x 14cm utilis\u00e9 pour tracer les\u00a0formes \u00e0 dessins (inserts m\u00e9talliques) de Nienhuis Montessori avec les crayons triangulaires","breadcrumb":{"@id":"https:\/\/teiaeducation.ch\/fr\/produit\/papier-pour-formes-a-dessins-14-x-14-cm-500-nienhuis-montessori\/#breadcrumb"},"inLanguage":"fr-FR","potentialAction":[{"@type":"ReadAction","target":["https:\/\/teiaeducation.ch\/fr\/produit\/papier-pour-formes-a-dessins-14-x-14-cm-500-nienhuis-montessori\/"]}]},{"@type":"ImageObject","inLanguage":"fr-FR","@id":"https:\/\/teiaeducation.ch\/fr\/produit\/papier-pour-formes-a-dessins-14-x-14-cm-500-nienhuis-montessori\/#primaryimage","url":"https:\/\/teiaeducation.ch\/wp-content\/uploads\/2019\/05\/400_706000_main_or_1-scaled-scaled.jpg","contentUrl":"https:\/\/teiaeducation.ch\/wp-content\/uploads\/2019\/05\/400_706000_main_or_1-scaled-scaled.jpg","width":2048,"height":2048,"caption":"Papier pour formes \u00e0 dessin 14 x 14 cm (500) - Nienhuis Montessori"},{"@type":"BreadcrumbList","@id":"https:\/\/teiaeducation.ch\/fr\/produit\/papier-pour-formes-a-dessins-14-x-14-cm-500-nienhuis-montessori\/#breadcrumb","itemListElement":[{"@type":"ListItem","position":1,"name":"Home","item":"https:\/\/teiaeducation.ch\/fr\/"},{"@type":"ListItem","position":2,"name":"Boutique Teia Education &amp; Play","item":"https:\/\/teiaeducation.ch\/fr\/boutique\/"},{"@type":"ListItem","position":3,"name":"Nos Marques","item":"https:\/\/teiaeducation.ch\/fr\/categorie-produit\/marques\/"},{"@type":"ListItem","position":4,"name":"Nienhuis Montessori Suisse","item":"https:\/\/teiaeducation.ch\/fr\/categorie-produit\/marques\/nienhuis-montessori-materiel-fr\/"},{"@type":"ListItem","position":5,"name":"Langage","item":"https:\/\/teiaeducation.ch\/fr\/categorie-produit\/marques\/nienhuis-montessori-materiel-fr\/langage-nienhuis-montessori\/"},{"@type":"ListItem","position":6,"name":"Papier pour formes \u00e0 dessins 14 x 14cm (500) &#8211; Nienhuis Montessori"}]},{"@type":"WebSite","@id":"https:\/\/teiaeducation.ch\/fr\/#website","url":"https:\/\/teiaeducation.ch\/fr\/","name":"Sustainable Educational Products &amp; Ecological Toys\u00a0","description":"Specialised Swiss shop selling sustainable educational toys and games, AMI certified Montessori materials, handmade ecological wooden Waldorf toys and arts &amp; crafts supplies, school supplies, children&#039;s furniture and Montessori reference and parenting books.","publisher":{"@id":"https:\/\/teiaeducation.ch\/fr\/#organization"},"alternateName":"Teia Education & Play","potentialAction":[{"@type":"SearchAction","target":{"@type":"EntryPoint","urlTemplate":"https:\/\/teiaeducation.ch\/fr\/?s={search_term_string}"},"query-input":{"@type":"PropertyValueSpecification","valueRequired":true,"valueName":"search_term_string"}}],"inLanguage":"fr-FR"},{"@type":"Organization","@id":"https:\/\/teiaeducation.ch\/fr\/#organization","name":"Teia Education & Play","url":"https:\/\/teiaeducation.ch\/fr\/","logo":{"@type":"ImageObject","inLanguage":"fr-FR","@id":"https:\/\/teiaeducation.ch\/fr\/#\/schema\/logo\/image\/","url":"https:\/\/teiaeducation.ch\/wp-content\/uploads\/2020\/11\/Teia-Education-Switzerland-e1620156442216.jpg","contentUrl":"https:\/\/teiaeducation.ch\/wp-content\/uploads\/2020\/11\/Teia-Education-Switzerland-e1620156442216.jpg","width":166,"height":145,"caption":"Teia Education & Play"},"image":{"@id":"https:\/\/teiaeducation.ch\/fr\/#\/schema\/logo\/image\/"},"sameAs":["https:\/\/www.facebook.com\/teiaeducation\/","https:\/\/x.com\/EducationTeia","https:\/\/www.instagram.com\/teia.education\/","https:\/\/www.linkedin.com\/company\/35501660","https:\/\/www.pinterest.ch\/TeiaEducation\/"]}]}},"_links":{"self":[{"href":"https:\/\/teiaeducation.ch\/fr\/wp-json\/wp\/v2\/product\/23004","targetHints":{"allow":["GET"]}}],"collection":[{"href":"https:\/\/teiaeducation.ch\/fr\/wp-json\/wp\/v2\/product"}],"about":[{"href":"https:\/\/teiaeducation.ch\/fr\/wp-json\/wp\/v2\/types\/product"}],"replies":[{"embeddable":true,"href":"https:\/\/teiaeducation.ch\/fr\/wp-json\/wp\/v2\/comments?post=23004"}],"wp:featuredmedia":[{"embeddable":true,"href":"https:\/\/teiaeducation.ch\/fr\/wp-json\/wp\/v2\/media\/14142"}],"wp:attachment":[{"href":"https:\/\/teiaeducation.ch\/fr\/wp-json\/wp\/v2\/media?parent=23004"}],"wp:term":[{"taxonomy":"product_brand","embeddable":true,"href":"https:\/\/teiaeducation.ch\/fr\/wp-json\/wp\/v2\/product_brand?post=23004"},{"taxonomy":"product_cat","embeddable":true,"href":"https:\/\/teiaeducation.ch\/fr\/wp-json\/wp\/v2\/product_cat?post=23004"},{"taxonomy":"product_tag","embeddable":true,"href":"https:\/\/teiaeducation.ch\/fr\/wp-json\/wp\/v2\/product_tag?post=23004"}],"curies":[{"name":"wp","href":"https:\/\/api.w.org\/{rel}","templated":true}]}}