{"id":23043,"date":"2018-12-01T20:49:50","date_gmt":"2018-12-01T19:49:50","guid":{"rendered":"https:\/\/teiaeducation.ch\/product\/1er-cylindre-du-bloc-n1-nienhuis-montessori\/"},"modified":"2022-12-09T20:57:32","modified_gmt":"2022-12-09T19:57:32","slug":"piece-detachee-1er-cylindre-du-bloc-n1-nienhuis-montessori","status":"publish","type":"product","link":"https:\/\/teiaeducation.ch\/fr\/produit\/piece-detachee-1er-cylindre-du-bloc-n1-nienhuis-montessori\/","title":{"rendered":"Pi\u00e8ce d\u00e9tach\u00e9e: 1er cylindre du bloc N\u00b01 &#8211; Nienhuis Montessori"},"content":{"rendered":"<p>La 1er cylindre est une pi\u00e8ce d\u00e9tach\u00e9e pour le <a href=\"https:\/\/teiaeducation.ch\/fr\/produit\/bloc-des-cylindres-no-1-nienhuis-montessori\/\">bloc-cylindres<\/a> Nienhuis Montessori n\u00b0. 1.<\/p>\n<p>Les blocs-cylindres de Nienhuis Montessori pourraient \u00eatre la premi\u00e8re rencontre avec le <span class=\"tlid-translation translation\" lang=\"fr\"><span class=\"\" title=\"\"><a href=\"https:\/\/teiaeducation.ch\/fr\/categorie-produit\/marques\/nienhuis-montessori-materiel-fr\/sensoriel\/\">mat\u00e9riel sensoriel<\/a><\/span><\/span>, ce qui s\u00e9duirait le jeune enfant. Au total, quatre blocs-cylindres composent la s\u00e9rie et chaque bloc en bois de h\u00eatre massif contient dix cylindres de tailles diff\u00e9rentes avec des boutons. Les blocs-cylindres initient les enfants \u00e0 la premi\u00e8re \u00e9tape de la discrimination visuelle de la <a href=\"https:\/\/teiaeducation.ch\/fr\/categorie-produit\/domaines-du-curriculum\/mathematiques-calcul\/taille\/\">taille<\/a>.<\/p>\n<p>La marque n\u00e9erlandaise Nienhuis Montessori est la marque leader mondiale Montessori, qui honore et perp\u00e9tue l\u2019h\u00e9ritage de Maria Montessori et fabrique la gamme la plus vaste et la plus innovante du <a href=\"https:\/\/teiaeducation.ch\/fr\/categorie-produit\/domaines-du-curriculum\/\">mat\u00e9riel \u00e9ducatif<\/a> Montessori. Tout les mat\u00e9riaux et <a href=\"https:\/\/teiaeducation.ch\/fr\/categorie-produit\/materiel-indispensable\/meubles-montessori\/\">meubles<\/a> de Nienhuis Montessori sont certifi\u00e9s par le comit\u00e9 des mat\u00e9riaux de l\u2019Association Montessori Internationale (<a href=\"https:\/\/montessori-ami.org\/\">AMI<\/a>) et sont m\u00e9ticuleusement con\u00e7us pour isoler les difficult\u00e9s afin que les enfants puissent se concentrer, se ma\u00eetriser et s\u2019\u00e9panouir.<\/p>\n<p><a href=\"https:\/\/teiaeducation.ch\/fr\/categorie-produit\/marques\/nienhuis-montessori-materiel-fr\/\">Nienhuis Montessori<\/a> est l\u2019une des marques de la soci\u00e9t\u00e9 n\u00e9erlandaise Heutink International, qui propose les meilleures marques \u00e9ducatives mondiales, sp\u00e9cialis\u00e9s\u00a0dans l\u2019apprentissage par le jeu.<\/p>\n<p>Ce mat\u00e9riel <span class=\"tlid-translation translation\" lang=\"fr\"><span class=\"\" title=\"\"><a href=\"https:\/\/teiaeducation.ch\/fr\/categorie-produit\/methode-deducation\/montessori-fr\/\">Montessori<\/a><\/span><\/span>\u00a0convient aux enfants de 3 ans et plus.<\/p>\n<p>Contenu :<\/p>\n<p>1 cylindre 1 du bloc n\u00b0. 1<\/p>\n<p><em><span class=\"tlid-translation translation\" lang=\"fr\"><span title=\"\">Nous n'avons actuellement pas cet article en stock, mais il est disponible en pr\u00e9-commande.<\/span> <span class=\"\" title=\"\">Nous commanderons cet article pour vous aupr\u00e8s de notre fournisseur.<\/span> <span class=\"\" title=\"\">Veuillez allouer de 2 \u00e0 3 semaines maximum pour la livraison.<\/span><\/span><\/em><\/p>\n\t<div id=\"gap-826629231\" class=\"gap-element clearfix\" style=\"display:block; height:auto;\">\n\t\t\n<style>\n#gap-826629231 {\n  padding-top: 20px;\n}\n<\/style>\n\t<\/div>\n\t\n","protected":false},"excerpt":{"rendered":"<p>Num\u00e9ro d&#8217;article: 00190001<\/p>\n<p>La 1er cylindre est une pi\u00e8ce d\u00e9tach\u00e9e pour le bloc-cylindres Nienhuis Montessori n\u00b0. 1, et est la premi\u00e8re rencontre avec le mat\u00e9riel sensoriel.<\/p>\n","protected":false},"featured_media":14682,"comment_status":"closed","ping_status":"closed","template":"","meta":[],"product_brand":[],"product_cat":[635,283,288,1218,207,217,301,276,209,623],"product_tag":[768,803,7664,767,1230,1233,1232,1231,1229],"class_list":{"0":"post-23043","1":"product","2":"type-product","3":"status-publish","4":"has-post-thumbnail","6":"product_cat-competences-motrices","7":"product_cat-domaines-du-curriculum","8":"product_cat-mathematiques-calcul","9":"product_cat-montessori-fr","10":"product_cat-nienhuis-montessori-materiel-fr","11":"product_cat-marques","12":"product_cat-pieces-detachees-fr","13":"product_cat-sensoriel","14":"product_cat-sensorielles-motrices","15":"product_cat-serialisation","16":"product_tag-materiel-montessori-suisse","17":"product_tag-nienhuis-montessori-fr","18":"product_tag-nienhuis-montessori-cylinder-block-no-1-fr","19":"product_tag-nienhuis-montessori-suisse-fr-2","20":"product_tag-petite-enfance-3-6","21":"product_tag-pieces-detachees-nienhuis-fr","22":"product_tag-pieces-detachees-nienhuis-montessori","23":"product_tag-sens-visuel","24":"product_tag-sensoriel","26":"first","27":"onbackorder","28":"taxable","29":"shipping-taxable","30":"purchasable","31":"product-type-simple"},"yoast_head":"<!-- This site is optimized with the Yoast SEO plugin v27.1.1 - https:\/\/yoast.com\/product\/yoast-seo-wordpress\/ -->\n<title>Pi\u00e8ce d\u00e9tach\u00e9e: 1er cylindre du bloc N\u00b01 - Nienhuis Montessori<\/title>\n<meta name=\"description\" content=\"La 1er cylindre est une pi\u00e8ce d\u00e9tach\u00e9e pour le bloc-cylindres Nienhuis Montessori n\u00b0. 1, et est la premi\u00e8re rencontre avec le mat\u00e9riel sensoriel.\" \/>\n<meta name=\"robots\" content=\"index, follow, max-snippet:-1, max-image-preview:large, max-video-preview:-1\" \/>\n<link rel=\"canonical\" href=\"https:\/\/teiaeducation.ch\/fr\/produit\/piece-detachee-1er-cylindre-du-bloc-n1-nienhuis-montessori\/\" \/>\n<meta property=\"og:locale\" content=\"fr_FR\" \/>\n<meta property=\"og:type\" content=\"article\" \/>\n<meta property=\"og:title\" content=\"Pi\u00e8ce d\u00e9tach\u00e9e: 1er cylindre du bloc N\u00b01 - Nienhuis Montessori\" \/>\n<meta property=\"og:description\" content=\"La 1er cylindre est une pi\u00e8ce d\u00e9tach\u00e9e pour le bloc-cylindres Nienhuis Montessori n\u00b0. 1, et est la premi\u00e8re rencontre avec le mat\u00e9riel sensoriel.\" \/>\n<meta property=\"og:url\" content=\"https:\/\/teiaeducation.ch\/fr\/produit\/piece-detachee-1er-cylindre-du-bloc-n1-nienhuis-montessori\/\" \/>\n<meta property=\"og:site_name\" content=\"Sustainable Educational Products &amp; Ecological Toys\u00a0\" \/>\n<meta property=\"article:publisher\" content=\"https:\/\/www.facebook.com\/teiaeducation\/\" \/>\n<meta property=\"article:modified_time\" content=\"2022-12-09T19:57:32+00:00\" \/>\n<meta property=\"og:image\" content=\"https:\/\/teiaeducation.ch\/wp-content\/uploads\/2019\/05\/400_00190001_main_or_1-scaled-scaled.jpg\" \/>\n\t<meta property=\"og:image:width\" content=\"2048\" \/>\n\t<meta property=\"og:image:height\" content=\"2048\" \/>\n\t<meta property=\"og:image:type\" content=\"image\/jpeg\" \/>\n<script type=\"application\/ld+json\" class=\"yoast-schema-graph\">{\"@context\":\"https:\/\/schema.org\",\"@graph\":[{\"@type\":\"WebPage\",\"@id\":\"https:\/\/teiaeducation.ch\/fr\/produit\/piece-detachee-1er-cylindre-du-bloc-n1-nienhuis-montessori\/\",\"url\":\"https:\/\/teiaeducation.ch\/fr\/produit\/piece-detachee-1er-cylindre-du-bloc-n1-nienhuis-montessori\/\",\"name\":\"Pi\u00e8ce d\u00e9tach\u00e9e: 1er cylindre du bloc N\u00b01 - Nienhuis Montessori\",\"isPartOf\":{\"@id\":\"https:\/\/teiaeducation.ch\/fr\/#website\"},\"primaryImageOfPage\":{\"@id\":\"https:\/\/teiaeducation.ch\/fr\/produit\/piece-detachee-1er-cylindre-du-bloc-n1-nienhuis-montessori\/#primaryimage\"},\"image\":{\"@id\":\"https:\/\/teiaeducation.ch\/fr\/produit\/piece-detachee-1er-cylindre-du-bloc-n1-nienhuis-montessori\/#primaryimage\"},\"thumbnailUrl\":\"https:\/\/teiaeducation.ch\/wp-content\/uploads\/2019\/05\/400_00190001_main_or_1-scaled-scaled.jpg\",\"datePublished\":\"2018-12-01T19:49:50+00:00\",\"dateModified\":\"2022-12-09T19:57:32+00:00\",\"description\":\"La 1er cylindre est une pi\u00e8ce d\u00e9tach\u00e9e pour le bloc-cylindres Nienhuis Montessori n\u00b0. 1, et est la premi\u00e8re rencontre avec le mat\u00e9riel sensoriel.\",\"breadcrumb\":{\"@id\":\"https:\/\/teiaeducation.ch\/fr\/produit\/piece-detachee-1er-cylindre-du-bloc-n1-nienhuis-montessori\/#breadcrumb\"},\"inLanguage\":\"fr-FR\",\"potentialAction\":[{\"@type\":\"ReadAction\",\"target\":[\"https:\/\/teiaeducation.ch\/fr\/produit\/piece-detachee-1er-cylindre-du-bloc-n1-nienhuis-montessori\/\"]}]},{\"@type\":\"ImageObject\",\"inLanguage\":\"fr-FR\",\"@id\":\"https:\/\/teiaeducation.ch\/fr\/produit\/piece-detachee-1er-cylindre-du-bloc-n1-nienhuis-montessori\/#primaryimage\",\"url\":\"https:\/\/teiaeducation.ch\/wp-content\/uploads\/2019\/05\/400_00190001_main_or_1-scaled-scaled.jpg\",\"contentUrl\":\"https:\/\/teiaeducation.ch\/wp-content\/uploads\/2019\/05\/400_00190001_main_or_1-scaled-scaled.jpg\",\"width\":2048,\"height\":2048,\"caption\":\"1er cylindre du bloc N\u00b01 - Nienhuis Montessori\"},{\"@type\":\"BreadcrumbList\",\"@id\":\"https:\/\/teiaeducation.ch\/fr\/produit\/piece-detachee-1er-cylindre-du-bloc-n1-nienhuis-montessori\/#breadcrumb\",\"itemListElement\":[{\"@type\":\"ListItem\",\"position\":1,\"name\":\"Home\",\"item\":\"https:\/\/teiaeducation.ch\/fr\/\"},{\"@type\":\"ListItem\",\"position\":2,\"name\":\"Boutique Teia Education &amp; Play\",\"item\":\"https:\/\/teiaeducation.ch\/fr\/boutique\/\"},{\"@type\":\"ListItem\",\"position\":3,\"name\":\"Supports P\u00e9dagogiques\",\"item\":\"https:\/\/teiaeducation.ch\/fr\/categorie-produit\/appui-au-curriculum\/\"},{\"@type\":\"ListItem\",\"position\":4,\"name\":\"Pi\u00e8ces D\u00e9tach\u00e9es\",\"item\":\"https:\/\/teiaeducation.ch\/fr\/categorie-produit\/appui-au-curriculum\/pieces-detachees-fr\/\"},{\"@type\":\"ListItem\",\"position\":5,\"name\":\"Pi\u00e8ce d\u00e9tach\u00e9e: 1er cylindre du bloc N\u00b01 &#8211; Nienhuis Montessori\"}]},{\"@type\":\"WebSite\",\"@id\":\"https:\/\/teiaeducation.ch\/fr\/#website\",\"url\":\"https:\/\/teiaeducation.ch\/fr\/\",\"name\":\"Sustainable Educational Products &amp; Ecological Toys\u00a0\",\"description\":\"Specialised Swiss shop selling sustainable educational toys and games, AMI certified Montessori materials, handmade ecological wooden Waldorf toys and arts &amp; crafts supplies, school supplies, children&#039;s furniture and Montessori reference and parenting books.\",\"publisher\":{\"@id\":\"https:\/\/teiaeducation.ch\/fr\/#organization\"},\"alternateName\":\"Teia Education & Play\",\"potentialAction\":[{\"@type\":\"SearchAction\",\"target\":{\"@type\":\"EntryPoint\",\"urlTemplate\":\"https:\/\/teiaeducation.ch\/fr\/?s={search_term_string}\"},\"query-input\":{\"@type\":\"PropertyValueSpecification\",\"valueRequired\":true,\"valueName\":\"search_term_string\"}}],\"inLanguage\":\"fr-FR\"},{\"@type\":\"Organization\",\"@id\":\"https:\/\/teiaeducation.ch\/fr\/#organization\",\"name\":\"Teia Education & Play\",\"url\":\"https:\/\/teiaeducation.ch\/fr\/\",\"logo\":{\"@type\":\"ImageObject\",\"inLanguage\":\"fr-FR\",\"@id\":\"https:\/\/teiaeducation.ch\/fr\/#\/schema\/logo\/image\/\",\"url\":\"https:\/\/teiaeducation.ch\/wp-content\/uploads\/2020\/11\/Teia-Education-Switzerland-e1620156442216.jpg\",\"contentUrl\":\"https:\/\/teiaeducation.ch\/wp-content\/uploads\/2020\/11\/Teia-Education-Switzerland-e1620156442216.jpg\",\"width\":166,\"height\":145,\"caption\":\"Teia Education & Play\"},\"image\":{\"@id\":\"https:\/\/teiaeducation.ch\/fr\/#\/schema\/logo\/image\/\"},\"sameAs\":[\"https:\/\/www.facebook.com\/teiaeducation\/\",\"https:\/\/x.com\/EducationTeia\",\"https:\/\/www.instagram.com\/teia.education\/\",\"https:\/\/www.linkedin.com\/company\/35501660\",\"https:\/\/www.pinterest.ch\/TeiaEducation\/\"]}]}<\/script>\n<!-- \/ Yoast SEO plugin. -->","yoast_head_json":{"title":"Pi\u00e8ce d\u00e9tach\u00e9e: 1er cylindre du bloc N\u00b01 - Nienhuis Montessori","description":"La 1er cylindre est une pi\u00e8ce d\u00e9tach\u00e9e pour le bloc-cylindres Nienhuis Montessori n\u00b0. 1, et est la premi\u00e8re rencontre avec le mat\u00e9riel sensoriel.","robots":{"index":"index","follow":"follow","max-snippet":"max-snippet:-1","max-image-preview":"max-image-preview:large","max-video-preview":"max-video-preview:-1"},"canonical":"https:\/\/teiaeducation.ch\/fr\/produit\/piece-detachee-1er-cylindre-du-bloc-n1-nienhuis-montessori\/","og_locale":"fr_FR","og_type":"article","og_title":"Pi\u00e8ce d\u00e9tach\u00e9e: 1er cylindre du bloc N\u00b01 - Nienhuis Montessori","og_description":"La 1er cylindre est une pi\u00e8ce d\u00e9tach\u00e9e pour le bloc-cylindres Nienhuis Montessori n\u00b0. 1, et est la premi\u00e8re rencontre avec le mat\u00e9riel sensoriel.","og_url":"https:\/\/teiaeducation.ch\/fr\/produit\/piece-detachee-1er-cylindre-du-bloc-n1-nienhuis-montessori\/","og_site_name":"Sustainable Educational Products &amp; Ecological Toys\u00a0","article_publisher":"https:\/\/www.facebook.com\/teiaeducation\/","article_modified_time":"2022-12-09T19:57:32+00:00","og_image":[{"width":2048,"height":2048,"url":"https:\/\/teiaeducation.ch\/wp-content\/uploads\/2019\/05\/400_00190001_main_or_1-scaled-scaled.jpg","type":"image\/jpeg"}],"schema":{"@context":"https:\/\/schema.org","@graph":[{"@type":"WebPage","@id":"https:\/\/teiaeducation.ch\/fr\/produit\/piece-detachee-1er-cylindre-du-bloc-n1-nienhuis-montessori\/","url":"https:\/\/teiaeducation.ch\/fr\/produit\/piece-detachee-1er-cylindre-du-bloc-n1-nienhuis-montessori\/","name":"Pi\u00e8ce d\u00e9tach\u00e9e: 1er cylindre du bloc N\u00b01 - Nienhuis Montessori","isPartOf":{"@id":"https:\/\/teiaeducation.ch\/fr\/#website"},"primaryImageOfPage":{"@id":"https:\/\/teiaeducation.ch\/fr\/produit\/piece-detachee-1er-cylindre-du-bloc-n1-nienhuis-montessori\/#primaryimage"},"image":{"@id":"https:\/\/teiaeducation.ch\/fr\/produit\/piece-detachee-1er-cylindre-du-bloc-n1-nienhuis-montessori\/#primaryimage"},"thumbnailUrl":"https:\/\/teiaeducation.ch\/wp-content\/uploads\/2019\/05\/400_00190001_main_or_1-scaled-scaled.jpg","datePublished":"2018-12-01T19:49:50+00:00","dateModified":"2022-12-09T19:57:32+00:00","description":"La 1er cylindre est une pi\u00e8ce d\u00e9tach\u00e9e pour le bloc-cylindres Nienhuis Montessori n\u00b0. 1, et est la premi\u00e8re rencontre avec le mat\u00e9riel sensoriel.","breadcrumb":{"@id":"https:\/\/teiaeducation.ch\/fr\/produit\/piece-detachee-1er-cylindre-du-bloc-n1-nienhuis-montessori\/#breadcrumb"},"inLanguage":"fr-FR","potentialAction":[{"@type":"ReadAction","target":["https:\/\/teiaeducation.ch\/fr\/produit\/piece-detachee-1er-cylindre-du-bloc-n1-nienhuis-montessori\/"]}]},{"@type":"ImageObject","inLanguage":"fr-FR","@id":"https:\/\/teiaeducation.ch\/fr\/produit\/piece-detachee-1er-cylindre-du-bloc-n1-nienhuis-montessori\/#primaryimage","url":"https:\/\/teiaeducation.ch\/wp-content\/uploads\/2019\/05\/400_00190001_main_or_1-scaled-scaled.jpg","contentUrl":"https:\/\/teiaeducation.ch\/wp-content\/uploads\/2019\/05\/400_00190001_main_or_1-scaled-scaled.jpg","width":2048,"height":2048,"caption":"1er cylindre du bloc N\u00b01 - Nienhuis Montessori"},{"@type":"BreadcrumbList","@id":"https:\/\/teiaeducation.ch\/fr\/produit\/piece-detachee-1er-cylindre-du-bloc-n1-nienhuis-montessori\/#breadcrumb","itemListElement":[{"@type":"ListItem","position":1,"name":"Home","item":"https:\/\/teiaeducation.ch\/fr\/"},{"@type":"ListItem","position":2,"name":"Boutique Teia Education &amp; Play","item":"https:\/\/teiaeducation.ch\/fr\/boutique\/"},{"@type":"ListItem","position":3,"name":"Supports P\u00e9dagogiques","item":"https:\/\/teiaeducation.ch\/fr\/categorie-produit\/appui-au-curriculum\/"},{"@type":"ListItem","position":4,"name":"Pi\u00e8ces D\u00e9tach\u00e9es","item":"https:\/\/teiaeducation.ch\/fr\/categorie-produit\/appui-au-curriculum\/pieces-detachees-fr\/"},{"@type":"ListItem","position":5,"name":"Pi\u00e8ce d\u00e9tach\u00e9e: 1er cylindre du bloc N\u00b01 &#8211; Nienhuis Montessori"}]},{"@type":"WebSite","@id":"https:\/\/teiaeducation.ch\/fr\/#website","url":"https:\/\/teiaeducation.ch\/fr\/","name":"Sustainable Educational Products &amp; Ecological Toys\u00a0","description":"Specialised Swiss shop selling sustainable educational toys and games, AMI certified Montessori materials, handmade ecological wooden Waldorf toys and arts &amp; crafts supplies, school supplies, children&#039;s furniture and Montessori reference and parenting books.","publisher":{"@id":"https:\/\/teiaeducation.ch\/fr\/#organization"},"alternateName":"Teia Education & Play","potentialAction":[{"@type":"SearchAction","target":{"@type":"EntryPoint","urlTemplate":"https:\/\/teiaeducation.ch\/fr\/?s={search_term_string}"},"query-input":{"@type":"PropertyValueSpecification","valueRequired":true,"valueName":"search_term_string"}}],"inLanguage":"fr-FR"},{"@type":"Organization","@id":"https:\/\/teiaeducation.ch\/fr\/#organization","name":"Teia Education & Play","url":"https:\/\/teiaeducation.ch\/fr\/","logo":{"@type":"ImageObject","inLanguage":"fr-FR","@id":"https:\/\/teiaeducation.ch\/fr\/#\/schema\/logo\/image\/","url":"https:\/\/teiaeducation.ch\/wp-content\/uploads\/2020\/11\/Teia-Education-Switzerland-e1620156442216.jpg","contentUrl":"https:\/\/teiaeducation.ch\/wp-content\/uploads\/2020\/11\/Teia-Education-Switzerland-e1620156442216.jpg","width":166,"height":145,"caption":"Teia Education & Play"},"image":{"@id":"https:\/\/teiaeducation.ch\/fr\/#\/schema\/logo\/image\/"},"sameAs":["https:\/\/www.facebook.com\/teiaeducation\/","https:\/\/x.com\/EducationTeia","https:\/\/www.instagram.com\/teia.education\/","https:\/\/www.linkedin.com\/company\/35501660","https:\/\/www.pinterest.ch\/TeiaEducation\/"]}]}},"_links":{"self":[{"href":"https:\/\/teiaeducation.ch\/fr\/wp-json\/wp\/v2\/product\/23043","targetHints":{"allow":["GET"]}}],"collection":[{"href":"https:\/\/teiaeducation.ch\/fr\/wp-json\/wp\/v2\/product"}],"about":[{"href":"https:\/\/teiaeducation.ch\/fr\/wp-json\/wp\/v2\/types\/product"}],"replies":[{"embeddable":true,"href":"https:\/\/teiaeducation.ch\/fr\/wp-json\/wp\/v2\/comments?post=23043"}],"wp:featuredmedia":[{"embeddable":true,"href":"https:\/\/teiaeducation.ch\/fr\/wp-json\/wp\/v2\/media\/14682"}],"wp:attachment":[{"href":"https:\/\/teiaeducation.ch\/fr\/wp-json\/wp\/v2\/media?parent=23043"}],"wp:term":[{"taxonomy":"product_brand","embeddable":true,"href":"https:\/\/teiaeducation.ch\/fr\/wp-json\/wp\/v2\/product_brand?post=23043"},{"taxonomy":"product_cat","embeddable":true,"href":"https:\/\/teiaeducation.ch\/fr\/wp-json\/wp\/v2\/product_cat?post=23043"},{"taxonomy":"product_tag","embeddable":true,"href":"https:\/\/teiaeducation.ch\/fr\/wp-json\/wp\/v2\/product_tag?post=23043"}],"curies":[{"name":"wp","href":"https:\/\/api.w.org\/{rel}","templated":true}]}}