{"id":23044,"date":"2019-11-29T10:52:04","date_gmt":"2019-11-29T09:52:04","guid":{"rendered":"https:\/\/teiaeducation.ch\/product\/mandala-nids-dabeilles-jaunes-grapat\/"},"modified":"2024-12-13T07:47:17","modified_gmt":"2024-12-13T06:47:17","slug":"mandala-nids-dabeilles-jaunes-grapat","status":"publish","type":"product","link":"https:\/\/teiaeducation.ch\/fr\/produit\/mandala-nids-dabeilles-jaunes-grapat\/","title":{"rendered":"Mandala nids d&#8217;abeilles jaunes &#8211; Grapat"},"content":{"rendered":"<p>Mandala nids d&#8217;abeilles jaunes &#8211; Grapat<\/p>\n<p>L&#8217;ensemble de <a href=\"\/?product_cat=pieces-libres\">pi\u00e8ces libres<\/a> Mandala\u00a0nids d&#8217;abeilles jaunes de Grapat comprend 3 ensembles de 12 nids d&#8217;abeilles dans trois teintes de jaune diff\u00e9rentes. Tous les nids d&#8217;abeilles sont enti\u00e8rement fabriqu\u00e9s de bois \u00e0 la main.<\/p>\n<p>Ce mat\u00e9riel convient aux enfants \u00e2g\u00e9s de 36 mois et plus.<\/p>\n","protected":false},"excerpt":{"rendered":"<p>Num\u00e9ro d&#8217;article: 18-201<\/p>\n","protected":false},"featured_media":21571,"comment_status":"closed","ping_status":"closed","template":"","meta":[],"product_brand":[],"product_cat":[215,216,17225,23635,18893,22344,1208,1211,13130,626,23020,23021,13140,13147,7595,217,5851,22348,212,1219],"product_tag":[1225,7656,650,1242,1227,1241,23582,23603],"class_list":{"0":"post-23044","1":"product","2":"type-product","3":"status-publish","4":"has-post-thumbnail","6":"product_cat-3-6-ans","7":"product_cat-6-12-ans","8":"product_cat-celebrations-fr","9":"product_cat-collection-dete","10":"product_cat-collection-printemps","11":"product_cat-collections-saisonnieres","12":"product_cat-grapat-fr","13":"product_cat-pieces-libres-mandalas","14":"product_cat-jouer","15":"product_cat-jouets-a-trier","16":"product_cat-jouets-en-bois","17":"product_cat-jouets-waldorf","18":"product_cat-jeu-libre","19":"product_cat-mandalas-en-bois","20":"product_cat-methode-deducation","21":"product_cat-marques","22":"product_cat-nouveautes","23":"product_cat-natur-saisonale-tische","24":"product_cat-tranche-dage","25":"product_cat-waldorf-fr","26":"product_tag-grapat-grapat","27":"product_tag-grapat-mandala-fr","28":"product_tag-jouets-educatifs-suisse","29":"product_tag-jouets-en-bois-fr","30":"product_tag-jouets-ouverts","31":"product_tag-jouets-waldorf","32":"product_tag-open-ended-play-fr","33":"product_tag-wooden-toys-fr","35":"first","36":"instock","37":"taxable","38":"shipping-taxable","39":"purchasable","40":"product-type-simple"},"yoast_head":"<!-- This site is optimized with the Yoast SEO plugin v27.1.1 - https:\/\/yoast.com\/product\/yoast-seo-wordpress\/ -->\n<title>Mandala nids d&#039;abeilles jaunes - Grapat - Teia Education &amp; Play<\/title>\n<meta name=\"description\" content=\"Cet ensemble de pi\u00e8ces libres de Grapat comprend 3 ensembles de 12 nids d&#039;abeilles dans trois teintes de jaune enti\u00e8rement fabriqu\u00e9s de bois \u00e0 la main.\" \/>\n<meta name=\"robots\" content=\"index, follow, max-snippet:-1, max-image-preview:large, max-video-preview:-1\" \/>\n<link rel=\"canonical\" href=\"https:\/\/teiaeducation.ch\/fr\/produit\/mandala-nids-dabeilles-jaunes-grapat\/\" \/>\n<meta property=\"og:locale\" content=\"fr_FR\" \/>\n<meta property=\"og:type\" content=\"article\" \/>\n<meta property=\"og:title\" content=\"Mandala nids d&#039;abeilles jaunes - Grapat - Teia Education &amp; Play\" \/>\n<meta property=\"og:description\" content=\"Cet ensemble de pi\u00e8ces libres de Grapat comprend 3 ensembles de 12 nids d&#039;abeilles dans trois teintes de jaune enti\u00e8rement fabriqu\u00e9s de bois \u00e0 la main.\" \/>\n<meta property=\"og:url\" content=\"https:\/\/teiaeducation.ch\/fr\/produit\/mandala-nids-dabeilles-jaunes-grapat\/\" \/>\n<meta property=\"og:site_name\" content=\"Sustainable Educational Products &amp; Ecological Toys\u00a0\" \/>\n<meta property=\"article:publisher\" content=\"https:\/\/www.facebook.com\/teiaeducation\/\" \/>\n<meta property=\"article:modified_time\" content=\"2024-12-13T06:47:17+00:00\" \/>\n<meta property=\"og:image\" content=\"https:\/\/teiaeducation.ch\/wp-content\/uploads\/2019\/11\/Mandala-yellow-honeycombs-Grapat-scaled-scaled.jpg\" \/>\n\t<meta property=\"og:image:width\" content=\"2048\" \/>\n\t<meta property=\"og:image:height\" content=\"1536\" \/>\n\t<meta property=\"og:image:type\" content=\"image\/jpeg\" \/>\n<script type=\"application\/ld+json\" class=\"yoast-schema-graph\">{\"@context\":\"https:\/\/schema.org\",\"@graph\":[{\"@type\":\"WebPage\",\"@id\":\"https:\/\/teiaeducation.ch\/fr\/produit\/mandala-nids-dabeilles-jaunes-grapat\/\",\"url\":\"https:\/\/teiaeducation.ch\/fr\/produit\/mandala-nids-dabeilles-jaunes-grapat\/\",\"name\":\"Mandala nids d'abeilles jaunes - Grapat - Teia Education & Play\",\"isPartOf\":{\"@id\":\"https:\/\/teiaeducation.ch\/fr\/#website\"},\"primaryImageOfPage\":{\"@id\":\"https:\/\/teiaeducation.ch\/fr\/produit\/mandala-nids-dabeilles-jaunes-grapat\/#primaryimage\"},\"image\":{\"@id\":\"https:\/\/teiaeducation.ch\/fr\/produit\/mandala-nids-dabeilles-jaunes-grapat\/#primaryimage\"},\"thumbnailUrl\":\"https:\/\/teiaeducation.ch\/wp-content\/uploads\/2019\/11\/Mandala-yellow-honeycombs-Grapat-scaled-scaled.jpg\",\"datePublished\":\"2019-11-29T09:52:04+00:00\",\"dateModified\":\"2024-12-13T06:47:17+00:00\",\"description\":\"Cet ensemble de pi\u00e8ces libres de Grapat comprend 3 ensembles de 12 nids d'abeilles dans trois teintes de jaune enti\u00e8rement fabriqu\u00e9s de bois \u00e0 la main.\",\"breadcrumb\":{\"@id\":\"https:\/\/teiaeducation.ch\/fr\/produit\/mandala-nids-dabeilles-jaunes-grapat\/#breadcrumb\"},\"inLanguage\":\"fr-FR\",\"potentialAction\":[{\"@type\":\"ReadAction\",\"target\":[\"https:\/\/teiaeducation.ch\/fr\/produit\/mandala-nids-dabeilles-jaunes-grapat\/\"]}]},{\"@type\":\"ImageObject\",\"inLanguage\":\"fr-FR\",\"@id\":\"https:\/\/teiaeducation.ch\/fr\/produit\/mandala-nids-dabeilles-jaunes-grapat\/#primaryimage\",\"url\":\"https:\/\/teiaeducation.ch\/wp-content\/uploads\/2019\/11\/Mandala-yellow-honeycombs-Grapat-scaled-scaled.jpg\",\"contentUrl\":\"https:\/\/teiaeducation.ch\/wp-content\/uploads\/2019\/11\/Mandala-yellow-honeycombs-Grapat-scaled-scaled.jpg\",\"width\":2048,\"height\":1536,\"caption\":\"Mandala nids d'abeilles jaunes - Grapat\"},{\"@type\":\"BreadcrumbList\",\"@id\":\"https:\/\/teiaeducation.ch\/fr\/produit\/mandala-nids-dabeilles-jaunes-grapat\/#breadcrumb\",\"itemListElement\":[{\"@type\":\"ListItem\",\"position\":1,\"name\":\"Home\",\"item\":\"https:\/\/teiaeducation.ch\/fr\/\"},{\"@type\":\"ListItem\",\"position\":2,\"name\":\"Boutique Teia Education &amp; Play\",\"item\":\"https:\/\/teiaeducation.ch\/fr\/boutique\/\"},{\"@type\":\"ListItem\",\"position\":3,\"name\":\"Nos Marques\",\"item\":\"https:\/\/teiaeducation.ch\/fr\/categorie-produit\/marques\/\"},{\"@type\":\"ListItem\",\"position\":4,\"name\":\"Grapat\",\"item\":\"https:\/\/teiaeducation.ch\/fr\/categorie-produit\/marques\/grapat-fr\/\"},{\"@type\":\"ListItem\",\"position\":5,\"name\":\"Grapat Pi\u00e8ces Libres &amp; Mandalas\",\"item\":\"https:\/\/teiaeducation.ch\/fr\/categorie-produit\/marques\/grapat-fr\/pieces-libres-mandalas\/\"},{\"@type\":\"ListItem\",\"position\":6,\"name\":\"Mandala nids d&#8217;abeilles jaunes &#8211; Grapat\"}]},{\"@type\":\"WebSite\",\"@id\":\"https:\/\/teiaeducation.ch\/fr\/#website\",\"url\":\"https:\/\/teiaeducation.ch\/fr\/\",\"name\":\"Sustainable Educational Products &amp; Ecological Toys\u00a0\",\"description\":\"Specialised Swiss shop selling sustainable educational toys and games, AMI certified Montessori materials, handmade ecological wooden Waldorf toys and arts &amp; crafts supplies, school supplies, children&#039;s furniture and Montessori reference and parenting books.\",\"publisher\":{\"@id\":\"https:\/\/teiaeducation.ch\/fr\/#organization\"},\"alternateName\":\"Teia Education & Play\",\"potentialAction\":[{\"@type\":\"SearchAction\",\"target\":{\"@type\":\"EntryPoint\",\"urlTemplate\":\"https:\/\/teiaeducation.ch\/fr\/?s={search_term_string}\"},\"query-input\":{\"@type\":\"PropertyValueSpecification\",\"valueRequired\":true,\"valueName\":\"search_term_string\"}}],\"inLanguage\":\"fr-FR\"},{\"@type\":\"Organization\",\"@id\":\"https:\/\/teiaeducation.ch\/fr\/#organization\",\"name\":\"Teia Education & Play\",\"url\":\"https:\/\/teiaeducation.ch\/fr\/\",\"logo\":{\"@type\":\"ImageObject\",\"inLanguage\":\"fr-FR\",\"@id\":\"https:\/\/teiaeducation.ch\/fr\/#\/schema\/logo\/image\/\",\"url\":\"https:\/\/teiaeducation.ch\/wp-content\/uploads\/2020\/11\/Teia-Education-Switzerland-e1620156442216.jpg\",\"contentUrl\":\"https:\/\/teiaeducation.ch\/wp-content\/uploads\/2020\/11\/Teia-Education-Switzerland-e1620156442216.jpg\",\"width\":166,\"height\":145,\"caption\":\"Teia Education & Play\"},\"image\":{\"@id\":\"https:\/\/teiaeducation.ch\/fr\/#\/schema\/logo\/image\/\"},\"sameAs\":[\"https:\/\/www.facebook.com\/teiaeducation\/\",\"https:\/\/x.com\/EducationTeia\",\"https:\/\/www.instagram.com\/teia.education\/\",\"https:\/\/www.linkedin.com\/company\/35501660\",\"https:\/\/www.pinterest.ch\/TeiaEducation\/\"]}]}<\/script>\n<!-- \/ Yoast SEO plugin. -->","yoast_head_json":{"title":"Mandala nids d'abeilles jaunes - Grapat - Teia Education & Play","description":"Cet ensemble de pi\u00e8ces libres de Grapat comprend 3 ensembles de 12 nids d'abeilles dans trois teintes de jaune enti\u00e8rement fabriqu\u00e9s de bois \u00e0 la main.","robots":{"index":"index","follow":"follow","max-snippet":"max-snippet:-1","max-image-preview":"max-image-preview:large","max-video-preview":"max-video-preview:-1"},"canonical":"https:\/\/teiaeducation.ch\/fr\/produit\/mandala-nids-dabeilles-jaunes-grapat\/","og_locale":"fr_FR","og_type":"article","og_title":"Mandala nids d'abeilles jaunes - Grapat - Teia Education & Play","og_description":"Cet ensemble de pi\u00e8ces libres de Grapat comprend 3 ensembles de 12 nids d'abeilles dans trois teintes de jaune enti\u00e8rement fabriqu\u00e9s de bois \u00e0 la main.","og_url":"https:\/\/teiaeducation.ch\/fr\/produit\/mandala-nids-dabeilles-jaunes-grapat\/","og_site_name":"Sustainable Educational Products &amp; Ecological Toys\u00a0","article_publisher":"https:\/\/www.facebook.com\/teiaeducation\/","article_modified_time":"2024-12-13T06:47:17+00:00","og_image":[{"width":2048,"height":1536,"url":"https:\/\/teiaeducation.ch\/wp-content\/uploads\/2019\/11\/Mandala-yellow-honeycombs-Grapat-scaled-scaled.jpg","type":"image\/jpeg"}],"schema":{"@context":"https:\/\/schema.org","@graph":[{"@type":"WebPage","@id":"https:\/\/teiaeducation.ch\/fr\/produit\/mandala-nids-dabeilles-jaunes-grapat\/","url":"https:\/\/teiaeducation.ch\/fr\/produit\/mandala-nids-dabeilles-jaunes-grapat\/","name":"Mandala nids d'abeilles jaunes - Grapat - Teia Education & Play","isPartOf":{"@id":"https:\/\/teiaeducation.ch\/fr\/#website"},"primaryImageOfPage":{"@id":"https:\/\/teiaeducation.ch\/fr\/produit\/mandala-nids-dabeilles-jaunes-grapat\/#primaryimage"},"image":{"@id":"https:\/\/teiaeducation.ch\/fr\/produit\/mandala-nids-dabeilles-jaunes-grapat\/#primaryimage"},"thumbnailUrl":"https:\/\/teiaeducation.ch\/wp-content\/uploads\/2019\/11\/Mandala-yellow-honeycombs-Grapat-scaled-scaled.jpg","datePublished":"2019-11-29T09:52:04+00:00","dateModified":"2024-12-13T06:47:17+00:00","description":"Cet ensemble de pi\u00e8ces libres de Grapat comprend 3 ensembles de 12 nids d'abeilles dans trois teintes de jaune enti\u00e8rement fabriqu\u00e9s de bois \u00e0 la main.","breadcrumb":{"@id":"https:\/\/teiaeducation.ch\/fr\/produit\/mandala-nids-dabeilles-jaunes-grapat\/#breadcrumb"},"inLanguage":"fr-FR","potentialAction":[{"@type":"ReadAction","target":["https:\/\/teiaeducation.ch\/fr\/produit\/mandala-nids-dabeilles-jaunes-grapat\/"]}]},{"@type":"ImageObject","inLanguage":"fr-FR","@id":"https:\/\/teiaeducation.ch\/fr\/produit\/mandala-nids-dabeilles-jaunes-grapat\/#primaryimage","url":"https:\/\/teiaeducation.ch\/wp-content\/uploads\/2019\/11\/Mandala-yellow-honeycombs-Grapat-scaled-scaled.jpg","contentUrl":"https:\/\/teiaeducation.ch\/wp-content\/uploads\/2019\/11\/Mandala-yellow-honeycombs-Grapat-scaled-scaled.jpg","width":2048,"height":1536,"caption":"Mandala nids d'abeilles jaunes - Grapat"},{"@type":"BreadcrumbList","@id":"https:\/\/teiaeducation.ch\/fr\/produit\/mandala-nids-dabeilles-jaunes-grapat\/#breadcrumb","itemListElement":[{"@type":"ListItem","position":1,"name":"Home","item":"https:\/\/teiaeducation.ch\/fr\/"},{"@type":"ListItem","position":2,"name":"Boutique Teia Education &amp; Play","item":"https:\/\/teiaeducation.ch\/fr\/boutique\/"},{"@type":"ListItem","position":3,"name":"Nos Marques","item":"https:\/\/teiaeducation.ch\/fr\/categorie-produit\/marques\/"},{"@type":"ListItem","position":4,"name":"Grapat","item":"https:\/\/teiaeducation.ch\/fr\/categorie-produit\/marques\/grapat-fr\/"},{"@type":"ListItem","position":5,"name":"Grapat Pi\u00e8ces Libres &amp; Mandalas","item":"https:\/\/teiaeducation.ch\/fr\/categorie-produit\/marques\/grapat-fr\/pieces-libres-mandalas\/"},{"@type":"ListItem","position":6,"name":"Mandala nids d&#8217;abeilles jaunes &#8211; Grapat"}]},{"@type":"WebSite","@id":"https:\/\/teiaeducation.ch\/fr\/#website","url":"https:\/\/teiaeducation.ch\/fr\/","name":"Sustainable Educational Products &amp; Ecological Toys\u00a0","description":"Specialised Swiss shop selling sustainable educational toys and games, AMI certified Montessori materials, handmade ecological wooden Waldorf toys and arts &amp; crafts supplies, school supplies, children&#039;s furniture and Montessori reference and parenting books.","publisher":{"@id":"https:\/\/teiaeducation.ch\/fr\/#organization"},"alternateName":"Teia Education & Play","potentialAction":[{"@type":"SearchAction","target":{"@type":"EntryPoint","urlTemplate":"https:\/\/teiaeducation.ch\/fr\/?s={search_term_string}"},"query-input":{"@type":"PropertyValueSpecification","valueRequired":true,"valueName":"search_term_string"}}],"inLanguage":"fr-FR"},{"@type":"Organization","@id":"https:\/\/teiaeducation.ch\/fr\/#organization","name":"Teia Education & Play","url":"https:\/\/teiaeducation.ch\/fr\/","logo":{"@type":"ImageObject","inLanguage":"fr-FR","@id":"https:\/\/teiaeducation.ch\/fr\/#\/schema\/logo\/image\/","url":"https:\/\/teiaeducation.ch\/wp-content\/uploads\/2020\/11\/Teia-Education-Switzerland-e1620156442216.jpg","contentUrl":"https:\/\/teiaeducation.ch\/wp-content\/uploads\/2020\/11\/Teia-Education-Switzerland-e1620156442216.jpg","width":166,"height":145,"caption":"Teia Education & Play"},"image":{"@id":"https:\/\/teiaeducation.ch\/fr\/#\/schema\/logo\/image\/"},"sameAs":["https:\/\/www.facebook.com\/teiaeducation\/","https:\/\/x.com\/EducationTeia","https:\/\/www.instagram.com\/teia.education\/","https:\/\/www.linkedin.com\/company\/35501660","https:\/\/www.pinterest.ch\/TeiaEducation\/"]}]}},"_links":{"self":[{"href":"https:\/\/teiaeducation.ch\/fr\/wp-json\/wp\/v2\/product\/23044","targetHints":{"allow":["GET"]}}],"collection":[{"href":"https:\/\/teiaeducation.ch\/fr\/wp-json\/wp\/v2\/product"}],"about":[{"href":"https:\/\/teiaeducation.ch\/fr\/wp-json\/wp\/v2\/types\/product"}],"replies":[{"embeddable":true,"href":"https:\/\/teiaeducation.ch\/fr\/wp-json\/wp\/v2\/comments?post=23044"}],"wp:featuredmedia":[{"embeddable":true,"href":"https:\/\/teiaeducation.ch\/fr\/wp-json\/wp\/v2\/media\/21571"}],"wp:attachment":[{"href":"https:\/\/teiaeducation.ch\/fr\/wp-json\/wp\/v2\/media?parent=23044"}],"wp:term":[{"taxonomy":"product_brand","embeddable":true,"href":"https:\/\/teiaeducation.ch\/fr\/wp-json\/wp\/v2\/product_brand?post=23044"},{"taxonomy":"product_cat","embeddable":true,"href":"https:\/\/teiaeducation.ch\/fr\/wp-json\/wp\/v2\/product_cat?post=23044"},{"taxonomy":"product_tag","embeddable":true,"href":"https:\/\/teiaeducation.ch\/fr\/wp-json\/wp\/v2\/product_tag?post=23044"}],"curies":[{"name":"wp","href":"https:\/\/api.w.org\/{rel}","templated":true}]}}