{"id":23082,"date":"2019-05-20T22:25:46","date_gmt":"2019-05-20T20:25:46","guid":{"rendered":"https:\/\/teiaeducation.ch\/product\/understanding-the-human-being-nienhuis-montessori\/"},"modified":"2023-09-14T11:28:37","modified_gmt":"2023-09-14T09:28:37","slug":"livre-understanding-the-human-being-silvana-quattrocchi-montanaro","status":"publish","type":"product","link":"https:\/\/teiaeducation.ch\/fr\/produit\/livre-understanding-the-human-being-silvana-quattrocchi-montanaro\/","title":{"rendered":"Livre: understanding the human being &#8211; Silvana Quattrocchi Montanaro"},"content":{"rendered":"<p>Le livre understanding the human being \u00e0 couverture souple \u00e9crit par le Dr Silvana Quattrocchi Montanaro et publi\u00e9 par Nienhuis Montessori USA se concentre sur l&#8217;importance de l&#8217;\u00e9ducation pendant les trois premi\u00e8res ann\u00e9es de la vie pour atteindre un niveau \u00e9lev\u00e9 d&#8217;int\u00e9gration \u00e9motionnelle, intellectuelle et morale.<\/p>\n<p>Ce <a href=\"https:\/\/teiaeducation.ch\/fr\/categorie-produit\/appui-au-curriculum\/livres-appui-au-curriculum\/livres-montessori\/\">livre de r\u00e9f\u00e9rence<\/a> est indispensable \u00e0 tout <a href=\"https:\/\/teiaeducation.ch\/fr\/fournitures-scolaires\/fournitures-pour-les-ecoles-montessori\/\">professionnel<\/a> de la <a href=\"https:\/\/teiaeducation.ch\/fr\/categorie-produit\/methode-deducation\/montessori-fr\/\">p\u00e9dagogie Montessori<\/a> ou aux parents qui souhaitent mettre en \u0153uvre la p\u00e9dagogie Montessori \u00e0 la maison.<\/p>\n<p>Contenu :<\/p>\n<p>1 livre \u00e0 couverture souple &#8211; 166 pages &#8211; \u00e9dition 1991<\/p>\n<h1>\u00c0 propos de Nienhuis Montessori<\/h1>\n<p>La marque n\u00e9erlandaise Nienhuis Montessori est la premi\u00e8re marque Montessori au monde, qui honore et poursuit l\u2019h\u00e9ritage de Maria Montessori, et fabrique la gamme la plus large et la plus innovante de mat\u00e9riaux, de meubles et de produits Montessori. Les produits de haute qualit\u00e9 de Nienhuis Montessori fournissent aux enfants les outils dont ils ont besoin pour devenir ind\u00e9pendants et avoir un esprit critique. Tout les mat\u00e9riaux, le <a href=\"https:\/\/teiaeducation.ch\/fr\/categorie-produit\/materiel-indispensable\/meubles-montessori\/\">mobilier<\/a> et le mat\u00e9riel p\u00e9dagogique de Nienhuis Montessori sont certifi\u00e9s par le comit\u00e9 des mat\u00e9riaux de l\u2019Association Montessori Internationale (<a href=\"https:\/\/montessori-ami.org\/\">AMI<\/a>) et sont m\u00e9ticuleusement con\u00e7us pour isoler les difficult\u00e9s afin que les enfants puissent se concentrer, se ma\u00eetriser et s\u2019\u00e9panouir.<\/p>\n<p><a href=\"https:\/\/teiaeducation.ch\/fr\/categorie-produit\/marques\/nienhuis-montessori-materiel-fr\/\">Nienhuis Montessori<\/a>\u00a0est l\u2019une des marques g\u00e9r\u00e9es par la soci\u00e9t\u00e9 n\u00e9erlandaise Heutink International, qui fournit les meilleures marques \u00e9ducatives, qui sont orient\u00e9es vers l\u2019apprentissage par le jeu.<\/p>\n","protected":false},"excerpt":{"rendered":"<p>Num\u00e9ro d&#8217;article: 531500<\/p>\n<p>Le livre Montessori understanding the human being de Silvana Montanaro se concentre sur l&#8217;importance de l&#8217;\u00e9ducation dans les 3 premi\u00e8res ann\u00e9es de la vie.<\/p>\n","protected":false},"featured_media":13962,"comment_status":"closed","ping_status":"closed","template":"","meta":[],"product_brand":[],"product_cat":[208,8526,8572,1220,271,311,20666,20667,8567,7595,1218,207,217,292,212],"product_tag":[7687,7689,7608,1381,803,7677,7646,7688],"class_list":{"0":"post-23082","1":"product","2":"type-product","3":"status-publish","4":"has-post-thumbnail","6":"product_cat-1-3-ans","7":"product_cat-fournitures-scolaires-a-domicile","8":"product_cat-jeu-et-apprentissage-pour-bebes-et-jeunes-enfants","9":"product_cat-traditionnelle","10":"product_cat-livres","11":"product_cat-livres-appui-au-curriculum","12":"product_cat-livres-montessori","13":"product_cat-livres-sur-la-parentalite","14":"product_cat-materiel-scolaire-montessori","15":"product_cat-methode-deducation","16":"product_cat-montessori-fr","17":"product_cat-nienhuis-montessori-materiel-fr","18":"product_cat-marques","19":"product_cat-appui-au-curriculum","20":"product_cat-tranche-dage","21":"product_tag-clio-fr","22":"product_tag-ecrit-par-le-dr-silvana-quattrocchi-montanaro","23":"product_tag-livres-et-plus","24":"product_tag-livres-montessori","25":"product_tag-nienhuis-montessori-fr","26":"product_tag-pour-les-parents","27":"product_tag-reference-fr","28":"product_tag-understanding-the-human-being-fr","30":"first","31":"instock","32":"taxable","33":"shipping-taxable","34":"purchasable","35":"product-type-simple"},"yoast_head":"<!-- This site is optimized with the Yoast SEO plugin v27.1.1 - https:\/\/yoast.com\/product\/yoast-seo-wordpress\/ -->\n<title>Understanding the human being - Silvana Quattrocchi Montanaro<\/title>\n<meta name=\"description\" content=\"Le livre Montessori understanding the human being de Silvana Montanaro se concentre sur l&#039;importance de l&#039;\u00e9ducation dans les 3 premi\u00e8res ann\u00e9es de la vie.\" \/>\n<meta name=\"robots\" content=\"index, follow, max-snippet:-1, max-image-preview:large, max-video-preview:-1\" \/>\n<link rel=\"canonical\" href=\"https:\/\/teiaeducation.ch\/fr\/produit\/livre-understanding-the-human-being-silvana-quattrocchi-montanaro\/\" \/>\n<meta property=\"og:locale\" content=\"fr_FR\" \/>\n<meta property=\"og:type\" content=\"article\" \/>\n<meta property=\"og:title\" content=\"Understanding the human being - Silvana Quattrocchi Montanaro\" \/>\n<meta property=\"og:description\" content=\"Le livre Montessori understanding the human being de Silvana Montanaro se concentre sur l&#039;importance de l&#039;\u00e9ducation dans les 3 premi\u00e8res ann\u00e9es de la vie.\" \/>\n<meta property=\"og:url\" content=\"https:\/\/teiaeducation.ch\/fr\/produit\/livre-understanding-the-human-being-silvana-quattrocchi-montanaro\/\" \/>\n<meta property=\"og:site_name\" content=\"Sustainable Educational Products &amp; Ecological Toys\u00a0\" \/>\n<meta property=\"article:publisher\" content=\"https:\/\/www.facebook.com\/teiaeducation\/\" \/>\n<meta property=\"article:modified_time\" content=\"2023-09-14T09:28:37+00:00\" \/>\n<meta property=\"og:image\" content=\"https:\/\/teiaeducation.ch\/wp-content\/uploads\/2019\/05\/400_531500_main_or_1-scaled-scaled.jpg\" \/>\n\t<meta property=\"og:image:width\" content=\"2048\" \/>\n\t<meta property=\"og:image:height\" content=\"2048\" \/>\n\t<meta property=\"og:image:type\" content=\"image\/jpeg\" \/>\n<script type=\"application\/ld+json\" class=\"yoast-schema-graph\">{\"@context\":\"https:\/\/schema.org\",\"@graph\":[{\"@type\":\"WebPage\",\"@id\":\"https:\/\/teiaeducation.ch\/fr\/produit\/livre-understanding-the-human-being-silvana-quattrocchi-montanaro\/\",\"url\":\"https:\/\/teiaeducation.ch\/fr\/produit\/livre-understanding-the-human-being-silvana-quattrocchi-montanaro\/\",\"name\":\"Understanding the human being - Silvana Quattrocchi Montanaro\",\"isPartOf\":{\"@id\":\"https:\/\/teiaeducation.ch\/fr\/#website\"},\"primaryImageOfPage\":{\"@id\":\"https:\/\/teiaeducation.ch\/fr\/produit\/livre-understanding-the-human-being-silvana-quattrocchi-montanaro\/#primaryimage\"},\"image\":{\"@id\":\"https:\/\/teiaeducation.ch\/fr\/produit\/livre-understanding-the-human-being-silvana-quattrocchi-montanaro\/#primaryimage\"},\"thumbnailUrl\":\"https:\/\/teiaeducation.ch\/wp-content\/uploads\/2019\/05\/400_531500_main_or_1-scaled-scaled.jpg\",\"datePublished\":\"2019-05-20T20:25:46+00:00\",\"dateModified\":\"2023-09-14T09:28:37+00:00\",\"description\":\"Le livre Montessori understanding the human being de Silvana Montanaro se concentre sur l'importance de l'\u00e9ducation dans les 3 premi\u00e8res ann\u00e9es de la vie.\",\"breadcrumb\":{\"@id\":\"https:\/\/teiaeducation.ch\/fr\/produit\/livre-understanding-the-human-being-silvana-quattrocchi-montanaro\/#breadcrumb\"},\"inLanguage\":\"fr-FR\",\"potentialAction\":[{\"@type\":\"ReadAction\",\"target\":[\"https:\/\/teiaeducation.ch\/fr\/produit\/livre-understanding-the-human-being-silvana-quattrocchi-montanaro\/\"]}]},{\"@type\":\"ImageObject\",\"inLanguage\":\"fr-FR\",\"@id\":\"https:\/\/teiaeducation.ch\/fr\/produit\/livre-understanding-the-human-being-silvana-quattrocchi-montanaro\/#primaryimage\",\"url\":\"https:\/\/teiaeducation.ch\/wp-content\/uploads\/2019\/05\/400_531500_main_or_1-scaled-scaled.jpg\",\"contentUrl\":\"https:\/\/teiaeducation.ch\/wp-content\/uploads\/2019\/05\/400_531500_main_or_1-scaled-scaled.jpg\",\"width\":2048,\"height\":2048,\"caption\":\"Understanding The Human Being - Nienhuis Montessori\"},{\"@type\":\"BreadcrumbList\",\"@id\":\"https:\/\/teiaeducation.ch\/fr\/produit\/livre-understanding-the-human-being-silvana-quattrocchi-montanaro\/#breadcrumb\",\"itemListElement\":[{\"@type\":\"ListItem\",\"position\":1,\"name\":\"Home\",\"item\":\"https:\/\/teiaeducation.ch\/fr\/\"},{\"@type\":\"ListItem\",\"position\":2,\"name\":\"Boutique Teia Education &amp; Play\",\"item\":\"https:\/\/teiaeducation.ch\/fr\/boutique\/\"},{\"@type\":\"ListItem\",\"position\":3,\"name\":\"Nos Marques\",\"item\":\"https:\/\/teiaeducation.ch\/fr\/categorie-produit\/marques\/\"},{\"@type\":\"ListItem\",\"position\":4,\"name\":\"Nienhuis Montessori Suisse\",\"item\":\"https:\/\/teiaeducation.ch\/fr\/categorie-produit\/marques\/nienhuis-montessori-materiel-fr\/\"},{\"@type\":\"ListItem\",\"position\":5,\"name\":\"Livres\",\"item\":\"https:\/\/teiaeducation.ch\/fr\/categorie-produit\/marques\/nienhuis-montessori-materiel-fr\/livres\/\"},{\"@type\":\"ListItem\",\"position\":6,\"name\":\"Livre: understanding the human being &#8211; Silvana Quattrocchi Montanaro\"}]},{\"@type\":\"WebSite\",\"@id\":\"https:\/\/teiaeducation.ch\/fr\/#website\",\"url\":\"https:\/\/teiaeducation.ch\/fr\/\",\"name\":\"Sustainable Educational Products &amp; Ecological Toys\u00a0\",\"description\":\"Specialised Swiss shop selling sustainable educational toys and games, AMI certified Montessori materials, handmade ecological wooden Waldorf toys and arts &amp; crafts supplies, school supplies, children&#039;s furniture and Montessori reference and parenting books.\",\"publisher\":{\"@id\":\"https:\/\/teiaeducation.ch\/fr\/#organization\"},\"alternateName\":\"Teia Education & Play\",\"potentialAction\":[{\"@type\":\"SearchAction\",\"target\":{\"@type\":\"EntryPoint\",\"urlTemplate\":\"https:\/\/teiaeducation.ch\/fr\/?s={search_term_string}\"},\"query-input\":{\"@type\":\"PropertyValueSpecification\",\"valueRequired\":true,\"valueName\":\"search_term_string\"}}],\"inLanguage\":\"fr-FR\"},{\"@type\":\"Organization\",\"@id\":\"https:\/\/teiaeducation.ch\/fr\/#organization\",\"name\":\"Teia Education & Play\",\"url\":\"https:\/\/teiaeducation.ch\/fr\/\",\"logo\":{\"@type\":\"ImageObject\",\"inLanguage\":\"fr-FR\",\"@id\":\"https:\/\/teiaeducation.ch\/fr\/#\/schema\/logo\/image\/\",\"url\":\"https:\/\/teiaeducation.ch\/wp-content\/uploads\/2020\/11\/Teia-Education-Switzerland-e1620156442216.jpg\",\"contentUrl\":\"https:\/\/teiaeducation.ch\/wp-content\/uploads\/2020\/11\/Teia-Education-Switzerland-e1620156442216.jpg\",\"width\":166,\"height\":145,\"caption\":\"Teia Education & Play\"},\"image\":{\"@id\":\"https:\/\/teiaeducation.ch\/fr\/#\/schema\/logo\/image\/\"},\"sameAs\":[\"https:\/\/www.facebook.com\/teiaeducation\/\",\"https:\/\/x.com\/EducationTeia\",\"https:\/\/www.instagram.com\/teia.education\/\",\"https:\/\/www.linkedin.com\/company\/35501660\",\"https:\/\/www.pinterest.ch\/TeiaEducation\/\"]}]}<\/script>\n<!-- \/ Yoast SEO plugin. -->","yoast_head_json":{"title":"Understanding the human being - Silvana Quattrocchi Montanaro","description":"Le livre Montessori understanding the human being de Silvana Montanaro se concentre sur l'importance de l'\u00e9ducation dans les 3 premi\u00e8res ann\u00e9es de la vie.","robots":{"index":"index","follow":"follow","max-snippet":"max-snippet:-1","max-image-preview":"max-image-preview:large","max-video-preview":"max-video-preview:-1"},"canonical":"https:\/\/teiaeducation.ch\/fr\/produit\/livre-understanding-the-human-being-silvana-quattrocchi-montanaro\/","og_locale":"fr_FR","og_type":"article","og_title":"Understanding the human being - Silvana Quattrocchi Montanaro","og_description":"Le livre Montessori understanding the human being de Silvana Montanaro se concentre sur l'importance de l'\u00e9ducation dans les 3 premi\u00e8res ann\u00e9es de la vie.","og_url":"https:\/\/teiaeducation.ch\/fr\/produit\/livre-understanding-the-human-being-silvana-quattrocchi-montanaro\/","og_site_name":"Sustainable Educational Products &amp; Ecological Toys\u00a0","article_publisher":"https:\/\/www.facebook.com\/teiaeducation\/","article_modified_time":"2023-09-14T09:28:37+00:00","og_image":[{"width":2048,"height":2048,"url":"https:\/\/teiaeducation.ch\/wp-content\/uploads\/2019\/05\/400_531500_main_or_1-scaled-scaled.jpg","type":"image\/jpeg"}],"schema":{"@context":"https:\/\/schema.org","@graph":[{"@type":"WebPage","@id":"https:\/\/teiaeducation.ch\/fr\/produit\/livre-understanding-the-human-being-silvana-quattrocchi-montanaro\/","url":"https:\/\/teiaeducation.ch\/fr\/produit\/livre-understanding-the-human-being-silvana-quattrocchi-montanaro\/","name":"Understanding the human being - Silvana Quattrocchi Montanaro","isPartOf":{"@id":"https:\/\/teiaeducation.ch\/fr\/#website"},"primaryImageOfPage":{"@id":"https:\/\/teiaeducation.ch\/fr\/produit\/livre-understanding-the-human-being-silvana-quattrocchi-montanaro\/#primaryimage"},"image":{"@id":"https:\/\/teiaeducation.ch\/fr\/produit\/livre-understanding-the-human-being-silvana-quattrocchi-montanaro\/#primaryimage"},"thumbnailUrl":"https:\/\/teiaeducation.ch\/wp-content\/uploads\/2019\/05\/400_531500_main_or_1-scaled-scaled.jpg","datePublished":"2019-05-20T20:25:46+00:00","dateModified":"2023-09-14T09:28:37+00:00","description":"Le livre Montessori understanding the human being de Silvana Montanaro se concentre sur l'importance de l'\u00e9ducation dans les 3 premi\u00e8res ann\u00e9es de la vie.","breadcrumb":{"@id":"https:\/\/teiaeducation.ch\/fr\/produit\/livre-understanding-the-human-being-silvana-quattrocchi-montanaro\/#breadcrumb"},"inLanguage":"fr-FR","potentialAction":[{"@type":"ReadAction","target":["https:\/\/teiaeducation.ch\/fr\/produit\/livre-understanding-the-human-being-silvana-quattrocchi-montanaro\/"]}]},{"@type":"ImageObject","inLanguage":"fr-FR","@id":"https:\/\/teiaeducation.ch\/fr\/produit\/livre-understanding-the-human-being-silvana-quattrocchi-montanaro\/#primaryimage","url":"https:\/\/teiaeducation.ch\/wp-content\/uploads\/2019\/05\/400_531500_main_or_1-scaled-scaled.jpg","contentUrl":"https:\/\/teiaeducation.ch\/wp-content\/uploads\/2019\/05\/400_531500_main_or_1-scaled-scaled.jpg","width":2048,"height":2048,"caption":"Understanding The Human Being - Nienhuis Montessori"},{"@type":"BreadcrumbList","@id":"https:\/\/teiaeducation.ch\/fr\/produit\/livre-understanding-the-human-being-silvana-quattrocchi-montanaro\/#breadcrumb","itemListElement":[{"@type":"ListItem","position":1,"name":"Home","item":"https:\/\/teiaeducation.ch\/fr\/"},{"@type":"ListItem","position":2,"name":"Boutique Teia Education &amp; Play","item":"https:\/\/teiaeducation.ch\/fr\/boutique\/"},{"@type":"ListItem","position":3,"name":"Nos Marques","item":"https:\/\/teiaeducation.ch\/fr\/categorie-produit\/marques\/"},{"@type":"ListItem","position":4,"name":"Nienhuis Montessori Suisse","item":"https:\/\/teiaeducation.ch\/fr\/categorie-produit\/marques\/nienhuis-montessori-materiel-fr\/"},{"@type":"ListItem","position":5,"name":"Livres","item":"https:\/\/teiaeducation.ch\/fr\/categorie-produit\/marques\/nienhuis-montessori-materiel-fr\/livres\/"},{"@type":"ListItem","position":6,"name":"Livre: understanding the human being &#8211; Silvana Quattrocchi Montanaro"}]},{"@type":"WebSite","@id":"https:\/\/teiaeducation.ch\/fr\/#website","url":"https:\/\/teiaeducation.ch\/fr\/","name":"Sustainable Educational Products &amp; Ecological Toys\u00a0","description":"Specialised Swiss shop selling sustainable educational toys and games, AMI certified Montessori materials, handmade ecological wooden Waldorf toys and arts &amp; crafts supplies, school supplies, children&#039;s furniture and Montessori reference and parenting books.","publisher":{"@id":"https:\/\/teiaeducation.ch\/fr\/#organization"},"alternateName":"Teia Education & Play","potentialAction":[{"@type":"SearchAction","target":{"@type":"EntryPoint","urlTemplate":"https:\/\/teiaeducation.ch\/fr\/?s={search_term_string}"},"query-input":{"@type":"PropertyValueSpecification","valueRequired":true,"valueName":"search_term_string"}}],"inLanguage":"fr-FR"},{"@type":"Organization","@id":"https:\/\/teiaeducation.ch\/fr\/#organization","name":"Teia Education & Play","url":"https:\/\/teiaeducation.ch\/fr\/","logo":{"@type":"ImageObject","inLanguage":"fr-FR","@id":"https:\/\/teiaeducation.ch\/fr\/#\/schema\/logo\/image\/","url":"https:\/\/teiaeducation.ch\/wp-content\/uploads\/2020\/11\/Teia-Education-Switzerland-e1620156442216.jpg","contentUrl":"https:\/\/teiaeducation.ch\/wp-content\/uploads\/2020\/11\/Teia-Education-Switzerland-e1620156442216.jpg","width":166,"height":145,"caption":"Teia Education & Play"},"image":{"@id":"https:\/\/teiaeducation.ch\/fr\/#\/schema\/logo\/image\/"},"sameAs":["https:\/\/www.facebook.com\/teiaeducation\/","https:\/\/x.com\/EducationTeia","https:\/\/www.instagram.com\/teia.education\/","https:\/\/www.linkedin.com\/company\/35501660","https:\/\/www.pinterest.ch\/TeiaEducation\/"]}]}},"_links":{"self":[{"href":"https:\/\/teiaeducation.ch\/fr\/wp-json\/wp\/v2\/product\/23082","targetHints":{"allow":["GET"]}}],"collection":[{"href":"https:\/\/teiaeducation.ch\/fr\/wp-json\/wp\/v2\/product"}],"about":[{"href":"https:\/\/teiaeducation.ch\/fr\/wp-json\/wp\/v2\/types\/product"}],"replies":[{"embeddable":true,"href":"https:\/\/teiaeducation.ch\/fr\/wp-json\/wp\/v2\/comments?post=23082"}],"wp:featuredmedia":[{"embeddable":true,"href":"https:\/\/teiaeducation.ch\/fr\/wp-json\/wp\/v2\/media\/13962"}],"wp:attachment":[{"href":"https:\/\/teiaeducation.ch\/fr\/wp-json\/wp\/v2\/media?parent=23082"}],"wp:term":[{"taxonomy":"product_brand","embeddable":true,"href":"https:\/\/teiaeducation.ch\/fr\/wp-json\/wp\/v2\/product_brand?post=23082"},{"taxonomy":"product_cat","embeddable":true,"href":"https:\/\/teiaeducation.ch\/fr\/wp-json\/wp\/v2\/product_cat?post=23082"},{"taxonomy":"product_tag","embeddable":true,"href":"https:\/\/teiaeducation.ch\/fr\/wp-json\/wp\/v2\/product_tag?post=23082"}],"curies":[{"name":"wp","href":"https:\/\/api.w.org\/{rel}","templated":true}]}}